{"id":86,"date":"2024-06-11T17:44:19","date_gmt":"2024-06-11T17:44:19","guid":{"rendered":"https:\/\/rfid-laundry-tag.com\/?post_type=product&#038;p=86"},"modified":"2024-06-11T17:52:29","modified_gmt":"2024-06-11T17:52:29","slug":"125khz-pps-rfid-laundry-tag","status":"publish","type":"product","link":"https:\/\/rfid-laundry-tag.com\/vi\/125khz-pps-rfid-laundry-tag\/","title":{"rendered":"Th\u1ebb gi\u1eb7t PPS RFID 125kHz"},"content":{"rendered":"<div class=\"J_module\">\n<div class=\"ife-detail-decorate-table\">\n<table style=\"border-collapse: collapse; width: 451.23pt;\" border=\"0\" width=\"752\" cellspacing=\"0\" cellpadding=\"0\">\n<tbody>\n<tr style=\"height: 28.00pt;\">\n<td class=\"et2\" style=\"height: 28.00pt; width: 138.60pt;\" width=\"231\" height=\"46\">T\u00ean m\u1eb7t h\u00e0ng<\/td>\n<td class=\"et3\" style=\"width: 312.60pt;\" width=\"521\">Th\u1ebb gi\u1eb7t PPS RFID 125kHz<\/td>\n<\/tr>\n<tr style=\"height: 14.40pt;\">\n<td class=\"et3\" style=\"height: 14.40pt; width: 138.60pt;\" width=\"231\" height=\"24\">V\u1eadt li\u1ec7u<\/td>\n<td class=\"et3\" style=\"width: 312.60pt;\" width=\"521\">PPS<\/td>\n<\/tr>\n<tr style=\"height: 14.40pt;\">\n<td class=\"et3\" style=\"height: 14.40pt; width: 138.60pt;\" width=\"231\" height=\"24\">M\u00e0u s\u1eafc<\/td>\n<td class=\"et3\" style=\"width: 312.60pt;\" width=\"521\">\u0110en<\/td>\n<\/tr>\n<tr style=\"height: 14.40pt;\">\n<td class=\"et3\" style=\"height: 14.40pt; width: 138.60pt;\" width=\"231\" height=\"24\">S\u1ed1 l\u01b0\u1ee3ng \u0111\u1eb7t h\u00e0ng t\u1ed1i thi\u1ec3u<\/td>\n<td class=\"et3\" style=\"width: 312.60pt;\" width=\"521\">500 chi\u1ebfc<\/td>\n<\/tr>\n<tr style=\"height: 42.00pt;\">\n<td class=\"et3\" style=\"height: 42.00pt; width: 138.60pt;\" width=\"231\" height=\"70\">Nh\u00e0 s\u1ea3n xu\u1ea5t\/Chip<\/td>\n<td class=\"et3\" style=\"width: 312.60pt;\" width=\"521\">EM4200,TK4100,EM4305,T5577 v.v.<\/td>\n<\/tr>\n<tr style=\"height: 14.40pt;\">\n<td class=\"et3\" style=\"height: 14.40pt; width: 138.60pt;\" width=\"231\" height=\"24\">T\u00ednh th\u01b0\u1eddng xuy\u00ean<\/td>\n<td class=\"et3\" style=\"width: 312.60pt;\" width=\"521\">125Khz<\/td>\n<\/tr>\n<tr style=\"height: 70.00pt;\">\n<td class=\"et3\" style=\"height: 70.00pt; width: 138.60pt;\" width=\"231\" height=\"116\">K\u00edch c\u1ee1<\/td>\n<td class=\"et3\" style=\"width: 312.60pt;\" width=\"521\">\u0110\u01b0\u1eddng k\u00ednh 14mm, \u0110\u01b0\u1eddng k\u00ednh 15mm, \u0110\u01b0\u1eddng k\u00ednh 18mm, \u0110\u01b0\u1eddng k\u00ednh 20mm, \u0110\u01b0\u1eddng k\u00ednh 22mm, \u0110\u01b0\u1eddng k\u00ednh 24mm, \u0110\u01b0\u1eddng k\u00ednh 30mm, v.v.<\/td>\n<\/tr>\n<tr style=\"height: 14.40pt;\">\n<td class=\"et3\" style=\"height: 14.40pt; width: 138.60pt;\" width=\"231\" height=\"24\">Kho\u1ea3ng c\u00e1ch \u0111\u1ecdc<\/td>\n<td class=\"et3\" style=\"width: 312.60pt;\" width=\"521\">1~5cm<\/td>\n<\/tr>\n<tr style=\"height: 14.40pt;\">\n<td class=\"et3\" style=\"height: 14.40pt; width: 138.60pt;\" width=\"231\" height=\"24\">Ch\u1ebf \u0111\u1ed9 l\u00e0m vi\u1ec7c<\/td>\n<td class=\"et3\" style=\"width: 312.60pt;\" width=\"521\">th\u1ee5 \u0111\u1ed9ng<\/td>\n<\/tr>\n<tr style=\"height: 14.40pt;\">\n<td class=\"et3\" style=\"height: 14.40pt; width: 138.60pt;\" width=\"231\" height=\"24\">Nhi\u1ec7t \u0111\u1ed9 l\u00e0m vi\u1ec7c<\/td>\n<td class=\"et3\" style=\"width: 312.60pt;\" width=\"521\">-25<span class=\"font0\">\u2103<\/span><span class=\"font2\">~+110<\/span><span class=\"font0\">\u2103<\/span><\/td>\n<\/tr>\n<tr style=\"height: 14.40pt;\">\n<td class=\"et3\" style=\"height: 14.40pt; width: 138.60pt;\" width=\"231\" height=\"24\">Nhi\u1ec7t \u0111\u1ed9 l\u01b0u tr\u1eef<\/td>\n<td class=\"et3\" style=\"width: 312.60pt;\" width=\"521\">-40<span class=\"font0\">\u2103<\/span><span class=\"font2\">~+85<\/span><span class=\"font0\">\u2103<\/span><\/td>\n<\/tr>\n<tr style=\"height: 73.00pt;\">\n<td class=\"et4\" style=\"height: 73.00pt;\" height=\"121\">Th\u00f4ng s\u1ed1 k\u1ef9 thu\u1eadt ho\u1ea1t \u0111\u1ed9ng<\/td>\n<td class=\"et3\" style=\"width: 312.60pt;\" width=\"521\">Kh\u00f4ng th\u1ea5m n\u01b0\u1edbc; ch\u1ecbu \u0111\u01b0\u1ee3c ng\u00e2m trong n\u01b0\u1edbc mu\u1ed1i, c\u1ed3n, d\u1ea7u, 10%HCL; Amoniac; va \u0111\u1eadp v\u00e0 rung \u0111\u1ed9ng<\/td>\n<\/tr>\n<tr style=\"height: 14.40pt;\">\n<td class=\"et3\" style=\"height: 14.40pt; width: 138.60pt;\" width=\"231\" height=\"24\">\u0110\u1eb7c tr\u01b0ng<\/td>\n<td class=\"et3\" style=\"width: 312.60pt;\" width=\"521\">kh\u00f4ng th\u1ea5m n\u01b0\u1edbc, c\u00f3 th\u1ec3 gi\u1eb7t \u0111\u01b0\u1ee3c, ch\u1ecbu \u0111\u01b0\u1ee3c nhi\u1ec7t \u0111\u1ed9 cao<\/td>\n<\/tr>\n<tr style=\"height: 14.40pt;\">\n<td class=\"et3\" style=\"height: 14.40pt; width: 138.60pt;\" width=\"231\" height=\"24\">\u1ee8ng d\u1ee5ng<\/td>\n<td class=\"et3\" style=\"width: 312.60pt;\" width=\"521\">qu\u1ea3n l\u00fd v\u00e0 theo d\u00f5i gi\u1eb7t l\u00e0<\/td>\n<\/tr>\n<\/tbody>\n<\/table>\n<\/div>\n<\/div>\n<div class=\"J_module\">\n<div class=\"detail-decorate-json-renderer-container\">\n<div class=\"magic-1\">\n<div>\n<div><\/div>\n<\/div>\n<div class=\"magic-2\">\n<div>\n<div class=\"auto-hide-last-sibling-br paragraph_1252f paragraph-element\">\n<div class=\"auto-hide-last-sibling-br paragraph_1252f paragraph-element\">Th\u1ebb gi\u1eb7t RFID PPS 125kHz mang l\u1ea1i nhi\u1ec1u l\u1ee3i \u00edch khi \u0111\u01b0\u1ee3c t\u00edch h\u1ee3p v\u00e0o c\u00e1c gi\u1ea3i ph\u00e1p th\u1ebb gi\u1eb7t RFID.<\/div>\n<div class=\"auto-hide-last-sibling-br paragraph_1252f paragraph-element\">Trong s\u1ed1 nh\u1eefng l\u1ee3i \u00edch n\u00e0y c\u00f3:<\/div>\n<p>&nbsp;<\/p>\n<ol class=\"auto-hide-last-sibling-br\">\n<li>Gi\u00e1 tr\u1ef1c ti\u1ebfp t\u1eeb nh\u00e0 m\u00e1y \u0111\u1ea3m b\u1ea3o gi\u1ea3i ph\u00e1p ti\u1ebft ki\u1ec7m chi ph\u00ed.<\/li>\n<li>Ch\u1ea5t l\u01b0\u1ee3ng \u0111\u01b0\u1ee3c \u0111\u1ea3m b\u1ea3o, v\u1edbi th\u1eed nghi\u1ec7m 100% \u0111\u01b0\u1ee3c ti\u1ebfn h\u00e0nh tr\u01b0\u1edbc khi giao h\u00e0ng.<\/li>\n<li>\u0110\u1ed9 tin c\u1eady l\u00e2u d\u00e0i, \u0111\u01b0\u1ee3c ch\u1ee9ng nh\u1eadn v\u01b0\u1ee3t qu\u00e1 200 chu k\u1ef3 gi\u1eb7t ho\u1eb7c t\u1ef1 h\u00e0o c\u00f3 b\u1ea3o h\u00e0nh tu\u1ed5i th\u1ecd 2 n\u0103m sau khi v\u1eadn chuy\u1ec3n.<\/li>\n<li>\u0110\u1ed9 b\u1ec1n v\u01b0\u1ee3t tr\u1ed9i, c\u00f3 kh\u1ea3 n\u0103ng ch\u1ed1ng n\u01b0\u1edbc, nhi\u1ec7t, \u00e1p su\u1ea5t v\u00e0 h\u00f3a ch\u1ea5t.<\/li>\n<li>Ch\u00fang t\u00f4i c\u0169ng cung c\u1ea5p m\u1eabu mi\u1ec5n ph\u00ed \u0111\u1ec3 \u0111\u1ea3m b\u1ea3o ch\u1ea5t l\u01b0\u1ee3ng v\u00e0 th\u1eed nghi\u1ec7m.<\/li>\n<\/ol>\n<div class=\"auto-hide-last-sibling-br paragraph_1252f paragraph-element\">\u1ee8ng d\u1ee5ng th\u1ebb n\u00fat RFID:<\/div>\n<p>&nbsp;<\/p>\n<ol class=\"auto-hide-last-sibling-br\">\n<li>\n<div class=\"auto-hide-last-sibling-br paragraph_1252f paragraph-element\">Gi\u1eb7t l\u00e0 c\u00f4ng nghi\u1ec7p: Trong l\u0129nh v\u1ef1c c\u00f4ng nghi\u1ec7p, vi\u1ec7c s\u1eed d\u1ee5ng N\u00fat th\u1ebb gi\u1eb7t l\u00e0 RFID gi\u00fap theo d\u00f5i s\u1ed1 l\u01b0\u1ee3ng \u0111\u1ed3 v\u1ea3i l\u1edbn tr\u1edf n\u00ean d\u1ec5 d\u00e0ng.<\/div>\n<\/li>\n<li>\n<div class=\"auto-hide-last-sibling-br paragraph_1252f paragraph-element\">B\u1ec7nh vi\u1ec7n v\u00e0 kh\u00e1ch s\u1ea1n: Nh\u1eefng c\u01a1 s\u1edf n\u00e0y th\u01b0\u1eddng x\u1eed l\u00fd kh\u1ed1i l\u01b0\u1ee3ng gi\u1eb7t \u1ee7i l\u1edbn, trong \u0111\u00f3 c\u00e1c th\u1ebb n\u00e0y t\u1ecf ra r\u1ea5t c\u1ea7n thi\u1ebft \u0111\u1ec3 n\u00e2ng cao hi\u1ec7u qu\u1ea3 v\u00e0 h\u1ee3p l\u00fd h\u00f3a vi\u1ec7c qu\u1ea3n l\u00fd h\u00e0ng t\u1ed3n kho.<\/div>\n<\/li>\n<li>\n<div class=\"auto-hide-last-sibling-br paragraph_1252f paragraph-element\">Cho thu\u00ea v\u1ea3i lanh: C\u00e1c c\u00f4ng ty cung c\u1ea5p d\u1ecbch v\u1ee5 cho thu\u00ea v\u1ea3i lanh \u00e1p d\u1ee5ng c\u00e1c th\u1ebb n\u00e0y \u0111\u1ec3 h\u1ed7 tr\u1ee3 \u0111\u01a1n gi\u1ea3n h\u00f3a vi\u1ec7c qu\u1ea3n l\u00fd h\u00e0ng t\u1ed3n kho v\u00e0 \u0111\u1ea3m b\u1ea3o ki\u1ec3m so\u00e1t ch\u1ea5t l\u01b0\u1ee3ng.<\/div>\n<\/li>\n<\/ol>\n<\/div>\n<\/div>\n<\/div>\n<\/div>\n<\/div>\n<\/div>","protected":false},"excerpt":{"rendered":"<div class=\"auto-hide-last-sibling-br paragraph_1252f paragraph-element\">Th\u1ebb RFID n\u00fat PPS 125kHz, \u0111\u01b0\u1ee3c bi\u1ebft \u0111\u1ebfn r\u1ed9ng r\u00e3i l\u00e0 th\u1ebb n\u00fat RFID, l\u00e0 m\u1ed9t thi\u1ebft b\u1ecb \u0111\u01b0\u1ee3c ch\u1ebf t\u1ea1o d\u00e0y \u0111\u1eb7c d\u00e0nh cho c\u00e1c \u1ee9ng d\u1ee5ng y\u00eau c\u1ea7u th\u1ebb c\u00f3 kh\u1ea3 n\u0103ng ch\u1ed1ng ch\u1ecbu c\u00e1c \u0111i\u1ec1u ki\u1ec7n kh\u1eafc nghi\u1ec7t. Ch\u00fang t\u00f4i cung c\u1ea5p nhi\u1ec1u lo\u1ea1i th\u1ebb RFID gi\u1eb7t \u1ee7i s\u1eed d\u1ee5ng t\u1ea7n s\u1ed1 125 kHz LF, 13,56 MHz HF, b\u00ean c\u1ea1nh c\u00e1c t\u1ea7n s\u1ed1 UHF Th\u1ebf h\u1ec7 2.<\/div>\n<div class=\"auto-hide-last-sibling-br paragraph_1252f paragraph-element\">C\u00e1c th\u1ebb RFID gi\u1eb7t \u1ee7i n\u00e0y \u0111\u01b0\u1ee3c x\u00e2y d\u1ef1ng \u0111\u1ec3 t\u1ed3n t\u1ea1i trong c\u00e1c quy tr\u00ecnh gi\u1eb7t \u1ee7i c\u1ee7a kh\u00e1ch s\u1ea1n v\u00e0 t\u1ed5 ch\u1ee9c \u0111\u00f2i h\u1ecfi kh\u1eaft khe, mang l\u1ea1i kh\u1ea3 n\u0103ng ph\u1ee5c h\u1ed3i v\u00e0 kh\u1ea3 n\u0103ng th\u00edch \u1ee9ng v\u1edbi c\u00e1c ph\u01b0\u01a1ng ph\u00e1p kh\u00e1c nhau nh\u01b0 gi\u1eb7t, s\u1ea5y, gi\u1eb7t kh\u00f4 v\u00e0 \u1ee7i.<\/div>","protected":false},"featured_media":87,"template":"","meta":{"_kad_post_transparent":"default","_kad_post_title":"","_kad_post_layout":"default","_kad_post_sidebar_id":"","_kad_post_content_style":"default","_kad_post_vertical_padding":"default","_kad_post_feature":"","_kad_post_feature_position":"","_kad_post_header":false,"_kad_post_footer":false,"_kad_post_classname":""},"product_brand":[],"product_cat":[21,18],"product_tag":[52,51,49],"class_list":{"0":"post-86","1":"product","2":"type-product","3":"status-publish","4":"has-post-thumbnail","6":"product_cat-pps-rfid-laundry-tag","7":"product_cat-125khz-rfid-laundry-tag","8":"product_tag-125khz-pps-rfid-laundry-tag","9":"product_tag-125khz-rfid-laundry-tag","10":"product_tag-button-rfid-tag","12":"first","13":"instock","14":"shipping-taxable","15":"product-type-simple","16":"entry","17":"content-bg","18":"loop-entry"},"_links":{"self":[{"href":"https:\/\/rfid-laundry-tag.com\/vi\/wp-json\/wp\/v2\/product\/86","targetHints":{"allow":["GET"]}}],"collection":[{"href":"https:\/\/rfid-laundry-tag.com\/vi\/wp-json\/wp\/v2\/product"}],"about":[{"href":"https:\/\/rfid-laundry-tag.com\/vi\/wp-json\/wp\/v2\/types\/product"}],"version-history":[{"count":0,"href":"https:\/\/rfid-laundry-tag.com\/vi\/wp-json\/wp\/v2\/product\/86\/revisions"}],"wp:featuredmedia":[{"embeddable":true,"href":"https:\/\/rfid-laundry-tag.com\/vi\/wp-json\/wp\/v2\/media\/87"}],"wp:attachment":[{"href":"https:\/\/rfid-laundry-tag.com\/vi\/wp-json\/wp\/v2\/media?parent=86"}],"wp:term":[{"taxonomy":"product_brand","embeddable":true,"href":"https:\/\/rfid-laundry-tag.com\/vi\/wp-json\/wp\/v2\/product_brand?post=86"},{"taxonomy":"product_cat","embeddable":true,"href":"https:\/\/rfid-laundry-tag.com\/vi\/wp-json\/wp\/v2\/product_cat?post=86"},{"taxonomy":"product_tag","embeddable":true,"href":"https:\/\/rfid-laundry-tag.com\/vi\/wp-json\/wp\/v2\/product_tag?post=86"}],"curies":[{"name":"wp","href":"https:\/\/api.w.org\/{rel}","templated":true}]}}