{"id":83,"date":"2024-06-11T17:35:21","date_gmt":"2024-06-11T17:35:21","guid":{"rendered":"https:\/\/rfid-laundry-tag.com\/?post_type=product&#038;p=83"},"modified":"2024-06-14T16:23:02","modified_gmt":"2024-06-14T16:23:02","slug":"rfid-laundry-button-nfc-tag","status":"publish","type":"product","link":"https:\/\/rfid-laundry-tag.com\/vi\/rfid-laundry-button-nfc-tag\/","title":{"rendered":"N\u00fat gi\u1eb7t RFID Th\u1ebb NFC"},"content":{"rendered":"<div class=\"J_module\">\n<div class=\"ife-detail-decorate-table\">\n<table class=\"has-title all magic-6\">\n<tbody>\n<tr>\n<td colspan=\"1\" rowspan=\"1\">\n<div class=\"magic-7\" data-spm-anchor-id=\"a2700.details.0.i45.77607d98vZbcDU\"><span class=\"magic-8\" style=\"color: #363535;\">T\u00ean m\u1eb7t h\u00e0ng<\/span><\/div>\n<\/td>\n<td colspan=\"1\" rowspan=\"1\">\n<div class=\"magic-9\"><span class=\"magic-8\">N\u00fat gi\u1eb7t RFID Th\u1ebb NFC<\/span><\/div>\n<\/td>\n<\/tr>\n<tr>\n<td colspan=\"1\" rowspan=\"1\">\n<div class=\"magic-7\"><span class=\"magic-10\" data-spm-anchor-id=\"a2700.pc-decorate.0.i10.28d333330XLbTD\"><span class=\"magic-8\">V\u1eadt li\u1ec7u<\/span><\/span><\/div>\n<\/td>\n<td colspan=\"1\" rowspan=\"1\">\n<div class=\"magic-9\"><span class=\"magic-8\">PPS<\/span><\/div>\n<\/td>\n<\/tr>\n<tr>\n<td colspan=\"1\" rowspan=\"1\">\n<div class=\"magic-7\"><span class=\"magic-8\">M\u00e0u s\u1eafc<\/span><\/div>\n<\/td>\n<td colspan=\"1\" rowspan=\"1\">\n<div class=\"magic-9\"><span class=\"magic-8\">\u0110en<\/span><\/div>\n<\/td>\n<\/tr>\n<tr>\n<td colspan=\"1\" rowspan=\"1\">S\u1ed1 l\u01b0\u1ee3ng \u0111\u1eb7t h\u00e0ng t\u1ed1i thi\u1ec3u<\/td>\n<td colspan=\"1\" rowspan=\"1\">500 chi\u1ebfc<\/td>\n<\/tr>\n<tr>\n<td colspan=\"1\" rowspan=\"1\">\n<div class=\"magic-7\"><span class=\"magic-8\">Nh\u00e0 s\u1ea3n xu\u1ea5t\/Chip<\/span><\/div>\n<\/td>\n<td colspan=\"1\" rowspan=\"1\">\n<div class=\"magic-9\"><span class=\"magic-8\">NXP Ntag215, Ntag216, NTAG213, Mifare 1k, Mifare Ultralight ev1, v.v.<\/span><\/div>\n<\/td>\n<\/tr>\n<tr>\n<td colspan=\"1\" rowspan=\"1\">\n<div class=\"magic-7\"><span class=\"magic-8\">T\u00ednh th\u01b0\u1eddng xuy\u00ean<\/span><\/div>\n<\/td>\n<td colspan=\"1\" rowspan=\"1\">\n<div class=\"magic-9\"><span class=\"magic-8\">13,56MHz<\/span><\/div>\n<\/td>\n<\/tr>\n<tr>\n<td colspan=\"1\" rowspan=\"1\">\n<div class=\"magic-7\"><span class=\"magic-8\">K\u00fd \u1ee9c<\/span><\/div>\n<\/td>\n<td colspan=\"1\" rowspan=\"1\">\n<div class=\"magic-9\"><span class=\"magic-8\">504Byte\/888Byte\/144 Byte\/1K Byte\/64 Byte<\/span><\/div>\n<\/td>\n<\/tr>\n<tr>\n<td colspan=\"1\" rowspan=\"1\">\n<div class=\"magic-7\"><span class=\"magic-8\">Kho\u1ea3ng c\u00e1ch \u0111\u1ecdc<\/span><\/div>\n<\/td>\n<td colspan=\"1\" rowspan=\"1\">\n<div class=\"magic-9\"><span class=\"magic-8\">1~5cm<\/span><\/div>\n<\/td>\n<\/tr>\n<tr>\n<td colspan=\"1\" rowspan=\"1\">\n<div class=\"magic-7\"><span class=\"magic-8\">Ch\u1ebf \u0111\u1ed9 l\u00e0m vi\u1ec7c<\/span><\/div>\n<\/td>\n<td colspan=\"1\" rowspan=\"1\">\n<div class=\"magic-9\"><span class=\"magic-8\">th\u1ee5 \u0111\u1ed9ng<\/span><\/div>\n<\/td>\n<\/tr>\n<tr>\n<td colspan=\"1\" rowspan=\"1\">\n<div class=\"magic-7\"><span class=\"magic-8\">Nhi\u1ec7t \u0111\u1ed9 l\u00e0m vi\u1ec7c<\/span><\/div>\n<\/td>\n<td colspan=\"1\" rowspan=\"1\">\n<div class=\"magic-9\"><span class=\"magic-8\">-25\u2103~+110\u2103<\/span><\/div>\n<\/td>\n<\/tr>\n<tr>\n<td colspan=\"1\" rowspan=\"1\">\n<div class=\"magic-7\"><span class=\"magic-8\">Nhi\u1ec7t \u0111\u1ed9 l\u01b0u tr\u1eef<\/span><\/div>\n<\/td>\n<td colspan=\"1\" rowspan=\"1\">\n<div class=\"magic-9\"><span class=\"magic-8\">-40\u2103~+85\u2103<\/span><\/div>\n<\/td>\n<\/tr>\n<tr>\n<td colspan=\"1\" rowspan=\"1\">\n<div class=\"magic-7\">\n<div><span class=\"magic-8\">\u00a0<\/span><\/div>\n<p><span class=\"magic-8\">Kh\u1ea3 n\u0103ng ch\u1ecbu nhi\u1ec7t \u0111\u1ed9 ng\u1eafn h\u1ea1n<\/span><\/p>\n<\/div>\n<\/td>\n<td colspan=\"1\" rowspan=\"1\">\n<div class=\"magic-9\"><span class=\"magic-8\">gi\u1eb7t: 90\u2103, 15 ph\u00fat; s\u1ea5y kh\u00f4 tr\u01b0\u1edbc b\u1eb1ng b\u1ed9 chuy\u1ec3n \u0111\u1ed5i: 180\u2103, 30 ph\u00fat, 200 l\u1ea7n; \u1ee7i: 180\u2103, 10 gi\u00e2y, 200 l\u1ea7n; cao<br \/>\nnhi\u1ec7t \u0111\u1ed9 kh\u1eed tr\u00f9ng: 135\u2103, 20 ph\u00fat<\/span><\/div>\n<\/td>\n<\/tr>\n<tr>\n<td colspan=\"1\" rowspan=\"1\">\n<div class=\"magic-7\"><span class=\"magic-8\">\u0110\u1eb7c tr\u01b0ng<\/span><\/div>\n<\/td>\n<td colspan=\"1\" rowspan=\"1\">\n<div class=\"magic-9\"><span class=\"magic-8\">kh\u00f4ng th\u1ea5m n\u01b0\u1edbc, c\u00f3 th\u1ec3 gi\u1eb7t \u0111\u01b0\u1ee3c, ch\u1ecbu \u0111\u01b0\u1ee3c nhi\u1ec7t \u0111\u1ed9 cao<\/span><\/div>\n<\/td>\n<\/tr>\n<tr>\n<td colspan=\"1\" rowspan=\"1\">\n<div class=\"magic-7\"><span class=\"magic-8\">M\u1ea1ng s\u1ed1ng<\/span><\/div>\n<\/td>\n<td colspan=\"1\" rowspan=\"1\">\n<div class=\"magic-9\"><span class=\"magic-8\">gi\u1eb7t 200 l\u1ea7n ho\u1eb7c 3 n\u0103m<\/span><\/div>\n<\/td>\n<\/tr>\n<tr>\n<td colspan=\"1\" rowspan=\"1\">\n<div class=\"magic-7\"><span class=\"magic-8\">\u1ee8ng d\u1ee5ng<\/span><\/div>\n<\/td>\n<td colspan=\"1\" rowspan=\"1\">\n<div class=\"magic-9\"><span class=\"magic-8\">qu\u1ea3n l\u00fd v\u00e0 theo d\u00f5i gi\u1eb7t l\u00e0<\/span><\/div>\n<\/td>\n<\/tr>\n<\/tbody>\n<\/table>\n<\/div>\n<\/div>\n<div class=\"J_module\">\n<div class=\"detail-decorate-json-renderer-container\">\n<div class=\"magic-1\">\n<div class=\"magic-2\">\n<div class=\"magic-3\">\n<div><\/div>\n<\/div>\n<\/div>\n<p><strong>T\u00f9y ch\u1ecdn chip:<\/strong><\/p>\n<ul>\n<li><strong>NXP UCODE 8\/9:<\/strong>\u00a0Chip ti\u1ebft ki\u1ec7m chi ph\u00ed, l\u00fd t\u01b0\u1edfng cho m\u1ee5c \u0111\u00edch theo d\u00f5i v\u00e0 nh\u1eadn d\u1ea1ng c\u01a1 b\u1ea3n, cung c\u1ea5p ph\u1ea1m vi \u0111\u1ecdc l\u00ean \u0111\u1ebfn 10 m\u00e9t.<\/li>\n<li><strong>NTAG213:<\/strong>\u00a0Chip h\u1ed7 tr\u1ee3 NFC cho ph\u00e9p giao ti\u1ebfp v\u1edbi \u0111i\u1ec7n tho\u1ea1i th\u00f4ng minh v\u00e0 c\u00e1c thi\u1ebft b\u1ecb NFC kh\u00e1c, ho\u00e0n h\u1ea3o cho c\u00e1c \u1ee9ng d\u1ee5ng nh\u01b0 thanh to\u00e1n kh\u00f4ng ti\u1ebfp x\u00fac ho\u1eb7c truy c\u1eadp th\u00f4ng tin s\u1ea3n ph\u1ea9m.<\/li>\n<li><strong>Mifare 1k:<\/strong>\u00a0Chip b\u1ea3o m\u1eadt v\u1edbi t\u00ednh n\u0103ng m\u00e3 h\u00f3a v\u00e0 x\u00e1c th\u1ef1c m\u1ea1nh m\u1ebd, ph\u00f9 h\u1ee3p \u0111\u1ec3 ki\u1ec3m so\u00e1t truy c\u1eadp v\u00e0 l\u01b0u tr\u1eef d\u1eef li\u1ec7u an to\u00e0n.<\/li>\n<li><strong>EM4305:<\/strong>\u00a0Chip gi\u00e1 r\u1ebb d\u00e0nh cho c\u00e1c \u1ee9ng d\u1ee5ng ki\u1ec3m so\u00e1t ra v\u00e0o c\u01a1 b\u1ea3n v\u1edbi ph\u1ea1m vi \u0111\u1ecdc l\u00ean t\u1edbi 1 m\u00e9t.<\/li>\n<li><strong>T5577:<\/strong>\u00a0M\u1ed9t lo\u1ea1i chip gi\u00e1 r\u1ebb kh\u00e1c d\u00e0nh cho h\u1ec7 th\u1ed1ng ki\u1ec3m so\u00e1t ra v\u00e0o v\u00e0 b\u00e1n v\u00e9, c\u00f3 ph\u1ea1m vi \u0111\u1ecdc l\u00ean t\u1edbi 1 m\u00e9t.<\/li>\n<\/ul>\n<h3>\u0110\u1eb7c tr\u01b0ng<\/h3>\n<div id=\"featuresXsp\" class=\"features-list toggle-opacity in\">\n<div class=\"features-xsp\">\n<div class=\"collapse-mobile ste-list-ul\">\n<ul class=\"boxes\">\n<li>Truy\u1ec1n d\u1eef li\u1ec7u v\u00e0 cung c\u1ea5p n\u0103ng l\u01b0\u1ee3ng kh\u00f4ng ti\u1ebfp x\u00fac<\/li>\n<li>T\u1ea7n s\u1ed1 ho\u1ea1t \u0111\u1ed9ng 13,56 MHz<\/li>\n<li>Truy\u1ec1n d\u1eef li\u1ec7u 106 kbit\/gi\u00e2y<\/li>\n<li>T\u00ednh to\u00e0n v\u1eb9n d\u1eef li\u1ec7u c\u1ee7a CRC 16 bit, t\u00ednh ch\u1eb5n l\u1ebb, m\u00e3 h\u00f3a bit, \u0111\u1ebfm bit<\/li>\n<li>Kho\u1ea3ng c\u00e1ch ho\u1ea1t \u0111\u1ed9ng l\u00ean t\u1edbi 100 mm (t\u00f9y thu\u1ed9c v\u00e0o nhi\u1ec1u th\u00f4ng s\u1ed1 kh\u00e1c nhau nh\u01b0 c\u01b0\u1eddng \u0111\u1ed9 tr\u01b0\u1eddng v\u00e0 h\u00ecnh d\u1ea1ng \u0103ng-ten)<\/li>\n<li>S\u1ed1 s\u00ea-ri 7 byte (c\u1ea5p \u0111\u1ed9 x\u1ebfp t\u1ea7ng 2 theo ISO\/IEC 14443-3)<\/li>\n<li>G\u01b0\u01a1ng ASCII UID \u0111\u1ec3 t\u1ef1 \u0111\u1ed9ng tu\u1ea7n t\u1ef1 h\u00f3a c\u00e1c th\u00f4ng \u0111i\u1ec7p NDEF<\/li>\n<li>B\u1ed9 \u0111\u1ebfm NFC t\u1ef1 \u0111\u1ed9ng \u0111\u01b0\u1ee3c k\u00edch ho\u1ea1t khi c\u00f3 l\u1ec7nh \u0111\u1ecdc<\/li>\n<li>B\u1ed9 \u0111\u1ebfm NFC ASCII mirror \u0111\u1ec3 t\u1ef1 \u0111\u1ed9ng th\u00eam gi\u00e1 tr\u1ecb b\u1ed9 \u0111\u1ebfm NFC v\u00e0o tin nh\u1eafn NDEF<\/li>\n<li>Ch\u1eef k\u00fd g\u1ed1c d\u1ef1a tr\u00ean ECC<\/li>\n<li>L\u1ec7nh \u0111\u1ecdc nhanh<\/li>\n<li>Ch\u1ed1ng va ch\u1ea1m th\u1ef1c s\u1ef1<\/li>\n<li>\u0110i\u1ec7n dung \u0111\u1ea7u v\u00e0o 50 pF<\/li>\n<\/ul>\n<\/div>\n<div class=\"collapse-mobile ste-list-ul\">\n<ul class=\"boxes\">\n<li>180, 540 ho\u1eb7c 924 byte \u0111\u01b0\u1ee3c s\u1eafp x\u1ebfp th\u00e0nh 45, 135 ho\u1eb7c 231 trang v\u1edbi 4 byte cho m\u1ed7i trang<\/li>\n<li>Khu v\u1ef1c \u0110\u1ecdc\/Ghi mi\u1ec5n ph\u00ed 144, 504 ho\u1eb7c 888 byte d\u00e0nh cho ng\u01b0\u1eddi d\u00f9ng (36, 126 ho\u1eb7c 222 trang)<\/li>\n<li>B\u1ed9 ch\u1ee9a kh\u1ea3 n\u0103ng kh\u1edfi t\u1ea1o 4 byte v\u1edbi c\u00e1c bit truy c\u1eadp c\u00f3 th\u1ec3 l\u1eadp tr\u00ecnh m\u1ed9t l\u1ea7n<\/li>\n<li>Ch\u1ee9c n\u0103ng kh\u00f3a ch\u1ec9 \u0111\u1ecdc c\u00f3 th\u1ec3 l\u1eadp tr\u00ecnh t\u1ea1i ch\u1ed7 cho m\u1ed7i trang trong 16 trang \u0111\u1ea7u ti\u00ean<\/li>\n<li>Ch\u1ee9c n\u0103ng kh\u00f3a ch\u1ec9 \u0111\u1ecdc c\u00f3 th\u1ec3 l\u1eadp tr\u00ecnh t\u1ea1i ch\u1ed7 tr\u00ean 16 trang \u0111\u1ea7u ti\u00ean cho m\u1ed7i trang \u0111\u00f4i \u0111\u1ed1i v\u1edbi NTAG 213 ho\u1eb7c cho m\u1ed7i 16 trang \u0111\u1ed1i v\u1edbi NTAG 215 v\u00e0 NTAG 216<\/li>\n<li>B\u1ea3o v\u1ec7 m\u1eadt kh\u1ea9u c\u00f3 th\u1ec3 c\u1ea5u h\u00ecnh v\u1edbi gi\u1edbi h\u1ea1n t\u00f9y ch\u1ecdn v\u1ec1 s\u1ed1 l\u1ea7n th\u1eed kh\u00f4ng th\u00e0nh c\u00f4ng<\/li>\n<li>H\u1ed7 tr\u1ee3 ch\u1ed1ng r\u00e1ch cho kh\u1ea3 n\u0103ng ch\u1ee9a (CC) v\u00e0 bit kh\u00f3a<\/li>\n<li>Ki\u1ec3m tra t\u00ednh nguy\u00ean b\u1ea3n \u0111\u01b0\u1ee3c ECC h\u1ed7 tr\u1ee3<\/li>\n<li>Th\u1eddi gian l\u01b0u gi\u1eef d\u1eef li\u1ec7u l\u00e0 10 n\u0103m<\/li>\n<li>Vi\u1ebft \u0111\u1ed9 b\u1ec1n 100.000 chu k\u1ef3<\/li>\n<\/ul>\n<\/div>\n<\/div>\n<\/div>\n<div class=\"magic-2\">\n<div class=\"auto-hide-last-sibling-br paragraph_1252f paragraph-element\">\n<div class=\"auto-hide-last-sibling-br paragraph_1252f paragraph-element\"><strong>\u1ee8ng d\u1ee5ng th\u1ebb gi\u1eb7t l\u00e0 RFID:<\/strong><\/div>\n<p>&nbsp;<\/p>\n<ol class=\"auto-hide-last-sibling-br\">\n<li>\n<div class=\"auto-hide-last-sibling-br paragraph_1252f paragraph-element\">Gi\u1eb7t l\u00e0 c\u00f4ng nghi\u1ec7p: Trong m\u00f4i tr\u01b0\u1eddng c\u00f4ng nghi\u1ec7p, vi\u1ec7c theo d\u00f5i s\u1ed1 l\u01b0\u1ee3ng l\u1edbn v\u1ea3i lanh tr\u1edf n\u00ean d\u1ec5 d\u00e0ng v\u1edbi N\u00fat g\u1eafn th\u1ebb gi\u1eb7t l\u00e0 RFID c\u1ee7a ch\u00fang t\u00f4i.<\/div>\n<\/li>\n<li>\n<div class=\"auto-hide-last-sibling-br paragraph_1252f paragraph-element\">C\u01a1 s\u1edf ch\u0103m s\u00f3c s\u1ee9c kh\u1ecfe v\u00e0 kh\u00e1ch s\u1ea1n: C\u00e1c c\u01a1 s\u1edf nh\u01b0 th\u1ebf n\u00e0y th\u01b0\u1eddng x\u1eed l\u00fd c\u00e1c ho\u1ea1t \u0111\u1ed9ng gi\u1eb7t l\u00e0 kh\u1ed1i l\u01b0\u1ee3ng l\u1edbn, trong \u0111\u00f3 th\u1ebb c\u1ee7a ch\u00fang t\u00f4i lu\u00f4n n\u00e2ng cao hi\u1ec7u qu\u1ea3 v\u00e0 h\u1ee3p l\u00fd h\u00f3a vi\u1ec7c qu\u1ea3n l\u00fd h\u00e0ng t\u1ed3n kho.<\/div>\n<\/li>\n<li>\n<div class=\"auto-hide-last-sibling-br paragraph_1252f paragraph-element\">Cho thu\u00ea v\u1ea3i lanh: C\u00e1c doanh nghi\u1ec7p trong l\u0129nh v\u1ef1c d\u1ecbch v\u1ee5 cho thu\u00ea v\u1ea3i lanh t\u1eadn d\u1ee5ng nh\u1eefng th\u1ebb n\u00e0y \u0111\u1ec3 \u0111\u01a1n gi\u1ea3n h\u00f3a vi\u1ec7c qu\u1ea3n l\u00fd h\u00e0ng t\u1ed3n kho v\u00e0 duy tr\u00ec ki\u1ec3m so\u00e1t ch\u1ea5t l\u01b0\u1ee3ng.<\/div>\n<\/li>\n<\/ol>\n<div class=\"auto-hide-last-sibling-br paragraph_1252f paragraph-element\">Ch\u00fang t\u00f4i cung c\u1ea5p nhi\u1ec1u lo\u1ea1i th\u1ebb gi\u1eb7t \u1ee7i RFID tr\u00ean t\u1ea7n s\u1ed1 125 kHz LF, 13,56 MHz HF v\u00e0 Gen 2 UHF, m\u1ed7i lo\u1ea1i \u0111\u01b0\u1ee3c thi\u1ebft k\u1ebf \u0111\u1ec3 \u0111\u00e1p \u1ee9ng c\u00e1c nhu c\u1ea7u ri\u00eang bi\u1ec7t kh\u00e1c nhau. Th\u1ebb c\u1ee7a ch\u00fang t\u00f4i, \u0111\u01b0\u1ee3c bi\u1ebft \u0111\u1ebfn v\u1edbi \u0111\u1ed9 b\u1ec1n v\u00e0 s\u1ef1 \u0111a d\u1ea1ng v\u1ec1 k\u00edch th\u01b0\u1edbc, c\u00f3 th\u1ec3 ch\u1ecbu \u0111\u01b0\u1ee3c nhi\u1ec7t \u0111\u1ed9 cao, chu k\u1ef3 gi\u1eb7t \u1ee7i c\u1ee7a t\u1ed5 ch\u1ee9c. Nh\u1eefng th\u1ebb RFID gi\u1eb7t \u1ee7i n\u00e0y \u0111\u01b0\u1ee3c ch\u1ebf t\u1ea1o \u0111\u1ec3 ch\u1ecbu \u0111\u01b0\u1ee3c c\u00e1c quy tr\u00ecnh gi\u1eb7t \u1ee7i nghi\u00eam ng\u1eb7t trong kh\u00e1ch s\u1ea1n v\u00e0 t\u1ed5 ch\u1ee9c, \u0111\u1ea3m b\u1ea3o \u0111\u1ed9 b\u1ec1n c\u00f3 th\u1ec3 ch\u1ecbu \u0111\u01b0\u1ee3c gi\u1eb7t, s\u1ea5y, gi\u1eb7t kh\u00f4 v\u00e0 \u1ee7i.<\/div>\n<p>&nbsp;<\/p>\n<div class=\"auto-hide-last-sibling-br paragraph_1252f paragraph-element\">Vi\u1ec7c s\u1eed d\u1ee5ng v\u1eadt li\u1ec7u PPS \u0111\u1ec3 l\u00e0m th\u1ebb c\u1ee7a ch\u00fang t\u00f4i \u0111\u1ea3m b\u1ea3o ch\u00fang c\u00f3 th\u1ec3 ch\u1ecbu \u0111\u01b0\u1ee3c ng\u00e2m trong n\u01b0\u1edbc, ti\u1ebfp x\u00fac v\u1edbi nhi\u1ec7t, \u00e1p su\u1ea5t v\u1eadt l\u00fd v\u00e0 h\u00f3a ch\u1ea5t. Nh\u1eefng th\u1ebb n\u00e0y ho\u00e0n h\u1ea3o cho c\u00e1c quy tr\u00ecnh ki\u1ec3m k\u00ea v\u00e0 x\u00e1c minh trong nhi\u1ec1u l\u0129nh v\u1ef1c nh\u01b0 ch\u0103m s\u00f3c s\u1ee9c kh\u1ecfe, kh\u00e1ch s\u1ea1n, \u0111\u1ed3 b\u1ea3o h\u1ed9 lao \u0111\u1ed9ng, gi\u00e1o d\u1ee5c, v.v. Ch\u00fang c\u00f3 th\u1ec3 d\u1ec5 d\u00e0ng \u0111\u01b0\u1ee3c kh\u00e2u v\u00e0o nhi\u1ec1u m\u1eb7t h\u00e0ng d\u1ec7t may kh\u00e1c nhau nh\u01b0 ga tr\u1ea3i gi\u01b0\u1eddng, kh\u0103n \u0103n, kh\u0103n t\u1eafm v\u00e0 nhi\u1ec1u lo\u1ea1i trang ph\u1ee5c, ho\u1eb7c \u0111\u1eb7t b\u00ean trong c\u00e1c h\u1ed9p \u0111\u1ef1ng.<\/div>\n<\/div>\n<div class=\"auto-hide-last-sibling-br paragraph_1252f paragraph-element\"><\/div>\n<\/div>\n<\/div>\n<\/div>\n<\/div>","protected":false},"excerpt":{"rendered":"<p>Th\u1ebb NFC n\u00fat gi\u1eb7t RFID \u0111\u01b0\u1ee3c thi\u1ebft k\u1ebf cho m\u1ee5c \u0111\u00edch nh\u1eadn d\u1ea1ng v\u00e0 gi\u00e1m s\u00e1t trong qu\u1ea3n l\u00fd gi\u1eb7t l\u00e0. Nh\u1eefng th\u1ebb n\u00e0y c\u00f3 th\u1ec3 \u0111\u01b0\u1ee3c g\u1eafn thu\u1eadn ti\u1ec7n v\u00e0o t\u1eebng m\u00f3n qu\u1ea7n \u00e1o ho\u1eb7c t\u00fai gi\u1eb7t. M\u1ed7i n\u00fat NFC \u0111\u01b0\u1ee3c trang b\u1ecb m\u1ed9t d\u1ea5u hi\u1ec7u nh\u1eadn d\u1ea1ng ri\u00eang bi\u1ec7t c\u00f3 th\u1ec3 \u0111\u01b0\u1ee3c li\u00ean k\u1ebft v\u1edbi t\u1eebng m\u00f3n \u0111\u1ed3 gi\u1eb7t c\u1ee5 th\u1ec3. \u0110i\u1ec1u n\u00e0y l\u00e0m cho qu\u00e1 tr\u00ecnh theo d\u00f5i gi\u1eb7t l\u00e0 h\u1ee3p l\u00fd v\u00e0 hi\u1ec7u qu\u1ea3 h\u01a1n.<\/p>","protected":false},"featured_media":156,"template":"","meta":{"_kad_post_transparent":"default","_kad_post_title":"","_kad_post_layout":"default","_kad_post_sidebar_id":"","_kad_post_content_style":"default","_kad_post_vertical_padding":"default","_kad_post_feature":"","_kad_post_feature_position":"","_kad_post_header":false,"_kad_post_footer":false,"_kad_post_classname":""},"product_brand":[],"product_cat":[21,17],"product_tag":[43,35,72,44],"class_list":{"0":"post-83","1":"product","2":"type-product","3":"status-publish","4":"has-post-thumbnail","6":"product_cat-pps-rfid-laundry-tag","7":"product_cat-nfc-rfid-laundry-tag","8":"product_tag-pps-rfid-washable-laundry-tags","9":"product_tag-rfid-button","10":"product_tag-rfid-laundry-button-nfc-tag","11":"product_tag-rfid-washable-laundry-tags","13":"first","14":"instock","15":"shipping-taxable","16":"product-type-simple","17":"entry","18":"content-bg","19":"loop-entry"},"_links":{"self":[{"href":"https:\/\/rfid-laundry-tag.com\/vi\/wp-json\/wp\/v2\/product\/83","targetHints":{"allow":["GET"]}}],"collection":[{"href":"https:\/\/rfid-laundry-tag.com\/vi\/wp-json\/wp\/v2\/product"}],"about":[{"href":"https:\/\/rfid-laundry-tag.com\/vi\/wp-json\/wp\/v2\/types\/product"}],"version-history":[{"count":1,"href":"https:\/\/rfid-laundry-tag.com\/vi\/wp-json\/wp\/v2\/product\/83\/revisions"}],"predecessor-version":[{"id":155,"href":"https:\/\/rfid-laundry-tag.com\/vi\/wp-json\/wp\/v2\/product\/83\/revisions\/155"}],"wp:featuredmedia":[{"embeddable":true,"href":"https:\/\/rfid-laundry-tag.com\/vi\/wp-json\/wp\/v2\/media\/156"}],"wp:attachment":[{"href":"https:\/\/rfid-laundry-tag.com\/vi\/wp-json\/wp\/v2\/media?parent=83"}],"wp:term":[{"taxonomy":"product_brand","embeddable":true,"href":"https:\/\/rfid-laundry-tag.com\/vi\/wp-json\/wp\/v2\/product_brand?post=83"},{"taxonomy":"product_cat","embeddable":true,"href":"https:\/\/rfid-laundry-tag.com\/vi\/wp-json\/wp\/v2\/product_cat?post=83"},{"taxonomy":"product_tag","embeddable":true,"href":"https:\/\/rfid-laundry-tag.com\/vi\/wp-json\/wp\/v2\/product_tag?post=83"}],"curies":[{"name":"wp","href":"https:\/\/api.w.org\/{rel}","templated":true}]}}