{"id":78,"date":"2024-06-11T17:00:52","date_gmt":"2024-06-11T17:00:52","guid":{"rendered":"https:\/\/rfid-laundry-tag.com\/?post_type=product&#038;p=78"},"modified":"2024-08-14T16:22:32","modified_gmt":"2024-08-14T16:22:32","slug":"nfc-laundry-token-ntag213","status":"publish","type":"product","link":"https:\/\/rfid-laundry-tag.com\/vi\/nfc-laundry-token-ntag213\/","title":{"rendered":"M\u00e3 th\u00f4ng b\u00e1o gi\u1eb7t \u1ee7i NFC \u2013 NTAG213"},"content":{"rendered":"<div class=\"J_module\">\n<div class=\"ife-detail-decorate-table\">\n<table class=\"has-title all magic-6\">\n<tbody>\n<tr>\n<td colspan=\"1\" rowspan=\"1\">\n<div class=\"magic-7\" data-spm-anchor-id=\"a2700.details.0.i45.77607d98vZbcDU\"><span class=\"magic-8\" style=\"color: #363535;\">T\u00ean m\u1eb7t h\u00e0ng<\/span><\/div>\n<\/td>\n<td colspan=\"1\" rowspan=\"1\">\n<div class=\"magic-9\">M\u00e3 th\u00f4ng b\u00e1o gi\u1eb7t \u1ee7i NFC \u2013 NTAG213<\/div>\n<\/td>\n<\/tr>\n<tr>\n<td colspan=\"1\" rowspan=\"1\">\n<div class=\"magic-7\"><span class=\"magic-10\" data-spm-anchor-id=\"a2700.pc-decorate.0.i10.28d333330XLbTD\"><span class=\"magic-8\">V\u1eadt li\u1ec7u<\/span><\/span><\/div>\n<\/td>\n<td colspan=\"1\" rowspan=\"1\">\n<div class=\"magic-9\"><span class=\"magic-8\">PPS<\/span><\/div>\n<\/td>\n<\/tr>\n<tr>\n<td colspan=\"1\" rowspan=\"1\">\n<div class=\"magic-7\"><span class=\"magic-8\">M\u00e0u s\u1eafc<\/span><\/div>\n<\/td>\n<td colspan=\"1\" rowspan=\"1\">\n<div class=\"magic-9\"><span class=\"magic-8\">\u0110en, V\u00e0ng, v.v.<\/span><\/div>\n<\/td>\n<\/tr>\n<tr>\n<td colspan=\"1\" rowspan=\"1\">S\u1ed1 l\u01b0\u1ee3ng \u0111\u1eb7t h\u00e0ng t\u1ed1i thi\u1ec3u<\/td>\n<td colspan=\"1\" rowspan=\"1\">500 chi\u1ebfc<\/td>\n<\/tr>\n<tr>\n<td colspan=\"1\" rowspan=\"1\">\n<div class=\"magic-7\"><span class=\"magic-8\">Nh\u00e0 s\u1ea3n xu\u1ea5t\/Chip<\/span><\/div>\n<\/td>\n<td colspan=\"1\" rowspan=\"1\">\n<div class=\"magic-9\"><span class=\"magic-8\">NXP Ntag213, Ntag215, Ntag216, Mifare Ultralight ev1 v.v.<\/span><\/div>\n<\/td>\n<\/tr>\n<tr>\n<td colspan=\"1\" rowspan=\"1\">\n<div class=\"magic-7\"><span class=\"magic-8\">T\u00ednh th\u01b0\u1eddng xuy\u00ean<\/span><\/div>\n<\/td>\n<td colspan=\"1\" rowspan=\"1\">\n<div class=\"magic-9\"><span class=\"magic-8\">13,56MHz<\/span><\/div>\n<\/td>\n<\/tr>\n<tr>\n<td colspan=\"1\" rowspan=\"1\">\n<div class=\"magic-7\"><span class=\"magic-8\">K\u00fd \u1ee9c<\/span><\/div>\n<\/td>\n<td colspan=\"1\" rowspan=\"1\">\n<div class=\"magic-9\"><span class=\"magic-8\">144 Byte, 504 Byte, 888 Byte, 64 Byte, v.v.<\/span><\/div>\n<\/td>\n<\/tr>\n<tr>\n<td colspan=\"1\" rowspan=\"1\">\n<div class=\"magic-7\"><span class=\"magic-8\">Kho\u1ea3ng c\u00e1ch \u0111\u1ecdc<\/span><\/div>\n<\/td>\n<td colspan=\"1\" rowspan=\"1\">\n<div class=\"magic-9\"><span class=\"magic-8\">1~5cm<\/span><\/div>\n<\/td>\n<\/tr>\n<tr>\n<td colspan=\"1\" rowspan=\"1\">\n<div class=\"magic-7\"><span class=\"magic-8\">Ch\u1ebf \u0111\u1ed9 l\u00e0m vi\u1ec7c<\/span><\/div>\n<\/td>\n<td colspan=\"1\" rowspan=\"1\">\n<div class=\"magic-9\"><span class=\"magic-8\">th\u1ee5 \u0111\u1ed9ng<\/span><\/div>\n<\/td>\n<\/tr>\n<tr>\n<td colspan=\"1\" rowspan=\"1\">\n<div class=\"magic-7\"><span class=\"magic-8\">Nhi\u1ec7t \u0111\u1ed9 l\u00e0m vi\u1ec7c<\/span><\/div>\n<\/td>\n<td colspan=\"1\" rowspan=\"1\">\n<div class=\"magic-9\"><span class=\"magic-8\">-25\u2103~+110\u2103<\/span><\/div>\n<\/td>\n<\/tr>\n<tr>\n<td colspan=\"1\" rowspan=\"1\">\n<div class=\"magic-7\"><span class=\"magic-8\">Nhi\u1ec7t \u0111\u1ed9 l\u01b0u tr\u1eef<\/span><\/div>\n<\/td>\n<td colspan=\"1\" rowspan=\"1\">\n<div class=\"magic-9\"><span class=\"magic-8\">-40\u2103~+85\u2103<\/span><\/div>\n<\/td>\n<\/tr>\n<tr>\n<td colspan=\"1\" rowspan=\"1\">\n<div class=\"magic-7\">\n<div><span class=\"magic-8\">\u00a0<\/span><\/div>\n<p><span class=\"magic-8\">Kh\u1ea3 n\u0103ng ch\u1ecbu nhi\u1ec7t \u0111\u1ed9 ng\u1eafn h\u1ea1n<\/span><\/p>\n<\/div>\n<\/td>\n<td colspan=\"1\" rowspan=\"1\">\n<div class=\"magic-9\"><span class=\"magic-8\">gi\u1eb7t: 90\u2103, 15 ph\u00fat; s\u1ea5y kh\u00f4 tr\u01b0\u1edbc b\u1eb1ng b\u1ed9 chuy\u1ec3n \u0111\u1ed5i: 180\u2103, 30 ph\u00fat, 200 l\u1ea7n; \u1ee7i: 180\u2103, 10 gi\u00e2y, 200 l\u1ea7n; cao<br \/>\nnhi\u1ec7t \u0111\u1ed9 kh\u1eed tr\u00f9ng: 135\u2103, 20 ph\u00fat<\/span><\/div>\n<\/td>\n<\/tr>\n<tr>\n<td colspan=\"1\" rowspan=\"1\">\n<div class=\"magic-7\"><span class=\"magic-8\">\u0110\u1eb7c tr\u01b0ng<\/span><\/div>\n<\/td>\n<td colspan=\"1\" rowspan=\"1\">\n<div class=\"magic-9\"><span class=\"magic-8\">kh\u00f4ng th\u1ea5m n\u01b0\u1edbc, c\u00f3 th\u1ec3 gi\u1eb7t \u0111\u01b0\u1ee3c, ch\u1ecbu \u0111\u01b0\u1ee3c nhi\u1ec7t \u0111\u1ed9 cao<\/span><\/div>\n<\/td>\n<\/tr>\n<tr>\n<td colspan=\"1\" rowspan=\"1\">\n<div class=\"magic-7\"><span class=\"magic-8\">M\u1ea1ng s\u1ed1ng<\/span><\/div>\n<\/td>\n<td colspan=\"1\" rowspan=\"1\">\n<div class=\"magic-9\"><span class=\"magic-8\">gi\u1eb7t 200 l\u1ea7n ho\u1eb7c 3 n\u0103m<\/span><\/div>\n<\/td>\n<\/tr>\n<tr>\n<td colspan=\"1\" rowspan=\"1\">\n<div class=\"magic-7\"><span class=\"magic-8\">\u1ee8ng d\u1ee5ng<\/span><\/div>\n<\/td>\n<td colspan=\"1\" rowspan=\"1\">\n<div class=\"magic-9\"><span class=\"magic-8\">qu\u1ea3n l\u00fd v\u00e0 theo d\u00f5i gi\u1eb7t l\u00e0<\/span><\/div>\n<\/td>\n<\/tr>\n<\/tbody>\n<\/table>\n<\/div>\n<\/div>\n<div class=\"J_module\">\n<div class=\"detail-decorate-json-renderer-container\">\n<div class=\"magic-1\">\n<div>\n<div><\/div>\n<div class=\"auto-hide-last-sibling-br paragraph_1252f paragraph-element\"><strong>Chip NTAG213 c\u1ee7a NFC Laundry Token<\/strong><\/div>\n<ul class=\"auto-hide-last-sibling-br\">\n<li>Nh\u00e0 s\u1ea3n xu\u1ea5t: NXP Semiconductors<\/li>\n<li>Lo\u1ea1i chip: NTAG213 (ISO\/IEC 14443 A)<\/li>\n<li>B\u1ed9 nh\u1edb: T\u1ed5ng b\u1ed9 nh\u1edb 144 byte, chia th\u00e0nh 42 trang (m\u1ed7i trang 4 byte)<\/li>\n<li>Cho ph\u00e9p \u0111\u1ecdc v\u00e0 ghi<\/li>\n<li>T\u00ednh n\u0103ng ph\u1ea3n chi\u1ebfu ASCII UID<\/li>\n<li>Ch\u1eef k\u00fd g\u1ed1c t\u00edch h\u1ee3p<\/li>\n<li>T\u01b0\u01a1ng th\u00edch v\u1edbi th\u1ebb NFC Forum Type 2<\/li>\n<\/ul>\n<\/div>\n<div class=\"magic-2\">\n<div class=\"auto-hide-last-sibling-br paragraph_1252f paragraph-element\">\n<div class=\"auto-hide-last-sibling-br paragraph_1252f paragraph-element\">Th\u1ebb gi\u1eb7t \u1ee7i NFC, \u0111\u01b0\u1ee3c nh\u00fang chip NTAG213, r\u1ea5t ph\u00f9 h\u1ee3p v\u1edbi c\u00e1c m\u00f4i tr\u01b0\u1eddng \u0111\u00f2i h\u1ecfi c\u01a1 ch\u1ebf theo d\u00f5i m\u1ea1nh m\u1ebd v\u00e0 \u0111\u00e1ng tin c\u1eady, ch\u1eb3ng h\u1ea1n nh\u01b0 ti\u1ec7m gi\u1eb7t \u1ee7i c\u00f4ng nghi\u1ec7p, nh\u00e0 kho v\u00e0 c\u00e1c c\u00f4ng ty h\u1eadu c\u1ea7n. V\u1ecf nh\u1ef1a PPS ch\u1eafc ch\u1eafn c\u1ee7a c\u00e1c th\u1ebb n\u00e0y \u0111\u1ea3m b\u1ea3o r\u1eb1ng ch\u00fang c\u00f3 th\u1ec3 ch\u1ed1ng l\u1ea1i hi\u1ec7u qu\u1ea3 nhi\u1ec1u th\u00e1ch th\u1ee9c v\u1ec1 m\u00f4i tr\u01b0\u1eddng, ch\u1eb3ng h\u1ea1n nh\u01b0 \u00e1p su\u1ea5t cao, \u0111\u1ed9 \u1ea9m, d\u1ea7u, h\u00f3a ch\u1ea5t v\u00e0 nhi\u1ec7t \u0111\u1ed9 cao.<\/div>\n<div class=\"auto-hide-last-sibling-br paragraph_1252f paragraph-element\">Nh\u1eefng th\u1ebb gi\u1eb7t \u1ee7i NFC n\u00e0y nh\u1ecf, m\u00e0u \u0111en v\u00e0 tr\u00f2n v\u1edbi chip NFC NXP NTAG213 m\u1ea1nh m\u1ebd. Chip v\u00e0 \u0103ng-ten \u0111\u01b0\u1ee3c bao b\u1ecdc ho\u00e0n to\u00e0n trong l\u1edbp v\u1ecf nh\u1ef1a nhi\u1ec7t d\u1ebbo PPS ch\u1eafc ch\u1eafn, c\u00f3 th\u1ec3 gi\u1eb7t b\u1eb1ng m\u00e1y, mang l\u1ea1i kh\u1ea3 n\u0103ng b\u1ea3o v\u1ec7 v\u01b0\u1ee3t tr\u1ed9i \u0111\u01b0\u1ee3c x\u1ebfp h\u1ea1ng \u1edf m\u1ee9c IP68.<\/div>\n<p>&nbsp;<\/p>\n<div class=\"auto-hide-last-sibling-br paragraph_1252f paragraph-element\"><\/div>\n<div class=\"auto-hide-last-sibling-br paragraph_1252f paragraph-element\"><\/div>\n<\/div>\n<\/div>\n<\/div>\n<\/div>\n<\/div>","protected":false},"excerpt":{"rendered":"<p>Th\u1ebb gi\u1eb7t NFC, c\u00f2n \u0111\u01b0\u1ee3c g\u1ecdi l\u00e0 th\u1ebb NFC c\u00f3 th\u1ec3 gi\u1eb7t b\u1eb1ng PPS, \u0111\u01b0\u1ee3c thi\u1ebft k\u1ebf ri\u00eang cho c\u00e1c \u1ee9ng d\u1ee5ng y\u00eau c\u1ea7u th\u1ebb b\u1ec1n c\u00f3 th\u1ec3 ch\u1ecbu \u0111\u01b0\u1ee3c \u0111i\u1ec1u ki\u1ec7n ho\u1ea1t \u0111\u1ed9ng kh\u1eafc nghi\u1ec7t.<\/p>","protected":false},"featured_media":79,"template":"","meta":{"_kad_post_transparent":"default","_kad_post_title":"","_kad_post_layout":"default","_kad_post_sidebar_id":"","_kad_post_content_style":"default","_kad_post_vertical_padding":"default","_kad_post_feature":"","_kad_post_feature_position":"","_kad_post_header":false,"_kad_post_footer":false,"_kad_post_classname":""},"product_brand":[],"product_cat":[21,17],"product_tag":[37,46,42,45],"class_list":{"0":"post-78","1":"product","2":"type-product","3":"status-publish","4":"has-post-thumbnail","6":"product_cat-pps-rfid-laundry-tag","7":"product_cat-nfc-rfid-laundry-tag","8":"product_tag-nfc-button","9":"product_tag-nfc-laundry-token","10":"product_tag-pps-nfc-laundry-tag","11":"product_tag-pps-washable-nfc-tags","13":"first","14":"instock","15":"shipping-taxable","16":"product-type-simple","17":"entry","18":"content-bg","19":"loop-entry"},"_links":{"self":[{"href":"https:\/\/rfid-laundry-tag.com\/vi\/wp-json\/wp\/v2\/product\/78","targetHints":{"allow":["GET"]}}],"collection":[{"href":"https:\/\/rfid-laundry-tag.com\/vi\/wp-json\/wp\/v2\/product"}],"about":[{"href":"https:\/\/rfid-laundry-tag.com\/vi\/wp-json\/wp\/v2\/types\/product"}],"version-history":[{"count":1,"href":"https:\/\/rfid-laundry-tag.com\/vi\/wp-json\/wp\/v2\/product\/78\/revisions"}],"predecessor-version":[{"id":1319,"href":"https:\/\/rfid-laundry-tag.com\/vi\/wp-json\/wp\/v2\/product\/78\/revisions\/1319"}],"wp:featuredmedia":[{"embeddable":true,"href":"https:\/\/rfid-laundry-tag.com\/vi\/wp-json\/wp\/v2\/media\/79"}],"wp:attachment":[{"href":"https:\/\/rfid-laundry-tag.com\/vi\/wp-json\/wp\/v2\/media?parent=78"}],"wp:term":[{"taxonomy":"product_brand","embeddable":true,"href":"https:\/\/rfid-laundry-tag.com\/vi\/wp-json\/wp\/v2\/product_brand?post=78"},{"taxonomy":"product_cat","embeddable":true,"href":"https:\/\/rfid-laundry-tag.com\/vi\/wp-json\/wp\/v2\/product_cat?post=78"},{"taxonomy":"product_tag","embeddable":true,"href":"https:\/\/rfid-laundry-tag.com\/vi\/wp-json\/wp\/v2\/product_tag?post=78"}],"curies":[{"name":"wp","href":"https:\/\/api.w.org\/{rel}","templated":true}]}}