{"id":74,"date":"2024-06-11T15:58:40","date_gmt":"2024-06-11T15:58:40","guid":{"rendered":"https:\/\/rfid-laundry-tag.com\/?post_type=product&#038;p=74"},"modified":"2024-06-11T16:34:14","modified_gmt":"2024-06-11T16:34:14","slug":"pps-rfid-washable-laundry-tags","status":"publish","type":"product","link":"https:\/\/rfid-laundry-tag.com\/vi\/pps-rfid-washable-laundry-tags\/","title":{"rendered":"Th\u1ebb gi\u1eb7t c\u00f3 th\u1ec3 gi\u1eb7t \u0111\u01b0\u1ee3c PPS RFID"},"content":{"rendered":"<div class=\"J_module\">\n<div class=\"ife-detail-decorate-table\">\n<table class=\"has-title all magic-6\">\n<tbody>\n<tr>\n<td colspan=\"1\" rowspan=\"1\">\n<div class=\"magic-7\" data-spm-anchor-id=\"a2700.details.0.i45.77607d98vZbcDU\"><span class=\"magic-8\" style=\"color: #363535;\">T\u00ean m\u1eb7t h\u00e0ng<\/span><\/div>\n<\/td>\n<td colspan=\"1\" rowspan=\"1\">\n<div class=\"magic-9\"><span class=\"magic-8\">Th\u1ebb gi\u1eb7t c\u00f3 th\u1ec3 gi\u1eb7t \u0111\u01b0\u1ee3c PPS RFID<\/span><\/div>\n<\/td>\n<\/tr>\n<tr>\n<td colspan=\"1\" rowspan=\"1\">\n<div class=\"magic-7\"><span class=\"magic-10\" data-spm-anchor-id=\"a2700.pc-decorate.0.i10.28d333330XLbTD\"><span class=\"magic-8\">V\u1eadt li\u1ec7u<\/span><\/span><\/div>\n<\/td>\n<td colspan=\"1\" rowspan=\"1\">\n<div class=\"magic-9\"><span class=\"magic-8\">PPS<\/span><\/div>\n<\/td>\n<\/tr>\n<tr>\n<td colspan=\"1\" rowspan=\"1\">\n<div class=\"magic-7\"><span class=\"magic-8\">M\u00e0u s\u1eafc<\/span><\/div>\n<\/td>\n<td colspan=\"1\" rowspan=\"1\">\n<div class=\"magic-9\"><span class=\"magic-8\">\u0110en<\/span><\/div>\n<\/td>\n<\/tr>\n<tr>\n<td colspan=\"1\" rowspan=\"1\">S\u1ed1 l\u01b0\u1ee3ng \u0111\u1eb7t h\u00e0ng t\u1ed1i thi\u1ec3u<\/td>\n<td colspan=\"1\" rowspan=\"1\">500 chi\u1ebfc<\/td>\n<\/tr>\n<tr>\n<td colspan=\"1\" rowspan=\"1\">\n<div class=\"magic-7\"><span class=\"magic-8\">Nh\u00e0 s\u1ea3n xu\u1ea5t\/Chip<\/span><\/div>\n<\/td>\n<td colspan=\"1\" rowspan=\"1\">\n<div class=\"magic-9\"><span class=\"magic-8\">NXP UCODE 8,UCODE 9\/NTAG213,Mifare 1k\/EM4305,T5577, v.v.<\/span><\/div>\n<\/td>\n<\/tr>\n<tr>\n<td colspan=\"1\" rowspan=\"1\">\n<div class=\"magic-7\"><span class=\"magic-8\">T\u00ednh th\u01b0\u1eddng xuy\u00ean<\/span><\/div>\n<\/td>\n<td colspan=\"1\" rowspan=\"1\">\n<div class=\"magic-9\"><span class=\"magic-8\">860-960MHz\/13.56MHz\/125Khz<\/span><\/div>\n<\/td>\n<\/tr>\n<tr>\n<td colspan=\"1\" rowspan=\"1\">\n<div class=\"magic-7\"><span class=\"magic-8\">K\u00fd \u1ee9c<\/span><\/div>\n<\/td>\n<td colspan=\"1\" rowspan=\"1\">\n<div class=\"magic-9\"><span class=\"magic-8\">96 Bit\/128 Bit\/144 Byte<\/span><\/div>\n<\/td>\n<\/tr>\n<tr>\n<td colspan=\"1\" rowspan=\"1\">\n<div class=\"magic-7\"><span class=\"magic-8\">Kho\u1ea3ng c\u00e1ch \u0111\u1ecdc<\/span><\/div>\n<\/td>\n<td colspan=\"1\" rowspan=\"1\">\n<div class=\"magic-9\"><span class=\"magic-8\">1-6m\/1~5cm\/1~2cm<\/span><\/div>\n<\/td>\n<\/tr>\n<tr>\n<td colspan=\"1\" rowspan=\"1\">\n<div class=\"magic-7\"><span class=\"magic-8\">Ch\u1ebf \u0111\u1ed9 l\u00e0m vi\u1ec7c<\/span><\/div>\n<\/td>\n<td colspan=\"1\" rowspan=\"1\">\n<div class=\"magic-9\"><span class=\"magic-8\">th\u1ee5 \u0111\u1ed9ng<\/span><\/div>\n<\/td>\n<\/tr>\n<tr>\n<td colspan=\"1\" rowspan=\"1\">\n<div class=\"magic-7\"><span class=\"magic-8\">Nhi\u1ec7t \u0111\u1ed9 l\u00e0m vi\u1ec7c<\/span><\/div>\n<\/td>\n<td colspan=\"1\" rowspan=\"1\">\n<div class=\"magic-9\"><span class=\"magic-8\">-25\u2103~+110\u2103<\/span><\/div>\n<\/td>\n<\/tr>\n<tr>\n<td colspan=\"1\" rowspan=\"1\">\n<div class=\"magic-7\"><span class=\"magic-8\">Nhi\u1ec7t \u0111\u1ed9 l\u01b0u tr\u1eef<\/span><\/div>\n<\/td>\n<td colspan=\"1\" rowspan=\"1\">\n<div class=\"magic-9\"><span class=\"magic-8\">-40\u2103~+85\u2103<\/span><\/div>\n<\/td>\n<\/tr>\n<tr>\n<td colspan=\"1\" rowspan=\"1\">\n<div class=\"magic-7\">\n<div><span class=\"magic-8\">\u00a0<\/span><\/div>\n<p><span class=\"magic-8\">Kh\u1ea3 n\u0103ng ch\u1ecbu nhi\u1ec7t \u0111\u1ed9 ng\u1eafn h\u1ea1n<\/span><\/p>\n<\/div>\n<\/td>\n<td colspan=\"1\" rowspan=\"1\">\n<div class=\"magic-9\"><span class=\"magic-8\">gi\u1eb7t: 90\u2103, 15 ph\u00fat; s\u1ea5y kh\u00f4 tr\u01b0\u1edbc b\u1eb1ng b\u1ed9 chuy\u1ec3n \u0111\u1ed5i: 180\u2103, 30 ph\u00fat, 200 l\u1ea7n; \u1ee7i: 180\u2103, 10 gi\u00e2y, 200 l\u1ea7n; cao<br \/>\nnhi\u1ec7t \u0111\u1ed9 kh\u1eed tr\u00f9ng: 135\u2103, 20 ph\u00fat<\/span><\/div>\n<\/td>\n<\/tr>\n<tr>\n<td colspan=\"1\" rowspan=\"1\">\n<div class=\"magic-7\"><span class=\"magic-8\">\u0110\u1eb7c tr\u01b0ng<\/span><\/div>\n<\/td>\n<td colspan=\"1\" rowspan=\"1\">\n<div class=\"magic-9\"><span class=\"magic-8\">kh\u00f4ng th\u1ea5m n\u01b0\u1edbc, c\u00f3 th\u1ec3 gi\u1eb7t \u0111\u01b0\u1ee3c, ch\u1ecbu \u0111\u01b0\u1ee3c nhi\u1ec7t \u0111\u1ed9 cao<\/span><\/div>\n<\/td>\n<\/tr>\n<tr>\n<td colspan=\"1\" rowspan=\"1\">\n<div class=\"magic-7\"><span class=\"magic-8\">M\u1ea1ng s\u1ed1ng<\/span><\/div>\n<\/td>\n<td colspan=\"1\" rowspan=\"1\">\n<div class=\"magic-9\"><span class=\"magic-8\">gi\u1eb7t 200 l\u1ea7n ho\u1eb7c 3 n\u0103m<\/span><\/div>\n<\/td>\n<\/tr>\n<tr>\n<td colspan=\"1\" rowspan=\"1\">\n<div class=\"magic-7\"><span class=\"magic-8\">\u1ee8ng d\u1ee5ng<\/span><\/div>\n<\/td>\n<td colspan=\"1\" rowspan=\"1\">\n<div class=\"magic-9\"><span class=\"magic-8\">qu\u1ea3n l\u00fd v\u00e0 theo d\u00f5i gi\u1eb7t l\u00e0<\/span><\/div>\n<\/td>\n<\/tr>\n<\/tbody>\n<\/table>\n<\/div>\n<\/div>\n<div class=\"J_module\">\n<div class=\"detail-decorate-json-renderer-container\">\n<div class=\"magic-1\">\n<div class=\"magic-2\">\n<div class=\"magic-3\">\n<div><\/div>\n<\/div>\n<div>\n<div><\/div>\n<\/div>\n<\/div>\n<p><strong>T\u00f9y ch\u1ecdn chip:<\/strong><\/p>\n<ul>\n<li><strong>NXP UCODE 8\/9:<\/strong>\u00a0Chip ti\u1ebft ki\u1ec7m chi ph\u00ed, l\u00fd t\u01b0\u1edfng cho m\u1ee5c \u0111\u00edch theo d\u00f5i v\u00e0 nh\u1eadn d\u1ea1ng c\u01a1 b\u1ea3n, cung c\u1ea5p ph\u1ea1m vi \u0111\u1ecdc l\u00ean \u0111\u1ebfn 10 m\u00e9t.<\/li>\n<li><strong>NTAG213:<\/strong>\u00a0Chip h\u1ed7 tr\u1ee3 NFC cho ph\u00e9p giao ti\u1ebfp v\u1edbi \u0111i\u1ec7n tho\u1ea1i th\u00f4ng minh v\u00e0 c\u00e1c thi\u1ebft b\u1ecb NFC kh\u00e1c, ho\u00e0n h\u1ea3o cho c\u00e1c \u1ee9ng d\u1ee5ng nh\u01b0 thanh to\u00e1n kh\u00f4ng ti\u1ebfp x\u00fac ho\u1eb7c truy c\u1eadp th\u00f4ng tin s\u1ea3n ph\u1ea9m.<\/li>\n<li><strong>Mifare 1k:<\/strong>\u00a0Chip b\u1ea3o m\u1eadt v\u1edbi t\u00ednh n\u0103ng m\u00e3 h\u00f3a v\u00e0 x\u00e1c th\u1ef1c m\u1ea1nh m\u1ebd, ph\u00f9 h\u1ee3p \u0111\u1ec3 ki\u1ec3m so\u00e1t truy c\u1eadp v\u00e0 l\u01b0u tr\u1eef d\u1eef li\u1ec7u an to\u00e0n.<\/li>\n<li><strong>EM4305:<\/strong>\u00a0Chip gi\u00e1 r\u1ebb d\u00e0nh cho c\u00e1c \u1ee9ng d\u1ee5ng ki\u1ec3m so\u00e1t ra v\u00e0o c\u01a1 b\u1ea3n v\u1edbi ph\u1ea1m vi \u0111\u1ecdc l\u00ean t\u1edbi 1 m\u00e9t.<\/li>\n<li><strong>T5577:<\/strong>\u00a0M\u1ed9t lo\u1ea1i chip gi\u00e1 r\u1ebb kh\u00e1c d\u00e0nh cho h\u1ec7 th\u1ed1ng ki\u1ec3m so\u00e1t ra v\u00e0o v\u00e0 b\u00e1n v\u00e9, c\u00f3 ph\u1ea1m vi \u0111\u1ecdc l\u00ean t\u1edbi 1 m\u00e9t.<\/li>\n<\/ul>\n<div class=\"magic-2\">\n<div>\n<div class=\"auto-hide-last-sibling-br paragraph_1252f paragraph-element\"><strong>\u1ee8ng d\u1ee5ng\u00a0<\/strong><\/div>\n<ol class=\"auto-hide-last-sibling-br\">\n<li>\n<div class=\"auto-hide-last-sibling-br paragraph_1252f paragraph-element\">Gi\u1eb7t l\u00e0 c\u00f4ng nghi\u1ec7p: Trong ng\u00e0nh c\u00f4ng nghi\u1ec7p, vi\u1ec7c theo d\u00f5i s\u1ed1 l\u01b0\u1ee3ng l\u1edbn \u0111\u1ed3 v\u1ea3i tr\u1edf n\u00ean d\u1ec5 d\u00e0ng h\u01a1n khi s\u1eed d\u1ee5ng N\u00fat th\u1ebb gi\u1eb7t l\u00e0 RFID.<\/div>\n<\/li>\n<li>\n<div class=\"auto-hide-last-sibling-br paragraph_1252f paragraph-element\">B\u1ec7nh vi\u1ec7n v\u00e0 kh\u00e1ch s\u1ea1n: Nh\u1eefng c\u01a1 s\u1edf n\u00e0y th\u01b0\u1eddng x\u1eed l\u00fd c\u00e1c ho\u1ea1t \u0111\u1ed9ng gi\u1eb7t l\u00e0 kh\u1ed1i l\u01b0\u1ee3ng l\u1edbn, trong \u0111\u00f3 c\u00e1c th\u1ebb n\u00e0y \u0111\u00e3 \u0111\u01b0\u1ee3c ch\u1ee9ng minh l\u00e0 h\u1eefu \u00edch trong vi\u1ec7c c\u1ea3i thi\u1ec7n hi\u1ec7u qu\u1ea3 v\u00e0 qu\u1ea3n l\u00fd h\u00e0ng t\u1ed3n kho.<\/div>\n<\/li>\n<li>\n<div class=\"auto-hide-last-sibling-br paragraph_1252f paragraph-element\">Cho thu\u00ea v\u1ea3i lanh: C\u00e1c doanh nghi\u1ec7p cung c\u1ea5p d\u1ecbch v\u1ee5 cho thu\u00ea v\u1ea3i lanh s\u1eed d\u1ee5ng c\u00e1c th\u1ebb n\u00e0y \u0111\u1ec3 \u0111\u01a1n gi\u1ea3n h\u00f3a vi\u1ec7c qu\u1ea3n l\u00fd h\u00e0ng t\u1ed3n kho v\u00e0 duy tr\u00ec ki\u1ec3m so\u00e1t ch\u1ea5t l\u01b0\u1ee3ng.<\/div>\n<\/li>\n<\/ol>\n<div class=\"auto-hide-last-sibling-br paragraph_1252f paragraph-element\">Ch\u00fang t\u00f4i cung c\u1ea5p nhi\u1ec1u lo\u1ea1i th\u1ebb gi\u1eb7t \u1ee7i RFID tr\u00ean t\u1ea7n s\u1ed1 125 kHz LF, 13,56 MHz HF v\u00e0 Gen 2 UHF, \u0111\u00e1p \u1ee9ng t\u1eebng nhu c\u1ea7u ri\u00eang bi\u1ec7t c\u1ee7a b\u1ea1n. Th\u1ebb c\u1ee7a ch\u00fang t\u00f4i, \u0111\u01b0\u1ee3c thi\u1ebft k\u1ebf v\u1edbi kh\u1ea3 n\u0103ng ph\u1ee5c h\u1ed3i v\u00e0 k\u00edch th\u01b0\u1edbc thay \u0111\u1ed5i, c\u00f3 th\u1ec3 d\u1ec5 d\u00e0ng ch\u1ecbu \u0111\u01b0\u1ee3c c\u00e1c quy tr\u00ecnh gi\u1eb7t \u1ee7i n\u00f3ng, c\u1ee7a t\u1ed5 ch\u1ee9c. Th\u1ebb gi\u1eb7t \u1ee7i RFID c\u00f3 kh\u1ea3 n\u0103ng ch\u1ecbu \u0111\u01b0\u1ee3c c\u00e1c quy tr\u00ecnh gi\u1eb7t \u1ee7i kh\u1eaft khe t\u1ea1i kh\u00e1ch s\u1ea1n v\u00e0 t\u1ed5 ch\u1ee9c, mang l\u1ea1i \u0111\u1ed9 b\u1ec1n v\u01b0\u1ee3t qua m\u1ecdi th\u1eddi ti\u1ebft nh\u01b0 gi\u1eb7t, s\u1ea5y, gi\u1eb7t kh\u00f4 v\u00e0 \u1ee7i.<\/div>\n<p>&nbsp;<\/p>\n<div class=\"auto-hide-last-sibling-br paragraph_1252f paragraph-element\">V\u1eadt li\u1ec7u PPS \u0111\u01b0\u1ee3c s\u1eed d\u1ee5ng l\u00e0m cho c\u00e1c th\u1ebb n\u00e0y c\u00f3 kh\u1ea3 n\u0103ng ch\u1ecbu \u0111\u01b0\u1ee3c n\u01b0\u1edbc, nhi\u1ec7t, \u00e1p su\u1ea5t v\u00e0 ti\u1ebfp x\u00fac v\u1edbi h\u00f3a ch\u1ea5t. Ch\u00fang l\u00fd t\u01b0\u1edfng \u0111\u1ec3 x\u00e1c minh v\u00e0 th\u1ef1c hi\u1ec7n c\u00e1c quy tr\u00ecnh ki\u1ec3m k\u00ea t\u1ea1i c\u00e1c c\u01a1 s\u1edf ch\u0103m s\u00f3c s\u1ee9c kh\u1ecfe, ph\u00e2n kh\u00fac trang ph\u1ee5c b\u1ea3o h\u1ed9 lao \u0111\u1ed9ng, b\u1ec7nh vi\u1ec7n, tr\u01b0\u1eddng h\u1ecdc v\u00e0 kh\u00e1ch s\u1ea1n. C\u00e1c th\u1ebb n\u00e0y c\u00f3 th\u1ec3 \u0111\u01b0\u1ee3c kh\u00e2u tr\u01a1n tru v\u00e0o nhi\u1ec1u m\u1eb7t h\u00e0ng d\u1ec7t may kh\u00e1c nhau nh\u01b0 ga tr\u1ea3i gi\u01b0\u1eddng, kh\u0103n \u0103n, kh\u0103n t\u1eafm v\u00e0 c\u00e1c lo\u1ea1i trang ph\u1ee5c kh\u00e1c ho\u1eb7c \u0111\u01b0\u1ee3c \u0111\u1eb7t v\u00e0o trong c\u00e1c h\u1ed9p \u0111\u1ef1ng.<\/div>\n<p>&nbsp;<\/p>\n<div class=\"auto-hide-last-sibling-br paragraph_1252f paragraph-element\">H\u00e3y s\u1eed d\u1ee5ng gi\u1ea3i ph\u00e1p th\u1ebb gi\u1eb7t RFID c\u1ee7a ch\u00fang t\u00f4i v\u00e0 t\u1eadn h\u01b0\u1edfng nh\u1eefng l\u1ee3i \u00edch nh\u01b0 gi\u00e1 tr\u1ef1c ti\u1ebfp t\u1eeb nh\u00e0 m\u00e1y, th\u1eed nghi\u1ec7m k\u1ef9 l\u01b0\u1ee1ng tr\u01b0\u1edbc khi v\u1eadn chuy\u1ec3n, b\u1ea3o h\u00e0nh h\u01a1n 200 chu k\u1ef3 gi\u1eb7t ho\u1eb7c 2 n\u0103m sau khi v\u1eadn chuy\u1ec3n v\u00e0 kh\u1ea3 n\u0103ng ch\u1ed1ng n\u01b0\u1edbc, nhi\u1ec7t, \u00e1p su\u1ea5t v\u00e0 h\u00f3a ch\u1ea5t.<\/div>\n<div class=\"auto-hide-last-sibling-br paragraph_1252f paragraph-element\"><\/div>\n<\/div>\n<\/div>\n<\/div>\n<\/div>\n<\/div>","protected":false},"excerpt":{"rendered":"<p>Th\u1ebb n\u00fat RFID, c\u00f2n \u0111\u01b0\u1ee3c g\u1ecdi l\u00e0 th\u1ebb gi\u1eb7t c\u00f3 th\u1ec3 gi\u1eb7t PPS RFID, l\u00e0 m\u1ed9t thi\u1ebft b\u1ecb m\u1ea1nh m\u1ebd, \u0111\u01b0\u1ee3c s\u1ea3n xu\u1ea5t theo y\u00eau c\u1ea7u, \u0111\u01b0\u1ee3c thi\u1ebft k\u1ebf \u0111\u1eb7c bi\u1ec7t cho c\u00e1c \u1ee9ng d\u1ee5ng y\u00eau c\u1ea7u th\u1ebb c\u00f3 th\u1ec3 ch\u1ecbu \u0111\u01b0\u1ee3c m\u00f4i tr\u01b0\u1eddng kh\u1eafc nghi\u1ec7t. B\u1ea5t ch\u1ea5p s\u1ef1 ph\u1ed5 bi\u1ebfn c\u1ee7a b\u1ed9 ti\u1ebfp s\u00f3ng gi\u1eb7t UHF tr\u00ean th\u1ecb tr\u01b0\u1eddng, v\u1eabn c\u00f3 nh\u1eefng tr\u01b0\u1eddng h\u1ee3p c\u1ea7n c\u00f3 th\u1ebb n\u00fat RFID t\u01b0\u01a1ng th\u00edch v\u1edbi \u1ee9ng d\u1ee5ng di \u0111\u1ed9ng. B\u1ed9 ti\u1ebfp s\u00f3ng gi\u1eb7t RFID ki\u1ec3u n\u00fat \u0111\u00e1p \u1ee9ng nh\u1eefng nhu c\u1ea7u \u0111\u00f3 m\u1ed9t c\u00e1ch hi\u1ec7u qu\u1ea3. T\u00ednh linh ho\u1ea1t v\u00e0 ch\u1ee9c n\u0103ng v\u01b0\u1ee3t tr\u1ed9i c\u1ee7a ch\u00fang mang l\u1ea1i l\u1ee3i \u00edch \u0111\u00e1ng k\u1ec3 trong vi\u1ec7c theo d\u00f5i v\u00e0 x\u00e1c \u0111\u1ecbnh h\u00e0ng d\u1ec7t may v\u00e0 gi\u1eb7t l\u00e0 c\u00f4ng nghi\u1ec7p tr\u00ean nhi\u1ec1u l\u0129nh v\u1ef1c kh\u00e1c nhau.<\/p>","protected":false},"featured_media":75,"template":"","meta":{"_kad_post_transparent":"default","_kad_post_title":"","_kad_post_layout":"default","_kad_post_sidebar_id":"","_kad_post_content_style":"default","_kad_post_vertical_padding":"default","_kad_post_feature":"","_kad_post_feature_position":"","_kad_post_header":false,"_kad_post_footer":false,"_kad_post_classname":""},"product_brand":[],"product_cat":[21],"product_tag":[43,35,44],"class_list":{"0":"post-74","1":"product","2":"type-product","3":"status-publish","4":"has-post-thumbnail","6":"product_cat-pps-rfid-laundry-tag","7":"product_tag-pps-rfid-washable-laundry-tags","8":"product_tag-rfid-button","9":"product_tag-rfid-washable-laundry-tags","11":"first","12":"instock","13":"shipping-taxable","14":"product-type-simple","15":"entry","16":"content-bg","17":"loop-entry"},"_links":{"self":[{"href":"https:\/\/rfid-laundry-tag.com\/vi\/wp-json\/wp\/v2\/product\/74","targetHints":{"allow":["GET"]}}],"collection":[{"href":"https:\/\/rfid-laundry-tag.com\/vi\/wp-json\/wp\/v2\/product"}],"about":[{"href":"https:\/\/rfid-laundry-tag.com\/vi\/wp-json\/wp\/v2\/types\/product"}],"version-history":[{"count":0,"href":"https:\/\/rfid-laundry-tag.com\/vi\/wp-json\/wp\/v2\/product\/74\/revisions"}],"wp:featuredmedia":[{"embeddable":true,"href":"https:\/\/rfid-laundry-tag.com\/vi\/wp-json\/wp\/v2\/media\/75"}],"wp:attachment":[{"href":"https:\/\/rfid-laundry-tag.com\/vi\/wp-json\/wp\/v2\/media?parent=74"}],"wp:term":[{"taxonomy":"product_brand","embeddable":true,"href":"https:\/\/rfid-laundry-tag.com\/vi\/wp-json\/wp\/v2\/product_brand?post=74"},{"taxonomy":"product_cat","embeddable":true,"href":"https:\/\/rfid-laundry-tag.com\/vi\/wp-json\/wp\/v2\/product_cat?post=74"},{"taxonomy":"product_tag","embeddable":true,"href":"https:\/\/rfid-laundry-tag.com\/vi\/wp-json\/wp\/v2\/product_tag?post=74"}],"curies":[{"name":"wp","href":"https:\/\/api.w.org\/{rel}","templated":true}]}}