{"id":738,"date":"2024-07-16T17:34:30","date_gmt":"2024-07-16T17:34:30","guid":{"rendered":"https:\/\/rfid-laundry-tag.com\/?post_type=product&#038;p=738"},"modified":"2024-08-14T16:36:09","modified_gmt":"2024-08-14T16:36:09","slug":"dia25mm-nxp-ntag215-rfid-nfc-inlay","status":"publish","type":"product","link":"https:\/\/rfid-laundry-tag.com\/vi\/dia25mm-nxp-ntag215-rfid-nfc-inlay\/","title":{"rendered":"T\u1ea5m l\u00f3t RFID NFC NXP Ntag215 Dia25mm"},"content":{"rendered":"<h2>Dia25mm NXP Ntag215 RFID NFC Inlay<\/h2>\n<table>\n<tbody>\n<tr>\n<td>Material<\/td>\n<td>Paper, Self-adhesive Paper, thermal paper, PET,PVC, PET,etc<\/td>\n<\/tr>\n<tr>\n<td>NFC\u00a0Forum\u00a0compliance<\/td>\n<td>Type\u00a02\u00a0Tag<\/td>\n<\/tr>\n<tr>\n<td data-spm-anchor-id=\"a2700.details.0.i47.736237d8qhmWiD\">Input\u00a0capacitance\u00a0[pF]<\/td>\n<td>50<\/td>\n<\/tr>\n<tr>\n<td>NFC\u00a0tag\u00a0type\u00a0baudrate\u00a0[kbit\/s]<\/td>\n<td>106<\/td>\n<\/tr>\n<tr>\n<td>Product\u00a0description<\/td>\n<td>Passive\u00a0NFC\u00a0tag\u00a0for\u00a0smart\u00a0inlays,labels\u00a0and\u00a0tags<\/td>\n<\/tr>\n<tr>\n<td>Ntag\u00a0chip<\/td>\n<td>NXP NTAG 213\/215\/216<\/td>\n<\/tr>\n<tr>\n<td>User\u00a0memory\u00a0[Bytes]<\/td>\n<td>144\/504\/888<\/td>\n<\/tr>\n<tr>\n<td>Operating\u00a0distance\u00a0up\u00a0to\u00a0[mm]\u00a0(1)<\/td>\n<td>100<\/td>\n<\/tr>\n<tr>\n<td>Package<\/td>\n<td>Wafer,\u00a0M0A8<\/td>\n<\/tr>\n<tr>\n<td>Temperature\u00a0range\u00a0[\u00b0C]<\/td>\n<td>-25\u00a0to\u00a0+70<\/td>\n<\/tr>\n<tr>\n<td colspan=\"2\">Security\u00a0features<\/td>\n<\/tr>\n<tr>\n<td>UID\u00a0ASCII\u00a0mirror\u00a0&amp;\u00a0NFC\u00a0counter\u00a0ASCII\u00a0mirror<\/td>\n<td>Yes<\/td>\n<\/tr>\n<tr>\n<td>Authentication\u00a0via\u00a0ECC<\/td>\n<td>Yes<\/td>\n<\/tr>\n<tr>\n<td>Access\u00a0keys<\/td>\n<td>32\u00a0bit<\/td>\n<\/tr>\n<tr>\n<td>Read\/Write\u00a0protection<\/td>\n<td>NFC<\/td>\n<\/tr>\n<tr>\n<td>Password\u00a0authentication\u00a0counter<\/td>\n<td data-spm-anchor-id=\"a2700.details.0.i46.736237d8qhmWiD\">Yes<\/td>\n<\/tr>\n<\/tbody>\n<\/table>\n<p>&nbsp;<\/p>\n<p><strong>Benefits:<\/strong><\/p>\n<ul>\n<li><strong>Secure Data Storage:<\/strong>\u00a0NTAG215 chip offers robust data protection with advanced security features.<\/li>\n<li><strong>Customizable:<\/strong>\u00a0Various material options allow for tailoring to specific needs.<\/li>\n<li><strong>Wide Application Range:<\/strong>\u00a0Suitable for smart inlays, labels, and tags in various industries.<\/li>\n<li><strong>Easy Integration:<\/strong>\u00a0Compact design and versatile materials enable seamless integration into existing systems.<\/li>\n<\/ul>\n<p><strong>This 25mm NFC inlay delivers a reliable and secure solution for smart tagging applications.<\/strong><\/p>\n","protected":false},"excerpt":{"rendered":"<p>L\u1edbp ph\u1ee7 NFC RFID NXP Ntag215. Ho\u00e0n h\u1ea3o cho nh\u00e3n, nh\u00e3n d\u00e1n v\u00e0 nhi\u1ec1u th\u1ee9 kh\u00e1c. C\u00f3 chip NTAG 215 (504 byte), v\u1eadt li\u1ec7u d\u00ednh trong su\u1ed1t, tu\u00e2n th\u1ee7 NFC Forum Type 2.<\/p>","protected":false},"featured_media":739,"template":"","meta":{"_kad_post_transparent":"default","_kad_post_title":"","_kad_post_layout":"default","_kad_post_sidebar_id":"","_kad_post_content_style":"default","_kad_post_vertical_padding":"default","_kad_post_feature":"","_kad_post_feature_position":"","_kad_post_header":false,"_kad_post_footer":false,"_kad_post_classname":""},"product_brand":[],"product_cat":[189,54],"product_tag":[195,111],"class_list":{"0":"post-738","1":"product","2":"type-product","3":"status-publish","4":"has-post-thumbnail","6":"product_cat-rfid-inlay","7":"product_cat-hot-selling-rfid-tags","8":"product_tag-dia25mm-nxp-ntag215-rfid-nfc-inlay","9":"product_tag-nfc-inlay","11":"first","12":"instock","13":"shipping-taxable","14":"product-type-simple","15":"entry","16":"content-bg","17":"loop-entry"},"_links":{"self":[{"href":"https:\/\/rfid-laundry-tag.com\/vi\/wp-json\/wp\/v2\/product\/738","targetHints":{"allow":["GET"]}}],"collection":[{"href":"https:\/\/rfid-laundry-tag.com\/vi\/wp-json\/wp\/v2\/product"}],"about":[{"href":"https:\/\/rfid-laundry-tag.com\/vi\/wp-json\/wp\/v2\/types\/product"}],"version-history":[{"count":3,"href":"https:\/\/rfid-laundry-tag.com\/vi\/wp-json\/wp\/v2\/product\/738\/revisions"}],"predecessor-version":[{"id":1326,"href":"https:\/\/rfid-laundry-tag.com\/vi\/wp-json\/wp\/v2\/product\/738\/revisions\/1326"}],"wp:featuredmedia":[{"embeddable":true,"href":"https:\/\/rfid-laundry-tag.com\/vi\/wp-json\/wp\/v2\/media\/739"}],"wp:attachment":[{"href":"https:\/\/rfid-laundry-tag.com\/vi\/wp-json\/wp\/v2\/media?parent=738"}],"wp:term":[{"taxonomy":"product_brand","embeddable":true,"href":"https:\/\/rfid-laundry-tag.com\/vi\/wp-json\/wp\/v2\/product_brand?post=738"},{"taxonomy":"product_cat","embeddable":true,"href":"https:\/\/rfid-laundry-tag.com\/vi\/wp-json\/wp\/v2\/product_cat?post=738"},{"taxonomy":"product_tag","embeddable":true,"href":"https:\/\/rfid-laundry-tag.com\/vi\/wp-json\/wp\/v2\/product_tag?post=738"}],"curies":[{"name":"wp","href":"https:\/\/api.w.org\/{rel}","templated":true}]}}