{"id":734,"date":"2024-07-16T17:22:48","date_gmt":"2024-07-16T17:22:48","guid":{"rendered":"https:\/\/rfid-laundry-tag.com\/?post_type=product&#038;p=734"},"modified":"2024-08-14T16:36:57","modified_gmt":"2024-08-14T16:36:57","slug":"10x20mm-nfc-ntag213-wet-inlay","status":"publish","type":"product","link":"https:\/\/rfid-laundry-tag.com\/vi\/10x20mm-nfc-ntag213-wet-inlay\/","title":{"rendered":"Mi\u1ebfng l\u00f3t \u01b0\u1edbt NFC NTAG213 10x20mm"},"content":{"rendered":"<h2>Mi\u1ebfng l\u00f3t \u01b0\u1edbt NFC NTAG213 10x20mm<\/h2>\n<p><strong>Nh\u1ecf g\u1ecdn v\u00e0 \u0111a n\u0103ng, mi\u1ebfng d\u00e1n NFC \u01b0\u1edbt 10x20mm n\u00e0y l\u00fd t\u01b0\u1edfng cho nhi\u1ec1u \u1ee9ng d\u1ee5ng kh\u00e1c nhau.<\/strong><\/p>\n<p><strong>\u0110\u1eb7c tr\u01b0ng:<\/strong><\/p>\n<ul>\n<li><strong>Chip:<\/strong>\u00a0NTAG213<\/li>\n<li><strong>Giao th\u1ee9c:<\/strong>\u00a0Ti\u00eau chu\u1ea9n ISO\/IEC 14443A<\/li>\n<li><strong>\u0110\u1ed9 b\u1ec1n \u0111\u1ecdc\/ghi:<\/strong>\u00a0100.000 chu k\u1ef3<\/li>\n<li><strong>Nhi\u1ec7t \u0111\u1ed9 ho\u1ea1t \u0111\u1ed9ng:<\/strong>\u00a0-25\u00b0C \u0111\u1ebfn +70\u00b0C<\/li>\n<li><strong>T\u00f9y ch\u1ecdn v\u1eadt li\u1ec7u:<\/strong>\u00a0Gi\u1ea5y, PVC ho\u1eb7c PET<\/li>\n<li><strong>T\u00f9y ch\u1ec9nh:<\/strong>\u00a0C\u00f3 th\u1ec3 in logo t\u00f9y ch\u1ec9nh<\/li>\n<\/ul>\n<p><strong>Nh\u1eefng l\u1ee3i \u00edch:<\/strong><\/p>\n<ul>\n<li><strong>\u1ee8ng d\u1ee5ng d\u1ec5 d\u00e0ng:<\/strong>\u00a0Thi\u1ebft k\u1ebf kh\u1ea3m \u01b0\u1edbt v\u1edbi l\u1edbp keo d\u00ednh \u1edf m\u1eb7t sau \u0111\u1ec3 d\u1ec5 d\u00e0ng g\u1eafn v\u00e0o.<\/li>\n<li><strong>Hi\u1ec7u su\u1ea5t \u0111\u00e1ng tin c\u1eady:<\/strong>\u00a0Chip v\u00e0 c\u1ea5u tr\u00fac ch\u1ea5t l\u01b0\u1ee3ng cao \u0111\u1ea3m b\u1ea3o ho\u1ea1t \u0111\u1ed9ng \u1ed5n \u0111\u1ecbnh.<\/li>\n<li><strong>L\u01b0u tr\u1eef d\u1eef li\u1ec7u an to\u00e0n:<\/strong>\u00a0Chip NTAG213 cung c\u1ea5p kh\u1ea3 n\u0103ng l\u01b0u tr\u1eef d\u1eef li\u1ec7u an to\u00e0n cho th\u00f4ng tin nh\u1ea1y c\u1ea3m.<\/li>\n<li><strong>C\u00f4ng d\u1ee5ng \u0111a d\u1ea1ng:<\/strong>\u00a0Ho\u00e0n h\u1ea3o cho vi\u1ec7c nh\u1eadn d\u1ea1ng s\u1ea3n ph\u1ea9m, theo d\u00f5i t\u00e0i s\u1ea3n, chi\u1ebfn d\u1ecbch qu\u1ea3ng c\u00e1o, v.v.<\/li>\n<\/ul>","protected":false},"excerpt":{"rendered":"<p>NFC NTAG213 Wet Inlay, NFC Wet Inlay 13,5MHz v\u1edbi chip NTAG213, c\u00f3 k\u00edch th\u01b0\u1edbc 10x20mm v\u00e0 m\u1eb7t sau c\u00f3 keo d\u00e1n \u0111\u1ec3 d\u1ec5 d\u00e0ng s\u1eed d\u1ee5ng<\/p>","protected":false},"featured_media":735,"template":"","meta":{"_kad_post_transparent":"default","_kad_post_title":"","_kad_post_layout":"default","_kad_post_sidebar_id":"","_kad_post_content_style":"default","_kad_post_vertical_padding":"default","_kad_post_feature":"","_kad_post_feature_position":"","_kad_post_header":false,"_kad_post_footer":false,"_kad_post_classname":""},"product_brand":[],"product_cat":[189,54],"product_tag":[193,194],"class_list":{"0":"post-734","1":"product","2":"type-product","3":"status-publish","4":"has-post-thumbnail","6":"product_cat-rfid-inlay","7":"product_cat-hot-selling-rfid-tags","8":"product_tag-nfc-ntag213-wet-inlay","9":"product_tag-nfc-rfid-inlay","11":"first","12":"instock","13":"shipping-taxable","14":"product-type-simple","15":"entry","16":"content-bg","17":"loop-entry"},"_links":{"self":[{"href":"https:\/\/rfid-laundry-tag.com\/vi\/wp-json\/wp\/v2\/product\/734","targetHints":{"allow":["GET"]}}],"collection":[{"href":"https:\/\/rfid-laundry-tag.com\/vi\/wp-json\/wp\/v2\/product"}],"about":[{"href":"https:\/\/rfid-laundry-tag.com\/vi\/wp-json\/wp\/v2\/types\/product"}],"version-history":[{"count":3,"href":"https:\/\/rfid-laundry-tag.com\/vi\/wp-json\/wp\/v2\/product\/734\/revisions"}],"predecessor-version":[{"id":1327,"href":"https:\/\/rfid-laundry-tag.com\/vi\/wp-json\/wp\/v2\/product\/734\/revisions\/1327"}],"wp:featuredmedia":[{"embeddable":true,"href":"https:\/\/rfid-laundry-tag.com\/vi\/wp-json\/wp\/v2\/media\/735"}],"wp:attachment":[{"href":"https:\/\/rfid-laundry-tag.com\/vi\/wp-json\/wp\/v2\/media?parent=734"}],"wp:term":[{"taxonomy":"product_brand","embeddable":true,"href":"https:\/\/rfid-laundry-tag.com\/vi\/wp-json\/wp\/v2\/product_brand?post=734"},{"taxonomy":"product_cat","embeddable":true,"href":"https:\/\/rfid-laundry-tag.com\/vi\/wp-json\/wp\/v2\/product_cat?post=734"},{"taxonomy":"product_tag","embeddable":true,"href":"https:\/\/rfid-laundry-tag.com\/vi\/wp-json\/wp\/v2\/product_tag?post=734"}],"curies":[{"name":"wp","href":"https:\/\/api.w.org\/{rel}","templated":true}]}}