{"id":731,"date":"2024-07-16T17:14:51","date_gmt":"2024-07-16T17:14:51","guid":{"rendered":"https:\/\/rfid-laundry-tag.com\/?post_type=product&#038;p=731"},"modified":"2024-08-14T16:37:34","modified_gmt":"2024-08-14T16:37:34","slug":"uhf-rfid-dry-inlays-with-nxp-ucode-9","status":"publish","type":"product","link":"https:\/\/rfid-laundry-tag.com\/vi\/uhf-rfid-dry-inlays-with-nxp-ucode-9\/","title":{"rendered":"L\u1edbp ph\u1ee7 kh\u00f4 RFID UHF v\u1edbi NXP Ucode 9"},"content":{"rendered":"<h2>L\u1edbp ph\u1ee7 kh\u00f4 RFID UHF v\u1edbi NXP-Ucode 9<\/h2>\n<ul>\n<li><strong>T\u00ednh th\u01b0\u1eddng xuy\u00ean:<\/strong>\u00a0860-960MHz<\/li>\n<li><strong>Giao th\u1ee9c:<\/strong>\u00a0ISO18000-6C<\/li>\n<li><strong>Ph\u1ea1m vi \u0111\u1ecdc:<\/strong>\u00a0Ph\u1ea1m vi \u0111\u1ecdc xa (l\u00ean \u0111\u1ebfn 10 m\u00e9t)<\/li>\n<li><strong>T\u00f9y ch\u1ecdn chip:<\/strong>\n<ul>\n<li><strong>NXP-Ucode9:<\/strong>\u00a0Chip hi\u1ec7u su\u1ea5t cao v\u1edbi c\u00e1c t\u00ednh n\u0103ng b\u1ea3o m\u1eadt n\u00e2ng cao.<\/li>\n<li><strong>C\u00e1c l\u1ef1a ch\u1ecdn kh\u00e1c:<\/strong>\u00a0Ng\u01b0\u1eddi ngo\u00e0i h\u00e0nh tinh H3, Monza R6, NXP-Ucode8, NXP-Ucode7<\/li>\n<\/ul>\n<\/li>\n<\/ul>\n<p><strong>T\u00f9y ch\u1ecdn t\u00f9y ch\u1ec9nh:<\/strong><\/p>\n<p>Ch\u00fang t\u00f4i cung c\u1ea5p nhi\u1ec1u t\u00f9y ch\u1ecdn t\u00f9y ch\u1ec9nh cho mi\u1ebfng d\u00e1n RFID, bao g\u1ed3m:<\/p>\n<ul>\n<li><strong>Nguy\u00ean v\u1eadt li\u1ec7u:<\/strong>\u00a0Gi\u1ea5y tr\u00e1ng ph\u1ee7, PVC, PET, Gi\u1ea5y d\u1ec5 v\u1ee1, v.v.<\/li>\n<li><strong>K\u00edch c\u1ee1:<\/strong>\u00a0K\u00edch th\u01b0\u1edbc t\u00f9y ch\u1ec9nh \u0111\u1ec3 ph\u00f9 h\u1ee3p v\u1edbi k\u00edch th\u01b0\u1edbc s\u1ea3n ph\u1ea9m c\u1ee5 th\u1ec3.<\/li>\n<li><strong>In \u1ea5n:<\/strong>\u00a0In logo, in s\u1ed1, in m\u00e3 v\u1ea1ch.<\/li>\n<li><strong>M\u00e3 h\u00f3a &amp; M\u00e3 h\u00f3a:<\/strong>\u00a0L\u01b0u tr\u1eef v\u00e0 truy\u1ec1n d\u1eef li\u1ec7u an to\u00e0n.<\/li>\n<\/ul>\n<p><strong>L\u1edbp ph\u1ee7 RFID<\/strong>\u00a0l\u00e0 tr\u00e1i tim c\u1ee7a h\u1ec7 th\u1ed1ng RFID, ch\u1ee9a vi m\u1ea1ch (IC) v\u00e0 \u0103ng-ten cho ph\u00e9p giao ti\u1ebfp v\u1edbi \u0111\u1ea7u \u0111\u1ecdc. Ch\u00fang \u0111\u01b0\u1ee3c ph\u00e2n lo\u1ea1i th\u00e0nh hai lo\u1ea1i ch\u00ednh d\u1ef1a tr\u00ean c\u1ea5u tr\u00fac c\u1ee7a ch\u00fang:<\/p>\n<p><strong>1. L\u1edbp ph\u1ee7 kh\u00f4 RFID:<\/strong><\/p>\n<ul>\n<li><strong>S\u1ef1 mi\u00eau t\u1ea3:<\/strong>\u00a0L\u1edbp kh\u1ea3m kh\u00f4 \u0111\u01b0\u1ee3c thi\u1ebft k\u1ebf \u0111\u1ec3 t\u00edch h\u1ee3p tr\u1ef1c ti\u1ebfp v\u00e0o v\u1eadt li\u1ec7u ho\u1eb7c ch\u1ea5t n\u1ec1n. Ch\u00fang kh\u00f4ng c\u00f3 l\u1edbp n\u1ec1n d\u00ednh, khi\u1ebfn ch\u00fang tr\u1edf n\u00ean l\u00fd t\u01b0\u1edfng cho c\u00e1c \u1ee9ng d\u1ee5ng \u0111\u00f2i h\u1ecfi ph\u1ea3i g\u1eafn c\u1ed1 \u0111\u1ecbnh. Ch\u00fang th\u01b0\u1eddng c\u00f3 b\u1ec1 m\u1eb7t nhi\u1ec1u l\u1edbp.<\/li>\n<li><strong>C\u00e1c t\u00ednh n\u0103ng ch\u00ednh:<\/strong>\n<ul>\n<li><strong>Kh\u00f4ng c\u00f3 ch\u1ea5t k\u1ebft d\u00ednh:<\/strong>\u00a0Lo\u1ea1i b\u1ecf nhu c\u1ea7u s\u1eed d\u1ee5ng c\u00e1c b\u01b0\u1edbc d\u00e1n keo b\u1ed5 sung.<\/li>\n<li><strong>T\u00edch h\u1ee3p tr\u1ef1c ti\u1ebfp:<\/strong>\u00a0D\u1ec5 d\u00e0ng k\u1ebft h\u1ee3p v\u00e0o s\u1ea3n ph\u1ea9m, bao b\u00ec ho\u1eb7c c\u00e1c v\u1eadt li\u1ec7u kh\u00e1c.<\/li>\n<li><strong>K\u1ebft c\u1ea5u b\u1ec1n b\u1ec9:<\/strong>\u00a0Ch\u1ed1ng m\u00e0i m\u00f2n v\u00e0 h\u01b0 h\u1ecfng, ph\u00f9 h\u1ee3p v\u1edbi nh\u1eefng m\u00f4i tr\u01b0\u1eddng kh\u1eafc nghi\u1ec7t.<\/li>\n<\/ul>\n<\/li>\n<\/ul>\n<p><strong>2. L\u1edbp ph\u1ee7 RFID \u01b0\u1edbt:<\/strong><\/p>\n<ul>\n<li><strong>S\u1ef1 mi\u00eau t\u1ea3:<\/strong>\u00a0Mi\u1ebfng d\u00e1n \u01b0\u1edbt c\u00f3 l\u1edbp n\u1ec1n d\u00ednh, cho ph\u00e9p d\u00e1n tr\u1ef1c ti\u1ebfp l\u00ean s\u1ea3n ph\u1ea9m ho\u1eb7c chuy\u1ec3n \u0111\u1ed5i th\u00e0nh nh\u00e3n th\u00f4ng minh. \u0110i\u1ec1u n\u00e0y khi\u1ebfn ch\u00fang tr\u1edf th\u00e0nh gi\u1ea3i ph\u00e1p ti\u1ebft ki\u1ec7m chi ph\u00ed cho vi\u1ec7c g\u1eafn nh\u00e3n kh\u1ed1i l\u01b0\u1ee3ng l\u1edbn.<\/li>\n<li><strong>C\u00e1c t\u00ednh n\u0103ng ch\u00ednh:<\/strong>\n<ul>\n<li><strong>L\u1edbp keo d\u00e1n ph\u00eda sau:<\/strong>\u00a0C\u00f3 th\u1ec3 d\u1ec5 d\u00e0ng \u00e1p d\u1ee5ng tr\u00ean nhi\u1ec1u b\u1ec1 m\u1eb7t kh\u00e1c nhau.<\/li>\n<li><strong>Hi\u1ec7u qu\u1ea3 v\u1ec1 m\u1eb7t chi ph\u00ed:<\/strong>\u00a0L\u00fd t\u01b0\u1edfng cho c\u00e1c d\u1ef1 \u00e1n g\u1eafn th\u1ebb kh\u1ed1i l\u01b0\u1ee3ng l\u1edbn.<\/li>\n<li><strong>\u1ee8ng d\u1ee5ng \u0111a n\u0103ng:<\/strong>\u00a0Ph\u00f9 h\u1ee3p v\u1edbi nh\u1eefng s\u1ea3n ph\u1ea9m c\u1ea7n g\u1eafn th\u1ebb t\u1ea1m th\u1eddi ho\u1eb7c v\u0129nh vi\u1ec5n.<\/li>\n<\/ul>\n<\/li>\n<\/ul>","protected":false},"excerpt":{"rendered":"<p>L\u1edbp ph\u1ee7 kh\u00f4 RFID UHF v\u1edbi NXP Ucode 9 \u0111\u1ec3 t\u0103ng c\u01b0\u1eddng b\u1ea3o m\u1eadt v\u00e0 l\u01b0u tr\u1eef d\u1eef li\u1ec7u. T\u00edch h\u1ee3p tr\u1ef1c ti\u1ebfp v\u00e0o v\u1eadt li\u1ec7u.<\/p>","protected":false},"featured_media":732,"template":"","meta":{"_kad_post_transparent":"default","_kad_post_title":"","_kad_post_layout":"default","_kad_post_sidebar_id":"","_kad_post_content_style":"default","_kad_post_vertical_padding":"default","_kad_post_feature":"","_kad_post_feature_position":"","_kad_post_header":false,"_kad_post_footer":false,"_kad_post_classname":""},"product_brand":[],"product_cat":[189,54],"product_tag":[192,191],"class_list":{"0":"post-731","1":"product","2":"type-product","3":"status-publish","4":"has-post-thumbnail","6":"product_cat-rfid-inlay","7":"product_cat-hot-selling-rfid-tags","8":"product_tag-uhf-rfid-dry-inlays","9":"product_tag-uhf-rfid-dry-inlays-with-nxp-ucode-9","11":"first","12":"instock","13":"shipping-taxable","14":"product-type-simple","15":"entry","16":"content-bg","17":"loop-entry"},"_links":{"self":[{"href":"https:\/\/rfid-laundry-tag.com\/vi\/wp-json\/wp\/v2\/product\/731","targetHints":{"allow":["GET"]}}],"collection":[{"href":"https:\/\/rfid-laundry-tag.com\/vi\/wp-json\/wp\/v2\/product"}],"about":[{"href":"https:\/\/rfid-laundry-tag.com\/vi\/wp-json\/wp\/v2\/types\/product"}],"version-history":[{"count":4,"href":"https:\/\/rfid-laundry-tag.com\/vi\/wp-json\/wp\/v2\/product\/731\/revisions"}],"predecessor-version":[{"id":1329,"href":"https:\/\/rfid-laundry-tag.com\/vi\/wp-json\/wp\/v2\/product\/731\/revisions\/1329"}],"wp:featuredmedia":[{"embeddable":true,"href":"https:\/\/rfid-laundry-tag.com\/vi\/wp-json\/wp\/v2\/media\/732"}],"wp:attachment":[{"href":"https:\/\/rfid-laundry-tag.com\/vi\/wp-json\/wp\/v2\/media?parent=731"}],"wp:term":[{"taxonomy":"product_brand","embeddable":true,"href":"https:\/\/rfid-laundry-tag.com\/vi\/wp-json\/wp\/v2\/product_brand?post=731"},{"taxonomy":"product_cat","embeddable":true,"href":"https:\/\/rfid-laundry-tag.com\/vi\/wp-json\/wp\/v2\/product_cat?post=731"},{"taxonomy":"product_tag","embeddable":true,"href":"https:\/\/rfid-laundry-tag.com\/vi\/wp-json\/wp\/v2\/product_tag?post=731"}],"curies":[{"name":"wp","href":"https:\/\/api.w.org\/{rel}","templated":true}]}}