{"id":727,"date":"2024-07-16T17:02:27","date_gmt":"2024-07-16T17:02:27","guid":{"rendered":"https:\/\/rfid-laundry-tag.com\/?post_type=product&#038;p=727"},"modified":"2024-09-16T05:10:50","modified_gmt":"2024-09-16T05:10:50","slug":"alien-h9-9662-rfid-inlay-sticker","status":"publish","type":"product","link":"https:\/\/rfid-laundry-tag.com\/vi\/alien-h9-9662-rfid-inlay-sticker\/","title":{"rendered":"Mi\u1ebfng d\u00e1n RFID Alien H9 9662"},"content":{"rendered":"<h2>Mi\u1ebfng d\u00e1n RFID Alien H9 9662<\/h2>\n<p><strong>T\u00ednh th\u01b0\u1eddng xuy\u00ean:<\/strong>\u00a0UHF 860-960MHz<br \/>\n<strong>Chip:<\/strong> NG\u01af\u1edcI NGO\u00c0I H\u1eceI Higgs-3, NG\u01af\u1edcI NGO\u00c0I H9<br \/>\n<strong>Giao th\u1ee9c:<\/strong>\u00a0EPC L\u1edbp 1 Gen2, ISO18000-6C<br \/>\n<strong>K\u00fd \u1ee9c:<\/strong><\/p>\n<ul>\n<li>EPC: 96 bit<\/li>\n<li>TID: 32 bit<\/li>\n<li>Ng\u01b0\u1eddi d\u00f9ng: 512 bit<br \/>\n<strong>Kho\u1ea3ng c\u00e1ch \u0111\u1ecdc:<\/strong>\u00a01~8 m\u00e9t (t\u00f9y thu\u1ed9c v\u00e0o ng\u01b0\u1eddi \u0111\u1ecdc)<\/li>\n<\/ul>\n<p><strong>K\u00edch th\u01b0\u1edbc:<\/strong> 82,50 x 25,40mm<br \/>\n<strong>\u0110\u1ecbnh d\u1ea1ng:<\/strong> Kh\u1ea3m kh\u00f4, Kh\u1ea3m \u01b0\u1edbt<br \/>\nS\u1ea3n xu\u1ea5t ch\u1ea5t l\u01b0\u1ee3ng cao mang l\u1ea1i hi\u1ec7u su\u1ea5t \u0111\u00e1ng tin c\u1eady trong m\u00f4i tr\u01b0\u1eddng ph\u1ee9c t\u1ea1p.<\/p>\n<h4 class=\"alternative\">\u0110i\u1ec3m n\u1ed5i b\u1eadt c\u1ee7a chip Alien H9<\/h4>\n<ul>\n<li>Tu\u00e2n th\u1ee7 GS1 Class 1 Gen 2 v\u00e0 ISO\/IEC 18000-6C<\/li>\n<li>Ho\u1ea1t \u0111\u1ed9ng tr\u00ean to\u00e0n th\u1ebf gi\u1edbi trong b\u0103ng t\u1ea7n RFID UHF (840-960 MHz)<\/li>\n<li>1024-Bit b\u1ed9 nh\u1edb NVM\/RAM<\/li>\n<li>L\u00ean \u0111\u1ebfn 496-EPC Bit (tr\u00ean danh ngh\u0129a l\u00e0 96 bit)<\/li>\n<li>L\u00ean \u0111\u1ebfn 688 Bit Ng\u01b0\u1eddi d\u00f9ng<\/li>\n<li>TID duy nh\u1ea5t 48 bit<\/li>\n<li>Truy c\u1eadp 32 bit v\u00e0 Kill Pass 32 bit<br \/>\nt\u1eeb<\/li>\n<li>\u0110\u01b0\u1ee3c l\u1eadp tr\u00ecnh s\u1eb5n v\u1edbi m\u1ed9t duy nh\u1ea5t, kh\u00f4ng thay \u0111\u1ed5i-<br \/>\nc\u00f3 th\u1ec3 c\u00f3 s\u1ed1 s\u00ea-ri 48 bit<\/li>\n<li>B\u1ed9 nh\u1edb ng\u01b0\u1eddi d\u00f9ng c\u00f3 th\u1ec3 l\u00e0 Kh\u1ed1i v\u0129nh vi\u1ec5n<br \/>\n\u0110\u00e3 kh\u00f3a c\u0169ng nh\u01b0 \u0111\u1ecdc m\u1eadt kh\u1ea9u pro-<br \/>\n\u0111\u01b0\u1ee3c ki\u1ec3m tra trong kh\u1ed1i 256 bit<\/li>\n<li>Ho\u1ea1t \u0111\u1ed9ng c\u00f4ng su\u1ea5t th\u1ea5p cho c\u1ea3 \u0111\u1ecdc v\u00e0<br \/>\nch\u01b0\u01a1ng tr\u00ecnh<\/li>\n<li>QuickWrite\u2122 \/ BlastWrite\u2122 \u2013 T\u1ed1c \u0111\u1ed9 cao<br \/>\nl\u1eadp tr\u00ecnh chip &amp; kh\u1ed1i l\u01b0\u1ee3ng<\/li>\n<li>Dynamic AuthenticationTM ch\u1ed1ng sao ch\u00e9p \/<br \/>\nc\u00f4ng ngh\u1ec7 ch\u1ed1ng h\u00e0ng gi\u1ea3<\/li>\n<li>Ph\u1ea1m vi ho\u1ea1t \u0111\u1ed9ng \u0111\u1eb7c bi\u1ec7t, l\u00ean t\u1edbi 13m<br \/>\nv\u1edbi \u0103ng-ten ph\u00f9 h\u1ee3p.<\/li>\n<\/ul>\n<p><strong>\u1ee8ng d\u1ee5ng:<\/strong><\/p>\n<ul>\n<li>Qu\u1ea3n l\u00fd chu\u1ed7i cung \u1ee9ng<\/li>\n<li>Ph\u00e2n ph\u1ed1i h\u1eadu c\u1ea7n<\/li>\n<li>X\u00e1c th\u1ef1c s\u1ea3n ph\u1ea9m<\/li>\n<li>Ki\u1ec3m k\u00ea v\u00e0 theo d\u00f5i t\u00e0i s\u1ea3n<\/li>\n<li>X\u1eed l\u00fd v\u00e0 theo d\u00f5i h\u00e0nh l\u00fd<\/li>\n<\/ul>\n<p><strong>C\u00e1c t\u00ednh n\u0103ng ch\u00ednh:<\/strong><\/p>\n<ul>\n<li>Mi\u1ebfng d\u00e1n RFID UHF hi\u1ec7u su\u1ea5t cao<\/li>\n<li>Ph\u1ea1m vi \u0111\u1ecdc d\u00e0i v\u00e0 hi\u1ec7u su\u1ea5t \u0111\u00e1ng tin c\u1eady<\/li>\n<li>Th\u00edch h\u1ee3p cho nhi\u1ec1u \u1ee9ng d\u1ee5ng kh\u00e1c nhau \u0111\u00f2i h\u1ecfi kh\u1ea3 n\u0103ng theo d\u00f5i RFID m\u1ea1nh m\u1ebd<\/li>\n<li>S\u1eed d\u1ee5ng giao th\u1ee9c EPC Class 1 Gen2 ti\u00eau chu\u1ea9n c\u00f4ng nghi\u1ec7p<\/li>\n<\/ul>\n<p><strong>Ghi ch\u00fa:<\/strong>\u00a0Kho\u1ea3ng c\u00e1ch \u0111\u1ecdc th\u1ef1c t\u1ebf c\u00f3 th\u1ec3 thay \u0111\u1ed5i t\u00f9y thu\u1ed9c v\u00e0o c\u00e1c y\u1ebfu t\u1ed1 nh\u01b0 c\u00f4ng su\u1ea5t \u0111\u1ea7u \u0111\u1ecdc, thi\u1ebft k\u1ebf \u0103ng-ten, \u0111i\u1ec1u ki\u1ec7n m\u00f4i tr\u01b0\u1eddng v\u00e0 h\u01b0\u1edbng th\u1ebb.<\/p>\n<h2>C\u00e2u h\u1ecfi th\u01b0\u1eddng g\u1eb7p: Mi\u1ebfng d\u00e1n RFID Alien H9 9662<\/h2>\n<p><strong>T\u1ed5ng quan<\/strong><\/p>\n<ol>\n<li><strong>Ph\u1ea1m vi \u0111\u1ecdc c\u1ee7a Mi\u1ebfng d\u00e1n RFID Alien H9 9662 l\u00e0 bao nhi\u00eau?<\/strong><br \/>\nPh\u1ea1m vi \u0111\u1ecdc c\u1ee7a Mi\u1ebfng d\u00e1n RFID Alien H9 9662 c\u00f3 th\u1ec3 thay \u0111\u1ed5i t\u00f9y thu\u1ed9c v\u00e0o c\u00e1c y\u1ebfu t\u1ed1 nh\u01b0 \u0111\u1ea7u \u0111\u1ecdc \u0111\u01b0\u1ee3c s\u1eed d\u1ee5ng, c\u1ea5u h\u00ecnh \u0103ng-ten v\u00e0 \u0111i\u1ec1u ki\u1ec7n m\u00f4i tr\u01b0\u1eddng.<\/li>\n<li><strong>T\u1ea7n s\u1ed1 ho\u1ea1t \u0111\u1ed9ng c\u1ee7a Mi\u1ebfng d\u00e1n RFID Alien H9 9662 l\u00e0 bao nhi\u00eau?<\/strong><br \/>\nMi\u1ebfng d\u00e1n RFID Alien H9 9662 ho\u1ea1t \u0111\u1ed9ng trong d\u1ea3i t\u1ea7n UHF 865-868 MHz.<\/li>\n<li><strong>L\u1edbp ph\u1ee7 n\u00e0y c\u00f3 t\u01b0\u01a1ng th\u00edch v\u1edbi giao th\u1ee9c EPC Class 1 Gen2 kh\u00f4ng?<\/strong><br \/>\nC\u00f3, Mi\u1ebfng d\u00e1n RFID Alien H9 9662 t\u01b0\u01a1ng th\u00edch v\u1edbi giao th\u1ee9c EPC Class 1 Gen2.<\/li>\n<li><strong>K\u00edch th\u01b0\u1edbc c\u1ee7a mi\u1ebfng d\u00e1n RFID Alien H9 9662 l\u00e0 bao nhi\u00eau?<\/strong><br \/>\nC\u00f3 th\u1ec3 t\u00f9y ch\u1ec9nh m\u1ecdi k\u00edch th\u01b0\u1edbc.<\/li>\n<li><strong>L\u1edbp kh\u1ea3m c\u00f3 nhi\u1ec1u d\u1ea1ng kh\u00e1c nhau nh\u01b0 kh\u1ea3m kh\u00f4 hay kh\u1ea3m \u01b0\u1edbt kh\u00f4ng?<\/strong><br \/>\nC\u00f3, mi\u1ebfng kh\u1ea3m c\u00f3 s\u1eb5n \u1edf d\u1ea1ng kh\u00f4 ho\u1eb7c \u01b0\u1edbt.<\/li>\n<li><strong>Mi\u1ebfng d\u00e1n RFID Alien H9 9662 ho\u1ea1t \u0111\u1ed9ng nh\u01b0 th\u1ebf n\u00e0o trong m\u00f4i tr\u01b0\u1eddng ph\u1ee9c t\u1ea1p?<\/strong><br \/>\nMi\u1ebfng d\u00e1n RFID Alien H9 9662 \u0111\u01b0\u1ee3c thi\u1ebft k\u1ebf \u0111\u1ec3 ho\u1ea1t \u0111\u1ed9ng t\u1ed1t trong m\u00f4i tr\u01b0\u1eddng ph\u1ee9c t\u1ea1p. Tuy nhi\u00ean, c\u00e1c y\u1ebfu t\u1ed1 nh\u01b0 nhi\u1ec5u kim lo\u1ea1i, \u0111\u1ed9 \u1ea9m v\u00e0 nhi\u1ec7t \u0111\u1ed9 c\u00f3 th\u1ec3 \u1ea3nh h\u01b0\u1edfng \u0111\u1ebfn ph\u1ea1m vi \u0111\u1ecdc.<\/li>\n<\/ol>\n<p><strong>\u0110\u1eb7t h\u00e0ng v\u00e0 t\u00ecnh tr\u1ea1ng s\u1eb5n c\u00f3<\/strong><\/p>\n<ol>\n<li><strong>T\u00f4i c\u00f3 th\u1ec3 mua Mi\u1ebfng d\u00e1n RFID Alien H9 9662 \u1edf \u0111\u00e2u?<\/strong><br \/>\nC\u00f3, ch\u00fang t\u00f4i c\u00f3 th\u1ec3 b\u00e1n chip RFID, ch\u00fang t\u00f4i c\u00f3 h\u01a1n 12 n\u0103m kinh nghi\u1ec7m s\u1ea3n xu\u1ea5t.<\/li>\n<li><strong>Th\u1eddi gian giao h\u00e0ng l\u00e0 bao l\u00e2u?<\/strong><br \/>\n\u0110\u1ec1 c\u1eadp \u0111\u1ebfn th\u1eddi gian chu\u1ea9n b\u1ecb th\u00f4ng th\u01b0\u1eddng \u0111\u1ec3 x\u1eed l\u00fd \u0111\u01a1n h\u00e0ng. Nh\u01b0 th\u01b0\u1eddng l\u1ec7 l\u00e0 kho\u1ea3ng 10 ng\u00e0y<\/li>\n<li><strong>C\u00f3 s\u1ed1 l\u01b0\u1ee3ng \u0111\u1eb7t h\u00e0ng t\u1ed1i thi\u1ec3u kh\u00f4ng?<\/strong><br \/>\n1000 chi\u1ebfc<\/li>\n<li><strong>T\u00f4i c\u00f3 th\u1ec3 nh\u1eadn \u0111\u01b0\u1ee3c m\u1eabu mi\u1ebfng d\u00e1n RFID Alien H9 9662 kh\u00f4ng?<\/strong><br \/>\nC\u00f3, m\u1eabu mi\u1ec5n ph\u00ed<\/li>\n<\/ol>\n<p>&nbsp;<\/p>","protected":false},"excerpt":{"rendered":"<p>Mi\u1ebfng d\u00e1n RFID Alien H9 9662: Mi\u1ebfng d\u00e1n RFID UHF hi\u1ec7u su\u1ea5t cao d\u00f9ng \u0111\u1ec3 qu\u1ea3n l\u00fd chu\u1ed7i cung \u1ee9ng, theo d\u00f5i t\u00e0i s\u1ea3n, v.v.<\/p>","protected":false},"featured_media":728,"template":"","meta":{"_kad_post_transparent":"default","_kad_post_title":"","_kad_post_layout":"default","_kad_post_sidebar_id":"","_kad_post_content_style":"default","_kad_post_vertical_padding":"default","_kad_post_feature":"","_kad_post_feature_position":"","_kad_post_header":false,"_kad_post_footer":false,"_kad_post_classname":""},"product_brand":[],"product_cat":[189,54],"product_tag":[266,267,108],"class_list":{"0":"post-727","1":"product","2":"type-product","3":"status-publish","4":"has-post-thumbnail","6":"product_cat-rfid-inlay","7":"product_cat-hot-selling-rfid-tags","8":"product_tag-9662-rfid-inlay-sticker","9":"product_tag-h9-rfid-inlay","10":"product_tag-rfid-inlay","12":"first","13":"instock","14":"shipping-taxable","15":"product-type-simple","16":"entry","17":"content-bg","18":"loop-entry"},"_links":{"self":[{"href":"https:\/\/rfid-laundry-tag.com\/vi\/wp-json\/wp\/v2\/product\/727","targetHints":{"allow":["GET"]}}],"collection":[{"href":"https:\/\/rfid-laundry-tag.com\/vi\/wp-json\/wp\/v2\/product"}],"about":[{"href":"https:\/\/rfid-laundry-tag.com\/vi\/wp-json\/wp\/v2\/types\/product"}],"version-history":[{"count":2,"href":"https:\/\/rfid-laundry-tag.com\/vi\/wp-json\/wp\/v2\/product\/727\/revisions"}],"predecessor-version":[{"id":730,"href":"https:\/\/rfid-laundry-tag.com\/vi\/wp-json\/wp\/v2\/product\/727\/revisions\/730"}],"wp:featuredmedia":[{"embeddable":true,"href":"https:\/\/rfid-laundry-tag.com\/vi\/wp-json\/wp\/v2\/media\/728"}],"wp:attachment":[{"href":"https:\/\/rfid-laundry-tag.com\/vi\/wp-json\/wp\/v2\/media?parent=727"}],"wp:term":[{"taxonomy":"product_brand","embeddable":true,"href":"https:\/\/rfid-laundry-tag.com\/vi\/wp-json\/wp\/v2\/product_brand?post=727"},{"taxonomy":"product_cat","embeddable":true,"href":"https:\/\/rfid-laundry-tag.com\/vi\/wp-json\/wp\/v2\/product_cat?post=727"},{"taxonomy":"product_tag","embeddable":true,"href":"https:\/\/rfid-laundry-tag.com\/vi\/wp-json\/wp\/v2\/product_tag?post=727"}],"curies":[{"name":"wp","href":"https:\/\/api.w.org\/{rel}","templated":true}]}}