{"id":723,"date":"2024-07-16T16:29:22","date_gmt":"2024-07-16T16:29:22","guid":{"rendered":"https:\/\/rfid-laundry-tag.com\/?post_type=product&#038;p=723"},"modified":"2024-08-14T16:40:29","modified_gmt":"2024-08-14T16:40:29","slug":"uhf-rfid-inlay-monza-m4-chips","status":"publish","type":"product","link":"https:\/\/rfid-laundry-tag.com\/vi\/uhf-rfid-inlay-monza-m4-chips\/","title":{"rendered":"Chip RFID g\u1eafn trong UHF Monza M4"},"content":{"rendered":"<div>\n<ul>\n<li><strong>T\u00ean s\u1ea3n ph\u1ea9m:<\/strong>\u00a0Chip UHF RFID Inlay Monza M4\/M5<\/li>\n<li><strong>V\u1eadt li\u1ec7u:<\/strong>\u00a0Gi\u1ea5y tr\u00e1ng, PET, v.v.<\/li>\n<li><strong>Chip:<\/strong>\u00a0Xe Monza M4\/M5<\/li>\n<li><strong>M\u00e0u s\u1eafc:<\/strong>\u00a0Tr\u1eafng<\/li>\n<li><strong>Giao th\u1ee9c:<\/strong>\u00a0EPC to\u00e0n c\u1ea7u Class1 Gen2 ISO\/IEC 18000-6C<\/li>\n<li><strong>T\u00ednh th\u01b0\u1eddng xuy\u00ean:<\/strong>\u00a0860-960mhz<\/li>\n<li><strong>Ph\u1ea1m vi ng\u01b0\u1eddi \u0111\u1ecdc:<\/strong>\u00a06M~12M (t\u00f9y thu\u1ed9c v\u00e0o m\u00f4i tr\u01b0\u1eddng v\u00e0 kho\u1ea3ng c\u00e1ch \u0111\u1ecdc-ghi)<\/li>\n<li><strong>Ph\u01b0\u01a1ng ph\u00e1p l\u00e0m vi\u1ec7c:<\/strong>\u00a0Th\u1ee5 \u0111\u1ed9ng<\/li>\n<li><strong>Ho\u1ea1t \u0111\u1ed9ng t\u00e1i ch\u1ebf:<\/strong>\u00a0&gt;100000 l\u1ea7n<\/li>\n<li><strong>\u1ee8ng d\u1ee5ng:<\/strong>\u00a0Kh\u1ea3 n\u0103ng truy xu\u1ea5t ch\u1ed1ng h\u00e0ng gi\u1ea3, truy\u1ec1n d\u1eef li\u1ec7u.<\/li>\n<\/ul>\n<p><strong>M\u00f4 t\u1ea3 v\u1ec1 Chip RFID Inlay Monza M4 UHF:<\/strong><\/p>\n<p>C\u00e1c mi\u1ebfng d\u00e1n RFID UHF n\u00e0y, c\u00f3 chip Monza M4\/M5, \u0111\u01b0\u1ee3c thi\u1ebft k\u1ebf cho nhi\u1ec1u \u1ee9ng d\u1ee5ng \u0111\u00f2i h\u1ecfi kh\u1ea3 n\u0103ng truy\u1ec1n d\u1eef li\u1ec7u \u0111\u00e1ng tin c\u1eady v\u00e0 c\u00e1c bi\u1ec7n ph\u00e1p ch\u1ed1ng l\u00e0m gi\u1ea3.<\/p>\n<p><strong>C\u00e1c t\u00ednh n\u0103ng ch\u00ednh:<\/strong><\/p>\n<ul>\n<li><strong>\u0110\u1ed9 b\u1ec1n:<\/strong>\u00a0\u0110\u01b0\u1ee3c ch\u1ebf t\u1ea1o b\u1eb1ng v\u1eadt li\u1ec7u ch\u1ea5t l\u01b0\u1ee3ng cao \u0111\u1ec3 k\u00e9o d\u00e0i tu\u1ed5i th\u1ecd.<\/li>\n<li><strong>\u0110\u00e1ng tin c\u1eady:<\/strong>\u00a0Cung c\u1ea5p hi\u1ec7u su\u1ea5t m\u1ea1nh m\u1ebd \u0111\u1ec3 thu th\u1eadp d\u1eef li\u1ec7u ch\u00ednh x\u00e1c.<\/li>\n<li><strong>Linh ho\u1ea1t:<\/strong>\u00a0Ph\u00f9 h\u1ee3p v\u1edbi nhi\u1ec1u \u1ee9ng d\u1ee5ng kh\u00e1c nhau, bao g\u1ed3m theo d\u00f5i h\u00e0ng t\u1ed3n kho, qu\u1ea3n l\u00fd t\u00e0i s\u1ea3n v\u00e0 gi\u00e1m s\u00e1t chu\u1ed7i cung \u1ee9ng.<\/li>\n<li><strong>Ch\u1eafc ch\u1eafn:<\/strong>\u00a0G\u00f3p ph\u1ea7n ch\u1ed1ng h\u00e0ng gi\u1ea3 v\u00e0 \u0111\u1ea3m b\u1ea3o t\u00ednh x\u00e1c th\u1ef1c c\u1ee7a s\u1ea3n ph\u1ea9m.<\/li>\n<\/ul>\n<h2>Chip RFID Inlay UHF Monza M4\/M5: Nh\u1eefng c\u00e2u h\u1ecfi th\u01b0\u1eddng g\u1eb7p<\/h2>\n<p><strong>1. S\u1ef1 kh\u00e1c bi\u1ec7t gi\u1eefa chip Monza M4 v\u00e0 Monza M5 l\u00e0 g\u00ec?<\/strong><\/p>\n<p>Chip Monza M4 v\u00e0 M5 \u0111\u1ec1u l\u00e0 chip RFID UHF hi\u1ec7u su\u1ea5t cao. S\u1ef1 kh\u00e1c bi\u1ec7t ch\u00ednh n\u1eb1m \u1edf dung l\u01b0\u1ee3ng b\u1ed9 nh\u1edb c\u1ee7a ch\u00fang:<\/p>\n<ul>\n<li><strong>Monza M4:<\/strong>\u00a0Cung c\u1ea5p 128 bit b\u1ed9 nh\u1edb cho ng\u01b0\u1eddi d\u00f9ng.<\/li>\n<li><strong>Monza M5:<\/strong>\u00a0Cung c\u1ea5p 512 bit b\u1ed9 nh\u1edb cho ng\u01b0\u1eddi d\u00f9ng.<\/li>\n<\/ul>\n<p>\u0110i\u1ec1u n\u00e0y c\u00f3 ngh\u0129a l\u00e0 Monza M5 c\u00f3 th\u1ec3 l\u01b0u tr\u1eef nhi\u1ec1u d\u1eef li\u1ec7u h\u01a1n \u0111\u00e1ng k\u1ec3, l\u00fd t\u01b0\u1edfng cho c\u00e1c \u1ee9ng d\u1ee5ng y\u00eau c\u1ea7u l\u01b0u tr\u1eef d\u1eef li\u1ec7u l\u1edbn.<\/p>\n<p><strong>2. \u01afu \u0111i\u1ec3m c\u1ee7a vi\u1ec7c s\u1eed d\u1ee5ng chip RFID Inlay Monza M4 l\u00e0 g\u00ec?<\/strong><\/p>\n<p>Chip Monza M4\/M5 mang l\u1ea1i nhi\u1ec1u l\u1ee3i \u00edch:<\/p>\n<ul>\n<li><strong>Ph\u1ea1m vi \u0111\u1ecdc cao:<\/strong>\u00a0Ch\u00fang c\u00f3 ph\u1ea1m vi \u0111\u1ecdc tuy\u1ec7t v\u1eddi, c\u00f3 th\u1ec3 m\u1edf r\u1ed9ng l\u00ean t\u1edbi 12 m\u00e9t trong \u0111i\u1ec1u ki\u1ec7n t\u1ed1i \u01b0u.<\/li>\n<li><strong>T\u1ed1c \u0111\u1ed9 \u0111\u1ecdc\/ghi nhanh:<\/strong>\u00a0Nh\u1eefng con chip n\u00e0y cho ph\u00e9p truy c\u1eadp d\u1eef li\u1ec7u nhanh ch\u00f3ng, h\u1ee3p l\u00fd h\u00f3a ho\u1ea1t \u0111\u1ed9ng.<\/li>\n<li><strong>Hi\u1ec7u su\u1ea5t \u0111\u01b0\u1ee3c c\u1ea3i thi\u1ec7n:<\/strong>\u00a0Ch\u00fang mang l\u1ea1i hi\u1ec7u su\u1ea5t \u0111\u00e1ng tin c\u1eady v\u00e0 nh\u1ea5t qu\u00e1n trong m\u00f4i tr\u01b0\u1eddng \u0111\u1ea7y th\u00e1ch th\u1ee9c.<\/li>\n<li><strong>B\u1ea3o m\u1eadt d\u1eef li\u1ec7u:<\/strong>\u00a0C\u00e1c con chip n\u00e0y t\u00edch h\u1ee3p c\u00e1c t\u00ednh n\u0103ng b\u1ea3o m\u1eadt \u0111\u1ec3 b\u1ea3o v\u1ec7 d\u1eef li\u1ec7u nh\u1ea1y c\u1ea3m.<\/li>\n<\/ul>\n<p><strong>3. Nh\u1eefng lo\u1ea1i \u1ee9ng d\u1ee5ng n\u00e0o ph\u00f9 h\u1ee3p v\u1edbi mi\u1ebfng d\u00e1n RFID Monza M4\/M5?<\/strong><\/p>\n<p>Nh\u1eefng mi\u1ebfng kh\u1ea3m n\u00e0y ph\u00f9 h\u1ee3p v\u1edbi nhi\u1ec1u \u1ee9ng d\u1ee5ng kh\u00e1c nhau, bao g\u1ed3m:<\/p>\n<ul>\n<li><strong>Qu\u1ea3n l\u00fd h\u00e0ng t\u1ed3n kho:<\/strong>\u00a0Theo d\u00f5i m\u1ee9c t\u1ed3n kho v\u00e0 chuy\u1ec3n \u0111\u1ed9ng s\u1ea3n ph\u1ea9m trong kho v\u00e0 c\u1eeda h\u00e0ng b\u00e1n l\u1ebb.<\/li>\n<li><strong>Theo d\u00f5i t\u00e0i s\u1ea3n:<\/strong>\u00a0Gi\u00e1m s\u00e1t t\u00e0i s\u1ea3n, thi\u1ebft b\u1ecb v\u00e0 c\u00f4ng c\u1ee5 trong nhi\u1ec1u b\u1ed1i c\u1ea3nh kh\u00e1c nhau.<\/li>\n<li><strong>Qu\u1ea3n l\u00fd chu\u1ed7i cung \u1ee9ng:<\/strong>\u00a0C\u1ea3i thi\u1ec7n kh\u1ea3 n\u0103ng hi\u1ec3n th\u1ecb v\u00e0 t\u00ednh minh b\u1ea1ch c\u1ee7a chu\u1ed7i cung \u1ee9ng.<\/li>\n<li><strong>Ch\u1ed1ng h\u00e0ng gi\u1ea3:<\/strong>\u00a0Ng\u0103n ch\u1eb7n h\u00e0ng gi\u1ea3 v\u00e0 \u0111\u1ea3m b\u1ea3o t\u00ednh x\u00e1c th\u1ef1c.<\/li>\n<li><strong>Ki\u1ec3m so\u00e1t truy c\u1eadp:<\/strong>\u00a0Qu\u1ea3n l\u00fd quy\u1ec1n ra v\u00e0o c\u00e1c khu v\u1ef1c an to\u00e0n ho\u1eb7c kh\u00f4ng gian h\u1ea1n ch\u1ebf.<\/li>\n<\/ul>\n<p><strong>4. L\u00e0m th\u1ebf n\u00e0o t\u00f4i c\u00f3 th\u1ec3 ch\u1ecdn \u0111\u01b0\u1ee3c mi\u1ebfng d\u00e1n RFID ph\u00f9 h\u1ee3p cho \u1ee9ng d\u1ee5ng c\u1ee5 th\u1ec3 c\u1ee7a m\u00ecnh?<\/strong><\/p>\n<p>L\u1ef1a ch\u1ecdn kh\u1ea3m RFID t\u1ed1i \u01b0u ph\u1ee5 thu\u1ed9c v\u00e0o c\u00e1c y\u00eau c\u1ea7u c\u1ee5 th\u1ec3 c\u1ee7a \u1ee9ng d\u1ee5ng c\u1ee7a b\u1ea1n:<\/p>\n<ul>\n<li><strong>Nhu c\u1ea7u l\u01b0u tr\u1eef d\u1eef li\u1ec7u:<\/strong>\u00a0N\u1ebfu b\u1ea1n c\u1ea7n l\u01b0u tr\u1eef d\u1eef li\u1ec7u l\u1edbn, h\u00e3y c\u00e2n nh\u1eafc Monza M5 v\u1edbi dung l\u01b0\u1ee3ng b\u1ed9 nh\u1edb l\u1edbn h\u01a1n.<\/li>\n<li><strong>Ph\u1ea1m vi \u0111\u1ecdc:<\/strong>\u00a0X\u00e1c \u0111\u1ecbnh ph\u1ea1m vi \u0111\u1ecdc c\u1ea7n thi\u1ebft \u0111\u1ec3 \u0111\u1ea3m b\u1ea3o nh\u1eadn d\u1ea1ng th\u1ebb ch\u00ednh x\u00e1c.<\/li>\n<li><strong>\u0110i\u1ec1u ki\u1ec7n m\u00f4i tr\u01b0\u1eddng:<\/strong>\u00a0C\u1ea7n c\u00e2n nh\u1eafc \u0111\u1ebfn m\u00f4i tr\u01b0\u1eddng ho\u1ea1t \u0111\u1ed9ng (nhi\u1ec7t \u0111\u1ed9, \u0111\u1ed9 \u1ea9m, v.v.) \u0111\u1ec3 l\u1ef1a ch\u1ecdn l\u1edbp kh\u1ea3m ch\u1eafc ch\u1eafn.<\/li>\n<li><strong>Lo\u1ea1i \u1ee9ng d\u1ee5ng:<\/strong>\u00a0\u1ee8ng d\u1ee5ng c\u1ee5 th\u1ec3 (v\u00ed d\u1ee5: theo d\u00f5i h\u00e0ng t\u1ed3n kho, qu\u1ea3n l\u00fd t\u00e0i s\u1ea3n) s\u1ebd \u1ea3nh h\u01b0\u1edfng \u0111\u1ebfn s\u1ef1 l\u1ef1a ch\u1ecdn l\u1edbp ph\u1ee7.<\/li>\n<\/ul>\n<p><strong>5. Chi ph\u00ed \u0111i\u1ec3n h\u00ecnh li\u00ean quan \u0111\u1ebfn vi\u1ec7c l\u1eafp th\u1ebb RFID s\u1eed d\u1ee5ng chip Monza M4\/M5 l\u00e0 bao nhi\u00eau?<\/strong><\/p>\n<p>Chi ph\u00ed c\u1ee7a l\u1edbp ph\u1ee7 RFID thay \u0111\u1ed5i t\u00f9y theo c\u00e1c y\u1ebfu t\u1ed1 nh\u01b0 lo\u1ea1i chip, thi\u1ebft k\u1ebf l\u1edbp ph\u1ee7, s\u1ed1 l\u01b0\u1ee3ng \u0111\u1eb7t h\u00e0ng v\u00e0 c\u00e1c t\u00ednh n\u0103ng b\u1ed5 sung. Li\u00ean h\u1ec7 v\u1edbi nh\u00e0 s\u1ea3n xu\u1ea5t ho\u1eb7c nh\u00e0 cung c\u1ea5p RFID \u0111\u1ec3 bi\u1ebft th\u00f4ng tin gi\u00e1 ch\u00ednh x\u00e1c.<\/p>\n<p><strong>6. Mi\u1ebfng d\u00e1n Monza M4\/M5 c\u00f3 t\u01b0\u01a1ng th\u00edch v\u1edbi \u0111\u1ea7u \u0111\u1ecdc RFID ti\u00eau chu\u1ea9n kh\u00f4ng?<\/strong><\/p>\n<p>C\u00f3, c\u00e1c mi\u1ebfng d\u00e1n n\u00e0y \u0111\u01b0\u1ee3c thi\u1ebft k\u1ebf \u0111\u1ec3 ho\u1ea1t \u0111\u1ed9ng v\u1edbi \u0111\u1ea7u \u0111\u1ecdc RFID ti\u00eau chu\u1ea9n c\u00f4ng nghi\u1ec7p ho\u1ea1t \u0111\u1ed9ng \u1edf d\u1ea3i t\u1ea7n UHF.<\/p>\n<p><strong>7. T\u00f4i c\u00f3 th\u1ec3 mua mi\u1ebfng d\u00e1n RFID Monza M4\/M5 \u1edf \u0111\u00e2u?<\/strong><\/p>\n<p>C\u00e1c mi\u1ebfng d\u00e1n RFID c\u00f3 chip Monza M4\/M5 \u0111\u01b0\u1ee3c cung c\u1ea5p r\u1ed9ng r\u00e3i t\u1eeb nhi\u1ec1u nh\u00e0 s\u1ea3n xu\u1ea5t v\u00e0 nh\u00e0 cung c\u1ea5p chuy\u00ean v\u1ec1 c\u00f4ng ngh\u1ec7 RFID.<\/p>\n<p><strong>8. C\u00f3 ngu\u1ed3n t\u00e0i nguy\u00ean n\u00e0o gi\u00fap t\u00f4i t\u00ecm hi\u1ec3u th\u00eam v\u1ec1 c\u00f4ng ngh\u1ec7 RFID kh\u00f4ng?<\/strong><\/p>\n<p>C\u00f3, b\u1ea1n c\u00f3 th\u1ec3 t\u00ecm th\u1ea5y nhi\u1ec1u ngu\u1ed3n t\u00e0i nguy\u00ean tr\u1ef1c tuy\u1ebfn v\u00e0 th\u00f4ng qua c\u00e1c hi\u1ec7p h\u1ed9i ng\u00e0nh RFID:<\/p>\n<ul>\n<li><strong>T\u1ea1p ch\u00ed RFID:<\/strong>\u00a0Ngu\u1ed3n tin t\u1ee9c v\u00e0 th\u00f4ng tin h\u00e0ng \u0111\u1ea7u v\u1ec1 RFID.<\/li>\n<li><strong>Hi\u1ec7p h\u1ed9i c\u00f4ng nghi\u1ec7p RFID (RFIDIA):<\/strong>\u00a0M\u1ed9t t\u1ed5 ch\u1ee9c to\u00e0n c\u1ea7u th\u00fac \u0111\u1ea9y vi\u1ec7c s\u1eed d\u1ee5ng c\u00f4ng ngh\u1ec7 RFID.<\/li>\n<li><strong>Trang web c\u1ee7a nh\u00e0 s\u1ea3n xu\u1ea5t:<\/strong>\u00a0Ki\u1ec3m tra trang web c\u1ee7a c\u00e1c nh\u00e0 s\u1ea3n xu\u1ea5t chip RFID l\u1edbn \u0111\u1ec3 bi\u1ebft t\u00e0i li\u1ec7u k\u1ef9 thu\u1eadt v\u00e0 h\u1ed7 tr\u1ee3.<\/li>\n<\/ul>\n<\/div>\n<div class=\"auto-hide-last-sibling-br paragraph_9dc5f paragraph-element\"><\/div>\n<div class=\"auto-hide-last-sibling-br paragraph_9dc5f paragraph-element\"><\/div>","protected":false},"excerpt":{"rendered":"<p>Chip RFID Inlay Monza M4 UHF d\u00f9ng cho ki\u1ec3m k\u00ea, theo d\u00f5i t\u00e0i s\u1ea3n v\u00e0 ch\u1ed1ng h\u00e0ng gi\u1ea3. Ph\u1ea1m vi \u0111\u1ecdc cao, truy c\u1eadp d\u1eef li\u1ec7u nhanh v\u00e0 hi\u1ec7u su\u1ea5t m\u1ea1nh m\u1ebd.<\/p>","protected":false},"featured_media":724,"template":"","meta":{"_kad_post_transparent":"default","_kad_post_title":"","_kad_post_layout":"default","_kad_post_sidebar_id":"","_kad_post_content_style":"default","_kad_post_vertical_padding":"default","_kad_post_feature":"","_kad_post_feature_position":"","_kad_post_header":false,"_kad_post_footer":false,"_kad_post_classname":""},"product_brand":[],"product_cat":[54,189],"product_tag":[108,190],"class_list":{"0":"post-723","1":"product","2":"type-product","3":"status-publish","4":"has-post-thumbnail","6":"product_cat-hot-selling-rfid-tags","7":"product_cat-rfid-inlay","8":"product_tag-rfid-inlay","9":"product_tag-uhf-rfid-inlay-monza-m4-m5-chips","11":"first","12":"instock","13":"shipping-taxable","14":"product-type-simple","15":"entry","16":"content-bg","17":"loop-entry"},"_links":{"self":[{"href":"https:\/\/rfid-laundry-tag.com\/vi\/wp-json\/wp\/v2\/product\/723","targetHints":{"allow":["GET"]}}],"collection":[{"href":"https:\/\/rfid-laundry-tag.com\/vi\/wp-json\/wp\/v2\/product"}],"about":[{"href":"https:\/\/rfid-laundry-tag.com\/vi\/wp-json\/wp\/v2\/types\/product"}],"version-history":[{"count":4,"href":"https:\/\/rfid-laundry-tag.com\/vi\/wp-json\/wp\/v2\/product\/723\/revisions"}],"predecessor-version":[{"id":1331,"href":"https:\/\/rfid-laundry-tag.com\/vi\/wp-json\/wp\/v2\/product\/723\/revisions\/1331"}],"wp:featuredmedia":[{"embeddable":true,"href":"https:\/\/rfid-laundry-tag.com\/vi\/wp-json\/wp\/v2\/media\/724"}],"wp:attachment":[{"href":"https:\/\/rfid-laundry-tag.com\/vi\/wp-json\/wp\/v2\/media?parent=723"}],"wp:term":[{"taxonomy":"product_brand","embeddable":true,"href":"https:\/\/rfid-laundry-tag.com\/vi\/wp-json\/wp\/v2\/product_brand?post=723"},{"taxonomy":"product_cat","embeddable":true,"href":"https:\/\/rfid-laundry-tag.com\/vi\/wp-json\/wp\/v2\/product_cat?post=723"},{"taxonomy":"product_tag","embeddable":true,"href":"https:\/\/rfid-laundry-tag.com\/vi\/wp-json\/wp\/v2\/product_tag?post=723"}],"curies":[{"name":"wp","href":"https:\/\/api.w.org\/{rel}","templated":true}]}}