{"id":72,"date":"2024-06-11T15:41:08","date_gmt":"2024-06-11T15:41:08","guid":{"rendered":"https:\/\/rfid-laundry-tag.com\/?post_type=product&#038;p=72"},"modified":"2024-06-11T16:35:12","modified_gmt":"2024-06-11T16:35:12","slug":"pps-nfc-laundry-tag-ntag213","status":"publish","type":"product","link":"https:\/\/rfid-laundry-tag.com\/vi\/pps-nfc-laundry-tag-ntag213\/","title":{"rendered":"Th\u1ebb gi\u1eb7t PPS NFC-Ntag213"},"content":{"rendered":"<div class=\"J_module\">\n<div class=\"ife-detail-decorate-table\">\n<table class=\"has-title all magic-6\">\n<tbody>\n<tr>\n<td colspan=\"1\" rowspan=\"1\">\n<div class=\"magic-7\" data-spm-anchor-id=\"a2700.details.0.i45.77607d98vZbcDU\"><span class=\"magic-8\" style=\"color: #363535;\">T\u00ean m\u1eb7t h\u00e0ng<\/span><\/div>\n<\/td>\n<td colspan=\"1\" rowspan=\"1\">\n<div class=\"magic-9\">Th\u1ebb gi\u1eb7t PPS NFC-Ntag213<\/div>\n<\/td>\n<\/tr>\n<tr>\n<td colspan=\"1\" rowspan=\"1\">\n<div class=\"magic-7\"><span class=\"magic-10\" data-spm-anchor-id=\"a2700.pc-decorate.0.i10.28d333330XLbTD\"><span class=\"magic-8\">V\u1eadt li\u1ec7u<\/span><\/span><\/div>\n<\/td>\n<td colspan=\"1\" rowspan=\"1\">\n<div class=\"magic-9\"><span class=\"magic-8\">PPS<\/span><\/div>\n<\/td>\n<\/tr>\n<tr>\n<td colspan=\"1\" rowspan=\"1\">\n<div class=\"magic-7\"><span class=\"magic-8\">M\u00e0u s\u1eafc<\/span><\/div>\n<\/td>\n<td colspan=\"1\" rowspan=\"1\">\n<div class=\"magic-9\"><span class=\"magic-8\">\u0110en, V\u00e0ng, v.v.<\/span><\/div>\n<\/td>\n<\/tr>\n<tr>\n<td colspan=\"1\" rowspan=\"1\">S\u1ed1 l\u01b0\u1ee3ng \u0111\u1eb7t h\u00e0ng t\u1ed1i thi\u1ec3u<\/td>\n<td colspan=\"1\" rowspan=\"1\">500 chi\u1ebfc<\/td>\n<\/tr>\n<tr>\n<td colspan=\"1\" rowspan=\"1\">\n<div class=\"magic-7\"><span class=\"magic-8\">Nh\u00e0 s\u1ea3n xu\u1ea5t\/Chip<\/span><\/div>\n<\/td>\n<td colspan=\"1\" rowspan=\"1\">\n<div class=\"magic-9\"><span class=\"magic-8\">NXP Ntag213 <\/span><\/div>\n<\/td>\n<\/tr>\n<tr>\n<td colspan=\"1\" rowspan=\"1\">\n<div class=\"magic-7\"><span class=\"magic-8\">T\u00ednh th\u01b0\u1eddng xuy\u00ean<\/span><\/div>\n<\/td>\n<td colspan=\"1\" rowspan=\"1\">\n<div class=\"magic-9\"><span class=\"magic-8\">13,56MHz<\/span><\/div>\n<\/td>\n<\/tr>\n<tr>\n<td colspan=\"1\" rowspan=\"1\">\n<div class=\"magic-7\"><span class=\"magic-8\">K\u00fd \u1ee9c<\/span><\/div>\n<\/td>\n<td colspan=\"1\" rowspan=\"1\">\n<div class=\"magic-9\"><span class=\"magic-8\">144 Byte<\/span><\/div>\n<\/td>\n<\/tr>\n<tr>\n<td colspan=\"1\" rowspan=\"1\">\n<div class=\"magic-7\"><span class=\"magic-8\">Kho\u1ea3ng c\u00e1ch \u0111\u1ecdc<\/span><\/div>\n<\/td>\n<td colspan=\"1\" rowspan=\"1\">\n<div class=\"magic-9\"><span class=\"magic-8\">1~5cm<\/span><\/div>\n<\/td>\n<\/tr>\n<tr>\n<td colspan=\"1\" rowspan=\"1\">\n<div class=\"magic-7\"><span class=\"magic-8\">Ch\u1ebf \u0111\u1ed9 l\u00e0m vi\u1ec7c<\/span><\/div>\n<\/td>\n<td colspan=\"1\" rowspan=\"1\">\n<div class=\"magic-9\"><span class=\"magic-8\">th\u1ee5 \u0111\u1ed9ng<\/span><\/div>\n<\/td>\n<\/tr>\n<tr>\n<td colspan=\"1\" rowspan=\"1\">\n<div class=\"magic-7\"><span class=\"magic-8\">Nhi\u1ec7t \u0111\u1ed9 l\u00e0m vi\u1ec7c<\/span><\/div>\n<\/td>\n<td colspan=\"1\" rowspan=\"1\">\n<div class=\"magic-9\"><span class=\"magic-8\">-25\u2103~+110\u2103<\/span><\/div>\n<\/td>\n<\/tr>\n<tr>\n<td colspan=\"1\" rowspan=\"1\">\n<div class=\"magic-7\"><span class=\"magic-8\">Nhi\u1ec7t \u0111\u1ed9 l\u01b0u tr\u1eef<\/span><\/div>\n<\/td>\n<td colspan=\"1\" rowspan=\"1\">\n<div class=\"magic-9\"><span class=\"magic-8\">-40\u2103~+85\u2103<\/span><\/div>\n<\/td>\n<\/tr>\n<tr>\n<td colspan=\"1\" rowspan=\"1\">\n<div class=\"magic-7\">\n<div><span class=\"magic-8\">\u00a0<\/span><\/div>\n<p><span class=\"magic-8\">Kh\u1ea3 n\u0103ng ch\u1ecbu nhi\u1ec7t \u0111\u1ed9 ng\u1eafn h\u1ea1n<\/span><\/p>\n<\/div>\n<\/td>\n<td colspan=\"1\" rowspan=\"1\">\n<div class=\"magic-9\"><span class=\"magic-8\">gi\u1eb7t: 90\u2103, 15 ph\u00fat; s\u1ea5y kh\u00f4 tr\u01b0\u1edbc b\u1eb1ng b\u1ed9 chuy\u1ec3n \u0111\u1ed5i: 180\u2103, 30 ph\u00fat, 200 l\u1ea7n; \u1ee7i: 180\u2103, 10 gi\u00e2y, 200 l\u1ea7n; cao<br \/>\nnhi\u1ec7t \u0111\u1ed9 kh\u1eed tr\u00f9ng: 135\u2103, 20 ph\u00fat<\/span><\/div>\n<\/td>\n<\/tr>\n<tr>\n<td colspan=\"1\" rowspan=\"1\">\n<div class=\"magic-7\"><span class=\"magic-8\">\u0110\u1eb7c tr\u01b0ng<\/span><\/div>\n<\/td>\n<td colspan=\"1\" rowspan=\"1\">\n<div class=\"magic-9\"><span class=\"magic-8\">kh\u00f4ng th\u1ea5m n\u01b0\u1edbc, c\u00f3 th\u1ec3 gi\u1eb7t \u0111\u01b0\u1ee3c, ch\u1ecbu \u0111\u01b0\u1ee3c nhi\u1ec7t \u0111\u1ed9 cao<\/span><\/div>\n<\/td>\n<\/tr>\n<tr>\n<td colspan=\"1\" rowspan=\"1\">\n<div class=\"magic-7\"><span class=\"magic-8\">M\u1ea1ng s\u1ed1ng<\/span><\/div>\n<\/td>\n<td colspan=\"1\" rowspan=\"1\">\n<div class=\"magic-9\"><span class=\"magic-8\">gi\u1eb7t 200 l\u1ea7n ho\u1eb7c 3 n\u0103m<\/span><\/div>\n<\/td>\n<\/tr>\n<tr>\n<td colspan=\"1\" rowspan=\"1\">\n<div class=\"magic-7\"><span class=\"magic-8\">\u1ee8ng d\u1ee5ng<\/span><\/div>\n<\/td>\n<td colspan=\"1\" rowspan=\"1\">\n<div class=\"magic-9\"><span class=\"magic-8\">qu\u1ea3n l\u00fd v\u00e0 theo d\u00f5i gi\u1eb7t l\u00e0<\/span><\/div>\n<\/td>\n<\/tr>\n<\/tbody>\n<\/table>\n<\/div>\n<\/div>\n<div class=\"J_module\">\n<div class=\"detail-decorate-json-renderer-container\">\n<div class=\"magic-1\">\n<div>\n<div><\/div>\n<div class=\"auto-hide-last-sibling-br paragraph_1252f paragraph-element\"><strong>Chip NTAG213 c\u1ee7a th\u1ebb gi\u1eb7t NFC<\/strong><\/div>\n<ul class=\"auto-hide-last-sibling-br\">\n<li>Nh\u00e0 s\u1ea3n xu\u1ea5t: NXP Semiconductors<\/li>\n<li>Lo\u1ea1i chip: NTAG213 (ISO\/IEC 14443 A)<\/li>\n<li>B\u1ed9 nh\u1edb: T\u1ed5ng b\u1ed9 nh\u1edb 144 byte, chia th\u00e0nh 42 trang (m\u1ed7i trang 4 byte)<\/li>\n<li>Cho ph\u00e9p \u0111\u1ecdc v\u00e0 ghi<\/li>\n<li>T\u00ednh n\u0103ng ph\u1ea3n chi\u1ebfu ASCII UID<\/li>\n<li>Ch\u1eef k\u00fd g\u1ed1c t\u00edch h\u1ee3p<\/li>\n<li>T\u01b0\u01a1ng th\u00edch v\u1edbi th\u1ebb NFC Forum Type 2<\/li>\n<\/ul>\n<\/div>\n<div class=\"magic-2\">\n<div class=\"auto-hide-last-sibling-br paragraph_1252f paragraph-element\">\n<div class=\"auto-hide-last-sibling-br paragraph_1252f paragraph-element\">Th\u1ebb gi\u1eb7t PPS NFC v\u1edbi chip NTAG213 l\u00e0 l\u1ef1a ch\u1ecdn tuy\u1ec7t v\u1eddi cho c\u00e1c m\u00f4i tr\u01b0\u1eddng \u0111\u00f2i h\u1ecfi \u0111\u1ed9 b\u1ec1n cao v\u00e0 theo d\u00f5i \u0111\u00e1ng tin c\u1eady, ch\u1eb3ng h\u1ea1n nh\u01b0 ti\u1ec7m gi\u1eb7t l\u00e0 th\u01b0\u01a1ng m\u1ea1i v\u00e0 c\u00f4ng nghi\u1ec7p, nh\u00e0 kho v\u00e0 c\u00f4ng ty h\u1eadu c\u1ea7n. V\u1edbi l\u1edbp v\u1ecf nh\u1ef1a PPS ch\u1eafc ch\u1eafn, ch\u00fang c\u00f3 th\u1ec3 ch\u1ed1ng l\u1ea1i c\u00e1c th\u00e1ch th\u1ee9c c\u1ee7a m\u00f4i tr\u01b0\u1eddng nh\u01b0 \u0111\u1ed9 \u1ea9m, d\u1ea7u, h\u00f3a ch\u1ea5t, \u00e1p su\u1ea5t cao v\u00e0 nhi\u1ec7t \u0111\u1ed9 cao.<\/div>\n<p>&nbsp;<\/p>\n<div class=\"auto-hide-last-sibling-br paragraph_1252f paragraph-element\">Nh\u1eefng \u01b0u \u0111i\u1ec3m ch\u00ednh c\u1ee7a th\u1ebb gi\u1eb7t NFC c\u00f3 chip NTAG213 bao g\u1ed3m:<\/div>\n<p>&nbsp;<\/p>\n<div class=\"auto-hide-last-sibling-br paragraph_1252f paragraph-element\"><strong>B\u1ed9 nh\u1edb \u0111\u01b0\u1ee3c b\u1ea3o v\u1ec7 b\u1eb1ng m\u1eadt kh\u1ea9u:<\/strong>\u00a0V\u1edbi t\u00ednh n\u0103ng b\u1ea3o v\u1ec7 b\u1eb1ng m\u1eadt kh\u1ea9u c\u1ee7a NTAG213, b\u1ea1n c\u00f3 th\u1ec3 b\u1ea3o m\u1eadt d\u1eef li\u1ec7u \u0111\u01b0\u1ee3c l\u01b0u tr\u1eef trong th\u1ebb, th\u00eam m\u1ed9t l\u1edbp b\u1ea3o m\u1eadt \u0111\u1ec3 ng\u0103n ch\u1eb7n truy c\u1eadp ho\u1eb7c thay \u0111\u1ed5i tr\u00e1i ph\u00e9p.<\/div>\n<p>&nbsp;<\/p>\n<div class=\"auto-hide-last-sibling-br paragraph_1252f paragraph-element\"><strong>Kho\u1ea3ng c\u00e1ch qu\u00e9t tuy\u1ec7t v\u1eddi:<\/strong>\u00a0M\u1eb7c d\u00f9 NFC \u0111\u01b0\u1ee3c thi\u1ebft k\u1ebf \u0111\u1ec3 giao ti\u1ebfp t\u1ea7m ng\u1eafn, chip NTAG213 \u0111\u00e3 \u0111\u01b0\u1ee3c ph\u00e1t tri\u1ec3n \u0111\u1ec3 cung c\u1ea5p kho\u1ea3ng c\u00e1ch qu\u00e9t tuy\u1ec7t v\u1eddi, h\u1ed7 tr\u1ee3 theo d\u00f5i v\u1eadt ph\u1ea9m nhanh h\u01a1n v\u00e0 ch\u00ednh x\u00e1c h\u01a1n.<\/div>\n<p>&nbsp;<\/p>\n<div class=\"auto-hide-last-sibling-br paragraph_1252f paragraph-element\"><strong>T\u00ednh n\u0103ng ch\u1ed1ng va ch\u1ea1m th\u1ef1c s\u1ef1:<\/strong>\u00a0T\u00ednh n\u0103ng n\u00e0y cho ph\u00e9p thi\u1ebft b\u1ecb \u0111\u1ecdc qu\u00e9t v\u00e0 t\u01b0\u01a1ng t\u00e1c v\u1edbi nhi\u1ec1u th\u1ebb c\u00f9ng l\u00fac. T\u00ednh n\u0103ng n\u00e0y h\u1eefu \u00edch trong nh\u1eefng tr\u01b0\u1eddng h\u1ee3p c\u1ea7n theo d\u00f5i nhi\u1ec1u m\u1eb7t h\u00e0ng c\u00f9ng l\u00fac, ch\u1eb3ng h\u1ea1n nh\u01b0 trong c\u00e1c l\u00f4 h\u00e0ng gi\u1eb7t l\u00e0 ho\u1eb7c pallet trong kho.<\/div>\n<p>&nbsp;<\/p>\n<div class=\"auto-hide-last-sibling-br paragraph_1252f paragraph-element\"><strong>\u1ee8ng d\u1ee5ng linh ho\u1ea1t:<\/strong>\u00a0Th\u1ebb gi\u1eb7t NFC PPS c\u00f3 th\u1ec3 \u0111\u01b0\u1ee3c kh\u00e2u v\u00e0o v\u1ea3i ho\u1eb7c g\u1eafn v\u00e0o nhi\u1ec1u b\u1ec1 m\u1eb7t kh\u00e1c nhau, gi\u00fap ch\u00fang tr\u1edf n\u00ean linh ho\u1ea1t trong vi\u1ec7c theo d\u00f5i kh\u00f4ng ch\u1ec9 \u0111\u1ed3 v\u1ea3i m\u00e0 c\u00f2n c\u1ea3 d\u1ee5ng c\u1ee5, thi\u1ebft b\u1ecb ho\u1eb7c b\u1ea5t k\u1ef3 v\u1eadt d\u1ee5ng n\u00e0o kh\u00e1c c\u1ea7n ch\u1ecbu \u0111\u01b0\u1ee3c \u0111i\u1ec1u ki\u1ec7n kh\u1eafc nghi\u1ec7t.<\/div>\n<div class=\"auto-hide-last-sibling-br paragraph_1252f paragraph-element\"><\/div>\n<\/div>\n<\/div>\n<\/div>\n<\/div>\n<\/div>","protected":false},"excerpt":{"rendered":"<div class=\"auto-hide-last-sibling-br paragraph_1252f paragraph-element\">Th\u1ebb gi\u1eb7t PPS RFID, \u0111\u01b0\u1ee3c bi\u1ebft \u0111\u1ebfn r\u1ed9ng r\u00e3i h\u01a1n l\u00e0 th\u1ebb gi\u1eb7t NFC, \u0111\u01b0\u1ee3c thi\u1ebft k\u1ebf r\u00f5 r\u00e0ng cho c\u00e1c \u1ee9ng d\u1ee5ng c\u1ea7n th\u1ebb m\u1ea1nh m\u1ebd c\u00f3 th\u1ec3 ch\u1ecbu \u0111\u01b0\u1ee3c c\u00e1c \u0111i\u1ec1u ki\u1ec7n ho\u1ea1t \u0111\u1ed9ng nghi\u00eam ng\u1eb7t. Hi\u1ec7n nay, th\u1ecb tr\u01b0\u1eddng ph\u1ed5 th\u00f4ng \u0111ang h\u01b0\u1edbng t\u1edbi c\u00e1c b\u1ed9 ti\u1ebfp s\u00f3ng gi\u1eb7t UHF. Tuy nhi\u00ean, m\u1ed9t s\u1ed1 tr\u01b0\u1eddng h\u1ee3p c\u1ea7n c\u00f3 th\u1ebb gi\u1eb7t NFC t\u01b0\u01a1ng th\u00edch v\u1edbi \u1ee9ng d\u1ee5ng di \u0111\u1ed9ng. C\u00e1c b\u1ed9 ti\u1ebfp s\u00f3ng gi\u1eb7t ki\u1ec3u n\u00fat RFID n\u00e0y \u0111\u00e1p \u1ee9ng th\u00e0nh th\u1ea1o c\u00e1c y\u00eau c\u1ea7u n\u00e0y.<\/div>","protected":false},"featured_media":73,"template":"","meta":{"_kad_post_transparent":"default","_kad_post_title":"","_kad_post_layout":"default","_kad_post_sidebar_id":"","_kad_post_content_style":"default","_kad_post_vertical_padding":"default","_kad_post_feature":"","_kad_post_feature_position":"","_kad_post_header":false,"_kad_post_footer":false,"_kad_post_classname":""},"product_brand":[],"product_cat":[21,17],"product_tag":[37,42,35],"class_list":{"0":"post-72","1":"product","2":"type-product","3":"status-publish","4":"has-post-thumbnail","6":"product_cat-pps-rfid-laundry-tag","7":"product_cat-nfc-rfid-laundry-tag","8":"product_tag-nfc-button","9":"product_tag-pps-nfc-laundry-tag","10":"product_tag-rfid-button","12":"first","13":"instock","14":"shipping-taxable","15":"product-type-simple","16":"entry","17":"content-bg","18":"loop-entry"},"_links":{"self":[{"href":"https:\/\/rfid-laundry-tag.com\/vi\/wp-json\/wp\/v2\/product\/72","targetHints":{"allow":["GET"]}}],"collection":[{"href":"https:\/\/rfid-laundry-tag.com\/vi\/wp-json\/wp\/v2\/product"}],"about":[{"href":"https:\/\/rfid-laundry-tag.com\/vi\/wp-json\/wp\/v2\/types\/product"}],"version-history":[{"count":0,"href":"https:\/\/rfid-laundry-tag.com\/vi\/wp-json\/wp\/v2\/product\/72\/revisions"}],"wp:featuredmedia":[{"embeddable":true,"href":"https:\/\/rfid-laundry-tag.com\/vi\/wp-json\/wp\/v2\/media\/73"}],"wp:attachment":[{"href":"https:\/\/rfid-laundry-tag.com\/vi\/wp-json\/wp\/v2\/media?parent=72"}],"wp:term":[{"taxonomy":"product_brand","embeddable":true,"href":"https:\/\/rfid-laundry-tag.com\/vi\/wp-json\/wp\/v2\/product_brand?post=72"},{"taxonomy":"product_cat","embeddable":true,"href":"https:\/\/rfid-laundry-tag.com\/vi\/wp-json\/wp\/v2\/product_cat?post=72"},{"taxonomy":"product_tag","embeddable":true,"href":"https:\/\/rfid-laundry-tag.com\/vi\/wp-json\/wp\/v2\/product_tag?post=72"}],"curies":[{"name":"wp","href":"https:\/\/api.w.org\/{rel}","templated":true}]}}