{"id":70,"date":"2024-06-11T14:43:51","date_gmt":"2024-06-11T14:43:51","guid":{"rendered":"https:\/\/rfid-laundry-tag.com\/?post_type=product&#038;p=70"},"modified":"2024-06-14T13:38:47","modified_gmt":"2024-06-14T13:38:47","slug":"uhf-rfid-laundry-tag-pps-material","status":"publish","type":"product","link":"https:\/\/rfid-laundry-tag.com\/vi\/uhf-rfid-laundry-tag-pps-material\/","title":{"rendered":"Th\u1ebb gi\u1eb7t UHF RFID | V\u1eadt li\u1ec7u PPS"},"content":{"rendered":"<div class=\"J_module\">\n<div class=\"ife-detail-decorate-table\">\n<table class=\"has-title all magic-6\">\n<tbody>\n<tr>\n<td colspan=\"1\" rowspan=\"1\">\n<div class=\"magic-7\" data-spm-anchor-id=\"a2700.details.0.i45.77607d98vZbcDU\"><span class=\"magic-8\" style=\"color: #363535;\">T\u00ean m\u1eb7t h\u00e0ng<\/span><\/div>\n<\/td>\n<td colspan=\"1\" rowspan=\"1\">\n<div class=\"magic-9\"><span class=\"magic-8\">Th\u1ebb gi\u1eb7t UHF RFID PPS<\/span><\/div>\n<\/td>\n<\/tr>\n<tr>\n<td colspan=\"1\" rowspan=\"1\">\n<div class=\"magic-7\"><span class=\"magic-10\" data-spm-anchor-id=\"a2700.pc-decorate.0.i10.28d333330XLbTD\"><span class=\"magic-8\">V\u1eadt li\u1ec7u<\/span><\/span><\/div>\n<\/td>\n<td colspan=\"1\" rowspan=\"1\">\n<div class=\"magic-9\"><span class=\"magic-8\">PPS<\/span><\/div>\n<\/td>\n<\/tr>\n<tr>\n<td colspan=\"1\" rowspan=\"1\">\n<div class=\"magic-7\"><span class=\"magic-8\">M\u00e0u s\u1eafc<\/span><\/div>\n<\/td>\n<td colspan=\"1\" rowspan=\"1\">\n<div class=\"magic-9\"><span class=\"magic-8\">\u0110en<\/span><\/div>\n<\/td>\n<\/tr>\n<tr>\n<td colspan=\"1\" rowspan=\"1\">S\u1ed1 l\u01b0\u1ee3ng \u0111\u1eb7t h\u00e0ng t\u1ed1i thi\u1ec3u<\/td>\n<td colspan=\"1\" rowspan=\"1\">500 chi\u1ebfc<\/td>\n<\/tr>\n<tr>\n<td colspan=\"1\" rowspan=\"1\">\n<div class=\"magic-7\"><span class=\"magic-8\">Nh\u00e0 s\u1ea3n xu\u1ea5t\/Chip<\/span><\/div>\n<\/td>\n<td colspan=\"1\" rowspan=\"1\">\n<div class=\"magic-9\"><span class=\"magic-8\">NXP UCODE 8, UCODE 9<\/span><\/div>\n<\/td>\n<\/tr>\n<tr>\n<td colspan=\"1\" rowspan=\"1\">\n<div class=\"magic-7\"><span class=\"magic-8\">T\u00ednh th\u01b0\u1eddng xuy\u00ean<\/span><\/div>\n<\/td>\n<td colspan=\"1\" rowspan=\"1\">\n<div class=\"magic-9\"><span class=\"magic-8\">860-960MHz\/<\/span><\/div>\n<\/td>\n<\/tr>\n<tr>\n<td colspan=\"1\" rowspan=\"1\">\n<div class=\"magic-7\"><span class=\"magic-8\">K\u00fd \u1ee9c<\/span><\/div>\n<\/td>\n<td colspan=\"1\" rowspan=\"1\">\n<div class=\"magic-9\"><span class=\"magic-8\">96 Bit\/128 Bit<\/span><\/div>\n<\/td>\n<\/tr>\n<tr>\n<td colspan=\"1\" rowspan=\"1\">\n<div class=\"magic-7\"><span class=\"magic-8\">Kho\u1ea3ng c\u00e1ch \u0111\u1ecdc<\/span><\/div>\n<\/td>\n<td colspan=\"1\" rowspan=\"1\">\n<div class=\"magic-9\"><span class=\"magic-8\">1-6 ph\u00fat<\/span><\/div>\n<\/td>\n<\/tr>\n<tr>\n<td colspan=\"1\" rowspan=\"1\">\n<div class=\"magic-7\"><span class=\"magic-8\">Ch\u1ebf \u0111\u1ed9 l\u00e0m vi\u1ec7c<\/span><\/div>\n<\/td>\n<td colspan=\"1\" rowspan=\"1\">\n<div class=\"magic-9\"><span class=\"magic-8\">th\u1ee5 \u0111\u1ed9ng<\/span><\/div>\n<\/td>\n<\/tr>\n<tr>\n<td colspan=\"1\" rowspan=\"1\">\n<div class=\"magic-7\"><span class=\"magic-8\">Nhi\u1ec7t \u0111\u1ed9 l\u00e0m vi\u1ec7c<\/span><\/div>\n<\/td>\n<td colspan=\"1\" rowspan=\"1\">\n<div class=\"magic-9\"><span class=\"magic-8\">-25\u2103~+110\u2103<\/span><\/div>\n<\/td>\n<\/tr>\n<tr>\n<td colspan=\"1\" rowspan=\"1\">\n<div class=\"magic-7\"><span class=\"magic-8\">Nhi\u1ec7t \u0111\u1ed9 l\u01b0u tr\u1eef<\/span><\/div>\n<\/td>\n<td colspan=\"1\" rowspan=\"1\">\n<div class=\"magic-9\"><span class=\"magic-8\">-40\u2103~+85\u2103<\/span><\/div>\n<\/td>\n<\/tr>\n<tr>\n<td colspan=\"1\" rowspan=\"1\">\n<div class=\"magic-7\">\n<div><span class=\"magic-8\">\u00a0<\/span><\/div>\n<p><span class=\"magic-8\">Kh\u1ea3 n\u0103ng ch\u1ecbu nhi\u1ec7t \u0111\u1ed9 ng\u1eafn h\u1ea1n<\/span><\/p>\n<\/div>\n<\/td>\n<td colspan=\"1\" rowspan=\"1\">\n<div class=\"magic-9\"><span class=\"magic-8\">gi\u1eb7t: 90\u2103, 15 ph\u00fat; s\u1ea5y kh\u00f4 tr\u01b0\u1edbc b\u1eb1ng b\u1ed9 chuy\u1ec3n \u0111\u1ed5i: 180\u2103, 30 ph\u00fat, 200 l\u1ea7n; \u1ee7i: 180\u2103, 10 gi\u00e2y, 200 l\u1ea7n; cao<br \/>\nnhi\u1ec7t \u0111\u1ed9 kh\u1eed tr\u00f9ng: 135\u2103, 20 ph\u00fat<\/span><\/div>\n<\/td>\n<\/tr>\n<tr>\n<td colspan=\"1\" rowspan=\"1\">\n<div class=\"magic-7\"><span class=\"magic-8\">\u0110\u1eb7c tr\u01b0ng<\/span><\/div>\n<\/td>\n<td colspan=\"1\" rowspan=\"1\">\n<div class=\"magic-9\"><span class=\"magic-8\">kh\u00f4ng th\u1ea5m n\u01b0\u1edbc, c\u00f3 th\u1ec3 gi\u1eb7t \u0111\u01b0\u1ee3c, ch\u1ecbu \u0111\u01b0\u1ee3c nhi\u1ec7t \u0111\u1ed9 cao<\/span><\/div>\n<\/td>\n<\/tr>\n<tr>\n<td colspan=\"1\" rowspan=\"1\">\n<div class=\"magic-7\"><span class=\"magic-8\">M\u1ea1ng s\u1ed1ng<\/span><\/div>\n<\/td>\n<td colspan=\"1\" rowspan=\"1\">\n<div class=\"magic-9\"><span class=\"magic-8\">gi\u1eb7t 200 l\u1ea7n ho\u1eb7c 3 n\u0103m<\/span><\/div>\n<\/td>\n<\/tr>\n<tr>\n<td colspan=\"1\" rowspan=\"1\">\n<div class=\"magic-7\"><span class=\"magic-8\">\u1ee8ng d\u1ee5ng<\/span><\/div>\n<\/td>\n<td colspan=\"1\" rowspan=\"1\">\n<div class=\"magic-9\"><span class=\"magic-8\">qu\u1ea3n l\u00fd v\u00e0 theo d\u00f5i gi\u1eb7t l\u00e0<\/span><\/div>\n<\/td>\n<\/tr>\n<\/tbody>\n<\/table>\n<\/div>\n<\/div>\n<div class=\"J_module\">\n<div class=\"detail-decorate-json-renderer-container\">\n<div class=\"magic-1\">\n<div class=\"magic-2\">\n<div class=\"magic-3\">\n<div><\/div>\n<div class=\"magic-4\">\n<div><strong>Th\u1ebb n\u00fat RFID<\/strong><\/div>\n<div><\/div>\n<\/div>\n<\/div>\n<div>\n<div class=\"auto-hide-last-sibling-br paragraph_1252f paragraph-element\">Th\u1ebb gi\u1eb7t PPS ch\u1ecbu nhi\u1ec7t \u0111\u1ed9 cao l\u00e0 gi\u1ea3i ph\u00e1p theo d\u00f5i tuy\u1ec7t v\u1eddi cho c\u00e1c c\u01a1 s\u1edf th\u01b0\u01a1ng m\u1ea1i nh\u01b0 c\u0103ng tin v\u00e0 nh\u00e0 h\u00e0ng, n\u01a1i th\u01b0\u1eddng xuy\u00ean ph\u1ea3i x\u1eed l\u00fd kh\u1ed1i l\u01b0\u1ee3ng l\u1edbn \u0111\u1ed3 d\u00f9ng tr\u00ean b\u00e0n \u0103n.<\/div>\n<\/div>\n<div>\n<div><\/div>\n<\/div>\n<\/div>\n<p><strong>T\u00f9y ch\u1ecdn chip:<\/strong><\/p>\n<p><strong>UCODE 8 c\u1ee7a NXP<\/strong> v\u00e0 IC UCODE 8m l\u00e0 s\u1ea3n ph\u1ea9m c\u1ee7a h\u1ecd UCODE. UCODE 8\/8m cung c\u1ea5p hi\u1ec7u su\u1ea5t v\u00e0 t\u00ednh n\u0103ng cao \u0111\u1ec3 s\u1eed d\u1ee5ng trong c\u00e1c \u1ee9ng d\u1ee5ng g\u1eafn th\u1ebb RFID \u0111\u00f2i h\u1ecfi kh\u1eaft khe nh\u1ea5t.<\/p>\n<p>\u0110\u1eb7c bi\u1ec7t ph\u00f9 h\u1ee3p cho c\u00e1c \u1ee9ng d\u1ee5ng qu\u1ea3n l\u00fd h\u00e0ng t\u1ed3n kho, nh\u01b0 v\u00ed d\u1ee5 B\u00e1n l\u1ebb v\u00e0 Th\u1eddi trang, v\u1edbi hi\u1ec7u su\u1ea5t RF \u0111\u00e3 \u0111\u01b0\u1ee3c ch\u1ee9ng minh cho b\u1ea5t k\u1ef3 h\u1ec7 s\u1ed1 d\u1ea1ng n\u00e0o, UCODE 8\/8m cho ph\u00e9p \u0111\u1ecdc kho\u1ea3ng c\u00e1ch xa v\u00e0 ki\u1ec3m k\u00ea nhanh ch\u00f3ng qu\u1ea7n th\u1ec3 th\u1ebb RFID d\u00e0y \u0111\u1eb7c. V\u1edbi thi\u1ebft k\u1ebf b\u0103ng th\u00f4ng r\u1ed9ng, n\u00f3 cung c\u1ea5p kh\u1ea3 n\u0103ng s\u1ea3n xu\u1ea5t nh\u00e3n RFID to\u00e0n c\u1ea7u th\u1ef1c s\u1ef1 v\u1edbi hi\u1ec7u su\u1ea5t cao theo c\u00e1c quy \u0111\u1ecbnh tr\u00ean to\u00e0n th\u1ebf gi\u1edbi.<\/p>\n<p>Thi\u1ebft b\u1ecb n\u00e0y c\u0169ng cung c\u1ea5p T\u00ednh n\u0103ng T\u1ef1 \u0111i\u1ec1u ch\u1ec9nh, C\u1edd tr\u1ea1ng th\u00e1i s\u1ea3n ph\u1ea9m cho \u1ee9ng d\u1ee5ng Gi\u00e1m s\u00e1t s\u1ea3n ph\u1ea9m \u0111i\u1ec7n t\u1eed (EAS), EPC 96-bit \u0111\u01b0\u1ee3c tu\u1ea7n t\u1ef1 h\u00f3a tr\u01b0\u1edbc, M\u00e3 \u0111\u1ecbnh danh th\u01b0\u01a1ng hi\u1ec7u v\u00e0 l\u1ec7nh khi\u1ebfu n\u1ea1i EPC Gen2v2 kh\u00f4ng th\u1ec3 theo d\u00f5i.<\/p>\n<div id=\"featuresXsp\" class=\"features-list toggle-opacity in\">\n<div class=\"features-xsp\">\n<div class=\"collapse-mobile ste-list\">\n<h3>C\u00e1c t\u00ednh n\u0103ng ch\u00ednh<\/h3>\n<ul class=\"boxes\">\n<li>\u0110\u1ed9 nh\u1ea1y \u0111\u1ecdc -23dBm<\/li>\n<li>\u0110\u1ed9 nh\u1ea1y ghi -18dBm<\/li>\n<li>Ch\u1ee9c n\u0103ng c\u1ea3i ti\u1ebfn\n<ul>\n<li>T\u1ef1 \u0111i\u1ec1u ch\u1ec9nh<\/li>\n<li>B\u1ea3o v\u1ec7 b\u1ed9 nh\u1edb<\/li>\n<li>Kh\u00f4ng th\u1ec3 theo d\u00f5i<\/li>\n<li>Ti\u1ec1n tu\u1ea7n t\u1ef1 h\u00f3a cho EPC 96-bit<\/li>\n<li>C\u1edd tr\u1ea1ng th\u00e1i s\u1ea3n ph\u1ea9m t\u00edch h\u1ee3p (PSF)<\/li>\n<\/ul>\n<\/li>\n<li>T\u01b0\u01a1ng th\u00edch v\u1edbi \u0103ng-ten khe \u0111\u01a1n<\/li>\n<li>L\u00ean \u0111\u1ebfn 128-bit EPC<\/li>\n<li>M\u00e3 s\u1ed1 nh\u1eadn d\u1ea1ng th\u1ebb duy nh\u1ea5t (TID) 96 bit \u0111\u01b0\u1ee3c kh\u00f3a t\u1ea1i nh\u00e0 m\u00e1y, bao g\u1ed3m s\u1ed1 s\u00ea-ri duy nh\u1ea5t 48 bit<\/li>\n<li>EPC Gen2v2<\/li>\n<\/ul>\n<\/div>\n<div class=\"collapse-mobile ste-list\">\n<h3>K\u00fd \u1ee9c<\/h3>\n<ul class=\"boxes\">\n<li>B\u1ed9 nh\u1edb EPC 128-bit\/96-bit (UCODE 8\/UCODE 8m)<\/li>\n<li>H\u1ed7 tr\u1ee3 tu\u1ea7n t\u1ef1 h\u00f3a tr\u01b0\u1edbc cho EPC 96-bit<\/li>\n<li>M\u00e3 \u0111\u1ecbnh danh th\u1ebb 96-bit (TID) \u0111\u00e3 \u0111\u01b0\u1ee3c kh\u00f3a t\u1ea1i nh\u00e0 m\u00e1y<\/li>\n<li>S\u1ed1 s\u00ea-ri duy nh\u1ea5t 48 bit \u0111\u01b0\u1ee3c m\u00e3 h\u00f3a t\u1ea1i nh\u00e0 m\u00e1y th\u00e0nh TID<\/li>\n<li>B\u1ed9 nh\u1edb ng\u01b0\u1eddi d\u00f9ng 0-bit\/32-bit (UCODE 8\/UCODE 8m)<\/li>\n<li>M\u1eadt kh\u1ea9u h\u1ee7y 32-bit \u0111\u1ec3 v\u00f4 hi\u1ec7u h\u00f3a th\u1ebb v\u0129nh vi\u1ec5n<\/li>\n<li>M\u1eadt kh\u1ea9u truy c\u1eadp 32-bit<\/li>\n<li>Ph\u1ea1m vi nhi\u1ec7t \u0111\u1ed9 ho\u1ea1t \u0111\u1ed9ng r\u1ed9ng: -40\u00a0<sup>\u00b0<\/sup>C l\u00ean \u0111\u1ebfn +85\u00a0<sup>\u00b0<\/sup>C<\/li>\n<li>EPC Gen2v2<\/li>\n<\/ul>\n<p><strong>UCODE 9 c\u1ee7a NXP<\/strong><\/p>\n<p>V\u1edbi UCODE 9, c\u00e1c \u1ee9ng d\u1ee5ng g\u1eafn th\u1ebb RFID RAIN c\u00f3 y\u00eau c\u1ea7u kh\u1eaft khe s\u1ebd \u0111\u01b0\u1ee3c th\u00fac \u0111\u1ea9y, do \u0111\u00f3 c\u00e1c nh\u00e0 b\u00e1n l\u1ebb v\u00e0 c\u00f4ng ty h\u1eadu c\u1ea7n th\u00f4ng minh c\u00f3 th\u1ec3 \u0111\u1ea9y nhanh qu\u00e1 tr\u00ecnh \u00e1p d\u1ee5ng IoT c\u1ee7a h\u1ecd.<\/p>\n<p>V\u1edbi hi\u1ec7u su\u1ea5t t\u0103ng l\u00ean, UCODE 9 cho ph\u00e9p \u0111\u1ebfm h\u00e0ng t\u1ed3n kho hi\u1ec7u qu\u1ea3 h\u01a1n. Ngo\u00e0i ra, UCODE 9 cho ph\u00e9p t\u00e1i s\u1eed d\u1ee5ng c\u00e1c thi\u1ebft k\u1ebf \u0103ng-ten l\u1eafp gh\u00e9p UCODE 8 hi\u1ec7n c\u00f3, cung c\u1ea5p \u0111\u01b0\u1eddng d\u1eabn di chuy\u1ec3n d\u1ec5 d\u00e0ng t\u1eeb UCODE 8 sang UCODE 9.<\/p>\n<p>Hi\u1ec7u su\u1ea5t chip cao h\u01a1n cho ph\u00e9p thi\u1ebft k\u1ebf kh\u1ea3m nh\u1ecf h\u01a1n, gi\u00fap gi\u1ea3m vi\u1ec7c s\u1eed d\u1ee5ng nh\u1ef1a v\u00e0 nh\u00f4m, qua \u0111\u00f3 th\u00fac \u0111\u1ea9y t\u00ednh b\u1ec1n v\u1eefng c\u1ee7a m\u00f4i tr\u01b0\u1eddng.<\/p>\n<div class=\"collapse-mobile ste-list\">\n<h3>C\u00e1c t\u00ednh n\u0103ng ch\u00ednh<\/h3>\n<ul class=\"boxes\">\n<li>\u0110\u1ed9 nh\u1ea1y \u0111\u1ecdc: -24 dBm<\/li>\n<li>\u0110\u1ed9 nh\u1ea1y ghi: -22 dBm<\/li>\n<li>T\u1ed1c \u0111\u1ed9 m\u00e3 h\u00f3a: 32 bit trong 0,96 ms<\/li>\n<li>Thay th\u1ebf \u0103ng-ten th\u1ea3 v\u00e0o cho UCODE 8<\/li>\n<li>T\u1ef1 \u0111i\u1ec1u ch\u1ec9nh<\/li>\n<li>B\u1ea3o v\u1ec7 b\u1ed9 nh\u1edb<\/li>\n<li>Chu\u1ea9n b\u1ecb tu\u1ea7n t\u1ef1 h\u00f3a EPC 96-bit<\/li>\n<\/ul>\n<\/div>\n<div class=\"collapse-mobile ste-list\">\n<h3>K\u00fd \u1ee9c<\/h3>\n<ul class=\"boxes\">\n<li>B\u1ed9 nh\u1edb EPC 96-bit<\/li>\n<li>H\u1ed7 tr\u1ee3 tu\u1ea7n t\u1ef1 h\u00f3a tr\u01b0\u1edbc EPC 96-bit<\/li>\n<li>M\u00e3 \u0111\u1ecbnh danh th\u1ebb 96-bit (TID) \u0111\u01b0\u1ee3c kh\u00f3a t\u1ea1i nh\u00e0 m\u00e1y<\/li>\n<li>S\u1ed1 s\u00ea-ri duy nh\u1ea5t 48 bit \u0111\u01b0\u1ee3c m\u00e3 h\u00f3a t\u1ea1i nh\u00e0 m\u00e1y th\u00e0nh TID<\/li>\n<li>M\u1eadt kh\u1ea9u h\u1ee7y 32-bit \u0111\u1ec3 v\u00f4 hi\u1ec7u h\u00f3a th\u1ebb v\u0129nh vi\u1ec5n<\/li>\n<li>Ph\u1ea1m vi nhi\u1ec7t \u0111\u1ed9 ho\u1ea1t \u0111\u1ed9ng r\u1ed9ng: -40 \u00b0C \u0111\u1ebfn +85 \u00b0C<\/li>\n<li>\u0110\u1ed9 b\u1ec1n chu k\u1ef3 ghi 100k<\/li>\n<li>L\u01b0u gi\u1eef d\u1eef li\u1ec7u trong 20 n\u0103m<\/li>\n<\/ul>\n<\/div>\n<div class=\"collapse-mobile ste-list\">\n<h3>C\u00e1c t\u00ednh n\u0103ng \u0111\u01b0\u1ee3c h\u1ed7 tr\u1ee3<\/h3>\n<ul class=\"boxes\">\n<li>T\u1ea5t c\u1ea3 c\u00e1c l\u1ec7nh b\u1eaft bu\u1ed9c c\u1ee7a th\u00f4ng s\u1ed1 k\u1ef9 thu\u1eadt EPC global Gen2 v2.1 \u0111\u1ec1u \u0111\u01b0\u1ee3c tri\u1ec3n khai bao g\u1ed3m:\n<ul>\n<li>L\u1ec7nh gi\u1ebft<\/li>\n<\/ul>\n<\/li>\n<li>C\u00e1c l\u1ec7nh t\u00f9y ch\u1ecdn sau \u0111\u00e2y \u0111\u01b0\u1ee3c tri\u1ec3n khai theo \u0111\u00fang th\u00f4ng s\u1ed1 k\u1ef9 thu\u1eadt EPC\n<ul>\n<li>Vi\u1ebft kh\u1ed1i (2 t\u1eeb, 32 bit)<\/li>\n<\/ul>\n<\/li>\n<li>T\u1ef1 \u0111i\u1ec1u ch\u1ec9nh \u0111\u1ec3 t\u1ed1i \u01b0u h\u00f3a hi\u1ec7u su\u1ea5t th\u1ebb t\u1ef1 \u0111\u1ed9ng<\/li>\n<li>Kh\u00f3a v\u0129nh vi\u1ec5n<\/li>\n<\/ul>\n<\/div>\n<\/div>\n<div class=\"collapse-mobile ste-list\"><\/div>\n<\/div>\n<\/div>\n<div class=\"magic-2\">\n<div>\n<div class=\"auto-hide-last-sibling-br paragraph_1252f paragraph-element\"><\/div>\n<div class=\"auto-hide-last-sibling-br paragraph_1252f paragraph-element\"><strong>\u1ee8ng d\u1ee5ng c\u1ee7a th\u1ebb n\u00fat RFID<\/strong><\/div>\n<ol class=\"auto-hide-last-sibling-br\">\n<li>\n<div class=\"auto-hide-last-sibling-br paragraph_1252f paragraph-element\">Gi\u1eb7t l\u00e0 c\u00f4ng nghi\u1ec7p: Trong ng\u00e0nh c\u00f4ng nghi\u1ec7p, vi\u1ec7c theo d\u00f5i s\u1ed1 l\u01b0\u1ee3ng l\u1edbn \u0111\u1ed3 v\u1ea3i tr\u1edf n\u00ean d\u1ec5 d\u00e0ng h\u01a1n khi s\u1eed d\u1ee5ng N\u00fat th\u1ebb gi\u1eb7t l\u00e0 RFID.<\/div>\n<\/li>\n<li>\n<div class=\"auto-hide-last-sibling-br paragraph_1252f paragraph-element\">B\u1ec7nh vi\u1ec7n v\u00e0 kh\u00e1ch s\u1ea1n: Nh\u1eefng c\u01a1 s\u1edf n\u00e0y th\u01b0\u1eddng x\u1eed l\u00fd c\u00e1c ho\u1ea1t \u0111\u1ed9ng gi\u1eb7t l\u00e0 kh\u1ed1i l\u01b0\u1ee3ng l\u1edbn, trong \u0111\u00f3 c\u00e1c th\u1ebb n\u00e0y \u0111\u00e3 \u0111\u01b0\u1ee3c ch\u1ee9ng minh l\u00e0 h\u1eefu \u00edch trong vi\u1ec7c c\u1ea3i thi\u1ec7n hi\u1ec7u qu\u1ea3 v\u00e0 qu\u1ea3n l\u00fd h\u00e0ng t\u1ed3n kho.<\/div>\n<\/li>\n<li>\n<div class=\"auto-hide-last-sibling-br paragraph_1252f paragraph-element\">Cho thu\u00ea v\u1ea3i lanh: C\u00e1c doanh nghi\u1ec7p cung c\u1ea5p d\u1ecbch v\u1ee5 cho thu\u00ea v\u1ea3i lanh s\u1eed d\u1ee5ng c\u00e1c th\u1ebb n\u00e0y \u0111\u1ec3 \u0111\u01a1n gi\u1ea3n h\u00f3a vi\u1ec7c qu\u1ea3n l\u00fd h\u00e0ng t\u1ed3n kho v\u00e0 duy tr\u00ec ki\u1ec3m so\u00e1t ch\u1ea5t l\u01b0\u1ee3ng.<\/div>\n<\/li>\n<\/ol>\n<div class=\"auto-hide-last-sibling-br paragraph_1252f paragraph-element\"><\/div>\n<\/div>\n<\/div>\n<\/div>\n<\/div>\n<\/div>","protected":false},"excerpt":{"rendered":"<div class=\"auto-hide-last-sibling-br paragraph_1252f paragraph-element\">Th\u01b0\u1eddng \u0111\u01b0\u1ee3c g\u1ecdi l\u00e0 th\u1ebb n\u00fat RFID, th\u1ebb gi\u1eb7t UHF RFID l\u00e0 thi\u1ebft b\u1ecb \u0111\u01b0\u1ee3c thi\u1ebft k\u1ebf ri\u00eang b\u1ec1n b\u1ec9 d\u00e0nh cho c\u00e1c ch\u1ee9c n\u0103ng \u0111\u00f2i h\u1ecfi th\u1ebb b\u1ec1n b\u1ec9 trong \u0111i\u1ec1u ki\u1ec7n kh\u1eafc nghi\u1ec7t. B\u1ed9 chuy\u1ec3n \u0111\u1ed5i t\u00edn hi\u1ec7u gi\u1eb7t UHF hi\u1ec7n \u0111ang d\u1eabn \u0111\u1ea7u th\u1ecb tr\u01b0\u1eddng, m\u1eb7c d\u00f9 c\u00f3 nh\u1eefng tr\u01b0\u1eddng h\u1ee3p c\u1ea7n th\u1ebb n\u00fat RFID \u0111\u1ed3ng b\u1ed9 v\u1edbi c\u00e1c \u1ee9ng d\u1ee5ng di \u0111\u1ed9ng. C\u00e1c b\u1ed9 chuy\u1ec3n \u0111\u1ed5i t\u00edn hi\u1ec7u gi\u1eb7t RFID h\u00ecnh n\u00fat n\u00e0y ph\u00f9 h\u1ee3p v\u1edbi h\u00f3a \u0111\u01a1n n\u00e0y m\u1ed9t c\u00e1ch t\u1ed1i \u01b0u. V\u1edbi kh\u1ea3 n\u0103ng th\u00edch \u1ee9ng v\u00e0 hi\u1ec7u su\u1ea5t v\u01b0\u1ee3t tr\u1ed9i, ch\u00fang mang l\u1ea1i l\u1ee3i \u00edch to l\u1edbn trong vi\u1ec7c theo d\u00f5i v\u00e0 nh\u1eadn d\u1ea1ng h\u00e0ng d\u1ec7t c\u00f4ng nghi\u1ec7p v\u00e0 gi\u1eb7t l\u00e0 tr\u00ean nhi\u1ec1u l\u0129nh v\u1ef1c kh\u00e1c nhau.<\/div>","protected":false},"featured_media":71,"template":"","meta":{"_kad_post_transparent":"default","_kad_post_title":"","_kad_post_layout":"default","_kad_post_sidebar_id":"","_kad_post_content_style":"default","_kad_post_vertical_padding":"default","_kad_post_feature":"","_kad_post_feature_position":"","_kad_post_header":false,"_kad_post_footer":false,"_kad_post_classname":""},"product_brand":[],"product_cat":[21,16],"product_tag":[41,35,33,30],"class_list":{"0":"post-70","1":"product","2":"type-product","3":"status-publish","4":"has-post-thumbnail","6":"product_cat-pps-rfid-laundry-tag","7":"product_cat-uhf-rfid-laundry-tags","8":"product_tag-pps-uhf-rfid-laundry-tag","9":"product_tag-rfid-button","10":"product_tag-rfid-laundry-tag-button","11":"product_tag-uhf-rfid-laundry-tag","13":"first","14":"instock","15":"shipping-taxable","16":"product-type-simple","17":"entry","18":"content-bg","19":"loop-entry"},"_links":{"self":[{"href":"https:\/\/rfid-laundry-tag.com\/vi\/wp-json\/wp\/v2\/product\/70","targetHints":{"allow":["GET"]}}],"collection":[{"href":"https:\/\/rfid-laundry-tag.com\/vi\/wp-json\/wp\/v2\/product"}],"about":[{"href":"https:\/\/rfid-laundry-tag.com\/vi\/wp-json\/wp\/v2\/types\/product"}],"version-history":[{"count":1,"href":"https:\/\/rfid-laundry-tag.com\/vi\/wp-json\/wp\/v2\/product\/70\/revisions"}],"predecessor-version":[{"id":150,"href":"https:\/\/rfid-laundry-tag.com\/vi\/wp-json\/wp\/v2\/product\/70\/revisions\/150"}],"wp:featuredmedia":[{"embeddable":true,"href":"https:\/\/rfid-laundry-tag.com\/vi\/wp-json\/wp\/v2\/media\/71"}],"wp:attachment":[{"href":"https:\/\/rfid-laundry-tag.com\/vi\/wp-json\/wp\/v2\/media?parent=70"}],"wp:term":[{"taxonomy":"product_brand","embeddable":true,"href":"https:\/\/rfid-laundry-tag.com\/vi\/wp-json\/wp\/v2\/product_brand?post=70"},{"taxonomy":"product_cat","embeddable":true,"href":"https:\/\/rfid-laundry-tag.com\/vi\/wp-json\/wp\/v2\/product_cat?post=70"},{"taxonomy":"product_tag","embeddable":true,"href":"https:\/\/rfid-laundry-tag.com\/vi\/wp-json\/wp\/v2\/product_tag?post=70"}],"curies":[{"name":"wp","href":"https:\/\/api.w.org\/{rel}","templated":true}]}}