{"id":62,"date":"2024-06-10T16:32:32","date_gmt":"2024-06-10T16:32:32","guid":{"rendered":"https:\/\/rfid-laundry-tag.com\/?post_type=product&#038;p=62"},"modified":"2024-06-10T16:32:32","modified_gmt":"2024-06-10T16:32:32","slug":"rfid-laundry-tag-button","status":"publish","type":"product","link":"https:\/\/rfid-laundry-tag.com\/vi\/rfid-laundry-tag-button\/","title":{"rendered":"N\u00fat g\u1eafn th\u1ebb gi\u1eb7t l\u00e0 RFID"},"content":{"rendered":"<div class=\"J_module\">\n<div class=\"ife-detail-decorate-table\">\n<table class=\"has-title all magic-6\">\n<tbody>\n<tr>\n<td colspan=\"1\" rowspan=\"1\">\n<div class=\"magic-7\" data-spm-anchor-id=\"a2700.details.0.i45.77607d98vZbcDU\"><span class=\"magic-8\" style=\"color: #363535;\">T\u00ean m\u1eb7t h\u00e0ng<\/span><\/div>\n<\/td>\n<td colspan=\"1\" rowspan=\"1\">\n<div class=\"magic-9\"><span class=\"magic-8\">N\u00fat g\u1eafn th\u1ebb gi\u1eb7t l\u00e0 RFID<\/span><\/div>\n<\/td>\n<\/tr>\n<tr>\n<td colspan=\"1\" rowspan=\"1\">\n<div class=\"magic-7\"><span class=\"magic-10\" data-spm-anchor-id=\"a2700.pc-decorate.0.i10.28d333330XLbTD\"><span class=\"magic-8\">V\u1eadt li\u1ec7u<\/span><\/span><\/div>\n<\/td>\n<td colspan=\"1\" rowspan=\"1\">\n<div class=\"magic-9\"><span class=\"magic-8\">PPS<\/span><\/div>\n<\/td>\n<\/tr>\n<tr>\n<td colspan=\"1\" rowspan=\"1\">\n<div class=\"magic-7\"><span class=\"magic-8\">M\u00e0u s\u1eafc<\/span><\/div>\n<\/td>\n<td colspan=\"1\" rowspan=\"1\">\n<div class=\"magic-9\"><span class=\"magic-8\">\u0110en, V\u00e0ng, v.v.<\/span><\/div>\n<\/td>\n<\/tr>\n<tr>\n<td colspan=\"1\" rowspan=\"1\">S\u1ed1 l\u01b0\u1ee3ng \u0111\u1eb7t h\u00e0ng t\u1ed1i thi\u1ec3u<\/td>\n<td colspan=\"1\" rowspan=\"1\">500 chi\u1ebfc<\/td>\n<\/tr>\n<tr>\n<td colspan=\"1\" rowspan=\"1\">\n<div class=\"magic-7\"><span class=\"magic-8\">Nh\u00e0 s\u1ea3n xu\u1ea5t\/Chip<\/span><\/div>\n<\/td>\n<td colspan=\"1\" rowspan=\"1\">\n<div class=\"magic-9\"><span class=\"magic-8\">NXP UCODE 8,UCODE 9\/NTAG213\/EM4305,T5577, v.v.<\/span><\/div>\n<\/td>\n<\/tr>\n<tr>\n<td colspan=\"1\" rowspan=\"1\">\n<div class=\"magic-7\"><span class=\"magic-8\">T\u00ednh th\u01b0\u1eddng xuy\u00ean<\/span><\/div>\n<\/td>\n<td colspan=\"1\" rowspan=\"1\">\n<div class=\"magic-9\"><span class=\"magic-8\">860-960MHz\/13.56MHz\/125Khz<\/span><\/div>\n<\/td>\n<\/tr>\n<tr>\n<td colspan=\"1\" rowspan=\"1\">\n<div class=\"magic-7\"><span class=\"magic-8\">K\u00fd \u1ee9c<\/span><\/div>\n<\/td>\n<td colspan=\"1\" rowspan=\"1\">\n<div class=\"magic-9\"><span class=\"magic-8\">96 Bit\/128 Bit\/144 Byte<\/span><\/div>\n<\/td>\n<\/tr>\n<tr>\n<td colspan=\"1\" rowspan=\"1\">\n<div class=\"magic-7\"><span class=\"magic-8\">Kho\u1ea3ng c\u00e1ch \u0111\u1ecdc<\/span><\/div>\n<\/td>\n<td colspan=\"1\" rowspan=\"1\">\n<div class=\"magic-9\"><span class=\"magic-8\">1-6m\/1~5cm\/1~2cm<\/span><\/div>\n<\/td>\n<\/tr>\n<tr>\n<td colspan=\"1\" rowspan=\"1\">\n<div class=\"magic-7\"><span class=\"magic-8\">Ch\u1ebf \u0111\u1ed9 l\u00e0m vi\u1ec7c<\/span><\/div>\n<\/td>\n<td colspan=\"1\" rowspan=\"1\">\n<div class=\"magic-9\"><span class=\"magic-8\">th\u1ee5 \u0111\u1ed9ng<\/span><\/div>\n<\/td>\n<\/tr>\n<tr>\n<td colspan=\"1\" rowspan=\"1\">\n<div class=\"magic-7\"><span class=\"magic-8\">Nhi\u1ec7t \u0111\u1ed9 l\u00e0m vi\u1ec7c<\/span><\/div>\n<\/td>\n<td colspan=\"1\" rowspan=\"1\">\n<div class=\"magic-9\"><span class=\"magic-8\">-25\u2103~+110\u2103<\/span><\/div>\n<\/td>\n<\/tr>\n<tr>\n<td colspan=\"1\" rowspan=\"1\">\n<div class=\"magic-7\"><span class=\"magic-8\">Nhi\u1ec7t \u0111\u1ed9 l\u01b0u tr\u1eef<\/span><\/div>\n<\/td>\n<td colspan=\"1\" rowspan=\"1\">\n<div class=\"magic-9\"><span class=\"magic-8\">-40\u2103~+85\u2103<\/span><\/div>\n<\/td>\n<\/tr>\n<tr>\n<td colspan=\"1\" rowspan=\"1\">\n<div class=\"magic-7\">\n<div><span class=\"magic-8\">\u00a0<\/span><\/div>\n<p><span class=\"magic-8\">Kh\u1ea3 n\u0103ng ch\u1ecbu nhi\u1ec7t \u0111\u1ed9 ng\u1eafn h\u1ea1n<\/span><\/div>\n<\/td>\n<td colspan=\"1\" rowspan=\"1\">\n<div class=\"magic-9\"><span class=\"magic-8\">gi\u1eb7t: 90\u2103, 15 ph\u00fat; s\u1ea5y kh\u00f4 tr\u01b0\u1edbc b\u1eb1ng b\u1ed9 chuy\u1ec3n \u0111\u1ed5i: 180\u2103, 30 ph\u00fat, 200 l\u1ea7n; \u1ee7i: 180\u2103, 10 gi\u00e2y, 200 l\u1ea7n; cao<br \/>\nnhi\u1ec7t \u0111\u1ed9 kh\u1eed tr\u00f9ng: 135\u2103, 20 ph\u00fat<\/span><\/div>\n<\/td>\n<\/tr>\n<tr>\n<td colspan=\"1\" rowspan=\"1\">\n<div class=\"magic-7\"><span class=\"magic-8\">\u0110\u1eb7c tr\u01b0ng<\/span><\/div>\n<\/td>\n<td colspan=\"1\" rowspan=\"1\">\n<div class=\"magic-9\"><span class=\"magic-8\">kh\u00f4ng th\u1ea5m n\u01b0\u1edbc, c\u00f3 th\u1ec3 gi\u1eb7t \u0111\u01b0\u1ee3c, ch\u1ecbu \u0111\u01b0\u1ee3c nhi\u1ec7t \u0111\u1ed9 cao<\/span><\/div>\n<\/td>\n<\/tr>\n<tr>\n<td colspan=\"1\" rowspan=\"1\">\n<div class=\"magic-7\"><span class=\"magic-8\">M\u1ea1ng s\u1ed1ng<\/span><\/div>\n<\/td>\n<td colspan=\"1\" rowspan=\"1\">\n<div class=\"magic-9\"><span class=\"magic-8\">gi\u1eb7t 200 l\u1ea7n ho\u1eb7c 3 n\u0103m<\/span><\/div>\n<\/td>\n<\/tr>\n<tr>\n<td colspan=\"1\" rowspan=\"1\">\n<div class=\"magic-7\"><span class=\"magic-8\">\u1ee8ng d\u1ee5ng<\/span><\/div>\n<\/td>\n<td colspan=\"1\" rowspan=\"1\">\n<div class=\"magic-9\"><span class=\"magic-8\">qu\u1ea3n l\u00fd v\u00e0 theo d\u00f5i gi\u1eb7t l\u00e0<\/span><\/div>\n<\/td>\n<\/tr>\n<\/tbody>\n<\/table>\n<\/div>\n<\/div>\n<div class=\"J_module\">\n<div class=\"detail-decorate-json-renderer-container\">\n<div class=\"magic-1\">\n<div class=\"magic-2\">\n<div class=\"magic-3\">\n<div><\/div>\n<div class=\"magic-4\"><span class=\"magic-5\" style=\"color: #2196ed;\"><b class=\"magic-10\">N\u00fat g\u1eafn th\u1ebb gi\u1eb7t l\u00e0 RFID<\/b><\/span><\/p>\n<div><\/div>\n<\/div>\n<\/div>\n<div>\n<div class=\"auto-hide-last-sibling-br paragraph_1252f paragraph-element\">Th\u1ebb gi\u1eb7t PPS ch\u1ecbu nhi\u1ec7t \u0111\u1ed9 cao l\u00e0 gi\u1ea3i ph\u00e1p theo d\u00f5i tuy\u1ec7t v\u1eddi cho c\u00e1c c\u01a1 s\u1edf th\u01b0\u01a1ng m\u1ea1i nh\u01b0 c\u0103ng tin v\u00e0 nh\u00e0 h\u00e0ng, n\u01a1i th\u01b0\u1eddng xuy\u00ean x\u1eed l\u00fd kh\u1ed1i l\u01b0\u1ee3ng l\u1edbn \u0111\u1ed3 d\u00f9ng tr\u00ean b\u00e0n \u0103n:<\/div>\n<p><br class=\"container_e695a wrapper_ad07b undefined\" \/><\/p>\n<ol class=\"auto-hide-last-sibling-br\">\n<li>\n<div class=\"auto-hide-last-sibling-br paragraph_1252f paragraph-element\">Theo d\u00f5i ho\u00e0n h\u1ea3o: D\u00e1n th\u1ebb RFID ch\u1ee9a th\u00f4ng tin nh\u1eadn d\u1ea1ng duy nh\u1ea5t (nh\u01b0 lo\u1ea1i s\u1ea3n ph\u1ea9m, nh\u00e0 s\u1ea3n xu\u1ea5t v\u00e0 ng\u00e0y mua) v\u00e0o t\u1eebng b\u1ed9 \u0111\u1ed3 \u0103n cho ph\u00e9p theo d\u00f5i ti\u1ebfn tr\u00ecnh c\u1ee7a t\u1eebng s\u1ea3n ph\u1ea9m trong su\u1ed1t qu\u00e1 tr\u00ecnh r\u1eeda ch\u00e9n th\u00f4ng qua \u0111\u1ea7u \u0111\u1ecdc RFID.<\/div>\n<\/li>\n<li>\n<div class=\"auto-hide-last-sibling-br paragraph_1252f paragraph-element\">\u0110\u1ed9 b\u1ec1n cao: Ch\u1ecbu \u0111\u01b0\u1ee3c nhi\u1ec7t \u0111\u1ed9 cao v\u00e0 h\u00f3a ch\u1ea5t kh\u1eafc nghi\u1ec7t kh\u00f4ng ph\u1ea3i l\u00e0 th\u00e1ch th\u1ee9c \u0111\u1ed1i v\u1edbi th\u1ebb RFID ch\u1ecbu nhi\u1ec7t \u0111\u1ed9 cao PPS. Ch\u00fang \u0111\u01b0\u1ee3c thi\u1ebft k\u1ebf t\u1ec9 m\u1ec9 \u0111\u1ec3 ch\u1ecbu \u0111\u01b0\u1ee3c nh\u1eefng \u0111i\u1ec1u ki\u1ec7n nh\u01b0 v\u1eady, khi\u1ebfn ch\u00fang tr\u1edf th\u00e0nh l\u1ef1a ch\u1ecdn l\u00fd t\u01b0\u1edfng \u0111\u1ec3 theo d\u00f5i \u0111\u1ed3 d\u00f9ng tr\u00ean b\u00e0n \u0103n trong c\u00e1c c\u01a1 s\u1edf r\u1eeda ch\u00e9n th\u01b0\u01a1ng m\u1ea1i.<\/div>\n<\/li>\n<li>\n<div class=\"auto-hide-last-sibling-br paragraph_1252f paragraph-element\">Qu\u1ea3n l\u00fd h\u00e0ng t\u1ed3n kho hi\u1ec7u qu\u1ea3: Sau khi \u0111\u01b0\u1ee3c v\u1ec7 sinh, kh\u1eed tr\u00f9ng v\u00e0 l\u01b0u tr\u1eef \u0111\u1ec3 t\u00e1i s\u1eed d\u1ee5ng, th\u1ebb RFID c\u00f3 th\u1ec3 d\u1ec5 d\u00e0ng theo d\u00f5i t\u00ecnh tr\u1ea1ng s\u1eb5n c\u00f3 v\u00e0 v\u1ecb tr\u00ed c\u1ee7a t\u1eebng m\u1eb7t h\u00e0ng. \u0110i\u1ec1u n\u00e0y \u0111\u1ea3m b\u1ea3o ngu\u1ed3n cung c\u1ea5p \u0111\u1ed3 d\u00f9ng s\u1ea1ch li\u00ean t\u1ee5c, lo\u1ea1i b\u1ecf kh\u1ea3 n\u0103ng thi\u1ebfu h\u1ee5t ho\u1eb7c x\u1eed l\u00fd sai.<\/div>\n<\/li>\n<li>\n<div class=\"auto-hide-last-sibling-br paragraph_1252f paragraph-element\">N\u00e2ng cao h\u1eadu c\u1ea7n: Vi\u1ec7c tri\u1ec3n khai th\u1ebb RFID PPS Laundry gi\u00fap h\u1ee3p l\u00fd h\u00f3a vi\u1ec7c qu\u1ea3n l\u00fd h\u00e0ng t\u1ed3n kho v\u00e0 quy tr\u00ecnh h\u1eadu c\u1ea7n trong m\u00f4i tr\u01b0\u1eddng nhi\u1ec7t \u0111\u1ed9 cao, ch\u1eb3ng h\u1ea1n nh\u01b0 c\u01a1 s\u1edf r\u1eeda ch\u00e9n th\u01b0\u01a1ng m\u1ea1i.<\/div>\n<\/li>\n<\/ol>\n<div class=\"auto-hide-last-sibling-br paragraph_1252f paragraph-element\"><strong>L\u1ee3i \u00edch c\u1ee7a N\u00fat Gi\u1eb7t RFID<\/strong><\/div>\n<ol class=\"auto-hide-last-sibling-br\">\n<li>\n<div class=\"auto-hide-last-sibling-br paragraph_1252f paragraph-element\">Theo d\u00f5i hi\u1ec7u qu\u1ea3: N\u00fat g\u1eafn th\u1ebb gi\u1eb7t RFID gi\u00fap \u0111\u01a1n gi\u1ea3n h\u00f3a vi\u1ec7c theo d\u00f5i qu\u1ea7n \u00e1o trong su\u1ed1t qu\u00e1 tr\u00ecnh gi\u1eb7t, n\u00e2ng cao hi\u1ec7u qu\u1ea3 ho\u1ea1t \u0111\u1ed9ng v\u00e0 n\u0103ng su\u1ea5t.<\/div>\n<\/li>\n<li>\n<div class=\"auto-hide-last-sibling-br paragraph_1252f paragraph-element\">Khuy\u1ebfn kh\u00edch t\u1ef1 \u0111\u1ed9ng h\u00f3a: C\u00e1c n\u00fat n\u00e0y gi\u00fap gi\u1ea3m nhu c\u1ea7u s\u1eed d\u1ee5ng lao \u0111\u1ed9ng th\u1ee7 c\u00f4ng v\u00e0 c\u00e1c l\u1ed7i ti\u1ec1m \u1ea9n li\u00ean quan, th\u00fac \u0111\u1ea9y h\u1ec7 th\u1ed1ng t\u1ef1 \u0111\u1ed9ng hi\u1ec7u qu\u1ea3.<\/div>\n<\/li>\n<li>\n<div class=\"auto-hide-last-sibling-br paragraph_1252f paragraph-element\">\u0110\u1ed9 b\u1ec1n: \u0110\u01b0\u1ee3c thi\u1ebft k\u1ebf \u0111\u1eb7c bi\u1ec7t \u0111\u1ec3 ch\u1ecbu \u0111\u01b0\u1ee3c \u0111i\u1ec1u ki\u1ec7n gi\u1eb7t kh\u1eafc nghi\u1ec7t, nh\u1eefng chi\u1ebfc n\u00fat n\u00e0y c\u00f3 kh\u1ea3 n\u0103ng ch\u1ecbu \u0111\u01b0\u1ee3c nhi\u1ec7t \u0111\u1ed9 cao, \u00e1p su\u1ea5t v\u00e0 h\u00f3a ch\u1ea5t, \u0111\u1ea3m b\u1ea3o \u0111\u1ed9 b\u1ec1n l\u00e2u.<\/div>\n<\/li>\n<\/ol>\n<div class=\"auto-hide-last-sibling-br paragraph_1252f paragraph-element\"><strong>T\u00ednh n\u0103ng c\u1ee7a Th\u1ebb gi\u1eb7t RFID<\/strong><\/div>\n<ol class=\"auto-hide-last-sibling-br\">\n<li>\n<div class=\"auto-hide-last-sibling-br paragraph_1252f paragraph-element\">Nh\u1eadn d\u1ea1ng duy nh\u1ea5t: M\u1ed7i th\u1ebb ch\u1ee9a th\u00f4ng tin nh\u1eadn d\u1ea1ng duy nh\u1ea5t, gi\u00fap theo d\u00f5i d\u1ec5 d\u00e0ng t\u1eebng s\u1ea3n ph\u1ea9m ri\u00eang l\u1ebb.<\/div>\n<\/li>\n<li>\n<div class=\"auto-hide-last-sibling-br paragraph_1252f paragraph-element\">Kh\u1ea3 n\u0103ng ch\u1ecbu nhi\u1ec7t \u0111\u1ed9 cao: N\u00fat th\u1ebb gi\u1eb7t RFID \u0111\u01b0\u1ee3c thi\u1ebft k\u1ebf \u0111\u1ec3 ch\u1ecbu \u0111\u01b0\u1ee3c nhi\u1ec7t \u0111\u1ed9 cao, l\u00fd t\u01b0\u1edfng \u0111\u1ec3 s\u1eed d\u1ee5ng trong gi\u1eb7t \u1ee7i.<\/div>\n<\/li>\n<li>\n<div class=\"auto-hide-last-sibling-br paragraph_1252f paragraph-element\">Kh\u1ea3 n\u0103ng NFC: M\u1ed9t s\u1ed1 th\u1ebb \u0111\u01b0\u1ee3c trang b\u1ecb ch\u1ee9c n\u0103ng NFC cho ph\u00e9p qu\u00e9t b\u1eb1ng \u1ee9ng d\u1ee5ng di \u0111\u1ed9ng, cho ph\u00e9p theo d\u00f5i v\u00e0 qu\u1ea3n l\u00fd t\u1eeb xa.<\/div>\n<\/li>\n<\/ol>\n<div class=\"auto-hide-last-sibling-br paragraph_1252f paragraph-element\"><strong>\u1ee8ng d\u1ee5ng c\u1ee7a N\u00fat Gi\u1eb7t RFID<\/strong><\/div>\n<ol class=\"auto-hide-last-sibling-br\">\n<li>\n<div class=\"auto-hide-last-sibling-br paragraph_1252f paragraph-element\">Gi\u1eb7t l\u00e0 c\u00f4ng nghi\u1ec7p: Trong ng\u00e0nh c\u00f4ng nghi\u1ec7p, vi\u1ec7c theo d\u00f5i s\u1ed1 l\u01b0\u1ee3ng l\u1edbn \u0111\u1ed3 v\u1ea3i tr\u1edf n\u00ean d\u1ec5 d\u00e0ng h\u01a1n khi s\u1eed d\u1ee5ng N\u00fat th\u1ebb gi\u1eb7t l\u00e0 RFID.<\/div>\n<\/li>\n<li>\n<div class=\"auto-hide-last-sibling-br paragraph_1252f paragraph-element\">B\u1ec7nh vi\u1ec7n v\u00e0 kh\u00e1ch s\u1ea1n: Nh\u1eefng c\u01a1 s\u1edf n\u00e0y th\u01b0\u1eddng x\u1eed l\u00fd c\u00e1c ho\u1ea1t \u0111\u1ed9ng gi\u1eb7t l\u00e0 kh\u1ed1i l\u01b0\u1ee3ng l\u1edbn, trong \u0111\u00f3 c\u00e1c th\u1ebb n\u00e0y \u0111\u00e3 \u0111\u01b0\u1ee3c ch\u1ee9ng minh l\u00e0 h\u1eefu \u00edch trong vi\u1ec7c c\u1ea3i thi\u1ec7n hi\u1ec7u qu\u1ea3 v\u00e0 qu\u1ea3n l\u00fd h\u00e0ng t\u1ed3n kho.<\/div>\n<\/li>\n<li>\n<div class=\"auto-hide-last-sibling-br paragraph_1252f paragraph-element\">Cho thu\u00ea v\u1ea3i lanh: C\u00e1c doanh nghi\u1ec7p cung c\u1ea5p d\u1ecbch v\u1ee5 cho thu\u00ea v\u1ea3i lanh s\u1eed d\u1ee5ng c\u00e1c th\u1ebb n\u00e0y \u0111\u1ec3 \u0111\u01a1n gi\u1ea3n h\u00f3a vi\u1ec7c qu\u1ea3n l\u00fd h\u00e0ng t\u1ed3n kho v\u00e0 duy tr\u00ec ki\u1ec3m so\u00e1t ch\u1ea5t l\u01b0\u1ee3ng.<\/div>\n<\/li>\n<\/ol>\n<div class=\"auto-hide-last-sibling-br paragraph_1252f paragraph-element\"><strong>S\u1ea3n xu\u1ea5t n\u00fat th\u1ebb gi\u1eb7t \u1ee7i RFID<\/strong><\/div>\n<div class=\"auto-hide-last-sibling-br paragraph_1252f paragraph-element\">Quy tr\u00ecnh s\u1ea3n xu\u1ea5t N\u00fat th\u1ebb gi\u1eb7t RFID bao g\u1ed3m nh\u00fang chip RFID v\u00e0o v\u1ecf nh\u1ef1a ho\u1eb7c nh\u1ef1a t\u1ed5ng h\u1ee3p \u0111\u1ec3 \u0111\u1ea3m b\u1ea3o ch\u1ed1ng th\u1ea5m n\u01b0\u1edbc v\u00e0 c\u00f3 th\u1ec3 ch\u1ecbu \u0111\u01b0\u1ee3c \u0111i\u1ec1u ki\u1ec7n kh\u1eafc nghi\u1ec7t c\u1ee7a m\u00f4i tr\u01b0\u1eddng gi\u1eb7t l\u00e0. C\u00e1c c\u00f4ng ngh\u1ec7 ti\u00ean ti\u1ebfn \u0111\u01b0\u1ee3c s\u1eed d\u1ee5ng trong qu\u00e1 tr\u00ecnh s\u1ea3n xu\u1ea5t \u0111\u1ec3 \u0111\u1ea3m b\u1ea3o th\u1ebb c\u00f3 th\u1ec3 ch\u1ecbu \u0111\u01b0\u1ee3c nhi\u1ec7t \u0111\u1ed9 cao, \u00e1p su\u1ea5t v\u00e0 ti\u1ebfp x\u00fac v\u1edbi h\u00f3a ch\u1ea5t. M\u1ed7i th\u1ebb \u0111\u01b0\u1ee3c l\u1eadp tr\u00ecnh v\u1edbi m\u1ed9t s\u1ed1 nh\u1eadn d\u1ea1ng duy nh\u1ea5t \u0111\u1ec3 theo d\u00f5i trong su\u1ed1t th\u1eddi gian s\u1eed d\u1ee5ng.<\/div>\n<\/div>\n<\/div>\n<\/div>\n<\/div>\n<\/div>","protected":false},"excerpt":{"rendered":"<div class=\"auto-hide-last-sibling-br paragraph_1252f paragraph-element\">N\u00fat gi\u1eb7t RFID, hay th\u01b0\u1eddng \u0111\u01b0\u1ee3c g\u1ecdi l\u00e0 Th\u1ebb gi\u1eb7t RFID PPS, \u0111\u01b0\u1ee3c thi\u1ebft k\u1ebf ri\u00eang \u0111\u1ec3 ph\u1ee5c v\u1ee5 cho c\u00e1c \u1ee9ng d\u1ee5ng \u0111\u00f2i h\u1ecfi th\u1ebb b\u1ec1n, c\u00f3 kh\u1ea3 n\u0103ng ch\u1ecbu \u0111\u01b0\u1ee3c \u0111i\u1ec1u ki\u1ec7n l\u00e0m vi\u1ec7c kh\u1eafc nghi\u1ec7t.<\/div>\n<div class=\"auto-hide-last-sibling-br paragraph_1252f paragraph-element\">Hi\u1ec7n nay, h\u1ea7u h\u1ebft th\u1ecb tr\u01b0\u1eddng \u0111\u1ec1u nghi\u00eang v\u1ec1 vi\u1ec7c s\u1eed d\u1ee5ng b\u1ed9 ti\u1ebfp s\u00f3ng gi\u1eb7t UHF. Tuy nhi\u00ean, m\u1ed9t s\u1ed1 tr\u01b0\u1eddng h\u1ee3p nh\u1ea5t \u0111\u1ecbnh c\u0169ng y\u00eau c\u1ea7u s\u1eed d\u1ee5ng th\u1ebb gi\u1eb7t NFC h\u1ed7 tr\u1ee3 c\u00e1c \u1ee9ng d\u1ee5ng di \u0111\u1ed9ng. N\u00fat ti\u1ebfp s\u00f3ng \u0111\u1ed3 gi\u1eb7t RFID \u0111\u00e1p \u1ee9ng hi\u1ec7u qu\u1ea3 nh\u1eefng nhu c\u1ea7u n\u00e0y.<\/div>\n<div class=\"auto-hide-last-sibling-br paragraph_1252f paragraph-element\">T\u00ednh linh ho\u1ea1t v\u00e0 hi\u1ec7u su\u1ea5t m\u1ea1nh m\u1ebd c\u1ee7a ch\u00fang khi\u1ebfn ch\u00fang h\u1eefu \u00edch \u0111\u00e1ng k\u1ec3 trong vi\u1ec7c x\u00e1c \u0111\u1ecbnh v\u00e0 theo d\u00f5i gi\u1eb7t l\u00e0 c\u00f4ng nghi\u1ec7p v\u00e0 h\u00e0ng d\u1ec7t may trong nhi\u1ec1u l\u0129nh v\u1ef1c kh\u00e1c nhau. \u0110\u1eb7c bi\u1ec7t ph\u1ed5 bi\u1ebfn trong c\u00e1c kh\u00e1ch s\u1ea1n, b\u1ec7nh vi\u1ec7n v\u00e0 c\u00e1c doanh nghi\u1ec7p cung c\u1ea5p d\u1ecbch v\u1ee5 cho thu\u00ea v\u1ea3i lanh, nh\u1eefng th\u1ebb c\u00f3 \u0111\u1ed9 b\u1ec1n cao n\u00e0y \u0111\u00f3ng vai tr\u00f2 quan tr\u1ecdng trong vi\u1ec7c n\u00e2ng cao hi\u1ec7u qu\u1ea3 ho\u1ea1t \u0111\u1ed9ng v\u00e0 n\u0103ng su\u1ea5t chung.<\/div>","protected":false},"featured_media":63,"template":"","meta":{"_kad_post_transparent":"default","_kad_post_title":"","_kad_post_layout":"default","_kad_post_sidebar_id":"","_kad_post_content_style":"default","_kad_post_vertical_padding":"default","_kad_post_feature":"","_kad_post_feature_position":"","_kad_post_header":false,"_kad_post_footer":false,"_kad_post_classname":""},"product_brand":[],"product_cat":[21],"product_tag":[35,34,33],"class_list":{"0":"post-62","1":"product","2":"type-product","3":"status-publish","4":"has-post-thumbnail","6":"product_cat-pps-rfid-laundry-tag","7":"product_tag-rfid-button","8":"product_tag-rfid-laundry-button","9":"product_tag-rfid-laundry-tag-button","11":"first","12":"instock","13":"shipping-taxable","14":"product-type-simple","15":"entry","16":"content-bg","17":"loop-entry"},"_links":{"self":[{"href":"https:\/\/rfid-laundry-tag.com\/vi\/wp-json\/wp\/v2\/product\/62","targetHints":{"allow":["GET"]}}],"collection":[{"href":"https:\/\/rfid-laundry-tag.com\/vi\/wp-json\/wp\/v2\/product"}],"about":[{"href":"https:\/\/rfid-laundry-tag.com\/vi\/wp-json\/wp\/v2\/types\/product"}],"version-history":[{"count":0,"href":"https:\/\/rfid-laundry-tag.com\/vi\/wp-json\/wp\/v2\/product\/62\/revisions"}],"wp:featuredmedia":[{"embeddable":true,"href":"https:\/\/rfid-laundry-tag.com\/vi\/wp-json\/wp\/v2\/media\/63"}],"wp:attachment":[{"href":"https:\/\/rfid-laundry-tag.com\/vi\/wp-json\/wp\/v2\/media?parent=62"}],"wp:term":[{"taxonomy":"product_brand","embeddable":true,"href":"https:\/\/rfid-laundry-tag.com\/vi\/wp-json\/wp\/v2\/product_brand?post=62"},{"taxonomy":"product_cat","embeddable":true,"href":"https:\/\/rfid-laundry-tag.com\/vi\/wp-json\/wp\/v2\/product_cat?post=62"},{"taxonomy":"product_tag","embeddable":true,"href":"https:\/\/rfid-laundry-tag.com\/vi\/wp-json\/wp\/v2\/product_tag?post=62"}],"curies":[{"name":"wp","href":"https:\/\/api.w.org\/{rel}","templated":true}]}}