{"id":59,"date":"2024-06-10T15:13:24","date_gmt":"2024-06-10T15:13:24","guid":{"rendered":"https:\/\/rfid-laundry-tag.com\/?post_type=product&#038;p=59"},"modified":"2024-09-08T05:25:57","modified_gmt":"2024-09-08T05:25:57","slug":"uhf-laundry-tag-nxp-u-code-9-chip","status":"publish","type":"product","link":"https:\/\/rfid-laundry-tag.com\/vi\/uhf-laundry-tag-nxp-u-code-9-chip\/","title":{"rendered":"Th\u1ebb gi\u1eb7t UHF | Chip NXP U CODE 9"},"content":{"rendered":"<div class=\"auto-hide-last-sibling-br paragraph_1252f paragraph-element\">\n<div data-spm-anchor-id=\"a2700.details.0.i57.23b419c7xXORP0\">\n<div class=\"auto-hide-last-sibling-br paragraph_1252f paragraph-element\"><strong>C\u00e1c t\u00ednh n\u0103ng ch\u00ednh c\u1ee7a th\u1ebb gi\u1eb7t UHF c\u1ee7a ch\u00fang t\u00f4i:<\/strong><\/div>\n<p>&nbsp;<\/p>\n<div class=\"auto-hide-last-sibling-br paragraph_1252f paragraph-element\">- Hi\u1ec7u qu\u1ea3: C\u00e1c th\u1ebb mang l\u1ea1i hi\u1ec7u su\u1ea5t m\u1eabu m\u1ef1c, t\u1ea1o s\u1ef1 c\u00e2n b\u1eb1ng ho\u00e0n h\u1ea3o gi\u1eefa gi\u00e1 tr\u1ecb \u0111\u1ed3ng ti\u1ec1n v\u00e0 hi\u1ec7u qu\u1ea3.<\/div>\n<p>&nbsp;<\/p>\n<div class=\"auto-hide-last-sibling-br paragraph_1252f paragraph-element\">- \u0110\u1ed9 tin c\u1eady: Hi\u1ec7u su\u1ea5t v\u1eabn \u1ed5n \u0111\u1ecbnh ngay c\u1ea3 sau h\u00e0ng tr\u0103m chu k\u1ef3 gi\u1eb7t.<\/div>\n<p>&nbsp;<\/p>\n<div class=\"auto-hide-last-sibling-br paragraph_1252f paragraph-element\">- \u0110\u1ed9 linh ho\u1ea1t: C\u00e1c th\u1ebb n\u00e0y linh ho\u1ea1t, m\u1ecfng v\u00e0 m\u1ec1m, gi\u00fap d\u1ec5 kh\u00e2u, \u0111\u00f3ng t\u00fai ho\u1eb7c d\u00e1n nhi\u1ec7t v\u00e0o c\u00e1c s\u1ea3n ph\u1ea9m d\u1ec7t may.<\/div>\n<p>&nbsp;<\/p>\n<div class=\"auto-hide-last-sibling-br paragraph_1252f paragraph-element\">- S\u1ea3n xu\u1ea5t c\u00f3 th\u1ec3 m\u1edf r\u1ed9ng: Ch\u00fang t\u00f4i \u0111\u1ea3m b\u1ea3o n\u0103ng su\u1ea5t s\u1ea3n xu\u1ea5t m\u1ea1nh m\u1ebd l\u00ean t\u1edbi 4 tri\u1ec7u th\u1ebb m\u1ed7i th\u00e1ng, t\u1ea5t c\u1ea3 \u0111\u1ec1u tr\u1ea3i qua qu\u00e1 tr\u00ecnh ki\u1ec3m tra nghi\u00eam ng\u1eb7t tr\u01b0\u1edbc khi giao h\u00e0ng.<\/div>\n<p>&nbsp;<\/p>\n<div class=\"auto-hide-last-sibling-br paragraph_1252f paragraph-element\">- \u0110\u1ed9 b\u1ec1n: Th\u1ebb c\u1ee7a ch\u00fang t\u00f4i c\u00f3 ch\u1ebf \u0111\u1ed9 b\u1ea3o h\u00e0nh \u0111\u1ea3m b\u1ea3o \u0111\u1ed9 b\u1ec1n qua 200 chu k\u1ef3 gi\u1eb7t c\u00f4ng nghi\u1ec7p.<\/div>\n<p>&nbsp;<\/p>\n<div class=\"auto-hide-last-sibling-br paragraph_1252f paragraph-element\">V\u1ec1 b\u1ea3n ch\u1ea5t, th\u1ebb gi\u1eb7t UHF c\u1ee7a ch\u00fang t\u00f4i mang \u0111\u1ebfn s\u1ef1 k\u1ebft h\u1ee3p tuy\u1ec7t v\u1eddi gi\u1eefa \u0111\u1ed9 b\u1ec1n, hi\u1ec7u qu\u1ea3 v\u1ec1 chi ph\u00ed v\u00e0 hi\u1ec7u su\u1ea5t \u0111\u00e1ng tin c\u1eady, khi\u1ebfn ch\u00fang tr\u1edf th\u00e0nh l\u1ef1a ch\u1ecdn l\u00fd t\u01b0\u1edfng cho m\u1ecdi nhu c\u1ea7u g\u1eafn th\u1ebb h\u00e0ng d\u1ec7t may c\u1ee7a b\u1ea1n.<\/div>\n<div><\/div>\n<\/div>\n<\/div>\n<div>\n<table style=\"border-collapse: collapse; width: 618px; height: 1159px;\" border=\"0\" width=\"634\" cellspacing=\"0\" cellpadding=\"0\">\n<tbody>\n<tr style=\"height: 39.00pt;\">\n<td class=\"et2\" style=\"height: 39.00pt; width: 380.40pt; border-right: .5pt solid #000000;\" colspan=\"3\" width=\"634\" height=\"65\">Th\u00f4ng s\u1ed1 k\u1ef9 thu\u1eadt<\/td>\n<\/tr>\n<tr style=\"height: 27.60pt;\">\n<td class=\"et5\" style=\"height: 27.60pt; width: 106.20pt;\" width=\"177\" height=\"46\">S\u1ef1 tu\u00e2n th\u1ee7<\/td>\n<td class=\"et5\" style=\"width: 274.20pt;\" colspan=\"2\" width=\"457\">EPC L\u1edbp 1 Gen2, ISO18000-6C<\/td>\n<\/tr>\n<tr style=\"height: 41.40pt;\">\n<td class=\"et5\" style=\"height: 41.40pt; width: 106.20pt;\" width=\"177\" height=\"69\">T\u00ednh th\u01b0\u1eddng xuy\u00ean<\/td>\n<td class=\"et5\" style=\"width: 274.20pt;\" colspan=\"2\" width=\"457\">860~928 MHz, FCC, ETIS ho\u1eb7c t\u00f9y ch\u1ec9nh<\/td>\n<\/tr>\n<tr style=\"height: 41.40pt;\">\n<td class=\"et5\" style=\"height: 41.40pt; width: 106.20pt;\" width=\"177\" height=\"69\">Ki\u1ec3u<\/td>\n<td class=\"et6\" style=\"width: 274.20pt; border-right: .5pt solid #000000;\" colspan=\"2\" width=\"457\">Ki\u1ec3u may, Ki\u1ec3u s\u01b0\u1edfi, Ki\u1ec3u treo<\/td>\n<\/tr>\n<tr style=\"height: 27.60pt;\">\n<td class=\"et5\" style=\"height: 27.60pt; width: 106.20pt;\" width=\"177\" height=\"46\">Vi m\u1ea1ch<\/td>\n<td class=\"et5\" style=\"width: 274.20pt;\" colspan=\"2\" width=\"457\">NXP UCODE 8, UCOCE 9<\/td>\n<\/tr>\n<tr style=\"height: 41.40pt;\">\n<td class=\"et5\" style=\"height: 55.80pt; width: 106.20pt;\" rowspan=\"2\" width=\"177\" height=\"93\">K\u00fd \u1ee9c<\/td>\n<td class=\"et5\" style=\"width: 274.20pt;\" colspan=\"2\" width=\"457\">UCODE 8: EPC 96\/128bit, Ng\u01b0\u1eddi d\u00f9ng 0\/32bit, truy c\u1eadp<\/td>\n<\/tr>\n<tr style=\"height: 14.40pt;\">\n<td class=\"et5\" style=\"width: 274.20pt;\" colspan=\"2\" width=\"457\">UCODE 9: EPC 96bit, Ng\u01b0\u1eddi d\u00f9ng 0bit, m\u1eadt kh\u1ea9u truy c\u1eadp 0bit m\u1eadt kh\u1ea9u 32bit<\/td>\n<\/tr>\n<tr style=\"height: 27.60pt;\">\n<td class=\"et5\" style=\"height: 27.60pt; width: 106.20pt;\" width=\"177\" height=\"46\">K\u00edch c\u1ee1<\/td>\n<td class=\"et5\" style=\"width: 75.60pt;\" width=\"126\">55x12x1.6mm<\/td>\n<td class=\"et5\" style=\"width: 198.60pt;\" width=\"331\">70x15x1.6mm<\/td>\n<\/tr>\n<tr style=\"height: 27.60pt;\">\n<td class=\"et5\" style=\"height: 27.60pt; width: 106.20pt;\" width=\"177\" height=\"46\">Ph\u1ea1m vi \u0111\u1ecdc<\/td>\n<td class=\"et5\" style=\"width: 75.60pt;\" width=\"126\">L\u00ean \u0111\u1ebfn 5m<\/td>\n<td class=\"et5\" style=\"width: 198.60pt;\" width=\"331\">L\u00ean \u0111\u1ebfn 7m<\/td>\n<\/tr>\n<tr style=\"height: 27.60pt;\">\n<td class=\"et5\" style=\"height: 27.60pt; width: 106.20pt;\" width=\"177\" height=\"46\">L\u01b0u tr\u1eef d\u1eef li\u1ec7u<\/td>\n<td class=\"et5\" style=\"width: 274.20pt;\" colspan=\"2\" width=\"457\">50 n\u0103m<\/td>\n<\/tr>\n<tr style=\"height: 27.60pt;\">\n<td class=\"et5\" style=\"height: 27.60pt; width: 106.20pt;\" width=\"177\" height=\"46\">Tr\u1ecdn \u0111\u1eddi<\/td>\n<td class=\"et5\" style=\"width: 274.20pt;\" colspan=\"2\" width=\"457\">200 chu k\u1ef3 gi\u1eb7t ho\u1eb7c 2 n\u0103m<\/td>\n<\/tr>\n<tr style=\"height: 41.40pt;\">\n<td class=\"et5\" style=\"height: 41.40pt; width: 106.20pt;\" width=\"177\" height=\"69\">V\u1eadt li\u1ec7u<\/td>\n<td class=\"et5\" style=\"width: 274.20pt;\" colspan=\"2\" width=\"457\">V\u1ea3i pha tr\u1ed9n Cotton 65% \/ Polyester 30%<\/td>\n<\/tr>\n<tr style=\"height: 27.60pt;\">\n<td class=\"et5\" style=\"height: 27.60pt; width: 106.20pt;\" width=\"177\" height=\"46\">Tr\u1ecdng l\u01b0\u1ee3ng s\u1ea3n ph\u1ea9m<\/td>\n<td class=\"et5\" style=\"width: 274.20pt;\" colspan=\"2\" width=\"457\">Kho\u1ea3ng 0,4~0,5g<\/td>\n<\/tr>\n<tr style=\"height: 27.60pt;\">\n<td class=\"et5\" style=\"height: 27.60pt; width: 106.20pt;\" width=\"177\" height=\"46\">\u0110\u1ecbnh d\u1ea1ng giao h\u00e0ng<\/td>\n<td class=\"et5\" style=\"width: 274.20pt;\" colspan=\"2\" width=\"457\">100-300 mi\u1ebfng ri\u00eang bi\u1ec7t<\/td>\n<\/tr>\n<tr style=\"height: 27.60pt;\">\n<td class=\"et5\" style=\"height: 27.60pt; width: 106.20pt;\" width=\"177\" height=\"46\">B\u01b0u ki\u1ec7n<\/td>\n<td class=\"et5\" style=\"width: 274.20pt;\" colspan=\"2\" width=\"457\">G\u00f3i \/ th\u00f9ng carton ch\u1ed1ng t\u0129nh \u0111i\u1ec7n<\/td>\n<\/tr>\n<tr style=\"height: 14.40pt;\">\n<td class=\"et5\" style=\"height: 14.40pt; width: 106.20pt;\" width=\"177\" height=\"24\">M\u00e0u s\u1eafc<\/td>\n<td class=\"et5\" style=\"width: 274.20pt;\" colspan=\"2\" width=\"457\">Tr\u1eafng<\/td>\n<\/tr>\n<tr style=\"height: 14.40pt;\">\n<td class=\"et8\" style=\"height: 14.40pt; width: 380.40pt;\" colspan=\"3\" width=\"634\" height=\"24\">Hi\u1ec7u su\u1ea5t \u0111i\u1ec7n t\u1eed<\/td>\n<\/tr>\n<tr style=\"height: 41.40pt;\">\n<td class=\"et5\" style=\"height: 220.80pt; width: 106.20pt;\" rowspan=\"5\" width=\"177\" height=\"368\">Hi\u1ec7u su\u1ea5t chu tr\u00ecnh gi\u1eb7t<\/td>\n<td class=\"et5\" style=\"width: 274.20pt;\" colspan=\"2\" width=\"457\">Gi\u1eb7t: +90\u00b0C (194\u00b0F) \/ 60 ph\u00fat<\/td>\n<\/tr>\n<tr style=\"height: 55.20pt;\">\n<td class=\"et5\" style=\"width: 274.20pt;\" colspan=\"2\" width=\"457\">S\u1ea5y kh\u00f4: +180\u00b0C (356\u00b0F) \/ 3 ph\u00fat (m\u00e1y \u00e9p m\u1ea5t n\u01b0\u1edbc: 35 bar)<\/td>\n<\/tr>\n<tr style=\"height: 41.40pt;\">\n<td class=\"et5\" style=\"width: 274.20pt;\" colspan=\"2\" width=\"457\">M\u00e1y \u1ee7i: 195\u00b0C (383\u00b0F) \/ 30 gi\u00e2y &lt; 18 thanh<\/td>\n<\/tr>\n<tr style=\"height: 27.60pt;\">\n<td class=\"et5\" style=\"width: 274.20pt;\" colspan=\"2\" width=\"457\">M\u00e1y \u00e9p n\u01b0\u1edbc: 60 thanh<\/td>\n<\/tr>\n<tr style=\"height: 55.20pt;\">\n<td class=\"et5\" style=\"width: 274.20pt;\" colspan=\"2\" width=\"457\">Quy tr\u00ecnh kh\u1eed tr\u00f9ng: +134\u00b0C (273\u00b0F) \/ 20 ph\u00fat<\/td>\n<\/tr>\n<tr style=\"height: 69.00pt;\">\n<td class=\"et5\" style=\"height: 69.00pt; width: 106.20pt;\" width=\"177\" height=\"115\">Th\u1eddi gian s\u1ed1ng<\/td>\n<td class=\"et5\" style=\"width: 274.20pt;\" colspan=\"2\" width=\"457\">200 l\u1ea7n gi\u1eb7t c\u00f4ng nghi\u1ec7p b\u1eb1ng m\u00e1y \u00e9p s\u1ea5y h\u00fat n\u01b0\u1edbc<\/td>\n<\/tr>\n<tr style=\"height: 41.40pt;\">\n<td class=\"et5\" style=\"height: 41.40pt; width: 106.20pt;\" width=\"177\" height=\"69\">Ch\u1ed1ng h\u00f3a ch\u1ea5t<\/td>\n<td class=\"et5\" style=\"width: 274.20pt;\" colspan=\"2\" width=\"457\">100% ch\u1ee9ng minh cho c\u00e1c gi\u1ea3i ph\u00e1p gi\u1eb7t gi\u0169 th\u00f4ng th\u01b0\u1eddng.<\/td>\n<\/tr>\n<\/tbody>\n<\/table>\n<\/div>\n<h3 class=\"wp-block-heading\">C\u00e0i \u0111\u1eb7t<\/h3>\n<p><strong>G\u1eafn th\u1ebb kh\u00e2u<\/strong>: \u0110\u1ec3 kh\u00e2u v\u00e0o vi\u1ec1n v\u1ea3i. Kh\u00e2u nh\u00e3n gi\u1eb7t ra kh\u1ecfi \u0111\u01b0\u1eddng g\u1ea5p.<br \/>\n<strong>H\u00e0n nhi\u1ec7t<\/strong>: \u0110\u01b0\u1ee3c h\u00e0n nhi\u1ec7t tr\u1ef1c ti\u1ebfp l\u00ean v\u1ea3i \u1edf nhi\u1ec7t \u0111\u1ed9 +200\u00b0C (392\u00b0F), trong 12~14 gi\u00e2y.<br \/>\n<strong>Trong t\u00fai<\/strong>: \u0110\u1ec3 kh\u00e2u nh\u01b0 nh\u00e3n ch\u0103m s\u00f3c ti\u00eau chu\u1ea9n. Kh\u00e2u nh\u00e3n gi\u1eb7t ra kh\u1ecfi \u0111\u01b0\u1eddng g\u1ea5p.<\/p>\n<div class=\"auto-hide-last-sibling-br paragraph_1252f paragraph-element\">Th\u1ebb gi\u1eb7t RFID c\u00f3 th\u1ec3 gi\u1eb7t \u0111\u01b0\u1ee3c l\u00e0 m\u1ed9t ph\u1ea7n kh\u00f4ng th\u1ec3 thi\u1ebfu c\u1ee7a nhi\u1ec1u ng\u00e0nh c\u00f4ng nghi\u1ec7p, cung c\u1ea5p kh\u1ea3 n\u0103ng theo d\u00f5i t\u00e0i s\u1ea3n hi\u1ec7u qu\u1ea3, qu\u1ea3n l\u00fd h\u00e0ng t\u1ed3n kho v\u00e0 n\u00e2ng cao n\u0103ng su\u1ea5t ho\u1ea1t \u0111\u1ed9ng chung. Sau \u0111\u00e2y l\u00e0 m\u1ed9t s\u1ed1 \u1ee9ng d\u1ee5ng c\u1ee7a n\u00f3 trong c\u00e1c l\u0129nh v\u1ef1c kh\u00e1c nhau:<\/div>\n<ol class=\"auto-hide-last-sibling-br\">\n<li>\n<div class=\"auto-hide-last-sibling-br paragraph_1252f paragraph-element\"><strong>Ch\u0103m s\u00f3c s\u1ee9c kh\u1ecfe<\/strong>: B\u1ec7nh vi\u1ec7n v\u00e0 c\u00e1c c\u01a1 s\u1edf y t\u1ebf kh\u00e1c s\u1eed d\u1ee5ng th\u1ebb v\u1ea3i RFID \u0111\u1ec3 qu\u1ea3n l\u00fd l\u01b0\u1ee3ng l\u1edbn kh\u0103n tr\u1ea3i gi\u01b0\u1eddng, kh\u0103n t\u1eafm, qu\u1ea7n \u00e1o ph\u1eabu thu\u1eadt, \u0111\u1ed3ng ph\u1ee5c v\u00e0 v\u1ea3i ph\u1eabu thu\u1eadt. \u0110i\u1ec1u n\u00e0y gi\u00fap gi\u1ea3m th\u1ea5t tho\u00e1t, qu\u1ea3n l\u00fd chu k\u1ef3 gi\u1eb7t v\u00e0 \u0111\u1ea3m b\u1ea3o v\u1ea3i s\u1ea1ch, m\u1edbi lu\u00f4n c\u00f3 s\u1eb5n khi c\u1ea7n.<\/div>\n<\/li>\n<li>\n<div class=\"auto-hide-last-sibling-br paragraph_1252f paragraph-element\"><strong>Kh\u00e1ch s\u1ea1n<\/strong>: Qu\u1ea3n l\u00fd kh\u0103n tr\u1ea3i gi\u01b0\u1eddng l\u00e0 m\u1ed9t nhi\u1ec7m v\u1ee5 l\u1edbn trong ng\u00e0nh kh\u00e1ch s\u1ea1n, n\u01a1i c\u00f3 h\u00e0ng ng\u00e0n m\u1eb7t h\u00e0ng, t\u1eeb kh\u0103n tr\u1ea3i gi\u01b0\u1eddng \u0111\u1ebfn kh\u0103n t\u1eafm, r\u00e8m c\u1eeda v\u00e0 \u00e1o cho\u00e0ng, \u0111ang l\u01b0u th\u00f4ng. Th\u1ebb kh\u0103n tr\u1ea3i gi\u01b0\u1eddng RFID gi\u00fap \u0111\u01a1n gi\u1ea3n h\u00f3a vi\u1ec7c theo d\u00f5i, \u0111\u1ea3m b\u1ea3o v\u1ec7 sinh v\u00e0 thay th\u1ebf k\u1ecbp th\u1eddi, \u0111\u1ed3ng th\u1eddi gi\u00fap ph\u00e1t hi\u1ec7n v\u00e0 ng\u0103n ng\u1eeba tr\u1ed9m c\u1eafp.<\/div>\n<\/li>\n<li>\n<div class=\"auto-hide-last-sibling-br paragraph_1252f paragraph-element\"><strong>Nh\u00e0 h\u00e0ng<\/strong>: Trong ng\u00e0nh d\u1ecbch v\u1ee5 th\u1ef1c ph\u1ea9m, th\u1ebb RFID c\u00f3 th\u1ec3 theo d\u00f5i vi\u1ec7c s\u1eed d\u1ee5ng v\u00e0 v\u1ec7 sinh \u0111\u1ed3ng ph\u1ee5c, kh\u0103n tr\u1ea3i b\u00e0n, kh\u0103n \u0103n v\u00e0 t\u1ea1p d\u1ec1 c\u1ee7a \u0111\u1ea7u b\u1ebfp. \u0110i\u1ec1u n\u00e0y c\u00f3 th\u1ec3 c\u1ea3i thi\u1ec7n ti\u00eau chu\u1ea9n v\u1ec7 sinh v\u00e0 h\u1ed7 tr\u1ee3 duy tr\u00ec v\u1ebb ngo\u00e0i ch\u1ec9n chu, chuy\u00ean nghi\u1ec7p.<\/div>\n<\/li>\n<li>\n<div class=\"auto-hide-last-sibling-br paragraph_1252f paragraph-element\"><strong>Ng\u00e0nh c\u00f4ng nghi\u1ec7p may m\u1eb7c th\u1eddi trang<\/strong>: Th\u1ebb RFID \u0111\u00f3ng vai tr\u00f2 r\u1ea5t l\u1edbn trong vi\u1ec7c theo d\u00f5i c\u00e1c m\u1eb7t h\u00e0ng trong su\u1ed1t chu\u1ed7i cung \u1ee9ng, t\u1eeb s\u1ea3n xu\u1ea5t \u0111\u1ebfn b\u00e1n l\u1ebb. Ch\u00fang c\u00f3 th\u1ec3 cung c\u1ea5p th\u00f4ng tin c\u00f3 gi\u00e1 tr\u1ecb nh\u01b0 ngu\u1ed3n g\u1ed1c, l\u1ecbch s\u1eed di chuy\u1ec3n v\u00e0 th\u1eadm ch\u00ed c\u1ea3 th\u00f4ng tin chi ti\u1ebft v\u1ec1 v\u1ea3i v\u00e0 h\u01b0\u1edbng d\u1eabn ch\u0103m s\u00f3c.<\/div>\n<\/li>\n<li>\n<div class=\"auto-hide-last-sibling-br paragraph_1252f paragraph-element\"><strong>Qu\u1ea7n \u00e1o b\u1ea3o h\u1ed9 lao \u0111\u1ed9ng\/ch\u1ed1ng ch\u00e1y<\/strong>: C\u00e1c c\u00f4ng ty c\u00f3 th\u1ec3 s\u1eed d\u1ee5ng th\u1ebb RFID \u0111\u1ec3 theo d\u00f5i v\u00e0 qu\u1ea3n l\u00fd c\u00e1c m\u1eb7t h\u00e0ng qu\u1ea7n \u00e1o \u0111\u1eb7c bi\u1ec7t. \u0110i\u1ec1u n\u00e0y c\u00f3 th\u1ec3 bao g\u1ed3m \u0111\u1ea3m b\u1ea3o qu\u1ea7n \u00e1o ch\u1ed1ng ch\u00e1y ho\u1eb7c qu\u1ea7n \u00e1o b\u1ea3o h\u1ed9 kh\u00e1c \u0111\u01b0\u1ee3c ki\u1ec3m tra th\u01b0\u1eddng xuy\u00ean, gi\u1eb7t s\u1ea1ch \u0111\u00fang c\u00e1ch v\u00e0 thay th\u1ebf khi c\u1ea7n thi\u1ebft.<\/div>\n<\/li>\n<li>\n<div class=\"auto-hide-last-sibling-br paragraph_1252f paragraph-element\"><strong>Gi\u00e0y d\u00e9p v\u00e0 kh\u1ea9u trang<\/strong>:\u0110\u1eb7c bi\u1ec7t quan tr\u1ecdng trong c\u00e1c ng\u00e0nh c\u00f4ng nghi\u1ec7p nh\u01b0 ch\u0103m s\u00f3c s\u1ee9c kh\u1ecfe v\u00e0 x\u00e2y d\u1ef1ng, n\u01a1i m\u00e0 s\u1ef1 an to\u00e0n l\u00e0 y\u1ebfu t\u1ed1 quan tr\u1ecdng, vi\u1ec7c theo d\u00f5i vi\u1ec7c s\u1eed d\u1ee5ng, v\u1ec7 sinh v\u00e0 b\u1ea3o d\u01b0\u1ee1ng c\u00e1c v\u1eadt d\u1ee5ng nh\u01b0 kh\u1ea9u trang v\u00e0 gi\u00e0y an to\u00e0n c\u00f3 th\u1ec3 \u0111\u01b0\u1ee3c \u0111\u01a1n gi\u1ea3n h\u00f3a b\u1eb1ng c\u00e1ch s\u1eed d\u1ee5ng th\u1ebb RFID.<\/div>\n<\/li>\n<li>\n<div class=\"auto-hide-last-sibling-br paragraph_1252f paragraph-element\"><strong>Th\u1ea3m v\u00e0 c\u00e2y lau nh\u00e0<\/strong>:\u0110\u1ed1i v\u1edbi c\u00e1c doanh nghi\u1ec7p cung c\u1ea5p d\u1ecbch v\u1ee5 v\u1ec7 sinh ho\u1eb7c qu\u1ea3n l\u00fd c\u00e1c c\u01a1 s\u1edf l\u1edbn, th\u1ebb RFID tr\u00ean th\u1ea3m v\u00e0 c\u00e2y lau nh\u00e0 c\u00f3 th\u1ec3 gi\u00fap theo d\u00f5i vi\u1ec7c s\u1eed d\u1ee5ng v\u00e0 b\u1ea3o tr\u00ec, \u0111\u1ea3m b\u1ea3o c\u00e1c c\u00f4ng c\u1ee5 lu\u00f4n s\u1ea1ch s\u1ebd v\u00e0 hi\u1ec7u qu\u1ea3.<\/div>\n<\/li>\n<\/ol>","protected":false},"excerpt":{"rendered":"<p>Th\u1ebb gi\u1eb7t UHF th\u1ec3 hi\u1ec7n kh\u1ea3 n\u0103ng ho\u1ea1t \u0111\u1ed9ng nh\u1ea5t qu\u00e1n \u0111\u1eb7c bi\u1ec7t m\u1eb7c d\u00f9 ph\u1ea3i tr\u1ea3i qua c\u00e1c quy tr\u00ecnh gi\u1eb7t nghi\u00eam ng\u1eb7t, bao g\u1ed3m kh\u1eed tr\u00f9ng, gi\u1eb7t b\u1eb1ng n\u01b0\u1edbc n\u00f3ng, v\u1ec7 sinh, s\u1ea5y kh\u00f4 v\u00e0 \u1ee7i. Ch\u00fang \u0111\u01b0\u1ee3c ch\u1ebf t\u1ea1o \u0111\u1ec3 ch\u1ecbu \u0111\u01b0\u1ee3c h\u00e0ng tr\u0103m chu k\u1ef3 gi\u1eb7t v\u00e0 v\u1eabn duy tr\u00ec hi\u1ec7u su\u1ea5t RFID \u1edf m\u1ee9c cao. S\u1ef1 nh\u1ea5t qu\u00e1n n\u00e0y ngay c\u1ea3 sau nhi\u1ec1u l\u1ea7n gi\u1eb7t \u0111\u1ea3m b\u1ea3o theo d\u00f5i v\u00e0 qu\u1ea3n l\u00fd h\u00e0ng t\u1ed3n kho hi\u1ec7u qu\u1ea3 trong su\u1ed1t v\u00f2ng \u0111\u1eddi c\u1ee7a v\u1ea3i lanh, qu\u1ea7n \u00e1o v\u00e0 c\u00e1c m\u1eb7t h\u00e0ng d\u1ec7t may kh\u00e1c.<\/p>","protected":false},"featured_media":61,"template":"","meta":{"_kad_post_transparent":"default","_kad_post_title":"","_kad_post_layout":"default","_kad_post_sidebar_id":"","_kad_post_content_style":"default","_kad_post_vertical_padding":"default","_kad_post_feature":"","_kad_post_feature_position":"","_kad_post_header":false,"_kad_post_footer":false,"_kad_post_classname":""},"product_brand":[],"product_cat":[19,16],"product_tag":[25,32,28],"class_list":{"0":"post-59","1":"product","2":"type-product","3":"status-publish","4":"has-post-thumbnail","6":"product_cat-textile-rfid-laundry-tag","7":"product_cat-uhf-rfid-laundry-tags","8":"product_tag-rfid-laundrytags","9":"product_tag-uhf-laundry-tag","10":"product_tag-washable-rfid-tags","12":"first","13":"instock","14":"shipping-taxable","15":"product-type-simple","16":"entry","17":"content-bg","18":"loop-entry"},"_links":{"self":[{"href":"https:\/\/rfid-laundry-tag.com\/vi\/wp-json\/wp\/v2\/product\/59","targetHints":{"allow":["GET"]}}],"collection":[{"href":"https:\/\/rfid-laundry-tag.com\/vi\/wp-json\/wp\/v2\/product"}],"about":[{"href":"https:\/\/rfid-laundry-tag.com\/vi\/wp-json\/wp\/v2\/types\/product"}],"version-history":[{"count":1,"href":"https:\/\/rfid-laundry-tag.com\/vi\/wp-json\/wp\/v2\/product\/59\/revisions"}],"predecessor-version":[{"id":1946,"href":"https:\/\/rfid-laundry-tag.com\/vi\/wp-json\/wp\/v2\/product\/59\/revisions\/1946"}],"wp:featuredmedia":[{"embeddable":true,"href":"https:\/\/rfid-laundry-tag.com\/vi\/wp-json\/wp\/v2\/media\/61"}],"wp:attachment":[{"href":"https:\/\/rfid-laundry-tag.com\/vi\/wp-json\/wp\/v2\/media?parent=59"}],"wp:term":[{"taxonomy":"product_brand","embeddable":true,"href":"https:\/\/rfid-laundry-tag.com\/vi\/wp-json\/wp\/v2\/product_brand?post=59"},{"taxonomy":"product_cat","embeddable":true,"href":"https:\/\/rfid-laundry-tag.com\/vi\/wp-json\/wp\/v2\/product_cat?post=59"},{"taxonomy":"product_tag","embeddable":true,"href":"https:\/\/rfid-laundry-tag.com\/vi\/wp-json\/wp\/v2\/product_tag?post=59"}],"curies":[{"name":"wp","href":"https:\/\/api.w.org\/{rel}","templated":true}]}}