{"id":54,"date":"2024-06-10T14:55:28","date_gmt":"2024-06-10T14:55:28","guid":{"rendered":"https:\/\/rfid-laundry-tag.com\/?post_type=product&#038;p=54"},"modified":"2024-09-26T04:26:47","modified_gmt":"2024-09-26T04:26:47","slug":"rfid-tag-for-linen-laundry","status":"publish","type":"product","link":"https:\/\/rfid-laundry-tag.com\/vi\/rfid-tag-for-linen-laundry\/","title":{"rendered":"Th\u1ebb RFID cho gi\u1eb7t l\u00e0 v\u1ea3i lanh"},"content":{"rendered":"<div>\n<div class=\"auto-hide-last-sibling-br paragraph_1252f paragraph-element\">\n<h1><strong>Th\u1ebb RFID cho gi\u1eb7t l\u00e0 v\u1ea3i lanh<\/strong><\/h1>\n<p><strong>Thu\u1ed9c v\u1eadt ch\u1ea5t:<\/strong><\/p>\n<p>Ch\u1ea5t li\u1ec7u: Polyester 100%<\/p>\n<p>K\u00edch th\u01b0\u1edbc: 70 mm\u00d715 mm x1,5 mm<\/p>\n<p>Chip: NXP U CODE U8, U9 v.v.<\/p>\n<p>Ph\u01b0\u01a1ng ph\u00e1p l\u1eafp nh\u00e3n: Ki\u1ec3u may, \u1ee6i<\/p>\n<p>Giao th\u1ee9c: ISO18ooo-6C<\/p>\n<p>\u1ee6i: 15 gi\u00e2y, \u1edf nhi\u1ec7t \u0111\u1ed9 210\u2103<\/p>\n<p>Ph\u01a1i s\u00e1ng: 2,5 bar<\/p>\n<p>S\u1ea5y kh\u00f4: 15 ph\u00fat \u1edf 180\u00b0C<\/p>\n<p>Gi\u1eb7t: 15 ph\u00fat \u1edf 90\u2103<\/p>\n<p>Chu k\u1ef3 gi\u1eb7t: 200+ chu k\u1ef3 ho\u1eb7c 3 n\u0103m<\/p>\n<p>\u0110i\u1ec1u ki\u1ec7n b\u1ea3o qu\u1ea3n:-20-80\u2103,5-95%RH<\/p>\n<p>&nbsp;<\/p>\n<\/div>\n<div class=\"auto-hide-last-sibling-br paragraph_1252f paragraph-element\">\u0110i\u1ec3m kh\u00e1c bi\u1ec7t c\u1ee7a th\u1ebb gi\u1eb7t UHF RFID c\u1ee7a ch\u00fang t\u00f4i so v\u1edbi c\u00e1c lo\u1ea1i th\u1ebb v\u1ea3i lanh kh\u00e1c tr\u00ean th\u1ecb tr\u01b0\u1eddng l\u00e0 v\u1ebb ngo\u00e0i b\u00f3ng b\u1ea9y, r\u00f5 r\u00e0ng. Ch\u00fang m\u1ecfng m\u1ed9t c\u00e1ch \u1ea5n t\u01b0\u1ee3ng, v\u1edbi \u0111\u1ed9 d\u00e0y kh\u00f4ng \u0111\u00e1ng k\u1ec3 l\u00e0 0,55mm, do \u0111\u00f3 tr\u1edf th\u00e0nh lo\u1ea1i th\u1ebb m\u1ecfng nh\u1ea5t hi\u1ec7n c\u00f3 tr\u00ean th\u1ecb tr\u01b0\u1eddng. T\u00f3m l\u1ea1i, th\u1ebb c\u1ee7a ch\u00fang t\u00f4i cung c\u1ea5p gi\u1ea3i ph\u00e1p UHF RFID ti\u00ean ti\u1ebfn cho qu\u1ea7n \u00e1o, th\u1ec3 hi\u1ec7n s\u1ef1 k\u1ebft h\u1ee3p l\u00fd t\u01b0\u1edfng gi\u1eefa gi\u00e1 c\u1ea3 ph\u1ea3i ch\u0103ng, \u0111\u1ed9 b\u1ec1n v\u00e0 s\u1ef1 tinh t\u1ebf.<\/div>\n<\/div>\n<div><\/div>\n<div class=\"auto-hide-last-sibling-br paragraph_1252f paragraph-element\">\n<div data-spm-anchor-id=\"a2700.details.0.i57.23b419c7xXORP0\"><span data-spm-anchor-id=\"a2700.details.0.i75.23b419c7xXORP0\"><b>T\u00ednh n\u0103ng:<\/b><br \/>\n1) C\u00f4ng ngh\u1ec7 UHF c\u00f3 th\u1ec3 \u0111\u1ecdc h\u00e0ng tr\u0103m th\u1ebb c\u00f9ng l\u00fac.<br \/>\n2) Kho\u1ea3ng c\u00e1ch \u0111\u1ecdc xa h\u01a1n 8 feet.<br \/>\n3) Thi\u1ebft k\u1ebf c\u01a1 h\u1ecdc m\u1edbi gi\u00fap c\u1ea3i thi\u1ec7n hi\u1ec7u su\u1ea5t gi\u1eb7t v\u1ea3i ph\u1eb3ng.<br \/>\n4) Th\u00edch h\u1ee3p cho m\u00e1y h\u00fat \u00e1p su\u1ea5t cao l\u00ean t\u1edbi 60 bar.<br \/>\n5) Th\u00edch h\u1ee3p cho vi\u1ec7c kh\u1eed tr\u00f9ng b\u1eb1ng n\u1ed3i h\u1ea5p.<br \/>\n6) Ch\u1ea5t li\u1ec7u nh\u1ecf, m\u1ec1m, d\u1ebbo, l\u00fd t\u01b0\u1edfng cho h\u00e0ng d\u1ec7t may, v\u1ea3i lanh, qu\u1ea7n \u00e1o v\u00e0 ph\u1ee5 ki\u1ec7n.<\/span><\/div>\n<\/div>\n<div data-spm-anchor-id=\"a2700.details.0.i57.23b419c7xXORP0\"><\/div>\n<div data-spm-anchor-id=\"a2700.details.0.i57.23b419c7xXORP0\">\n<p><img fetchpriority=\"high\" decoding=\"async\" class=\"wp-image-55\" src=\"https:\/\/rfid-laundry-tag.com\/wp-content\/uploads\/2024\/06\/4-300x275.png\" alt=\"RFID Tag for linen laundry\" width=\"605\" height=\"555\" srcset=\"https:\/\/rfid-laundry-tag.com\/wp-content\/uploads\/2024\/06\/4-300x275.png 300w, https:\/\/rfid-laundry-tag.com\/wp-content\/uploads\/2024\/06\/4-600x550.png 600w, https:\/\/rfid-laundry-tag.com\/wp-content\/uploads\/2024\/06\/4-13x12.png 13w, https:\/\/rfid-laundry-tag.com\/wp-content\/uploads\/2024\/06\/4.png 750w\" sizes=\"(max-width: 605px) 100vw, 605px\" \/><\/p>\n<\/div>\n<h3 class=\"wp-block-heading\">C\u00e0i \u0111\u1eb7t<\/h3>\n<p><strong>G\u1eafn th\u1ebb kh\u00e2u<\/strong>: \u0110\u1ec3 kh\u00e2u v\u00e0o vi\u1ec1n v\u1ea3i. Kh\u00e2u nh\u00e3n gi\u1eb7t ra kh\u1ecfi \u0111\u01b0\u1eddng g\u1ea5p.<br \/>\n<strong>H\u00e0n nhi\u1ec7t<\/strong>: \u0110\u01b0\u1ee3c h\u00e0n nhi\u1ec7t tr\u1ef1c ti\u1ebfp l\u00ean v\u1ea3i \u1edf nhi\u1ec7t \u0111\u1ed9 +200\u00b0C (392\u00b0F), trong 12~14 gi\u00e2y.<br \/>\n<strong>Trong t\u00fai<\/strong>: \u0110\u1ec3 kh\u00e2u nh\u01b0 nh\u00e3n ch\u0103m s\u00f3c ti\u00eau chu\u1ea9n. Kh\u00e2u nh\u00e3n gi\u1eb7t ra kh\u1ecfi \u0111\u01b0\u1eddng g\u1ea5p.<\/p>\n<h3>L\u1ee3i \u00edch c\u1ee7a vi\u1ec7c s\u1eed d\u1ee5ng th\u1ebb RFID trong qu\u1ea3n l\u00fd gi\u1eb7t l\u00e0<\/h3>\n<p>Vi\u1ec7c t\u00edch h\u1ee3p th\u1ebb RFID v\u00e0o ho\u1ea1t \u0111\u1ed9ng gi\u1eb7t l\u00e0 c\u1ee7a b\u1ea1n s\u1ebd mang l\u1ea1i hi\u1ec7u qu\u1ea3 cao h\u01a1n. T\u00ednh n\u0103ng theo d\u00f5i t\u1ef1 \u0111\u1ed9ng cho ph\u00e9p qu\u1ea3n l\u00fd h\u00e0ng t\u1ed3n kho theo th\u1eddi gian th\u1ef1c, gi\u1ea3m thi\u1ec3u th\u1ea5t tho\u00e1t v\u00e0 gi\u1ea3i ph\u00f3ng th\u1eddi gian c\u1ee7a nh\u00e2n vi\u00ean. Nh\u1eefng\u00a0<strong>th\u1ebb RFID d\u1ec7t may<\/strong>\u00a0cung c\u1ea5p cho c\u00e1c doanh nghi\u1ec7p v\u00e0 h\u1ed9 gia \u0111\u00ecnh kh\u1ea3 n\u0103ng qu\u1ea3n l\u00fd v\u00e0 theo d\u00f5i kh\u0103n tr\u1ea3i gi\u01b0\u1eddng, qu\u1ea7n \u00e1o v\u00e0 c\u00e1c m\u1eb7t h\u00e0ng gi\u1eb7t \u1ee7i kh\u00e1c v\u1edbi \u0111\u1ed9 ch\u00ednh x\u00e1c ch\u01b0a t\u1eebng c\u00f3, n\u00e2ng cao c\u1ea3 ch\u1ea5t l\u01b0\u1ee3ng d\u1ecbch v\u1ee5 v\u00e0 s\u1ef1 h\u00e0i l\u00f2ng c\u1ee7a kh\u00e1ch h\u00e0ng.<\/p>\n<div class=\"auto-hide-last-sibling-br paragraph_1252f paragraph-element\">\n<div class=\"auto-hide-last-sibling-br paragraph_1252f paragraph-element\">Th\u1ebb RFID cho gi\u1eb7t l\u00e0 v\u1ea3i lanh l\u00e0 kh\u00f4ng th\u1ec3 thi\u1ebfu trong v\u00f4 s\u1ed1 ng\u00e0nh c\u00f4ng nghi\u1ec7p, th\u00fac \u0111\u1ea9y hi\u1ec7u qu\u1ea3 theo d\u00f5i t\u00e0i s\u1ea3n, qu\u1ea3n l\u00fd h\u00e0ng t\u1ed3n kho v\u00e0 t\u0103ng hi\u1ec7u qu\u1ea3 ho\u1ea1t \u0111\u1ed9ng chung. Sau \u0111\u00e2y l\u00e0 c\u00e1i nh\u00ecn tho\u00e1ng qua v\u1ec1 \u1ee9ng d\u1ee5ng c\u1ee7a ch\u00fang trong nhi\u1ec1u l\u0129nh v\u1ef1c kh\u00e1c nhau:<\/div>\n<ul class=\"auto-hide-last-sibling-br\">\n<li>\n<div class=\"auto-hide-last-sibling-br paragraph_1252f paragraph-element\">Ch\u0103m s\u00f3c s\u1ee9c kh\u1ecfe: B\u1ec7nh vi\u1ec7n v\u00e0 c\u00e1c c\u01a1 s\u1edf y t\u1ebf kh\u00e1c s\u1eed d\u1ee5ng th\u1ebb v\u1ea3i RFID \u0111\u1ec3 qu\u1ea3n l\u00fd h\u00e0ng t\u1ed3n kho l\u1edbn v\u1ec1 kh\u0103n tr\u1ea3i gi\u01b0\u1eddng, kh\u0103n t\u1eafm, qu\u1ea7n \u00e1o ph\u1eabu thu\u1eadt, \u0111\u1ed3ng ph\u1ee5c v\u00e0 kh\u0103n tr\u1ea3i ph\u1eabu thu\u1eadt. \u0110i\u1ec1u n\u00e0y gi\u00fap gi\u1ea3m thi\u1ec3u th\u1ea5t tho\u00e1t, qu\u1ea3n l\u00fd chu k\u1ef3 gi\u1eb7t v\u00e0 \u0111\u1ea3m b\u1ea3o kh\u0103n tr\u1ea3i s\u1ea1ch, t\u01b0\u01a1i lu\u00f4n c\u00f3 s\u1eb5n theo y\u00eau c\u1ea7u.<\/div>\n<\/li>\n<li>\n<div class=\"auto-hide-last-sibling-br paragraph_1252f paragraph-element\">Kh\u00e1ch s\u1ea1n: Trong ng\u00e0nh kh\u00e1ch s\u1ea1n, qu\u1ea3n l\u00fd \u0111\u1ed3 v\u1ea3i l\u00e0 m\u1ed9t nhi\u1ec7m v\u1ee5 kh\u1ed5ng l\u1ed3, v\u1edbi h\u00e0ng ng\u00e0n m\u1eb7t h\u00e0ng nh\u01b0 kh\u0103n tr\u1ea3i gi\u01b0\u1eddng, kh\u0103n t\u1eafm, r\u00e8m c\u1eeda v\u00e0 \u00e1o cho\u00e0ng \u0111ang l\u01b0u th\u00f4ng. Th\u1ebb v\u1ea3i RFID gi\u00fap h\u1ee3p l\u00fd h\u00f3a nhi\u1ec7m v\u1ee5 n\u00e0y, \u0111\u1ea3m b\u1ea3o v\u1ec7 sinh v\u00e0 thay th\u1ebf k\u1ecbp th\u1eddi, \u0111\u1ed3ng th\u1eddi h\u1ed7 tr\u1ee3 ph\u00e1t hi\u1ec7n v\u00e0 ng\u0103n ng\u1eeba tr\u1ed9m c\u1eafp.<\/div>\n<\/li>\n<li>\n<div class=\"auto-hide-last-sibling-br paragraph_1252f paragraph-element\">Nh\u00e0 h\u00e0ng: Trong ng\u00e0nh d\u1ecbch v\u1ee5 th\u1ef1c ph\u1ea9m, th\u1ebb RFID gi\u00fap theo d\u00f5i vi\u1ec7c s\u1eed d\u1ee5ng v\u00e0 v\u1ec7 sinh \u0111\u1ed3ng ph\u1ee5c, kh\u0103n tr\u1ea3i b\u00e0n, kh\u0103n \u0103n v\u00e0 t\u1ea1p d\u1ec1 c\u1ee7a \u0111\u1ea7u b\u1ebfp. \u0110i\u1ec1u n\u00e0y c\u00f3 th\u1ec3 n\u00e2ng cao ti\u00eau chu\u1ea9n v\u1ec7 sinh v\u00e0 gi\u00fap duy tr\u00ec v\u1ebb ngo\u00e0i g\u1ecdn g\u00e0ng, chuy\u00ean nghi\u1ec7p.<\/div>\n<\/li>\n<li>\n<div class=\"auto-hide-last-sibling-br paragraph_1252f paragraph-element\">Ng\u00e0nh c\u00f4ng nghi\u1ec7p may m\u1eb7c th\u1eddi trang: Trong th\u1eddi trang s\u00f4i \u0111\u1ed9ng, th\u1ebb RFID \u0111\u00f3ng vai tr\u00f2 quan tr\u1ecdng trong vi\u1ec7c theo d\u00f5i c\u00e1c m\u1eb7t h\u00e0ng tr\u00ean to\u00e0n b\u1ed9 chu\u1ed7i cung \u1ee9ng t\u1eeb kh\u00e2u s\u1ea3n xu\u1ea5t \u0111\u1ebfn tr\u01b0ng b\u00e0y b\u00e1n l\u1ebb. Ch\u00fang c\u00f3 th\u1ec3 cung c\u1ea5p th\u00f4ng tin c\u00f3 gi\u00e1 tr\u1ecb nh\u01b0 ngu\u1ed3n g\u1ed1c, l\u1ecbch s\u1eed di chuy\u1ec3n v\u00e0 th\u1eadm ch\u00ed l\u00e0 c\u00e1c chi ti\u1ebft ph\u1ee9c t\u1ea1p v\u1ec1 v\u1ea3i v\u00e0 h\u01b0\u1edbng d\u1eabn ch\u0103m s\u00f3c.<\/div>\n<\/li>\n<li>\n<div class=\"auto-hide-last-sibling-br paragraph_1252f paragraph-element\">Qu\u1ea7n \u00e1o b\u1ea3o h\u1ed9 lao \u0111\u1ed9ng\/Qu\u1ea7n \u00e1o ch\u1ed1ng ch\u00e1y: Th\u1ebb RFID \u0111\u01b0\u1ee3c c\u00e1c c\u00f4ng ty s\u1eed d\u1ee5ng \u0111\u1ec3 theo d\u00f5i v\u00e0 qu\u1ea3n l\u00fd c\u00e1c m\u1eb7t h\u00e0ng qu\u1ea7n \u00e1o \u0111\u1eb7c bi\u1ec7t. \u0110i\u1ec1u n\u00e0y bao g\u1ed3m \u0111\u1ea3m b\u1ea3o qu\u1ea7n \u00e1o ch\u1ed1ng ch\u00e1y ho\u1eb7c qu\u1ea7n \u00e1o b\u1ea3o h\u1ed9 kh\u00e1c \u0111\u01b0\u1ee3c ki\u1ec3m tra th\u01b0\u1eddng xuy\u00ean, v\u1ec7 sinh \u0111\u00fang c\u00e1ch v\u00e0 thay th\u1ebf khi c\u1ea7n thi\u1ebft.<\/div>\n<\/li>\n<li>\n<div class=\"auto-hide-last-sibling-br paragraph_1252f paragraph-element\">Gi\u00e0y d\u00e9p v\u00e0 kh\u1ea9u trang: C\u00f3 \u00fd ngh\u0129a quan tr\u1ecdng trong c\u00e1c ng\u00e0nh c\u00f4ng nghi\u1ec7p nh\u01b0 ch\u0103m s\u00f3c s\u1ee9c kh\u1ecfe v\u00e0 x\u00e2y d\u1ef1ng, n\u01a1i kh\u00f4ng th\u1ec3 th\u1ecfa hi\u1ec7p v\u1ec1 v\u1ea5n \u0111\u1ec1 an to\u00e0n, vi\u1ec7c theo d\u00f5i vi\u1ec7c s\u1eed d\u1ee5ng, v\u1ec7 sinh v\u00e0 b\u1ea3o d\u01b0\u1ee1ng c\u00e1c m\u1eb7t h\u00e0ng nh\u01b0 kh\u1ea9u trang v\u00e0 gi\u00e0y an to\u00e0n \u0111\u01b0\u1ee3c \u0111\u01a1n gi\u1ea3n h\u00f3a nh\u1edd s\u1eed d\u1ee5ng th\u1ebb RFID.<\/div>\n<\/li>\n<li>\n<div class=\"auto-hide-last-sibling-br paragraph_1252f paragraph-element\">Th\u1ea3m v\u00e0 c\u00e2y lau nh\u00e0: C\u00e1c doanh nghi\u1ec7p cung c\u1ea5p d\u1ecbch v\u1ee5 v\u1ec7 sinh ho\u1eb7c qu\u1ea3n l\u00fd c\u00e1c c\u01a1 s\u1edf l\u1edbn c\u00f3 th\u1ec3 h\u01b0\u1edfng l\u1ee3i t\u1eeb th\u1ebb RFID tr\u00ean th\u1ea3m v\u00e0 c\u00e2y lau nh\u00e0. H\u1ecd s\u1ebd c\u00f3 th\u1ec3 theo d\u00f5i vi\u1ec7c s\u1eed d\u1ee5ng v\u00e0 b\u1ea3o tr\u00ec, \u0111\u1ea3m b\u1ea3o c\u00e1c c\u00f4ng c\u1ee5 s\u1ea1ch s\u1ebd v\u00e0 hi\u1ec7u qu\u1ea3 m\u1ecdi l\u00fac.<\/div>\n<\/li>\n<\/ul>\n<h3>Mua s\u1eafm th\u00e2n thi\u1ec7n v\u1edbi m\u00f4i tr\u01b0\u1eddng<\/h3>\n<p>Th\u1ebb RFID c\u1ee7a ch\u00fang t\u00f4i \u0111\u01b0\u1ee3c thi\u1ebft k\u1ebf th\u00e2n thi\u1ec7n v\u1edbi m\u00f4i tr\u01b0\u1eddng. B\u1eb1ng c\u00e1ch gi\u1ea3m thi\u1ec3u vi\u1ec7c x\u1eed l\u00fd th\u1ee7 c\u00f4ng v\u00e0 gi\u1ea3m c\u00e1c m\u1eb7t h\u00e0ng th\u1ea5t l\u1ea1c, b\u1ea1n c\u00f3 th\u1ec3 gi\u00fap gi\u1ea3m l\u01b0\u1ee3ng kh\u00ed th\u1ea3i carbon li\u00ean quan \u0111\u1ebfn ho\u1ea1t \u0111\u1ed9ng gi\u1eb7t l\u00e0.\u00a0<strong>Th\u1ebb gi\u1eb7t RFID<\/strong>\u00a0c\u00f3 th\u1ec3 \u0111\u01b0\u1ee3c t\u00e1i ch\u1ebf v\u00e0o cu\u1ed1i v\u00f2ng \u0111\u1eddi c\u1ee7a ch\u00fang, g\u00f3p ph\u1ea7n v\u00e0o c\u00e1c ho\u1ea1t \u0111\u1ed9ng b\u1ec1n v\u1eefng.<\/p>\n<h3>C\u00f4ng ngh\u1ec7 UHF RFID l\u00e0 g\u00ec?<\/h3>\n<p>RFID (Radio Frequency Identification) l\u00e0 c\u00f4ng ngh\u1ec7 s\u1eed d\u1ee5ng tr\u01b0\u1eddng \u0111i\u1ec7n t\u1eeb \u0111\u1ec3 t\u1ef1 \u0111\u1ed9ng nh\u1eadn d\u1ea1ng v\u00e0 theo d\u00f5i c\u00e1c th\u1ebb g\u1eafn v\u00e0o c\u00e1c v\u1eadt th\u1ec3. UHF RFID ho\u1ea1t \u0111\u1ed9ng trong ph\u1ea1m vi t\u1ea7n s\u1ed1 c\u1ef1c cao, cho ph\u00e9p \u0111\u1ecdc xa h\u01a1n v\u00e0 nh\u1eadn d\u1ea1ng nhanh h\u01a1n, l\u00fd t\u01b0\u1edfng cho c\u00e1c \u1ee9ng d\u1ee5ng gi\u1eb7t l\u00e0. Th\u1ebb RFID UHF c\u00f3 th\u1ec3 \u0111\u01b0\u1ee3c kh\u00e2u ho\u1eb7c g\u1eafn v\u00e0o qu\u1ea7n \u00e1o v\u00e0 kh\u0103n tr\u1ea3i gi\u01b0\u1eddng, cho ph\u00e9p theo d\u00f5i hi\u1ec7u qu\u1ea3 trong su\u1ed1t qu\u00e1 tr\u00ecnh gi\u1eb7t.<\/p>\n<h3>Nh\u1eefng c\u00e2u h\u1ecfi th\u01b0\u1eddng g\u1eb7p (FAQ)<\/h3>\n<p><strong>C\u00e2u h\u1ecfi 1: Th\u1ebb gi\u1eb7t RFID c\u00f3 t\u01b0\u01a1ng th\u00edch v\u1edbi t\u1ea5t c\u1ea3 c\u00e1c h\u1ec7 th\u1ed1ng gi\u1eb7t l\u00e0 kh\u00f4ng?<\/strong><br \/>\n<strong>A1:<\/strong>\u00a0C\u00f3, th\u1ebb RFID c\u1ee7a ch\u00fang t\u00f4i \u0111\u01b0\u1ee3c thi\u1ebft k\u1ebf \u0111\u1ec3 ho\u1ea1t \u0111\u1ed9ng li\u1ec1n m\u1ea1ch v\u1edbi \u0111\u1ea7u \u0111\u1ecdc RFID ti\u00eau chu\u1ea9n \u0111\u01b0\u1ee3c s\u1eed d\u1ee5ng trong c\u00e1c c\u01a1 s\u1edf gi\u1eb7t l\u00e0.<\/p>\n<p><strong>C\u00e2u h\u1ecfi 2: T\u00f4i c\u00f3 th\u1ec3 t\u00e1i ch\u1ebf th\u1ebb RFID \u0111\u00e3 qua s\u1eed d\u1ee5ng nh\u01b0 th\u1ebf n\u00e0o?<\/strong><br \/>\n<strong>A2:<\/strong>\u00a0Sau khi h\u1ebft v\u00f2ng \u0111\u1eddi, b\u1ea1n c\u00f3 th\u1ec3 tr\u1ea3 l\u1ea1i th\u1ebb cho ch\u00fang t\u00f4i \u0111\u1ec3 t\u00e1i ch\u1ebf ho\u1eb7c \u0111\u1ebfn c\u00e1c c\u01a1 s\u1edf x\u1eed l\u00fd r\u00e1c th\u1ea3i \u0111i\u1ec7n t\u1eed t\u1ea1i \u0111\u1ecba ph\u01b0\u01a1ng.<\/p>\n<p><strong>C\u00e2u h\u1ecfi 3: T\u00f4i c\u00f3 th\u1ec3 d\u00e1n nh\u00e3n \u0111\u1ed3 gi\u1eb7t \u0111\u1ec3 s\u1eed d\u1ee5ng c\u00e1 nh\u00e2n kh\u00f4ng?<\/strong><br \/>\n<strong>A3:<\/strong>\u00a0Ch\u1eafc ch\u1eafn r\u1ed3i! Nh\u1eefng th\u1ebb n\u00e0y c\u0169ng c\u00f3 th\u1ec3 \u0111\u01b0\u1ee3c s\u1eed d\u1ee5ng trong gia \u0111\u00ecnh \u0111\u1ec3 theo d\u00f5i vi\u1ec7c gi\u1eb7t gi\u0169 c\u1ee7a gia \u0111\u00ecnh m\u1ed9t c\u00e1ch hi\u1ec7u qu\u1ea3.<\/p>\n<h3>T\u1ea1i sao n\u00ean ch\u1ecdn ch\u00fang t\u00f4i cho gi\u1ea3i ph\u00e1p RFID c\u1ee7a b\u1ea1n?<\/h3>\n<p>V\u1edbi nhi\u1ec1u n\u0103m kinh nghi\u1ec7m trong c\u00f4ng ngh\u1ec7 RFID, ch\u00fang t\u00f4i cung c\u1ea5p c\u00e1c gi\u1ea3i ph\u00e1p ch\u1ea5t l\u01b0\u1ee3ng cao, b\u1ec1n b\u1ec9 v\u00e0 s\u00e1ng t\u1ea1o ph\u00f9 h\u1ee3p v\u1edbi ng\u00e0nh gi\u1eb7t l\u00e0. S\u1ea3n ph\u1ea9m c\u1ee7a ch\u00fang t\u00f4i \u0111\u01b0\u1ee3c thi\u1ebft k\u1ebf \u0111\u1ec3 \u0111\u00e1p \u1ee9ng nhi\u1ec1u nhu c\u1ea7u v\u1eadn h\u00e0nh kh\u00e1c nhau trong khi v\u1eabn \u0111\u1ea3m b\u1ea3o kh\u1ea3 n\u0103ng chi tr\u1ea3 v\u00e0 tr\u00e1ch nhi\u1ec7m v\u1edbi m\u00f4i tr\u01b0\u1eddng.<\/p>\n<p>Ch\u00fang t\u00f4i m\u1eddi b\u1ea1n chuy\u1ec3n \u0111\u1ed5i ho\u1ea1t \u0111\u1ed9ng gi\u1eb7t l\u00e0 c\u1ee7a m\u00ecnh ngay h\u00f4m nay b\u1eb1ng c\u00e1ch \u0111\u1ea7u t\u01b0 v\u00e0o th\u1ebb gi\u1eb7t UHF RFID cho \u0111\u1ed3 v\u1ea3i. V\u1edbi k\u1ebft qu\u1ea3 \u0111\u00e3 \u0111\u01b0\u1ee3c ch\u1ee9ng minh trong vi\u1ec7c c\u1ea3i thi\u1ec7n hi\u1ec7u qu\u1ea3, qu\u1ea3n l\u00fd h\u00e0ng d\u1ec7t may v\u00e0 \u0111\u1ea3m b\u1ea3o tr\u00e1ch nhi\u1ec7m gi\u1ea3i tr\u00ecnh, nh\u1eefng th\u1ebb n\u00e0y kh\u00f4ng ch\u1ec9 l\u00e0 kho\u1ea3n \u0111\u1ea7u t\u01b0 v\u00e0o c\u00f4ng ngh\u1ec7 m\u00e0 c\u00f2n l\u00e0 kho\u1ea3n \u0111\u1ea7u t\u01b0 v\u00e0o s\u1ef1 an t\u00e2m.<\/p>\n<h3>Ph\u1ea7n k\u1ebft lu\u1eadn<\/h3>\n<p>B\u1eb1ng c\u00e1ch n\u1eafm b\u1eaft t\u01b0\u01a1ng lai c\u1ee7a qu\u1ea3n l\u00fd gi\u1eb7t l\u00e0, t\u00edch h\u1ee3p c\u00f4ng ngh\u1ec7 UHF RFID v\u00e0o ho\u1ea1t \u0111\u1ed9ng c\u1ee7a b\u1ea1n s\u1ebd n\u00e2ng cao \u0111\u00e1ng k\u1ec3 hi\u1ec7u qu\u1ea3 v\u00e0 \u0111\u1ed9 tin c\u1eady c\u1ee7a b\u1ea1n. \u0110\u1eebng b\u1ecf l\u1ee1 c\u01a1 h\u1ed9i n\u00e2ng cao kh\u1ea3 n\u0103ng x\u1eed l\u00fd gi\u1eb7t l\u00e0 c\u1ee7a b\u1ea1n.<\/p>\n<\/div>","protected":false},"excerpt":{"rendered":"<div class=\"auto-hide-last-sibling-br paragraph_1252f paragraph-element\">N\u00e2ng cao hi\u1ec7u qu\u1ea3 gi\u1eb7t gi\u0169 v\u1edbi th\u1ebb RFID UHF b\u1ec1n b\u1ec9 c\u1ee7a ch\u00fang t\u00f4i, \u0111\u01b0\u1ee3c thi\u1ebft k\u1ebf cho v\u1ea3i lanh v\u00e0 qu\u1ea7n \u00e1o. C\u00f3 th\u1ec3 gi\u1eb7t \u0111\u01b0\u1ee3c, ch\u1ecbu nhi\u1ec7t \u0111\u1ed9 v\u00e0 l\u00fd t\u01b0\u1edfng \u0111\u1ec3 theo d\u00f5i!<\/div>\n<div><\/div>\n<div class=\"auto-hide-last-sibling-br paragraph_1252f paragraph-element\"><\/div>","protected":false},"featured_media":58,"template":"","meta":{"_kad_post_transparent":"default","_kad_post_title":"","_kad_post_layout":"default","_kad_post_sidebar_id":"","_kad_post_content_style":"default","_kad_post_vertical_padding":"default","_kad_post_feature":"","_kad_post_feature_position":"","_kad_post_header":false,"_kad_post_footer":false,"_kad_post_classname":""},"product_brand":[],"product_cat":[19],"product_tag":[25,285,30,28],"class_list":{"0":"post-54","1":"product","2":"type-product","3":"status-publish","4":"has-post-thumbnail","6":"product_cat-textile-rfid-laundry-tag","7":"product_tag-rfid-laundrytags","8":"product_tag-rfid-tag","9":"product_tag-uhf-rfid-laundry-tag","10":"product_tag-washable-rfid-tags","12":"first","13":"instock","14":"shipping-taxable","15":"product-type-simple","16":"entry","17":"content-bg","18":"loop-entry"},"_links":{"self":[{"href":"https:\/\/rfid-laundry-tag.com\/vi\/wp-json\/wp\/v2\/product\/54","targetHints":{"allow":["GET"]}}],"collection":[{"href":"https:\/\/rfid-laundry-tag.com\/vi\/wp-json\/wp\/v2\/product"}],"about":[{"href":"https:\/\/rfid-laundry-tag.com\/vi\/wp-json\/wp\/v2\/types\/product"}],"version-history":[{"count":3,"href":"https:\/\/rfid-laundry-tag.com\/vi\/wp-json\/wp\/v2\/product\/54\/revisions"}],"predecessor-version":[{"id":2684,"href":"https:\/\/rfid-laundry-tag.com\/vi\/wp-json\/wp\/v2\/product\/54\/revisions\/2684"}],"wp:featuredmedia":[{"embeddable":true,"href":"https:\/\/rfid-laundry-tag.com\/vi\/wp-json\/wp\/v2\/media\/58"}],"wp:attachment":[{"href":"https:\/\/rfid-laundry-tag.com\/vi\/wp-json\/wp\/v2\/media?parent=54"}],"wp:term":[{"taxonomy":"product_brand","embeddable":true,"href":"https:\/\/rfid-laundry-tag.com\/vi\/wp-json\/wp\/v2\/product_brand?post=54"},{"taxonomy":"product_cat","embeddable":true,"href":"https:\/\/rfid-laundry-tag.com\/vi\/wp-json\/wp\/v2\/product_cat?post=54"},{"taxonomy":"product_tag","embeddable":true,"href":"https:\/\/rfid-laundry-tag.com\/vi\/wp-json\/wp\/v2\/product_tag?post=54"}],"curies":[{"name":"wp","href":"https:\/\/api.w.org\/{rel}","templated":true}]}}