{"id":52,"date":"2024-06-09T15:52:43","date_gmt":"2024-06-09T15:52:43","guid":{"rendered":"https:\/\/rfid-laundry-tag.com\/?post_type=product&#038;p=52"},"modified":"2024-09-08T05:29:20","modified_gmt":"2024-09-08T05:29:20","slug":"uhf-rfid-laundry-tag","status":"publish","type":"product","link":"https:\/\/rfid-laundry-tag.com\/vi\/uhf-rfid-laundry-tag\/","title":{"rendered":"Th\u1ebb gi\u1eb7t UHF RFID"},"content":{"rendered":"<div class=\"auto-hide-last-sibling-br paragraph_1252f paragraph-element\">\n<div>\n<div class=\"auto-hide-last-sibling-br paragraph_1252f paragraph-element\">\n<div class=\"auto-hide-last-sibling-br paragraph_1252f paragraph-element\">Th\u1ebb gi\u1eb7t RFID UHF c\u1ee7a ch\u00fang t\u00f4i, d\u01b0\u1edbi t\u00ean th\u01b0\u01a1ng hi\u1ec7u Th\u1ebb gi\u1eb7t RFID Apparel Washable, cung c\u1ea5p t\u00ednh linh ho\u1ea1t \u0111\u00e1ng k\u1ec3 so v\u1edbi th\u1ebb gi\u1eb7t RFID truy\u1ec1n th\u1ed1ng. Nh\u1eefng th\u1ebb n\u00e0y \u0111\u01b0\u1ee3c thi\u1ebft k\u1ebf kh\u00e9o l\u00e9o \u0111\u1ec3 ch\u1ecbu \u0111\u01b0\u1ee3c h\u01a1n 50 chu k\u1ef3 gi\u1eb7t trong gia \u0111\u00ecnh, ch\u1ec9 gi\u1ea3m nh\u1eb9 10%-15% hi\u1ec7u su\u1ea5t RFID. Ch\u00fang \u0111\u00f3ng vai tr\u00f2 l\u00e0 gi\u1ea3i ph\u00e1p ho\u00e0n h\u1ea3o, ti\u1ebft ki\u1ec7m chi ph\u00ed cho c\u00e1c t\u00ecnh hu\u1ed1ng cho thu\u00ea v\u00e0 b\u00e1n l\u1ebb li\u00ean quan \u0111\u1ebfn h\u00e0ng may m\u1eb7c, gi\u00e0y d\u00e9p v\u00e0 v\u1ea3i lanh.<\/div>\n<p>&nbsp;<\/p>\n<div class=\"auto-hide-last-sibling-br paragraph_1252f paragraph-element\">\u0110\u00e1ng ch\u00fa \u00fd, nh\u1eefng th\u1ebb n\u00e0y \u0111\u01b0\u1ee3c nh\u00fang v\u1edbi m\u1ed9t c\u1ea5u tr\u00fac \u0111\u1ed9c \u0111\u00e1o v\u00e0 m\u1ed9t chip RFID \u0111\u01b0\u1ee3c b\u1ea3o v\u1ec7, ch\u1ee9ng minh \u0111\u1ed9 b\u1ec1n c\u1ee7a ch\u00fang b\u1eb1ng c\u00e1ch t\u1ed3n t\u1ea1i h\u01a1n 50 chu k\u1ef3 gi\u1eb7t trong gia \u0111\u00ecnh. Ch\u00fang \u0111\u01b0\u1ee3c thi\u1ebft k\u1ebf \u0111\u1ec3 \u0111\u01b0\u1ee3c gi\u1ea5u k\u00edn \u0111\u00e1o trong m\u1ed9t \u0111\u01b0\u1eddng may ho\u1eb7c \u0111\u01b0\u1ee3c nh\u00e9t v\u00e0o nh\u00e3n ch\u0103m s\u00f3c, khi\u1ebfn ch\u00fang g\u1ea7n nh\u01b0 v\u00f4 h\u00ecnh.<\/div>\n<p>&nbsp;<\/p>\n<div class=\"auto-hide-last-sibling-br paragraph_1252f paragraph-element\">\u0110i\u1ec3m kh\u00e1c bi\u1ec7t gi\u1eefa th\u1ebb gi\u1eb7t UHF RFID c\u1ee7a ch\u00fang t\u00f4i v\u1edbi c\u00e1c lo\u1ea1i th\u1ebb v\u1ea3i lanh c\u00f3 th\u1ec3 gi\u1eb7t kh\u00e1c l\u00e0 thi\u1ebft k\u1ebf trong su\u1ed1t, b\u00f3ng b\u1ea9y. V\u1edbi \u0111\u1ed9 d\u00e0y ch\u1ec9 0,55mm, \u0111\u00e2y l\u00e0 lo\u1ea1i th\u1ebb m\u1ecfng nh\u1ea5t hi\u1ec7n c\u00f3 tr\u00ean th\u1ecb tr\u01b0\u1eddng. T\u00f3m l\u1ea1i, th\u1ebb c\u1ee7a ch\u00fang t\u00f4i cung c\u1ea5p gi\u1ea3i ph\u00e1p RFID UHF ti\u00ean ti\u1ebfn cho qu\u1ea7n \u00e1o, k\u1ebft h\u1ee3p hi\u1ec7u qu\u1ea3 v\u1ec1 chi ph\u00ed, kh\u1ea3 n\u0103ng ph\u1ee5c h\u1ed3i v\u00e0 t\u00ednh k\u00edn \u0111\u00e1o trong m\u1ed9t g\u00f3i.<\/div>\n<\/div>\n<div><\/div>\n<\/div>\n<div data-spm-anchor-id=\"a2700.details.0.i57.23b419c7xXORP0\"><span data-spm-anchor-id=\"a2700.details.0.i75.23b419c7xXORP0\"><b>T\u00ednh n\u0103ng:<\/b><br \/>\n1) C\u00f4ng ngh\u1ec7 UHF c\u00f3 th\u1ec3 \u0111\u1ecdc h\u00e0ng tr\u0103m th\u1ebb c\u00f9ng l\u00fac.<br \/>\n2) Kho\u1ea3ng c\u00e1ch \u0111\u1ecdc xa h\u01a1n 8 feet.<br \/>\n3) Thi\u1ebft k\u1ebf c\u01a1 h\u1ecdc m\u1edbi gi\u00fap c\u1ea3i thi\u1ec7n hi\u1ec7u su\u1ea5t gi\u1eb7t v\u1ea3i ph\u1eb3ng.<br \/>\n4) Th\u00edch h\u1ee3p cho m\u00e1y h\u00fat \u00e1p su\u1ea5t cao l\u00ean t\u1edbi 60 bar.<br \/>\n5) Th\u00edch h\u1ee3p cho vi\u1ec7c kh\u1eed tr\u00f9ng b\u1eb1ng n\u1ed3i h\u1ea5p.<br \/>\n6) Ch\u1ea5t li\u1ec7u nh\u1ecf, m\u1ec1m, d\u1ebbo, l\u00fd t\u01b0\u1edfng cho h\u00e0ng d\u1ec7t may, v\u1ea3i lanh, qu\u1ea7n \u00e1o v\u00e0 ph\u1ee5 ki\u1ec7n.<\/span><\/div>\n<\/div>\n<div data-spm-anchor-id=\"a2700.details.0.i57.23b419c7xXORP0\"><\/div>\n<div data-spm-anchor-id=\"a2700.details.0.i57.23b419c7xXORP0\">\n<div class=\"text-title\"><span data-spm-anchor-id=\"a2700.details.0.i77.23b419c7xXORP0\">Thu\u1ed9c v\u1eadt ch\u1ea5t:<\/span><\/div>\n<div class=\"text-content\" data-spm-anchor-id=\"a2700.details.0.i54.23b419c7xXORP0\">\n<div>K\u00edch th\u01b0\u1edbc: 70 mm\u00d715 mm x1,5 mm<\/div>\n<div>Chip: UHF<\/div>\n<div>Ph\u01b0\u01a1ng ph\u00e1p l\u1eafp nh\u00e3n: May, \u1ee6i<\/div>\n<div>Giao th\u1ee9c: ISO18ooo-6C EPC C1G2<\/div>\n<div>\u1ee6i: 15 gi\u00e2y, \u1edf nhi\u1ec7t \u0111\u1ed9 210\u2103<\/div>\n<div>Ph\u01a1i s\u00e1ng: 2,5 bar<\/div>\n<div>S\u1ea5y kh\u00f4: 15 ph\u00fat \u1edf 180\u00b0C<\/div>\n<div><span data-spm-anchor-id=\"a2700.details.0.i78.23b419c7xXORP0\">Gi\u1eb7t: 15 ph\u00fat \u1edf 90\u2103<\/span><\/div>\n<div>Chu k\u1ef3 gi\u1eb7t: 200+ chu k\u1ef3 ho\u1eb7c 3 n\u0103m<br \/>\n\u0110i\u1ec1u ki\u1ec7n b\u1ea3o qu\u1ea3n:-20-80\u2103,5-95%RH<\/div>\n<\/div>\n<\/div>\n<h3 class=\"wp-block-heading\">C\u00e0i \u0111\u1eb7t<\/h3>\n<p><strong>G\u1eafn th\u1ebb kh\u00e2u<\/strong>: \u0110\u1ec3 kh\u00e2u v\u00e0o vi\u1ec1n v\u1ea3i. Kh\u00e2u nh\u00e3n gi\u1eb7t ra kh\u1ecfi \u0111\u01b0\u1eddng g\u1ea5p.<br \/>\n<strong>H\u00e0n nhi\u1ec7t<\/strong>: \u0110\u01b0\u1ee3c h\u00e0n nhi\u1ec7t tr\u1ef1c ti\u1ebfp l\u00ean v\u1ea3i \u1edf nhi\u1ec7t \u0111\u1ed9 +200\u00b0C (392\u00b0F), trong 12~14 gi\u00e2y.<br \/>\n<strong>Trong t\u00fai<\/strong>: \u0110\u1ec3 kh\u00e2u nh\u01b0 nh\u00e3n ch\u0103m s\u00f3c ti\u00eau chu\u1ea9n. Kh\u00e2u nh\u00e3n gi\u1eb7t ra kh\u1ecfi \u0111\u01b0\u1eddng g\u1ea5p.<\/p>\n<div class=\"auto-hide-last-sibling-br paragraph_1252f paragraph-element\">Th\u1ebb gi\u1eb7t RFID c\u00f3 th\u1ec3 gi\u1eb7t \u0111\u01b0\u1ee3c l\u00e0 m\u1ed9t ph\u1ea7n kh\u00f4ng th\u1ec3 thi\u1ebfu c\u1ee7a nhi\u1ec1u ng\u00e0nh c\u00f4ng nghi\u1ec7p, cung c\u1ea5p kh\u1ea3 n\u0103ng theo d\u00f5i t\u00e0i s\u1ea3n hi\u1ec7u qu\u1ea3, qu\u1ea3n l\u00fd h\u00e0ng t\u1ed3n kho v\u00e0 n\u00e2ng cao n\u0103ng su\u1ea5t ho\u1ea1t \u0111\u1ed9ng chung. Sau \u0111\u00e2y l\u00e0 m\u1ed9t s\u1ed1 \u1ee9ng d\u1ee5ng c\u1ee7a n\u00f3 trong c\u00e1c l\u0129nh v\u1ef1c kh\u00e1c nhau:<\/div>\n<ol class=\"auto-hide-last-sibling-br\">\n<li>\n<div class=\"auto-hide-last-sibling-br paragraph_1252f paragraph-element\"><strong>Ch\u0103m s\u00f3c s\u1ee9c kh\u1ecfe<\/strong>: B\u1ec7nh vi\u1ec7n v\u00e0 c\u00e1c c\u01a1 s\u1edf y t\u1ebf kh\u00e1c s\u1eed d\u1ee5ng th\u1ebb v\u1ea3i RFID \u0111\u1ec3 qu\u1ea3n l\u00fd l\u01b0\u1ee3ng l\u1edbn kh\u0103n tr\u1ea3i gi\u01b0\u1eddng, kh\u0103n t\u1eafm, qu\u1ea7n \u00e1o ph\u1eabu thu\u1eadt, \u0111\u1ed3ng ph\u1ee5c v\u00e0 v\u1ea3i ph\u1eabu thu\u1eadt. \u0110i\u1ec1u n\u00e0y gi\u00fap gi\u1ea3m th\u1ea5t tho\u00e1t, qu\u1ea3n l\u00fd chu k\u1ef3 gi\u1eb7t v\u00e0 \u0111\u1ea3m b\u1ea3o v\u1ea3i s\u1ea1ch, m\u1edbi lu\u00f4n c\u00f3 s\u1eb5n khi c\u1ea7n.<\/div>\n<\/li>\n<li>\n<div class=\"auto-hide-last-sibling-br paragraph_1252f paragraph-element\"><strong>Kh\u00e1ch s\u1ea1n<\/strong>: Qu\u1ea3n l\u00fd kh\u0103n tr\u1ea3i gi\u01b0\u1eddng l\u00e0 m\u1ed9t nhi\u1ec7m v\u1ee5 l\u1edbn trong ng\u00e0nh kh\u00e1ch s\u1ea1n, n\u01a1i c\u00f3 h\u00e0ng ng\u00e0n m\u1eb7t h\u00e0ng, t\u1eeb kh\u0103n tr\u1ea3i gi\u01b0\u1eddng \u0111\u1ebfn kh\u0103n t\u1eafm, r\u00e8m c\u1eeda v\u00e0 \u00e1o cho\u00e0ng, \u0111ang l\u01b0u th\u00f4ng. Th\u1ebb kh\u0103n tr\u1ea3i gi\u01b0\u1eddng RFID gi\u00fap \u0111\u01a1n gi\u1ea3n h\u00f3a vi\u1ec7c theo d\u00f5i, \u0111\u1ea3m b\u1ea3o v\u1ec7 sinh v\u00e0 thay th\u1ebf k\u1ecbp th\u1eddi, \u0111\u1ed3ng th\u1eddi gi\u00fap ph\u00e1t hi\u1ec7n v\u00e0 ng\u0103n ng\u1eeba tr\u1ed9m c\u1eafp.<\/div>\n<\/li>\n<li>\n<div class=\"auto-hide-last-sibling-br paragraph_1252f paragraph-element\"><strong>Nh\u00e0 h\u00e0ng<\/strong>: Trong ng\u00e0nh d\u1ecbch v\u1ee5 th\u1ef1c ph\u1ea9m, th\u1ebb RFID c\u00f3 th\u1ec3 theo d\u00f5i vi\u1ec7c s\u1eed d\u1ee5ng v\u00e0 v\u1ec7 sinh \u0111\u1ed3ng ph\u1ee5c, kh\u0103n tr\u1ea3i b\u00e0n, kh\u0103n \u0103n v\u00e0 t\u1ea1p d\u1ec1 c\u1ee7a \u0111\u1ea7u b\u1ebfp. \u0110i\u1ec1u n\u00e0y c\u00f3 th\u1ec3 c\u1ea3i thi\u1ec7n ti\u00eau chu\u1ea9n v\u1ec7 sinh v\u00e0 h\u1ed7 tr\u1ee3 duy tr\u00ec v\u1ebb ngo\u00e0i ch\u1ec9n chu, chuy\u00ean nghi\u1ec7p.<\/div>\n<\/li>\n<li>\n<div class=\"auto-hide-last-sibling-br paragraph_1252f paragraph-element\"><strong>Ng\u00e0nh c\u00f4ng nghi\u1ec7p may m\u1eb7c th\u1eddi trang<\/strong>: Th\u1ebb RFID \u0111\u00f3ng vai tr\u00f2 r\u1ea5t l\u1edbn trong vi\u1ec7c theo d\u00f5i c\u00e1c m\u1eb7t h\u00e0ng trong su\u1ed1t chu\u1ed7i cung \u1ee9ng, t\u1eeb s\u1ea3n xu\u1ea5t \u0111\u1ebfn b\u00e1n l\u1ebb. Ch\u00fang c\u00f3 th\u1ec3 cung c\u1ea5p th\u00f4ng tin c\u00f3 gi\u00e1 tr\u1ecb nh\u01b0 ngu\u1ed3n g\u1ed1c, l\u1ecbch s\u1eed di chuy\u1ec3n v\u00e0 th\u1eadm ch\u00ed c\u1ea3 th\u00f4ng tin chi ti\u1ebft v\u1ec1 v\u1ea3i v\u00e0 h\u01b0\u1edbng d\u1eabn ch\u0103m s\u00f3c.<\/div>\n<\/li>\n<li>\n<div class=\"auto-hide-last-sibling-br paragraph_1252f paragraph-element\"><strong>Qu\u1ea7n \u00e1o b\u1ea3o h\u1ed9 lao \u0111\u1ed9ng\/ch\u1ed1ng ch\u00e1y<\/strong>: C\u00e1c c\u00f4ng ty c\u00f3 th\u1ec3 s\u1eed d\u1ee5ng th\u1ebb RFID \u0111\u1ec3 theo d\u00f5i v\u00e0 qu\u1ea3n l\u00fd c\u00e1c m\u1eb7t h\u00e0ng qu\u1ea7n \u00e1o \u0111\u1eb7c bi\u1ec7t. \u0110i\u1ec1u n\u00e0y c\u00f3 th\u1ec3 bao g\u1ed3m \u0111\u1ea3m b\u1ea3o qu\u1ea7n \u00e1o ch\u1ed1ng ch\u00e1y ho\u1eb7c qu\u1ea7n \u00e1o b\u1ea3o h\u1ed9 kh\u00e1c \u0111\u01b0\u1ee3c ki\u1ec3m tra th\u01b0\u1eddng xuy\u00ean, gi\u1eb7t s\u1ea1ch \u0111\u00fang c\u00e1ch v\u00e0 thay th\u1ebf khi c\u1ea7n thi\u1ebft.<\/div>\n<\/li>\n<li>\n<div class=\"auto-hide-last-sibling-br paragraph_1252f paragraph-element\"><strong>Gi\u00e0y d\u00e9p v\u00e0 kh\u1ea9u trang<\/strong>:\u0110\u1eb7c bi\u1ec7t quan tr\u1ecdng trong c\u00e1c ng\u00e0nh c\u00f4ng nghi\u1ec7p nh\u01b0 ch\u0103m s\u00f3c s\u1ee9c kh\u1ecfe v\u00e0 x\u00e2y d\u1ef1ng, n\u01a1i m\u00e0 s\u1ef1 an to\u00e0n l\u00e0 y\u1ebfu t\u1ed1 quan tr\u1ecdng, vi\u1ec7c theo d\u00f5i vi\u1ec7c s\u1eed d\u1ee5ng, v\u1ec7 sinh v\u00e0 b\u1ea3o d\u01b0\u1ee1ng c\u00e1c v\u1eadt d\u1ee5ng nh\u01b0 kh\u1ea9u trang v\u00e0 gi\u00e0y an to\u00e0n c\u00f3 th\u1ec3 \u0111\u01b0\u1ee3c \u0111\u01a1n gi\u1ea3n h\u00f3a b\u1eb1ng c\u00e1ch s\u1eed d\u1ee5ng th\u1ebb RFID.<\/div>\n<\/li>\n<li>\n<div class=\"auto-hide-last-sibling-br paragraph_1252f paragraph-element\"><strong>Th\u1ea3m v\u00e0 c\u00e2y lau nh\u00e0<\/strong>:\u0110\u1ed1i v\u1edbi c\u00e1c doanh nghi\u1ec7p cung c\u1ea5p d\u1ecbch v\u1ee5 v\u1ec7 sinh ho\u1eb7c qu\u1ea3n l\u00fd c\u00e1c c\u01a1 s\u1edf l\u1edbn, th\u1ebb RFID tr\u00ean th\u1ea3m v\u00e0 c\u00e2y lau nh\u00e0 c\u00f3 th\u1ec3 gi\u00fap theo d\u00f5i vi\u1ec7c s\u1eed d\u1ee5ng v\u00e0 b\u1ea3o tr\u00ec, \u0111\u1ea3m b\u1ea3o c\u00e1c c\u00f4ng c\u1ee5 lu\u00f4n s\u1ea1ch s\u1ebd v\u00e0 hi\u1ec7u qu\u1ea3.<\/div>\n<\/li>\n<\/ol>","protected":false},"excerpt":{"rendered":"<div class=\"auto-hide-last-sibling-br paragraph_1252f paragraph-element\">Th\u1ebb gi\u1eb7t UHF RFID c\u1ee7a ch\u00fang t\u00f4i, th\u01b0\u1eddng \u0111\u01b0\u1ee3c g\u1ecdi l\u00e0 th\u1ebb v\u1ea3i lanh RFID, n\u1ed5i b\u1eadt v\u1edbi s\u1ef1 k\u1ebft h\u1ee3p gi\u1eefa \u0111\u1ed9 m\u1ec1m d\u1ebbo v\u00e0 \u0111\u1ed9 b\u1ec1n. Ch\u00fang \u0111\u01b0\u1ee3c l\u00e0m b\u1eb1ng l\u1edbp cao su b\u00ean ngo\u00e0i ch\u1eafc ch\u1eafn, th\u1ec3 hi\u1ec7n kh\u00e1i ni\u1ec7m v\u1ec1 \u0111\u1ed9 b\u1ec1n m\u1ec1m m\u1ea1i. Nh\u1eefng th\u1ebb qu\u1ea7n \u00e1o n\u00e0y \u0111\u01b0\u1ee3c thi\u1ebft k\u1ebf c\u00f3 ch\u1ee7 \u0111\u00edch \u0111\u1ec3 v\u1eeba m\u1ec1m d\u1ebbo v\u1eeba \u0111\u00e0n h\u1ed3i, c\u00f3 kh\u1ea3 n\u0103ng ch\u1ecbu \u0111\u01b0\u1ee3c t\u1edbi 200 chu k\u1ef3 gi\u1eb7t v\u00e0 \u00e1p su\u1ea5t l\u00ean t\u1edbi 60 bar m\u00e0 kh\u00f4ng b\u1ecb h\u01b0 h\u1ecfng.<\/div>\n<div class=\"auto-hide-last-sibling-br paragraph_1252f paragraph-element\">\u0110\u01b0\u1ee3c bi\u1ebft \u0111\u1ebfn v\u1edbi kh\u1ea3 n\u0103ng \u0111\u1ecdc h\u00e0ng lo\u1ea1t phi th\u01b0\u1eddng, th\u1ebb gi\u1eb7t UHF RFID c\u1ee7a ch\u00fang t\u00f4i c\u00f3 th\u1ec3 \u0111\u01b0\u1ee3c ph\u00e1t hi\u1ec7n hi\u1ec7u qu\u1ea3 t\u1eeb kho\u1ea3ng c\u00e1ch v\u00e0i m\u00e9t. Kh\u1ea3 n\u0103ng th\u00edch \u1ee9ng l\u00e0 ch\u00eca kh\u00f3a, v\u1edbi k\u00edch th\u01b0\u1edbc thay \u0111\u1ed5i t\u1eeb 1,5 \u0111\u1ebfn 3 inch chi\u1ec1u d\u00e0i v\u00e0 t\u1eeb n\u1eeda inch \u0111\u1ebfn 1 inch chi\u1ec1u r\u1ed9ng, thu\u1eadn ti\u1ec7n ph\u00f9 h\u1ee3p v\u1edbi nhi\u1ec1u nhu c\u1ea7u kh\u00e1c nhau.<\/div>\n<div class=\"auto-hide-last-sibling-br paragraph_1252f paragraph-element\">Th\u00f4ng th\u01b0\u1eddng, c\u00e1c th\u1ebb RFID c\u00f3 th\u1ec3 gi\u1eb7t \u0111\u01b0\u1ee3c n\u00e0y \u0111\u01b0\u1ee3c s\u1eed d\u1ee5ng trong th\u1ebf gi\u1edbi ch\u0103m s\u00f3c s\u1ee9c kh\u1ecfe, th\u01b0\u1eddng \u0111\u01b0\u1ee3c g\u1eafn v\u00e0o qu\u1ea7n \u00e1o ph\u1eabu thu\u1eadt c\u1ee7a b\u00e1c s\u0129 v\u00e0 y t\u00e1. Ngo\u00e0i ra, ch\u00fang c\u00f2n \u0111\u01b0\u1ee3c s\u1eed d\u1ee5ng cho c\u00e1c trang ph\u1ee5c chuy\u00ean nghi\u1ec7p kh\u00e1c, trang ph\u1ee5c v\u00e0 th\u1eadm ch\u00ed c\u1ea3 c\u00e1c m\u1eb7t h\u00e0ng cho thu\u00ea nh\u01b0 th\u1ea3m. S\u1ef1 k\u1ebft h\u1ee3p gi\u1eefa t\u00ednh linh ho\u1ea1t v\u00e0 ch\u1ea5t l\u01b0\u1ee3ng b\u1ec1n b\u1ec9 n\u00e0y khi\u1ebfn ch\u00fang tr\u1edf th\u00e0nh l\u1ef1a ch\u1ecdn c\u00f3 gi\u00e1 tr\u1ecb trong nhi\u1ec1u b\u1ed1i c\u1ea3nh kh\u00e1c nhau.<\/div>","protected":false},"featured_media":53,"template":"","meta":{"_kad_post_transparent":"default","_kad_post_title":"","_kad_post_layout":"default","_kad_post_sidebar_id":"","_kad_post_content_style":"default","_kad_post_vertical_padding":"default","_kad_post_feature":"","_kad_post_feature_position":"","_kad_post_header":false,"_kad_post_footer":false,"_kad_post_classname":""},"product_brand":[],"product_cat":[19,16],"product_tag":[25,30,29,28],"class_list":{"0":"post-52","1":"product","2":"type-product","3":"status-publish","4":"has-post-thumbnail","6":"product_cat-textile-rfid-laundry-tag","7":"product_cat-uhf-rfid-laundry-tags","8":"product_tag-rfid-laundrytags","9":"product_tag-uhf-rfid-laundry-tag","10":"product_tag-washable-rfid-laundry-tags","11":"product_tag-washable-rfid-tags","13":"first","14":"instock","15":"shipping-taxable","16":"product-type-simple","17":"entry","18":"content-bg","19":"loop-entry"},"_links":{"self":[{"href":"https:\/\/rfid-laundry-tag.com\/vi\/wp-json\/wp\/v2\/product\/52","targetHints":{"allow":["GET"]}}],"collection":[{"href":"https:\/\/rfid-laundry-tag.com\/vi\/wp-json\/wp\/v2\/product"}],"about":[{"href":"https:\/\/rfid-laundry-tag.com\/vi\/wp-json\/wp\/v2\/types\/product"}],"version-history":[{"count":1,"href":"https:\/\/rfid-laundry-tag.com\/vi\/wp-json\/wp\/v2\/product\/52\/revisions"}],"predecessor-version":[{"id":1951,"href":"https:\/\/rfid-laundry-tag.com\/vi\/wp-json\/wp\/v2\/product\/52\/revisions\/1951"}],"wp:featuredmedia":[{"embeddable":true,"href":"https:\/\/rfid-laundry-tag.com\/vi\/wp-json\/wp\/v2\/media\/53"}],"wp:attachment":[{"href":"https:\/\/rfid-laundry-tag.com\/vi\/wp-json\/wp\/v2\/media?parent=52"}],"wp:term":[{"taxonomy":"product_brand","embeddable":true,"href":"https:\/\/rfid-laundry-tag.com\/vi\/wp-json\/wp\/v2\/product_brand?post=52"},{"taxonomy":"product_cat","embeddable":true,"href":"https:\/\/rfid-laundry-tag.com\/vi\/wp-json\/wp\/v2\/product_cat?post=52"},{"taxonomy":"product_tag","embeddable":true,"href":"https:\/\/rfid-laundry-tag.com\/vi\/wp-json\/wp\/v2\/product_tag?post=52"}],"curies":[{"name":"wp","href":"https:\/\/api.w.org\/{rel}","templated":true}]}}