{"id":37,"date":"2024-06-03T15:44:26","date_gmt":"2024-06-03T15:44:26","guid":{"rendered":"https:\/\/rfid-laundry-tag.com\/?post_type=product&#038;p=37"},"modified":"2024-09-27T17:21:11","modified_gmt":"2024-09-27T17:21:11","slug":"laundry-rfid-linen-tags","status":"publish","type":"product","link":"https:\/\/rfid-laundry-tag.com\/vi\/laundry-rfid-linen-tags\/","title":{"rendered":"Th\u1ebb v\u1ea3i lanh RFID gi\u1eb7t \u1ee7i"},"content":{"rendered":"<h2>Th\u1ebb v\u1ea3i lanh RFID gi\u1eb7t \u1ee7i<\/h2>\n<p>Th\u1ebb gi\u1eb7t RFID l\u00e0m t\u1eeb ch\u1ea5t li\u1ec7u d\u1ec7t c\u00f3 k\u00edch th\u01b0\u1edbc 70*15mm v\u00e0 \u0111\u01b0\u1ee3c trang b\u1ecb chip NXP U CODE 9 l\u00e0 m\u1ed9t c\u00f4ng c\u1ee5 h\u1ee3p l\u00fd \u0111\u01b0\u1ee3c thi\u1ebft k\u1ebf \u0111\u1ec3 theo d\u00f5i v\u00e0 qu\u1ea3n l\u00fd hi\u1ec7u qu\u1ea3 c\u00e1c lo\u1ea1i h\u00e0ng d\u1ec7t nh\u01b0 v\u1ea3i lanh, \u0111\u1ed3ng ph\u1ee5c, kh\u0103n t\u1eafm, v.v.<\/p>\n<div class=\"auto-hide-last-sibling-br paragraph_1252f paragraph-element\">C\u00e1c t\u00ednh n\u0103ng ch\u00ednh:<\/div>\n<ol class=\"auto-hide-last-sibling-br\">\n<li>\n<div class=\"auto-hide-last-sibling-br paragraph_1252f paragraph-element\"><strong>Ch\u1ea5t li\u1ec7u &amp; K\u00edch th\u01b0\u1edbc<\/strong>:Th\u1ebb RFID n\u00e0y \u0111\u01b0\u1ee3c l\u00e0m t\u1eeb v\u1eadt li\u1ec7u th\u00e2n thi\u1ec7n v\u1edbi v\u1ea3i v\u00e0 c\u00f3 k\u00edch th\u01b0\u1edbc 70mm x 15mm, k\u00edch th\u01b0\u1edbc l\u00fd t\u01b0\u1edfng \u0111\u1ec3 d\u00e1n nh\u00e3n k\u00edn \u0111\u00e1o cho nhi\u1ec1u lo\u1ea1i v\u1ea3i kh\u00e1c nhau m\u00e0 kh\u00f4ng \u1ea3nh h\u01b0\u1edfng \u0111\u1ebfn t\u00ednh th\u1ea9m m\u1ef9 ho\u1eb7c ch\u1ea5t l\u01b0\u1ee3ng x\u00fac gi\u00e1c c\u1ee7a ch\u00fang.<\/div>\n<\/li>\n<li>\n<div class=\"auto-hide-last-sibling-br paragraph_1252f paragraph-element\"><strong>Chip RFID<\/strong>: Chip NXP U CODE 9 nh\u00fang \u0111\u1ea3m b\u1ea3o hi\u1ec7u su\u1ea5t cao v\u00e0 ch\u1ee9c n\u0103ng \u0111\u00e1ng tin c\u1eady. Vi m\u1ea1ch n\u00e0y t\u1ea1o \u0111i\u1ec1u ki\u1ec7n truy\u1ec1n d\u1eef li\u1ec7u \u0111\u01b0\u1eddng d\u00e0i v\u00e0 c\u00f3 dung l\u01b0\u1ee3ng b\u1ed9 nh\u1edb l\u1edbn \u0111\u1ec3 l\u01b0u tr\u1eef th\u00f4ng tin m\u1ee5c.<\/div>\n<\/li>\n<li>\n<div class=\"auto-hide-last-sibling-br paragraph_1252f paragraph-element\"><strong>\u0110\u1ed9 b\u1ec1n<\/strong>:M\u1eb7c d\u00f9 c\u00f3 c\u1ea5u tr\u00fac v\u1ea3i m\u1ec1m v\u00e0 linh ho\u1ea1t, th\u1ebb gi\u1eb7t RFID n\u00e0y \u0111\u01b0\u1ee3c thi\u1ebft k\u1ebf \u0111\u1ec3 ch\u1ecbu \u0111\u01b0\u1ee3c c\u00e1c quy tr\u00ecnh gi\u1eb7t, \u1ee7i v\u00e0 \u00e9p m\u1ea1nh. N\u00f3 c\u00f3 th\u1ec3 ch\u1ecbu \u0111\u01b0\u1ee3c n\u01b0\u1edbc, nhi\u1ec7t v\u00e0 \u00e1p su\u1ea5t, duy tr\u00ec t\u00ednh to\u00e0n v\u1eb9n v\u00e0 ch\u1ee9c n\u0103ng c\u1ee7a n\u00f3 b\u1ea5t ch\u1ea5p c\u00e1c chu k\u1ef3 gi\u1eb7t c\u00f4ng nghi\u1ec7p l\u1eb7p \u0111i l\u1eb7p l\u1ea1i.<\/div>\n<\/li>\n<li>\n<div class=\"auto-hide-last-sibling-br paragraph_1252f paragraph-element\"><strong>Hi\u1ec7u qu\u1ea3<\/strong>: C\u00f4ng ngh\u1ec7 chip NXP U CODE 9 cho ph\u00e9p qu\u00e9t th\u1ebb nhanh ch\u00f3ng, ch\u00ednh x\u00e1c ngay c\u1ea3 trong c\u00e1c t\u00ecnh hu\u1ed1ng \u0111\u1ecdc h\u00e0ng lo\u1ea1t. \u0110i\u1ec1u n\u00e0y d\u1eabn \u0111\u1ebfn x\u1eed l\u00fd nhanh ch\u00f3ng, gi\u1ea3m th\u1eddi gian v\u1eadn h\u00e0nh v\u00e0 c\u1ea3i thi\u1ec7n n\u0103ng su\u1ea5t trong qu\u1ea3n l\u00fd d\u1ec7t may.<\/div>\n<\/li>\n<li>\n<div class=\"auto-hide-last-sibling-br paragraph_1252f paragraph-element\"><strong>\u1ee8ng d\u1ee5ng<\/strong>: V\u1ec1 c\u01a1 b\u1ea3n, c\u00e1c th\u1ebb RFID n\u00e0y \u0111\u01b0\u1ee3c kh\u00e2u ho\u1eb7c h\u00e0n nhi\u1ec7t v\u00e0o h\u00e0ng d\u1ec7t may tr\u01b0\u1edbc khi \u0111\u01b0a v\u00e0o s\u1eed d\u1ee5ng. Sau khi g\u1eafn, vi\u1ec7c qu\u1ea3n l\u00fd h\u00e0ng t\u1ed3n kho t\u1ef1 \u0111\u1ed9ng, ki\u1ec3m so\u00e1t quy tr\u00ecnh v\u00e0 ph\u00f2ng ng\u1eeba m\u1ea5t m\u00e1t c\u00f3 th\u1ec3 \u0111\u01b0\u1ee3c th\u1ef1c hi\u1ec7n d\u1ec5 d\u00e0ng nh\u1edd kh\u1ea3 n\u0103ng theo d\u00f5i kh\u00f4ng d\u00e2y m\u00e0 c\u00e1c th\u1ebb n\u00e0y cung c\u1ea5p.<\/div>\n<\/li>\n<\/ol>\n<div class=\"auto-hide-last-sibling-br paragraph_1252f paragraph-element\">T\u1ea1i sao kh\u1ea3 n\u0103ng truy xu\u1ea5t ngu\u1ed3n g\u1ed1c \u0111\u00f3ng vai tr\u00f2 quan tr\u1ecdng trong ng\u00e0nh d\u1ec7t may. Sau \u0111\u00e2y l\u00e0 t\u00f3m t\u1eaft c\u00e1c \u0111i\u1ec3m ch\u00ednh c\u1ea7n nh\u1ea5n m\u1ea1nh:<\/div>\n<div><\/div>\n<ol class=\"auto-hide-last-sibling-br\">\n<li>\n<div class=\"auto-hide-last-sibling-br paragraph_1252f paragraph-element\">Ki\u1ec3m so\u00e1t ch\u1ea5t l\u01b0\u1ee3ng: B\u1eb1ng c\u00e1ch cho ph\u00e9p c\u00e1c nh\u00e0 s\u1ea3n xu\u1ea5t gi\u00e1m s\u00e1t ch\u1ea5t l\u01b0\u1ee3ng h\u00e0ng d\u1ec7t may c\u1ee7a h\u1ecd \u1edf t\u1eebng c\u1ea5p \u0111\u1ed9 s\u1ea3n xu\u1ea5t, kh\u1ea3 n\u0103ng truy xu\u1ea5t ngu\u1ed3n g\u1ed1c cho ph\u00e9p x\u00e1c \u0111\u1ecbnh v\u00e0 kh\u1eafc ph\u1ee5c s\u1edbm c\u00e1c v\u1ea5n \u0111\u1ec1 v\u1ec1 ch\u1ea5t l\u01b0\u1ee3ng.<\/div>\n<\/li>\n<li>\n<div class=\"auto-hide-last-sibling-br paragraph_1252f paragraph-element\">An to\u00e0n s\u1ea3n ph\u1ea9m: Kh\u1ea3 n\u0103ng truy xu\u1ea5t ngu\u1ed3n g\u1ed1c \u0111\u1ea3m b\u1ea3o t\u00ednh an to\u00e0n c\u1ee7a h\u00e0ng d\u1ec7t may b\u1eb1ng c\u00e1ch cho ph\u00e9p nh\u00e0 s\u1ea3n xu\u1ea5t nhanh ch\u00f3ng x\u00e1c \u0111\u1ecbnh v\u00e0 lo\u1ea1i b\u1ecf s\u1ea3n ph\u1ea9m kh\u1ecfi k\u1ec7 h\u00e0ng trong tr\u01b0\u1eddng h\u1ee3p c\u00f3 h\u00f3a ch\u1ea5t \u0111\u1ed9c h\u1ea1i ho\u1eb7c l\u1ed7i.<\/div>\n<\/li>\n<li>\n<div class=\"auto-hide-last-sibling-br paragraph_1252f paragraph-element\">Tu\u00e2n th\u1ee7 quy \u0111\u1ecbnh: Vi\u1ec7c tu\u00e2n th\u1ee7 c\u00e1c quy \u0111\u1ecbnh nghi\u00eam ng\u1eb7t li\u00ean quan \u0111\u1ebfn h\u00e0ng d\u1ec7t may c\u00f3 th\u1ec3 \u0111\u01b0\u1ee3c \u0111\u1ea3m b\u1ea3o th\u00f4ng qua kh\u1ea3 n\u0103ng truy xu\u1ea5t ngu\u1ed3n g\u1ed1c, \u0111i\u1ec1u n\u00e0y gi\u00fap c\u00e1c nh\u00e0 s\u1ea3n xu\u1ea5t tr\u00e1nh \u0111\u01b0\u1ee3c c\u00e1c cu\u1ed9c xung \u0111\u1ed9t ph\u00e1p l\u00fd v\u00e0 l\u00e0m hoen \u1ed1 danh ti\u1ebfng c\u1ee7a h\u1ecd.<\/div>\n<\/li>\n<li>\n<div class=\"auto-hide-last-sibling-br paragraph_1252f paragraph-element\">Minh b\u1ea1ch chu\u1ed7i cung \u1ee9ng: Ng\u01b0\u1eddi ti\u00eau d\u00f9ng ng\u00e0y nay y\u00eau c\u1ea7u minh b\u1ea1ch v\u1ec1 ngu\u1ed3n g\u1ed1c s\u1ea3n ph\u1ea9m, quy tr\u00ecnh s\u1ea3n xu\u1ea5t v\u00e0 li\u1ec7u c\u00e1c ho\u1ea1t \u0111\u1ed9ng \u0111\u1ea1o \u0111\u1ee9c v\u00e0 b\u1ec1n v\u1eefng c\u00f3 \u0111\u01b0\u1ee3c duy tr\u00ec hay kh\u00f4ng. Kh\u1ea3 n\u0103ng truy xu\u1ea5t ngu\u1ed3n g\u1ed1c \u0111\u00e1p \u1ee9ng ch\u00ednh x\u00e1c nhu c\u1ea7u n\u00e0y.<\/div>\n<\/li>\n<li>\n<div class=\"auto-hide-last-sibling-br paragraph_1252f paragraph-element\">T\u00ednh b\u1ec1n v\u1eefng v\u00e0 th\u00e2n thi\u1ec7n v\u1edbi m\u00f4i tr\u01b0\u1eddng: Ng\u00e0nh d\u1ec7t may ph\u1ea3i \u0111\u1ed1i m\u1eb7t v\u1edbi \u00e1p l\u1ef1c \u0111\u00e1ng k\u1ec3 \u0111\u1ec3 tr\u1edf n\u00ean b\u1ec1n v\u1eefng h\u01a1n v\u00e0 h\u1ea1n ch\u1ebf thi\u1ec7t h\u1ea1i v\u1ec1 m\u00f4i tr\u01b0\u1eddng. Kh\u1ea3 n\u0103ng truy xu\u1ea5t ngu\u1ed3n g\u1ed1c gi\u00fap c\u00e1c nh\u00e0 s\u1ea3n xu\u1ea5t theo d\u00f5i ngu\u1ed3n g\u1ed1c v\u1eadt li\u1ec7u v\u00e0 \u0111\u00e1nh gi\u00e1 t\u00e1c \u0111\u1ed9ng m\u00f4i tr\u01b0\u1eddng c\u1ee7a quy tr\u00ecnh s\u1ea3n xu\u1ea5t c\u1ee7a h\u1ecd. \u0110i\u1ec1u n\u00e0y c\u00f3 th\u1ec3 h\u1ed7 tr\u1ee3 gi\u1ea3m thi\u1ec3u ch\u1ea5t th\u1ea3i v\u00e0 k\u1ebft h\u1ee3p c\u00e1c ho\u1ea1t \u0111\u1ed9ng xanh h\u01a1n.<\/div>\n<\/li>\n<li>\n<div class=\"auto-hide-last-sibling-br paragraph_1252f paragraph-element\">Ng\u0103n ng\u1eeba h\u00e0ng gi\u1ea3: Kh\u1ea3 n\u0103ng truy xu\u1ea5t ngu\u1ed3n g\u1ed1c \u0111\u00f3ng vai tr\u00f2 quan tr\u1ecdng trong vi\u1ec7c x\u00e1c nh\u1eadn t\u00ednh x\u00e1c th\u1ef1c c\u1ee7a s\u1ea3n ph\u1ea9m, do \u0111\u00f3 ng\u0103n ng\u1eeba h\u00e0ng gi\u1ea3 v\u00e0 b\u1ea3o v\u1ec7 danh ti\u1ebfng c\u1ee7a th\u01b0\u01a1ng hi\u1ec7u.<\/div>\n<\/li>\n<li>\n<div class=\"auto-hide-last-sibling-br paragraph_1252f paragraph-element\">Qu\u1ea3n l\u00fd thu h\u1ed3i hi\u1ec7u qu\u1ea3: Kh\u1ea3 n\u0103ng truy xu\u1ea5t ngu\u1ed3n g\u1ed1c cho ph\u00e9p nh\u00e0 s\u1ea3n xu\u1ea5t nhanh ch\u00f3ng x\u00e1c \u0111\u1ecbnh s\u1ea3n ph\u1ea9m b\u1ecb \u1ea3nh h\u01b0\u1edfng v\u00e0 ng\u01b0\u1eddi ti\u00eau d\u00f9ng trong tr\u01b0\u1eddng h\u1ee3p thu h\u1ed3i s\u1ea3n ph\u1ea9m do lo ng\u1ea1i v\u1ec1 an to\u00e0n ho\u1eb7c ch\u1ea5t l\u01b0\u1ee3ng. \u0110i\u1ec1u n\u00e0y h\u1ea1n ch\u1ebf ph\u1ea1m vi v\u00e0 t\u00e1c \u0111\u1ed9ng c\u1ee7a vi\u1ec7c thu h\u1ed3i s\u1ea3n ph\u1ea9m.<\/div>\n<\/li>\n<li>\n<div class=\"auto-hide-last-sibling-br paragraph_1252f paragraph-element\">Gi\u1ea3m chi ph\u00ed: H\u1ec7 th\u1ed1ng truy xu\u1ea5t ngu\u1ed3n g\u1ed1c gi\u00fap x\u00e1c \u0111\u1ecbnh t\u00ecnh tr\u1ea1ng k\u00e9m hi\u1ec7u qu\u1ea3 trong quy tr\u00ecnh s\u1ea3n xu\u1ea5t d\u1eabn \u0111\u1ebfn gi\u1ea3m chi ph\u00ed. N\u00f3 cho ph\u00e9p c\u00e1c nh\u00e0 s\u1ea3n xu\u1ea5t theo d\u00f5i v\u1eadt li\u1ec7u v\u00e0 quy tr\u00ecnh, t\u1ed1i \u01b0u h\u00f3a ho\u1ea1t \u0111\u1ed9ng v\u00e0 gi\u1ea3m ch\u1ea5t th\u1ea3i.<\/div>\n<\/li>\n<li>\n<div class=\"auto-hide-last-sibling-br paragraph_1252f paragraph-element\">Uy t\u00edn th\u01b0\u01a1ng hi\u1ec7u: Kh\u1ea3 n\u0103ng truy xu\u1ea5t ngu\u1ed3n g\u1ed1c v\u00e0 t\u00ednh minh b\u1ea1ch th\u00fac \u0111\u1ea9y l\u00f2ng tin c\u1ee7a ng\u01b0\u1eddi ti\u00eau d\u00f9ng, t\u1eeb \u0111\u00f3 c\u00f3 th\u1ec3 n\u00e2ng cao \u0111\u00e1ng k\u1ec3 h\u00ecnh \u1ea3nh c\u1ee7a th\u01b0\u01a1ng hi\u1ec7u.<\/div>\n<\/li>\n<li>\n<div class=\"auto-hide-last-sibling-br paragraph_1252f paragraph-element\">Qu\u1ea3n l\u00fd r\u1ee7i ro: Kh\u1ea3 n\u0103ng truy xu\u1ea5t ngu\u1ed3n g\u1ed1c gi\u00fap qu\u1ea3n l\u00fd d\u1ef1 \u0111o\u00e1n c\u00e1c r\u1ee7i ro li\u00ean quan \u0111\u1ebfn gi\u00e1n \u0111o\u1ea1n chu\u1ed7i cung \u1ee9ng, v\u1ea5n \u0111\u1ec1 ch\u1ea5t l\u01b0\u1ee3ng ho\u1eb7c thu h\u1ed3i s\u1ea3n ph\u1ea9m, gi\u1ea3m thi\u1ec3u thi\u1ec7t h\u1ea1i ti\u1ec1m \u1ea9n v\u1ec1 t\u00e0i ch\u00ednh v\u00e0 uy t\u00edn trong tr\u01b0\u1eddng h\u1ee3p x\u1ea3y ra kh\u1ee7ng ho\u1ea3ng.<\/div>\n<\/li>\n<\/ol>\n<div class=\"auto-hide-last-sibling-br paragraph_1252f paragraph-element\">R\u00f5 r\u00e0ng, kh\u1ea3 n\u0103ng truy xu\u1ea5t ngu\u1ed3n g\u1ed1c trong ng\u00e0nh d\u1ec7t may c\u00f3 l\u1ee3i \u00edch to l\u1edbn. N\u00f3 kh\u00f4ng ch\u1ec9 n\u00e2ng cao hi\u1ec7u qu\u1ea3 ho\u1ea1t \u0111\u1ed9ng m\u00e0 c\u00f2n \u0111\u00e1p \u1ee9ng \u0111\u01b0\u1ee3c k\u1ef3 v\u1ecdng c\u1ee7a ng\u01b0\u1eddi ti\u00eau d\u00f9ng v\u1ec1 t\u00ednh an to\u00e0n, ch\u1ea5t l\u01b0\u1ee3ng v\u00e0 ngu\u1ed3n cung \u1ee9ng c\u00f3 \u0111\u1ea1o \u0111\u1ee9c.<\/div>","protected":false},"excerpt":{"rendered":"<p>Th\u1ebb v\u1ea3i lanh RFID b\u1ec1n: linh ho\u1ea1t, ch\u1eafc ch\u1eafn, c\u00f3 ph\u1ea1m vi \u0111\u1ecdc d\u00e0i. \u0110\u1ea3m b\u1ea3o cho 200 l\u1ea7n gi\u1eb7t, th\u00edch h\u1ee3p \u0111\u1ec3 kh\u00e2u, h\u00e0n nhi\u1ec7t ho\u1eb7c treo. L\u00fd t\u01b0\u1edfng \u0111\u1ec3 gi\u1eb7t.<\/p>","protected":false},"featured_media":39,"template":"","meta":{"_kad_post_transparent":"default","_kad_post_title":"","_kad_post_layout":"default","_kad_post_sidebar_id":"","_kad_post_content_style":"default","_kad_post_vertical_padding":"default","_kad_post_feature":"","_kad_post_feature_position":"","_kad_post_header":false,"_kad_post_footer":false,"_kad_post_classname":""},"product_brand":[],"product_cat":[19,16],"product_tag":[22,24,25,23],"class_list":{"0":"post-37","1":"product","2":"type-product","3":"status-publish","4":"has-post-thumbnail","6":"product_cat-textile-rfid-laundry-tag","7":"product_cat-uhf-rfid-laundry-tags","8":"product_tag-laundry-rfid-linen-tags","9":"product_tag-laundry-rfid-tags","10":"product_tag-rfid-laundrytags","11":"product_tag-rfid-linen-tags","13":"first","14":"instock","15":"shipping-taxable","16":"product-type-simple","17":"entry","18":"content-bg","19":"loop-entry"},"_links":{"self":[{"href":"https:\/\/rfid-laundry-tag.com\/vi\/wp-json\/wp\/v2\/product\/37","targetHints":{"allow":["GET"]}}],"collection":[{"href":"https:\/\/rfid-laundry-tag.com\/vi\/wp-json\/wp\/v2\/product"}],"about":[{"href":"https:\/\/rfid-laundry-tag.com\/vi\/wp-json\/wp\/v2\/types\/product"}],"version-history":[{"count":3,"href":"https:\/\/rfid-laundry-tag.com\/vi\/wp-json\/wp\/v2\/product\/37\/revisions"}],"predecessor-version":[{"id":2713,"href":"https:\/\/rfid-laundry-tag.com\/vi\/wp-json\/wp\/v2\/product\/37\/revisions\/2713"}],"wp:featuredmedia":[{"embeddable":true,"href":"https:\/\/rfid-laundry-tag.com\/vi\/wp-json\/wp\/v2\/media\/39"}],"wp:attachment":[{"href":"https:\/\/rfid-laundry-tag.com\/vi\/wp-json\/wp\/v2\/media?parent=37"}],"wp:term":[{"taxonomy":"product_brand","embeddable":true,"href":"https:\/\/rfid-laundry-tag.com\/vi\/wp-json\/wp\/v2\/product_brand?post=37"},{"taxonomy":"product_cat","embeddable":true,"href":"https:\/\/rfid-laundry-tag.com\/vi\/wp-json\/wp\/v2\/product_cat?post=37"},{"taxonomy":"product_tag","embeddable":true,"href":"https:\/\/rfid-laundry-tag.com\/vi\/wp-json\/wp\/v2\/product_tag?post=37"}],"curies":[{"name":"wp","href":"https:\/\/api.w.org\/{rel}","templated":true}]}}