{"id":356,"date":"2024-06-28T11:08:54","date_gmt":"2024-06-28T11:08:54","guid":{"rendered":"https:\/\/rfid-laundry-tag.com\/?post_type=product&#038;p=356"},"modified":"2024-08-14T15:55:26","modified_gmt":"2024-08-14T15:55:26","slug":"rfid-windshield-sticker-for-vehicle-tracking","status":"publish","type":"product","link":"https:\/\/rfid-laundry-tag.com\/vi\/rfid-windshield-sticker-for-vehicle-tracking\/","title":{"rendered":"Nh\u00e3n d\u00e1n k\u00ednh ch\u1eafn gi\u00f3 RFID \u0111\u1ec3 theo d\u00f5i xe"},"content":{"rendered":"<h2>Nh\u00e3n d\u00e1n k\u00ednh ch\u1eafn gi\u00f3 RFID \u0111\u1ec3 theo d\u00f5i xe<\/h2>\n<div class=\"J_module\">\n<div class=\"ife-detail-decorate-table\">\n<table class=\"all magic-10\">\n<tbody>\n<tr>\n<td colspan=\"1\" rowspan=\"1\">\n<div class=\"magic-11\">Chip<\/div>\n<\/td>\n<td colspan=\"1\" rowspan=\"1\">\n<div class=\"magic-12\">Ng\u01b0\u1eddi ngo\u00e0i h\u00e0nh tinh H9, H10, U9, v.v.<\/div>\n<\/td>\n<\/tr>\n<tr>\n<td colspan=\"1\" rowspan=\"1\">\n<div class=\"magic-11\">T\u00ednh th\u01b0\u1eddng xuy\u00ean<\/div>\n<\/td>\n<td colspan=\"1\" rowspan=\"1\">\n<div class=\"magic-12\">860\uff5e960MHz<\/div>\n<\/td>\n<\/tr>\n<tr>\n<td colspan=\"1\" rowspan=\"1\">\n<div class=\"magic-11\">V\u1eadt li\u1ec7u<\/div>\n<\/td>\n<td colspan=\"1\" rowspan=\"1\">\n<div class=\"magic-12\">Gi\u1ea5y tr\u00e1ng\/ PET\/ Gi\u1ea5y t\u1ed5ng h\u1ee3p\/ Gi\u1ea5y nhi\u1ec7t\/ T\u00f9y ch\u1ec9nh<\/div>\n<\/td>\n<\/tr>\n<tr>\n<td colspan=\"1\" rowspan=\"1\">\n<div class=\"magic-11\">Ch\u1ebf \u0111\u1ed9 l\u00e0m vi\u1ec7c<\/div>\n<\/td>\n<td colspan=\"1\" rowspan=\"1\">\n<div class=\"magic-12\">Th\u1ee5 \u0111\u1ed9ng<\/div>\n<\/td>\n<\/tr>\n<tr>\n<td colspan=\"1\" rowspan=\"1\">\n<div class=\"magic-11\">Cu\u1ed9c s\u1ed1ng IC<\/div>\n<\/td>\n<td colspan=\"1\" rowspan=\"1\">\n<div class=\"magic-12\">100.000 chu k\u1ef3 l\u1eadp tr\u00ecnh, l\u01b0u tr\u1eef d\u1eef li\u1ec7u trong 10 n\u0103m<\/div>\n<\/td>\n<\/tr>\n<tr>\n<td colspan=\"1\" rowspan=\"1\">\n<div class=\"magic-11\">Nhi\u1ec7t \u0111\u1ed9\/\u0111\u1ed9 \u1ea9m ho\u1ea1t \u0111\u1ed9ng<\/div>\n<\/td>\n<td colspan=\"1\" rowspan=\"1\">\n<div class=\"magic-12\">-25~50\u2103\/20%~80% \u0111\u1ed9 \u1ea9m t\u01b0\u01a1ng \u0111\u1ed1i<\/div>\n<\/td>\n<\/tr>\n<tr>\n<td colspan=\"1\" rowspan=\"1\">\n<div class=\"magic-11\">Nhi\u1ec7t \u0111\u1ed9\/\u0111\u1ed9 \u1ea9m l\u01b0u tr\u1eef<\/div>\n<\/td>\n<td colspan=\"1\" rowspan=\"1\">\n<div class=\"magic-12\">+23\u00b0C\u00b15\u00b0C\/ 50%\u00b110% RH (Kh\u00f4ng ng\u01b0ng t\u1ee5).<\/div>\n<\/td>\n<\/tr>\n<tr>\n<td colspan=\"1\" rowspan=\"1\">\n<div class=\"magic-11\">\u0102ng-ten<\/div>\n<\/td>\n<td colspan=\"1\" rowspan=\"1\">\n<div class=\"magic-12\">Kh\u1eafc nh\u00f4m, 94,8*8,1mm<\/div>\n<\/td>\n<\/tr>\n<tr>\n<td colspan=\"1\" rowspan=\"1\">\n<div class=\"magic-11\">K\u00edch th\u01b0\u1edbc nh\u00e3n\/kh\u1ea3m \u01b0\u1edbt<\/div>\n<\/td>\n<td colspan=\"1\" rowspan=\"1\">\n<div class=\"magic-12\">98*15mm ho\u1eb7c t\u00f9y ch\u1ec9nh<\/div>\n<\/td>\n<\/tr>\n<tr>\n<td colspan=\"1\" rowspan=\"1\">\n<div class=\"magic-11\">In \u1ea5n<\/div>\n<\/td>\n<td colspan=\"1\" rowspan=\"1\">\n<div class=\"magic-12\">In \u0111\u1ea7y \u0111\u1ee7 m\u00e0u s\u1eafc, Logo, M\u00e3 v\u1ea1ch, M\u00e3 QR, v.v.<\/div>\n<\/td>\n<\/tr>\n<tr>\n<td colspan=\"1\" rowspan=\"1\">\n<div class=\"magic-11\">V\u1eadt m\u1eabu<\/div>\n<\/td>\n<td colspan=\"1\" rowspan=\"1\">\n<div class=\"magic-12\">M\u1eabu mi\u1ec5n ph\u00ed cho vi\u1ec7c ki\u1ec3m tra ch\u1ea5t l\u01b0\u1ee3ng c\u1ee7a b\u1ea1n<\/div>\n<\/td>\n<\/tr>\n<tr>\n<td colspan=\"1\" rowspan=\"1\">\n<div class=\"magic-11\">Giao th\u1ee9c<\/div>\n<\/td>\n<td colspan=\"1\" rowspan=\"1\">\n<div class=\"magic-12\">ISO\/IEC 18000-6C EPC L\u1edbp 1 Th\u1ebf h\u1ec7 2<\/div>\n<\/td>\n<\/tr>\n<tr>\n<td colspan=\"1\" rowspan=\"1\">\n<div class=\"magic-11\">Bao b\u00ec<\/div>\n<\/td>\n<td colspan=\"1\" rowspan=\"1\">\n<div class=\"magic-12\">1000-5000 c\u00e1i\/cu\u1ed9n, 4 cu\u1ed9n\/th\u00f9ng<\/div>\n<\/td>\n<\/tr>\n<tr>\n<td colspan=\"1\" rowspan=\"1\">\n<div class=\"magic-11\">N\u01a1i xu\u1ea5t x\u1ee9<\/div>\n<\/td>\n<td colspan=\"1\" rowspan=\"1\">\n<div class=\"magic-12\">Th\u00e0nh \u0110\u00f4, Trung Qu\u1ed1c<\/div>\n<\/td>\n<\/tr>\n<tr>\n<td colspan=\"1\" rowspan=\"4\">\n<div class=\"magic-11\">\u1ee8ng d\u1ee5ng\/Gi\u1ea3i ph\u00e1p<\/div>\n<\/td>\n<td colspan=\"1\" rowspan=\"1\">\n<div class=\"magic-12\">Ki\u1ec3m so\u00e1t nh\u1eadp h\u1ecdc an to\u00e0n\/Thanh to\u00e1n kh\u00f4ng d\u00f9ng ti\u1ec1n m\u1eb7t Ch\u01b0\u01a1ng tr\u00ecnh th\u00e0nh vi\u00ean v\u00e0 kh\u00e1ch h\u00e0ng th\u00e2n thi\u1ebft<\/div>\n<\/td>\n<\/tr>\n<tr>\n<td colspan=\"1\" rowspan=\"1\">\n<div class=\"magic-12\" data-spm-anchor-id=\"a2700.details.0.i80.59c943e8HVzkHD\">Ti\u1ebfp c\u1eadn s\u1ef1 ki\u1ec7n v\u00e0 x\u00e2y d\u1ef1ng th\u01b0\u01a1ng hi\u1ec7u\/Truy\u1ec1n th\u00f4ng x\u00e3 h\u1ed9i\/B\u00e1n l\u1ebb<\/div>\n<\/td>\n<\/tr>\n<tr>\n<td colspan=\"1\" rowspan=\"1\">\n<div class=\"magic-12\">M\u00f4i tr\u01b0\u1eddng\/Tr\u00f2 ch\u01a1i &amp; \u0110\u1ed3 ch\u01a1i \u0110\u1ecba \u0111i\u1ec3m\/\u0110i\u1ec7n t\u1eed\/Tri\u1ec3n l\u00e3m th\u01b0\u01a1ng m\u1ea1i<\/div>\n<\/td>\n<\/tr>\n<tr>\n<td colspan=\"1\" rowspan=\"1\">\n<div class=\"magic-12\">S\u1ef1 ki\u1ec7n\/Y\u00eau c\u1ea7u g\u1ecdi \u0111i\u1ec7n\/Danh thi\u1ebfp<\/div>\n<\/td>\n<\/tr>\n<\/tbody>\n<\/table>\n<p>&nbsp;<\/p>\n<\/div>\n<\/div>\n<div class=\"J_module\">\n<div class=\"auto-hide-last-sibling-br paragraph_9dc5f paragraph-element\">\n<p><strong>\u1ee8ng d\u1ee5ng c\u1ee7a mi\u1ebfng d\u00e1n k\u00ednh ch\u1eafn gi\u00f3 RFID bao g\u1ed3m:<\/strong><\/p>\n<ol>\n<li><strong>Ki\u1ec3m so\u00e1t ra v\u00e0o xe<\/strong>: Nh\u00e3n d\u00e1n k\u00ednh ch\u1eafn gi\u00f3 RFID c\u00f3 th\u1ec3 \u0111\u01b0\u1ee3c s\u1eed d\u1ee5ng \u0111\u1ec3 t\u1ef1 \u0111\u1ed9ng ra v\u00e0o t\u1ea1i c\u00e1c b\u00e3i \u0111\u1ed7 xe, khu d\u00e2n c\u01b0 c\u00f3 c\u1ed5ng, tr\u1ea1m thu ph\u00ed v\u00e0 c\u00e1c khu v\u1ef1c ki\u1ec3m so\u00e1t ra v\u00e0o kh\u00e1c.<\/li>\n<li><strong>Theo d\u00f5i xe<\/strong>: Nh\u00e3n d\u00e1n k\u00ednh ch\u1eafn gi\u00f3 RFID c\u00f3 th\u1ec3 \u0111\u01b0\u1ee3c s\u1eed d\u1ee5ng \u0111\u1ec3 theo d\u00f5i v\u00e0 qu\u1ea3n l\u00fd xe c\u1ed9 trong m\u1ed9t c\u01a1 s\u1edf, ch\u1eb3ng h\u1ea1n nh\u01b0 t\u1ea1i c\u00e1c \u0111\u1ea1i l\u00fd cho thu\u00ea xe h\u01a1i ho\u1eb7c b\u00e3i \u0111\u1ed7 xe.<\/li>\n<li><strong>Thu ph\u00ed \u0111i\u1ec7n t\u1eed<\/strong>: Nh\u00e3n d\u00e1n k\u00ednh ch\u1eafn gi\u00f3 RFID c\u00f3 th\u1ec3 \u0111\u01b0\u1ee3c s\u1eed d\u1ee5ng cho h\u1ec7 th\u1ed1ng thu ph\u00ed \u0111i\u1ec7n t\u1eed, cho ph\u00e9p xe \u0111i qua tr\u1ea1m thu ph\u00ed m\u1ed9t c\u00e1ch nhanh ch\u00f3ng v\u00e0 hi\u1ec7u qu\u1ea3 m\u00e0 kh\u00f4ng c\u1ea7n ph\u1ea3i d\u1eebng l\u1ea1i v\u00e0 tr\u1ea3 ti\u1ec1n m\u1eb7t.<\/li>\n<li><strong>Qu\u1ea3n l\u00fd \u0111\u1ed9i xe<\/strong>:Nh\u00e3n d\u00e1n k\u00ednh ch\u1eafn gi\u00f3 RFID c\u00f3 th\u1ec3 \u0111\u01b0\u1ee3c s\u1eed d\u1ee5ng \u0111\u1ec3 theo d\u00f5i v\u00e0 qu\u1ea3n l\u00fd \u0111\u1ed9i xe, cho ph\u00e9p c\u00e1c c\u00f4ng ty gi\u00e1m s\u00e1t v\u00e0 t\u1ed1i \u01b0u h\u00f3a ho\u1ea1t \u0111\u1ed9ng c\u1ee7a m\u00ecnh.<\/li>\n<li><strong>Qu\u1ea3n l\u00fd b\u00e3i \u0111\u1eadu xe<\/strong>: Nh\u00e3n d\u00e1n k\u00ednh ch\u1eafn gi\u00f3 RFID c\u00f3 th\u1ec3 \u0111\u01b0\u1ee3c s\u1eed d\u1ee5ng \u0111\u1ec3 theo d\u00f5i v\u00e0 qu\u1ea3n l\u00fd ch\u1ed7 \u0111\u1ed7 xe trong b\u00e3i \u0111\u1ed7 xe ho\u1eb7c c\u00e1c c\u00f4ng tr\u00ecnh, cung c\u1ea5p th\u00f4ng tin th\u1eddi gian th\u1ef1c v\u1ec1 c\u00e1c ch\u1ed7 \u0111\u1ed7 xe c\u00f2n tr\u1ed1ng.<\/li>\n<li><strong>Nh\u1eadn d\u1ea1ng xe<\/strong>: Nh\u00e3n d\u00e1n k\u00ednh ch\u1eafn gi\u00f3 RFID c\u00f3 th\u1ec3 \u0111\u01b0\u1ee3c s\u1eed d\u1ee5ng \u0111\u1ec3 nh\u1eadn d\u1ea1ng xe trong c\u00e1c s\u1ef1 ki\u1ec7n, cu\u1ed9c \u0111ua ho\u1eb7c c\u00e1c t\u00ecnh hu\u1ed1ng kh\u00e1c c\u1ea7n nh\u1eadn d\u1ea1ng nhanh ch\u00f3ng v\u00e0 ch\u00ednh x\u00e1c.<\/li>\n<\/ol>\n<p>Nh\u00ecn chung, nh\u00e3n d\u00e1n k\u00ednh ch\u1eafn gi\u00f3 RFID mang \u0111\u1ebfn gi\u1ea3i ph\u00e1p ti\u1ec7n l\u1ee3i v\u00e0 hi\u1ec7u qu\u1ea3 \u0111\u1ec3 theo d\u00f5i v\u00e0 qu\u1ea3n l\u00fd xe trong nhi\u1ec1u \u1ee9ng d\u1ee5ng kh\u00e1c nhau, t\u0103ng c\u01b0\u1eddng t\u00ednh b\u1ea3o m\u1eadt, ti\u1ec7n l\u1ee3i v\u00e0 t\u1ef1 \u0111\u1ed9ng h\u00f3a trong c\u00e1c quy tr\u00ecnh li\u00ean quan \u0111\u1ebfn xe.<\/p>\n<\/div>\n<div><\/div>\n<div class=\"auto-hide-last-sibling-br paragraph_9dc5f paragraph-element\"><\/div>\n<div><\/div>\n<\/div>\n<div><\/div>\n<div><strong>T\u1ea1i sao ch\u1ecdn ch\u00fang t\u00f4i?<\/strong><\/div>\n<div><\/div>\n<div>Ch\u00fang t\u00f4i l\u00e0 nh\u00e0 cung c\u1ea5p c\u00f4ng ngh\u1ec7 RFID h\u00e0ng \u0111\u1ea7u v\u1edbi h\u01a1n 11 n\u0103m kinh nghi\u1ec7m, mang l\u1ea1i hi\u1ec7u qu\u1ea3, \u0111\u1ed9 tin c\u1eady v\u00e0 \u0111\u1ed9 ch\u00ednh x\u00e1c ti\u00ean ti\u1ebfn cho chu\u1ed7i cung \u1ee9ng to\u00e0n c\u1ea7u c\u1ee7a kh\u00e1ch h\u00e0ng v\u1edbi c\u00e1c s\u1ea3n ph\u1ea9m, gi\u1ea3i ph\u00e1p v\u00e0 c\u00f4ng ngh\u1ec7 h\u00e0ng \u0111\u1ea7u trong ng\u00e0nh. L\u00e0 m\u1ed9t nh\u00e0 s\u1ea3n xu\u1ea5t \u1edf C\u1ea5p \u0111\u1ed9 To\u00e0n c\u1ea7u, ch\u00fang t\u00f4i cung c\u1ea5p cho kh\u00e1ch h\u00e0ng m\u1ed9t n\u1ec1n t\u1ea3ng c\u00f4ng ngh\u1ec7 n\u1ec1n t\u1ea3ng, bao g\u1ed3m ki\u1ec3m so\u00e1t truy c\u1eadp, g\u1eafn th\u1ebb \u0111\u1ed9ng v\u1eadt, giao ti\u1ebfp tr\u01b0\u1eddng g\u1ea7n (NFC), nhi\u1ec1u \u0111\u1ea7u \u0111\u1ecdc RFID v\u00e0 gi\u1ea3i ph\u00e1p kh\u00e1c nhau. C\u00e1c gi\u1ea3i ph\u00e1p c\u1ee7a ch\u00fang t\u00f4i c\u00f3 c\u00e1c khu\u00f4n kh\u1ed5 \u1ee9ng d\u1ee5ng c\u00f3 th\u1ec3 c\u1ea5u h\u00ecnh cao v\u00e0 giao di\u1ec7n ng\u01b0\u1eddi d\u00f9ng thanh l\u1ecbch v\u1edbi c\u00e1c ph\u00e2n t\u00edch n\u00e2ng cao, cho ph\u00e9p tr\u00ed tu\u1ec7 kinh doanh \u0111\u1ea7u cu\u1ed1i v\u00e0 kh\u1ea3 n\u0103ng hi\u1ec3n th\u1ecb d\u1eef li\u1ec7u tr\u00ean nhi\u1ec1u ng\u00e0nh c\u00f4ng nghi\u1ec7p.<\/div>","protected":false},"excerpt":{"rendered":"<p>Nh\u00e3n d\u00e1n k\u00ednh ch\u1eafn gi\u00f3 RFID l\u00e0 th\u1ebb RFID \u0111\u01b0\u1ee3c thi\u1ebft k\u1ebf \u0111\u1ec3 d\u00e1n v\u00e0o k\u00ednh ch\u1eafn gi\u00f3 c\u1ee7a xe nh\u1eb1m m\u1ee5c \u0111\u00edch theo d\u00f5i v\u00e0 nh\u1eadn d\u1ea1ng kh\u00e1c nhau.<\/p>","protected":false},"featured_media":357,"template":"","meta":{"_kad_post_transparent":"default","_kad_post_title":"","_kad_post_layout":"default","_kad_post_sidebar_id":"","_kad_post_content_style":"default","_kad_post_vertical_padding":"default","_kad_post_feature":"","_kad_post_feature_position":"","_kad_post_header":false,"_kad_post_footer":false,"_kad_post_classname":""},"product_brand":[],"product_cat":[54],"product_tag":[157,98],"class_list":{"0":"post-356","1":"product","2":"type-product","3":"status-publish","4":"has-post-thumbnail","6":"product_cat-hot-selling-rfid-tags","7":"product_tag-rfid-windshield-sticker-for-vehicle-tracking","8":"product_tag-uhf-rfid-label","10":"first","11":"instock","12":"shipping-taxable","13":"product-type-simple","14":"entry","15":"content-bg","16":"loop-entry"},"_links":{"self":[{"href":"https:\/\/rfid-laundry-tag.com\/vi\/wp-json\/wp\/v2\/product\/356","targetHints":{"allow":["GET"]}}],"collection":[{"href":"https:\/\/rfid-laundry-tag.com\/vi\/wp-json\/wp\/v2\/product"}],"about":[{"href":"https:\/\/rfid-laundry-tag.com\/vi\/wp-json\/wp\/v2\/types\/product"}],"version-history":[{"count":1,"href":"https:\/\/rfid-laundry-tag.com\/vi\/wp-json\/wp\/v2\/product\/356\/revisions"}],"predecessor-version":[{"id":1306,"href":"https:\/\/rfid-laundry-tag.com\/vi\/wp-json\/wp\/v2\/product\/356\/revisions\/1306"}],"wp:featuredmedia":[{"embeddable":true,"href":"https:\/\/rfid-laundry-tag.com\/vi\/wp-json\/wp\/v2\/media\/357"}],"wp:attachment":[{"href":"https:\/\/rfid-laundry-tag.com\/vi\/wp-json\/wp\/v2\/media?parent=356"}],"wp:term":[{"taxonomy":"product_brand","embeddable":true,"href":"https:\/\/rfid-laundry-tag.com\/vi\/wp-json\/wp\/v2\/product_brand?post=356"},{"taxonomy":"product_cat","embeddable":true,"href":"https:\/\/rfid-laundry-tag.com\/vi\/wp-json\/wp\/v2\/product_cat?post=356"},{"taxonomy":"product_tag","embeddable":true,"href":"https:\/\/rfid-laundry-tag.com\/vi\/wp-json\/wp\/v2\/product_tag?post=356"}],"curies":[{"name":"wp","href":"https:\/\/api.w.org\/{rel}","templated":true}]}}