{"id":352,"date":"2024-06-28T10:26:38","date_gmt":"2024-06-28T10:26:38","guid":{"rendered":"https:\/\/rfid-laundry-tag.com\/?post_type=product&#038;p=352"},"modified":"2024-06-28T10:52:24","modified_gmt":"2024-06-28T10:52:24","slug":"custom-paper-nfc-sticker-ntag213","status":"publish","type":"product","link":"https:\/\/rfid-laundry-tag.com\/vi\/custom-paper-nfc-sticker-ntag213\/","title":{"rendered":"Nh\u00e3n d\u00e1n NFC gi\u1ea5y t\u00f9y ch\u1ec9nh Ntag213"},"content":{"rendered":"<div>\n<div><strong>Nh\u00e3n d\u00e1n NFC v\u1edbi NXP NTAG213<\/strong> Chip \u0111\u01b0\u1ee3c \u01b0a chu\u1ed9ng cho nhi\u1ec1u \u1ee9ng d\u1ee5ng kh\u00e1c nhau nh\u01b0 ti\u1ebfp th\u1ecb, ki\u1ec3m so\u00e1t truy c\u1eadp v\u00e0 x\u00e1c th\u1ef1c s\u1ea3n ph\u1ea9m. C\u00e1c t\u00f9y ch\u1ecdn t\u00f9y ch\u1ec9nh v\u1ec1 ho\u00e0n thi\u1ec7n, h\u00ecnh d\u1ea1ng, k\u00edch th\u01b0\u1edbc v\u00e0 in \u1ea5n gi\u00fap ch\u00fang linh ho\u1ea1t cho c\u00e1c nhu c\u1ea7u kh\u00e1c nhau.<\/div>\n<\/div>\n<div>Chip v\u00e0 \u0103ng-ten h\u01b0\u1edbng l\u00ean tr\u00ean d\u01b0\u1edbi m\u1ed9t l\u1edbp b\u1ec1 m\u1eb7t b\u1eb1ng gi\u1ea5y tr\u1eafng ho\u1eb7c nh\u1ef1a ch\u1ed1ng th\u1ea5m n\u01b0\u1edbc \u0111\u1ec3 t\u0103ng th\u00eam \u0111\u1ed9 b\u1ec1n v\u00e0 kh\u1ea3 n\u0103ng ch\u1ed1ng ch\u1ecbu khi ti\u1ebfp x\u00fac v\u1edbi n\u01b0\u1edbc trong th\u1eddi gian ng\u1eafn. Nh\u00e3n d\u00e1n NFC c\u00f3 nhi\u1ec1u l\u1edbp keo d\u00e1n \u1edf m\u1eb7t sau \u0111\u1ec3 g\u1eafn tr\u00ean b\u1ec1 m\u1eb7t ph\u1eb3ng kh\u00f4ng ph\u1ea3i kim lo\u1ea1i.<\/div>\n<div>\n<div><\/div>\n<div><\/div>\n<div class=\"auto-hide-last-sibling-br paragraph_9dc5f paragraph-element\">Chip NTAG213 mang l\u1ea1i nhi\u1ec1u l\u1ee3i th\u1ebf nh\u01b0:<\/div>\n<ul class=\"auto-hide-last-sibling-br\">\n<li>Truy\u1ec1n d\u1eef li\u1ec7u v\u00e0 n\u0103ng l\u01b0\u1ee3ng kh\u00f4ng ti\u1ebfp x\u00fac<\/li>\n<li>Kh\u1ea3 n\u0103ng \u0111\u1ecdc nhanh<\/li>\n<li>Hi\u1ec7u su\u1ea5t RF \u0111\u01b0\u1ee3c c\u1ea3i thi\u1ec7n<\/li>\n<li>C\u00e1c t\u00ednh n\u0103ng b\u1ea3o m\u1eadt, bao g\u1ed3m b\u1ea3o v\u1ec7 b\u1eb1ng m\u1eadt kh\u1ea9u v\u00e0 ch\u1ee9c n\u0103ng ch\u1ed1ng va ch\u1ea1m<\/li>\n<li>Tu\u00e2n th\u1ee7 \u0111\u1ea7y \u0111\u1ee7 c\u00e1c th\u00f4ng s\u1ed1 k\u1ef9 thu\u1eadt c\u1ee7a NFC Forum Tag Type 2<\/li>\n<\/ul>\n<\/div>\n<div>\n<table class=\"all magic-9\">\n<tbody>\n<tr>\n<td colspan=\"1\" rowspan=\"1\">\n<div class=\"magic-10\">V\u1eadt li\u1ec7u<\/div>\n<\/td>\n<td colspan=\"1\" rowspan=\"1\">\n<div class=\"magic-11\" data-spm-anchor-id=\"a2700.details.0.i85.504d267eS1Hb6u\">PET, PVC, gi\u1ea5y tr\u00e1ng ph\u1ee7, v.v.<\/div>\n<\/td>\n<\/tr>\n<tr>\n<td colspan=\"1\" rowspan=\"1\">\n<div class=\"magic-10\">Chip<\/div>\n<\/td>\n<td colspan=\"1\" rowspan=\"1\">\n<div class=\"magic-11\">Ntag213\/Ntag215\/Ntag216 v.v.<\/div>\n<\/td>\n<\/tr>\n<tr>\n<td colspan=\"1\" rowspan=\"1\">\n<div class=\"magic-10\">T\u00ednh th\u01b0\u1eddng xuy\u00ean<\/div>\n<\/td>\n<td colspan=\"1\" rowspan=\"1\">\n<div class=\"magic-11\">13,56MHz<\/div>\n<\/td>\n<\/tr>\n<tr>\n<td colspan=\"1\" rowspan=\"1\">\n<div class=\"magic-10\">Giao th\u1ee9c<\/div>\n<\/td>\n<td colspan=\"1\" rowspan=\"1\">\n<div class=\"magic-11\">Ti\u00eau chu\u1ea9n ISO14443A<\/div>\n<\/td>\n<\/tr>\n<tr>\n<td colspan=\"1\" rowspan=\"1\">\n<div class=\"magic-10\">K\u00edch c\u1ee1<\/div>\n<\/td>\n<td colspan=\"1\" rowspan=\"1\">\n<div class=\"magic-11\">\u0110\u01b0\u1eddng k\u00ednh 25, 30, 35mm ho\u1eb7c k\u00edch th\u01b0\u1edbc t\u00f9y ch\u1ec9nh<\/div>\n<\/td>\n<\/tr>\n<tr>\n<td colspan=\"1\" rowspan=\"1\">\n<div class=\"magic-10\">T\u00ednh n\u0103ng<\/div>\n<\/td>\n<td colspan=\"1\" rowspan=\"1\">\n<div class=\"magic-11\">Ch\u1ed1ng th\u1ea5m n\u01b0\u1edbc, ch\u1ecbu l\u1ef1c cao, in t\u00f9y ch\u1ec9nh<\/div>\n<\/td>\n<\/tr>\n<tr>\n<td colspan=\"1\" rowspan=\"1\">\n<div class=\"magic-10\">V\u1eadt m\u1eabu<\/div>\n<\/td>\n<td colspan=\"1\" rowspan=\"1\">\n<div class=\"magic-11\">mi\u1ec5n ph\u00ed c\u00f3 s\u1eb5n<\/div>\n<\/td>\n<\/tr>\n<tr>\n<td colspan=\"1\" rowspan=\"1\">\n<div class=\"magic-10\">Kho\u1ea3ng c\u00e1ch \u0111\u1ecdc<\/div>\n<\/td>\n<td colspan=\"1\" rowspan=\"1\">\n<div class=\"magic-11\" data-spm-anchor-id=\"a2700.details.0.i84.504d267eS1Hb6u\">0-10cm<\/div>\n<\/td>\n<\/tr>\n<\/tbody>\n<\/table>\n<\/div>\n<div><\/div>\n<div>\n<p>m\u1ed9t s\u1ed1 c\u00e2u h\u1ecfi th\u01b0\u1eddng g\u1eb7p v\u1ec1 nh\u00e3n d\u00e1n NFC gi\u1ea5y t\u00f9y ch\u1ec9nh s\u1eed d\u1ee5ng c\u00f4ng ngh\u1ec7 Ntag213:<\/p>\n<ol>\n<li>Nh\u00e3n d\u00e1n NFC l\u00e0 g\u00ec?\n<ul>\n<li>Nh\u00e3n d\u00e1n NFC l\u00e0 m\u1ed9t th\u1ebb d\u00ednh nh\u1ecf c\u00f3 ch\u1ee9a chip NFC (Giao ti\u1ebfp tr\u01b0\u1eddng g\u1ea7n), ch\u1eb3ng h\u1ea1n nh\u01b0 NXP NTAG213, \u0111\u01b0\u1ee3c nh\u00fang b\u00ean trong. Nh\u1eefng nh\u00e3n d\u00e1n n\u00e0y c\u00f3 th\u1ec3 \u0111\u01b0\u1ee3c qu\u00e9t b\u1eb1ng c\u00e1c thi\u1ebft b\u1ecb h\u1ed7 tr\u1ee3 NFC \u0111\u1ec3 k\u00edch ho\u1ea1t nhi\u1ec1u h\u00e0nh \u0111\u1ed9ng kh\u00e1c nhau ho\u1eb7c truy\u1ec1n th\u00f4ng tin.<\/li>\n<\/ul>\n<\/li>\n<li>C\u00f3 th\u1ec3 s\u1eed d\u1ee5ng nh\u00e3n d\u00e1n NFC gi\u1ea5y t\u00f9y ch\u1ec9nh nh\u01b0 th\u1ebf n\u00e0o?\n<ul>\n<li>Nh\u00e3n d\u00e1n NFC gi\u1ea5y t\u00f9y ch\u1ec9nh c\u00f3 th\u1ec3 \u0111\u01b0\u1ee3c s\u1eed d\u1ee5ng cho nhi\u1ec1u m\u1ee5c \u0111\u00edch kh\u00e1c nhau, bao g\u1ed3m qu\u1ea3n l\u00fd theo d\u00f5i, ki\u1ec3m so\u00e1t ra v\u00e0o t\u1ea1i c\u00e1c c\u01a1 s\u1edf nh\u01b0 nh\u00e0 m\u00e1y, kho h\u00e0ng, kh\u00e1ch s\u1ea1n, b\u1ec7nh vi\u1ec7n v\u00e0 c\u00f4ng vi\u00ean gi\u1ea3i tr\u00ed, \u1ee9ng d\u1ee5ng b\u00e1n l\u1ebb, qu\u1ea3ng c\u00e1o, x\u00e1c th\u1ef1c s\u1ea3n ph\u1ea9m v\u00e0 v\u00e9 \u0111i\u1ec7n t\u1eed.<\/li>\n<\/ul>\n<\/li>\n<li>C\u00f3 nh\u1eefng t\u00f9y ch\u1ecdn t\u00f9y ch\u1ec9nh n\u00e0o d\u00e0nh cho nh\u00e3n d\u00e1n NFC gi\u1ea5y?\n<ul>\n<li>Nh\u00e3n d\u00e1n NFC gi\u1ea5y t\u00f9y ch\u1ec9nh c\u00f3 th\u1ec3 \u0111\u01b0\u1ee3c in v\u1edbi l\u1ef1a ch\u1ecdn ho\u00e0n thi\u1ec7n b\u00f3ng ho\u1eb7c m\u1edd, v\u1edbi nhi\u1ec1u h\u00ecnh d\u1ea1ng v\u00e0 k\u00edch th\u01b0\u1edbc kh\u00e1c nhau. Ch\u00fang c\u00f3 th\u1ec3 bao g\u1ed3m logo, ch\u1eef c\u00e1i, s\u1ed1 v\u00e0 m\u00e3 v\u1ea1ch \u1edf m\u00e0u CMYK v\u00e0 \u0111en. Ngo\u00e0i ra, m\u1ed9t l\u1edbp keo d\u00e1n \u1edf m\u1eb7t sau cho ph\u00e9p d\u1ec5 d\u00e0ng g\u1eafn tr\u00ean b\u1ec1 m\u1eb7t ph\u1eb3ng kh\u00f4ng ph\u1ea3i kim lo\u1ea1i.<\/li>\n<\/ul>\n<\/li>\n<li>Nh\u00e3n d\u00e1n NFC b\u1eb1ng gi\u1ea5y c\u00f3 b\u1ec1n kh\u00f4ng?\n<ul>\n<li>Nh\u00e3n d\u00e1n NFC gi\u1ea5y c\u00f3 chip Ntag213 \u0111\u01b0\u1ee3c thi\u1ebft k\u1ebf v\u1edbi l\u1edbp b\u1ea3o v\u1ec7 bao ph\u1ee7 chip NFC v\u00e0 \u0103ng-ten, mang l\u1ea1i \u0111\u1ed9 b\u1ec1n cao h\u01a1n v\u00e0 kh\u1ea3 n\u0103ng ch\u1ed1ng n\u01b0\u1edbc trong th\u1eddi gian ng\u1eafn. C\u00e1c t\u00f9y ch\u1ecdn nh\u1ef1a ch\u1ed1ng th\u1ea5m n\u01b0\u1edbc c\u0169ng c\u00f3 s\u1eb5n \u0111\u1ec3 t\u0103ng \u0111\u1ed9 b\u1ec1n.<\/li>\n<\/ul>\n<\/li>\n<li>L\u1ee3i \u00edch c\u1ee7a vi\u1ec7c s\u1eed d\u1ee5ng c\u00f4ng ngh\u1ec7 NFC trong nh\u00e3n d\u00e1n l\u00e0 g\u00ec?\n<ul>\n<li>S\u1eed d\u1ee5ng c\u00f4ng ngh\u1ec7 NFC trong nh\u00e3n d\u00e1n cho ph\u00e9p t\u01b0\u01a1ng t\u00e1c thu\u1eadn ti\u1ec7n v\u00e0 kh\u00f4ng ti\u1ebfp x\u00fac v\u1edbi c\u00e1c thi\u1ebft b\u1ecb h\u1ed7 tr\u1ee3 NFC. \u0110i\u1ec1u n\u00e0y cho ph\u00e9p chia s\u1ebb th\u00f4ng tin, x\u00e1c th\u1ef1c ho\u1eb7c k\u00edch ho\u1ea1t h\u00e0nh \u0111\u1ed9ng nhanh ch\u00f3ng v\u00e0 d\u1ec5 d\u00e0ng m\u00e0 kh\u00f4ng c\u1ea7n ti\u1ebfp x\u00fac v\u1eadt l\u00fd gi\u1eefa c\u00e1c thi\u1ebft b\u1ecb.<\/li>\n<\/ul>\n<\/li>\n<\/ol>\n<\/div>\n<div class=\"text-content\">\n<div data-spm-anchor-id=\"a2700.details.0.i46.6f4d7d7dnursE7\"><\/div>\n<\/div>\n<div>\n<div class=\"text-content\">\n<div><\/div>\n<div data-spm-anchor-id=\"a2700.details.0.i48.6f4d7d7dnursE7\"><\/div>\n<\/div>\n<\/div>","protected":false},"excerpt":{"rendered":"<p><strong>Nh\u00e3n d\u00e1n NFC gi\u1ea5y t\u00f9y ch\u1ec9nh Ntag213<\/strong> l\u00e0 m\u1ed9t lo\u1ea1i IC c\u1ee5 th\u1ec3 tu\u00e2n th\u1ee7 Th\u1ebb NFC Forum Type 2, c\u00f3 144 byte b\u1ed9 nh\u1edb ng\u01b0\u1eddi d\u00f9ng. N\u00f3 \u0111\u01b0\u1ee3c thi\u1ebft k\u1ebf v\u1edbi t\u00ednh linh ho\u1ea1t, ph\u00f9 h\u1ee3p v\u1edbi nhi\u1ec1u \u1ee9ng d\u1ee5ng kh\u00e1c nhau trong c\u00e1c ng\u00e0nh c\u00f4ng nghi\u1ec7p nh\u01b0 b\u00e1n l\u1ebb, tr\u00f2 ch\u01a1i v\u00e0 \u0111i\u1ec7n t\u1eed ti\u00eau d\u00f9ng, c\u00f9ng nhi\u1ec1u ng\u00e0nh kh\u00e1c.<\/p>","protected":false},"featured_media":353,"template":"","meta":{"_kad_post_transparent":"default","_kad_post_title":"","_kad_post_layout":"default","_kad_post_sidebar_id":"","_kad_post_content_style":"default","_kad_post_vertical_padding":"default","_kad_post_feature":"","_kad_post_feature_position":"","_kad_post_header":false,"_kad_post_footer":false,"_kad_post_classname":""},"product_brand":[],"product_cat":[54],"product_tag":[153,154],"class_list":{"0":"post-352","1":"product","2":"type-product","3":"status-publish","4":"has-post-thumbnail","6":"product_cat-hot-selling-rfid-tags","7":"product_tag-custom-paper-nfc-sticker-ntag213","8":"product_tag-nfc-sticker-ntag213","10":"first","11":"instock","12":"shipping-taxable","13":"product-type-simple","14":"entry","15":"content-bg","16":"loop-entry"},"_links":{"self":[{"href":"https:\/\/rfid-laundry-tag.com\/vi\/wp-json\/wp\/v2\/product\/352","targetHints":{"allow":["GET"]}}],"collection":[{"href":"https:\/\/rfid-laundry-tag.com\/vi\/wp-json\/wp\/v2\/product"}],"about":[{"href":"https:\/\/rfid-laundry-tag.com\/vi\/wp-json\/wp\/v2\/types\/product"}],"version-history":[{"count":0,"href":"https:\/\/rfid-laundry-tag.com\/vi\/wp-json\/wp\/v2\/product\/352\/revisions"}],"wp:featuredmedia":[{"embeddable":true,"href":"https:\/\/rfid-laundry-tag.com\/vi\/wp-json\/wp\/v2\/media\/353"}],"wp:attachment":[{"href":"https:\/\/rfid-laundry-tag.com\/vi\/wp-json\/wp\/v2\/media?parent=352"}],"wp:term":[{"taxonomy":"product_brand","embeddable":true,"href":"https:\/\/rfid-laundry-tag.com\/vi\/wp-json\/wp\/v2\/product_brand?post=352"},{"taxonomy":"product_cat","embeddable":true,"href":"https:\/\/rfid-laundry-tag.com\/vi\/wp-json\/wp\/v2\/product_cat?post=352"},{"taxonomy":"product_tag","embeddable":true,"href":"https:\/\/rfid-laundry-tag.com\/vi\/wp-json\/wp\/v2\/product_tag?post=352"}],"curies":[{"name":"wp","href":"https:\/\/api.w.org\/{rel}","templated":true}]}}