{"id":344,"date":"2024-06-28T09:45:28","date_gmt":"2024-06-28T09:45:28","guid":{"rendered":"https:\/\/rfid-laundry-tag.com\/?post_type=product&#038;p=344"},"modified":"2024-06-28T09:50:44","modified_gmt":"2024-06-28T09:50:44","slug":"13-56mhz-rfid-1k-token-coin-tag","status":"publish","type":"product","link":"https:\/\/rfid-laundry-tag.com\/vi\/13-56mhz-rfid-1k-token-coin-tag\/","title":{"rendered":"Th\u1ebb ti\u1ec1n xu RFID 1K 13,56Mhz"},"content":{"rendered":"<p><strong>Th\u1ebb ti\u1ec1n xu RFID 1K 13,56Mhz<\/strong><\/p>\n<p style=\"text-align: left;\">Th\u00f4ng tin ch\u00ednh: Ch\u1ed1ng b\u00e1m v\u00e2n tay v\u00e0 b\u1ec1n.<\/p>\n<p style=\"text-align: left;\">C\u00f3 th\u1ec3 t\u00f9y ch\u1ec9nh k\u00edch th\u01b0\u1edbc v\u00e0 logo.<\/p>\n<p style=\"text-align: left;\">In: m\u00e0u tr\u1eafng ho\u1eb7c t\u00f9y ch\u1ec9nh logo<\/p>\n<p style=\"text-align: left;\">K\u00edch th\u01b0\u1edbc: \u0110\u01b0\u1eddng k\u00ednh 25 mm, 30mm<\/p>\n<p style=\"text-align: left;\">S\u1ed1 l\u01b0\u1ee3ng nh\u1ecf: 1000 chi\u1ebfc<\/p>\n<p style=\"text-align: left;\">Chip: RFID 1K, v.v.<\/p>\n<p style=\"text-align: left;\">C\u00e1c t\u00ednh n\u0103ng b\u1ed5 sung: logo, s\u1ed1 s\u00ea-ri in, m\u00e3 QR, m\u00e3 v\u1ea1ch, d\u1eef li\u1ec7u thay \u0111\u1ed5i v\u00e0 s\u1ed1 s\u00ea-ri, v.v.<\/p>\n<table border=\"1\" cellspacing=\"0\" cellpadding=\"0\">\n<tbody>\n<tr>\n<td colspan=\"2\">\n<p align=\"left\">Th\u00f4ng s\u1ed1 k\u1ef9 thu\u1eadt<\/p>\n<\/td>\n<\/tr>\n<tr>\n<td>\n<p align=\"left\">Lo\u1ea1i nh\u00e3n\/chip<\/p>\n<\/td>\n<td>\n<p align=\"left\">RFID 1K<\/p>\n<\/td>\n<\/tr>\n<tr>\n<td>\n<p align=\"left\">T\u1ea7n s\u1ed1 ho\u1ea1t \u0111\u1ed9ng<\/p>\n<\/td>\n<td>\n<p align=\"left\">13,56MHz<\/p>\n<\/td>\n<\/tr>\n<tr>\n<td>\n<p align=\"left\">Ph\u1ea1m vi \u0111\u1ecdc \u0111\u00e3 th\u1eed nghi\u1ec7m<\/p>\n<\/td>\n<td>\n<p align=\"left\">0 \u2013 100 mm t\u00f9y thu\u1ed9c v\u00e0o c\u00f4ng su\u1ea5t cung c\u1ea5p b\u1edfi \u0111\u1ea7u \u0111\u1ecdc<\/p>\n<\/td>\n<\/tr>\n<tr>\n<td>\n<p align=\"left\">Ph\u00e1t hi\u1ec7n \u0111a d\u1ea1ng<\/p>\n<\/td>\n<td>\n<p align=\"left\">\u0110\u00fang<\/p>\n<\/td>\n<\/tr>\n<tr>\n<td>\n<p align=\"left\">K\u00edch c\u1ee1<\/p>\n<\/td>\n<td>\u0110\u01b0\u1eddng k\u00ednh 25mm, \u0110\u01b0\u1eddng k\u00ednh 30mm, v.v.<\/td>\n<\/tr>\n<tr>\n<td>\n<p align=\"left\">V\u1eadt li\u1ec7u<\/p>\n<\/td>\n<td>\n<p align=\"left\">PVC \/ PET \/ \u0102ng ten, v.v.<\/p>\n<\/td>\n<\/tr>\n<tr>\n<td>\n<p align=\"left\">Giao th\u1ee9c:<\/p>\n<\/td>\n<td>\n<p align=\"left\">Ti\u00eau chu\u1ea9n ISO14443A<\/p>\n<\/td>\n<\/tr>\n<tr>\n<td>\n<p align=\"left\">Th\u00f4ng s\u1ed1 k\u1ef9 thu\u1eadt m\u00f4i tr\u01b0\u1eddng<\/p>\n<\/td>\n<td>\n<p align=\"left\">Th\u1eddi h\u1ea1n s\u1eed d\u1ee5ng 5 n\u0103m<\/p>\n<p align=\"left\">Khuy\u1ebfn ngh\u1ecb: -25C \u0111\u1ebfn +50C<\/p>\n<p align=\"left\">\u0110i\u1ec1u ki\u1ec7n l\u01b0u tr\u1eef: 20% \u0111\u1ebfn 90%RH<\/p>\n<p align=\"left\">Nhi\u1ec7t \u0111\u1ed9 ho\u1ea1t \u0111\u1ed9ng: -40C \u0111\u1ebfn +65C<\/p>\n<\/td>\n<\/tr>\n<tr>\n<td>\n<p align=\"left\">Th\u1eddi gian \u0111\u1ecdc\/ghi:<\/p>\n<\/td>\n<td>\n<p align=\"left\">100000 l\u1ea7n<\/p>\n<\/td>\n<\/tr>\n<tr>\n<td>\n<p align=\"left\">\u1ee8ng d\u1ee5ng:<\/p>\n<\/td>\n<td>\n<p align=\"left\" data-spm-anchor-id=\"a2700.wholesale.0.i54.a0d8206fLph15n\">Giao th\u00f4ng c\u00f4ng c\u1ed9ng, Qu\u1ea3n l\u00fd ra v\u00e0o, V\u00e9 \u0111i\u1ec7n t\u1eed, Qu\u1ea3n l\u00fd h\u1eadu c\u1ea7n v\u00e0 cung \u1ee9ng, S\u1ea3n xu\u1ea5t v\u00e0 l\u1eafp r\u00e1p, Nh\u00e3n k\u00ednh ch\u1eafn gi\u00f3, Theo d\u00f5i t\u00e0i li\u1ec7u, Qu\u1ea3n l\u00fd gi\u1eb7t l\u00e0, Qu\u1ea3n l\u00fd th\u01b0 vi\u1ec7n, Nh\u1eadn d\u1ea1ng \u0111\u1ed9ng v\u1eadt, v.v.<\/p>\n<\/td>\n<\/tr>\n<\/tbody>\n<\/table>\n<p>&nbsp;<\/p>\n<p>Th\u1ebb ti\u1ec1n xu RFID NFC c\u00f3 keo d\u00e1n n\u00e0y c\u00f3 v\u1ebb l\u00e0 m\u1ed9t s\u1ea3n ph\u1ea9m m\u1ea1nh m\u1ebd v\u00e0 \u0111\u00e1ng tin c\u1eady, \u0111\u1eb7c bi\u1ec7t l\u00e0 v\u1edbi c\u00e1c t\u00ednh n\u0103ng b\u1ea1n \u0111\u00e3 \u0111\u1ec1 c\u1eadp. Vi\u1ec7c k\u1ebft h\u1ee3p v\u1eadt li\u1ec7u ch\u1ed1ng kim lo\u1ea1i, keo d\u00e1n 3M v\u00e0 h\u00e0n si\u00eau \u00e2m gi\u00fap t\u0103ng c\u01b0\u1eddng hi\u1ec7u su\u1ea5t c\u1ee7a n\u00f3 tr\u00ean b\u1ec1 m\u1eb7t kim lo\u1ea1i v\u00e0 \u0111\u1ea3m b\u1ea3o kh\u1ea3 n\u0103ng ch\u1ed1ng th\u1ea5m n\u01b0\u1edbc v\u00e0 ch\u1ed1ng n\u00e9m. Vi\u1ec7c s\u1eed d\u1ee5ng cu\u1ed9n d\u00e2y \u0111\u1ed3ng nguy\u00ean ch\u1ea5t \u0111\u1ec3 \u1ed5n \u0111\u1ecbnh t\u1ea7n s\u1ed1 l\u00e0 m\u1ed9t l\u1ef1a ch\u1ecdn tuy\u1ec7t v\u1eddi v\u00ec n\u00f3 cho ph\u00e9p kho\u1ea3ng c\u00e1ch \u0111\u1ecdc th\u1ebb nh\u1ea5t qu\u00e1n ngay c\u1ea3 trong m\u00f4i tr\u01b0\u1eddng \u0111\u1ea7y th\u00e1ch th\u1ee9c. Nh\u00ecn chung, c\u00f4ng ngh\u1ec7 n\u00e0y s\u1ebd cung c\u1ea5p hi\u1ec7u su\u1ea5t \u0111\u00e1ng tin c\u1eady v\u00e0 nh\u1ea5t qu\u00e1n, khi\u1ebfn n\u00f3 ph\u00f9 h\u1ee3p v\u1edbi c\u00e1c \u0111i\u1ec1u ki\u1ec7n kh\u1eafc nghi\u1ec7t.<\/p>\n<p>&nbsp;<\/p>","protected":false},"excerpt":{"rendered":"<p>Th\u1ebb RFID 1K token coin 13,56Mhz l\u00e0 l\u1ef1a ch\u1ecdn ch\u1eafc ch\u1eafn \u0111\u1ec3 theo d\u00f5i t\u00e0i s\u1ea3n do k\u00edch th\u01b0\u1edbc nh\u1ecf, d\u1ec5 l\u1eafp \u0111\u1eb7t v\u00e0 \u0111\u1ed9 b\u1ec1n. V\u1edbi v\u1eadt li\u1ec7u PVC ho\u1eb7c v\u1eadt li\u1ec7u PET, b\u1ed9 nh\u1edb Chip l\u00e0 1K Byte.<\/p>","protected":false},"featured_media":345,"template":"","meta":{"_kad_post_transparent":"default","_kad_post_title":"","_kad_post_layout":"default","_kad_post_sidebar_id":"","_kad_post_content_style":"default","_kad_post_vertical_padding":"default","_kad_post_feature":"","_kad_post_feature_position":"","_kad_post_header":false,"_kad_post_footer":false,"_kad_post_classname":""},"product_brand":[],"product_cat":[54],"product_tag":[149,145],"class_list":{"0":"post-344","1":"product","2":"type-product","3":"status-publish","4":"has-post-thumbnail","6":"product_cat-hot-selling-rfid-tags","7":"product_tag-13-56mhz-rfid-1k-token-coin-tag","8":"product_tag-anti-metal-nfc-tag","10":"first","11":"instock","12":"shipping-taxable","13":"product-type-simple","14":"entry","15":"content-bg","16":"loop-entry"},"_links":{"self":[{"href":"https:\/\/rfid-laundry-tag.com\/vi\/wp-json\/wp\/v2\/product\/344","targetHints":{"allow":["GET"]}}],"collection":[{"href":"https:\/\/rfid-laundry-tag.com\/vi\/wp-json\/wp\/v2\/product"}],"about":[{"href":"https:\/\/rfid-laundry-tag.com\/vi\/wp-json\/wp\/v2\/types\/product"}],"version-history":[{"count":0,"href":"https:\/\/rfid-laundry-tag.com\/vi\/wp-json\/wp\/v2\/product\/344\/revisions"}],"wp:featuredmedia":[{"embeddable":true,"href":"https:\/\/rfid-laundry-tag.com\/vi\/wp-json\/wp\/v2\/media\/345"}],"wp:attachment":[{"href":"https:\/\/rfid-laundry-tag.com\/vi\/wp-json\/wp\/v2\/media?parent=344"}],"wp:term":[{"taxonomy":"product_brand","embeddable":true,"href":"https:\/\/rfid-laundry-tag.com\/vi\/wp-json\/wp\/v2\/product_brand?post=344"},{"taxonomy":"product_cat","embeddable":true,"href":"https:\/\/rfid-laundry-tag.com\/vi\/wp-json\/wp\/v2\/product_cat?post=344"},{"taxonomy":"product_tag","embeddable":true,"href":"https:\/\/rfid-laundry-tag.com\/vi\/wp-json\/wp\/v2\/product_tag?post=344"}],"curies":[{"name":"wp","href":"https:\/\/api.w.org\/{rel}","templated":true}]}}