{"id":340,"date":"2024-06-28T08:50:40","date_gmt":"2024-06-28T08:50:40","guid":{"rendered":"https:\/\/rfid-laundry-tag.com\/?post_type=product&#038;p=340"},"modified":"2024-06-28T09:38:53","modified_gmt":"2024-06-28T09:38:53","slug":"iso15693-rfid-disc-nfc-tag","status":"publish","type":"product","link":"https:\/\/rfid-laundry-tag.com\/vi\/iso15693-rfid-disc-nfc-tag\/","title":{"rendered":"Th\u1ebb NFC \u0111\u0129a RFID ISO15693"},"content":{"rendered":"<p>Th\u1ebb RFID \u0111\u0129a NFC ISO15693 \u0111\u01b0\u1ee3c thi\u1ebft k\u1ebf \u0111\u1ec3 ch\u1ecbu \u0111\u01b0\u1ee3c \u0111i\u1ec1u ki\u1ec7n ngo\u00e0i tr\u1eddi v\u00e0 cung c\u1ea5p t\u00ednh linh ho\u1ea1t v\u00e0 \u0111\u1ed9 tin c\u1eady khi \u0111\u1ecdc b\u1eb1ng c\u00e1c thi\u1ebft b\u1ecb c\u1ed1 \u0111\u1ecbnh. C\u00e1c t\u00ednh n\u0103ng bao g\u1ed3m kho\u1ea3ng c\u00e1ch \u0111\u1ecdc h\u01a1n 3cm, thi\u1ebft k\u1ebf c\u01a1 h\u1ecdc m\u1edbi \u0111\u1ec3 s\u1eed d\u1ee5ng ngo\u00e0i tr\u1eddi v\u00e0 kh\u1ea3 n\u0103ng \u0111\u1ecdc-ghi t\u1ed1c \u0111\u1ed9 cao.<\/p>\n<p>Th\u1ebb RFID \u0111\u0129a NFC ISO15693 \u0111\u01b0\u1ee3c l\u00e0m b\u1eb1ng v\u1eadt li\u1ec7u ABS, ph\u00f9 h\u1ee3p cho vi\u1ec7c qu\u1ea3n l\u00fd h\u1ec7 th\u1ed1ng tu\u1ea7n tra v\u00e0 theo d\u00f5i t\u00e0i s\u1ea3n. C\u00f4ng ngh\u1ec7 n\u00e0y c\u00f3 th\u1ec3 c\u1ea3i thi\u1ec7n \u0111\u00e1ng k\u1ec3 quy tr\u00ecnh kho b\u00e3i v\u00e0 h\u1eadu c\u1ea7n.<\/p>\n<table class=\"all magic-8\">\n<tbody>\n<tr>\n<td colspan=\"1\" rowspan=\"1\">\n<div class=\"magic-9\" data-spm-anchor-id=\"a2700.details.0.i71.50be21afmO5Aid\">Chip<\/div>\n<\/td>\n<td colspan=\"1\" rowspan=\"1\">\n<div class=\"magic-10\">ICODE SLI X (T\u00f9y ch\u1ec9nh)<\/div>\n<\/td>\n<\/tr>\n<tr>\n<td colspan=\"1\" rowspan=\"1\">\n<div class=\"magic-9\">K\u00edch th\u01b0\u1edbc<\/div>\n<\/td>\n<td colspan=\"1\" rowspan=\"1\">\n<div class=\"magic-10\" data-spm-anchor-id=\"a2700.details.0.i73.50be21afmO5Aid\">\u0110\u01b0\u1eddng k\u00ednh 25mm, 30mm, 52mm (T\u00f9y ch\u1ec9nh)<\/div>\n<\/td>\n<\/tr>\n<tr>\n<td colspan=\"1\" rowspan=\"1\">\n<div class=\"magic-9\">\u0110\u1ed9 d\u00e0y<\/div>\n<\/td>\n<td colspan=\"1\" rowspan=\"1\">\n<div class=\"magic-10\">3mm, K\u00edch th\u01b0\u1edbc l\u1ed7: \u0111\u01b0\u1eddng k\u00ednh 5mm<\/div>\n<\/td>\n<\/tr>\n<tr>\n<td colspan=\"1\" rowspan=\"1\">\n<div class=\"magic-9\">V\u1eadt li\u1ec7u<\/div>\n<\/td>\n<td colspan=\"1\" rowspan=\"1\">\n<div class=\"magic-10\">ABS<\/div>\n<\/td>\n<\/tr>\n<tr>\n<td colspan=\"1\" rowspan=\"1\">\n<div class=\"magic-9\">X\u1ebfp h\u1ea1ng IP<\/div>\n<\/td>\n<td colspan=\"1\" rowspan=\"1\">\n<div class=\"magic-10\">IP65<\/div>\n<\/td>\n<\/tr>\n<tr>\n<td colspan=\"1\" rowspan=\"1\">\n<div class=\"magic-9\">Nhi\u1ec7t \u0111\u1ed9 \u1ee9ng d\u1ee5ng<\/div>\n<\/td>\n<td colspan=\"1\" rowspan=\"1\">\n<div class=\"magic-10\">-40~80\u00b0<\/div>\n<\/td>\n<\/tr>\n<tr>\n<td colspan=\"1\" rowspan=\"1\">\n<div class=\"magic-9\">Nhi\u1ec7t \u0111\u1ed9 ho\u1ea1t \u0111\u1ed9ng<\/div>\n<\/td>\n<td colspan=\"1\" rowspan=\"1\">\n<div class=\"magic-10\" data-spm-anchor-id=\"a2700.details.0.i72.50be21afmO5Aid\">-40~70\u00b0C<\/div>\n<\/td>\n<\/tr>\n<tr>\n<td colspan=\"1\" rowspan=\"1\">\n<div class=\"magic-9\">K\u00fd \u1ee9c<\/div>\n<\/td>\n<td colspan=\"1\" rowspan=\"1\">\n<div class=\"magic-10\">1K bit (T\u00f9y thu\u1ed9c v\u00e0o chip)<\/div>\n<\/td>\n<\/tr>\n<tr>\n<td colspan=\"1\" rowspan=\"1\">\n<div class=\"magic-9\">D\u1ea3i t\u1ea7n s\u1ed1 v\u1edbi hi\u1ec7u su\u1ea5t t\u1ed1t nh\u1ea5t<\/div>\n<\/td>\n<td colspan=\"1\" rowspan=\"1\">\n<div class=\"magic-10\">13,56MHz<\/div>\n<\/td>\n<\/tr>\n<tr>\n<td colspan=\"1\" rowspan=\"1\">\n<div class=\"magic-9\">Cu\u1ed9c s\u1ed1ng IC<\/div>\n<\/td>\n<td colspan=\"1\" rowspan=\"1\">\n<div class=\"magic-10\">\u0110\u1ed9 b\u1ec1n ghi 100.000 chu k\u1ef3L\u01b0u gi\u1eef ng\u00e0y<\/div>\n<\/td>\n<\/tr>\n<\/tbody>\n<\/table>","protected":false},"excerpt":{"rendered":"<p>Th\u1ebb RFID d\u1ea1ng \u0111\u0129a NFC ISO15693 \u0111\u01b0\u1ee3c thi\u1ebft k\u1ebf \u0111\u1ec3 qu\u1ea3n l\u00fd t\u00e0i s\u1ea3n, ph\u00f9 h\u1ee3p v\u1edbi nhi\u1ec1u \u1ee9ng d\u1ee5ng kh\u00e1c nhau nh\u01b0 qu\u1ea3n l\u00fd h\u1ec7 th\u1ed1ng tu\u1ea7n tra, s\u1ea3n xu\u1ea5t, s\u1ea3n xu\u1ea5t \u00f4 t\u00f4, h\u1eadu c\u1ea7n v\u00e0 c\u00e1c b\u1ed9 ph\u1eadn c\u00f3 th\u1ec3 t\u00e1i ch\u1ebf.<\/p>","protected":false},"featured_media":342,"template":"","meta":{"_kad_post_transparent":"default","_kad_post_title":"","_kad_post_layout":"default","_kad_post_sidebar_id":"","_kad_post_content_style":"default","_kad_post_vertical_padding":"default","_kad_post_feature":"","_kad_post_feature_position":"","_kad_post_header":false,"_kad_post_footer":false,"_kad_post_classname":""},"product_brand":[],"product_cat":[54],"product_tag":[148,126],"class_list":{"0":"post-340","1":"product","2":"type-product","3":"status-publish","4":"has-post-thumbnail","6":"product_cat-hot-selling-rfid-tags","7":"product_tag-iso15693-rfid-disc-nfc-tag","8":"product_tag-rfid-patrol-disc-tag","10":"first","11":"instock","12":"shipping-taxable","13":"product-type-simple","14":"entry","15":"content-bg","16":"loop-entry"},"_links":{"self":[{"href":"https:\/\/rfid-laundry-tag.com\/vi\/wp-json\/wp\/v2\/product\/340","targetHints":{"allow":["GET"]}}],"collection":[{"href":"https:\/\/rfid-laundry-tag.com\/vi\/wp-json\/wp\/v2\/product"}],"about":[{"href":"https:\/\/rfid-laundry-tag.com\/vi\/wp-json\/wp\/v2\/types\/product"}],"version-history":[{"count":1,"href":"https:\/\/rfid-laundry-tag.com\/vi\/wp-json\/wp\/v2\/product\/340\/revisions"}],"predecessor-version":[{"id":343,"href":"https:\/\/rfid-laundry-tag.com\/vi\/wp-json\/wp\/v2\/product\/340\/revisions\/343"}],"wp:featuredmedia":[{"embeddable":true,"href":"https:\/\/rfid-laundry-tag.com\/vi\/wp-json\/wp\/v2\/media\/342"}],"wp:attachment":[{"href":"https:\/\/rfid-laundry-tag.com\/vi\/wp-json\/wp\/v2\/media?parent=340"}],"wp:term":[{"taxonomy":"product_brand","embeddable":true,"href":"https:\/\/rfid-laundry-tag.com\/vi\/wp-json\/wp\/v2\/product_brand?post=340"},{"taxonomy":"product_cat","embeddable":true,"href":"https:\/\/rfid-laundry-tag.com\/vi\/wp-json\/wp\/v2\/product_cat?post=340"},{"taxonomy":"product_tag","embeddable":true,"href":"https:\/\/rfid-laundry-tag.com\/vi\/wp-json\/wp\/v2\/product_tag?post=340"}],"curies":[{"name":"wp","href":"https:\/\/api.w.org\/{rel}","templated":true}]}}