{"id":338,"date":"2024-06-28T08:41:45","date_gmt":"2024-06-28T08:41:45","guid":{"rendered":"https:\/\/rfid-laundry-tag.com\/?post_type=product&#038;p=338"},"modified":"2024-07-16T16:20:17","modified_gmt":"2024-07-16T16:20:17","slug":"nxp-mifare-1k-rfid-nfc-inlay-sticker","status":"publish","type":"product","link":"https:\/\/rfid-laundry-tag.com\/vi\/nxp-mifare-1k-rfid-nfc-inlay-sticker\/","title":{"rendered":"Mi\u1ebfng d\u00e1n NFC RFID NXP Mifare 1k"},"content":{"rendered":"<table class=\"has-title all magic-13\">\n<tbody>\n<tr>\n<td colspan=\"1\" rowspan=\"1\">\n<div class=\"magic-14\" data-spm-anchor-id=\"a2700.details.0.i37.2ec61361oDo4aX\">T\u00ean s\u1ea3n ph\u1ea9m<\/div>\n<\/td>\n<td colspan=\"1\" rowspan=\"1\">\n<div class=\"magic-15\">Mi\u1ebfng d\u00e1n NFC RFID NXP Mifare 1k<\/div>\n<\/td>\n<\/tr>\n<tr>\n<td colspan=\"1\" rowspan=\"1\">\n<div class=\"magic-14\">Chip<\/div>\n<\/td>\n<td colspan=\"1\" rowspan=\"1\">\n<div class=\"magic-15\">MIFARE Classic\u00ae 1K<\/div>\n<\/td>\n<\/tr>\n<tr>\n<td colspan=\"1\" rowspan=\"1\">\n<div class=\"magic-14\">T\u00ednh th\u01b0\u1eddng xuy\u00ean<\/div>\n<\/td>\n<td colspan=\"1\" rowspan=\"1\">\n<div class=\"magic-15\">13,56MHz<\/div>\n<\/td>\n<\/tr>\n<tr>\n<td colspan=\"1\" rowspan=\"1\">\n<div class=\"magic-14\">Kho\u1ea3ng c\u00e1ch \u0111\u1ecdc<\/div>\n<\/td>\n<td colspan=\"1\" rowspan=\"1\">\n<div class=\"magic-15\">1-5CM<\/div>\n<\/td>\n<\/tr>\n<tr>\n<td colspan=\"1\" rowspan=\"1\">\n<div class=\"magic-14\">V\u1eadt li\u1ec7u<\/div>\n<\/td>\n<td colspan=\"1\" rowspan=\"1\">\n<div class=\"magic-15\">Gi\u1ea5y tr\u00e1ng ph\u1ee7<\/div>\n<\/td>\n<\/tr>\n<tr>\n<td colspan=\"1\" rowspan=\"1\">\n<div class=\"magic-14\">Ch\u1ea5t n\u1ec1n<\/div>\n<\/td>\n<td colspan=\"1\" rowspan=\"1\">\n<div class=\"magic-15\">TH\u00da C\u01afNG<\/div>\n<\/td>\n<\/tr>\n<tr>\n<td colspan=\"1\" rowspan=\"1\">\n<div class=\"magic-14\">\u0110\u01b0\u1eddng k\u00ednh 50 mmK\u00edch th\u01b0\u1edbc<\/div>\n<\/td>\n<td colspan=\"1\" rowspan=\"1\">\n<div class=\"magic-15\">\u0110\u01b0\u1eddng k\u00ednh 25mm ho\u1eb7c t\u00f9y ch\u1ec9nh<\/div>\n<\/td>\n<\/tr>\n<tr>\n<td colspan=\"1\" rowspan=\"1\">\n<div class=\"magic-14\">Ch\u1ebf \u0111\u1ed9 l\u00e0m vi\u1ec7c<\/div>\n<\/td>\n<td colspan=\"1\" rowspan=\"1\">\n<div class=\"magic-15\">Th\u1ee5 \u0111\u1ed9ng<\/div>\n<\/td>\n<\/tr>\n<tr>\n<td colspan=\"1\" rowspan=\"1\">\n<div class=\"magic-14\">Vi\u1ebft chu k\u1ef3<\/div>\n<\/td>\n<td colspan=\"1\" rowspan=\"1\">\n<div class=\"magic-15\">100000<\/div>\n<\/td>\n<\/tr>\n<tr>\n<td colspan=\"1\" rowspan=\"1\">\n<div class=\"magic-14\">Nhi\u1ec7t \u0111\u1ed9 ho\u1ea1t \u0111\u1ed9ng \/ \u0111\u1ed9 \u1ea9m<\/div>\n<\/td>\n<td colspan=\"1\" rowspan=\"1\">\n<div class=\"magic-15\">-40~70\u2103\/20%~90% \u0111\u1ed9 \u1ea9m t\u01b0\u01a1ng \u0111\u1ed1i<\/div>\n<\/td>\n<\/tr>\n<tr>\n<td colspan=\"1\" rowspan=\"1\">\n<div class=\"magic-14\">Nhi\u1ec7t \u0111\u1ed9 \/ \u0111\u1ed9 \u1ea9m l\u01b0u tr\u1eef<\/div>\n<\/td>\n<td colspan=\"1\" rowspan=\"1\">\n<div class=\"magic-15\">-20~50\u2103 \/ 20%~90% RH (Kh\u00f4ng ng\u01b0ng t\u1ee5).<\/div>\n<\/td>\n<\/tr>\n<tr>\n<td colspan=\"1\" rowspan=\"1\">\n<div class=\"magic-14\">M\u1eabu c\u00f3 s\u1eb5n<\/div>\n<\/td>\n<td colspan=\"1\" rowspan=\"1\">\n<div class=\"magic-15\">M\u1eabu mi\u1ec5n ph\u00ed c\u00f3 s\u1eb5n theo y\u00eau c\u1ea7u<\/div>\n<\/td>\n<\/tr>\n<tr>\n<td colspan=\"1\" rowspan=\"1\">\n<div class=\"magic-14\">Bao b\u00ec<\/div>\n<\/td>\n<td colspan=\"1\" rowspan=\"1\">\n<div class=\"magic-15\">1000-5000 c\u00e1i\/cu\u1ed9n, 4 cu\u1ed9n\/th\u00f9ng<\/div>\n<\/td>\n<\/tr>\n<tr>\n<td colspan=\"1\" rowspan=\"1\">\n<div class=\"magic-14\">\n<p>\u1ee8ng d\u1ee5ng<\/p>\n<div><\/div>\n<\/div>\n<\/td>\n<td colspan=\"1\" rowspan=\"1\">\n<div class=\"magic-15\" data-spm-anchor-id=\"a2700.details.0.i47.2ec61361oDo4aX\">Ki\u1ec3m so\u00e1t nh\u1eadp h\u1ecdc an to\u00e0n\/Thanh to\u00e1n kh\u00f4ng d\u00f9ng ti\u1ec1n m\u1eb7t Ch\u01b0\u01a1ng tr\u00ecnh th\u00e0nh vi\u00ean v\u00e0 kh\u00e1ch h\u00e0ng th\u00e2n thi\u1ebft Ti\u1ebfp c\u1eadn s\u1ef1 ki\u1ec7n v\u00e0 x\u00e2y d\u1ef1ng th\u01b0\u01a1ng hi\u1ec7u\/Truy\u1ec1n th\u00f4ng x\u00e3 h\u1ed9i\/B\u00e1n l\u1ebb<br \/>\nM\u00f4i tr\u01b0\u1eddng\/Tr\u00f2 ch\u01a1i &amp; \u0110\u1ed3 ch\u01a1i \u0110\u1ecba \u0111i\u1ec3m\/\u0110i\u1ec7n t\u1eed\/Tri\u1ec3n l\u00e3m th\u01b0\u01a1ng m\u1ea1i\/S\u1ef1 ki\u1ec7n\/Y\u00eau c\u1ea7u g\u1ecdi \u0111i\u1ec7n\/Danh thi\u1ebfp<\/div>\n<\/td>\n<\/tr>\n<\/tbody>\n<\/table>\n<p>&nbsp;<\/p>\n<p><strong>NXP<sup>\u00ae<\/sup>\u00a0\u0111\u00e3 ph\u00e1t tri\u1ec3n MIFARE<sup>\u00ae<\/sup>\u00a0MF1ICS50 \u0111\u01b0\u1ee3c s\u1eed d\u1ee5ng trong th\u1ebb th\u00f4ng minh kh\u00f4ng ti\u1ebfp x\u00fac theo ti\u00eau chu\u1ea9n ISO\/IEC 14443 Lo\u1ea1i A.<\/strong><\/p>\n<p>IC MIFARE MF1ICS50 \u0111\u01b0\u1ee3c s\u1eed d\u1ee5ng trong c\u00e1c \u1ee9ng d\u1ee5ng nh\u01b0 b\u00e1n v\u00e9 ph\u01b0\u01a1ng ti\u1ec7n giao th\u00f4ng c\u00f4ng c\u1ed9ng, n\u01a1i c\u00e1c th\u00e0nh ph\u1ed1 l\u1edbn \u0111\u00e3 \u00e1p d\u1ee5ng MIFARE l\u00e0m gi\u1ea3i ph\u00e1p b\u00e1n v\u00e9 \u0111i\u1ec7n t\u1eed \u0111\u01b0\u1ee3c l\u1ef1a ch\u1ecdn.<\/p>\n<p>Ch\u1ee9c n\u0103ng ch\u1ed1ng va ch\u1ea1m th\u00f4ng minh cho ph\u00e9p v\u1eadn h\u00e0nh nhi\u1ec1u h\u01a1n m\u1ed9t th\u1ebb c\u00f9ng l\u00fac t\u1ea1i hi\u1ec7n tr\u01b0\u1eddng. Thu\u1eadt to\u00e1n ch\u1ed1ng va ch\u1ea1m ch\u1ecdn t\u1eebng th\u1ebb ri\u00eang l\u1ebb v\u00e0 \u0111\u1ea3m b\u1ea3o th\u1ef1c hi\u1ec7n giao d\u1ecbch v\u1edbi th\u1ebb \u0111\u00e3 ch\u1ecdn \u0111\u01b0\u1ee3c th\u1ef1c hi\u1ec7n ch\u00ednh x\u00e1c m\u00e0 kh\u00f4ng l\u00e0m h\u1ecfng d\u1eef li\u1ec7u do c\u00e1c th\u1ebb kh\u00e1c t\u1ea1i hi\u1ec7n tr\u01b0\u1eddng g\u00e2y ra.<\/p>\n<p>MF1ICS50 \u0111\u01b0\u1ee3c thi\u1ebft k\u1ebf \u0111\u1ec3 t\u00edch h\u1ee3p \u0111\u01a1n gi\u1ea3n v\u00e0 thu\u1eadn ti\u1ec7n cho ng\u01b0\u1eddi d\u00f9ng. \u0110i\u1ec1u n\u00e0y c\u00f3 th\u1ec3 cho ph\u00e9p x\u1eed l\u00fd to\u00e0n b\u1ed9 c\u00e1c giao d\u1ecbch mua v\u00e9 trong v\u00f2ng ch\u01b0a \u0111\u1ea7y 100 ms. Do \u0111\u00f3, ng\u01b0\u1eddi d\u00f9ng th\u1ebb MF1ICS50 kh\u00f4ng b\u1ecb bu\u1ed9c ph\u1ea3i d\u1eebng l\u1ea1i \u1edf \u0111\u1ea7u \u0111\u1ecdc d\u1eabn \u0111\u1ebfn l\u01b0u l\u01b0\u1ee3ng cao t\u1ea1i c\u00e1c c\u1ed5ng v\u00e0 gi\u1ea3m th\u1eddi gian l\u00ean xe bu\u00fdt. Th\u1ebb d\u1ef1a tr\u00ean s\u1ea3n ph\u1ea9m MIFARE c\u0169ng c\u00f3 th\u1ec3 v\u1eabn n\u1eb1m trong v\u00ed trong su\u1ed1t giao d\u1ecbch, ngay c\u1ea3 khi c\u00f3 ti\u1ec1n xu trong \u0111\u00f3.<\/p>\n<p>M\u1ed9t s\u1ed1 c\u00e2u h\u1ecfi th\u01b0\u1eddng g\u1eb7p li\u00ean quan \u0111\u1ebfn mi\u1ebfng d\u00e1n RFID NFC NXP Mifare 1k:<\/p>\n<ol>\n<li>Mi\u1ebfng d\u00e1n RFID NFC NXP Mifare 1k l\u00e0 g\u00ec?<\/li>\n<\/ol>\n<ul>\n<li>Nh\u00e3n d\u00e1n inlay th\u01b0\u1eddng bao g\u1ed3m m\u1ed9t chip RFID\/NFC nh\u1ecf v\u00e0 \u0103ng-ten \u0111\u01b0\u1ee3c nh\u00fang trong m\u1ed9t l\u1edbp keo m\u1ecfng. NXP Mifare 1k \u0111\u1ec1 c\u1eadp \u0111\u1ebfn lo\u1ea1i chip c\u1ee5 th\u1ec3 \u0111\u01b0\u1ee3c s\u1eed d\u1ee5ng trong inlay.<\/li>\n<\/ul>\n<ol start=\"2\">\n<li>Mi\u1ebfng d\u00e1n RFID NFC NXP Mifare 1k c\u00f3 \u0111\u1eb7c \u0111i\u1ec3m g\u00ec?<\/li>\n<\/ol>\n<ul>\n<li>Chip NXP Mifare 1k th\u01b0\u1eddng \u0111\u01b0\u1ee3c s\u1eed d\u1ee5ng trong c\u00e1c \u1ee9ng d\u1ee5ng nh\u01b0 ki\u1ec3m so\u00e1t ra v\u00e0o, v\u1eadn chuy\u1ec3n v\u00e0 ch\u01b0\u01a1ng tr\u00ecnh kh\u00e1ch h\u00e0ng th\u00e2n thi\u1ebft. Chip n\u00e0y cung c\u1ea5p 1 kilobyte b\u1ed9 nh\u1edb v\u00e0 h\u1ed7 tr\u1ee3 nhi\u1ec1u ph\u01b0\u01a1ng ph\u00e1p x\u00e1c th\u1ef1c \u0111\u1ec3 l\u01b0u tr\u1eef d\u1eef li\u1ec7u an to\u00e0n.<\/li>\n<\/ul>\n<ol start=\"3\">\n<li>Nh\u00e3n d\u00e1n RFID NFC NXP Mifare 1k c\u00f3 th\u1ec3 \u0111\u01b0\u1ee3c l\u1eadp tr\u00ecnh nh\u01b0 th\u1ebf n\u00e0o?<\/li>\n<\/ol>\n<ul>\n<li>Nh\u1eefng mi\u1ebfng d\u00e1n n\u00e0y c\u00f3 th\u1ec3 \u0111\u01b0\u1ee3c l\u1eadp tr\u00ecnh b\u1eb1ng c\u00e1c thi\u1ebft b\u1ecb h\u1ed7 tr\u1ee3 NFC nh\u01b0 \u0111i\u1ec7n tho\u1ea1i th\u00f4ng minh ho\u1eb7c \u0111\u1ea7u \u0111\u1ecdc RFID\/NFC chuy\u00ean d\u1ee5ng. \u0110i\u1ec1u n\u00e0y cho ph\u00e9p t\u00f9y ch\u1ec9nh d\u1eef li\u1ec7u \u0111\u01b0\u1ee3c l\u01b0u tr\u1eef tr\u00ean chip, ch\u1eb3ng h\u1ea1n nh\u01b0 m\u00e3 \u0111\u1ecbnh danh duy nh\u1ea5t ho\u1eb7c kh\u00f3a b\u1ea3o m\u1eadt.<\/li>\n<\/ul>\n<ol start=\"4\">\n<li>Nh\u1eefng tr\u01b0\u1eddng h\u1ee3p s\u1eed d\u1ee5ng \u0111i\u1ec3n h\u00ecnh c\u1ee7a mi\u1ebfng d\u00e1n RFID NFC NXP Mifare 1k l\u00e0 g\u00ec?<\/li>\n<\/ol>\n<ul>\n<li>Nh\u1eefng mi\u1ebfng d\u00e1n kh\u1ea3m n\u00e0y th\u01b0\u1eddng \u0111\u01b0\u1ee3c s\u1eed d\u1ee5ng cho h\u1ec7 th\u1ed1ng thanh to\u00e1n kh\u00f4ng ti\u1ebfp x\u00fac, th\u1ebb ki\u1ec3m so\u00e1t ra v\u00e0o, gi\u1ea3i ph\u00e1p b\u00e1n v\u00e9 v\u00e0 theo d\u00f5i h\u00e0ng t\u1ed3n kho. Ch\u00fang linh ho\u1ea1t v\u00e0 c\u00f3 th\u1ec3 \u0111\u01b0\u1ee3c t\u00edch h\u1ee3p v\u00e0o nhi\u1ec1u \u1ee9ng d\u1ee5ng kh\u00e1c nhau y\u00eau c\u1ea7u c\u00f4ng ngh\u1ec7 RFID\/NFC.<\/li>\n<\/ul>\n<ol start=\"5\">\n<li>Mi\u1ebfng d\u00e1n RFID NFC NXP Mifare 1k c\u00f3 an to\u00e0n kh\u00f4ng?<\/li>\n<\/ol>\n<ul>\n<li>Chip NXP Mifare 1k cung c\u1ea5p c\u00e1c t\u00ednh n\u0103ng b\u1ea3o m\u1eadt t\u00edch h\u1ee3p nh\u01b0 m\u00e3 h\u00f3a v\u00e0 giao th\u1ee9c x\u00e1c th\u1ef1c \u0111\u1ec3 ng\u0103n ch\u1eb7n truy c\u1eadp tr\u00e1i ph\u00e9p v\u00e0o d\u1eef li\u1ec7u \u0111\u01b0\u1ee3c l\u01b0u tr\u1eef tr\u00ean chip. Tuy nhi\u00ean, vi\u1ec7c tri\u1ec3n khai \u0111\u00fang c\u00e1c bi\u1ec7n ph\u00e1p b\u1ea3o m\u1eadt l\u00e0 r\u1ea5t quan tr\u1ecdng \u0111\u1ec3 \u0111\u1ea3m b\u1ea3o an ninh chung c\u1ee7a h\u1ec7 th\u1ed1ng.<\/li>\n<\/ul>","protected":false},"excerpt":{"rendered":"<p>L\u1edbp ph\u1ee7 NFC v\u1edbi chip NFC MIFARE Classic EV1 1K (MF1S503yX). C\u00e1c l\u1edbp ph\u1ee7 n\u00e0y \u0111\u01b0\u1ee3c thi\u1ebft k\u1ebf m\u1ecfng v\u00e0 gi\u00e1 th\u00e0nh th\u1ea5p, v\u1edbi chip v\u00e0 \u0103ng-ten \u0111\u01b0\u1ee3c \u0111\u1eb7t \u00fap xu\u1ed1ng tr\u00ean ch\u1ea5t k\u1ebft d\u00ednh. L\u1edbp ph\u1ee7 c\u00f3 NUID 4 byte v\u00e0 \u0103ng-ten th\u01b0\u1eddng c\u00f3 th\u1ec3 ph\u00e1t hi\u1ec7n \u0111\u01b0\u1ee3c khi l\u01b0\u1edbt ng\u00f3n tay tr\u00ean b\u1ec1 m\u1eb7t.<\/p>","protected":false},"featured_media":339,"template":"","meta":{"_kad_post_transparent":"default","_kad_post_title":"","_kad_post_layout":"default","_kad_post_sidebar_id":"","_kad_post_content_style":"default","_kad_post_vertical_padding":"default","_kad_post_feature":"","_kad_post_feature_position":"","_kad_post_header":false,"_kad_post_footer":false,"_kad_post_classname":""},"product_brand":[],"product_cat":[54,189],"product_tag":[112,147],"class_list":{"0":"post-338","1":"product","2":"type-product","3":"status-publish","4":"has-post-thumbnail","6":"product_cat-hot-selling-rfid-tags","7":"product_cat-rfid-inlay","8":"product_tag-13-56mhz-rfid-inlay","9":"product_tag-nxp-mifare-1k-rfid-nfc-inlay-sticker","11":"first","12":"instock","13":"shipping-taxable","14":"product-type-simple","15":"entry","16":"content-bg","17":"loop-entry"},"_links":{"self":[{"href":"https:\/\/rfid-laundry-tag.com\/vi\/wp-json\/wp\/v2\/product\/338","targetHints":{"allow":["GET"]}}],"collection":[{"href":"https:\/\/rfid-laundry-tag.com\/vi\/wp-json\/wp\/v2\/product"}],"about":[{"href":"https:\/\/rfid-laundry-tag.com\/vi\/wp-json\/wp\/v2\/types\/product"}],"version-history":[{"count":1,"href":"https:\/\/rfid-laundry-tag.com\/vi\/wp-json\/wp\/v2\/product\/338\/revisions"}],"predecessor-version":[{"id":717,"href":"https:\/\/rfid-laundry-tag.com\/vi\/wp-json\/wp\/v2\/product\/338\/revisions\/717"}],"wp:featuredmedia":[{"embeddable":true,"href":"https:\/\/rfid-laundry-tag.com\/vi\/wp-json\/wp\/v2\/media\/339"}],"wp:attachment":[{"href":"https:\/\/rfid-laundry-tag.com\/vi\/wp-json\/wp\/v2\/media?parent=338"}],"wp:term":[{"taxonomy":"product_brand","embeddable":true,"href":"https:\/\/rfid-laundry-tag.com\/vi\/wp-json\/wp\/v2\/product_brand?post=338"},{"taxonomy":"product_cat","embeddable":true,"href":"https:\/\/rfid-laundry-tag.com\/vi\/wp-json\/wp\/v2\/product_cat?post=338"},{"taxonomy":"product_tag","embeddable":true,"href":"https:\/\/rfid-laundry-tag.com\/vi\/wp-json\/wp\/v2\/product_tag?post=338"}],"curies":[{"name":"wp","href":"https:\/\/api.w.org\/{rel}","templated":true}]}}