{"id":336,"date":"2024-06-28T08:18:30","date_gmt":"2024-06-28T08:18:30","guid":{"rendered":"https:\/\/rfid-laundry-tag.com\/?post_type=product&#038;p=336"},"modified":"2024-10-24T15:35:13","modified_gmt":"2024-10-24T15:35:13","slug":"mifare-ultralight-c-rfid-nfc-inlay","status":"publish","type":"product","link":"https:\/\/rfid-laundry-tag.com\/vi\/mifare-ultralight-c-rfid-nfc-inlay\/","title":{"rendered":"T\u1ea5m l\u00f3t NXP Mifare\u00aeUltralight C RFID NFC"},"content":{"rendered":"<div>\n<h1 class=\"auto-hide-last-sibling-br paragraph_9dc5f paragraph-element\"><strong>T\u1ea5m l\u00f3t NXP Mifare Ultralight C RFID NFC<\/strong><\/h1>\n<div><\/div>\n<\/div>\n<div class=\"text-title\"><strong><span class=\"magic-26\" style=\"font-family: Arial;\" data-spm-anchor-id=\"a2700.details.0.i47.6f4d7d7dnursE7\">Kh\u1ea3m kh\u00f4<\/span><\/strong><\/div>\n<div class=\"text-content\">\n<p><span class=\"magic-6\" style=\"font-family: Arial;\">N\u00f3i m\u1ed9t c\u00e1ch \u0111\u01a1n gi\u1ea3n, RFID dry inlay l\u00e0 s\u1ef1 k\u1ebft h\u1ee3p gi\u1eefa chip RFID v\u00e0 \u0103ng-ten. N\u00f3 c\u00f3 th\u1ec3 \u0111\u01b0\u1ee3c s\u1eed d\u1ee5ng \u0111\u1ec3 l\u00e0m nh\u00e3n d\u00e1n NFC, nh\u00e3n RFID, v\u00e9 RFID v\u00e0 nhi\u1ec1u lo\u1ea1i th\u1ebb RFID kh\u00e1c nhau. <\/span><\/p>\n<div data-spm-anchor-id=\"a2700.details.0.i46.6f4d7d7dnursE7\">\n<p><span class=\"magic-6\" style=\"font-family: Arial;\"> \u0102ng-ten c\u1ee7a inlay kh\u00f4 l\u00e0 nh\u00f4m kh\u1eafc, m\u1ecfng h\u01a1n so v\u1edbi cu\u1ed9n d\u00e2y \u0111\u1ed3ng. H\u00ecnh d\u1ea1ng c\u1ee7a \u0103ng-ten c\u00f3 th\u1ec3 \u0111\u01b0\u1ee3c t\u00f9y ch\u1ec9nh v\u00e0 thi\u1ebft k\u1ebf l\u1ea1i theo y\u00eau c\u1ea7u.<\/span><\/p>\n<p>&nbsp;<\/p>\n<\/div>\n<\/div>\n<div>\n<div class=\"text-title\"><strong><span class=\"magic-26\" style=\"font-family: Arial;\">Kh\u1ea3m \u01b0\u1edbt<\/span><\/strong><\/div>\n<div class=\"text-content\">\n<p><span class=\"magic-6\" style=\"font-family: Arial;\" data-spm-anchor-id=\"a2700.details.0.i49.6f4d7d7dnursE7\">L\u1edbp ph\u1ee7 RFID kh\u00f4 \u0111\u01b0\u1ee3c th\u00eam ch\u1ea5t k\u1ebft d\u00ednh \u0111\u01b0\u1ee3c g\u1ecdi l\u00e0 l\u1edbp ph\u1ee7 \u01b0\u1edbt. N\u00f3 c\u00f3 th\u1ec3 \u0111\u01b0\u1ee3c s\u1eed d\u1ee5ng tr\u1ef1c ti\u1ebfp nh\u01b0 nh\u00e3n RFID ho\u1eb7c nh\u00e3n d\u00e1n NFC n\u1ebfu b\u1ea1n kh\u00f4ng c\u1ea7n in tr\u00ean b\u1ec1 m\u1eb7t. Vi\u1ec7c d\u00e1n tr\u00ean c\u00e1c v\u1eadt th\u1ec3 c\u00f3 th\u1ec3 ti\u1ebft ki\u1ec7m chi ph\u00ed v\u00e0 \u0111\u1ea1t \u0111\u01b0\u1ee3c c\u00f9ng m\u1ee5c \u0111\u00edch. N\u00f3 c\u0169ng \u0111\u01b0\u1ee3c \u1ee9ng d\u1ee5ng r\u1ed9ng r\u00e3i trong vi\u1ec7c s\u1ea3n xu\u1ea5t th\u1ebb RFID. \u0102ng-ten c\u1ee7a l\u1edbp ph\u1ee7 \u01b0\u1edbt l\u00e0 l\u1edbp kh\u1eafc nh\u00f4m, m\u1ecfng h\u01a1n so v\u1edbi cu\u1ed9n d\u00e2y \u0111\u1ed3ng. H\u00ecnh d\u1ea1ng c\u1ee7a \u0103ng-ten c\u00f3 th\u1ec3 \u0111\u01b0\u1ee3c t\u00f9y ch\u1ec9nh v\u00e0 thi\u1ebft k\u1ebf l\u1ea1i theo y\u00eau c\u1ea7u.<\/span><\/p>\n<h2>T\u1ea5m l\u00f3t NXP Mifare\u00aeUltralight C RFID NFC<\/h2>\n<div><\/div>\n<div data-spm-anchor-id=\"a2700.details.0.i48.6f4d7d7dnursE7\">\n<table class=\"hight-light-first-column all magic-14\">\n<tbody>\n<tr>\n<td colspan=\"1\" rowspan=\"1\">\n<div class=\"magic-15\"><b>V\u1eadt li\u1ec7u<\/b><\/div>\n<\/td>\n<td colspan=\"1\" rowspan=\"1\">\n<div class=\"magic-16\" data-spm-anchor-id=\"a2700.details.0.i34.21f6414cWQ4Zrf\">Gi\u1ea5y\/Gi\u1ea5y nhi\u1ec7t\/V\u1ea3i\/PVC\/PET<\/div>\n<\/td>\n<\/tr>\n<tr>\n<td colspan=\"1\" rowspan=\"1\">\n<div class=\"magic-15\"><b>K\u00edch c\u1ee1<\/b><\/div>\n<\/td>\n<td colspan=\"1\" rowspan=\"1\">\n<div class=\"magic-16\">18*56mm, 25*25mm, 30*30mm, 40*40mm, \u0110\u01b0\u1eddng k\u00ednh 18mm, \u0110\u01b0\u1eddng k\u00ednh 20mm, \u0110\u01b0\u1eddng k\u00ednh 22mm, \u0110\u01b0\u1eddng k\u00ednh 25mm ho\u1eb7c k\u00edch th\u01b0\u1edbc t\u00f9y ch\u1ec9nh.<\/div>\n<\/td>\n<\/tr>\n<tr>\n<td colspan=\"1\" rowspan=\"1\">\n<div class=\"magic-15\"><b>In \u1ea5n<\/b><\/div>\n<\/td>\n<td colspan=\"1\" rowspan=\"1\">\n<div class=\"magic-16\">Kh\u00f4ng c\u1ea7n in<\/div>\n<\/td>\n<\/tr>\n<tr>\n<td colspan=\"1\" rowspan=\"1\">\n<div class=\"magic-15\"><b>Chip c\u00f3 s\u1eb5n<\/b><\/div>\n<\/td>\n<td colspan=\"1\" rowspan=\"1\">\n<div class=\"magic-16\">\n<p><strong>Mifare si\u00eau nh\u1eb9 C <\/strong><\/p>\n<\/div>\n<\/td>\n<\/tr>\n<tr>\n<td colspan=\"1\" rowspan=\"1\">\n<div class=\"magic-21\"><b>Giao th\u1ee9c:<\/b><\/div>\n<\/td>\n<td colspan=\"4\" rowspan=\"1\">\n<div class=\"magic-22\">ISO\/IEC 14443 Lo\u1ea1i A<\/div>\n<\/td>\n<\/tr>\n<tr>\n<td colspan=\"1\" rowspan=\"1\">\n<div class=\"magic-26\"><b>Th\u1ee7 c\u00f4ng m\u1ef9 ngh\u1ec7:<\/b><\/div>\n<\/td>\n<td colspan=\"4\" rowspan=\"1\">\n<div class=\"magic-22\" data-spm-anchor-id=\"a2700.details.0.i33.21f6414cWQ4Zrf\">In \u1ea5n, m\u00e3 v\u1ea1ch, m\u00e3 QR, v.v.<\/div>\n<\/td>\n<\/tr>\n<\/tbody>\n<\/table>\n<p>&nbsp;<\/p>\n<\/div>\n<p>NXP<sup>\u00ae<\/sup>\u00a0Semiconductors \u0111\u00e3 ph\u00e1t tri\u1ec3n MIFARE Ultralight C \u2013 IC v\u00e9 kh\u00f4ng ti\u1ebfp x\u00fac MF0ICU2 \u0111\u1ec3 s\u1eed d\u1ee5ng trong v\u00e9 th\u00f4ng minh kh\u00f4ng ti\u1ebfp x\u00fac ho\u1eb7c th\u1ebb th\u00f4ng minh k\u1ebft h\u1ee3p v\u1edbi Thi\u1ebft b\u1ecb gh\u00e9p n\u1ed1i ti\u1ec7m c\u1eadn (PCD). L\u1edbp truy\u1ec1n th\u00f4ng (MIFARE<sup>\u00ae<\/sup>\u00a0Giao di\u1ec7n RF) tu\u00e2n th\u1ee7 c\u00e1c ph\u1ea7n 2 v\u00e0 3 c\u1ee7a ti\u00eau chu\u1ea9n ISO\/IEC 14443 Lo\u1ea1i A. MF0ICU2 ch\u1ee7 y\u1ebfu \u0111\u01b0\u1ee3c thi\u1ebft k\u1ebf cho c\u00e1c \u1ee9ng d\u1ee5ng s\u1eed d\u1ee5ng h\u1ea1n ch\u1ebf nh\u01b0 giao th\u00f4ng c\u00f4ng c\u1ed9ng, b\u00e1n v\u00e9 s\u1ef1 ki\u1ec7n v\u00e0 \u1ee9ng d\u1ee5ng kh\u00e1ch h\u00e0ng th\u00e2n thi\u1ebft.<\/p>\n<h3>Truy\u1ec1n d\u1eef li\u1ec7u v\u00e0 n\u0103ng l\u01b0\u1ee3ng kh\u00f4ng ti\u1ebfp x\u00fac<\/h3>\n<p>Trong h\u1ec7 th\u1ed1ng MIFARE, MF0ICU2 \u0111\u01b0\u1ee3c k\u1ebft n\u1ed1i v\u1edbi m\u1ed9t cu\u1ed9n d\u00e2y c\u00f3 m\u1ed9t v\u00e0i v\u00f2ng. MF0ICU2 ph\u00f9 h\u1ee3p v\u1edbi c\u00e1c \u0111\u1ecbnh d\u1ea1ng v\u00e9 TFC.0 (Edmonson) v\u00e0 TFC.1 nh\u01b0 \u0111\u01b0\u1ee3c \u0111\u1ecbnh ngh\u0129a trong EN 753-2.<\/p>\n<p>\u0110\u1ecbnh d\u1ea1ng v\u00e9 TFC.1 \u0111\u01b0\u1ee3c chip MF0xxU20 h\u1ed7 tr\u1ee3 v\u1edbi t\u1ee5 \u0111i\u1ec7n c\u1ed9ng h\u01b0\u1edfng tr\u00ean chip c\u00f3 \u0111i\u1ec7n dung 16 pF.<\/p>\n<p>C\u00e1c v\u00e9 TFC.0 nh\u1ecf h\u01a1n \u0111\u01b0\u1ee3c h\u1ed7 tr\u1ee3 b\u1edfi chip MFxxU21 ch\u1ee9a t\u1ee5 \u0111i\u1ec7n c\u1ed9ng h\u01b0\u1edfng tr\u00ean chip c\u00f3 \u0111i\u1ec7n tr\u1edf 50 pF.<\/p>\n<p>Khi v\u00e9 \u0111\u01b0\u1ee3c \u0111\u1eb7t g\u1ea7n \u0103ng-ten c\u1ee7a thi\u1ebft b\u1ecb gh\u00e9p n\u1ed1i (PCD), giao di\u1ec7n truy\u1ec1n th\u00f4ng RF t\u1ed1c \u0111\u1ed9 cao cho ph\u00e9p truy\u1ec1n d\u1eef li\u1ec7u v\u1edbi t\u1ed1c \u0111\u1ed9 truy\u1ec1n 106 kbit\/gi\u00e2y.<\/p>\n<h3>Ch\u1ed1ng va ch\u1ea1m<\/h3>\n<p>Ch\u1ee9c n\u0103ng ch\u1ed1ng va ch\u1ea1m th\u00f4ng minh cho ph\u00e9p v\u1eadn h\u00e0nh nhi\u1ec1u h\u01a1n m\u1ed9t th\u1ebb trong c\u00f9ng m\u1ed9t l\u00fac. Thu\u1eadt to\u00e1n ch\u1ed1ng va ch\u1ea1m ch\u1ecdn t\u1eebng th\u1ebb ri\u00eang l\u1ebb v\u00e0 \u0111\u1ea3m b\u1ea3o r\u1eb1ng vi\u1ec7c th\u1ef1c hi\u1ec7n giao d\u1ecbch v\u1edbi th\u1ebb \u0111\u00e3 ch\u1ecdn \u0111\u01b0\u1ee3c th\u1ef1c hi\u1ec7n ch\u00ednh x\u00e1c m\u00e0 kh\u00f4ng b\u1ecb \u1ea3nh h\u01b0\u1edfng b\u1edfi th\u1ebb kh\u00e1c trong c\u00f9ng m\u1ed9t tr\u01b0\u1eddng.<\/p>\n<p>Ch\u1ee9c n\u0103ng ch\u1ed1ng va ch\u1ea1m d\u1ef1a tr\u00ean s\u1ed1 s\u00ea-ri ri\u00eang l\u1ebb c\u1ee7a IC \u0111\u01b0\u1ee3c g\u1ecdi l\u00e0 Unique IDentification. UID c\u1ee7a MF0ICU2 d\u00e0i 7 byte v\u00e0 h\u1ed7 tr\u1ee3 m\u1ee9c x\u1ebfp t\u1ea7ng 2 theo ISO\/IEC 14443-3.<\/p>\n<h3>B\u1ea3o v\u1ec7<\/h3>\n<ul>\n<li>X\u00e1c th\u1ef1c 3DES<\/li>\n<li>H\u1ed7 tr\u1ee3 ch\u1ed1ng sao ch\u00e9p b\u1eb1ng s\u1ed1 s\u00ea-ri 7 byte duy nh\u1ea5t cho m\u1ed7i thi\u1ebft b\u1ecb<\/li>\n<li>Khu v\u1ef1c OTP c\u00f3 th\u1ec3 l\u1eadp tr\u00ecnh 32 bit c\u1ee7a ng\u01b0\u1eddi d\u00f9ng<\/li>\n<li>Ch\u1ee9c n\u0103ng kh\u00f3a ch\u1ec9 \u0111\u1ecdc c\u00f3 th\u1ec3 l\u1eadp tr\u00ecnh t\u1ea1i ch\u1ed7 cho m\u1ed7i trang 512-bit \u0111\u1ea7u ti\u00ean<\/li>\n<li>Kh\u00f3a ch\u1ec9 \u0111\u1ecdc cho m\u1ed7i kh\u1ed1i b\u1ed9 nh\u1edb tr\u00ean 512 bit<\/li>\n<\/ul>\n<h3>\u0110\u1eb7c tr\u01b0ng<\/h3>\n<div id=\"featuresXsp\" class=\"features-list\">\n<div class=\"features-xsp\">\n<div class=\"collapse-mobile ste-list\">\n<h3>Giao di\u1ec7n RF MIFARE (ISO\/IEC 14443 A)<\/h3>\n<ul class=\"boxes\">\n<li>Truy\u1ec1n d\u1eef li\u1ec7u v\u00e0 cung c\u1ea5p n\u0103ng l\u01b0\u1ee3ng kh\u00f4ng ti\u1ebfp x\u00fac<\/li>\n<li>T\u1ea7n s\u1ed1 ho\u1ea1t \u0111\u1ed9ng 13,56 MHz<\/li>\n<li>T\u00ednh to\u00e0n v\u1eb9n d\u1eef li\u1ec7u c\u1ee7a CRC 16 bit, t\u00ednh ch\u1eb5n l\u1ebb, m\u00e3 h\u00f3a bit, \u0111\u1ebfm bit<\/li>\n<li>S\u1ed1 s\u00ea-ri 7 byte (c\u1ea5p \u0111\u1ed9 x\u1ebfp t\u1ea7ng 2 theo ISO\/IEC 14443-3)<\/li>\n<li>Giao d\u1ecbch \u0111\u1ebfm nhanh: &lt; 10 ms<\/li>\n<li>Kho\u1ea3ng c\u00e1ch ho\u1ea1t \u0111\u1ed9ng l\u00ean \u0111\u1ebfn 100 mm t\u00f9y thu\u1ed9c v\u00e0o h\u00ecnh d\u1ea1ng \u0103ng-ten v\u00e0 c\u1ea5u h\u00ecnh \u0111\u1ea7u \u0111\u1ecdc<\/li>\n<li>Truy\u1ec1n d\u1eef li\u1ec7u 106 kbit\/gi\u00e2y<\/li>\n<li>Ch\u1ed1ng va ch\u1ea1m th\u1ef1c s\u1ef1<\/li>\n<li>Giao d\u1ecbch mua v\u00e9 th\u00f4ng th\u01b0\u1eddng: &lt; 35 ms<\/li>\n<\/ul>\n<\/div>\n<div class=\"collapse-mobile ste-list\">\n<h3>B\u1ed9 nh\u1edb EEPROM<\/h3>\n<ul class=\"boxes\">\n<li>T\u1ed5ng b\u1ed9 nh\u1edb 1536-bit<\/li>\n<li>36 trang, v\u00f9ng r\/w ng\u01b0\u1eddi d\u00f9ng 1152-bit<\/li>\n<li>Ch\u1ee9c n\u0103ng kh\u00f3a ch\u1ec9 \u0111\u1ecdc c\u00f3 th\u1ec3 l\u1eadp tr\u00ecnh t\u1ea1i ch\u1ed7 cho m\u1ed7i trang 512-bit \u0111\u1ea7u ti\u00ean<\/li>\n<li>Khu v\u1ef1c l\u1eadp tr\u00ecnh m\u1ed9t l\u1ea7n (OTP) c\u00f3 th\u1ec3 \u0111\u1ecbnh ngh\u0129a b\u1edfi ng\u01b0\u1eddi d\u00f9ng 32 bit<\/li>\n<li>L\u01b0u gi\u1eef d\u1eef li\u1ec7u trong 10 n\u0103m<\/li>\n<li>T\u01b0\u01a1ng th\u00edch 512-bit v\u1edbi MF0ICU1<\/li>\n<li>Ch\u1ee9c n\u0103ng kh\u00f3a ch\u1ec9 \u0111\u1ecdc c\u00f3 th\u1ec3 l\u1eadp tr\u00ecnh t\u1ea1i hi\u1ec7n tr\u01b0\u1eddng cho m\u1ed7i kh\u1ed1i<\/li>\n<li>B\u1ed9 \u0111\u1ebfm m\u1ed9t chi\u1ec1u 16 bit<\/li>\n<li>Vi\u1ebft \u0111\u1ed9 b\u1ec1n 100000 chu k\u1ef3<\/li>\n<\/ul>\n<\/div>\n<\/div>\n<\/div>\n<p><span class=\"AnswerParser_TextContainer__z_Iiv\" data-testid=\"youchat-text\">C\u00e1c <strong>NXP MIFARE\u00ae Si\u00eau nh\u1eb9 C<\/strong>\u00a0RFID NFC inlay l\u00e0 gi\u1ea3i ph\u00e1p ti\u00ean ti\u1ebfn \u0111\u01b0\u1ee3c thi\u1ebft k\u1ebf cho nhi\u1ec1u \u1ee9ng d\u1ee5ng kh\u00f4ng ti\u1ebfp x\u00fac, bao g\u1ed3m v\u00e9 th\u00f4ng minh, qu\u1ea3n l\u00fd s\u1ef1 ki\u1ec7n v\u00e0 x\u00e1c th\u1ef1c s\u1ea3n ph\u1ea9m. V\u1edbi thi\u1ebft k\u1ebf nh\u1ecf g\u1ecdn v\u00e0 c\u00e1c t\u00ednh n\u0103ng m\u1ea1nh m\u1ebd, inlay n\u00e0y ho\u00e0n h\u1ea3o cho c\u00e1c doanh nghi\u1ec7p mu\u1ed1n n\u00e2ng cao tr\u1ea3i nghi\u1ec7m c\u1ee7a kh\u00e1ch h\u00e0ng \u0111\u1ed3ng th\u1eddi \u0111\u1ea3m b\u1ea3o t\u00ednh b\u1ea3o m\u1eadt v\u00e0 hi\u1ec7u qu\u1ea3.<\/span><\/p>\n<h2 class=\"AnswerParser_AnswerParserH2__SIHnF\">T\u1ed5ng quan v\u1ec1 NXP MIFARE\u00ae Ultralight C<\/h2>\n<p><span class=\"AnswerParser_TextContainer__z_Iiv\" data-testid=\"youchat-text\">MIFARE Ultralight C l\u00e0 m\u1ed9t l\u1edbp ph\u1ee7 NFC c\u1ef1c k\u1ef3 linh ho\u1ea1t ho\u1ea1t \u0111\u1ed9ng tr\u00ean\u00a0<strong>ISO 14443 Lo\u1ea1i A<\/strong>\u00a0ti\u00eau chu\u1ea9n. N\u00f3 \u0111\u01b0\u1ee3c trang b\u1ecb m\u1ed9t\u00a0<strong>B\u1ed9 nh\u1edb 192 byte<\/strong>\u00a0v\u00e0 h\u1ed7 tr\u1ee3\u00a0<strong>M\u00e3 h\u00f3a 3DES<\/strong>, l\u00e0m cho n\u00f3 ph\u00f9 h\u1ee3p cho c\u00e1c giao d\u1ecbch an to\u00e0n v\u00e0 l\u01b0u tr\u1eef d\u1eef li\u1ec7u. L\u1edbp ph\u1ee7 n\u00e0y \u0111\u1eb7c bi\u1ec7t ph\u1ed5 bi\u1ebfn trong ng\u00e0nh b\u00e1n v\u00e9, n\u01a1i m\u00e0 vi\u1ec7c truy c\u1eadp nhanh ch\u00f3ng v\u00e0 \u0111\u00e1ng tin c\u1eady l\u00e0 \u0111i\u1ec1u c\u1ea7n thi\u1ebft.<\/span><\/p>\n<h3 class=\"AnswerParser_AnswerParserH3__Mpe4s\">L\u1ee3i \u00edch ch\u00ednh c\u1ee7a NXP MIFARE\u00ae Ultralight C<\/h3>\n<ul class=\"AnswerParser_AnswerParserUnorderedList__P_1FW\">\n<li class=\"AnswerParser_ListItem__XqLOV\" translate=\"yes\"><strong>T\u0103ng c\u01b0\u1eddng b\u1ea3o m\u1eadt<\/strong>:V\u1edbi m\u00e3 h\u00f3a 3DES t\u00edch h\u1ee3p, MIFARE Ultralight C \u0111\u1ea3m b\u1ea3o d\u1eef li\u1ec7u \u0111\u01b0\u1ee3c b\u1ea3o v\u1ec7 ch\u1ed1ng l\u1ea1i truy c\u1eadp tr\u00e1i ph\u00e9p, r\u1ea5t l\u00fd t\u01b0\u1edfng cho c\u00e1c \u1ee9ng d\u1ee5ng y\u00eau c\u1ea7u b\u1ea3o m\u1eadt cao.<\/li>\n<li class=\"AnswerParser_ListItem__XqLOV\" translate=\"yes\"><strong>Nh\u1ecf g\u1ecdn v\u00e0 nh\u1eb9<\/strong>:K\u00edch th\u01b0\u1edbc nh\u1ecf c\u1ee7a l\u1edbp kh\u1ea3m cho ph\u00e9p d\u1ec5 d\u00e0ng t\u00edch h\u1ee3p v\u00e0o nhi\u1ec1u s\u1ea3n ph\u1ea9m kh\u00e1c nhau, bao g\u1ed3m v\u00f2ng \u0111eo tay, th\u1ebb v\u00e0 nh\u00e3n, m\u00e0 kh\u00f4ng \u1ea3nh h\u01b0\u1edfng \u0111\u1ebfn hi\u1ec7u su\u1ea5t.<\/li>\n<li class=\"AnswerParser_ListItem__XqLOV\" translate=\"yes\"><strong>Gi\u1ea3i ph\u00e1p ti\u1ebft ki\u1ec7m chi ph\u00ed<\/strong>:MIFARE Ultralight C cung c\u1ea5p gi\u1ea3i ph\u00e1p ti\u1ebft ki\u1ec7m cho c\u00e1c doanh nghi\u1ec7p mu\u1ed1n tri\u1ec3n khai c\u00f4ng ngh\u1ec7 NFC m\u00e0 kh\u00f4ng ph\u1ea3i hy sinh ch\u1ea5t l\u01b0\u1ee3ng ho\u1eb7c ch\u1ee9c n\u0103ng.<\/li>\n<\/ul>\n<h2 class=\"AnswerParser_AnswerParserH2__SIHnF\">T\u00ednh n\u0103ng c\u1ee7a NXP MIFARE\u00ae Ultralight C<\/h2>\n<h3 class=\"AnswerParser_AnswerParserH3__Mpe4s\">1. B\u1ed9 nh\u1edb v\u00e0 l\u01b0u tr\u1eef d\u1eef li\u1ec7u<\/h3>\n<p><span class=\"AnswerParser_TextContainer__z_Iiv\" data-testid=\"youchat-text\">MIFARE Ultralight C c\u00f3 t\u00ednh n\u0103ng\u00a0<strong>B\u1ed9 nh\u1edb 192 byte<\/strong>, \u0111\u1ee7 \u0111\u1ec3 l\u01b0u tr\u1eef d\u1eef li\u1ec7u c\u1ea7n thi\u1ebft nh\u01b0 m\u00e3 \u0111\u1ecbnh danh duy nh\u1ea5t, URL ho\u1eb7c m\u1ed9t l\u01b0\u1ee3ng nh\u1ecf th\u00f4ng tin ng\u01b0\u1eddi d\u00f9ng. Dung l\u01b0\u1ee3ng b\u1ed9 nh\u1edb n\u00e0y cho ph\u00e9p s\u1eed d\u1ee5ng nhi\u1ec1u \u1ee9ng d\u1ee5ng, t\u1eeb nh\u00e3n s\u1ea3n ph\u1ea9m \u0111\u01a1n gi\u1ea3n \u0111\u1ebfn h\u1ec7 th\u1ed1ng b\u00e1n v\u00e9 ph\u1ee9c t\u1ea1p.<\/span><\/p>\n<h3 class=\"AnswerParser_AnswerParserH3__Mpe4s\">2. Giao th\u1ee9c b\u1ea3o m\u1eadt<\/h3>\n<p><span class=\"AnswerParser_TextContainer__z_Iiv\" data-testid=\"youchat-text\">M\u1ed9t trong nh\u1eefng t\u00ednh n\u0103ng n\u1ed5i b\u1eadt c\u1ee7a MIFARE Ultralight C l\u00e0 h\u1ed7 tr\u1ee3 cho\u00a0<strong>M\u00e3 h\u00f3a 3DES<\/strong>. Giao th\u1ee9c b\u1ea3o m\u1eadt ti\u00ean ti\u1ebfn n\u00e0y \u0111\u1ea3m b\u1ea3o d\u1eef li\u1ec7u nh\u1ea1y c\u1ea3m \u0111\u01b0\u1ee3c b\u1ea3o v\u1ec7 trong qu\u00e1 tr\u00ecnh truy\u1ec1n, ph\u00f9 h\u1ee3p v\u1edbi c\u00e1c \u1ee9ng d\u1ee5ng trong m\u00f4i tr\u01b0\u1eddng an to\u00e0n nh\u01b0 giao th\u00f4ng c\u00f4ng c\u1ed9ng v\u00e0 b\u00e1n v\u00e9 s\u1ef1 ki\u1ec7n.<\/span><\/p>\n<h3 class=\"AnswerParser_AnswerParserH3__Mpe4s\">3. Kh\u1ea3 n\u0103ng t\u01b0\u01a1ng th\u00edch<\/h3>\n<p><span class=\"AnswerParser_TextContainer__z_Iiv\" data-testid=\"youchat-text\">MIFARE Ultralight C t\u01b0\u01a1ng th\u00edch v\u1edbi nhi\u1ec1u thi\u1ebft b\u1ecb h\u1ed7 tr\u1ee3 NFC, bao g\u1ed3m \u0111i\u1ec7n tho\u1ea1i th\u00f4ng minh v\u00e0 \u0111\u1ea7u \u0111\u1ecdc kh\u00f4ng ti\u1ebfp x\u00fac. Kh\u1ea3 n\u0103ng t\u01b0\u01a1ng th\u00edch n\u00e0y \u0111\u1ea3m b\u1ea3o t\u00edch h\u1ee3p li\u1ec1n m\u1ea1ch v\u00e0o c\u00e1c h\u1ec7 th\u1ed1ng hi\u1ec7n c\u00f3, cho ph\u00e9p c\u00e1c doanh nghi\u1ec7p n\u00e2ng c\u1ea5p c\u00f4ng ngh\u1ec7 c\u1ee7a m\u00ecnh m\u00e0 kh\u00f4ng c\u1ea7n thay \u0111\u1ed5i \u0111\u00e1ng k\u1ec3 c\u01a1 s\u1edf h\u1ea1 t\u1ea7ng.<\/span><\/p>\n<h2 class=\"AnswerParser_AnswerParserH2__SIHnF\">\u1ee8ng d\u1ee5ng c\u1ee7a NXP MIFARE\u00ae Ultralight C<\/h2>\n<h3 class=\"AnswerParser_AnswerParserH3__Mpe4s\">1. V\u00e9 th\u00f4ng minh<\/h3>\n<p><span class=\"AnswerParser_TextContainer__z_Iiv\" data-testid=\"youchat-text\">MIFARE Ultralight C \u0111\u01b0\u1ee3c s\u1eed d\u1ee5ng r\u1ed9ng r\u00e3i trong ng\u00e0nh b\u00e1n v\u00e9 th\u00f4ng minh, n\u01a1i n\u00f3 t\u1ea1o \u0111i\u1ec1u ki\u1ec7n cho vi\u1ec7c truy c\u1eadp nhanh ch\u00f3ng v\u00e0 hi\u1ec7u qu\u1ea3 v\u00e0o c\u00e1c h\u1ec7 th\u1ed1ng giao th\u00f4ng c\u00f4ng c\u1ed9ng, s\u1ef1 ki\u1ec7n v\u00e0 \u0111i\u1ec3m tham quan. Th\u1eddi gian \u0111\u1ecdc nhanh v\u00e0 hi\u1ec7u su\u1ea5t \u0111\u00e1ng tin c\u1eady c\u1ee7a n\u00f3 l\u00e0m cho n\u00f3 tr\u1edf th\u00e0nh l\u1ef1a ch\u1ecdn l\u00fd t\u01b0\u1edfng cho m\u00f4i tr\u01b0\u1eddng c\u00f3 l\u01b0u l\u01b0\u1ee3ng truy c\u1eadp cao.<\/span><\/p>\n<h3 class=\"AnswerParser_AnswerParserH3__Mpe4s\">2. X\u00e1c th\u1ef1c s\u1ea3n ph\u1ea9m<\/h3>\n<p><span class=\"AnswerParser_TextContainer__z_Iiv\" data-testid=\"youchat-text\">Trong th\u1eddi \u0111\u1ea1i m\u00e0 h\u00e0ng gi\u1ea3 l\u00e0 m\u1ed1i lo ng\u1ea1i \u0111\u00e1ng k\u1ec3, MIFARE Ultralight C cung c\u1ea5p gi\u1ea3i ph\u00e1p \u0111\u00e1ng tin c\u1eady \u0111\u1ec3 x\u00e1c th\u1ef1c s\u1ea3n ph\u1ea9m. B\u1eb1ng c\u00e1ch nh\u00fang c\u00e1c mi\u1ebfng d\u00e1n n\u00e0y v\u00e0o s\u1ea3n ph\u1ea9m, doanh nghi\u1ec7p c\u00f3 th\u1ec3 \u0111\u1ea3m b\u1ea3o r\u1eb1ng kh\u00e1ch h\u00e0ng nh\u1eadn \u0111\u01b0\u1ee3c c\u00e1c m\u1eb7t h\u00e0ng ch\u00ednh h\u00e3ng, n\u00e2ng cao l\u00f2ng tin v\u00e0 l\u00f2ng trung th\u00e0nh v\u1edbi th\u01b0\u01a1ng hi\u1ec7u.<\/span><\/p>\n<h3 class=\"AnswerParser_AnswerParserH3__Mpe4s\">3. Ch\u01b0\u01a1ng tr\u00ecnh kh\u00e1ch h\u00e0ng th\u00e2n thi\u1ebft<\/h3>\n<p><span class=\"AnswerParser_TextContainer__z_Iiv\" data-testid=\"youchat-text\">C\u00e1c doanh nghi\u1ec7p c\u00f3 th\u1ec3 t\u1eadn d\u1ee5ng MIFARE Ultralight C trong c\u00e1c ch\u01b0\u01a1ng tr\u00ecnh kh\u00e1ch h\u00e0ng th\u00e2n thi\u1ebft, cho ph\u00e9p kh\u00e1ch h\u00e0ng d\u1ec5 d\u00e0ng t\u00edch \u0111i\u1ec3m ho\u1eb7c ph\u1ea7n th\u01b0\u1edfng ch\u1ec9 b\u1eb1ng m\u1ed9t c\u00fa ch\u1ea1m \u0111\u01a1n gi\u1ea3n v\u00e0o thi\u1ebft b\u1ecb h\u1ed7 tr\u1ee3 NFC c\u1ee7a h\u1ecd. S\u1ef1 ti\u1ec7n l\u1ee3i n\u00e0y khuy\u1ebfn kh\u00edch s\u1ef1 tham gia c\u1ee7a kh\u00e1ch h\u00e0ng v\u00e0 kinh doanh l\u1eb7p l\u1ea1i.<\/span><\/p>\n<\/div>\n<\/div>","protected":false},"excerpt":{"rendered":"<p>NXP Mifare\u00aeUltralight C RFID NFC Inlay ho\u1eb7c Transponder, m\u1ed9t lo\u1ea1i linh ki\u1ec7n ch\u01b0a ho\u00e0n thi\u1ec7n, c\u00f3 th\u1ec3 \u0111\u01b0\u1ee3c chuy\u1ec3n \u0111\u1ed5i th\u00e0nh nhi\u1ec1u m\u1eb7t h\u00e0ng kh\u00e1c nhau nh\u01b0 v\u00e9, huy hi\u1ec7u, nh\u00e3n ho\u1eb7c th\u1ebb. \u0110\u1ed3ng th\u1eddi, c\u00e1c inlay RFID NFC HF n\u00e0y c\u00f3 th\u1ec3 \u0111\u01b0\u1ee3c s\u1ea3n xu\u1ea5t theo nhi\u1ec1u k\u00edch c\u1ee1, t\u00f9y ch\u1ec9nh \u0111\u1ec3 \u0111\u00e1p \u1ee9ng nhu c\u1ea7u c\u1ee5 th\u1ec3 c\u1ee7a b\u1ea1n.<\/p>","protected":false},"featured_media":337,"template":"","meta":{"_kad_post_transparent":"default","_kad_post_title":"","_kad_post_layout":"default","_kad_post_sidebar_id":"","_kad_post_content_style":"default","_kad_post_vertical_padding":"default","_kad_post_feature":"","_kad_post_feature_position":"","_kad_post_header":false,"_kad_post_footer":false,"_kad_post_classname":""},"product_brand":[],"product_cat":[54,189],"product_tag":[112,215,146],"class_list":{"0":"post-336","1":"product","2":"type-product","3":"status-publish","4":"has-post-thumbnail","6":"product_cat-hot-selling-rfid-tags","7":"product_cat-rfid-inlay","8":"product_tag-13-56mhz-rfid-inlay","9":"product_tag-mifareultralight-c-rfid-nfc-inlay","10":"product_tag-nxp-mifareultralight-c-rfid-nfc-inlay","12":"first","13":"instock","14":"shipping-taxable","15":"product-type-simple","16":"entry","17":"content-bg","18":"loop-entry"},"_links":{"self":[{"href":"https:\/\/rfid-laundry-tag.com\/vi\/wp-json\/wp\/v2\/product\/336","targetHints":{"allow":["GET"]}}],"collection":[{"href":"https:\/\/rfid-laundry-tag.com\/vi\/wp-json\/wp\/v2\/product"}],"about":[{"href":"https:\/\/rfid-laundry-tag.com\/vi\/wp-json\/wp\/v2\/types\/product"}],"version-history":[{"count":4,"href":"https:\/\/rfid-laundry-tag.com\/vi\/wp-json\/wp\/v2\/product\/336\/revisions"}],"predecessor-version":[{"id":2772,"href":"https:\/\/rfid-laundry-tag.com\/vi\/wp-json\/wp\/v2\/product\/336\/revisions\/2772"}],"wp:featuredmedia":[{"embeddable":true,"href":"https:\/\/rfid-laundry-tag.com\/vi\/wp-json\/wp\/v2\/media\/337"}],"wp:attachment":[{"href":"https:\/\/rfid-laundry-tag.com\/vi\/wp-json\/wp\/v2\/media?parent=336"}],"wp:term":[{"taxonomy":"product_brand","embeddable":true,"href":"https:\/\/rfid-laundry-tag.com\/vi\/wp-json\/wp\/v2\/product_brand?post=336"},{"taxonomy":"product_cat","embeddable":true,"href":"https:\/\/rfid-laundry-tag.com\/vi\/wp-json\/wp\/v2\/product_cat?post=336"},{"taxonomy":"product_tag","embeddable":true,"href":"https:\/\/rfid-laundry-tag.com\/vi\/wp-json\/wp\/v2\/product_tag?post=336"}],"curies":[{"name":"wp","href":"https:\/\/api.w.org\/{rel}","templated":true}]}}