{"id":332,"date":"2024-06-28T07:49:21","date_gmt":"2024-06-28T07:49:21","guid":{"rendered":"https:\/\/rfid-laundry-tag.com\/?post_type=product&#038;p=332"},"modified":"2024-06-28T08:02:32","modified_gmt":"2024-06-28T08:02:32","slug":"waterproof-pvc-ntag215-coin-nfc-tag","status":"publish","type":"product","link":"https:\/\/rfid-laundry-tag.com\/vi\/waterproof-pvc-ntag215-coin-nfc-tag\/","title":{"rendered":"Th\u1ebb NFC \u0111\u1ed3ng xu PVC Ntag215 ch\u1ed1ng th\u1ea5m n\u01b0\u1edbc"},"content":{"rendered":"<p><strong>Th\u1ebb NFC \u0111\u1ed3ng xu PVC Ntag215 ch\u1ed1ng th\u1ea5m n\u01b0\u1edbc<\/strong><\/p>\n<p>C\u00e1c <strong>Th\u1ebb NFC \u0111\u1ed3ng xu Ntag215<\/strong>, \u0111\u01b0\u1ee3c l\u00e0m t\u1eeb PVC (ho\u1eb7c PVC trong su\u1ed1t), l\u00e0 m\u1ed9t l\u1ef1a ch\u1ecdn tuy\u1ec7t v\u1eddi \u0111\u1ec3 theo d\u00f5i t\u00e0i s\u1ea3n do:<\/p>\n<ul>\n<li><strong>K\u00edch th\u01b0\u1edbc nh\u1ecf:<\/strong>\u00a0D\u1ec5 d\u00e0ng c\u00e0i \u0111\u1eb7t tr\u00ean nhi\u1ec1u t\u00e0i s\u1ea3n kh\u00e1c nhau m\u00e0 kh\u00f4ng l\u00e0m t\u0103ng k\u00edch th\u01b0\u1edbc.<\/li>\n<li><strong>Thi\u1ebft k\u1ebf ch\u1ed1ng th\u1ea5m n\u01b0\u1edbc:<\/strong>\u00a0Th\u00edch h\u1ee3p cho c\u1ea3 \u1ee9ng d\u1ee5ng trong nh\u00e0 v\u00e0 ngo\u00e0i tr\u1eddi, ngay c\u1ea3 trong m\u00f4i tr\u01b0\u1eddng kh\u1eafc nghi\u1ec7t.<\/li>\n<li><strong>Chip NFC 13,56 MHz \u0111\u01b0\u1ee3c nh\u00fang:<\/strong>\u00a0Cho ph\u00e9p truy\u1ec1n d\u1eef li\u1ec7u v\u00e0 giao ti\u1ebfp \u0111\u00e1ng tin c\u1eady v\u1edbi \u0111\u1ea7u \u0111\u1ecdc RFID.<\/li>\n<\/ul>\n<p><strong>C\u00e1c t\u00ednh n\u0103ng ch\u00ednh:<\/strong><\/p>\n<ul>\n<li><strong>V\u1eadt li\u1ec7u:<\/strong>\u00a0PVC (ho\u1eb7c PVC trong su\u1ed1t)<\/li>\n<li><strong>Chip:<\/strong>\u00a0Ntag215<\/li>\n<li><strong>T\u00ednh th\u01b0\u1eddng xuy\u00ean:<\/strong>\u00a013,56MHz<\/li>\n<li><strong>Ch\u1ed1ng th\u1ea5m n\u01b0\u1edbc:<\/strong>\u00a0\u0110\u00fang<\/li>\n<li><strong>\u1ee8ng d\u1ee5ng:<\/strong>\u00a0Theo d\u00f5i t\u00e0i s\u1ea3n, qu\u1ea3n l\u00fd h\u00e0ng t\u1ed3n kho, ki\u1ec3m so\u00e1t truy c\u1eadp v\u00e0 nhi\u1ec1u h\u01a1n n\u1eefa.<\/li>\n<\/ul>\n<table border=\"1\" cellspacing=\"0\" cellpadding=\"0\">\n<tbody>\n<tr>\n<td colspan=\"2\">\n<p align=\"left\">Th\u00f4ng s\u1ed1 k\u1ef9 thu\u1eadt<\/p>\n<\/td>\n<\/tr>\n<tr>\n<td>\n<p align=\"left\">Lo\u1ea1i nh\u00e3n\/chip<\/p>\n<\/td>\n<td>\n<p align=\"left\">NXP Ntag215<\/p>\n<\/td>\n<\/tr>\n<tr>\n<td>\n<p align=\"left\">T\u1ea7n s\u1ed1 ho\u1ea1t \u0111\u1ed9ng<\/p>\n<\/td>\n<td>\n<p align=\"left\">13,56MHz<\/p>\n<\/td>\n<\/tr>\n<tr>\n<td>\n<p align=\"left\">Ph\u1ea1m vi \u0111\u1ecdc \u0111\u00e3 th\u1eed nghi\u1ec7m<\/p>\n<\/td>\n<td>\n<p align=\"left\">0 \u2013 100 mm t\u00f9y thu\u1ed9c v\u00e0o c\u00f4ng su\u1ea5t cung c\u1ea5p b\u1edfi \u0111\u1ea7u \u0111\u1ecdc<\/p>\n<\/td>\n<\/tr>\n<tr>\n<td>\n<p align=\"left\">Ph\u00e1t hi\u1ec7n \u0111a d\u1ea1ng<\/p>\n<\/td>\n<td>\n<p align=\"left\">\u0110\u00fang<\/p>\n<\/td>\n<\/tr>\n<tr>\n<td>\n<p align=\"left\">K\u00edch c\u1ee1<\/p>\n<\/td>\n<td>\u0110\u01b0\u1eddng k\u00ednh 25mm<\/td>\n<\/tr>\n<tr>\n<td>\n<p align=\"left\">V\u1eadt li\u1ec7u<\/p>\n<\/td>\n<td>\n<p align=\"left\">PVC \/ PET \/ \u0102ng ten, v.v.<\/p>\n<\/td>\n<\/tr>\n<tr>\n<td>\n<p align=\"left\">Giao th\u1ee9c:<\/p>\n<\/td>\n<td>\n<p align=\"left\">Ti\u00eau chu\u1ea9n ISO14443A<\/p>\n<\/td>\n<\/tr>\n<tr>\n<td>\n<p align=\"left\">Th\u00f4ng s\u1ed1 k\u1ef9 thu\u1eadt m\u00f4i tr\u01b0\u1eddng<\/p>\n<\/td>\n<td>\n<p align=\"left\">Th\u1eddi h\u1ea1n s\u1eed d\u1ee5ng 5 n\u0103m<\/p>\n<p align=\"left\">Khuy\u1ebfn ngh\u1ecb: -25C \u0111\u1ebfn +50C<\/p>\n<p align=\"left\">\u0110i\u1ec1u ki\u1ec7n l\u01b0u tr\u1eef: 20% \u0111\u1ebfn 90%RH<\/p>\n<p align=\"left\">Nhi\u1ec7t \u0111\u1ed9 ho\u1ea1t \u0111\u1ed9ng: -40C \u0111\u1ebfn +65C<\/p>\n<\/td>\n<\/tr>\n<tr>\n<td>\n<p align=\"left\">Th\u1eddi gian \u0111\u1ecdc\/ghi:<\/p>\n<\/td>\n<td>\n<p align=\"left\">100000 l\u1ea7n<\/p>\n<\/td>\n<\/tr>\n<tr>\n<td>\n<p align=\"left\">\u1ee8ng d\u1ee5ng:<\/p>\n<\/td>\n<td>\n<p align=\"left\" data-spm-anchor-id=\"a2700.wholesale.0.i54.a0d8206fLph15n\">Giao th\u00f4ng c\u00f4ng c\u1ed9ng, Qu\u1ea3n l\u00fd ra v\u00e0o, V\u00e9 \u0111i\u1ec7n t\u1eed, Qu\u1ea3n l\u00fd h\u1eadu c\u1ea7n v\u00e0 cung \u1ee9ng, S\u1ea3n xu\u1ea5t v\u00e0 l\u1eafp r\u00e1p, Nh\u00e3n k\u00ednh ch\u1eafn gi\u00f3, Theo d\u00f5i t\u00e0i li\u1ec7u, Qu\u1ea3n l\u00fd gi\u1eb7t l\u00e0, Qu\u1ea3n l\u00fd th\u01b0 vi\u1ec7n, Nh\u1eadn d\u1ea1ng \u0111\u1ed9ng v\u1eadt, v.v.<\/p>\n<\/td>\n<\/tr>\n<\/tbody>\n<\/table>\n<p>&nbsp;<\/p>\n<p><strong>Nh\u1eefng l\u1ee3i \u00edch:<\/strong><\/p>\n<ul>\n<li><strong>T\u0103ng c\u01b0\u1eddng b\u1ea3o m\u1eadt:<\/strong>\u00a0C\u00f4ng ngh\u1ec7 RFID gi\u00fap b\u1ea3o v\u1ec7 ch\u1ed1ng tr\u1ed9m c\u1eafp v\u00e0 truy c\u1eadp tr\u00e1i ph\u00e9p.<\/li>\n<li><strong>Hi\u1ec7u qu\u1ea3 \u0111\u01b0\u1ee3c c\u1ea3i thi\u1ec7n:<\/strong>\u00a0Theo d\u00f5i th\u1eddi gian th\u1ef1c cho ph\u00e9p qu\u1ea3n l\u00fd t\u00e0i s\u1ea3n v\u00e0 ki\u1ec3m so\u00e1t h\u00e0ng t\u1ed3n kho hi\u1ec7u qu\u1ea3.<\/li>\n<li><strong>Hi\u1ec7u qu\u1ea3 v\u1ec1 m\u1eb7t chi ph\u00ed:<\/strong>\u00a0Thi\u1ebft k\u1ebf b\u1ec1n b\u1ec9 v\u00e0 ch\u1ed1ng th\u1ea5m n\u01b0\u1edbc gi\u00fap gi\u1ea3m thi\u1ec3u chi ph\u00ed thay th\u1ebf.<\/li>\n<li><strong>\u1ee8ng d\u1ee5ng \u0111a d\u1ea1ng:<\/strong>\u00a0Ph\u00f9 h\u1ee3p v\u1edbi nhi\u1ec1u ng\u00e0nh c\u00f4ng nghi\u1ec7p v\u00e0 tr\u01b0\u1eddng h\u1ee3p s\u1eed d\u1ee5ng kh\u00e1c nhau.<\/li>\n<\/ul>","protected":false},"excerpt":{"rendered":"<p>Th\u1ebb NFC ti\u1ec1n xu PVC Ntag215 ch\u1ed1ng th\u1ea5m n\u01b0\u1edbc cung c\u1ea5p gi\u1ea3i ph\u00e1p \u0111\u00e1ng tin c\u1eady v\u00e0 linh ho\u1ea1t cho nhu c\u1ea7u theo d\u00f5i t\u00e0i s\u1ea3n. K\u00edch th\u01b0\u1edbc nh\u1ecf g\u1ecdn, thi\u1ebft k\u1ebf ch\u1ed1ng th\u1ea5m n\u01b0\u1edbc v\u00e0 chip NFC nh\u00fang khi\u1ebfn n\u00f3 tr\u1edf th\u00e0nh c\u00f4ng c\u1ee5 c\u00f3 gi\u00e1 tr\u1ecb cho c\u00e1c t\u1ed5 ch\u1ee9c mu\u1ed1n t\u1ed1i \u01b0u h\u00f3a quy tr\u00ecnh qu\u1ea3n l\u00fd t\u00e0i s\u1ea3n c\u1ee7a m\u00ecnh.<\/p>","protected":false},"featured_media":333,"template":"","meta":{"_kad_post_transparent":"default","_kad_post_title":"","_kad_post_layout":"default","_kad_post_sidebar_id":"","_kad_post_content_style":"default","_kad_post_vertical_padding":"default","_kad_post_feature":"","_kad_post_feature_position":"","_kad_post_header":false,"_kad_post_footer":false,"_kad_post_classname":""},"product_brand":[],"product_cat":[54],"product_tag":[145,144],"class_list":{"0":"post-332","1":"product","2":"type-product","3":"status-publish","4":"has-post-thumbnail","6":"product_cat-hot-selling-rfid-tags","7":"product_tag-anti-metal-nfc-tag","8":"product_tag-anti-metal-rfid-nfc-sticker","10":"first","11":"instock","12":"shipping-taxable","13":"product-type-simple","14":"entry","15":"content-bg","16":"loop-entry"},"_links":{"self":[{"href":"https:\/\/rfid-laundry-tag.com\/vi\/wp-json\/wp\/v2\/product\/332","targetHints":{"allow":["GET"]}}],"collection":[{"href":"https:\/\/rfid-laundry-tag.com\/vi\/wp-json\/wp\/v2\/product"}],"about":[{"href":"https:\/\/rfid-laundry-tag.com\/vi\/wp-json\/wp\/v2\/types\/product"}],"version-history":[{"count":0,"href":"https:\/\/rfid-laundry-tag.com\/vi\/wp-json\/wp\/v2\/product\/332\/revisions"}],"wp:featuredmedia":[{"embeddable":true,"href":"https:\/\/rfid-laundry-tag.com\/vi\/wp-json\/wp\/v2\/media\/333"}],"wp:attachment":[{"href":"https:\/\/rfid-laundry-tag.com\/vi\/wp-json\/wp\/v2\/media?parent=332"}],"wp:term":[{"taxonomy":"product_brand","embeddable":true,"href":"https:\/\/rfid-laundry-tag.com\/vi\/wp-json\/wp\/v2\/product_brand?post=332"},{"taxonomy":"product_cat","embeddable":true,"href":"https:\/\/rfid-laundry-tag.com\/vi\/wp-json\/wp\/v2\/product_cat?post=332"},{"taxonomy":"product_tag","embeddable":true,"href":"https:\/\/rfid-laundry-tag.com\/vi\/wp-json\/wp\/v2\/product_tag?post=332"}],"curies":[{"name":"wp","href":"https:\/\/api.w.org\/{rel}","templated":true}]}}