{"id":330,"date":"2024-06-28T07:38:56","date_gmt":"2024-06-28T07:38:56","guid":{"rendered":"https:\/\/rfid-laundry-tag.com\/?post_type=product&#038;p=330"},"modified":"2024-09-05T08:39:15","modified_gmt":"2024-09-05T08:39:15","slug":"anti-metal-rfid-nfc-sticker","status":"publish","type":"product","link":"https:\/\/rfid-laundry-tag.com\/vi\/anti-metal-rfid-nfc-sticker\/","title":{"rendered":"Mi\u1ebfng d\u00e1n RFID NFC ch\u1ed1ng kim lo\u1ea1i"},"content":{"rendered":"<p><strong>Mi\u1ebfng d\u00e1n RFID NFC ch\u1ed1ng kim lo\u1ea1i<\/strong><\/p>\n<p>NTAG213, NTAG215 v\u00e0 NTAG216 \u0111\u00e3 \u0111\u01b0\u1ee3c NXP Semiconductors ph\u00e1t tri\u1ec3n th\u00e0nh IC th\u1ebb NFC ti\u00eau chu\u1ea9n \u0111\u1ec3 s\u1eed d\u1ee5ng trong c\u00e1c \u1ee9ng d\u1ee5ng th\u1ecb tr\u01b0\u1eddng \u0111\u1ea1i ch\u00fang nh\u01b0 b\u00e1n l\u1ebb, tr\u00f2 ch\u01a1i v\u00e0 \u0111i\u1ec7n t\u1eed ti\u00eau d\u00f9ng, k\u1ebft h\u1ee3p v\u1edbi c\u00e1c thi\u1ebft b\u1ecb NFC ho\u1eb7c Thi\u1ebft b\u1ecb gh\u00e9p n\u1ed1i ti\u1ec7m c\u1eadn t\u01b0\u01a1ng th\u00edch NFC. NTAG213, NTAG215 v\u00e0 NTAG216 (t\u1eeb nay tr\u1edf \u0111i, th\u01b0\u1eddng \u0111\u01b0\u1ee3c g\u1ecdi l\u00e0 NTAG21x) \u0111\u01b0\u1ee3c thi\u1ebft k\u1ebf \u0111\u1ec3 tu\u00e2n th\u1ee7 \u0111\u1ea7y \u0111\u1ee7 c\u00e1c th\u00f4ng s\u1ed1 k\u1ef9 thu\u1eadt c\u1ee7a NFC Forum Type 2 Tag v\u00e0 ISO\/IEC14443 Type A.<\/p>\n<table class=\"hight-light-first-column all magic-11\">\n<tbody>\n<tr>\n<td colspan=\"1\" rowspan=\"1\">\n<div class=\"magic-12\" data-spm-anchor-id=\"a2700.details.0.i57.12287cd6Tl6d8d\">K\u00edch c\u1ee1<\/div>\n<\/td>\n<td colspan=\"4\" rowspan=\"1\">\n<div class=\"magic-13\">\u0110\u01b0\u1eddng k\u00ednh 25mm<\/div>\n<\/td>\n<\/tr>\n<tr>\n<td colspan=\"1\" rowspan=\"1\">\n<div class=\"magic-12\">M\u00e0u s\u1eafc<\/div>\n<\/td>\n<td colspan=\"4\" rowspan=\"1\">\n<div class=\"magic-16\">\u0110en, Tr\u1eafng, V\u00e0ng, \u0110\u1ecf ho\u1eb7c t\u00f9y ch\u1ec9nh<\/div>\n<\/td>\n<\/tr>\n<tr>\n<td colspan=\"1\" rowspan=\"1\">\n<div class=\"magic-12\">Chip<\/div>\n<\/td>\n<td colspan=\"4\" rowspan=\"1\">\n<div class=\"magic-13\">NTAG213, NTAG215, NTAG216<\/div>\n<\/td>\n<\/tr>\n<tr>\n<td colspan=\"1\" rowspan=\"1\">\n<div class=\"magic-12\">T\u00ednh th\u01b0\u1eddng xuy\u00ean<\/div>\n<\/td>\n<td colspan=\"4\" rowspan=\"1\">\n<div class=\"magic-13\">13,56mhz<\/div>\n<\/td>\n<\/tr>\n<tr>\n<td colspan=\"1\" rowspan=\"1\">\n<div class=\"magic-12\">Giao th\u1ee9c<\/div>\n<\/td>\n<td colspan=\"4\" rowspan=\"1\">\n<div class=\"magic-13\">ISO14443A, Di\u1ec5n \u0111\u00e0n NFC Lo\u1ea1i 2<\/div>\n<\/td>\n<\/tr>\n<tr>\n<td colspan=\"1\" rowspan=\"1\">\n<div class=\"magic-12\">V\u1eadt li\u1ec7u<\/div>\n<\/td>\n<td colspan=\"4\" rowspan=\"1\">\n<div class=\"magic-13\">ABS<\/div>\n<\/td>\n<\/tr>\n<tr>\n<td colspan=\"1\" rowspan=\"1\">\n<div class=\"magic-12\">Nhi\u1ec7t \u0111\u1ed9 ho\u1ea1t \u0111\u1ed9ng<\/div>\n<\/td>\n<td colspan=\"4\" rowspan=\"1\">\n<div class=\"magic-13\">-20 \u0111\u1ebfn 85 \u0111\u1ed9 C<\/div>\n<\/td>\n<\/tr>\n<tr>\n<td colspan=\"1\" rowspan=\"1\">\n<div class=\"magic-12\">\u1ee8ng d\u1ee5ng<\/div>\n<\/td>\n<td colspan=\"4\" rowspan=\"1\">\n<div class=\"magic-16\">Chu\u1ed7i gi\u1eb7t l\u00e0, H\u00f3a ch\u1ea5t kh\u1eafc nghi\u1ec7t, thi\u1ebft b\u1ecb thanh to\u00e1n, s\u1eed d\u1ee5ng ngo\u00e0i tr\u1eddi, H\u00f3a ch\u1ea5t, C\u00f4ng nghi\u1ec7p, H\u1eadu c\u1ea7n, B\u1ea3o v\u1ec7 tu\u1ea7n tra, th\u00e0nh vi\u00ean, Container v\u1eadn chuy\u1ec3n, pallet, v.v.<\/div>\n<\/td>\n<\/tr>\n<tr>\n<td colspan=\"1\" rowspan=\"1\">\n<div class=\"magic-12\">X\u1ebfp h\u1ea1ng ch\u1ed1ng th\u1ea5m n\u01b0\u1edbc<\/div>\n<\/td>\n<td colspan=\"4\" rowspan=\"1\">\n<div class=\"magic-16\">IP67<\/div>\n<\/td>\n<\/tr>\n<tr>\n<td colspan=\"1\" rowspan=\"1\">\n<div class=\"magic-12\">Ph\u1ea1m vi \u0111\u1ecdc<\/div>\n<\/td>\n<td colspan=\"4\" rowspan=\"1\">\n<div class=\"magic-16\">5-10cm, t\u00f9y thu\u1ed9c v\u00e0o ng\u01b0\u1eddi \u0111\u1ecdc<\/div>\n<\/td>\n<\/tr>\n<tr>\n<td colspan=\"1\" rowspan=\"1\">\n<div class=\"magic-12\">Th\u1ee7 c\u00f4ng<\/div>\n<\/td>\n<td colspan=\"4\" rowspan=\"1\">\n<div class=\"magic-16\">S\u1ed1 s\u00ea-ri, m\u00e3 v\u1ea1ch \u0111\u01b0\u1ee3c kh\u1eafc b\u1eb1ng laser, v.v.<\/div>\n<\/td>\n<\/tr>\n<tr>\n<td colspan=\"1\" rowspan=\"1\">\n<div class=\"magic-12\">L\u1eafp r\u00e1p<\/div>\n<\/td>\n<td colspan=\"4\" rowspan=\"1\">\n<div class=\"magic-16\">B\u1eb1ng keo d\u00e1n ho\u1eb7c v\u00edt, ho\u1eb7c \u0111inh t\u00e1n<\/div>\n<\/td>\n<\/tr>\n<\/tbody>\n<\/table>\n<p>&nbsp;<\/p>\n<div class=\"auto-hide-last-sibling-br paragraph_9dc5f paragraph-element\">Nh\u00e3n d\u00e1n RFID NFC ch\u1ed1ng kim lo\u1ea1i c\u00f3 nhi\u1ec1u \u1ee9ng d\u1ee5ng trong nhi\u1ec1u l\u0129nh v\u1ef1c kh\u00e1c nhau do t\u00ednh linh ho\u1ea1t v\u00e0 kh\u1ea3 n\u0103ng ho\u1ea1t \u0111\u1ed9ng tr\u00ean b\u1ec1 m\u1eb7t kim lo\u1ea1i. Sau \u0111\u00e2y l\u00e0 c\u00e1ch ch\u00fang \u0111\u01b0\u1ee3c s\u1eed d\u1ee5ng trong c\u00e1c l\u0129nh v\u1ef1c kh\u00e1c nhau:<\/div>\n<ul class=\"auto-hide-last-sibling-br\">\n<li>\n<div class=\"auto-hide-last-sibling-br paragraph_9dc5f paragraph-element\"><strong>Qu\u1ea3n l\u00fd h\u1eadu c\u1ea7n<\/strong>: Nh\u1eefng nh\u00e3n d\u00e1n n\u00e0y c\u00f3 th\u1ec3 \u0111\u01b0\u1ee3c s\u1eed d\u1ee5ng \u0111\u1ec3 theo d\u00f5i hi\u1ec7u qu\u1ea3 v\u00e0 x\u00e1c \u0111\u1ecbnh v\u1ecb tr\u00ed h\u00e0ng h\u00f3a theo th\u1eddi gian th\u1ef1c trong qu\u00e1 tr\u00ecnh v\u1eadn chuy\u1ec3n. Ch\u00fang c\u1ea3i thi\u1ec7n hi\u1ec7u qu\u1ea3 c\u1ee7a chu\u1ed7i cung \u1ee9ng v\u00e0 \u0111\u01a1n gi\u1ea3n h\u00f3a vi\u1ec7c qu\u1ea3n l\u00fd h\u1eadu c\u1ea7n b\u1eb1ng c\u00e1ch cung c\u1ea5p kh\u1ea3 n\u0103ng hi\u1ec3n th\u1ecb li\u00ean t\u1ee5c c\u00e1c l\u00f4 h\u00e0ng.<\/div>\n<\/li>\n<li>\n<div class=\"auto-hide-last-sibling-br paragraph_9dc5f paragraph-element\"><strong>Qu\u1ea3n l\u00fd t\u00e0i s\u1ea3n<\/strong>: Ch\u00fang \u0111\u00f3ng vai tr\u00f2 thi\u1ebft y\u1ebfu trong vi\u1ec7c theo d\u00f5i v\u00e0 qu\u1ea3n l\u00fd t\u00e0i s\u1ea3n c\u1ee7a c\u00f4ng ty, ch\u1eb3ng h\u1ea1n nh\u01b0 m\u00e1y m\u00f3c, c\u00f4ng c\u1ee5 v\u00e0 thi\u1ebft b\u1ecb v\u0103n ph\u00f2ng. Ch\u00fang cho ph\u00e9p x\u00e1c \u0111\u1ecbnh v\u00e0 x\u00e1c minh t\u00e0i s\u1ea3n nhanh ch\u00f3ng v\u00e0 ch\u00ednh x\u00e1c, gi\u1ea3m nguy c\u01a1 m\u1ea5t m\u00e1t, tr\u1ed9m c\u1eafp ho\u1eb7c th\u1ea5t l\u1ea1c.<\/div>\n<\/li>\n<li>\n<div class=\"auto-hide-last-sibling-br paragraph_9dc5f paragraph-element\"><strong>Qu\u1ea3n l\u00fd chu\u1ed7i cung \u1ee9ng<\/strong>:Nh\u00e3n d\u00e1n NFC \u0111\u01b0\u1ee3c s\u1eed d\u1ee5ng \u0111\u1ec3 theo d\u00f5i s\u1ea3n ph\u1ea9m \u1edf m\u1ecdi giai \u0111o\u1ea1n c\u1ee7a chu\u1ed7i cung \u1ee9ng, \u0111\u1ea3m b\u1ea3o t\u00ednh minh b\u1ea1ch v\u00e0 ng\u0103n ch\u1eb7n hi\u1ec7u qu\u1ea3 h\u00e0ng gi\u1ea3 x\u00e2m nh\u1eadp th\u1ecb tr\u01b0\u1eddng.<\/div>\n<\/li>\n<li>\n<div class=\"auto-hide-last-sibling-br paragraph_9dc5f paragraph-element\"><strong>Qu\u1ea3n l\u00fd xe<\/strong>:\u0110\u01b0\u1ee3c s\u1eed d\u1ee5ng \u0111\u1ec3 qu\u1ea3n l\u00fd \u0111\u1ed9i xe, c\u00e1c nh\u00e3n d\u00e1n n\u00e0y cung c\u1ea5p m\u1ed9t c\u00e1ch d\u1ec5 d\u00e0ng \u0111\u1ec3 theo d\u00f5i v\u00e0 gi\u00e1m s\u00e1t chuy\u1ec3n \u0111\u1ed9ng c\u1ee7a xe, \u0111\u1ea3m b\u1ea3o t\u1ed1i \u01b0u h\u00f3a l\u1ed9 tr\u00ecnh hi\u1ec7u qu\u1ea3.<\/div>\n<\/li>\n<li>\n<div class=\"auto-hide-last-sibling-br paragraph_9dc5f paragraph-element\"><strong>Qu\u1ea3n l\u00fd kho<\/strong>:Ch\u00fang h\u1ee3p l\u00fd h\u00f3a ho\u1ea1t \u0111\u1ed9ng b\u1eb1ng c\u00e1ch cho ph\u00e9p theo d\u00f5i h\u00e0ng t\u1ed3n kho theo th\u1eddi gian th\u1ef1c, gi\u00fap qu\u00e1 tr\u00ecnh qu\u1ea3n l\u00fd kho tr\u1edf n\u00ean r\u1ea5t hi\u1ec7u qu\u1ea3.<\/div>\n<\/li>\n<li>\n<div class=\"auto-hide-last-sibling-br paragraph_9dc5f paragraph-element\"><strong>X\u00e1c minh s\u1ea3n ph\u1ea9m<\/strong>: Nh\u00e3n d\u00e1n NFC c\u00f3 th\u1ec3 \u0111\u01b0\u1ee3c s\u1eed d\u1ee5ng \u0111\u1ec3 x\u00e1c th\u1ef1c s\u1ea3n ph\u1ea9m, cung c\u1ea5p m\u1ed9t c\u00e1ch d\u1ec5 d\u00e0ng \u0111\u1ec3 x\u00e1c \u0111\u1ecbnh xem s\u1ea3n ph\u1ea9m l\u00e0 h\u00e0ng ch\u00ednh h\u00e3ng hay h\u00e0ng gi\u1ea3.<\/div>\n<\/li>\n<li>\n<div class=\"auto-hide-last-sibling-br paragraph_9dc5f paragraph-element\"><strong>Theo d\u00f5i t\u00e0i s\u1ea3n<\/strong>:Ch\u00fang \u0111\u01a1n gi\u1ea3n h\u00f3a qu\u00e1 tr\u00ecnh theo d\u00f5i t\u00e0i s\u1ea3n theo th\u1eddi gian th\u1ef1c, \u0111\u1eb7c bi\u1ec7t h\u1eefu \u00edch \u0111\u1ed1i v\u1edbi c\u00e1c m\u1eb7t h\u00e0ng c\u00f3 gi\u00e1 tr\u1ecb cao ho\u1eb7c thi\u1ebft b\u1ecb quan tr\u1ecdng th\u01b0\u1eddng xuy\u00ean \u0111\u01b0\u1ee3c di chuy\u1ec3n.<\/div>\n<\/li>\n<li>\n<div class=\"auto-hide-last-sibling-br paragraph_9dc5f paragraph-element\"><strong>Qu\u1ea3n l\u00fd h\u00e0ng t\u1ed3n kho<\/strong>:C\u00e1c nh\u00e3n d\u00e1n h\u1ed7 tr\u1ee3 qu\u1ea3n l\u00fd h\u00e0ng t\u1ed3n kho trong kho ho\u1eb7c c\u1eeda h\u00e0ng b\u00e1n l\u1ebb b\u1eb1ng c\u00e1ch gi\u1ea3m vi\u1ec7c ki\u1ec3m tra th\u1ee7 c\u00f4ng v\u00e0 \u0111\u1ea3m b\u1ea3o \u0111\u1ebfm ch\u00ednh x\u00e1c.<\/div>\n<\/li>\n<li>\n<div class=\"auto-hide-last-sibling-br paragraph_9dc5f paragraph-element\"><strong>S\u1ef1 chi tr\u1ea3<\/strong>: Nh\u00e3n d\u00e1n NFC \u0111\u01b0\u1ee3c s\u1eed d\u1ee5ng trong c\u00e1c giao d\u1ecbch kh\u00f4ng d\u00f9ng ti\u1ec1n m\u1eb7t, cho ph\u00e9p thanh to\u00e1n nhanh ch\u00f3ng v\u00e0 an to\u00e0n ch\u1ec9 b\u1eb1ng m\u1ed9t c\u00fa ch\u1ea1m, ch\u1eb3ng h\u1ea1n nh\u01b0 trong h\u1ec7 th\u1ed1ng thanh to\u00e1n \u0111eo tay.<\/div>\n<\/li>\n<li>\n<div class=\"auto-hide-last-sibling-br paragraph_9dc5f paragraph-element\"><strong>Ph\u01b0\u01a1ng ti\u1ec7n truy\u1ec1n th\u00f4ng x\u00e3 h\u1ed9i<\/strong>: Nh\u00e3n d\u00e1n NFC c\u00f3 th\u1ec3 \u0111\u01b0\u1ee3c l\u1eadp tr\u00ecnh \u0111\u1ec3 kh\u1edfi ch\u1ea1y t\u00e0i kho\u1ea3n m\u1ea1ng x\u00e3 h\u1ed9i ho\u1eb7c hashtag, mang \u0111\u1ebfn tr\u1ea3i nghi\u1ec7m m\u1ea1ng x\u00e3 h\u1ed9i li\u1ec1n m\u1ea1ch ch\u1ec9 b\u1eb1ng m\u1ed9t ch\u1ea1m.<\/div>\n<\/li>\n<li>\n<div class=\"auto-hide-last-sibling-br paragraph_9dc5f paragraph-element\"><strong>V\u00f2ng \u0111eo tay<\/strong>:\u0110\u01b0\u1ee3c s\u1eed d\u1ee5ng trong c\u00e1c s\u1ef1 ki\u1ec7n c\u1ea7n kh\u1ea3 n\u0103ng truy c\u1eadp d\u1ec5 d\u00e0ng v\u00e0 thanh to\u00e1n an to\u00e0n, ch\u1eb3ng h\u1ea1n nh\u01b0 l\u1ec5 h\u1ed9i \u00e2m nh\u1ea1c, tri\u1ec3n l\u00e3m th\u01b0\u01a1ng m\u1ea1i v\u00e0 s\u1ef1 ki\u1ec7n th\u1ec3 thao.<\/div>\n<\/li>\n<\/ul>\n<div class=\"auto-hide-last-sibling-br paragraph_9dc5f paragraph-element\">Nh\u1eefng \u0111i\u1ec1u \u0111\u00e3 n\u00f3i \u1edf tr\u00ean ch\u1ec9 l\u00e0 m\u1ed9t b\u1ee9c \u1ea3nh ch\u1ee5p nhanh v\u1ec1 t\u00ednh linh ho\u1ea1t c\u1ee7a Nh\u00e3n d\u00e1n RFID NFC ch\u1ed1ng kim lo\u1ea1i. Kh\u1ea3 n\u0103ng l\u00e0 v\u00f4 t\u1eadn, v\u1edbi m\u1ed7i \u1ee9ng d\u1ee5ng \u0111\u01b0\u1ee3c thi\u1ebft k\u1ebf \u0111\u1ec3 mang l\u1ea1i hi\u1ec7u qu\u1ea3, b\u1ea3o m\u1eadt v\u00e0 ti\u1ec7n l\u1ee3i h\u01a1n.<\/div>","protected":false},"excerpt":{"rendered":"<p>Mi\u1ebfng d\u00e1n RFID NFC ch\u1ed1ng kim lo\u1ea1i, c\u00f3 chip NTAG21x, b\u1ec1n, ch\u1ed1ng th\u1ea5m n\u01b0\u1edbc v\u00e0 ho\u00e0n h\u1ea3o cho h\u1eadu c\u1ea7n, qu\u1ea3n l\u00fd t\u00e0i s\u1ea3n, thanh to\u00e1n, v.v.<\/p>","protected":false},"featured_media":331,"template":"","meta":{"_kad_post_transparent":"default","_kad_post_title":"","_kad_post_layout":"default","_kad_post_sidebar_id":"","_kad_post_content_style":"default","_kad_post_vertical_padding":"default","_kad_post_feature":"","_kad_post_feature_position":"","_kad_post_header":false,"_kad_post_footer":false,"_kad_post_classname":""},"product_brand":[],"product_cat":[54],"product_tag":[145,144],"class_list":{"0":"post-330","1":"product","2":"type-product","3":"status-publish","4":"has-post-thumbnail","6":"product_cat-hot-selling-rfid-tags","7":"product_tag-anti-metal-nfc-tag","8":"product_tag-anti-metal-rfid-nfc-sticker","10":"first","11":"instock","12":"shipping-taxable","13":"product-type-simple","14":"entry","15":"content-bg","16":"loop-entry"},"_links":{"self":[{"href":"https:\/\/rfid-laundry-tag.com\/vi\/wp-json\/wp\/v2\/product\/330","targetHints":{"allow":["GET"]}}],"collection":[{"href":"https:\/\/rfid-laundry-tag.com\/vi\/wp-json\/wp\/v2\/product"}],"about":[{"href":"https:\/\/rfid-laundry-tag.com\/vi\/wp-json\/wp\/v2\/types\/product"}],"version-history":[{"count":1,"href":"https:\/\/rfid-laundry-tag.com\/vi\/wp-json\/wp\/v2\/product\/330\/revisions"}],"predecessor-version":[{"id":1854,"href":"https:\/\/rfid-laundry-tag.com\/vi\/wp-json\/wp\/v2\/product\/330\/revisions\/1854"}],"wp:featuredmedia":[{"embeddable":true,"href":"https:\/\/rfid-laundry-tag.com\/vi\/wp-json\/wp\/v2\/media\/331"}],"wp:attachment":[{"href":"https:\/\/rfid-laundry-tag.com\/vi\/wp-json\/wp\/v2\/media?parent=330"}],"wp:term":[{"taxonomy":"product_brand","embeddable":true,"href":"https:\/\/rfid-laundry-tag.com\/vi\/wp-json\/wp\/v2\/product_brand?post=330"},{"taxonomy":"product_cat","embeddable":true,"href":"https:\/\/rfid-laundry-tag.com\/vi\/wp-json\/wp\/v2\/product_cat?post=330"},{"taxonomy":"product_tag","embeddable":true,"href":"https:\/\/rfid-laundry-tag.com\/vi\/wp-json\/wp\/v2\/product_tag?post=330"}],"curies":[{"name":"wp","href":"https:\/\/api.w.org\/{rel}","templated":true}]}}