{"id":329,"date":"2024-06-28T07:30:57","date_gmt":"2024-06-28T07:30:57","guid":{"rendered":"https:\/\/rfid-laundry-tag.com\/?post_type=product&#038;p=329"},"modified":"2024-06-28T07:37:14","modified_gmt":"2024-06-28T07:37:14","slug":"mifare-ultralight-ev1-inlay-sticker","status":"publish","type":"product","link":"https:\/\/rfid-laundry-tag.com\/vi\/mifare-ultralight-ev1-inlay-sticker\/","title":{"rendered":"Mi\u1ebfng d\u00e1n Mifare Ultralight ev1"},"content":{"rendered":"<div>\n<div class=\"auto-hide-last-sibling-br paragraph_9dc5f paragraph-element\"><strong>Mi\u1ebfng d\u00e1n MIFARE Ultralight EV1<\/strong> kh\u00e1 ph\u1ed5 bi\u1ebfn v\u00e0 \u0111\u01b0\u1ee3c s\u1eed d\u1ee5ng r\u1ed9ng r\u00e3i, x\u00e9t \u0111\u1ebfn t\u00ednh th\u1ef1c t\u1ebf m\u00e0 ch\u00fang mang l\u1ea1i v\u00e0 kh\u1ea3 n\u0103ng t\u01b0\u01a1ng th\u00edch v\u1edbi nhi\u1ec1u lo\u1ea1i thi\u1ebft b\u1ecb. Sau \u0111\u00e2y l\u00e0 m\u1ed9t s\u1ed1 t\u00f9y ch\u1ecdn c\u00f3 s\u1eb5n:<\/div>\n<p><br class=\"container_21264 wrapper_661ac undefined\" \/><\/p>\n<ol class=\"auto-hide-last-sibling-br\">\n<li>\n<div class=\"auto-hide-last-sibling-br paragraph_9dc5f paragraph-element\"><strong>Nh\u00e3n d\u00e1n gi\u1ea5y NFC MIFARE Ultralight\u00ae EV1 35x35mm<\/strong>: L\u00e0 th\u1ebb NFC gi\u1ea5y d\u00ednh, ch\u00fang \u0111i k\u00e8m v\u1edbi chip NFC NXP MIFARE Ultralight\u00ae t\u00edch h\u1ee3p, t\u01b0\u01a1ng th\u00edch v\u1edbi \u0111i\u1ec7n tho\u1ea1i th\u00f4ng minh v\u00e0 m\u00e1y t\u00ednh b\u1ea3ng Android v\u00e0 BlackBerry. Dung l\u01b0\u1ee3ng c\u1ee7a ch\u00fang l\u00e0 41 byte. Ho\u1ea1t \u0111\u1ed9ng theo ti\u00eau chu\u1ea9n ISO\/IEC 14443 Type-A, nh\u1eefng nh\u00e3n d\u00e1n n\u00e0y th\u1eadt kh\u00f4ng may hi\u1ec7n \u0111ang h\u1ebft h\u00e0ng.<\/div>\n<\/li>\n<li><strong>Nh\u00e3n RFID 56x18mm NXP Mifare\u00aeUltralight EV1 50pf | ISO14443A<\/strong>: Nh\u00e3n RFID ch\u1ea5t l\u01b0\u1ee3ng cao n\u00e0y c\u00f3 chip NXP Mifare\u00ae Ultralight EV1, \u0111i k\u00e8m v\u1edbi \u0111i\u1ec7n dung 50pF \u0111\u1ea3m b\u1ea3o ph\u1ea1m vi \u0111\u1ecdc v\u00e0 hi\u1ec7u su\u1ea5t t\u1ed1i \u01b0u. Tu\u00e2n th\u1ee7 ho\u00e0n to\u00e0n ISO14443A, ho\u00e0n h\u1ea3o \u0111\u1ec3 s\u1eed d\u1ee5ng trong c\u00e1c \u1ee9ng d\u1ee5ng t\u1eeb giao th\u00f4ng c\u00f4ng c\u1ed9ng v\u00e0 ch\u01b0\u01a1ng tr\u00ecnh kh\u00e1ch h\u00e0ng th\u00e2n thi\u1ebft \u0111\u1ebfn b\u00e1n v\u00e9 s\u1ef1 ki\u1ec7n v\u00e0 gi\u1ea3i ph\u00e1p th\u00e0nh ph\u1ed1 th\u00f4ng minh.<\/li>\n<\/ol>\n<\/div>\n<div class=\"text-title\"><strong><span class=\"magic-26\" style=\"font-family: Arial;\" data-spm-anchor-id=\"a2700.details.0.i47.6f4d7d7dnursE7\">Kh\u1ea3m kh\u00f4<\/span><\/strong><\/div>\n<div class=\"text-content\">\n<p><span class=\"magic-6\" style=\"font-family: Arial;\">N\u00f3i m\u1ed9t c\u00e1ch \u0111\u01a1n gi\u1ea3n, RFID dry inlay l\u00e0 s\u1ef1 k\u1ebft h\u1ee3p gi\u1eefa chip RFID v\u00e0 \u0103ng-ten. N\u00f3 c\u00f3 th\u1ec3 \u0111\u01b0\u1ee3c s\u1eed d\u1ee5ng \u0111\u1ec3 l\u00e0m nh\u00e3n d\u00e1n NFC, nh\u00e3n RFID, v\u00e9 RFID v\u00e0 nhi\u1ec1u lo\u1ea1i th\u1ebb RFID kh\u00e1c nhau. <\/span><\/p>\n<div data-spm-anchor-id=\"a2700.details.0.i46.6f4d7d7dnursE7\">\n<p><span class=\"magic-6\" style=\"font-family: Arial;\"> \u0102ng-ten c\u1ee7a inlay kh\u00f4 l\u00e0 nh\u00f4m kh\u1eafc, m\u1ecfng h\u01a1n so v\u1edbi cu\u1ed9n d\u00e2y \u0111\u1ed3ng. H\u00ecnh d\u1ea1ng c\u1ee7a \u0103ng-ten c\u00f3 th\u1ec3 \u0111\u01b0\u1ee3c t\u00f9y ch\u1ec9nh v\u00e0 thi\u1ebft k\u1ebf l\u1ea1i theo y\u00eau c\u1ea7u.<\/span><\/p>\n<p>&nbsp;<\/p>\n<\/div>\n<\/div>\n<div>\n<div class=\"text-title\"><strong><span class=\"magic-26\" style=\"font-family: Arial;\">Kh\u1ea3m \u01b0\u1edbt<\/span><\/strong><\/div>\n<div class=\"text-content\">\n<p><span class=\"magic-6\" style=\"font-family: Arial;\" data-spm-anchor-id=\"a2700.details.0.i49.6f4d7d7dnursE7\">L\u1edbp ph\u1ee7 RFID kh\u00f4 \u0111\u01b0\u1ee3c th\u00eam ch\u1ea5t k\u1ebft d\u00ednh \u0111\u01b0\u1ee3c g\u1ecdi l\u00e0 l\u1edbp ph\u1ee7 \u01b0\u1edbt. N\u00f3 c\u00f3 th\u1ec3 \u0111\u01b0\u1ee3c s\u1eed d\u1ee5ng tr\u1ef1c ti\u1ebfp nh\u01b0 nh\u00e3n RFID ho\u1eb7c nh\u00e3n d\u00e1n NFC n\u1ebfu b\u1ea1n kh\u00f4ng c\u1ea7n in tr\u00ean b\u1ec1 m\u1eb7t. Vi\u1ec7c d\u00e1n tr\u00ean c\u00e1c v\u1eadt th\u1ec3 c\u00f3 th\u1ec3 ti\u1ebft ki\u1ec7m chi ph\u00ed v\u00e0 \u0111\u1ea1t \u0111\u01b0\u1ee3c c\u00f9ng m\u1ee5c \u0111\u00edch. N\u00f3 c\u0169ng \u0111\u01b0\u1ee3c \u1ee9ng d\u1ee5ng r\u1ed9ng r\u00e3i trong vi\u1ec7c s\u1ea3n xu\u1ea5t th\u1ebb RFID. \u0102ng-ten c\u1ee7a l\u1edbp ph\u1ee7 \u01b0\u1edbt l\u00e0 l\u1edbp kh\u1eafc nh\u00f4m, m\u1ecfng h\u01a1n so v\u1edbi cu\u1ed9n d\u00e2y \u0111\u1ed3ng. H\u00ecnh d\u1ea1ng c\u1ee7a \u0103ng-ten c\u00f3 th\u1ec3 \u0111\u01b0\u1ee3c t\u00f9y ch\u1ec9nh v\u00e0 thi\u1ebft k\u1ebf l\u1ea1i theo y\u00eau c\u1ea7u.<\/span><\/p>\n<div><strong>Mi\u1ebfng d\u00e1n Mifare Ultralight ev1<\/strong><\/div>\n<div><\/div>\n<div data-spm-anchor-id=\"a2700.details.0.i48.6f4d7d7dnursE7\">\n<table class=\"hight-light-first-column all magic-14\">\n<tbody>\n<tr>\n<td colspan=\"1\" rowspan=\"1\">\n<div class=\"magic-15\"><b>V\u1eadt li\u1ec7u<\/b><\/div>\n<\/td>\n<td colspan=\"1\" rowspan=\"1\">\n<div class=\"magic-16\" data-spm-anchor-id=\"a2700.details.0.i34.21f6414cWQ4Zrf\">Gi\u1ea5y\/Gi\u1ea5y nhi\u1ec7t\/V\u1ea3i\/PVC\/PET<\/div>\n<\/td>\n<\/tr>\n<tr>\n<td colspan=\"1\" rowspan=\"1\">\n<div class=\"magic-15\"><b>K\u00edch c\u1ee1<\/b><\/div>\n<\/td>\n<td colspan=\"1\" rowspan=\"1\">\n<div class=\"magic-16\">18*56mm, 25*25mm, 30*30mm, 40*40mm, \u0110\u01b0\u1eddng k\u00ednh 18mm, \u0110\u01b0\u1eddng k\u00ednh 20mm, \u0110\u01b0\u1eddng k\u00ednh 22mm, \u0110\u01b0\u1eddng k\u00ednh 25mm ho\u1eb7c k\u00edch th\u01b0\u1edbc t\u00f9y ch\u1ec9nh.<\/div>\n<\/td>\n<\/tr>\n<tr>\n<td colspan=\"1\" rowspan=\"1\">\n<div class=\"magic-15\"><b>In \u1ea5n<\/b><\/div>\n<\/td>\n<td colspan=\"1\" rowspan=\"1\">\n<div class=\"magic-16\">Kh\u00f4ng c\u1ea7n in<\/div>\n<\/td>\n<\/tr>\n<tr>\n<td colspan=\"1\" rowspan=\"1\">\n<div class=\"magic-15\"><b>Chip c\u00f3 s\u1eb5n<\/b><\/div>\n<\/td>\n<td colspan=\"1\" rowspan=\"1\">\n<div class=\"magic-16\">\n<p><strong>Mifare Ultralight ev1 <\/strong><\/p>\n<\/div>\n<\/td>\n<\/tr>\n<tr>\n<td colspan=\"1\" rowspan=\"1\">\n<div class=\"magic-21\"><b>Giao th\u1ee9c:<\/b><\/div>\n<\/td>\n<td colspan=\"4\" rowspan=\"1\">\n<div class=\"magic-22\">ISO\/IEC 14443 Lo\u1ea1i A<\/div>\n<\/td>\n<\/tr>\n<tr>\n<td colspan=\"1\" rowspan=\"1\">\n<div class=\"magic-26\"><b>Th\u1ee7 c\u00f4ng m\u1ef9 ngh\u1ec7:<\/b><\/div>\n<\/td>\n<td colspan=\"4\" rowspan=\"1\">\n<div class=\"magic-22\" data-spm-anchor-id=\"a2700.details.0.i33.21f6414cWQ4Zrf\">In \u1ea5n, m\u00e3 v\u1ea1ch, m\u00e3 QR, v.v.<\/div>\n<\/td>\n<\/tr>\n<\/tbody>\n<\/table>\n<\/div>\n<\/div>\n<\/div>","protected":false},"excerpt":{"rendered":"<p>Mi\u1ebfng d\u00e1n Mifare Ultralight ev1 ho\u1eb7c Transponder, m\u1ed9t lo\u1ea1i linh ki\u1ec7n ch\u01b0a ho\u00e0n thi\u1ec7n, c\u00f3 th\u1ec3 \u0111\u01b0\u1ee3c bi\u1ebfn \u0111\u1ed5i th\u00e0nh nhi\u1ec1u m\u1eb7t h\u00e0ng kh\u00e1c nhau nh\u01b0 v\u00e9, huy hi\u1ec7u, nh\u00e3n ho\u1eb7c th\u1ebb. \u0110\u1ed3ng th\u1eddi, c\u00e1c mi\u1ebfng d\u00e1n RFID NFC HF n\u00e0y c\u00f3 th\u1ec3 \u0111\u01b0\u1ee3c s\u1ea3n xu\u1ea5t theo nhi\u1ec1u k\u00edch c\u1ee1, t\u00f9y ch\u1ec9nh \u0111\u1ec3 \u0111\u00e1p \u1ee9ng nhu c\u1ea7u c\u1ee5 th\u1ec3 c\u1ee7a b\u1ea1n.<\/p>","protected":false},"featured_media":328,"template":"","meta":{"_kad_post_transparent":"default","_kad_post_title":"","_kad_post_layout":"default","_kad_post_sidebar_id":"","_kad_post_content_style":"default","_kad_post_vertical_padding":"default","_kad_post_feature":"","_kad_post_feature_position":"","_kad_post_header":false,"_kad_post_footer":false,"_kad_post_classname":""},"product_brand":[],"product_cat":[54],"product_tag":[112,142,143],"class_list":{"0":"post-329","1":"product","2":"type-product","3":"status-publish","4":"has-post-thumbnail","6":"product_cat-hot-selling-rfid-tags","7":"product_tag-13-56mhz-rfid-inlay","8":"product_tag-mifare-ultralight-ev1-inlay-sticker","9":"product_tag-ultralight-ev1-nfc-inlay-sticker","11":"first","12":"instock","13":"shipping-taxable","14":"product-type-simple","15":"entry","16":"content-bg","17":"loop-entry"},"_links":{"self":[{"href":"https:\/\/rfid-laundry-tag.com\/vi\/wp-json\/wp\/v2\/product\/329","targetHints":{"allow":["GET"]}}],"collection":[{"href":"https:\/\/rfid-laundry-tag.com\/vi\/wp-json\/wp\/v2\/product"}],"about":[{"href":"https:\/\/rfid-laundry-tag.com\/vi\/wp-json\/wp\/v2\/types\/product"}],"version-history":[{"count":0,"href":"https:\/\/rfid-laundry-tag.com\/vi\/wp-json\/wp\/v2\/product\/329\/revisions"}],"wp:featuredmedia":[{"embeddable":true,"href":"https:\/\/rfid-laundry-tag.com\/vi\/wp-json\/wp\/v2\/media\/328"}],"wp:attachment":[{"href":"https:\/\/rfid-laundry-tag.com\/vi\/wp-json\/wp\/v2\/media?parent=329"}],"wp:term":[{"taxonomy":"product_brand","embeddable":true,"href":"https:\/\/rfid-laundry-tag.com\/vi\/wp-json\/wp\/v2\/product_brand?post=329"},{"taxonomy":"product_cat","embeddable":true,"href":"https:\/\/rfid-laundry-tag.com\/vi\/wp-json\/wp\/v2\/product_cat?post=329"},{"taxonomy":"product_tag","embeddable":true,"href":"https:\/\/rfid-laundry-tag.com\/vi\/wp-json\/wp\/v2\/product_tag?post=329"}],"curies":[{"name":"wp","href":"https:\/\/api.w.org\/{rel}","templated":true}]}}