{"id":3242,"date":"2026-01-13T13:41:34","date_gmt":"2026-01-13T13:41:34","guid":{"rendered":"https:\/\/rfid-laundry-tag.com\/?post_type=product&#038;p=3242"},"modified":"2026-03-12T10:03:35","modified_gmt":"2026-03-12T10:03:35","slug":"mifare-s50-rfid-inlay","status":"publish","type":"product","link":"https:\/\/rfid-laundry-tag.com\/vi\/mifare-s50-rfid-inlay\/","title":{"rendered":"T\u1ea5m RFID MIFARE S50"},"content":{"rendered":"<h2>T\u1ea5m RFID MIFARE S50<\/h2>\n<p><span class=\"ng-star-inserted\">C\u00e1c <a href=\"https:\/\/rfid-laundry-tag.com\/vi\/rfid-inlay\/\">MIFARE S50\u00a0<\/a><\/span><strong class=\"ng-star-inserted\"><span class=\"ng-star-inserted\">L\u1edbp ph\u1ee7 RFID<\/span><\/strong><span class=\"ng-star-inserted\">\u00a0\u0110\u00e2y l\u00e0 gi\u1ea3i ph\u00e1p ti\u00ean ti\u1ebfn \u0111\u01b0\u1ee3c thi\u1ebft k\u1ebf \u0111\u1ec3 t\u1ed1i \u01b0u h\u00f3a ho\u1ea1t \u0111\u1ed9ng, t\u0103ng c\u01b0\u1eddng b\u1ea3o m\u1eadt v\u00e0 n\u00e2ng cao tr\u1ea3i nghi\u1ec7m ng\u01b0\u1eddi d\u00f9ng tr\u00ean nhi\u1ec1u \u1ee9ng d\u1ee5ng. C\u00f4ng ngh\u1ec7 m\u1ea1nh m\u1ebd nh\u01b0ng k\u00edn \u0111\u00e1o n\u00e0y cho ph\u00e9p b\u1ea1n d\u1ec5 d\u00e0ng qu\u1ea3n l\u00fd quy\u1ec1n truy c\u1eadp, x\u1eed l\u00fd thanh to\u00e1n, theo d\u00f5i t\u00e0i s\u1ea3n v\u00e0 t\u01b0\u01a1ng t\u00e1c v\u1edbi kh\u00e1ch h\u00e0ng theo nh\u1eefng c\u00e1ch th\u1ee9c s\u00e1ng t\u1ea1o. S\u1ea3n ph\u1ea9m n\u00e0y \u0111\u00e1ng mua v\u00ec n\u00f3 cung c\u1ea5p \u0111\u1ed9 tin c\u1eady, kh\u1ea3 n\u0103ng t\u01b0\u01a1ng th\u00edch v\u00e0 d\u1ec5 d\u00e0ng t\u00edch h\u1ee3p v\u01b0\u1ee3t tr\u1ed9i, tr\u1edf th\u00e0nh l\u1ef1a ch\u1ecdn l\u00fd t\u01b0\u1edfng cho c\u00e1c doanh nghi\u1ec7p mu\u1ed1n t\u1eadn d\u1ee5ng s\u1ee9c m\u1ea1nh c\u1ee7a RFID. Cho d\u00f9 b\u1ea1n \u0111ang t\u00ecm c\u00e1ch tri\u1ec3n khai ki\u1ec3m so\u00e1t truy c\u1eadp an to\u00e0n, t\u1ea1o h\u1ec7 th\u1ed1ng thanh to\u00e1n kh\u00f4ng d\u00f9ng ti\u1ec1n m\u1eb7t li\u1ec1n m\u1ea1ch hay c\u00e1ch m\u1ea1ng h\u00f3a qu\u1ea3n l\u00fd h\u00e0ng t\u1ed3n kho, RFID \u0111\u1ec1u c\u00f3 th\u1ec3 \u0111\u00e1p \u1ee9ng \u0111\u01b0\u1ee3c. <a href=\"https:\/\/rfid-laundry-tag.com\/vi\/rfid-inlay\/\">MIFARE S50\u00a0<\/a><\/span><strong class=\"ng-star-inserted\"><span class=\"ng-star-inserted\">L\u1edbp ph\u1ee7 RFID<\/span><\/strong><span class=\"ng-star-inserted\">\u00a0S\u1ea3n ph\u1ea9m n\u00e0y mang l\u1ea1i hi\u1ec7u n\u0103ng v\u00e0 t\u00ednh linh ho\u1ea1t c\u1ea7n thi\u1ebft \u0111\u1ec3 b\u1ea1n th\u00e0nh c\u00f4ng. N\u00f3i m\u1ed9t c\u00e1ch \u0111\u01a1n gi\u1ea3n, \u0111\u00e2y l\u00e0 s\u1ea3n ph\u1ea9m kh\u00f4ng th\u1ec3 thi\u1ebfu.<\/span><\/p>\n<table class=\"has-title all magic-13\">\n<tbody>\n<tr>\n<td colspan=\"1\" rowspan=\"1\">\n<div class=\"magic-14\" data-spm-anchor-id=\"a2700.details.0.i37.2ec61361oDo4aX\">T\u00ean s\u1ea3n ph\u1ea9m<\/div>\n<\/td>\n<td colspan=\"1\" rowspan=\"1\">\n<div class=\"magic-15\">T\u1ea5m RFID MIFARE S50<\/div>\n<\/td>\n<\/tr>\n<tr>\n<td colspan=\"1\" rowspan=\"1\">\n<div class=\"magic-14\">Chip<\/div>\n<\/td>\n<td colspan=\"1\" rowspan=\"1\">\n<div class=\"magic-15\">MIFARE Classic\u00ae 1K<\/div>\n<\/td>\n<\/tr>\n<tr>\n<td colspan=\"1\" rowspan=\"1\">\n<div class=\"magic-14\">T\u00ednh th\u01b0\u1eddng xuy\u00ean<\/div>\n<\/td>\n<td colspan=\"1\" rowspan=\"1\">\n<div class=\"magic-15\">13,56MHz<\/div>\n<\/td>\n<\/tr>\n<tr>\n<td colspan=\"1\" rowspan=\"1\">\n<div class=\"magic-14\">Kho\u1ea3ng c\u00e1ch \u0111\u1ecdc<\/div>\n<\/td>\n<td colspan=\"1\" rowspan=\"1\">\n<div class=\"magic-15\">1-5CM<\/div>\n<\/td>\n<\/tr>\n<tr>\n<td colspan=\"1\" rowspan=\"1\">\n<div class=\"magic-14\">V\u1eadt li\u1ec7u<\/div>\n<\/td>\n<td colspan=\"1\" rowspan=\"1\">\n<div class=\"magic-15\">Gi\u1ea5y tr\u00e1ng ph\u1ee7<\/div>\n<\/td>\n<\/tr>\n<tr>\n<td colspan=\"1\" rowspan=\"1\">\n<div class=\"magic-14\">Ch\u1ea5t n\u1ec1n<\/div>\n<\/td>\n<td colspan=\"1\" rowspan=\"1\">\n<div class=\"magic-15\">TH\u00da C\u01afNG<\/div>\n<\/td>\n<\/tr>\n<tr>\n<td colspan=\"1\" rowspan=\"1\">\n<div class=\"magic-14\">\u0110\u01b0\u1eddng k\u00ednh 50 mmK\u00edch th\u01b0\u1edbc<\/div>\n<\/td>\n<td colspan=\"1\" rowspan=\"1\">\n<div class=\"magic-15\">\u0110\u01b0\u1eddng k\u00ednh 25mm ho\u1eb7c t\u00f9y ch\u1ec9nh<\/div>\n<\/td>\n<\/tr>\n<tr>\n<td colspan=\"1\" rowspan=\"1\">\n<div class=\"magic-14\">Ch\u1ebf \u0111\u1ed9 l\u00e0m vi\u1ec7c<\/div>\n<\/td>\n<td colspan=\"1\" rowspan=\"1\">\n<div class=\"magic-15\">Th\u1ee5 \u0111\u1ed9ng<\/div>\n<\/td>\n<\/tr>\n<tr>\n<td colspan=\"1\" rowspan=\"1\">\n<div class=\"magic-14\">Vi\u1ebft chu k\u1ef3<\/div>\n<\/td>\n<td colspan=\"1\" rowspan=\"1\">\n<div class=\"magic-15\">100000<\/div>\n<\/td>\n<\/tr>\n<tr>\n<td colspan=\"1\" rowspan=\"1\">\n<div class=\"magic-14\">Nhi\u1ec7t \u0111\u1ed9 ho\u1ea1t \u0111\u1ed9ng \/ \u0111\u1ed9 \u1ea9m<\/div>\n<\/td>\n<td colspan=\"1\" rowspan=\"1\">\n<div class=\"magic-15\">-40~70\u2103\/20%~90% \u0111\u1ed9 \u1ea9m t\u01b0\u01a1ng \u0111\u1ed1i<\/div>\n<\/td>\n<\/tr>\n<tr>\n<td colspan=\"1\" rowspan=\"1\">\n<div class=\"magic-14\">Nhi\u1ec7t \u0111\u1ed9 \/ \u0111\u1ed9 \u1ea9m l\u01b0u tr\u1eef<\/div>\n<\/td>\n<td colspan=\"1\" rowspan=\"1\">\n<div class=\"magic-15\">-20~50\u2103 \/ 20%~90% RH (Kh\u00f4ng ng\u01b0ng t\u1ee5).<\/div>\n<\/td>\n<\/tr>\n<tr>\n<td colspan=\"1\" rowspan=\"1\">\n<div class=\"magic-14\">M\u1eabu c\u00f3 s\u1eb5n<\/div>\n<\/td>\n<td colspan=\"1\" rowspan=\"1\">\n<div class=\"magic-15\">M\u1eabu mi\u1ec5n ph\u00ed c\u00f3 s\u1eb5n theo y\u00eau c\u1ea7u<\/div>\n<\/td>\n<\/tr>\n<tr>\n<td colspan=\"1\" rowspan=\"1\">\n<div class=\"magic-14\">Bao b\u00ec<\/div>\n<\/td>\n<td colspan=\"1\" rowspan=\"1\">\n<div class=\"magic-15\">1000-5000 c\u00e1i\/cu\u1ed9n, 4 cu\u1ed9n\/th\u00f9ng<\/div>\n<\/td>\n<\/tr>\n<tr>\n<td colspan=\"1\" rowspan=\"1\">\n<div class=\"magic-14\">\n<p>\u1ee8ng d\u1ee5ng<\/p>\n<div><\/div>\n<\/div>\n<\/td>\n<td colspan=\"1\" rowspan=\"1\">\n<div class=\"magic-15\" data-spm-anchor-id=\"a2700.details.0.i47.2ec61361oDo4aX\">Ki\u1ec3m so\u00e1t nh\u1eadp h\u1ecdc an to\u00e0n\/Thanh to\u00e1n kh\u00f4ng d\u00f9ng ti\u1ec1n m\u1eb7t Ch\u01b0\u01a1ng tr\u00ecnh th\u00e0nh vi\u00ean v\u00e0 kh\u00e1ch h\u00e0ng th\u00e2n thi\u1ebft Ti\u1ebfp c\u1eadn s\u1ef1 ki\u1ec7n v\u00e0 x\u00e2y d\u1ef1ng th\u01b0\u01a1ng hi\u1ec7u\/Truy\u1ec1n th\u00f4ng x\u00e3 h\u1ed9i\/B\u00e1n l\u1ebb<br \/>\nM\u00f4i tr\u01b0\u1eddng\/Tr\u00f2 ch\u01a1i &amp; \u0110\u1ed3 ch\u01a1i \u0110\u1ecba \u0111i\u1ec3m\/\u0110i\u1ec7n t\u1eed\/Tri\u1ec3n l\u00e3m th\u01b0\u01a1ng m\u1ea1i\/S\u1ef1 ki\u1ec7n\/Y\u00eau c\u1ea7u g\u1ecdi \u0111i\u1ec7n\/Danh thi\u1ebfp<\/div>\n<\/td>\n<\/tr>\n<\/tbody>\n<\/table>\n<p>&nbsp;<\/p>\n<p>MIFARE S50<a href=\"https:\/\/rfid-laundry-tag.com\/vi\/rfid-inlay\/\"> L\u1edbp ph\u1ee7 RFID\u00a0<\/a>l\u00e0 gi\u1ea3i ph\u00e1p \u0111a n\u0103ng \u0111\u01b0\u1ee3c thi\u1ebft k\u1ebf \u0111\u1ec3 \u0111\u00e1p \u1ee9ng nhu c\u1ea7u ng\u00e0y c\u00e0ng t\u0103ng c\u1ee7a c\u00e1c \u1ee9ng d\u1ee5ng hi\u1ec7n \u0111\u1ea1i. Ho\u1ea1t \u0111\u1ed9ng \u1edf t\u1ea7n s\u1ed1 13,56MHz, mi\u1ebfng d\u00e1n h\u1ed7 tr\u1ee3 NFC n\u00e0y v\u1eabn gi\u1eef nguy\u00ean t\u1ea5t c\u1ea3 c\u00e1c t\u00ednh n\u0103ng thi\u1ebft y\u1ebfu c\u1ee7a c\u00f4ng ngh\u1ec7 MIFARE Classic trong khi v\u1eabn cung c\u1ea5p ch\u1ee9c n\u0103ng th\u00e2n thi\u1ec7n v\u1edbi ng\u01b0\u1eddi d\u00f9ng. V\u1edbi k\u00edch th\u01b0\u1edbc nh\u1ecf g\u1ecdn \u0111\u01b0\u1eddng k\u00ednh 25mm v\u00e0 \u0111\u1ed9 d\u00e0y 0,5mm, mi\u1ebfng d\u00e1n n\u00e0y c\u00f3 s\u1eb5n \u1edf d\u1ea1ng nh\u00e3n d\u00e1n th\u1ebb ti\u1ec1n xu tr\u1ed1ng ti\u1ec7n l\u1ee3i, gi\u00fap d\u1ec5 d\u00e0ng g\u1eafn v\u00e0 s\u1eed d\u1ee5ng tr\u00ean nhi\u1ec1u \u1ee9ng d\u1ee5ng kh\u00e1c nhau. Cho d\u00f9 b\u1ea1n \u0111ang t\u00ecm ki\u1ebfm gi\u1ea3i ph\u00e1p RFID cho h\u1ec7 th\u1ed1ng thanh to\u00e1n, ki\u1ec3m so\u00e1t truy c\u1eadp hay nh\u1eadn d\u1ea1ng, mi\u1ebfng d\u00e1n MIFARE Classic 1K \u0111\u1ec1u mang l\u1ea1i \u0111\u1ed9 tin c\u1eady v\u00e0 hi\u1ec7u su\u1ea5t v\u00f4 song.<\/p>\n<h3>T\u1ea1i sao n\u00ean ch\u1ecdn chip RFID MIFARE S50?<\/h3>\n<ul>\n<li><strong>T\u00edch h\u1ee3p d\u1ec5 d\u00e0ng<\/strong>: Th\u00edch h\u1ee3p cho nhi\u1ec1u \u1ee9ng d\u1ee5ng, t\u1eeb h\u1ec7 th\u1ed1ng thanh to\u00e1n \u0111\u1ebfn b\u00e1n v\u00e9 s\u1ef1 ki\u1ec7n, ph\u1ea7n t\u00edch h\u1ee3p n\u00e0y t\u00edch h\u1ee3p li\u1ec1n m\u1ea1ch v\u00e0o c\u00e1c n\u1ec1n t\u1ea3ng hi\u1ec7n c\u00f3.<\/li>\n<li><strong>Gi\u1ea3i ph\u00e1p ti\u1ebft ki\u1ec7m chi ph\u00ed<\/strong>:V\u1edbi gi\u00e1 th\u00e0nh th\u1ea5p, ch\u1ea5t l\u01b0\u1ee3ng cao v\u00e0 thi\u1ebft k\u1ebf b\u1ec1n b\u1ec9, \u0111\u00e2y l\u00e0 l\u1ef1a ch\u1ecdn ti\u1ebft ki\u1ec7m m\u00e0 kh\u00f4ng \u1ea3nh h\u01b0\u1edfng \u0111\u1ebfn hi\u1ec7u su\u1ea5t.<\/li>\n<li><strong>Th\u00e2n thi\u1ec7n v\u1edbi ng\u01b0\u1eddi d\u00f9ng<\/strong>: \u0110\u1ecbnh d\u1ea1ng nh\u00e3n d\u00e1n tr\u1ed1ng cho ph\u00e9p d\u00e1n nh\u00e3n d\u1ec5 d\u00e0ng v\u00e0 t\u00f9y ch\u1ec9nh, n\u00e2ng cao tr\u1ea3i nghi\u1ec7m c\u1ee7a ng\u01b0\u1eddi d\u00f9ng.<\/li>\n<\/ul>\n<h3>Gi\u1ea3i th\u00edch v\u1ec1 c\u00f4ng ngh\u1ec7 NFC<\/h3>\n<p>C\u00f4ng ngh\u1ec7 NFC (Giao ti\u1ebfp tr\u01b0\u1eddng g\u1ea7n) t\u1ea1o th\u00e0nh x\u01b0\u01a1ng s\u1ed1ng c\u1ee7a... <strong>L\u1edbp ph\u1ee7 MIFARE Classic 1K<\/strong>. B\u1eb1ng c\u00e1ch s\u1eed d\u1ee5ng c\u00f4ng ngh\u1ec7 n\u00e0y, l\u1edbp ph\u1ee7 b\u00ean trong cho ph\u00e9p trao \u0111\u1ed5i d\u1eef li\u1ec7u kh\u00f4ng ti\u1ebfp x\u00fac gi\u1eefa c\u00e1c thi\u1ebft b\u1ecb. T\u00ednh n\u0103ng n\u00e0y kh\u00f4ng ch\u1ec9 gi\u1edbi h\u1ea1n \u1edf t\u01b0\u01a1ng t\u00e1c gi\u1eefa th\u1ebb v\u00e0 \u0111\u1ea7u \u0111\u1ecdc m\u00e0 c\u00f2n h\u1ed7 tr\u1ee3 thanh to\u00e1n di \u0111\u1ed9ng v\u00e0 ki\u1ec3m so\u00e1t truy c\u1eadp an to\u00e0n.<\/p>\n<h3>L\u1ee3i \u00edch ch\u00ednh c\u1ee7a MIFARE Classic 1K<\/h3>\n<ul>\n<li><strong>T\u0103ng c\u01b0\u1eddng b\u1ea3o m\u1eadt<\/strong>:V\u1edbi UID 4 byte duy nh\u1ea5t, MIFARE Classic 1K Inlay gi\u00fap ng\u0103n ng\u1eeba tr\u00f9ng l\u1eb7p d\u1eef li\u1ec7u, t\u0103ng th\u00eam m\u1ed9t l\u1edbp b\u1ea3o m\u1eadt cho \u1ee9ng d\u1ee5ng c\u1ee7a b\u1ea1n.<\/li>\n<li><strong>T\u00ednh linh ho\u1ea1t<\/strong>: Th\u00edch h\u1ee3p cho nhi\u1ec1u \u1ee9ng d\u1ee5ng kh\u00f4ng ti\u1ebfp x\u00fac, t\u1eeb b\u00e1n l\u1ebb \u0111\u1ebfn v\u1eadn t\u1ea3i, t\u0103ng c\u01b0\u1eddng s\u1ef1 t\u01b0\u01a1ng t\u00e1c c\u1ee7a ng\u01b0\u1eddi d\u00f9ng.<\/li>\n<li><strong>Kh\u1ea3 n\u0103ng t\u01b0\u01a1ng th\u00edch<\/strong>: Ho\u00e0n to\u00e0n t\u01b0\u01a1ng th\u00edch v\u1edbi \u0111\u1ea7u \u0111\u1ecdc\/ghi ACR122U, c\u00f9ng v\u1edbi c\u00e1c thi\u1ebft b\u1ecb MIFARE Classic kh\u00e1c, khi\u1ebfn \u0111\u00e2y tr\u1edf th\u00e0nh c\u00f4ng c\u1ee5 \u0111a n\u0103ng trong kho v\u0169 kh\u00ed NFC c\u1ee7a b\u1ea1n.<\/li>\n<\/ul>\n<h3>H\u01b0\u1edbng d\u1eabn s\u1eed d\u1ee5ng<\/h3>\n<p>\u0110\u1ec3 s\u1eed d\u1ee5ng th\u1ebb RFID MIFARE S50, ch\u1ec9 c\u1ea7n g\u1eafn n\u00f3 v\u00e0o b\u1ec1 m\u1eb7t mong mu\u1ed1n b\u1eb1ng l\u1edbp keo d\u00e1n \u0111\u01b0\u1ee3c cung c\u1ea5p k\u00e8m theo. \u0110\u1ea3m b\u1ea3o b\u1ec1 m\u1eb7t s\u1ea1ch v\u00e0 kh\u00f4 \u0111\u1ec3 \u0111\u1ea1t hi\u1ec7u qu\u1ea3 b\u00e1m d\u00ednh t\u1ed1i \u01b0u. Sau khi d\u00e1n, th\u1ebb c\u00f3 th\u1ec3 \u0111\u01b0\u1ee3c \u0111\u1ecdc v\u00e0 ghi d\u1eef li\u1ec7u b\u1eb1ng thi\u1ebft b\u1ecb h\u1ed7 tr\u1ee3 NFC ho\u1eb7c \u0111\u1ea7u \u0111\u1ecdc t\u01b0\u01a1ng th\u00edch, ch\u1eb3ng h\u1ea1n nh\u01b0 ACR122U.<\/p>\n<h3>T\u00e1c \u0111\u1ed9ng m\u00f4i tr\u01b0\u1eddng<\/h3>\n<p>Th\u1ebb RFID MIFARE S50 \u0111\u01b0\u1ee3c s\u1ea3n xu\u1ea5t v\u1edbi s\u1ef1 quan t\u00e2m \u0111\u1ebfn m\u00f4i tr\u01b0\u1eddng. Vi\u1ec7c s\u1eed d\u1ee5ng c\u00e1c v\u1eadt li\u1ec7u b\u1ec1n v\u00e0 c\u00f3 th\u1ec3 t\u00e1i ch\u1ebf \u0111\u1ea3m b\u1ea3o r\u1eb1ng, trong khi \u0111\u00e1p \u1ee9ng nhu c\u1ea7u c\u00e1 nh\u00e2n ho\u1eb7c doanh nghi\u1ec7p c\u1ee7a b\u1ea1n, b\u1ea1n c\u0169ng \u0111ang tham gia v\u00e0o c\u00e1c ho\u1ea1t \u0111\u1ed9ng th\u00e2n thi\u1ec7n v\u1edbi m\u00f4i tr\u01b0\u1eddng.<\/p>\n<h2 class=\"ng-star-inserted\"><strong class=\"ng-star-inserted\"><span class=\"ng-star-inserted\">Th\u1ebb v\u00e0 l\u1edbp ph\u1ee7 RFID: Kh\u1ea3 n\u0103ng \u1ee9ng d\u1ee5ng kh\u00f4ng gi\u1edbi h\u1ea1n<\/span><\/strong><\/h2>\n<p class=\"ng-star-inserted\"><span class=\"ng-star-inserted\">Mi\u1ebfng d\u00e1n RFID MIFARE S50<\/span><span class=\"ng-star-inserted\">\u00a0\u0110\u00e2y l\u00e0 m\u1ed9t gi\u1ea3i ph\u00e1p \u0111a n\u0103ng c\u00f3 th\u1ec3 \u0111\u01b0\u1ee3c s\u1eed d\u1ee5ng trong nhi\u1ec1u \u1ee9ng d\u1ee5ng kh\u00e1c nhau, bao g\u1ed3m:<\/span><\/p>\n<ul class=\"ng-star-inserted\">\n<li class=\"ng-star-inserted\">\n<p class=\"ng-star-inserted\"><strong class=\"ng-star-inserted\"><span class=\"ng-star-inserted\">Ki\u1ec3m so\u00e1t truy c\u1eadp an ninh:<\/span><\/strong><span class=\"ng-star-inserted\">\u00a0C\u1ea5p quy\u1ec1n truy c\u1eadp cho ng\u01b0\u1eddi \u0111\u01b0\u1ee3c \u1ee7y quy\u1ec1n v\u00e0 ng\u0103n ch\u1eb7n s\u1ef1 x\u00e2m nh\u1eadp tr\u00e1i ph\u00e9p. Ho\u00e0n h\u1ea3o cho v\u0103n ph\u00f2ng, s\u1ef1 ki\u1ec7n v\u00e0 c\u00e1c khu v\u1ef1c h\u1ea1n ch\u1ebf ra v\u00e0o.<\/span><\/p>\n<\/li>\n<li class=\"ng-star-inserted\">\n<p class=\"ng-star-inserted\"><strong class=\"ng-star-inserted\"><span class=\"ng-star-inserted\">Thanh to\u00e1n kh\u00f4ng d\u00f9ng ti\u1ec1n m\u1eb7t:<\/span><\/strong><span class=\"ng-star-inserted\">\u00a0Cho ph\u00e9p thanh to\u00e1n li\u1ec1n m\u1ea1ch v\u00e0 an to\u00e0n trong m\u00f4i tr\u01b0\u1eddng kh\u00e9p k\u00edn nh\u01b0 c\u00f4ng vi\u00ean gi\u1ea3i tr\u00ed, khu ngh\u1ec9 d\u01b0\u1ee1ng v\u00e0 khu\u00f4n vi\u00ean doanh nghi\u1ec7p.<\/span><\/p>\n<\/li>\n<li class=\"ng-star-inserted\">\n<p class=\"ng-star-inserted\"><strong class=\"ng-star-inserted\"><span class=\"ng-star-inserted\">Ch\u01b0\u01a1ng tr\u00ecnh h\u1ed9i vi\u00ean v\u00e0 kh\u00e1ch h\u00e0ng th\u00e2n thi\u1ebft:<\/span><\/strong><span class=\"ng-star-inserted\">\u00a0Theo d\u00f5i ho\u1ea1t \u0111\u1ed9ng c\u1ee7a th\u00e0nh vi\u00ean, khen th\u01b0\u1edfng kh\u00e1ch h\u00e0ng th\u00e2n thi\u1ebft v\u00e0 c\u00e1 nh\u00e2n h\u00f3a tr\u1ea3i nghi\u1ec7m.<\/span><\/p>\n<\/li>\n<li class=\"ng-star-inserted\">\n<p class=\"ng-star-inserted\"><strong class=\"ng-star-inserted\"><span class=\"ng-star-inserted\">Quy\u1ec1n truy c\u1eadp s\u1ef1 ki\u1ec7n v\u00e0 x\u00e2y d\u1ef1ng th\u01b0\u01a1ng hi\u1ec7u:<\/span><\/strong><span class=\"ng-star-inserted\">\u00a0\u0110\u01a1n gi\u1ea3n h\u00f3a quy tr\u00ecnh \u0111\u0103ng k\u00fd, thu th\u1eadp d\u1eef li\u1ec7u gi\u00e1 tr\u1ecb v\u00e0 t\u0103ng c\u01b0\u1eddng s\u1ef1 tham gia c\u1ee7a ng\u01b0\u1eddi tham d\u1ef1.<\/span><\/p>\n<\/li>\n<li class=\"ng-star-inserted\">\n<p class=\"ng-star-inserted\"><strong class=\"ng-star-inserted\"><span class=\"ng-star-inserted\">M\u1ea1ng x\u00e3 h\u1ed9i:<\/span><\/strong><span class=\"ng-star-inserted\">\u00a0T\u1ea1o tr\u1ea3i nghi\u1ec7m t\u01b0\u01a1ng t\u00e1c b\u1eb1ng c\u00e1ch nh\u00fang c\u00e1c h\u00ecnh \u1ea3nh minh h\u1ecda v\u00e0o t\u00e0i li\u1ec7u qu\u1ea3ng c\u00e1o, cho ph\u00e9p ng\u01b0\u1eddi d\u00f9ng k\u1ebft n\u1ed1i v\u1edbi th\u01b0\u01a1ng hi\u1ec7u c\u1ee7a b\u1ea1n tr\u1ef1c tuy\u1ebfn.<\/span><\/p>\n<\/li>\n<li class=\"ng-star-inserted\">\n<p class=\"ng-star-inserted\"><strong class=\"ng-star-inserted\"><span class=\"ng-star-inserted\">M\u00f4i tr\u01b0\u1eddng b\u00e1n l\u1ebb:<\/span><\/strong><span class=\"ng-star-inserted\">\u00a0Qu\u1ea3n l\u00fd h\u00e0ng t\u1ed3n kho, ng\u0103n ng\u1eeba tr\u1ed9m c\u1eafp v\u00e0 thu th\u1eadp th\u00f4ng tin chi ti\u1ebft v\u1ec1 h\u00e0nh vi kh\u00e1ch h\u00e0ng.<\/span><\/p>\n<\/li>\n<li class=\"ng-star-inserted\">\n<p class=\"ng-star-inserted\"><strong class=\"ng-star-inserted\"><span class=\"ng-star-inserted\">Tr\u00f2 ch\u01a1i &amp; \u0110\u1ed3 ch\u01a1i:<\/span><\/strong><span class=\"ng-star-inserted\">\u00a0Mang \u0111\u1ebfn m\u1ed9t chi\u1ec1u h\u01b0\u1edbng t\u01b0\u01a1ng t\u00e1c v\u00e0 thu h\u00fat m\u1edbi cho \u0111\u1ed3 ch\u01a1i v\u00e0 tr\u00f2 ch\u01a1i.<\/span><\/p>\n<\/li>\n<li class=\"ng-star-inserted\">\n<p class=\"ng-star-inserted\"><strong class=\"ng-star-inserted\"><span class=\"ng-star-inserted\">V\u1ecb tr\u00ed:<\/span><\/strong><span class=\"ng-star-inserted\">\u00a0Theo d\u00f5i t\u00e0i s\u1ea3n, gi\u00e1m s\u00e1t s\u1ef1 di chuy\u1ec3n v\u00e0 n\u00e2ng cao hi\u1ec7u qu\u1ea3 h\u1eadu c\u1ea7n.<\/span><\/p>\n<\/li>\n<li class=\"ng-star-inserted\">\n<p class=\"ng-star-inserted\"><strong class=\"ng-star-inserted\"><span class=\"ng-star-inserted\">\u0110i\u1ec7n t\u1eed:<\/span><\/strong><span class=\"ng-star-inserted\">\u00a0T\u00edch h\u1ee3p c\u00e1c chip nh\u1eadn d\u1ea1ng v\u00e0o thi\u1ebft b\u1ecb \u0111i\u1ec7n t\u1eed \u0111\u1ec3 x\u00e1c th\u1ef1c, theo d\u00f5i v\u00e0 ch\u1ed1ng h\u00e0ng gi\u1ea3.<\/span><\/p>\n<\/li>\n<li class=\"ng-star-inserted\">\n<p class=\"ng-star-inserted\"><strong class=\"ng-star-inserted\"><span class=\"ng-star-inserted\">H\u1ed9i ch\u1ee3 th\u01b0\u01a1ng m\u1ea1i\/S\u1ef1 ki\u1ec7n:<\/span><\/strong><span class=\"ng-star-inserted\">\u00a0H\u1ed7 tr\u1ee3 t\u1ea1o ra kh\u00e1ch h\u00e0ng ti\u1ec1m n\u0103ng, theo d\u00f5i s\u1edf th\u00edch c\u1ee7a ng\u01b0\u1eddi tham d\u1ef1 v\u00e0 cung c\u1ea5p c\u00e1c tr\u1ea3i nghi\u1ec7m t\u01b0\u01a1ng t\u00e1c.<\/span><\/p>\n<\/li>\n<li class=\"ng-star-inserted\">\n<p class=\"ng-star-inserted\"><strong class=\"ng-star-inserted\"><span class=\"ng-star-inserted\">Y\u00eau c\u1ea7u g\u1ecdi \u0111i\u1ec7n:<\/span><\/strong><span class=\"ng-star-inserted\">\u00a0Cho ph\u00e9p ng\u01b0\u1eddi d\u00f9ng y\u00eau c\u1ea7u th\u00f4ng tin ho\u1eb7c h\u1ed7 tr\u1ee3 ch\u1ec9 b\u1eb1ng m\u1ed9t thao t\u00e1c ch\u1ea1m \u0111\u01a1n gi\u1ea3n.<\/span><\/p>\n<\/li>\n<li class=\"ng-star-inserted\">\n<p class=\"ng-star-inserted\"><strong class=\"ng-star-inserted\"><span class=\"ng-star-inserted\">Danh thi\u1ebfp:<\/span><\/strong><span class=\"ng-star-inserted\">\u00a0Bi\u1ebfn nh\u1eefng t\u1ea5m danh thi\u1ebfp truy\u1ec1n th\u1ed1ng th\u00e0nh c\u00f4ng c\u1ee5 t\u01b0\u01a1ng t\u00e1c \u0111\u1ec3 k\u1ebft n\u1ed1i v\u00e0 chia s\u1ebb th\u00f4ng tin.<\/span><\/p>\n<\/li>\n<\/ul>\n<h2>C\u00e2u h\u1ecfi th\u01b0\u1eddng g\u1eb7p<\/h2>\n<ul>\n<li><strong>Ph\u1ea1m vi ho\u1ea1t \u0111\u1ed9ng c\u1ee7a chip RFID MIFARE S50 l\u00e0 bao nhi\u00eau?<\/strong><br \/>\nPh\u1ea1m vi hi\u1ec7u qu\u1ea3 th\u01b0\u1eddng l\u00e0 kho\u1ea3ng 10 cm khi s\u1eed d\u1ee5ng c\u00e1c thi\u1ebft b\u1ecb \u0111\u1ecdc NFC th\u00f4ng th\u01b0\u1eddng.<\/li>\n<li><strong>T\u00f4i c\u00f3 th\u1ec3 t\u00f9y ch\u1ec9nh mi\u1ebfng d\u00e1n RFID MIFARE S50 kh\u00f4ng?<\/strong><br \/>\nC\u00f3, ph\u1ea7n kh\u1ea3m c\u00f3 th\u1ec3 \u0111\u01b0\u1ee3c in ho\u1eb7c m\u00e3 h\u00f3a b\u1eb1ng d\u1eef li\u1ec7u t\u00f9y ch\u1ec9nh, ph\u00f9 h\u1ee3p v\u1edbi nhi\u1ec1u \u1ee9ng d\u1ee5ng kh\u00e1c nhau.<\/li>\n<li><strong>Mi\u1ebfng d\u00e1n RFID MIFARE S50 c\u00f3 kh\u1ea3 n\u0103ng ch\u1ed1ng n\u01b0\u1edbc kh\u00f4ng?<\/strong><br \/>\nM\u1eb7c d\u00f9 l\u1edbp kh\u1ea3m \u0111\u01b0\u1ee3c thi\u1ebft k\u1ebf \u0111\u1ec3 ch\u1ecbu \u0111\u01b0\u1ee3c \u0111i\u1ec1u ki\u1ec7n m\u00f4i tr\u01b0\u1eddng v\u1eeba ph\u1ea3i, nh\u01b0ng v\u1eabn n\u00ean tr\u00e1nh ti\u1ebfp x\u00fac l\u00e2u v\u1edbi n\u01b0\u1edbc \u0111\u1ec3 duy tr\u00ec ch\u1ee9c n\u0103ng t\u1ed1i \u01b0u.<\/li>\n<\/ul>","protected":false},"excerpt":{"rendered":"<p>T\u1ea5m RFID MIFARE S50, m\u1ed9t gi\u1ea3i ph\u00e1p NFC \u0111a n\u0103ng v\u1edbi b\u1ed9 nh\u1edb 1K d\u00e0nh cho c\u00e1c \u1ee9ng d\u1ee5ng kh\u00f4ng ti\u1ebfp x\u00fac an to\u00e0n trong nhi\u1ec1u m\u00f4i tr\u01b0\u1eddng kh\u00e1c nhau.<\/p>","protected":false},"featured_media":3243,"template":"","meta":{"_kad_post_transparent":"default","_kad_post_title":"","_kad_post_layout":"default","_kad_post_sidebar_id":"","_kad_post_content_style":"default","_kad_post_vertical_padding":"default","_kad_post_feature":"","_kad_post_feature_position":"","_kad_post_header":false,"_kad_post_footer":false,"_kad_post_classname":""},"product_brand":[],"product_cat":[189],"product_tag":[398,111,194,393,108,399],"class_list":{"0":"post-3242","1":"product","2":"type-product","3":"status-publish","4":"has-post-thumbnail","6":"product_cat-rfid-inlay","7":"product_tag-mifare-s50-rfid-inlay","8":"product_tag-nfc-inlay","9":"product_tag-nfc-rfid-inlay","10":"product_tag-nfc-wet-inlay-sticker-tag-clear","11":"product_tag-rfid-inlay","12":"product_tag-rfid-inlay-factory","14":"first","15":"instock","16":"shipping-taxable","17":"product-type-simple","18":"entry","19":"content-bg","20":"loop-entry"},"_links":{"self":[{"href":"https:\/\/rfid-laundry-tag.com\/vi\/wp-json\/wp\/v2\/product\/3242","targetHints":{"allow":["GET"]}}],"collection":[{"href":"https:\/\/rfid-laundry-tag.com\/vi\/wp-json\/wp\/v2\/product"}],"about":[{"href":"https:\/\/rfid-laundry-tag.com\/vi\/wp-json\/wp\/v2\/types\/product"}],"version-history":[{"count":1,"href":"https:\/\/rfid-laundry-tag.com\/vi\/wp-json\/wp\/v2\/product\/3242\/revisions"}],"predecessor-version":[{"id":3247,"href":"https:\/\/rfid-laundry-tag.com\/vi\/wp-json\/wp\/v2\/product\/3242\/revisions\/3247"}],"wp:featuredmedia":[{"embeddable":true,"href":"https:\/\/rfid-laundry-tag.com\/vi\/wp-json\/wp\/v2\/media\/3243"}],"wp:attachment":[{"href":"https:\/\/rfid-laundry-tag.com\/vi\/wp-json\/wp\/v2\/media?parent=3242"}],"wp:term":[{"taxonomy":"product_brand","embeddable":true,"href":"https:\/\/rfid-laundry-tag.com\/vi\/wp-json\/wp\/v2\/product_brand?post=3242"},{"taxonomy":"product_cat","embeddable":true,"href":"https:\/\/rfid-laundry-tag.com\/vi\/wp-json\/wp\/v2\/product_cat?post=3242"},{"taxonomy":"product_tag","embeddable":true,"href":"https:\/\/rfid-laundry-tag.com\/vi\/wp-json\/wp\/v2\/product_tag?post=3242"}],"curies":[{"name":"wp","href":"https:\/\/api.w.org\/{rel}","templated":true}]}}