{"id":324,"date":"2024-06-28T06:46:40","date_gmt":"2024-06-28T06:46:40","guid":{"rendered":"https:\/\/rfid-laundry-tag.com\/?post_type=product&#038;p=324"},"modified":"2024-08-14T16:46:59","modified_gmt":"2024-08-14T16:46:59","slug":"nxp-ntag213-nfc-inlay-144byte","status":"publish","type":"product","link":"https:\/\/rfid-laundry-tag.com\/vi\/nxp-ntag213-nfc-inlay-144byte\/","title":{"rendered":"NXP Ntag213 NFC Inlay 144Byte"},"content":{"rendered":"<div>\n<div>NXP Ntag213 NFC Inlay 144Byte<\/div>\n<div><\/div>\n<div>L\u1edbp ph\u1ee7 RFID NFC \u0111\u00f3ng vai tr\u00f2 quan tr\u1ecdng trong vi\u1ec7c t\u1ed1i \u01b0u h\u00f3a ho\u1ea1t \u0111\u1ed9ng c\u1ee7a c\u00e1c h\u1ec7 th\u1ed1ng d\u1ef1a tr\u00ean t\u1ea7n s\u1ed1 v\u00f4 tuy\u1ebfn.<\/div>\n<div>Trong b\u1ed1i c\u1ea3nh c\u1ee7a NXP Ntag213 NFC Inlay c\u00f3 dung l\u01b0\u1ee3ng 144 byte, \u0111i\u1ec1u n\u00e0y c\u00f3 th\u1ec3 \u0111\u1eb7c bi\u1ec7t \u0111\u00fang.<\/div>\n<div>Nh\u1eefng mi\u1ebfng kh\u1ea3m n\u00e0y c\u00f3 hai d\u1ea1ng, d\u1ea1ng \u01b0\u1edbt v\u00e0 d\u1ea1ng kh\u00f4, m\u1ed7i d\u1ea1ng c\u00f3 m\u1ed9t m\u1ee5c \u0111\u00edch ri\u00eang.<\/div>\n<div><\/div>\n<div><\/div>\n<div class=\"auto-hide-last-sibling-br paragraph_9dc5f paragraph-element\">Chip NTAG213 mang l\u1ea1i nhi\u1ec1u l\u1ee3i th\u1ebf nh\u01b0:<\/div>\n<p>&nbsp;<\/p>\n<ul class=\"auto-hide-last-sibling-br\">\n<li>Truy\u1ec1n d\u1eef li\u1ec7u v\u00e0 n\u0103ng l\u01b0\u1ee3ng kh\u00f4ng ti\u1ebfp x\u00fac<\/li>\n<li>Kh\u1ea3 n\u0103ng \u0111\u1ecdc nhanh<\/li>\n<li>Hi\u1ec7u su\u1ea5t RF \u0111\u01b0\u1ee3c c\u1ea3i thi\u1ec7n<\/li>\n<li>C\u00e1c t\u00ednh n\u0103ng b\u1ea3o m\u1eadt, bao g\u1ed3m b\u1ea3o v\u1ec7 b\u1eb1ng m\u1eadt kh\u1ea9u v\u00e0 ch\u1ee9c n\u0103ng ch\u1ed1ng va ch\u1ea1m<\/li>\n<li>Tu\u00e2n th\u1ee7 \u0111\u1ea7y \u0111\u1ee7 c\u00e1c th\u00f4ng s\u1ed1 k\u1ef9 thu\u1eadt c\u1ee7a NFC Forum Tag Type 2<\/li>\n<\/ul>\n<\/div>\n<div>\n<table class=\"all magic-9\">\n<tbody>\n<tr>\n<td colspan=\"1\" rowspan=\"1\">\n<div class=\"magic-10\">V\u1eadt li\u1ec7u<\/div>\n<\/td>\n<td colspan=\"1\" rowspan=\"1\">\n<div class=\"magic-11\" data-spm-anchor-id=\"a2700.details.0.i85.504d267eS1Hb6u\">PET, PVC, gi\u1ea5y tr\u00e1ng ph\u1ee7, v.v.<\/div>\n<\/td>\n<\/tr>\n<tr>\n<td colspan=\"1\" rowspan=\"1\">\n<div class=\"magic-10\">Chip<\/div>\n<\/td>\n<td colspan=\"1\" rowspan=\"1\">\n<div class=\"magic-11\">Ntag213\/Ntag215\/Ntag216 v.v.<\/div>\n<\/td>\n<\/tr>\n<tr>\n<td colspan=\"1\" rowspan=\"1\">\n<div class=\"magic-10\">T\u00ednh th\u01b0\u1eddng xuy\u00ean<\/div>\n<\/td>\n<td colspan=\"1\" rowspan=\"1\">\n<div class=\"magic-11\">13,56MHz<\/div>\n<\/td>\n<\/tr>\n<tr>\n<td colspan=\"1\" rowspan=\"1\">\n<div class=\"magic-10\">Giao th\u1ee9c<\/div>\n<\/td>\n<td colspan=\"1\" rowspan=\"1\">\n<div class=\"magic-11\">Ti\u00eau chu\u1ea9n ISO14443A<\/div>\n<\/td>\n<\/tr>\n<tr>\n<td colspan=\"1\" rowspan=\"1\">\n<div class=\"magic-10\">K\u00edch c\u1ee1<\/div>\n<\/td>\n<td colspan=\"1\" rowspan=\"1\">\n<div class=\"magic-11\">\u0110\u01b0\u1eddng k\u00ednh 25, 30, 35mm ho\u1eb7c k\u00edch th\u01b0\u1edbc t\u00f9y ch\u1ec9nh<\/div>\n<\/td>\n<\/tr>\n<tr>\n<td colspan=\"1\" rowspan=\"1\">\n<div class=\"magic-10\">T\u00ednh n\u0103ng<\/div>\n<\/td>\n<td colspan=\"1\" rowspan=\"1\">\n<div class=\"magic-11\">Ch\u1ed1ng th\u1ea5m n\u01b0\u1edbc, ch\u1ecbu l\u1ef1c cao, in t\u00f9y ch\u1ec9nh<\/div>\n<\/td>\n<\/tr>\n<tr>\n<td colspan=\"1\" rowspan=\"1\">\n<div class=\"magic-10\">V\u1eadt m\u1eabu<\/div>\n<\/td>\n<td colspan=\"1\" rowspan=\"1\">\n<div class=\"magic-11\">mi\u1ec5n ph\u00ed c\u00f3 s\u1eb5n<\/div>\n<\/td>\n<\/tr>\n<tr>\n<td colspan=\"1\" rowspan=\"1\">\n<div class=\"magic-10\">Kho\u1ea3ng c\u00e1ch \u0111\u1ecdc<\/div>\n<\/td>\n<td colspan=\"1\" rowspan=\"1\">\n<div class=\"magic-11\" data-spm-anchor-id=\"a2700.details.0.i84.504d267eS1Hb6u\">0-10cm<\/div>\n<\/td>\n<\/tr>\n<\/tbody>\n<\/table>\n<\/div>\n<div><\/div>\n<div><\/div>\n<div><strong>L\u1edbp ph\u1ee7 RFID NFC<\/strong> c\u00f3 hai lo\u1ea1i, \u01b0\u1edbt v\u00e0 kh\u00f4. M\u1ed9t l\u1edbp ph\u1ee7 RFID NFC \u01b0\u1edbt c\u00f3 l\u1edbp n\u1ec1n d\u00ednh, trong khi l\u1edbp ph\u1ee7 kh\u00f4 th\u00ec kh\u00f4ng. Ch\u00fang cung c\u1ea5p t\u00f9y ch\u1ecdn th\u1ebb ho\u1ea1t \u0111\u1ed9ng \u1edf t\u1ea7n s\u1ed1 13,56 MHz \u0111\u01b0\u1ee3c thi\u1ebft k\u1ebf ri\u00eang cho c\u00e1c nh\u00e0 s\u1ea3n xu\u1ea5t thi\u1ebft b\u1ecb g\u1ed1c (OEM). C\u1ea3 chip nh\u1edb ISO 15693 v\u00e0 14443 NFC \u0111\u1ec1u c\u00f3 s\u1eb5n cho c\u00e1c l\u1edbp ph\u1ee7 n\u00e0y.<\/div>\n<div><\/div>\n<div class=\"text-title\"><strong><span class=\"magic-26\" style=\"font-family: Arial;\" data-spm-anchor-id=\"a2700.details.0.i47.6f4d7d7dnursE7\">Kh\u1ea3m kh\u00f4<\/span><\/strong><\/div>\n<div class=\"text-content\">\n<p><span class=\"magic-6\" style=\"font-family: Arial;\">N\u00f3i m\u1ed9t c\u00e1ch \u0111\u01a1n gi\u1ea3n, RFID dry inlay l\u00e0 s\u1ef1 k\u1ebft h\u1ee3p gi\u1eefa chip RFID v\u00e0 \u0103ng-ten. N\u00f3 c\u00f3 th\u1ec3 \u0111\u01b0\u1ee3c s\u1eed d\u1ee5ng \u0111\u1ec3 l\u00e0m nh\u00e3n d\u00e1n NFC, nh\u00e3n RFID, v\u00e9 RFID v\u00e0 nhi\u1ec1u lo\u1ea1i th\u1ebb RFID kh\u00e1c nhau. <\/span><\/p>\n<div data-spm-anchor-id=\"a2700.details.0.i46.6f4d7d7dnursE7\">\n<p><span class=\"magic-6\" style=\"font-family: Arial;\"> \u0102ng-ten c\u1ee7a inlay kh\u00f4 l\u00e0 nh\u00f4m kh\u1eafc, m\u1ecfng h\u01a1n so v\u1edbi cu\u1ed9n d\u00e2y \u0111\u1ed3ng. H\u00ecnh d\u1ea1ng c\u1ee7a \u0103ng-ten c\u00f3 th\u1ec3 \u0111\u01b0\u1ee3c t\u00f9y ch\u1ec9nh v\u00e0 thi\u1ebft k\u1ebf l\u1ea1i theo y\u00eau c\u1ea7u.<\/span><\/p>\n<p>&nbsp;<\/p>\n<\/div>\n<\/div>\n<div>\n<div class=\"text-title\"><strong><span class=\"magic-26\" style=\"font-family: Arial;\">Kh\u1ea3m \u01b0\u1edbt<\/span><\/strong><\/div>\n<div class=\"text-content\">\n<p><span class=\"magic-6\" style=\"font-family: Arial;\" data-spm-anchor-id=\"a2700.details.0.i49.6f4d7d7dnursE7\">L\u1edbp ph\u1ee7 RFID kh\u00f4 \u0111\u01b0\u1ee3c th\u00eam ch\u1ea5t k\u1ebft d\u00ednh \u0111\u01b0\u1ee3c g\u1ecdi l\u00e0 l\u1edbp ph\u1ee7 \u01b0\u1edbt. N\u00f3 c\u00f3 th\u1ec3 \u0111\u01b0\u1ee3c s\u1eed d\u1ee5ng tr\u1ef1c ti\u1ebfp nh\u01b0 nh\u00e3n RFID ho\u1eb7c nh\u00e3n d\u00e1n NFC n\u1ebfu b\u1ea1n kh\u00f4ng c\u1ea7n in tr\u00ean b\u1ec1 m\u1eb7t. Vi\u1ec7c d\u00e1n tr\u00ean c\u00e1c v\u1eadt th\u1ec3 c\u00f3 th\u1ec3 ti\u1ebft ki\u1ec7m chi ph\u00ed v\u00e0 \u0111\u1ea1t \u0111\u01b0\u1ee3c c\u00f9ng m\u1ee5c \u0111\u00edch. N\u00f3 c\u0169ng \u0111\u01b0\u1ee3c \u1ee9ng d\u1ee5ng r\u1ed9ng r\u00e3i trong vi\u1ec7c s\u1ea3n xu\u1ea5t th\u1ebb RFID. \u0102ng-ten c\u1ee7a l\u1edbp ph\u1ee7 \u01b0\u1edbt l\u00e0 l\u1edbp kh\u1eafc nh\u00f4m, m\u1ecfng h\u01a1n so v\u1edbi cu\u1ed9n d\u00e2y \u0111\u1ed3ng. H\u00ecnh d\u1ea1ng c\u1ee7a \u0103ng-ten c\u00f3 th\u1ec3 \u0111\u01b0\u1ee3c t\u00f9y ch\u1ec9nh v\u00e0 thi\u1ebft k\u1ebf l\u1ea1i theo y\u00eau c\u1ea7u.<\/span><\/p>\n<div><span class=\"magic-6\" style=\"font-family: Arial;\">\u00a0<\/span><\/div>\n<div data-spm-anchor-id=\"a2700.details.0.i48.6f4d7d7dnursE7\"><\/div>\n<\/div>\n<\/div>","protected":false},"excerpt":{"rendered":"<p>NXP Ntag213 NFC Inlay 144Byte l\u00e0 lo\u1ea1i IC c\u1ee5 th\u1ec3 tu\u00e2n th\u1ee7 Th\u1ebb NFC Forum Type 2, c\u00f3 144 byte b\u1ed9 nh\u1edb ng\u01b0\u1eddi d\u00f9ng. N\u00f3 \u0111\u01b0\u1ee3c thi\u1ebft k\u1ebf v\u1edbi t\u00ednh linh ho\u1ea1t, ph\u00f9 h\u1ee3p v\u1edbi nhi\u1ec1u \u1ee9ng d\u1ee5ng kh\u00e1c nhau trong c\u00e1c ng\u00e0nh c\u00f4ng nghi\u1ec7p nh\u01b0 b\u00e1n l\u1ebb, ch\u01a1i game v\u00e0 \u0111i\u1ec7n t\u1eed ti\u00eau d\u00f9ng, c\u00f9ng nhi\u1ec1u ng\u00e0nh kh\u00e1c.<\/p>","protected":false},"featured_media":326,"template":"","meta":{"_kad_post_transparent":"default","_kad_post_title":"","_kad_post_layout":"default","_kad_post_sidebar_id":"","_kad_post_content_style":"default","_kad_post_vertical_padding":"default","_kad_post_feature":"","_kad_post_feature_position":"","_kad_post_header":false,"_kad_post_footer":false,"_kad_post_classname":""},"product_brand":[],"product_cat":[54,189],"product_tag":[111,140,110],"class_list":{"0":"post-324","1":"product","2":"type-product","3":"status-publish","4":"has-post-thumbnail","6":"product_cat-hot-selling-rfid-tags","7":"product_cat-rfid-inlay","8":"product_tag-nfc-inlay","9":"product_tag-nxp-ntag213-nfc-inlay-144byte","10":"product_tag-rfid-nfc-inlay","12":"first","13":"instock","14":"shipping-taxable","15":"product-type-simple","16":"entry","17":"content-bg","18":"loop-entry"},"_links":{"self":[{"href":"https:\/\/rfid-laundry-tag.com\/vi\/wp-json\/wp\/v2\/product\/324","targetHints":{"allow":["GET"]}}],"collection":[{"href":"https:\/\/rfid-laundry-tag.com\/vi\/wp-json\/wp\/v2\/product"}],"about":[{"href":"https:\/\/rfid-laundry-tag.com\/vi\/wp-json\/wp\/v2\/types\/product"}],"version-history":[{"count":3,"href":"https:\/\/rfid-laundry-tag.com\/vi\/wp-json\/wp\/v2\/product\/324\/revisions"}],"predecessor-version":[{"id":1336,"href":"https:\/\/rfid-laundry-tag.com\/vi\/wp-json\/wp\/v2\/product\/324\/revisions\/1336"}],"wp:featuredmedia":[{"embeddable":true,"href":"https:\/\/rfid-laundry-tag.com\/vi\/wp-json\/wp\/v2\/media\/326"}],"wp:attachment":[{"href":"https:\/\/rfid-laundry-tag.com\/vi\/wp-json\/wp\/v2\/media?parent=324"}],"wp:term":[{"taxonomy":"product_brand","embeddable":true,"href":"https:\/\/rfid-laundry-tag.com\/vi\/wp-json\/wp\/v2\/product_brand?post=324"},{"taxonomy":"product_cat","embeddable":true,"href":"https:\/\/rfid-laundry-tag.com\/vi\/wp-json\/wp\/v2\/product_cat?post=324"},{"taxonomy":"product_tag","embeddable":true,"href":"https:\/\/rfid-laundry-tag.com\/vi\/wp-json\/wp\/v2\/product_tag?post=324"}],"curies":[{"name":"wp","href":"https:\/\/api.w.org\/{rel}","templated":true}]}}