{"id":321,"date":"2024-06-28T06:45:35","date_gmt":"2024-06-28T06:45:35","guid":{"rendered":"https:\/\/rfid-laundry-tag.com\/?post_type=product&#038;p=321"},"modified":"2024-06-28T06:45:35","modified_gmt":"2024-06-28T06:45:35","slug":"i-code-slix-rfid-library-book-sticker-5050mm","status":"publish","type":"product","link":"https:\/\/rfid-laundry-tag.com\/vi\/i-code-slix-rfid-library-book-sticker-5050mm\/","title":{"rendered":"Nh\u00e3n d\u00e1n s\u00e1ch th\u01b0 vi\u1ec7n RFID I CODE SLIX 50*50mm"},"content":{"rendered":"<table style=\"font-family: var(--global-body-font-family);\" width=\"772\">\n<tbody>\n<tr>\n<td width=\"153\"><strong>T\u00ean s\u1ea3n ph\u1ea9m<\/strong><\/td>\n<td width=\"619\"><strong>\u00a0Nh\u00e3n d\u00e1n s\u00e1ch th\u01b0 vi\u1ec7n RFID I CODE SLIX\u00a0<\/strong><\/td>\n<\/tr>\n<tr>\n<td width=\"153\">V\u1eadt li\u1ec7u<\/td>\n<td width=\"619\">PET+Al+Gi\u1ea5y\/PVC\/PET<\/td>\n<\/tr>\n<tr>\n<td width=\"153\">M\u00e0u s\u1eafc<\/td>\n<td width=\"619\">cmyk, in b\u1ed1n m\u00e0u<\/td>\n<\/tr>\n<tr>\n<td width=\"153\">K\u00edch th\u01b0\u1edbc nh\u00e3n<\/td>\n<td width=\"619\">45*45mm,50*50mm,v.v.<\/td>\n<\/tr>\n<tr>\n<td width=\"153\">Chip<\/td>\n<td width=\"619\">\u00a0T\u00f4i m\u00e3 h\u00f3a SLIX, ICODE\u00ae SLIX-S v.v.<\/td>\n<\/tr>\n<tr>\n<td width=\"153\">Giao th\u1ee9c<\/td>\n<td width=\"619\">Ti\u00eau chu\u1ea9n ISO15693<\/td>\n<\/tr>\n<tr>\n<td width=\"153\">T\u00ednh th\u01b0\u1eddng xuy\u00ean<\/td>\n<td width=\"619\">13,56MHz<\/td>\n<\/tr>\n<tr>\n<td width=\"153\">Kho\u1ea3ng c\u00e1ch \u0111\u1ecdc<\/td>\n<td width=\"619\">HF: 1-30cm t\u00f9y thu\u1ed9c v\u00e0o ng\u01b0\u1eddi \u0111\u1ecdc v\u00e0 m\u00f4i tr\u01b0\u1eddng<\/td>\n<\/tr>\n<tr>\n<td width=\"153\">In \u1ea5n<\/td>\n<td width=\"619\">CMYK, in t\u00f9y ch\u1ec9nh, \u0111\u1ec3 tr\u1ed1ng<\/td>\n<\/tr>\n<tr>\n<td width=\"153\">B\u01b0u ki\u1ec7n<\/td>\n<td width=\"619\">2000 c\u00e1i\/cu\u1ed9n, 16000 c\u00e1i\/th\u00f9ng, t\u00f9y ch\u1ec9nh<\/td>\n<\/tr>\n<tr>\n<td width=\"153\">M\u1eabu mi\u1ec5n ph\u00ed<\/td>\n<td width=\"619\">\u0110\u00fang<\/td>\n<\/tr>\n<\/tbody>\n<\/table>\n<p>&nbsp;<\/p>\n<p>H\u1ec7 th\u1ed1ng n\u00e0y, ch\u1ee7 y\u1ebfu \u0111\u01b0\u1ee3c thi\u1ebft k\u1ebf \u0111\u1ec3 n\u00e2ng cao hi\u1ec7u qu\u1ea3 c\u1ee7a c\u00e1c quy tr\u00ecnh qu\u1ea3n l\u00fd s\u00e1ch v\u00e0 h\u1ed3 s\u01a1, h\u1ed7 tr\u1ee3 ki\u1ec3m tra h\u00e0ng t\u1ed3n kho, theo d\u00f5i v\u1ecb tr\u00ed, cho ph\u00e9p h\u1ec7 th\u1ed1ng t\u1ef1 ph\u1ee5c v\u1ee5 \u0111\u1ec3 tr\u1ea3 s\u00e1ch v\u00e0 ng\u0103n ng\u1eeba tr\u1ed9m c\u1eafp, \u0111\u1ec3 n\u00eau t\u00ean m\u1ed9t s\u1ed1 ch\u1ee9c n\u0103ng. Vi\u1ec7c s\u1eed d\u1ee5ng h\u1ec7 th\u1ed1ng n\u00e0y t\u1ed1i \u01b0u h\u00f3a \u0111\u00e1ng k\u1ec3 c\u00e1c ho\u1ea1t \u0111\u1ed9ng c\u1ee7a th\u01b0 vi\u1ec7n, khi\u1ebfn n\u00f3 tr\u1edf th\u00e0nh l\u1ef1a ch\u1ecdn th\u00f4ng minh cho c\u00e1c th\u01b0 vi\u1ec7n hi\u1ec7n \u0111\u1ea1i.<\/p>\n<div class=\"auto-hide-last-sibling-br paragraph_9dc5f paragraph-element\">Nh\u00e3n d\u00e1n s\u00e1ch th\u01b0 vi\u1ec7n RFID I CODE SLIX l\u00e0 gi\u1ea3i ph\u00e1p hi\u1ec7u qu\u1ea3 cho vi\u1ec7c qu\u1ea3n l\u00fd th\u00f4ng minh c\u00e1c ngu\u1ed3n t\u00e0i nguy\u00ean th\u01b0 vi\u1ec7n. Sau \u0111\u00e2y l\u00e0 c\u00e1c t\u00ednh n\u0103ng v\u00e0 c\u00e2u tr\u1ea3 l\u1eddi cho m\u1ed9t s\u1ed1 c\u00e2u h\u1ecfi th\u01b0\u1eddng g\u1eb7p:<\/div>\n<p>&nbsp;<\/p>\n<div class=\"auto-hide-last-sibling-br paragraph_9dc5f paragraph-element\"><strong>C\u00e1c t\u00ednh n\u0103ng c\u1ee7a Nh\u00e3n d\u00e1n s\u00e1ch th\u01b0 vi\u1ec7n RFID I CODE SLIX:<\/strong><\/div>\n<ol class=\"auto-hide-last-sibling-br\">\n<li>Th\u1ebb RFID ISO15693 n\u00e0y \u0111\u01b0\u1ee3c thi\u1ebft k\u1ebf ri\u00eang cho h\u1ec7 th\u1ed1ng qu\u1ea3n l\u00fd th\u01b0 vi\u1ec7n.<\/li>\n<li>N\u00f3 ho\u1ea1t \u0111\u1ed9ng \u1edf t\u1ea7n s\u1ed1 13,56MHz trong d\u1ea3i t\u1ea7n s\u1ed1 cao (HF).<\/li>\n<li>Nh\u1eefng mi\u1ebfng d\u00e1n n\u00e0y c\u00f3 nhi\u1ec1u k\u00edch c\u1ee1 kh\u00e1c nhau, \u0111\u00e1ng ch\u00fa \u00fd l\u00e0 85*<em>50mm v\u00e0 50*<\/em>50mm.<\/li>\n<li>Ch\u00fang c\u00f3 \u0111\u1eb7c t\u00ednh ch\u1ed1ng th\u1ea5m n\u01b0\u1edbc v\u00e0 t\u1ef1 d\u00ednh.<\/li>\n<li>Ch\u00fang c\u00f3 th\u1ec3 cung c\u1ea5p kho\u1ea3ng c\u00e1ch \u0111\u1ecdc t\u1eeb 1-15cm, v\u1edbi b\u1ed9 nh\u1edb ng\u01b0\u1eddi d\u00f9ng l\u00e0 896 bit.<\/li>\n<li>Ch\u00fang l\u00fd t\u01b0\u1edfng cho c\u00e1c \u1ee9ng d\u1ee5ng b\u1ecb h\u1ea1n ch\u1ebf v\u1ec1 kh\u00f4ng gian, th\u01b0\u1eddng g\u1eb7p nh\u1ea5t l\u00e0 trong c\u00e1c h\u1ec7 th\u1ed1ng qu\u1ea3n l\u00fd t\u00e0i li\u1ec7u.<\/li>\n<\/ol>\n<p>&nbsp;<\/p>\n<div class=\"auto-hide-last-sibling-br paragraph_9dc5f paragraph-element\"><strong>Nh\u1eefng c\u00e2u h\u1ecfi th\u01b0\u1eddng g\u1eb7p (FAQ):<\/strong><\/div>\n<ul class=\"auto-hide-last-sibling-br\">\n<li>\n<div class=\"auto-hide-last-sibling-br paragraph_9dc5f paragraph-element\"><strong>C\u00e2u h\u1ecfi 1:<\/strong>\u00a0T\u00f4i c\u00f3 th\u1ec3 \u0111\u1eb7t h\u00e0ng nh\u01b0 th\u1ebf n\u00e0o?<\/div>\n<ul class=\"auto-hide-last-sibling-br\">\n<li>A: B\u1ea1n c\u00f3 th\u1ec3 trao \u0111\u1ed5i y\u00eau c\u1ea7u c\u1ee7a m\u00ecnh v\u1edbi b\u1ed9 ph\u1eadn ch\u0103m s\u00f3c kh\u00e1ch h\u00e0ng, ho\u00e0n thi\u1ec7n th\u00f4ng s\u1ed1 k\u1ef9 thu\u1eadt c\u1ee7a s\u1ea3n ph\u1ea9m, thanh to\u00e1n v\u00e0 sau \u0111\u00f3 s\u1eafp x\u1ebfp vi\u1ec7c giao s\u1ea3n ph\u1ea9m.<\/li>\n<\/ul>\n<\/li>\n<li>\n<div class=\"auto-hide-last-sibling-br paragraph_9dc5f paragraph-element\"><strong>C\u00e2u h\u1ecfi 2:<\/strong>\u00a0Th\u1eddi gian s\u1ea3n xu\u1ea5t\/giao h\u00e0ng d\u1ef1 ki\u1ebfn l\u00e0 bao l\u00e2u?<\/div>\n<ul class=\"auto-hide-last-sibling-br\">\n<li>A: Khung th\u1eddi gian d\u1ef1 ki\u1ebfn cho s\u1ea3n xu\u1ea5t v\u00e0 giao h\u00e0ng th\u01b0\u1eddng l\u00e0 trong v\u00f2ng 20 ng\u00e0y. Tuy nhi\u00ean, \u0111i\u1ec1u n\u00e0y c\u00f3 th\u1ec3 thay \u0111\u1ed5i d\u1ef1a tr\u00ean c\u1ea5u h\u00ecnh \u0111\u01a1n h\u00e0ng c\u1ee5 th\u1ec3.<\/li>\n<\/ul>\n<\/li>\n<li>\n<div class=\"auto-hide-last-sibling-br paragraph_9dc5f paragraph-element\"><strong>C\u00e2u h\u1ecfi 3:<\/strong>\u00a0T\u1ea5t c\u1ea3 c\u00e1c m\u1eb7t h\u00e0ng c\u00f3 \u0111\u01b0\u1ee3c ki\u1ec3m tra tr\u01b0\u1edbc khi v\u1eadn chuy\u1ec3n kh\u00f4ng?<\/div>\n<ul class=\"auto-hide-last-sibling-br\">\n<li>A: Th\u1ef1c t\u1ebf, t\u1ea5t c\u1ea3 c\u00e1c m\u1eb7t h\u00e0ng \u0111\u1ec1u \u0111\u01b0\u1ee3c th\u1eed nghi\u1ec7m to\u00e0n di\u1ec7n tr\u01b0\u1edbc khi \u0111\u01b0\u1ee3c g\u1eedi \u0111i, bao g\u1ed3m c\u1ea3 ki\u1ec3m tra thi\u1ebft b\u1ecb c\u01a1 b\u1ea3n.<\/li>\n<\/ul>\n<\/li>\n<li>\n<div class=\"auto-hide-last-sibling-br paragraph_9dc5f paragraph-element\"><strong>C\u00e2u h\u1ecfi 4:<\/strong>\u00a0T\u00f4i c\u00f3 th\u1ec3 nh\u1eadn \u0111\u01b0\u1ee3c l\u00f4 h\u00e0ng m\u1eabu kh\u00f4ng?<\/div>\n<ul class=\"auto-hide-last-sibling-br\">\n<li>A: C\u00f3, ch\u00fang t\u00f4i cung c\u1ea5p s\u1ea3n ph\u1ea9m th\u1ef1c t\u1ebf l\u00e0m m\u1eabu cho kh\u00e1ch h\u00e0ng.<\/li>\n<\/ul>\n<\/li>\n<\/ul>","protected":false},"excerpt":{"rendered":"<p>Nh\u00e3n d\u00e1n s\u00e1ch th\u01b0 vi\u1ec7n RFID I CODE SLIX, v\u1edbi k\u00edch th\u01b0\u1edbc 50*50mm, \u0111\u00f3ng vai tr\u00f2 quan tr\u1ecdng trong vi\u1ec7c qu\u1ea3n l\u00fd s\u00e1ch v\u00e0 h\u1ed3 s\u01a1 th\u01b0 vi\u1ec7n. K\u1ebft h\u1ee3p v\u1edbi \u0103ng-ten v\u00e0 \u0111\u1ea7u \u0111\u1ecdc RFID, nh\u00e3n d\u00e1n n\u00e0y g\u00f3p ph\u1ea7n qu\u1ea3n l\u00fd th\u00f4ng minh c\u00e1c ngu\u1ed3n t\u00e0i nguy\u00ean th\u01b0 vi\u1ec7n.<\/p>","protected":false},"featured_media":323,"template":"","meta":{"_kad_post_transparent":"default","_kad_post_title":"","_kad_post_layout":"default","_kad_post_sidebar_id":"","_kad_post_content_style":"default","_kad_post_vertical_padding":"default","_kad_post_feature":"","_kad_post_feature_position":"","_kad_post_header":false,"_kad_post_footer":false,"_kad_post_classname":""},"product_brand":[],"product_cat":[54],"product_tag":[138,139],"class_list":{"0":"post-321","1":"product","2":"type-product","3":"status-publish","4":"has-post-thumbnail","6":"product_cat-hot-selling-rfid-tags","7":"product_tag-i-code-slix-rfid-library-book-sticker","8":"product_tag-i-code-slix-rfid-sticker","10":"first","11":"instock","12":"shipping-taxable","13":"product-type-simple","14":"entry","15":"content-bg","16":"loop-entry"},"_links":{"self":[{"href":"https:\/\/rfid-laundry-tag.com\/vi\/wp-json\/wp\/v2\/product\/321","targetHints":{"allow":["GET"]}}],"collection":[{"href":"https:\/\/rfid-laundry-tag.com\/vi\/wp-json\/wp\/v2\/product"}],"about":[{"href":"https:\/\/rfid-laundry-tag.com\/vi\/wp-json\/wp\/v2\/types\/product"}],"version-history":[{"count":0,"href":"https:\/\/rfid-laundry-tag.com\/vi\/wp-json\/wp\/v2\/product\/321\/revisions"}],"wp:featuredmedia":[{"embeddable":true,"href":"https:\/\/rfid-laundry-tag.com\/vi\/wp-json\/wp\/v2\/media\/323"}],"wp:attachment":[{"href":"https:\/\/rfid-laundry-tag.com\/vi\/wp-json\/wp\/v2\/media?parent=321"}],"wp:term":[{"taxonomy":"product_brand","embeddable":true,"href":"https:\/\/rfid-laundry-tag.com\/vi\/wp-json\/wp\/v2\/product_brand?post=321"},{"taxonomy":"product_cat","embeddable":true,"href":"https:\/\/rfid-laundry-tag.com\/vi\/wp-json\/wp\/v2\/product_cat?post=321"},{"taxonomy":"product_tag","embeddable":true,"href":"https:\/\/rfid-laundry-tag.com\/vi\/wp-json\/wp\/v2\/product_tag?post=321"}],"curies":[{"name":"wp","href":"https:\/\/api.w.org\/{rel}","templated":true}]}}