{"id":3191,"date":"2026-01-09T13:46:57","date_gmt":"2026-01-09T13:46:57","guid":{"rendered":"https:\/\/rfid-laundry-tag.com\/?post_type=product&#038;p=3191"},"modified":"2026-01-09T13:46:57","modified_gmt":"2026-01-09T13:46:57","slug":"uhf-wash-care-label-rfid-chips-in-garment","status":"publish","type":"product","link":"https:\/\/rfid-laundry-tag.com\/vi\/uhf-wash-care-label-rfid-chips-in-garment\/","title":{"rendered":"Chip RFID g\u1eafn tr\u00ean nh\u00e3n h\u01b0\u1edbng d\u1eabn gi\u1eb7t UHF trong qu\u1ea7n \u00e1o"},"content":{"rendered":"<div class=\"J_module\">\n<div class=\"ife-detail-decorate-table\">\n<table class=\"hight-light-first-column all magic-14\">\n<tbody>\n<tr>\n<td colspan=\"1\" rowspan=\"1\">\n<div class=\"magic-15\" data-spm-anchor-id=\"a2700.details.0.i95.236a58c1ycsfva\">T\u00ean s\u1ea3n xu\u1ea5t:<\/div>\n<\/td>\n<td colspan=\"1\" rowspan=\"1\">\n<div class=\"magic-16\"><strong>Chip RFID g\u1eafn tr\u00ean nh\u00e3n h\u01b0\u1edbng d\u1eabn gi\u1eb7t UHF trong qu\u1ea7n \u00e1o<\/strong><\/div>\n<\/td>\n<\/tr>\n<tr>\n<td colspan=\"1\" rowspan=\"1\">\n<div class=\"magic-15\"><span class=\"magic-17\">V\u1eadt li\u1ec7u:<\/span><\/div>\n<\/td>\n<td colspan=\"1\" rowspan=\"1\">\n<div class=\"magic-16\">Polyester\/V\u1ea3i t\u1ed5ng h\u1ee3p\/Satin\/Cotton\/V\u1ea3i kh\u00f4ng d\u1ec7t\/PET, v.v.<\/div>\n<\/td>\n<\/tr>\n<tr>\n<td colspan=\"1\" rowspan=\"1\">\n<div class=\"magic-15\"><span class=\"magic-17\">K\u00edch c\u1ee1:<\/span><\/div>\n<\/td>\n<td colspan=\"1\" rowspan=\"1\">\n<div class=\"magic-16\"><span class=\"magic-17\">80*38mm\/60*30mm\/61*26mm\/60*22mm\/ ho\u1eb7c k\u00edch th\u01b0\u1edbc t\u00f9y ch\u1ec9nh<\/span><\/div>\n<\/td>\n<\/tr>\n<tr>\n<td colspan=\"1\" rowspan=\"1\">\n<div class=\"magic-15\"><span class=\"magic-17\">Ki\u1ec3u:<\/span><\/div>\n<\/td>\n<td colspan=\"1\" rowspan=\"1\">\n<div class=\"magic-16\"><span class=\"magic-17\">Th\u1ee5 \u0111\u1ed9ng, RFID<\/span><\/div>\n<\/td>\n<\/tr>\n<tr>\n<td colspan=\"1\" rowspan=\"1\">\n<div class=\"magic-15\">Giao th\u1ee9c RF:<\/div>\n<\/td>\n<td colspan=\"1\" rowspan=\"1\">\n<div class=\"magic-16\">ISO 18000-6C; EPC L\u1edbp 1 Th\u1ebf h\u1ec7 2<\/div>\n<\/td>\n<\/tr>\n<tr>\n<td colspan=\"1\" rowspan=\"1\">\n<div class=\"magic-15\"><span class=\"magic-17\">T\u00ednh th\u01b0\u1eddng xuy\u00ean:<\/span><\/div>\n<\/td>\n<td colspan=\"1\" rowspan=\"1\">\n<div class=\"magic-16\"><span class=\"magic-17\">860~960MHz<\/span><\/div>\n<\/td>\n<\/tr>\n<tr>\n<td colspan=\"1\" rowspan=\"1\">\n<div class=\"magic-15\">Chip<\/div>\n<\/td>\n<td colspan=\"1\" rowspan=\"1\">\n<div class=\"magic-16\">U8, U9, Alien Higgs, Monza 4D, Monza 4QT, Monza R6, Monza R6-P, Impinj M730, Impinj M750, v.v.<\/div>\n<\/td>\n<\/tr>\n<tr>\n<td colspan=\"1\" rowspan=\"1\">\n<div class=\"magic-15\"><span class=\"magic-17\">Kho\u1ea3ng c\u00e1ch \u0111\u1ecdc:<\/span><\/div>\n<\/td>\n<td colspan=\"1\" rowspan=\"1\">\n<div class=\"magic-16\"><span class=\"magic-17\">UHF: 1~10m (t\u00f9y thu\u1ed9c v\u00e0o \u0111\u1ea7u \u0111\u1ecdc v\u00e0 \u0103ng-ten)<\/span><\/div>\n<\/td>\n<\/tr>\n<tr>\n<td colspan=\"1\" rowspan=\"1\">\n<div class=\"magic-15\"><span class=\"magic-17\">C\u00e1ch c\u1ed1 \u0111\u1ecbnh:<\/span><\/div>\n<\/td>\n<td colspan=\"1\" rowspan=\"1\">\n<div class=\"magic-16\"><span class=\"magic-17\">May \/ \u1ee7i<\/span><\/div>\n<\/td>\n<\/tr>\n<tr>\n<td colspan=\"1\" rowspan=\"1\">\n<div class=\"magic-15\"><span class=\"magic-17\">In \u1ea5n:<\/span><\/div>\n<\/td>\n<td colspan=\"1\" rowspan=\"1\">\n<div class=\"magic-16\"><span class=\"magic-17\">In \u1ea5n, M\u00e3 h\u00f3a, S\u1ed1 s\u00ea-ri, Thi\u1ebft k\u1ebf, v.v.<\/span><\/div>\n<\/td>\n<\/tr>\n<tr>\n<td colspan=\"1\" rowspan=\"1\">\n<div class=\"magic-15\"><span class=\"magic-17\">Cu\u1ed9c s\u1ed1ng IC:<\/span><\/div>\n<\/td>\n<td colspan=\"1\" rowspan=\"1\">\n<div class=\"magic-16\" data-spm-anchor-id=\"a2700.details.0.i94.236a58c1ycsfva\"><span class=\"magic-17\">100.000 chu k\u1ef3 l\u1eadp tr\u00ecnh<br \/>\nL\u01b0u gi\u1eef d\u1eef li\u1ec7u 10 n\u0103m<\/span><\/div>\n<\/td>\n<\/tr>\n<tr>\n<td colspan=\"1\" rowspan=\"1\">\n<div class=\"magic-15\"><span class=\"magic-17\">M\u1eabu c\u00f3 s\u1eb5n:<\/span><\/div>\n<\/td>\n<td colspan=\"1\" rowspan=\"1\">\n<div class=\"magic-16\"><span class=\"magic-17\">M\u1eabu mi\u1ec5n ph\u00ed c\u00f3 s\u1eb5n theo y\u00eau c\u1ea7u<\/span><\/div>\n<\/td>\n<\/tr>\n<tr>\n<td colspan=\"1\" rowspan=\"1\">\n<div class=\"magic-15\"><span class=\"magic-17\">\u1ee8ng d\u1ee5ng:\u00a0<\/span><\/div>\n<\/td>\n<td colspan=\"1\" rowspan=\"1\">\n<div class=\"magic-16\"><span class=\"magic-17\">\u00b7 Qu\u1ea3n l\u00fd h\u00e0ng t\u1ed3n kho<br \/>\n\u00b7 Chu\u1ed7i cung \u1ee9ng<br \/>\n\u00b7 B\u00e1n l\u1ebb<\/span><\/div>\n<\/td>\n<\/tr>\n<tr>\n<td colspan=\"1\" rowspan=\"1\">\n<div class=\"magic-15\"><span class=\"magic-17\">S\u1eed d\u1ee5ng<\/span><\/div>\n<\/td>\n<td colspan=\"1\" rowspan=\"1\">\n<div class=\"magic-16\"><span class=\"magic-17\">H\u00e0ng may m\u1eb7c, qu\u1ea7n \u00e1o, t\u00fai x\u00e1ch, gi\u00e0y d\u00e9p, v.v.<\/span><\/div>\n<\/td>\n<\/tr>\n<\/tbody>\n<\/table>\n<\/div>\n<\/div>\n<div class=\"J_module\">\n<div class=\"detail-decorate-json-renderer-container\">\n<div class=\"magic-1\">\n<div class=\"magic-5\">\n<div class=\"magic-6\">\n<div><\/div>\n<\/div>\n<div>\n<div class=\"auto-hide-last-sibling-br paragraph_1252f paragraph-element\">\n<div class=\"auto-hide-last-sibling-br paragraph_1252f paragraph-element\">\n<div class=\"auto-hide-last-sibling-br paragraph_1252f paragraph-element\">\n<p>&nbsp;<\/p>\n<div class=\"auto-hide-last-sibling-br paragraph_1252f paragraph-element\">\n<p><a href=\"https:\/\/rfid-laundry-tag.com\/vi\/\"><strong>Nh\u00e3n h\u01b0\u1edbng d\u1eabn gi\u1eb7t UHF c\u00f3 chip RFID<\/strong>\u00a0<\/a>Ch\u00fang mang \u0111\u1ebfn m\u1ed9t gi\u1ea3i ph\u00e1p thay th\u1ebf tho\u1ea3i m\u00e1i v\u00e0 th\u00e2n thi\u1ec7n v\u1edbi da h\u01a1n so v\u1edbi c\u00e1c nh\u00e3n qu\u1ea7n \u00e1o truy\u1ec1n th\u1ed1ng. \u0110\u01b0\u1ee3c thi\u1ebft k\u1ebf \u0111\u1ec3 d\u1ec5 d\u00e0ng t\u00edch h\u1ee3p v\u00e0o qu\u1ea7n \u00e1o, nh\u1eefng nh\u00e3n n\u00e0y gi\u00fap \u0111\u01a1n gi\u1ea3n h\u00f3a vi\u1ec7c qu\u1ea3n l\u00fd qu\u1ea7n \u00e1o.<\/p>\n<\/div>\n<\/div>\n<\/div>\n<div><\/div>\n<div class=\"auto-hide-last-sibling-br paragraph_1252f paragraph-element\">\n<div class=\"auto-hide-last-sibling-br paragraph_1252f paragraph-element\">\n<h2 class=\"AnswerParser_AnswerParserH2__SIHnF\">T\u0103ng c\u01b0\u1eddng kh\u1ea3 n\u0103ng hi\u1ec3n th\u1ecb chu\u1ed7i cung \u1ee9ng c\u1ee7a b\u1ea1n<\/h2>\n<p><span class=\"AnswerParser_TextContainer__z_Iiv\" data-testid=\"youchat-text\">B\u1eb1ng c\u00e1ch t\u00edch h\u1ee3p chip RFID nh\u00e3n h\u01b0\u1edbng d\u1eabn gi\u1eb7t UHF v\u00e0o qu\u1ea7n \u00e1o, b\u1ea1n s\u1ebd c\u00f3 \u0111\u01b0\u1ee3c kh\u1ea3 n\u0103ng theo d\u00f5i chu\u1ed7i cung \u1ee9ng m\u1ed9t c\u00e1ch to\u00e0n di\u1ec7n ch\u01b0a t\u1eebng c\u00f3. Theo d\u00f5i qu\u1ea7n \u00e1o c\u1ee7a b\u1ea1n t\u1eeb kh\u00e2u s\u1ea3n xu\u1ea5t \u0111\u1ebfn khi b\u00e1n ra, v\u00e0 th\u1eadm ch\u00ed c\u1ea3 qua nhi\u1ec1u chu k\u1ef3 gi\u1eb7t trong c\u00e1c x\u01b0\u1edfng gi\u1eb7t c\u00f4ng nghi\u1ec7p.<\/span><span class=\"AnswerParser_TextContainer__z_Iiv\" data-testid=\"youchat-text\">Kh\u1ea3 n\u0103ng hi\u1ec3n th\u1ecb n\u00e2ng cao n\u00e0y cho ph\u00e9p b\u1ea1n:<\/span><\/p>\n<ul class=\"AnswerParser_AnswerParserUnorderedList__P_1FW\">\n<li class=\"AnswerParser_ListItem__XqLOV\" translate=\"yes\">Gi\u1ea3m co ng\u00f3t v\u00e0 m\u1ea5t m\u00e1t<\/li>\n<li class=\"AnswerParser_ListItem__XqLOV\" translate=\"yes\">C\u1ea3i thi\u1ec7n hi\u1ec7u qu\u1ea3 thay th\u1ebf s\u1ea3n ph\u1ea9m<\/li>\n<li class=\"AnswerParser_ListItem__XqLOV\" translate=\"yes\">T\u1ed1i \u01b0u h\u00f3a m\u1ee9c t\u1ed3n kho<\/li>\n<li class=\"AnswerParser_ListItem__XqLOV\" translate=\"yes\">N\u00e2ng cao s\u1ef1 h\u00e0i l\u00f2ng c\u1ee7a kh\u00e1ch h\u00e0ng th\u00f4ng qua vi\u1ec7c cung c\u1ea5p s\u1ea3n ph\u1ea9m t\u1ed1t h\u01a1n<\/li>\n<\/ul>\n<h2 class=\"AnswerParser_AnswerParserH2__SIHnF\">D\u1ec5 d\u00e0ng c\u00e0i \u0111\u1eb7t v\u00e0 s\u1eed d\u1ee5ng<\/h2>\n<p><span class=\"AnswerParser_TextContainer__z_Iiv\" data-testid=\"youchat-text\">Nh\u00e3n ch\u0103m s\u00f3c gi\u1eb7t RFID c\u1ee7a ch\u00fang t\u00f4i \u0111\u01b0\u1ee3c thi\u1ebft k\u1ebf \u0111\u1ec3 t\u00edch h\u1ee3p li\u1ec1n m\u1ea1ch v\u00e0o qu\u1ea7n \u00e1o c\u1ee7a b\u1ea1n:<\/span><\/p>\n<ol class=\"AnswerParser_AnswerParserOrderedList__kl_2Y\">\n<li class=\"AnswerParser_ListItem__XqLOV\" translate=\"yes\"><strong>T\u00f9y ch\u1ecdn may<\/strong>: Ph\u01b0\u01a1ng ph\u00e1p g\u1eafn truy\u1ec1n th\u1ed1ng mang l\u1ea1i \u0111\u1ed9 b\u1ec1n cao.<\/li>\n<li class=\"AnswerParser_ListItem__XqLOV\" translate=\"yes\"><strong>\u1ee8ng d\u1ee5ng \u1ee7i<\/strong>: L\u1eafp \u0111\u1eb7t nhanh ch\u00f3ng v\u00e0 d\u1ec5 d\u00e0ng b\u1eb1ng c\u00f4ng ngh\u1ec7 truy\u1ec1n nhi\u1ec7t.<\/li>\n<\/ol>\n<p><span class=\"AnswerParser_TextContainer__z_Iiv\" data-testid=\"youchat-text\">C\u1ea3 hai ph\u01b0\u01a1ng ph\u00e1p \u0111\u1ec1u \u0111\u1ea3m b\u1ea3o nh\u00e3n m\u00e1c \u0111\u01b0\u1ee3c g\u1eafn ch\u1eafc ch\u1eafn trong su\u1ed1t v\u00f2ng \u0111\u1eddi c\u1ee7a s\u1ea3n ph\u1ea9m may m\u1eb7c.<\/span><\/p>\n<h3 class=\"auto-hide-last-sibling-br paragraph_1252f paragraph-element\"><strong>Sau \u0111\u00e2y l\u00e0 m\u1ed9t s\u1ed1 v\u00ed d\u1ee5 v\u1ec1 c\u00e1ch c\u00e1c th\u01b0\u01a1ng hi\u1ec7u may m\u1eb7c h\u00e0ng \u0111\u1ea7u \u0111\u00e3 tri\u1ec3n khai th\u00e0nh c\u00f4ng th\u1ebb RFID UHF:<\/strong><\/h3>\n<ol class=\"auto-hide-last-sibling-br\">\n<li>\n<div class=\"auto-hide-last-sibling-br paragraph_1252f paragraph-element\"><strong>Prada<\/strong>: Th\u01b0\u01a1ng hi\u1ec7u xa x\u1ec9 n\u1ed5i ti\u1ebfng c\u1ee7a \u00dd n\u00e0y \u0111\u00e3 \u00e1p d\u1ee5ng th\u1ebb RFID v\u00e0o n\u0103m 2001, cho ph\u00e9p ghi l\u1ea1i th\u00f4ng tin chi ti\u1ebft nh\u01b0 ki\u1ec3u d\u00e1ng, k\u00edch th\u01b0\u1edbc, m\u00e0u s\u1eafc v\u00e0 gi\u00e1 c\u1ea3. \u0110i\u1ec1u th\u00fa v\u1ecb l\u00e0 khi ng\u01b0\u1eddi ti\u00eau d\u00f9ng m\u1eb7c qu\u1ea7n \u00e1o Prada \u0111i qua c\u1eeda h\u00e0ng c\u1ee7a h\u1ecd, nh\u1eefng b\u1ed9 trang ph\u1ee5c t\u01b0\u01a1ng \u1ee9ng s\u1ebd \u0111\u01b0\u1ee3c tr\u01b0ng b\u00e0y tr\u00ean c\u00e1c ng\u01b0\u1eddi m\u1eabu trong c\u1eeda h\u00e0ng, m\u00f4 ph\u1ecfng s\u00e0n di\u1ec5n th\u1eddi trang cao c\u1ea5p \u1edf Milan. Vi\u1ec7c s\u1eed d\u1ee5ng c\u00f4ng ngh\u1ec7 RFID s\u00e1ng t\u1ea1o n\u00e0y gi\u00fap t\u0103ng c\u01b0\u1eddng s\u1ef1 h\u00e0i l\u00f2ng sau khi mua h\u00e0ng c\u1ee7a ng\u01b0\u1eddi ti\u00eau d\u00f9ng Prada.<\/div>\n<\/li>\n<li>\n<div class=\"auto-hide-last-sibling-br paragraph_1252f paragraph-element\"><strong>H&amp;M<\/strong>:Th\u01b0\u01a1ng hi\u1ec7u qu\u1ed1c t\u1ebf n\u00e0y b\u1eaft \u0111\u1ea7u s\u1eed d\u1ee5ng c\u00f4ng ngh\u1ec7 RFID v\u00e0o n\u0103m 2014. T\u1ea1i 1.800 c\u1eeda h\u00e0ng theo k\u1ebf ho\u1ea1ch, c\u00f4ng ngh\u1ec7 RFID cho ph\u00e9p theo d\u00f5i t\u1ef1 \u0111\u1ed9ng danh m\u1ee5c s\u1ea3n ph\u1ea9m, s\u1ed1 l\u01b0\u1ee3ng v\u00e0 m\u1ee9c ti\u00eau th\u1ee5.<\/div>\n<\/li>\n<li>\n<div class=\"auto-hide-last-sibling-br paragraph_1252f paragraph-element\"><strong>ZARA<\/strong>Trong n\u1eeda \u0111\u1ea7u n\u0103m 2016, c\u00f4ng ty m\u1eb9 c\u1ee7a ZARA, Inditex, cho bi\u1ebft vi\u1ec7c \u1ee9ng d\u1ee5ng c\u00f4ng ngh\u1ec7 RFID \u0111\u00e3 c\u1ea3i thi\u1ec7n vi\u1ec7c qu\u1ea3n l\u00fd h\u00e0ng t\u1ed3n kho v\u00e0 chu\u1ed7i cung \u1ee9ng cho kho\u1ea3ng 701.000 th\u01b0\u01a1ng hi\u1ec7u c\u1ee7a h\u1ecd. Vi\u1ec7c tri\u1ec3n khai n\u00e0y \u0111\u00e3 d\u1eabn \u0111\u1ebfn doanh thu t\u0103ng 11.110.000 \u0111\u00f4 la v\u00e0 l\u1ee3i nhu\u1eadn t\u0103ng 7.510.000 \u0111\u00f4 la, t\u1ed5ng c\u1ed9ng \u0111\u1ea1t 1,26 t\u1ef7 euro.<\/div>\n<\/li>\n<li>\n<div class=\"auto-hide-last-sibling-br paragraph_1252f paragraph-element\"><strong>Uniqlo<\/strong>:N\u0103m 2017, Uniqlo c\u00f4ng b\u1ed1 k\u1ebf ho\u1ea1ch tri\u1ec3n khai th\u1ebb RFID UHF t\u1ea1i 3.000 c\u1eeda h\u00e0ng tr\u00ean to\u00e0n c\u1ea7u, tr\u1edf th\u00e0nh nh\u00e0 b\u00e1n l\u1ebb Nh\u1eadt B\u1ea3n \u0111\u1ea7u ti\u00ean s\u1eed d\u1ee5ng th\u1ebb \u0111i\u1ec7n t\u1eed tr\u00ean to\u00e0n th\u1ebf gi\u1edbi.<\/div>\n<\/li>\n<\/ol>\n<div class=\"auto-hide-last-sibling-br paragraph_1252f paragraph-element\">\u0110\u00e2y ch\u1ec9 l\u00e0 m\u1ed9t v\u00e0i th\u00f4ng tin chi ti\u1ebft v\u1ec1 c\u00e1ch c\u00e1c th\u01b0\u01a1ng hi\u1ec7u th\u1eddi trang h\u00e0ng \u0111\u1ea7u \u0111ang t\u1eadn d\u1ee5ng th\u1ebb RFID. T\u00ednh \u0111\u1ebfn n\u0103m 2019, h\u1ea7u nh\u01b0 m\u1ecdi th\u01b0\u01a1ng hi\u1ec7u \u0111\u1eb3ng c\u1ea5p th\u1ebf gi\u1edbi \u0111\u1ec1u \u0111\u00e3 g\u1eafn th\u1ebb RFID v\u00e0o qu\u1ea7n \u00e1o c\u1ee7a m\u00ecnh, d\u1eabn \u0111\u1ebfn h\u01a1n 20 t\u1ef7 s\u1ea3n ph\u1ea9m qu\u1ea7n \u00e1o \u0111\u01b0\u1ee3c g\u1eafn th\u1ebb \u2013 m\u1ed9t con s\u1ed1 v\u1eabn ti\u1ebfp t\u1ee5c t\u0103ng l\u00ean \u0111\u00e1ng k\u1ec3. C\u00e1c th\u01b0\u01a1ng hi\u1ec7u n\u1ed5i b\u1eadt kh\u00e1c \u0111\u00e3 \u00e1p d\u1ee5ng c\u00f4ng ngh\u1ec7 n\u00e0y bao g\u1ed3m NIKE v\u00e0 Walmart.<\/div>\n<\/div>\n<\/div>\n<\/div>\n<h2 class=\"AnswerParser_AnswerParserH2__SIHnF\">Li\u00ean h\u1ec7 v\u1edbi ch\u00fang t\u00f4i \u0111\u1ec3 c\u00f3 gi\u1ea3i ph\u00e1p t\u00f9y ch\u1ec9nh<\/h2>\n<p><span class=\"AnswerParser_TextContainer__z_Iiv\" data-testid=\"youchat-text\">B\u1ea1n \u0111\u00e3 s\u1eb5n s\u00e0ng c\u00e1ch m\u1ea1ng h\u00f3a vi\u1ec7c qu\u1ea3n l\u00fd qu\u1ea7n \u00e1o c\u1ee7a m\u00ecnh v\u1edbi nh\u00e3n h\u01b0\u1edbng d\u1eabn gi\u1eb7t \u1ee7i RFID UHF c\u1ee7a ch\u00fang t\u00f4i ch\u01b0a? Ch\u00fang t\u00f4i lu\u00f4n s\u1eb5n s\u00e0ng h\u1ed7 tr\u1ee3 b\u1ea1n t\u00ecm ra gi\u1ea3i ph\u00e1p ho\u00e0n h\u1ea3o cho nhu c\u1ea7u c\u1ee7a m\u00ecnh.<\/span><\/p>\n<ul class=\"AnswerParser_AnswerParserUnorderedList__P_1FW\">\n<li class=\"AnswerParser_ListItem__XqLOV\" translate=\"yes\"><strong>M\u1eabu mi\u1ec5n ph\u00ed<\/strong>: Y\u00eau c\u1ea7u m\u1eabu mi\u1ec5n ph\u00ed \u0111\u1ec3 th\u1eed nghi\u1ec7m t\u1ea1i m\u00f4i tr\u01b0\u1eddng c\u1ee7a b\u1ea1n.<\/li>\n<li class=\"AnswerParser_ListItem__XqLOV\" translate=\"yes\"><strong>T\u00f9y ch\u1ec9nh<\/strong>: H\u00e3y cho ch\u00fang t\u00f4i bi\u1ebft y\u00eau c\u1ea7u c\u1ee5 th\u1ec3 c\u1ee7a b\u1ea1n \u0111\u1ec3 c\u00f3 gi\u1ea3i ph\u00e1p ph\u00f9 h\u1ee3p.<\/li>\n<li class=\"AnswerParser_ListItem__XqLOV\" translate=\"yes\"><strong>T\u01b0 v\u1ea5n chuy\u00ean gia<\/strong>:\u0110\u1ed9i ng\u0169 chuy\u00ean gia RFID c\u1ee7a ch\u00fang t\u00f4i lu\u00f4n s\u1eb5n s\u00e0ng gi\u1ea3i \u0111\u00e1p m\u1ecdi th\u1eafc m\u1eafc c\u1ee7a b\u1ea1n.<\/li>\n<\/ul>\n<p>T\u00f3m l\u1ea1i, nh\u00e3n h\u01b0\u1edbng d\u1eabn gi\u1eb7t \u1ee7i b\u1eb1ng satin UHF k\u1ebft h\u1ee3p s\u1ef1 tho\u1ea3i m\u00e1i, ti\u1ec7n l\u1ee3i v\u00e0 c\u00f4ng ngh\u1ec7 ti\u00ean ti\u1ebfn, tr\u1edf th\u00e0nh l\u1ef1a ch\u1ecdn tuy\u1ec7t v\u1eddi cho c\u1ea3 nh\u00e0 s\u1ea3n xu\u1ea5t v\u00e0 ng\u01b0\u1eddi ti\u00eau d\u00f9ng \u0111ang t\u00ecm ki\u1ebfm gi\u1ea3i ph\u00e1p ghi nh\u00e3n t\u1ed1t h\u01a1n.<\/p>\n<p>&nbsp;<\/p>\n<\/div>\n<\/div>\n<\/div>\n<\/div>\n<\/div>","protected":false},"excerpt":{"rendered":"<p><strong>Chip RFID g\u1eafn tr\u00ean nh\u00e3n h\u01b0\u1edbng d\u1eabn gi\u1eb7t UHF trong qu\u1ea7n \u00e1o<\/strong>\u00a0Ch\u00fang t\u00f4i cung c\u1ea5p m\u1ed9t l\u1ef1a ch\u1ecdn tho\u1ea3i m\u00e1i h\u01a1n v\u00e0 th\u00e2n thi\u1ec7n v\u1edbi da h\u01a1n so v\u1edbi c\u00e1c nh\u00e3n hi\u1ec7u qu\u1ea7n \u00e1o truy\u1ec1n th\u1ed1ng, v\u1edbi h\u01a1n 15 n\u0103m kinh nghi\u1ec7m!<\/p>","protected":false},"featured_media":3192,"template":"","meta":{"_kad_post_transparent":"default","_kad_post_title":"","_kad_post_layout":"default","_kad_post_sidebar_id":"","_kad_post_content_style":"default","_kad_post_vertical_padding":"default","_kad_post_feature":"","_kad_post_feature_position":"","_kad_post_header":false,"_kad_post_footer":false,"_kad_post_classname":""},"product_brand":[],"product_cat":[81],"product_tag":[389,390,388,391],"class_list":{"0":"post-3191","1":"product","2":"type-product","3":"status-publish","4":"has-post-thumbnail","6":"product_cat-rfid-wash-care-clothing-label","7":"product_tag-rfid-chips-in-garment","8":"product_tag-uhf-wash-care-labe","9":"product_tag-uhf-wash-care-label-rfid-chips-in-garment","10":"product_tag-wash-care-label-rfid","12":"first","13":"instock","14":"shipping-taxable","15":"product-type-simple","16":"entry","17":"content-bg","18":"loop-entry"},"_links":{"self":[{"href":"https:\/\/rfid-laundry-tag.com\/vi\/wp-json\/wp\/v2\/product\/3191","targetHints":{"allow":["GET"]}}],"collection":[{"href":"https:\/\/rfid-laundry-tag.com\/vi\/wp-json\/wp\/v2\/product"}],"about":[{"href":"https:\/\/rfid-laundry-tag.com\/vi\/wp-json\/wp\/v2\/types\/product"}],"version-history":[{"count":1,"href":"https:\/\/rfid-laundry-tag.com\/vi\/wp-json\/wp\/v2\/product\/3191\/revisions"}],"predecessor-version":[{"id":3194,"href":"https:\/\/rfid-laundry-tag.com\/vi\/wp-json\/wp\/v2\/product\/3191\/revisions\/3194"}],"wp:featuredmedia":[{"embeddable":true,"href":"https:\/\/rfid-laundry-tag.com\/vi\/wp-json\/wp\/v2\/media\/3192"}],"wp:attachment":[{"href":"https:\/\/rfid-laundry-tag.com\/vi\/wp-json\/wp\/v2\/media?parent=3191"}],"wp:term":[{"taxonomy":"product_brand","embeddable":true,"href":"https:\/\/rfid-laundry-tag.com\/vi\/wp-json\/wp\/v2\/product_brand?post=3191"},{"taxonomy":"product_cat","embeddable":true,"href":"https:\/\/rfid-laundry-tag.com\/vi\/wp-json\/wp\/v2\/product_cat?post=3191"},{"taxonomy":"product_tag","embeddable":true,"href":"https:\/\/rfid-laundry-tag.com\/vi\/wp-json\/wp\/v2\/product_tag?post=3191"}],"curies":[{"name":"wp","href":"https:\/\/api.w.org\/{rel}","templated":true}]}}