{"id":319,"date":"2024-06-28T06:17:02","date_gmt":"2024-06-28T06:17:02","guid":{"rendered":"https:\/\/rfid-laundry-tag.com\/?post_type=product&#038;p=319"},"modified":"2024-09-23T10:21:27","modified_gmt":"2024-09-23T10:21:27","slug":"iso15693-i-code-slix-rfid-inlay","status":"publish","type":"product","link":"https:\/\/rfid-laundry-tag.com\/vi\/iso15693-i-code-slix-rfid-inlay\/","title":{"rendered":"L\u1edbp ph\u1ee7 RFID ISO15693 ICODE SLIX"},"content":{"rendered":"<table class=\"hight-light-first-column all magic-1\">\n<tbody>\n<tr>\n<td colspan=\"1\" rowspan=\"1\">\n<div class=\"magic-2\">\n<div class=\"magic-3\" data-spm-anchor-id=\"a2700.pc-decorate.0.i24.7f543333WPG8F0\"><span class=\"magic-4\" data-spm-anchor-id=\"a2700.pc-decorate.0.i23.7f543333WPG8F0\"><span class=\"magic-5\" style=\"color: #000000; font-family: Roboto;\"><b class=\"magic-4\" data-spm-anchor-id=\"a2700.pc-decorate.0.i114.7f543333WPG8F0\">M\u1ee5c<\/b><\/span><\/span><\/div>\n<\/div>\n<\/td>\n<td colspan=\"4\" rowspan=\"1\">\n<div class=\"magic-6\"><strong>L\u1edbp ph\u1ee7 RFID ISO15693 ICODE SLIX<\/strong><\/div>\n<\/td>\n<\/tr>\n<tr>\n<td colspan=\"1\" rowspan=\"1\">\n<div class=\"magic-2\">\n<div class=\"magic-3\" data-spm-anchor-id=\"a2700.pc-decorate.0.i22.7f543333WPG8F0\"><span class=\"magic-4\" data-spm-anchor-id=\"a2700.pc-decorate.0.i10.7f543333WPG8F0\"><b class=\"magic-4\"><span class=\"magic-5\" style=\"color: #000000; font-family: Roboto;\">V\u1eadt li\u1ec7u<\/span><\/b><\/span><\/div>\n<\/div>\n<\/td>\n<td colspan=\"4\" rowspan=\"1\">\n<div class=\"magic-9\"><span class=\"magic-5\" style=\"color: #000000;\">Gi\u1ea5y \/ M\u00e0ng PP \/ PET \/ L\u1edbp ph\u1ee7<\/span><\/div>\n<\/td>\n<\/tr>\n<tr>\n<td colspan=\"1\" rowspan=\"1\">\n<div class=\"magic-2\">\n<div class=\"magic-3\" data-spm-anchor-id=\"a2700.pc-decorate.0.i34.7f543333WPG8F0\"><b class=\"magic-13\" data-spm-anchor-id=\"a2700.pc-decorate.0.i111.7f543333WPG8F0\"><span class=\"magic-5\" style=\"color: #000000; font-family: Roboto;\">T\u00ednh th\u01b0\u1eddng xuy\u00ean<\/span><\/b><\/div>\n<\/div>\n<\/td>\n<td colspan=\"4\" rowspan=\"1\">\n<div class=\"magic-6\"><span class=\"magic-5\" style=\"color: #000000; font-family: Roboto;\" data-spm-anchor-id=\"a2700.details.0.i25.244e512bmtbZH7\">13,56MHz<\/span><\/div>\n<\/td>\n<\/tr>\n<tr>\n<td colspan=\"1\" rowspan=\"1\">\n<div class=\"magic-2\">\n<div class=\"magic-3\" data-spm-anchor-id=\"a2700.pc-decorate.0.i33.7f543333WPG8F0\"><b class=\"magic-4\"><span class=\"magic-5\" style=\"color: #000000; font-family: Roboto;\">K\u00edch c\u1ee1<\/span><\/b><\/div>\n<\/div>\n<\/td>\n<td colspan=\"4\" rowspan=\"1\">\n<div class=\"magic-9\"><span class=\"magic-5\" style=\"color: #000000;\">50*50\/45*45\/30*15\/40*25\/ \u0110\u01b0\u1eddng k\u00ednh 25\/30 ho\u1eb7c k\u00edch th\u01b0\u1edbc t\u00f9y ch\u1ec9nh<\/span><\/div>\n<\/td>\n<\/tr>\n<tr>\n<td colspan=\"1\" rowspan=\"1\">\n<div class=\"magic-2\">\n<div class=\"magic-3\"><b class=\"magic-14\">\u1ee8ng d\u1ee5ng<\/b><\/div>\n<\/div>\n<\/td>\n<td colspan=\"4\" rowspan=\"1\">\n<div class=\"magic-6\" data-spm-anchor-id=\"a2700.details.0.i24.244e512bmtbZH7\"><span class=\"magic-5\" style=\"color: #000000; font-family: Roboto;\">\u0110\u01b0\u1ee3c s\u1eed d\u1ee5ng r\u1ed9ng r\u00e3i trong qu\u1ea3n l\u00fd t\u00e0i s\u1ea3n, qu\u1ea3n l\u00fd qu\u1ea7n \u00e1o, h\u00e0ng t\u1ed3n kho, th\u01b0 vi\u1ec7n, \u0111\u1ed3 trang s\u1ee9c, h\u1eadu c\u1ea7n, v.v.<\/span><\/div>\n<\/td>\n<\/tr>\n<\/tbody>\n<\/table>\n<p>&nbsp;<\/p>\n<p>IC ICODE SLIX l\u00e0 chip chuy\u00ean d\u1ee5ng cho c\u00e1c \u1ee9ng d\u1ee5ng nh\u00e3n th\u00f4ng minh nh\u01b0 th\u01b0 vi\u1ec7n, x\u00e1c th\u1ef1c s\u1ea3n ph\u1ea9m trong c\u00e1c ng\u00e0nh c\u00f4ng nghi\u1ec7p kh\u00e1c nhau nh\u01b0 d\u01b0\u1ee3c ph\u1ea9m, thi\u1ebft b\u1ecb y t\u1ebf v\u00e0 r\u01b0\u1ee3u, c\u0169ng nh\u01b0 qu\u1ea3n l\u00fd s\u1ea3n xu\u1ea5t trong c\u00e1c l\u0129nh v\u1ef1c kh\u00e1c nhau c\u1ee7a ng\u00e0nh c\u00f4ng nghi\u1ec7p. IC n\u00e0y l\u00e0 th\u1ebf h\u1ec7 th\u1ee9 ba c\u1ee7a m\u1ed9t h\u1ecd s\u1ea3n ph\u1ea9m IC nh\u00e3n th\u00f4ng minh d\u1ef1a tr\u00ean c\u00e1c ti\u00eau chu\u1ea9n ISO ISO\/IEC 15693 v\u00e0 ISO\/IEC 18000-3, k\u00e9o d\u00e0i c\u00e2u chuy\u1ec7n th\u00e0nh c\u00f4ng c\u1ee7a NXP<sup>\u00ae<\/sup>\u00a0trong l\u0129nh v\u1ef1c h\u1ec7 th\u1ed1ng nh\u1eadn d\u1ea1ng khu v\u1ef1c l\u00e2n c\u1eadn.<\/p>\n<h3>Truy\u1ec1n d\u1eef li\u1ec7u v\u00e0 n\u0103ng l\u01b0\u1ee3ng kh\u00f4ng ti\u1ebfp x\u00fac<\/h3>\n<p>B\u1ea5t c\u1ee9 khi n\u00e0o \u0111\u01b0\u1ee3c k\u1ebft n\u1ed1i v\u1edbi m\u1ed9t lo\u1ea1i \u0103ng-ten r\u1ea5t \u0111\u01a1n gi\u1ea3n v\u00e0 d\u1ec5 s\u1ea3n xu\u1ea5t (do t\u1ea7n s\u1ed1 s\u00f3ng mang 13,56 MHz) \u0111\u01b0\u1ee3c t\u1ea1o th\u00e0nh t\u1eeb m\u1ed9t v\u00e0i cu\u1ed9n d\u00e2y \u0111\u01b0\u1ee3c in, qu\u1ea5n, kh\u1eafc ho\u1eb7c \u0111\u1ee5c l\u1ed7, IC ICODE SLIX c\u00f3 th\u1ec3 ho\u1ea1t \u0111\u1ed9ng m\u00e0 kh\u00f4ng c\u1ea7n \u0111\u01b0\u1eddng ng\u1eafm \u1edf kho\u1ea3ng c\u00e1ch l\u00ean \u0111\u1ebfn 1,5 m (chi\u1ec1u r\u1ed9ng c\u1ed5ng). Kh\u00f4ng c\u1ea7n pin. Khi nh\u00e3n th\u00f4ng minh \u0111\u01b0\u1ee3c \u0111\u1eb7t trong tr\u01b0\u1eddng c\u1ee7a \u0103ng-ten th\u1ea9m v\u1ea5n, giao di\u1ec7n truy\u1ec1n th\u00f4ng RF t\u1ed1c \u0111\u1ed9 cao cho ph\u00e9p truy\u1ec1n d\u1eef li\u1ec7u l\u00ean \u0111\u1ebfn 53 kbit\/gi\u00e2y.<\/p>\n<h3>Ch\u1ed1ng va ch\u1ea1m<\/h3>\n<p>Ch\u1ee9c n\u0103ng ch\u1ed1ng va ch\u1ea1m th\u00f4ng minh cho ph\u00e9p nhi\u1ec1u th\u1ebb ho\u1ea1t \u0111\u1ed9ng c\u00f9ng l\u00fac tr\u00ean th\u1ef1c \u0111\u1ecba. Thu\u1eadt to\u00e1n ch\u1ed1ng va ch\u1ea1m ch\u1ecdn t\u1eebng th\u1ebb ri\u00eang l\u1ebb v\u00e0 \u0111\u1ea3m b\u1ea3o th\u1ef1c hi\u1ec7n giao d\u1ecbch v\u1edbi th\u1ebb \u0111\u00e3 ch\u1ecdn \u0111\u01b0\u1ee3c th\u1ef1c hi\u1ec7n ch\u00ednh x\u00e1c m\u00e0 kh\u00f4ng l\u00e0m h\u1ecfng d\u1eef li\u1ec7u do c\u00e1c th\u1ebb kh\u00e1c tr\u00ean th\u1ef1c \u0111\u1ecba g\u00e2y ra.<\/p>\n<h3>C\u00e1c t\u00ednh n\u0103ng c\u1ee7a Chip RFID Inlay ISO15693 ICODE SLIX<\/h3>\n<div id=\"featuresXsp\" class=\"features-list\">\n<div class=\"features-xsp\">\n<div class=\"collapse-mobile ste-list\">\n<h3>Giao di\u1ec7n RF ICODE SLIX (ISO\/IEC 15693)<\/h3>\n<ul class=\"boxes\">\n<li>Truy\u1ec1n d\u1eef li\u1ec7u v\u00e0 cung c\u1ea5p n\u0103ng l\u01b0\u1ee3ng kh\u00f4ng ti\u1ebfp x\u00fac (kh\u00f4ng c\u1ea7n pin)<\/li>\n<li>Kho\u1ea3ng c\u00e1ch ho\u1ea1t \u0111\u1ed9ng: l\u00ean \u0111\u1ebfn 1,5 m (t\u00f9y thu\u1ed9c v\u00e0o h\u00ecnh d\u1ea1ng \u0103ng-ten)<\/li>\n<li>T\u1ea7n s\u1ed1 ho\u1ea1t \u0111\u1ed9ng: 13,56 MHz (ISM, gi\u1ea5y ph\u00e9p to\u00e0n c\u1ea7u mi\u1ec5n ph\u00ed)<\/li>\n<li>Truy\u1ec1n d\u1eef li\u1ec7u nhanh: l\u00ean \u0111\u1ebfn 53 kbit\/gi\u00e2y<\/li>\n<li>T\u00ednh to\u00e0n v\u1eb9n d\u1eef li\u1ec7u cao: CRC 16 bit, \u0111\u00f3ng khung<\/li>\n<li>Ch\u1ed1ng va ch\u1ea1m th\u1ef1c s\u1ef1<\/li>\n<li>Gi\u00e1m s\u00e1t b\u00e0i vi\u1ebft \u0111i\u1ec7n t\u1eed \u0111\u01b0\u1ee3c b\u1ea3o v\u1ec7 b\u1eb1ng m\u1eadt kh\u1ea9u (EAS)<\/li>\n<li>M\u00e3 \u0111\u1ecbnh danh h\u1ecd \u1ee9ng d\u1ee5ng (AFI) \u0111\u01b0\u1ee3c b\u1ea3o v\u1ec7 b\u1eb1ng m\u1eadt kh\u1ea9u<\/li>\n<li>\u0110\u1ecbnh d\u1ea1ng l\u01b0u tr\u1eef d\u1eef li\u1ec7u (DSFID)<\/li>\n<li>\u0110\u1ecdc ch\u1ed1ng va ch\u1ea1m nhanh b\u1ed5 sung<\/li>\n<li>Kho\u1ea3ng c\u00e1ch ghi b\u1eb1ng kho\u1ea3ng c\u00e1ch \u0111\u1ecdc<\/li>\n<\/ul>\n<\/div>\n<div class=\"collapse-mobile ste-list\">\n<h3>B\u1ed9 nh\u1edb EEPROM<\/h3>\n<ul class=\"boxes\">\n<li>1024 bit, \u0111\u01b0\u1ee3c t\u1ed5 ch\u1ee9c th\u00e0nh 32 kh\u1ed1i, m\u1ed7i kh\u1ed1i 4 byte<\/li>\n<li>L\u01b0u gi\u1eef d\u1eef li\u1ec7u 50 n\u0103m<\/li>\n<li>\u0110\u1ed9 b\u1ec1n ghi 100000 chu k\u1ef3<\/li>\n<\/ul>\n<\/div>\n<div class=\"collapse-mobile ste-list\">\n<h3>B\u1ea3o v\u1ec7<\/h3>\n<ul class=\"boxes\">\n<li>M\u00e3 \u0111\u1ecbnh danh duy nh\u1ea5t cho m\u1ed7i thi\u1ebft b\u1ecb<\/li>\n<li>C\u01a1 ch\u1ebf kh\u00f3a cho m\u1ed7i kh\u1ed1i b\u1ed9 nh\u1edb ng\u01b0\u1eddi d\u00f9ng (b\u1ea3o v\u1ec7 ghi)<\/li>\n<li>C\u01a1 ch\u1ebf kh\u00f3a cho DSFID, AFI, EAS<\/li>\n<li>Ch\u1ee9c n\u0103ng EAS v\u00e0 AFI \u0111\u01b0\u1ee3c b\u1ea3o v\u1ec7 b\u1eb1ng m\u1eadt kh\u1ea9u (32 bit)<\/li>\n<\/ul>\n<\/div>\n<\/div>\n<\/div>\n<div class=\"auto-hide-last-sibling-br paragraph_9dc5f paragraph-element\"><strong>L\u1edbp ph\u1ee7 RFID ISO15693 ICODE SLIX:<\/strong>\u00a0L\u1edbp ph\u1ee7 RFID bao g\u1ed3m m\u1ed9t \u0103ng-ten v\u00e0 m\u1ed9t vi m\u1ea1ch, trong \u0111\u00f3 vi m\u1ea1ch l\u01b0u tr\u1eef d\u1eef li\u1ec7u v\u00e0 \u0103ng-ten c\u00f3 nhi\u1ec7m v\u1ee5 truy\u1ec1n d\u1eef li\u1ec7u n\u00e0y \u0111\u1ebfn \u0111\u1ea7u \u0111\u1ecdc RFID.<\/div>\n<p>&nbsp;<\/p>\n<div class=\"auto-hide-last-sibling-br paragraph_9dc5f paragraph-element\"><strong>L\u1edbp kh\u1ea3m \u01b0\u1edbt:<\/strong>\u00a0\u0110\u00e2y l\u00e0 l\u1edbp ph\u1ee7 RFID \u0111\u01b0\u1ee3c \u0111\u1eb7t tr\u00ean l\u1edbp keo d\u00e1n v\u00e0 l\u1edbp PET (Polyethylene Terephthalate) trong su\u1ed1t. L\u1edbp PET \u0111\u01b0\u1ee3c s\u1eed d\u1ee5ng \u0111\u1ec3 b\u1ea3o v\u1ec7 ch\u1ed1ng l\u1ea1i h\u01b0 h\u1ecfng v\u1eadt l\u00fd. V\u1edbi m\u1eb7t keo d\u00e1n h\u01b0\u1edbng ra xa nh\u00e3n ho\u1eb7c v\u1eadt li\u1ec7u, ch\u00fang c\u00f3 th\u1ec3 \u0111\u01b0\u1ee3c s\u1eed d\u1ee5ng tho\u1ea3i m\u00e1i \u0111\u1ec3 t\u1ea1o nh\u00e3n RFID, do \u0111\u00f3 ch\u00fang \u0111\u01b0\u1ee3c \u1ee9ng d\u1ee5ng r\u1ed9ng r\u00e3i trong vi\u1ec7c t\u1ea1o nh\u00e3n cho nhi\u1ec1u l\u0129nh v\u1ef1c kh\u00e1c nhau.<\/div>\n<div><\/div>\n<div>\n<div class=\"auto-hide-last-sibling-br paragraph_9dc5f paragraph-element\">\u00a0Th\u1ebb NFC ISO15693 ICODE SLIX, \u0111\u01b0\u1ee3c l\u00e0m t\u1eeb nhi\u1ec1u lo\u1ea1i v\u1eadt li\u1ec7u kh\u00e1c nhau nh\u01b0 gi\u1ea5y, m\u00e0ng PP, PET ho\u1eb7c kh\u1ea3m, v\u00e0 c\u00f3 nhi\u1ec1u k\u00edch c\u1ee1 kh\u00e1c nhau, \u0111\u01b0\u1ee3c s\u1eed d\u1ee5ng r\u1ed9ng r\u00e3i. B\u1ea1n th\u01b0\u1eddng th\u1ea5y ch\u00fang trong c\u00e1c ng\u00e0nh c\u00f4ng nghi\u1ec7p nh\u01b0:<\/div>\n<p>&nbsp;<\/p>\n<ul class=\"auto-hide-last-sibling-br\">\n<li><strong>Qu\u1ea3n l\u00fd t\u00e0i s\u1ea3n:<\/strong>\u00a0Th\u1ebb \u0111\u01b0\u1ee3c s\u1eed d\u1ee5ng \u0111\u1ec3 theo d\u00f5i t\u00e0i s\u1ea3n v\u1eadt l\u00fd trong nhi\u1ec1u b\u1ed1i c\u1ea3nh kh\u00e1c nhau, ch\u1eb3ng h\u1ea1n nh\u01b0 gi\u00e1m s\u00e1t thi\u1ebft b\u1ecb trong ch\u0103m s\u00f3c s\u1ee9c kh\u1ecfe ho\u1eb7c CNTT.<\/li>\n<li><strong>Qu\u1ea3n l\u00fd qu\u1ea7n \u00e1o:<\/strong>\u00a0Trong b\u00e1n l\u1ebb th\u1eddi trang, nh\u1eefng th\u1ebb n\u00e0y gi\u00fap theo d\u00f5i h\u00e0ng t\u1ed3n kho, ch\u1ed1ng tr\u1ed9m v\u00e0 c\u1ea3i thi\u1ec7n tr\u1ea3i nghi\u1ec7m c\u1ee7a kh\u00e1ch h\u00e0ng trong c\u1eeda h\u00e0ng.<\/li>\n<li><strong>Qu\u1ea3n l\u00fd h\u00e0ng t\u1ed3n kho:<\/strong>\u00a0Trong kho b\u00e3i v\u00e0 b\u00e1n l\u1ebb, th\u1ebb RFID \u0111\u01b0\u1ee3c s\u1eed d\u1ee5ng \u0111\u1ec3 qu\u1ea3n l\u00fd h\u00e0ng t\u1ed3n kho hi\u1ec7u qu\u1ea3, gi\u1ea3m b\u1edbt lao \u0111\u1ed9ng th\u1ee7 c\u00f4ng v\u00e0 gi\u1ea3m thi\u1ec3u sai s\u00f3t.<\/li>\n<li><strong>Qu\u1ea3n l\u00fd th\u01b0 vi\u1ec7n:<\/strong>\u00a0Ch\u00fang \u0111\u01b0\u1ee3c s\u1eed d\u1ee5ng \u0111\u1ec3 t\u1ef1 \u0111\u1ed9ng h\u00f3a quy tr\u00ecnh m\u01b0\u1ee3n v\u00e0 tr\u1ea3, c\u1ea3i thi\u1ec7n vi\u1ec7c qu\u1ea3n l\u00fd h\u00e0ng t\u1ed3n kho v\u00e0 cung c\u1ea5p kh\u1ea3 n\u0103ng b\u1ea3o m\u1eadt ch\u1ed1ng tr\u1ed9m c\u1eafp.<\/li>\n<li><strong>Qu\u1ea3n l\u00fd trang s\u1ee9c:<\/strong>\u00a0Nh\u1eb9 v\u00e0 ch\u00ednh x\u00e1c, nh\u1eefng th\u1ebb n\u00e0y cung c\u1ea5p kh\u1ea3 n\u0103ng ki\u1ec3m so\u00e1t h\u00e0ng t\u1ed3n kho an to\u00e0n v\u00e0 hi\u1ec7u qu\u1ea3 trong ng\u00e0nh c\u00f4ng nghi\u1ec7p trang s\u1ee9c.<\/li>\n<li><strong>H\u1eadu c\u1ea7n:<\/strong> Th\u1ebb RFID \u0111\u01b0\u1ee3c s\u1eed d\u1ee5ng \u0111\u1ec3 theo d\u00f5i h\u00e0ng h\u00f3a trong qu\u00e1 tr\u00ecnh v\u1eadn chuy\u1ec3n, c\u1ea3i thi\u1ec7n \u0111\u1ed9 ch\u00ednh x\u00e1c c\u1ee7a vi\u1ec7c v\u1eadn chuy\u1ec3n v\u00e0 n\u00e2ng cao kh\u1ea3 n\u0103ng hi\u1ec3n th\u1ecb trong chu\u1ed7i cung \u1ee9ng.<\/li>\n<\/ul>\n<div class=\"auto-hide-last-sibling-br paragraph_9dc5f paragraph-element\">K\u00edch th\u01b0\u1edbc v\u00e0 h\u00ecnh d\u1ea1ng c\u1ee7a th\u1ebb c\u00f3 th\u1ec3 \u0111\u01b0\u1ee3c t\u00f9y ch\u1ec9nh theo \u1ee9ng d\u1ee5ng c\u1ee5 th\u1ec3, t\u0103ng c\u01b0\u1eddng t\u00ednh linh ho\u1ea1t v\u00e0 kh\u1ea3 n\u0103ng th\u00edch \u1ee9ng trong nhi\u1ec1u tr\u01b0\u1eddng h\u1ee3p s\u1eed d\u1ee5ng kh\u00e1c nhau.<\/div>\n<\/div>\n<div><\/div>\n<div>\n<h2 class=\"AnswerParser_AnswerParserH2__SIHnF\">B\u1eaft \u0111\u1ea7u v\u1edbi NXP ICODE SLIX RFID ngay h\u00f4m nay<\/h2>\n<p><span class=\"AnswerParser_TextContainer__z_Iiv\" data-testid=\"youchat-text\">S\u1eb5n s\u00e0ng c\u00e1ch m\u1ea1ng h\u00f3a quy tr\u00ecnh qu\u1ea3n l\u00fd t\u00e0i s\u1ea3n v\u00e0 x\u00e1c th\u1ef1c c\u1ee7a b\u1ea1n? H\u00e3y th\u1ef1c hi\u1ec7n b\u01b0\u1edbc \u0111\u1ea7u ti\u00ean h\u01b0\u1edbng t\u1edbi t\u01b0\u01a1ng lai hi\u1ec7u qu\u1ea3 h\u01a1n:<\/span><\/p>\n<ol class=\"AnswerParser_AnswerParserOrderedList__kl_2Y\">\n<li class=\"AnswerParser_ListItem__XqLOV\" translate=\"yes\"><strong>Y\u00eau c\u1ea7u m\u1eabu mi\u1ec5n ph\u00ed<\/strong>: Tr\u1ea3i nghi\u1ec7m ch\u1ea5t l\u01b0\u1ee3ng v\u00e0 hi\u1ec7u su\u1ea5t tr\u1ef1c ti\u1ebfp<\/li>\n<li class=\"AnswerParser_ListItem__XqLOV\" translate=\"yes\"><strong>Tham kh\u1ea3o \u00fd ki\u1ebfn chuy\u00ean gia c\u1ee7a ch\u00fang t\u00f4i<\/strong>: Nh\u1eadn l\u1eddi khuy\u00ean c\u00e1 nh\u00e2n v\u1ec1 vi\u1ec7c tri\u1ec3n khai RFID trong doanh nghi\u1ec7p c\u1ee7a b\u1ea1n<\/li>\n<li class=\"AnswerParser_ListItem__XqLOV\" translate=\"yes\"><strong>Tr\u00edch d\u1eabn t\u00f9y ch\u1ec9nh<\/strong>: Nh\u1eadn m\u1ed9t k\u1ebf ho\u1ea1ch gi\u00e1 ph\u00f9 h\u1ee3p d\u1ef1a tr\u00ean nhu c\u1ea7u c\u1ee5 th\u1ec3 v\u00e0 y\u00eau c\u1ea7u v\u1ec1 kh\u1ed1i l\u01b0\u1ee3ng c\u1ee7a b\u1ea1n<\/li>\n<\/ol>\n<p><span class=\"AnswerParser_TextContainer__z_Iiv\" data-testid=\"youchat-text\">\u0110\u1eebng \u0111\u1ec3 c\u00e1c ph\u01b0\u01a1ng ph\u00e1p theo d\u00f5i l\u1ed7i th\u1eddi k\u00ecm h\u00e3m doanh nghi\u1ec7p c\u1ee7a b\u1ea1n. H\u00e3y t\u1eadn d\u1ee5ng s\u1ee9c m\u1ea1nh c\u1ee7a c\u00f4ng ngh\u1ec7 RFID NXP ICODE SLIX v\u00e0 lu\u00f4n d\u1eabn \u0111\u1ea7u \u0111\u1ed1i th\u1ee7 c\u1ea1nh tranh. H\u00e3y \u0111i\u1ec1n v\u00e0o bi\u1ec3u m\u1eabu y\u00eau c\u1ea7u c\u1ee7a ch\u00fang t\u00f4i ngay h\u00f4m nay \u0111\u1ec3 b\u1eaft \u0111\u1ea7u h\u00e0nh tr\u00ecnh h\u01b0\u1edbng t\u1edbi c\u00e1c ho\u1ea1t \u0111\u1ed9ng th\u00f4ng minh h\u01a1n, hi\u1ec7u qu\u1ea3 h\u01a1n.<\/span><\/div>","protected":false},"excerpt":{"rendered":"<p>C\u00e1ch m\u1ea1ng h\u00f3a vi\u1ec7c qu\u1ea3n l\u00fd t\u00e0i s\u1ea3n v\u1edbi thi\u1ebft b\u1ecb RFID NXP ICODE SLIX 13,56MHz, n\u00e2ng cao hi\u1ec7u qu\u1ea3 ki\u1ec3m k\u00ea v\u00e0 x\u00e1c th\u1ef1c s\u1ea3n ph\u1ea9m trong nhi\u1ec1u ng\u00e0nh.<\/p>","protected":false},"featured_media":320,"template":"","meta":{"_kad_post_transparent":"default","_kad_post_title":"","_kad_post_layout":"default","_kad_post_sidebar_id":"","_kad_post_content_style":"default","_kad_post_vertical_padding":"default","_kad_post_feature":"","_kad_post_feature_position":"","_kad_post_header":false,"_kad_post_footer":false,"_kad_post_classname":""},"product_brand":[],"product_cat":[54,189],"product_tag":[306,111,108],"class_list":{"0":"post-319","1":"product","2":"type-product","3":"status-publish","4":"has-post-thumbnail","6":"product_cat-hot-selling-rfid-tags","7":"product_cat-rfid-inlay","8":"product_tag-icode-slix-rfid-inlay","9":"product_tag-nfc-inlay","10":"product_tag-rfid-inlay","12":"first","13":"instock","14":"shipping-taxable","15":"product-type-simple","16":"entry","17":"content-bg","18":"loop-entry"},"_links":{"self":[{"href":"https:\/\/rfid-laundry-tag.com\/vi\/wp-json\/wp\/v2\/product\/319","targetHints":{"allow":["GET"]}}],"collection":[{"href":"https:\/\/rfid-laundry-tag.com\/vi\/wp-json\/wp\/v2\/product"}],"about":[{"href":"https:\/\/rfid-laundry-tag.com\/vi\/wp-json\/wp\/v2\/types\/product"}],"version-history":[{"count":3,"href":"https:\/\/rfid-laundry-tag.com\/vi\/wp-json\/wp\/v2\/product\/319\/revisions"}],"predecessor-version":[{"id":2656,"href":"https:\/\/rfid-laundry-tag.com\/vi\/wp-json\/wp\/v2\/product\/319\/revisions\/2656"}],"wp:featuredmedia":[{"embeddable":true,"href":"https:\/\/rfid-laundry-tag.com\/vi\/wp-json\/wp\/v2\/media\/320"}],"wp:attachment":[{"href":"https:\/\/rfid-laundry-tag.com\/vi\/wp-json\/wp\/v2\/media?parent=319"}],"wp:term":[{"taxonomy":"product_brand","embeddable":true,"href":"https:\/\/rfid-laundry-tag.com\/vi\/wp-json\/wp\/v2\/product_brand?post=319"},{"taxonomy":"product_cat","embeddable":true,"href":"https:\/\/rfid-laundry-tag.com\/vi\/wp-json\/wp\/v2\/product_cat?post=319"},{"taxonomy":"product_tag","embeddable":true,"href":"https:\/\/rfid-laundry-tag.com\/vi\/wp-json\/wp\/v2\/product_tag?post=319"}],"curies":[{"name":"wp","href":"https:\/\/api.w.org\/{rel}","templated":true}]}}