{"id":3186,"date":"2026-01-09T13:37:43","date_gmt":"2026-01-09T13:37:43","guid":{"rendered":"https:\/\/rfid-laundry-tag.com\/?post_type=product&#038;p=3186"},"modified":"2026-01-09T13:37:44","modified_gmt":"2026-01-09T13:37:44","slug":"fabric-woven-rfid-wash-care-tag","status":"publish","type":"product","link":"https:\/\/rfid-laundry-tag.com\/vi\/fabric-woven-rfid-wash-care-tag\/","title":{"rendered":"Th\u1ebb h\u01b0\u1edbng d\u1eabn gi\u1eb7t RFID b\u1eb1ng v\u1ea3i d\u1ec7t"},"content":{"rendered":"<div>\n<div>\n<table>\n<tbody>\n<tr>\n<td colspan=\"1\" rowspan=\"1\">\n<div data-spm-anchor-id=\"a2700.details.0.i95.236a58c1ycsfva\">T\u00ean s\u1ea3n xu\u1ea5t:<\/div>\n<\/td>\n<td colspan=\"1\" rowspan=\"1\">\n<div><strong>Th\u1ebb h\u01b0\u1edbng d\u1eabn gi\u1eb7t RFID b\u1eb1ng v\u1ea3i d\u1ec7t<\/strong><\/div>\n<\/td>\n<\/tr>\n<tr>\n<td colspan=\"1\" rowspan=\"1\">\n<div>V\u1eadt li\u1ec7u:<\/div>\n<\/td>\n<td colspan=\"1\" rowspan=\"1\">\n<div>Polyester\/V\u1ea3i d\u1ec7t\/V\u1ea3i t\u1ed5ng h\u1ee3p\/V\u1ea3i satin\/V\u1ea3i cotton\/V\u1ea3i kh\u00f4ng d\u1ec7t\/PET, v.v.<\/div>\n<\/td>\n<\/tr>\n<tr>\n<td colspan=\"1\" rowspan=\"1\">\n<div>K\u00edch c\u1ee1:<\/div>\n<\/td>\n<td colspan=\"1\" rowspan=\"1\">\n<div>80*38mm\/60*30mm\/61*26mm\/60*22mm\/ ho\u1eb7c k\u00edch th\u01b0\u1edbc t\u00f9y ch\u1ec9nh<\/div>\n<\/td>\n<\/tr>\n<tr>\n<td colspan=\"1\" rowspan=\"1\">\n<div>Ki\u1ec3u:<\/div>\n<\/td>\n<td colspan=\"1\" rowspan=\"1\">\n<div>Th\u1ee5 \u0111\u1ed9ng, RFID<\/div>\n<\/td>\n<\/tr>\n<tr>\n<td colspan=\"1\" rowspan=\"1\">\n<div>Giao th\u1ee9c RF:<\/div>\n<\/td>\n<td colspan=\"1\" rowspan=\"1\">\n<div>ISO 18000-6C; EPC L\u1edbp 1 Th\u1ebf h\u1ec7 2<\/div>\n<\/td>\n<\/tr>\n<tr>\n<td colspan=\"1\" rowspan=\"1\">\n<div>T\u00ednh th\u01b0\u1eddng xuy\u00ean:<\/div>\n<\/td>\n<td colspan=\"1\" rowspan=\"1\">\n<div>860~960MHz<\/div>\n<\/td>\n<\/tr>\n<tr>\n<td colspan=\"1\" rowspan=\"1\">\n<div>Chip<\/div>\n<\/td>\n<td colspan=\"1\" rowspan=\"1\">\n<div>U8, U9, Alien Higgs, Monza 4D, Monza 4QT, Monza R6, Monza R6-P, Impinj M730, Impinj M750, v.v.<\/div>\n<\/td>\n<\/tr>\n<tr>\n<td colspan=\"1\" rowspan=\"1\">\n<div>Kho\u1ea3ng c\u00e1ch \u0111\u1ecdc:<\/div>\n<\/td>\n<td colspan=\"1\" rowspan=\"1\">\n<div>UHF: 1~10m (t\u00f9y thu\u1ed9c v\u00e0o \u0111\u1ea7u \u0111\u1ecdc v\u00e0 \u0103ng-ten)<\/div>\n<\/td>\n<\/tr>\n<tr>\n<td colspan=\"1\" rowspan=\"1\">\n<div>C\u00e1ch c\u1ed1 \u0111\u1ecbnh:<\/div>\n<\/td>\n<td colspan=\"1\" rowspan=\"1\">\n<div>May \/ \u1ee7i<\/div>\n<\/td>\n<\/tr>\n<tr>\n<td colspan=\"1\" rowspan=\"1\">\n<div>In \u1ea5n:<\/div>\n<\/td>\n<td colspan=\"1\" rowspan=\"1\">\n<div>In \u1ea5n, M\u00e3 h\u00f3a, S\u1ed1 s\u00ea-ri, Thi\u1ebft k\u1ebf, v.v.<\/div>\n<\/td>\n<\/tr>\n<tr>\n<td colspan=\"1\" rowspan=\"1\">\n<div>Cu\u1ed9c s\u1ed1ng IC:<\/div>\n<\/td>\n<td colspan=\"1\" rowspan=\"1\">\n<div data-spm-anchor-id=\"a2700.details.0.i94.236a58c1ycsfva\">100.000 chu k\u1ef3 l\u1eadp tr\u00ecnh<br \/>\nL\u01b0u gi\u1eef d\u1eef li\u1ec7u 10 n\u0103m<\/div>\n<\/td>\n<\/tr>\n<tr>\n<td colspan=\"1\" rowspan=\"1\">\n<div>M\u1eabu c\u00f3 s\u1eb5n:<\/div>\n<\/td>\n<td colspan=\"1\" rowspan=\"1\">\n<div>M\u1eabu mi\u1ec5n ph\u00ed c\u00f3 s\u1eb5n theo y\u00eau c\u1ea7u<\/div>\n<\/td>\n<\/tr>\n<tr>\n<td colspan=\"1\" rowspan=\"1\">\n<div>\u1ee8ng d\u1ee5ng:<\/div>\n<\/td>\n<td colspan=\"1\" rowspan=\"1\">\n<div>\u00b7 Qu\u1ea3n l\u00fd h\u00e0ng t\u1ed3n kho<br \/>\n\u00b7 Chu\u1ed7i cung \u1ee9ng<br \/>\n\u00b7 B\u00e1n l\u1ebb<\/div>\n<\/td>\n<\/tr>\n<tr>\n<td colspan=\"1\" rowspan=\"1\">\n<div>S\u1eed d\u1ee5ng<\/div>\n<\/td>\n<td colspan=\"1\" rowspan=\"1\">\n<div>H\u00e0ng may m\u1eb7c, qu\u1ea7n \u00e1o, t\u00fai x\u00e1ch, gi\u00e0y d\u00e9p, v.v.<\/div>\n<\/td>\n<\/tr>\n<\/tbody>\n<\/table>\n<\/div>\n<\/div>\n<div>\n<div>\n<div>\n<div>\n<div>\n<div><\/div>\n<\/div>\n<div>\n<div>\n<h2>Ch\u1ea5t li\u1ec7u v\u1ea3i nylon m\u1ec1m m\u1ea1i v\u00e0 c\u00f3 kh\u1ea3 n\u0103ng ch\u1ed1ng m\u00e0i m\u00f2n.<\/h2>\n<div><a href=\"https:\/\/rfid-laundry-tag.com\/vi\/\">Th\u1ebb h\u01b0\u1edbng d\u1eabn gi\u1eb7t RFID b\u1eb1ng v\u1ea3i d\u1ec7t<\/a>\u00a0Ch\u1ea5t li\u1ec7u v\u1ea3i Nylon c\u00f3 \u0111\u1ed9 b\u1ec1n t\u1ed1t, b\u1ec1 m\u1eb7t m\u1ecbn v\u00e0 hi\u1ec7u qu\u1ea3 in \u1ea5n tuy\u1ec7t v\u1eddi, c\u00f3 th\u1ec3 gi\u1eb7t m\u00e0 kh\u00f4ng d\u1ec5 b\u1ecb s\u1eddn.<\/div>\n<div>Hi\u1ec7n nay, n\u00f3 \u0111\u01b0\u1ee3c s\u1eed d\u1ee5ng r\u1ed9ng r\u00e3i trong ng\u00e0nh may m\u1eb7c, gi\u00e0y d\u00e9p, t\u00fai x\u00e1ch, h\u00e0ng d\u1ec7t gia d\u1ee5ng v\u00e0 qu\u1ea3n l\u00fd \u0111\u1ed3 v\u1ea3i kh\u00e1ch s\u1ea1n.<\/div>\n<\/div>\n<\/div>\n<\/div>\n<div><\/div>\n<div>Th\u1ebb RFID d\u1ec7t b\u1eb1ng v\u1ea3i c\u00f3 t\u00edch h\u1ee3p chip UHF v\u00e0 kh\u1ea3 n\u0103ng \u0111\u1ecdc t\u1eeb xa.<br \/>\n\u0110\u01b0\u1ee3c trang b\u1ecb chip UHF, n\u00f3 c\u00f3 th\u1ec3 \u0111\u01b0\u1ee3c ghi l\u1ea1i.<br \/>\nV\u1edbi kh\u1ea3 n\u0103ng sao l\u01b0u l\u00ean \u0111\u1ebfn 100.000 l\u1ea7n, d\u1eef li\u1ec7u c\u00f3 th\u1ec3 \u0111\u01b0\u1ee3c l\u01b0u gi\u1eef trong 10 n\u0103m v\u00e0 mang l\u1ea1i hi\u1ec7u su\u1ea5t \u1ed5n \u0111\u1ecbnh v\u00e0 \u0111\u00e1ng tin c\u1eady.<\/div>\n<\/div>\n<div><\/div>\n<div>Th\u1ebb h\u01b0\u1edbng d\u1eabn gi\u1eb7t \u1ee7i RFID d\u1ec7t b\u1eb1ng v\u1ea3i h\u1ed7 tr\u1ee3 t\u00f9y ch\u1ec9nh, thi\u1ebft k\u1ebf b\u1ed1 c\u1ee5c mi\u1ec5n ph\u00ed.<br \/>\nC\u00f3 th\u1ec3 t\u00f9y ch\u1ec9nh v\u1edbi m\u00e3 h\u00f3a, logo, m\u00e3 v\u1ea1ch 1D\/2D theo y\u00eau c\u1ea7u.,<\/div>\n<div>v\u00e0 c\u0169ng c\u00f3 s\u1eb5n c\u00e1c k\u00edch th\u01b0\u1edbc, ki\u1ec3u chip, m\u00e0u s\u1eafc t\u00f9y ch\u1ec9nh, v.v.<\/div>\n<div>\n<div><\/div>\n<div>\n<div>\n<div>\n<div>\n<div>\n<h2>D\u1ec5 d\u00e0ng c\u00e0i \u0111\u1eb7t v\u00e0 s\u1eed d\u1ee5ng<\/h2>\n<p>Th\u1ebb h\u01b0\u1edbng d\u1eabn gi\u1eb7t RFID d\u1ec7t b\u1eb1ng v\u1ea3i c\u1ee7a ch\u00fang t\u00f4i \u0111\u01b0\u1ee3c thi\u1ebft k\u1ebf \u0111\u1ec3 t\u00edch h\u1ee3p li\u1ec1n m\u1ea1ch v\u00e0o qu\u1ea7n \u00e1o c\u1ee7a b\u1ea1n:<\/p>\n<ol>\n<li translate=\"yes\">Ph\u01b0\u01a1ng \u00e1n may: Ph\u01b0\u01a1ng ph\u00e1p g\u1eafn truy\u1ec1n th\u1ed1ng \u0111\u1ea3m b\u1ea3o \u0111\u1ed9 b\u1ec1n.<\/li>\n<li translate=\"yes\">\u1ee8ng d\u1ee5ng \u1ee7i nhi\u1ec7t: L\u1eafp \u0111\u1eb7t nhanh ch\u00f3ng v\u00e0 d\u1ec5 d\u00e0ng b\u1eb1ng c\u00f4ng ngh\u1ec7 truy\u1ec1n nhi\u1ec7t.<\/li>\n<\/ol>\n<p>C\u1ea3 hai ph\u01b0\u01a1ng ph\u00e1p \u0111\u1ec1u \u0111\u1ea3m b\u1ea3o th\u1ebb RFID \u0111\u01b0\u1ee3c g\u1eafn ch\u1eafc ch\u1eafn trong su\u1ed1t v\u00f2ng \u0111\u1eddi c\u1ee7a s\u1ea3n ph\u1ea9m may m\u1eb7c.<\/p>\n<h3>D\u01b0\u1edbi \u0111\u00e2y l\u00e0 m\u1ed9t v\u00e0i v\u00ed d\u1ee5 v\u1ec1 c\u00e1ch c\u00e1c th\u01b0\u01a1ng hi\u1ec7u th\u1eddi trang h\u00e0ng \u0111\u1ea7u \u0111\u00e3 tri\u1ec3n khai th\u00e0nh c\u00f4ng th\u1ebb RFID d\u1ec7t tr\u00ean v\u1ea3i \u0111\u1ec3 h\u01b0\u1edbng d\u1eabn gi\u1eb7t \u1ee7i:<\/h3>\n<ol>\n<li>\n<div>Prada: Th\u01b0\u01a1ng hi\u1ec7u xa x\u1ec9 n\u1ed5i ti\u1ebfng c\u1ee7a \u00dd n\u00e0y \u0111\u00e3 \u00e1p d\u1ee5ng th\u1ebb RFID \u0111\u1ec3 theo d\u00f5i qu\u00e1 tr\u00ecnh gi\u1eb7t \u1ee7i v\u00e0o n\u0103m 2001, cho ph\u00e9p ghi l\u1ea1i chi ti\u1ebft c\u00e1c th\u00f4ng tin nh\u01b0 ki\u1ec3u d\u00e1ng, k\u00edch c\u1ee1, m\u00e0u s\u1eafc v\u00e0 gi\u00e1 c\u1ea3. \u0110i\u1ec1u th\u00fa v\u1ecb l\u00e0, khi kh\u00e1ch h\u00e0ng m\u1eb7c trang ph\u1ee5c Prada \u0111i ngang qua c\u00e1c c\u1eeda h\u00e0ng c\u1ee7a h\u1ecd, nh\u1eefng b\u1ed9 trang ph\u1ee5c t\u01b0\u01a1ng \u1ee9ng s\u1ebd \u0111\u01b0\u1ee3c tr\u01b0ng b\u00e0y tr\u00ean ng\u01b0\u1eddi m\u1eabu trong c\u1eeda h\u00e0ng, m\u00f4 ph\u1ecfng m\u1ed9t s\u00e0n di\u1ec5n th\u1eddi trang cao c\u1ea5p \u1edf Milan. Vi\u1ec7c s\u1eed d\u1ee5ng c\u00f4ng ngh\u1ec7 RFID m\u1ed9t c\u00e1ch s\u00e1ng t\u1ea1o n\u00e0y gi\u00fap n\u00e2ng cao s\u1ef1 h\u00e0i l\u00f2ng c\u1ee7a kh\u00e1ch h\u00e0ng sau khi mua h\u00e0ng \u0111\u1ed1i v\u1edbi c\u00e1c s\u1ea3n ph\u1ea9m Prada.<\/div>\n<\/li>\n<li>\n<div>H&amp;M: Th\u01b0\u01a1ng hi\u1ec7u qu\u1ed1c t\u1ebf n\u00e0y b\u1eaft \u0111\u1ea7u s\u1eed d\u1ee5ng c\u00f4ng ngh\u1ec7 RFID v\u00e0o n\u0103m 2014. T\u1ea1i 1.800 c\u1eeda h\u00e0ng theo k\u1ebf ho\u1ea1ch, c\u00f4ng ngh\u1ec7 RFID cho ph\u00e9p theo d\u00f5i t\u1ef1 \u0111\u1ed9ng c\u00e1c lo\u1ea1i s\u1ea3n ph\u1ea9m, s\u1ed1 l\u01b0\u1ee3ng v\u00e0 m\u1ee9c ti\u00eau th\u1ee5.<\/div>\n<\/li>\n<li>\n<div>ZARA: Trong n\u1eeda \u0111\u1ea7u n\u0103m 2016, c\u00f4ng ty m\u1eb9 c\u1ee7a ZARA, Inditex, cho bi\u1ebft vi\u1ec7c \u1ee9ng d\u1ee5ng c\u00f4ng ngh\u1ec7 RFID \u0111\u00e3 c\u1ea3i thi\u1ec7n vi\u1ec7c qu\u1ea3n l\u00fd h\u00e0ng t\u1ed3n kho v\u00e0 chu\u1ed7i cung \u1ee9ng cho kho\u1ea3ng 701.000 th\u01b0\u01a1ng hi\u1ec7u c\u1ee7a h\u1ecd. Vi\u1ec7c tri\u1ec3n khai n\u00e0y \u0111\u00e3 d\u1eabn \u0111\u1ebfn doanh thu t\u0103ng 11.110.000 \u0111\u00f4 la v\u00e0 l\u1ee3i nhu\u1eadn t\u0103ng 7.510.000 \u0111\u00f4 la, t\u1ed5ng c\u1ed9ng \u0111\u1ea1t 1,26 t\u1ef7 euro.<\/div>\n<\/li>\n<li>\n<div>Uniqlo: N\u0103m 2017, Uniqlo c\u00f4ng b\u1ed1 k\u1ebf ho\u1ea1ch tri\u1ec3n khai th\u1ebb RFID UHF t\u1ea1i 3.000 c\u1eeda h\u00e0ng tr\u00ean to\u00e0n c\u1ea7u, \u0111\u00e1nh d\u1ea5u vi\u1ec7c tr\u1edf th\u00e0nh nh\u00e0 b\u00e1n l\u1ebb Nh\u1eadt B\u1ea3n \u0111\u1ea7u ti\u00ean s\u1eed d\u1ee5ng th\u1ebb \u0111i\u1ec7n t\u1eed tr\u00ean th\u1ebf gi\u1edbi.<\/div>\n<\/li>\n<\/ol>\n<div>\u0110\u00e2y ch\u1ec9 l\u00e0 m\u1ed9t v\u00e0i th\u00f4ng tin chi ti\u1ebft v\u1ec1 c\u00e1ch c\u00e1c th\u01b0\u01a1ng hi\u1ec7u th\u1eddi trang h\u00e0ng \u0111\u1ea7u \u0111ang t\u1eadn d\u1ee5ng th\u1ebb RFID. T\u00ednh \u0111\u1ebfn n\u0103m 2019, h\u1ea7u nh\u01b0 m\u1ecdi th\u01b0\u01a1ng hi\u1ec7u \u0111\u1eb3ng c\u1ea5p th\u1ebf gi\u1edbi \u0111\u1ec1u \u0111\u00e3 g\u1eafn th\u1ebb RFID v\u00e0o qu\u1ea7n \u00e1o c\u1ee7a m\u00ecnh, d\u1eabn \u0111\u1ebfn h\u01a1n 20 t\u1ef7 s\u1ea3n ph\u1ea9m qu\u1ea7n \u00e1o \u0111\u01b0\u1ee3c g\u1eafn th\u1ebb \u2013 m\u1ed9t con s\u1ed1 v\u1eabn ti\u1ebfp t\u1ee5c t\u0103ng l\u00ean \u0111\u00e1ng k\u1ec3. C\u00e1c th\u01b0\u01a1ng hi\u1ec7u n\u1ed5i b\u1eadt kh\u00e1c \u0111\u00e3 \u00e1p d\u1ee5ng c\u00f4ng ngh\u1ec7 n\u00e0y bao g\u1ed3m NIKE v\u00e0 Walmart.<\/div>\n<\/div>\n<\/div>\n<\/div>\n<\/div>\n<\/div>\n<\/div>\n<\/div>\n<\/div>","protected":false},"excerpt":{"rendered":"<div class=\"elementor-element elementor-element-4f79c63 e-flex e-con-boxed e-con e-parent e-lazyloaded\" data-id=\"4f79c63\" data-element_type=\"container\" data-settings=\"{&quot;_ha_eqh_enable&quot;:false}\">\n<div class=\"e-con-inner\">\n<div class=\"elementor-element elementor-element-be3873c elementor-widget elementor-widget-woocommerce-product-short-description\" data-id=\"be3873c\" data-element_type=\"widget\" data-widget_type=\"woocommerce-product-short-description.default\">\n<div class=\"elementor-widget-container\">\n<div class=\"woocommerce-product-details__short-description\">\n<p>B\u1ec1n b\u1ec9 <strong>Th\u1ebb h\u01b0\u1edbng d\u1eabn gi\u1eb7t RFID d\u1ec7t b\u1eb1ng nylon<\/strong> V\u1edbi chip UHF, c\u00f3 th\u1ec3 ghi l\u1ea1i 100.000 l\u1ea7n, \u0111\u1ed9 b\u1ec1n cao, thi\u1ebft k\u1ebf t\u00f9y ch\u1ec9nh, l\u00fd t\u01b0\u1edfng cho ng\u00e0nh d\u1ec7t may v\u00e0 th\u1eddi trang.<\/p>\n<\/div>\n<\/div>\n<\/div>\n<\/div>\n<\/div>\n<div class=\"elementor-element elementor-element-3ad806e e-flex e-con-boxed e-con e-parent e-lazyloaded\" data-id=\"3ad806e\" data-element_type=\"container\" data-settings=\"{&quot;_ha_eqh_enable&quot;:false}\">\n<div class=\"e-con-inner\">\n<div class=\"elementor-element elementor-element-362020f elementor-widget elementor-widget-woocommerce-product-data-tabs\" data-id=\"362020f\" data-element_type=\"widget\" data-widget_type=\"woocommerce-product-data-tabs.default\">\n<div class=\"elementor-widget-container\">\n<div class=\"woocommerce-tabs wc-tabs-wrapper\"><\/div>\n<\/div>\n<\/div>\n<\/div>\n<\/div>","protected":false},"featured_media":3187,"template":"","meta":{"_kad_post_transparent":"default","_kad_post_title":"","_kad_post_layout":"default","_kad_post_sidebar_id":"","_kad_post_content_style":"default","_kad_post_vertical_padding":"default","_kad_post_feature":"","_kad_post_feature_position":"","_kad_post_header":false,"_kad_post_footer":false,"_kad_post_classname":""},"product_brand":[],"product_cat":[81],"product_tag":[386,285,387],"class_list":{"0":"post-3186","1":"product","2":"type-product","3":"status-publish","4":"has-post-thumbnail","6":"product_cat-rfid-wash-care-clothing-label","7":"product_tag-fabric-woven-rfid-wash-care-tag","8":"product_tag-rfid-tag","9":"product_tag-rfid-wash-care-tag","11":"first","12":"instock","13":"shipping-taxable","14":"product-type-simple","15":"entry","16":"content-bg","17":"loop-entry"},"_links":{"self":[{"href":"https:\/\/rfid-laundry-tag.com\/vi\/wp-json\/wp\/v2\/product\/3186","targetHints":{"allow":["GET"]}}],"collection":[{"href":"https:\/\/rfid-laundry-tag.com\/vi\/wp-json\/wp\/v2\/product"}],"about":[{"href":"https:\/\/rfid-laundry-tag.com\/vi\/wp-json\/wp\/v2\/types\/product"}],"version-history":[{"count":1,"href":"https:\/\/rfid-laundry-tag.com\/vi\/wp-json\/wp\/v2\/product\/3186\/revisions"}],"predecessor-version":[{"id":3190,"href":"https:\/\/rfid-laundry-tag.com\/vi\/wp-json\/wp\/v2\/product\/3186\/revisions\/3190"}],"wp:featuredmedia":[{"embeddable":true,"href":"https:\/\/rfid-laundry-tag.com\/vi\/wp-json\/wp\/v2\/media\/3187"}],"wp:attachment":[{"href":"https:\/\/rfid-laundry-tag.com\/vi\/wp-json\/wp\/v2\/media?parent=3186"}],"wp:term":[{"taxonomy":"product_brand","embeddable":true,"href":"https:\/\/rfid-laundry-tag.com\/vi\/wp-json\/wp\/v2\/product_brand?post=3186"},{"taxonomy":"product_cat","embeddable":true,"href":"https:\/\/rfid-laundry-tag.com\/vi\/wp-json\/wp\/v2\/product_cat?post=3186"},{"taxonomy":"product_tag","embeddable":true,"href":"https:\/\/rfid-laundry-tag.com\/vi\/wp-json\/wp\/v2\/product_tag?post=3186"}],"curies":[{"name":"wp","href":"https:\/\/api.w.org\/{rel}","templated":true}]}}