{"id":3180,"date":"2026-01-09T13:29:20","date_gmt":"2026-01-09T13:29:20","guid":{"rendered":"https:\/\/rfid-laundry-tag.com\/?post_type=product&#038;p=3180"},"modified":"2026-01-09T13:29:20","modified_gmt":"2026-01-09T13:29:20","slug":"rfid-garment-tag-for-apparel-and-fashion","status":"publish","type":"product","link":"https:\/\/rfid-laundry-tag.com\/vi\/rfid-garment-tag-for-apparel-and-fashion\/","title":{"rendered":"Th\u1ebb RFID d\u00f9ng cho qu\u1ea7n \u00e1o v\u00e0 th\u1eddi trang"},"content":{"rendered":"<h2 class=\"ng-star-inserted\"><strong class=\"ng-star-inserted\"><span class=\"ng-star-inserted\">Th\u1ebb RFID d\u00f9ng cho qu\u1ea7n \u00e1o v\u00e0 th\u1eddi trang<\/span><\/strong><\/h2>\n<h2 class=\"ng-star-inserted\"><strong class=\"ng-star-inserted\"><span class=\"ng-star-inserted\">S\u1ef1 tr\u1ed7i d\u1eady c\u1ee7a c\u00f4ng ngh\u1ec7 RFID trong ng\u00e0nh may m\u1eb7c v\u00e0 th\u1eddi trang<\/span><\/strong><\/h2>\n<p class=\"ng-star-inserted\"><span class=\"ng-star-inserted\">C\u00e1c\u00a0<\/span><strong class=\"ng-star-inserted\"><span class=\"ng-star-inserted\">qu\u1ea7n \u00e1o<\/span><\/strong><span class=\"ng-star-inserted\">\u00a0v\u00e0 ng\u00e0nh c\u00f4ng nghi\u1ec7p th\u1eddi trang \u0111ang nhanh ch\u00f3ng \u0111\u00f3n nh\u1eadn.\u00a0<\/span><strong class=\"ng-star-inserted\"><span class=\"ng-star-inserted\">RFID<\/span><\/strong><span class=\"ng-star-inserted\">\u00a0(<\/span><strong class=\"ng-star-inserted\"><span class=\"ng-star-inserted\">t\u1ea7n s\u1ed1 v\u00f4 tuy\u1ebfn<\/span><\/strong><span class=\"ng-star-inserted\">\u00a0nh\u1eadn d\u1ea1ng)\u00a0<\/span><strong class=\"ng-star-inserted\"><span class=\"ng-star-inserted\">c\u00f4ng ngh\u1ec7<\/span><\/strong><span class=\"ng-star-inserted\">\u00a0nh\u1eb1m t\u1ed1i \u01b0u h\u00f3a ho\u1ea1t \u0111\u1ed9ng v\u00e0 n\u00e2ng cao tr\u1ea3i nghi\u1ec7m kh\u00e1ch h\u00e0ng.\u00a0<\/span><strong class=\"ng-star-inserted\"><span class=\"ng-star-inserted\">RFID<\/span><\/strong><span class=\"ng-star-inserted\">\u00a0<\/span><strong class=\"ng-star-inserted\"><span class=\"ng-star-inserted\">qu\u1ea7n \u00e1o<\/span><\/strong><span class=\"ng-star-inserted\">\u00a0<\/span><strong class=\"ng-star-inserted\"><span class=\"ng-star-inserted\">th\u1ebb<\/span><\/strong><span class=\"ng-star-inserted\">\u00a0Cung c\u1ea5p m\u1ed9t ph\u01b0\u01a1ng ph\u00e1p m\u1ea1nh m\u1ebd \u0111\u1ec3 theo d\u00f5i c\u00e1c m\u1eb7t h\u00e0ng trong su\u1ed1t v\u00f2ng \u0111\u1eddi c\u1ee7a ch\u00fang, t\u1eeb kh\u00e2u s\u1ea3n xu\u1ea5t \u0111\u1ebfn \u0111i\u1ec3m b\u00e1n h\u00e0ng v\u00e0 h\u01a1n th\u1ebf n\u1eefa.\u00a0<\/span><strong class=\"ng-star-inserted\"><span class=\"ng-star-inserted\">RFID<\/span><\/strong><span class=\"ng-star-inserted\">\u00a0cho ph\u00e9p\u00a0<\/span><strong class=\"ng-star-inserted\"><span class=\"ng-star-inserted\">m\u1edbi<\/span><\/strong><span class=\"ng-star-inserted\">\u00a0K\u1ef7 nguy\u00ean c\u1ee7a hi\u1ec7u qu\u1ea3, t\u00ednh minh b\u1ea1ch v\u00e0 vi\u1ec7c ra quy\u1ebft \u0111\u1ecbnh d\u1ef1a tr\u00ean d\u1eef li\u1ec7u.<\/span><\/p>\n<p class=\"ng-star-inserted\"><span class=\"ng-star-inserted\">Kh\u00f4ng gi\u1ed1ng nh\u01b0 truy\u1ec1n th\u1ed1ng\u00a0<\/span><strong class=\"ng-star-inserted\"><span class=\"ng-star-inserted\">m\u00e3 v\u1ea1ch<\/span><\/strong><span class=\"ng-star-inserted\">S,\u00a0<\/span><strong class=\"ng-star-inserted\"><span class=\"ng-star-inserted\">RFID<\/span><\/strong><span class=\"ng-star-inserted\">\u00a0<\/span><strong class=\"ng-star-inserted\"><span class=\"ng-star-inserted\">nh\u00e3n<\/span><\/strong><span class=\"ng-star-inserted\">C\u00e1c thi\u1ebft b\u1ecb n\u00e0y kh\u00f4ng y\u00eau c\u1ea7u qu\u00e9t theo \u0111\u01b0\u1eddng ng\u1eafm tr\u1ef1c ti\u1ebfp. \u0110i\u1ec1u n\u00e0y cho ph\u00e9p thu th\u1eadp d\u1eef li\u1ec7u nhanh h\u01a1n v\u00e0 hi\u1ec7u qu\u1ea3 h\u01a1n, ngay c\u1ea3 trong m\u00f4i tr\u01b0\u1eddng kh\u00f3 kh\u0103n nh\u01b0 nh\u00e0 kho \u0111\u00f4ng \u0111\u00fac ho\u1eb7c c\u1eeda h\u00e0ng b\u00e1n l\u1ebb b\u1eadn r\u1ed9n. Kh\u1ea3 n\u0103ng \u0111\u1ecdc nhi\u1ec1u thi\u1ebft b\u1ecb\u00a0<\/span><strong class=\"ng-star-inserted\"><span class=\"ng-star-inserted\">th\u1ebb<\/span><\/strong><span class=\"ng-star-inserted\">\u00a0\u0110\u1ed3ng th\u1eddi l\u00e0 m\u1ed9t l\u1ee3i th\u1ebf quan tr\u1ecdng c\u1ee7a\u00a0<\/span><strong class=\"ng-star-inserted\"><span class=\"ng-star-inserted\">RFID<\/span><\/strong><span class=\"ng-star-inserted\">, gi\u00fap \u0111\u1ea9y nhanh \u0111\u00e1ng k\u1ec3 c\u00e1c quy tr\u00ecnh nh\u01b0 ki\u1ec3m k\u00ea h\u00e0ng t\u1ed3n kho v\u00e0\u00a0<\/span><strong class=\"ng-star-inserted\"><span class=\"ng-star-inserted\">thanh to\u00e1n<\/span><\/strong><span class=\"ng-star-inserted\">. N\u00f3 c\u00f3 th\u1ec3 nh\u1eadn d\u1ea1ng nhi\u1ec1u v\u1eadt th\u1ec3 chuy\u1ec3n \u0111\u1ed9ng t\u1ed1c \u0111\u1ed9 cao b\u1eb1ng nhi\u1ec1u thi\u1ebft b\u1ecb \u0111i\u1ec7n t\u1eed.\u00a0<\/span><strong class=\"ng-star-inserted\"><span class=\"ng-star-inserted\">th\u1ebb<\/span><\/strong><span class=\"ng-star-inserted\">\u00a0\u0111\u1ed3ng th\u1eddi\u00a0<\/span><strong class=\"ng-star-inserted\"><span class=\"ng-star-inserted\">th\u1eddi gian<\/span><\/strong><span class=\"ng-star-inserted\">\u00a0th\u00f4ng qua\u00a0<\/span><strong class=\"ng-star-inserted\"><span class=\"ng-star-inserted\">RFID<\/span><\/strong><span class=\"ng-star-inserted\">\u00a0<\/span><strong class=\"ng-star-inserted\"><span class=\"ng-star-inserted\">c\u00f4ng ngh\u1ec7<\/span><\/strong><span class=\"ng-star-inserted\">.<\/span><\/p>\n<h2 class=\"ng-star-inserted\"><strong class=\"ng-star-inserted\"><span class=\"ng-star-inserted\">Th\u1ebb RFID treo h\u00e0ng: C\u00e1ch m\u1ea1ng h\u00f3a ng\u00e0nh b\u00e1n l\u1ebb<\/span><\/strong><\/h2>\n<p class=\"ng-star-inserted\"><strong class=\"ng-star-inserted\"><span class=\"ng-star-inserted\">Th\u1ebb treo RFID<\/span><\/strong><span class=\"ng-star-inserted\">\u00a0\u0111ang thay \u0111\u1ed5i di\u1ec7n m\u1ea1o ng\u00e0nh b\u00e1n l\u1ebb b\u1eb1ng c\u00e1ch cung c\u1ea5p kh\u1ea3 n\u0103ng hi\u1ec3n th\u1ecb h\u00e0ng t\u1ed3n kho ch\u01b0a t\u1eebng c\u00f3 v\u00e0 t\u0103ng c\u01b0\u1eddng b\u1ea3o m\u1eadt. Nh\u1eefng c\u00f4ng ngh\u1ec7 n\u00e0y\u00a0<\/span><strong class=\"ng-star-inserted\"><span class=\"ng-star-inserted\">th\u1ebb<\/span><\/strong><span class=\"ng-star-inserted\">, Th\u01b0\u1eddng \u0111\u01b0\u1ee3c g\u1eafn v\u00e0o qu\u1ea7n \u00e1o, m\u0169, t\u00fai x\u00e1ch v\u00e0 gi\u00e0y d\u00e9p, ch\u00fang ch\u1ee9a m\u1ed9t vi m\u1ea1ch l\u01b0u tr\u1eef th\u00f4ng tin s\u1ea3n ph\u1ea9m v\u00e0 m\u00e3 \u0111\u1ecbnh danh duy nh\u1ea5t. B\u1eb1ng c\u00e1ch nh\u00fang...\u00a0<\/span><strong class=\"ng-star-inserted\"><span class=\"ng-star-inserted\">RFID<\/span><\/strong><span class=\"ng-star-inserted\">\u00a0<\/span><strong class=\"ng-star-inserted\"><span class=\"ng-star-inserted\">c\u00f4ng ngh\u1ec7<\/span><\/strong><span class=\"ng-star-inserted\">\u00a0TRONG\u00a0<\/span><strong class=\"ng-star-inserted\"><span class=\"ng-star-inserted\">treo<\/span><\/strong><span class=\"ng-star-inserted\">\u00a0<\/span><strong class=\"ng-star-inserted\"><span class=\"ng-star-inserted\">nh\u00e3n<\/span><\/strong><span class=\"ng-star-inserted\">Nh\u01b0 v\u1eady, v\u1ea5n \u0111\u1ec1 n\u00e0y c\u00f3 th\u1ec3 \u0111\u01b0\u1ee3c gi\u1ea3i quy\u1ebft m\u1ed9t c\u00e1ch hi\u1ec7u qu\u1ea3.<\/span><\/p>\n<p class=\"ng-star-inserted\"><strong class=\"ng-star-inserted\"><span class=\"ng-star-inserted\">Th\u1ebb treo RFID<\/span><\/strong><span class=\"ng-star-inserted\">\u00a0Mang l\u1ea1i nhi\u1ec1u l\u1ee3i \u00edch, bao g\u1ed3m:<\/span><\/p>\n<ul class=\"ng-star-inserted\">\n<li class=\"ng-star-inserted\">\n<p class=\"ng-star-inserted\"><strong class=\"ng-star-inserted\"><span class=\"ng-star-inserted\">\u0110\u1ed9 ch\u00ednh x\u00e1c c\u1ee7a h\u00e0ng t\u1ed3n kho \u0111\u01b0\u1ee3c c\u1ea3i thi\u1ec7n:<\/span><\/strong><span class=\"ng-star-inserted\">\u00a0<\/span><strong class=\"ng-star-inserted\"><span class=\"ng-star-inserted\">Th\u1eddi gian th\u1ef1c<\/span><\/strong><span class=\"ng-star-inserted\">\u00a0Theo d\u00f5i m\u1ee9c t\u1ed3n kho, gi\u1ea3m thi\u1ec3u t\u00ecnh tr\u1ea1ng h\u1ebft h\u00e0ng v\u00e0 t\u1ed3n kho qu\u00e1 m\u1ee9c.<\/span><\/p>\n<\/li>\n<li class=\"ng-star-inserted\">\n<p class=\"ng-star-inserted\"><strong class=\"ng-star-inserted\"><span class=\"ng-star-inserted\">Ph\u00f2ng ng\u1eeba m\u1ea5t m\u00e1t:<\/span><\/strong><span class=\"ng-star-inserted\">\u00a0<\/span><strong class=\"ng-star-inserted\"><span class=\"ng-star-inserted\">RFID<\/span><\/strong><span class=\"ng-star-inserted\">\u00a0<\/span><strong class=\"ng-star-inserted\"><span class=\"ng-star-inserted\">nh\u00e3n<\/span><\/strong><span class=\"ng-star-inserted\">Ch\u00fang c\u00f3 th\u1ec3 \u0111\u01b0\u1ee3c s\u1eed d\u1ee5ng nh\u01b0 m\u1ed9t ph\u1ea7n c\u1ee7a h\u1ec7 th\u1ed1ng gi\u00e1m s\u00e1t h\u00e0ng h\u00f3a \u0111i\u1ec7n t\u1eed (EAS) \u0111\u1ec3 ng\u0103n ch\u1eb7n h\u00e0nh vi tr\u1ed9m c\u1eafp. Ch\u00fang c\u0169ng c\u00f3 th\u1ec3 gi\u00fap ng\u0103n ng\u1eeba h\u00e0ng gi\u1ea3.\u00a0<\/span><strong class=\"ng-star-inserted\"><span class=\"ng-star-inserted\">qu\u1ea7n \u00e1o<\/span><\/strong><span class=\"ng-star-inserted\">S.<\/span><\/p>\n<\/li>\n<li class=\"ng-star-inserted\">\n<p class=\"ng-star-inserted\"><strong class=\"ng-star-inserted\"><span class=\"ng-star-inserted\">X\u00e1c th\u1ef1c th\u01b0\u01a1ng hi\u1ec7u:<\/span><\/strong><span class=\"ng-star-inserted\">\u00a0<\/span><strong class=\"ng-star-inserted\"><span class=\"ng-star-inserted\">RFID<\/span><\/strong><span class=\"ng-star-inserted\">\u00a0Gi\u00fap x\u00e1c minh t\u00ednh x\u00e1c th\u1ef1c c\u1ee7a s\u1ea3n ph\u1ea9m, b\u1ea3o v\u1ec7 th\u01b0\u01a1ng hi\u1ec7u v\u00e0 kh\u00e1ch h\u00e0ng c\u1ee7a b\u1ea1n.<\/span><\/p>\n<\/li>\n<li class=\"ng-star-inserted\">\n<p class=\"ng-star-inserted\"><strong class=\"ng-star-inserted\"><span class=\"ng-star-inserted\">Tr\u1ea3i nghi\u1ec7m kh\u00e1ch h\u00e0ng \u0111\u01b0\u1ee3c n\u00e2ng cao:<\/span><\/strong><span class=\"ng-star-inserted\">\u00a0Nhanh h\u01a1n\u00a0<\/span><strong class=\"ng-star-inserted\"><span class=\"ng-star-inserted\">thanh to\u00e1n<\/span><\/strong><span class=\"ng-star-inserted\">\u00a0quy tr\u00ecnh v\u00e0 \u0111\u1ec1 xu\u1ea5t c\u00e1 nh\u00e2n h\u00f3a th\u00f4ng qua k\u1ec7 th\u00f4ng minh v\u00e0 ph\u00f2ng th\u1eed \u0111\u1ed3.<\/span><\/p>\n<\/li>\n<\/ul>\n<p class=\"ng-star-inserted\">\n<h2 class=\"ng-star-inserted\"><strong class=\"ng-star-inserted\"><span class=\"ng-star-inserted\">K\u1ef9 thu\u1eadt\u00a0<\/span><\/strong><\/h2>\n<div class=\"table-container ng-star-inserted\">\n<table>\n<tbody>\n<tr class=\"table-header ng-star-inserted\">\n<td class=\"ng-star-inserted\"><span class=\"ng-star-inserted\">T\u00ednh n\u0103ng<\/span><\/td>\n<td class=\"ng-star-inserted\"><span class=\"ng-star-inserted\">\u0110\u1eb7c \u0111i\u1ec3m k\u1ef9 thu\u1eadt<\/span><\/td>\n<\/tr>\n<tr class=\"ng-star-inserted\">\n<td class=\"ng-star-inserted\"><strong class=\"ng-star-inserted\"><span class=\"ng-star-inserted\">T\u00ednh th\u01b0\u1eddng xuy\u00ean<\/span><\/strong><\/td>\n<td class=\"ng-star-inserted\"><strong class=\"ng-star-inserted\"><span class=\"ng-star-inserted\">RFID UHF<\/span><\/strong><span class=\"ng-star-inserted\">\u00a0(860-960 MHz),\u00a0<\/span><strong class=\"ng-star-inserted\"><span class=\"ng-star-inserted\">RAIN RFID<\/span><\/strong><\/td>\n<\/tr>\n<tr class=\"ng-star-inserted\">\n<td class=\"ng-star-inserted\"><strong class=\"ng-star-inserted\"><span class=\"ng-star-inserted\">Giao th\u1ee9c<\/span><\/strong><\/td>\n<td class=\"ng-star-inserted\"><strong class=\"ng-star-inserted\"><span class=\"ng-star-inserted\">Ti\u00eau chu\u1ea9n ISO18000-6C<\/span><\/strong><span class=\"ng-star-inserted\">\u00a0(<\/span><strong class=\"ng-star-inserted\"><span class=\"ng-star-inserted\">EPC Class1 Gen2<\/span><\/strong><span class=\"ng-star-inserted\">)<\/span><\/td>\n<\/tr>\n<tr class=\"ng-star-inserted\">\n<td class=\"ng-star-inserted\"><strong class=\"ng-star-inserted\"><span class=\"ng-star-inserted\">Lo\u1ea1i Chip<\/span><\/strong><\/td>\n<td class=\"ng-star-inserted\"><span class=\"ng-star-inserted\">Impinj Monza, NXP UCODE, Higgs ngo\u00e0i h\u00e0nh tinh<\/span><\/td>\n<\/tr>\n<tr class=\"ng-star-inserted\">\n<td class=\"ng-star-inserted\"><strong class=\"ng-star-inserted\"><span class=\"ng-star-inserted\">K\u00fd \u1ee9c<\/span><\/strong><\/td>\n<td class=\"ng-star-inserted\"><strong class=\"ng-star-inserted\"><span class=\"ng-star-inserted\">EPC<\/span><\/strong><span class=\"ng-star-inserted\">\u00a096-bit,\u00a0<\/span><strong class=\"ng-star-inserted\"><span class=\"ng-star-inserted\">l\u01b0u tr\u1eef d\u1eef li\u1ec7u<\/span><\/strong><span class=\"ng-star-inserted\">\u00a0B\u1ed9 nh\u1edb ng\u01b0\u1eddi d\u00f9ng 512-bit (t\u00f9y thu\u1ed9c v\u00e0o t\u1eebng chip)<\/span><\/td>\n<\/tr>\n<tr class=\"ng-star-inserted\">\n<td class=\"ng-star-inserted\"><strong class=\"ng-star-inserted\"><span class=\"ng-star-inserted\">Ph\u1ea1m vi \u0111\u1ecdc<\/span><\/strong><\/td>\n<td class=\"ng-star-inserted\"><span class=\"ng-star-inserted\">Kho\u1ea3ng c\u00e1ch t\u1ed1i \u0111a 10 m\u00e9t (c\u00f3 th\u1ec3 thay \u0111\u1ed5i t\u00f9y thu\u1ed9c v\u00e0o thi\u1ebft b\u1ecb \u0111\u1ecdc v\u00e0 m\u00f4i tr\u01b0\u1eddng).<\/span><\/td>\n<\/tr>\n<tr class=\"ng-star-inserted\">\n<td class=\"ng-star-inserted\"><strong class=\"ng-star-inserted\"><span class=\"ng-star-inserted\">L\u01b0u gi\u1eef d\u1eef li\u1ec7u<\/span><\/strong><\/td>\n<td class=\"ng-star-inserted\"><span class=\"ng-star-inserted\">10 n\u0103m<\/span><\/td>\n<\/tr>\n<tr class=\"ng-star-inserted\">\n<td class=\"ng-star-inserted\"><strong class=\"ng-star-inserted\"><span class=\"ng-star-inserted\">Vi\u1ebft s\u1ee9c b\u1ec1n<\/span><\/strong><\/td>\n<td class=\"ng-star-inserted\"><span class=\"ng-star-inserted\">100.000 chu k\u1ef3<\/span><\/td>\n<\/tr>\n<tr class=\"ng-star-inserted\">\n<td class=\"ng-star-inserted\"><strong class=\"ng-star-inserted\"><span class=\"ng-star-inserted\">Nhi\u1ec7t \u0111\u1ed9 ho\u1ea1t \u0111\u1ed9ng<\/span><\/strong><\/td>\n<td class=\"ng-star-inserted\"><span class=\"ng-star-inserted\">-40\u00b0C \u0111\u1ebfn +85\u00b0C (thay \u0111\u1ed5i t\u00f9y theo)\u00a0<\/span><strong class=\"ng-star-inserted\"><span class=\"ng-star-inserted\">nh\u00e3n<\/span><\/strong><span class=\"ng-star-inserted\">\u00a0ki\u1ec3u)<\/span><\/td>\n<\/tr>\n<tr class=\"ng-star-inserted\">\n<td class=\"ng-star-inserted\"><strong class=\"ng-star-inserted\"><span class=\"ng-star-inserted\">V\u1eadt li\u1ec7u<\/span><\/strong><\/td>\n<td class=\"ng-star-inserted\"><span class=\"ng-star-inserted\">Gi\u1ea5y, v\u1ea3i satin, nylon, v.v.<\/span><\/td>\n<\/tr>\n<tr class=\"ng-star-inserted\">\n<td class=\"ng-star-inserted\"><strong class=\"ng-star-inserted\"><span class=\"ng-star-inserted\">\u0110\u00ednh k\u00e8m<\/span><\/strong><\/td>\n<td class=\"ng-star-inserted\"><strong class=\"ng-star-inserted\"><span class=\"ng-star-inserted\">Keo d\u00ednh<\/span><\/strong><span class=\"ng-star-inserted\">, D\u00e1n nhi\u1ec7t, May v\u00e0o,\u00a0<\/span><strong class=\"ng-star-inserted\"><span class=\"ng-star-inserted\">Th\u1ebb treo<\/span><\/strong><\/td>\n<\/tr>\n<tr class=\"ng-star-inserted\">\n<td class=\"ng-star-inserted\"><strong class=\"ng-star-inserted\"><span class=\"ng-star-inserted\">T\u00f9y ch\u1ec9nh<\/span><\/strong><\/td>\n<td class=\"ng-star-inserted\"><span class=\"ng-star-inserted\">In \u1ea5n, M\u00e3 h\u00f3a,\u00a0<\/span><strong class=\"ng-star-inserted\"><span class=\"ng-star-inserted\">M\u00e3 v\u1ea1ch<\/span><\/strong><span class=\"ng-star-inserted\">, Logo<\/span><\/td>\n<\/tr>\n<tr class=\"ng-star-inserted\">\n<td class=\"ng-star-inserted\"><strong class=\"ng-star-inserted\"><span class=\"ng-star-inserted\">H\u00ecnh th\u1ee9c<\/span><\/strong><\/td>\n<td class=\"ng-star-inserted\"><strong class=\"ng-star-inserted\"><span class=\"ng-star-inserted\">Th\u1ebb treo<\/span><\/strong><span class=\"ng-star-inserted\">,\u00a0<\/span><strong class=\"ng-star-inserted\"><span class=\"ng-star-inserted\">Nh\u00e3n d\u00e1n<\/span><\/strong><span class=\"ng-star-inserted\">,\u00a0<\/span><strong class=\"ng-star-inserted\"><span class=\"ng-star-inserted\">Nh\u00e3n d\u1ec7t<\/span><\/strong><span class=\"ng-star-inserted\">,\u00a0<\/span><strong class=\"ng-star-inserted\"><span class=\"ng-star-inserted\">Kh\u1ea3m<\/span><\/strong><\/td>\n<\/tr>\n<tr class=\"ng-star-inserted\">\n<td class=\"ng-star-inserted\"><strong class=\"ng-star-inserted\"><span class=\"ng-star-inserted\">M\u00f4i tr\u01b0\u1eddng<\/span><\/strong><\/td>\n<td class=\"ng-star-inserted\"><span class=\"ng-star-inserted\">\u0102ng-ten gi\u1ea5y th\u00e2n thi\u1ec7n v\u1edbi m\u00f4i tr\u01b0\u1eddng 100%\u00a0<\/span><strong class=\"ng-star-inserted\"><span class=\"ng-star-inserted\">l\u1ef1a ch\u1ecdn<\/span><\/strong><span class=\"ng-star-inserted\">\u00a0c\u00f3 s\u1eb5n<\/span><\/td>\n<\/tr>\n<\/tbody>\n<\/table>\n<p>&nbsp;<\/p>\n<\/div>\n<p class=\"ng-star-inserted\"><strong class=\"ng-star-inserted\"><span class=\"ng-star-inserted\">th\u1ebb RFID cho qu\u1ea7n \u00e1o<\/span><\/strong><span class=\"ng-star-inserted\">\u00a0l\u00e0 \u1ee9ng d\u1ee5ng n\u1ed5i b\u1eadt nh\u1ea5t trong \u0111\u00f3\u00a0<\/span><strong class=\"ng-star-inserted\"><span class=\"ng-star-inserted\">RFID<\/span><\/strong><span class=\"ng-star-inserted\">\u00a0<\/span><strong class=\"ng-star-inserted\"><span class=\"ng-star-inserted\">c\u00f4ng ngh\u1ec7<\/span><\/strong><span class=\"ng-star-inserted\">\u00a0t\u00e1c \u0111\u1ed9ng \u0111\u1ebfn ng\u00e0nh c\u00f4ng nghi\u1ec7p may m\u1eb7c. Th\u00f4ng qua\u00a0<\/span><strong class=\"ng-star-inserted\"><span class=\"ng-star-inserted\">t\u1ea7n s\u1ed1 v\u00f4 tuy\u1ebfn<\/span><\/strong><span class=\"ng-star-inserted\">\u00a0t\u00edn hi\u1ec7u, c\u00e1c\u00a0<\/span><strong class=\"ng-star-inserted\"><span class=\"ng-star-inserted\">RFID<\/span><\/strong><span class=\"ng-star-inserted\">\u00a0<\/span><strong class=\"ng-star-inserted\"><span class=\"ng-star-inserted\">qu\u1ea7n \u00e1o<\/span><\/strong><span class=\"ng-star-inserted\">\u00a0<\/span><strong class=\"ng-star-inserted\"><span class=\"ng-star-inserted\">nh\u00e3n<\/span><\/strong><span class=\"ng-star-inserted\">\u00a0N\u00f3 c\u00f3 th\u1ec3 t\u1ef1 \u0111\u1ed9ng nh\u1eadn di\u1ec7n \u0111\u1ed1i t\u01b0\u1ee3ng m\u1ee5c ti\u00eau, thu th\u1eadp d\u1eef li\u1ec7u li\u00ean quan v\u00e0 x\u00e1c \u0111\u1ecbnh c\u00f4ng vi\u1ec7c m\u00e0 kh\u00f4ng c\u1ea7n s\u1ef1 can thi\u1ec7p th\u1ee7 c\u00f4ng. N\u00f3 c\u00f3 th\u1ec3 ho\u1ea1t \u0111\u1ed9ng trong m\u1ecdi lo\u1ea1i m\u00f4i tr\u01b0\u1eddng kh\u1eafc nghi\u1ec7t.\u00a0<\/span><strong class=\"ng-star-inserted\"><span class=\"ng-star-inserted\">th\u1ebb \u0111\u01b0\u1ee3c thi\u1ebft k\u1ebf<\/span><\/strong><span class=\"ng-star-inserted\">\u00a0\u0110\u1ec3 \u0111\u00e1p \u1ee9ng c\u00e1c nhu c\u1ea7u kh\u00e1c nhau.<\/span><\/p>\n<h2 class=\"ng-star-inserted\"><strong class=\"ng-star-inserted\"><span class=\"ng-star-inserted\">T\u00f9y ch\u1ec9nh v\u00e0 t\u00edch h\u1ee3p<\/span><\/strong><\/h2>\n<p class=\"ng-star-inserted\"><strong class=\"ng-star-inserted\"><span class=\"ng-star-inserted\">RFID<\/span><\/strong><span class=\"ng-star-inserted\">\u00a0<\/span><strong class=\"ng-star-inserted\"><span class=\"ng-star-inserted\">qu\u1ea7n \u00e1o<\/span><\/strong><span class=\"ng-star-inserted\">\u00a0<\/span><strong class=\"ng-star-inserted\"><span class=\"ng-star-inserted\">th\u1ebb<\/span><\/strong><span class=\"ng-star-inserted\">\u00a0C\u00f3 th\u1ec3 \u0111\u01b0\u1ee3c t\u00f9y ch\u1ec9nh \u0111\u1ec3 \u0111\u00e1p \u1ee9ng c\u00e1c nhu c\u1ea7u c\u1ee5 th\u1ec3 c\u1ee7a th\u01b0\u01a1ng hi\u1ec7u v\u00e0 ho\u1ea1t \u0111\u1ed9ng kinh doanh c\u1ee7a b\u1ea1n.\u00a0<\/span><strong class=\"ng-star-inserted\"><span class=\"ng-star-inserted\">Th\u1ebb treo<\/span><\/strong><span class=\"ng-star-inserted\">B\u1ea1n c\u00f3 th\u1ec3 t\u00f9y ch\u1ec9nh nh\u00e3n v\u1edbi logo, m\u00e0u s\u1eafc th\u01b0\u01a1ng hi\u1ec7u v\u00e0 th\u00f4ng tin s\u1ea3n ph\u1ea9m c\u1ee7a m\u00ecnh. Nh\u00e3n h\u01b0\u1edbng d\u1eabn s\u1eed d\u1ee5ng c\u00f3 th\u1ec3 \u0111\u01b0\u1ee3c t\u00f9y ch\u1ec9nh v\u1edbi logo, m\u00e0u s\u1eafc th\u01b0\u01a1ng hi\u1ec7u v\u00e0 th\u00f4ng tin s\u1ea3n ph\u1ea9m c\u1ee7a b\u1ea1n.\u00a0<\/span><strong class=\"ng-star-inserted\"><span class=\"ng-star-inserted\">RFID<\/span><\/strong><span class=\"ng-star-inserted\">\u00a0<\/span><strong class=\"ng-star-inserted\"><span class=\"ng-star-inserted\">kh\u1ea3m<\/span><\/strong><span class=\"ng-star-inserted\">c\u00f3 th\u1ec3 \u0111\u01b0\u1ee3c thi\u1ebft k\u1ebf \u0111\u1ec3 t\u00edch h\u1ee3p li\u1ec1n m\u1ea1ch v\u1edbi h\u1ec7 th\u1ed1ng hi\u1ec7n c\u00f3 c\u1ee7a b\u1ea1n.\u00a0<\/span><strong class=\"ng-star-inserted\"><span class=\"ng-star-inserted\">qu\u1ea7n \u00e1o<\/span><\/strong><span class=\"ng-star-inserted\">\u00a0quy tr\u00ecnh s\u1ea3n xu\u1ea5t.<\/span><\/p>\n<h2 class=\"ng-star-inserted\"><strong class=\"ng-star-inserted\"><span class=\"ng-star-inserted\">Li\u00ean h\u1ec7 v\u1edbi ch\u00fang t\u00f4i \u0111\u1ec3 tri\u1ec3n khai chi\u1ebfn l\u01b0\u1ee3c RFID c\u1ee7a b\u1ea1n.<\/span><\/strong><\/h2>\n<p class=\"ng-star-inserted\"><span class=\"ng-star-inserted\">S\u1eb5n s\u00e0ng t\u1eadn d\u1ee5ng s\u1ee9c m\u1ea1nh c\u1ee7a\u00a0<\/span><strong class=\"ng-star-inserted\"><span class=\"ng-star-inserted\">RFID<\/span><\/strong><span class=\"ng-star-inserted\">\u00a0<\/span><strong class=\"ng-star-inserted\"><span class=\"ng-star-inserted\">c\u00f4ng ngh\u1ec7<\/span><\/strong><span class=\"ng-star-inserted\">\u00a0\u0111\u1ec3 bi\u1ebfn \u0111\u1ed5i b\u1ea1n\u00a0<\/span><strong class=\"ng-star-inserted\"><span class=\"ng-star-inserted\">qu\u1ea7n \u00e1o<\/span><\/strong><span class=\"ng-star-inserted\">\u00a0vi\u1ec7c kinh doanh?\u00a0<\/span><strong class=\"ng-star-inserted\"><span class=\"ng-star-inserted\">Li\u00ean h\u1ec7 v\u1edbi ch\u00fang t\u00f4i<\/span><\/strong><span class=\"ng-star-inserted\">\u00a0H\u00e3y li\u00ean h\u1ec7 v\u1edbi ch\u00fang t\u00f4i ngay h\u00f4m nay \u0111\u1ec3 th\u1ea3o lu\u1eadn v\u1ec1 nhu c\u1ea7u c\u1ee5 th\u1ec3 c\u1ee7a b\u1ea1n v\u00e0 t\u00ecm hi\u1ec3u th\u00eam v\u1ec1 g\u00f3i d\u1ecbch v\u1ee5 to\u00e0n di\u1ec7n c\u1ee7a ch\u00fang t\u00f4i.\u00a0<\/span><strong class=\"ng-star-inserted\"><span class=\"ng-star-inserted\">RFID<\/span><\/strong><span class=\"ng-star-inserted\">\u00a0c\u00e1c gi\u1ea3i ph\u00e1p, bao g\u1ed3m\u00a0<\/span><strong class=\"ng-star-inserted\"><span class=\"ng-star-inserted\">RFID<\/span><\/strong><span class=\"ng-star-inserted\">\u00a0<\/span><strong class=\"ng-star-inserted\"><span class=\"ng-star-inserted\">qu\u1ea7n \u00e1o<\/span><\/strong><span class=\"ng-star-inserted\">\u00a0<\/span><strong class=\"ng-star-inserted\"><span class=\"ng-star-inserted\">th\u1ebb<\/span><\/strong><span class=\"ng-star-inserted\">,\u00a0<\/span><strong class=\"ng-star-inserted\"><span class=\"ng-star-inserted\">RFID<\/span><\/strong><span class=\"ng-star-inserted\">\u00a0\u0111\u1ea7u \u0111\u1ecdc v\u00e0 ph\u1ea7n m\u1ec1m.<\/span><\/p>","protected":false},"excerpt":{"rendered":"<p><span class=\"ng-star-inserted\">Ch\u00fang t\u00f4i cung c\u1ea5p\u00a0<\/span><strong class=\"ng-star-inserted\"><span class=\"ng-star-inserted\">m\u1eabu th\u1eed mi\u1ec5n ph\u00ed<\/span><\/strong><span class=\"ng-star-inserted\"> c\u1ee7a\u00a0 <\/span><strong class=\"ng-star-inserted\"><span class=\"ng-star-inserted\">Qu\u1ea7n \u00e1o RFID<\/span><\/strong><span class=\"ng-star-inserted\">\u00a0<\/span><strong class=\"ng-star-inserted\"><span class=\"ng-star-inserted\">th\u1ebb<\/span><\/strong><span class=\"ng-star-inserted\">\u00a0\u0111\u1ec3 b\u1ea1n c\u00f3 th\u1ec3 \u0111\u00e1nh gi\u00e1 hi\u1ec7u su\u1ea5t c\u1ee7a ch\u00fang trong m\u00f4i tr\u01b0\u1eddng c\u1ee7a ri\u00eang m\u00ecnh. Nh\u00e0 m\u00e1y s\u1ea3n xu\u1ea5t c\u1ee7a ch\u00fang t\u00f4i \u0111\u01b0\u1ee3c trang b\u1ecb...\u00a0<\/span><strong class=\"ng-star-inserted\"><span class=\"ng-star-inserted\">m\u1edbi nh\u1ea5t<\/span><\/strong><span class=\"ng-star-inserted\">\u00a0<\/span><strong class=\"ng-star-inserted\"><span class=\"ng-star-inserted\">c\u00f4ng ngh\u1ec7<\/span><\/strong><span class=\"ng-star-inserted\">\u00a0\u0111\u1ec3 \u0111\u1ea3m b\u1ea3o\u00a0<\/span><strong class=\"ng-star-inserted\"><span class=\"ng-star-inserted\">ch\u1ea5t l\u01b0\u1ee3ng cao<\/span><\/strong><span class=\"ng-star-inserted\">\u00a0<\/span><strong class=\"ng-star-inserted\"><span class=\"ng-star-inserted\">nh\u00e3n<\/span><\/strong><span class=\"ng-star-inserted\">v\u1edbi gi\u00e1 c\u1ea3 c\u1ea1nh tranh.<\/span><\/p>","protected":false},"featured_media":3181,"template":"","meta":{"_kad_post_transparent":"default","_kad_post_title":"","_kad_post_layout":"default","_kad_post_sidebar_id":"","_kad_post_content_style":"default","_kad_post_vertical_padding":"default","_kad_post_feature":"","_kad_post_feature_position":"","_kad_post_header":false,"_kad_post_footer":false,"_kad_post_classname":""},"product_brand":[],"product_cat":[53],"product_tag":[385,383,384],"class_list":{"0":"post-3180","1":"product","2":"type-product","3":"status-publish","4":"has-post-thumbnail","6":"product_cat-rfid-clothes-tag","7":"product_tag-rfid-garment-paper-tag","8":"product_tag-rfid-garment-tag","9":"product_tag-rfid-hang-tag","11":"first","12":"instock","13":"shipping-taxable","14":"product-type-simple","15":"entry","16":"content-bg","17":"loop-entry"},"_links":{"self":[{"href":"https:\/\/rfid-laundry-tag.com\/vi\/wp-json\/wp\/v2\/product\/3180","targetHints":{"allow":["GET"]}}],"collection":[{"href":"https:\/\/rfid-laundry-tag.com\/vi\/wp-json\/wp\/v2\/product"}],"about":[{"href":"https:\/\/rfid-laundry-tag.com\/vi\/wp-json\/wp\/v2\/types\/product"}],"version-history":[{"count":1,"href":"https:\/\/rfid-laundry-tag.com\/vi\/wp-json\/wp\/v2\/product\/3180\/revisions"}],"predecessor-version":[{"id":3185,"href":"https:\/\/rfid-laundry-tag.com\/vi\/wp-json\/wp\/v2\/product\/3180\/revisions\/3185"}],"wp:featuredmedia":[{"embeddable":true,"href":"https:\/\/rfid-laundry-tag.com\/vi\/wp-json\/wp\/v2\/media\/3181"}],"wp:attachment":[{"href":"https:\/\/rfid-laundry-tag.com\/vi\/wp-json\/wp\/v2\/media?parent=3180"}],"wp:term":[{"taxonomy":"product_brand","embeddable":true,"href":"https:\/\/rfid-laundry-tag.com\/vi\/wp-json\/wp\/v2\/product_brand?post=3180"},{"taxonomy":"product_cat","embeddable":true,"href":"https:\/\/rfid-laundry-tag.com\/vi\/wp-json\/wp\/v2\/product_cat?post=3180"},{"taxonomy":"product_tag","embeddable":true,"href":"https:\/\/rfid-laundry-tag.com\/vi\/wp-json\/wp\/v2\/product_tag?post=3180"}],"curies":[{"name":"wp","href":"https:\/\/api.w.org\/{rel}","templated":true}]}}