{"id":3174,"date":"2026-01-09T13:11:22","date_gmt":"2026-01-09T13:11:22","guid":{"rendered":"https:\/\/rfid-laundry-tag.com\/?post_type=product&#038;p=3174"},"modified":"2026-01-09T13:11:23","modified_gmt":"2026-01-09T13:11:23","slug":"rfid-mifare-desfire-ev3-2k-4k-8k-inlay","status":"publish","type":"product","link":"https:\/\/rfid-laundry-tag.com\/vi\/rfid-mifare-desfire-ev3-2k-4k-8k-inlay\/","title":{"rendered":"Th\u1ebb RFID Mifare Desfire EV3 2K 4K 8K (th\u1ebb d\u00e1n)"},"content":{"rendered":"<h2>Th\u1ebb RFID Mifare Desfire EV3 2K 4K 8K (th\u1ebb d\u00e1n)<\/h2>\n<p>C\u00e1c\u00a0<strong>MIFARE\u00ae DESFire\u00ae EV3<\/strong>\u00a0D\u00f2ng s\u1ea3n ph\u1ea9m RFID c\u1ee7a NXP Semiconductors \u0111\u1ea1i di\u1ec7n cho m\u1ed9t gi\u1ea3i ph\u00e1p ti\u00ean ti\u1ebfn trong c\u00f4ng ngh\u1ec7 RFID kh\u00f4ng ti\u1ebfp x\u00fac an to\u00e0n, l\u00fd t\u01b0\u1edfng cho nhi\u1ec1u \u1ee9ng d\u1ee5ng \u0111\u00f2i h\u1ecfi t\u00ednh b\u1ea3o m\u1eadt v\u00e0 linh ho\u1ea1t cao. D\u01b0\u1edbi \u0111\u00e2y l\u00e0 t\u1ed5ng quan ng\u1eafn g\u1ecdn v\u1ec1 c\u00e1c t\u00ednh n\u0103ng, t\u00f9y ch\u1ecdn b\u1ed9 nh\u1edb, c\u1ea3i ti\u1ebfn b\u1ea3o m\u1eadt, \u1ee9ng d\u1ee5ng v\u00e0 kh\u1ea3 n\u0103ng t\u00f9y ch\u1ec9nh c\u1ee7a s\u1ea3n ph\u1ea9m:<\/p>\n<h3>T\u00f9y ch\u1ecdn b\u1ed9 nh\u1edb<\/h3>\n<p>MIFARE\u00ae DESFire\u00ae EV3 c\u00f3 ba c\u1ea5u h\u00ecnh b\u1ed9 nh\u1edb kh\u00e1c nhau:<\/p>\n<ul>\n<li><strong>2K<\/strong>Ph\u00f9 h\u1ee3p nh\u1ea5t cho c\u00e1c \u1ee9ng d\u1ee5ng \u0111\u01a1n gi\u1ea3n nh\u01b0 ki\u1ec3m so\u00e1t truy c\u1eadp ho\u1eb7c v\u00e9 s\u1eed d\u1ee5ng m\u1ed9t l\u1ea7n.<\/li>\n<li><strong>4K<\/strong>Th\u00edch h\u1ee3p cho c\u00e1c \u1ee9ng d\u1ee5ng t\u1ea7m trung, ch\u1eb3ng h\u1ea1n nh\u01b0 ch\u01b0\u01a1ng tr\u00ecnh kh\u00e1ch h\u00e0ng th\u00e2n thi\u1ebft v\u00e0 h\u1ec7 th\u1ed1ng giao th\u00f4ng c\u00f4ng c\u1ed9ng quy m\u00f4 nh\u1ecf.<\/li>\n<li><strong>8K<\/strong>\u0110\u01b0\u1ee3c thi\u1ebft k\u1ebf cho c\u00e1c m\u00f4i tr\u01b0\u1eddng ph\u1ee9c t\u1ea1p, \u0111a \u1ee9ng d\u1ee5ng nh\u01b0 th\u00e0nh ph\u1ed1 th\u00f4ng minh v\u00e0 c\u00e1c doanh nghi\u1ec7p l\u1edbn.<\/li>\n<\/ul>\n<p>M\u1ed7i c\u1ea5u h\u00ecnh h\u1ed7 tr\u1ee3 nhi\u1ec1u \u1ee9ng d\u1ee5ng, v\u1edbi kh\u1ea3 n\u0103ng l\u01b0u tr\u1eef t\u1ed1i \u0111a...\u00a0<strong>32 t\u1eadp tin cho m\u1ed7i \u1ee9ng d\u1ee5ng<\/strong>, cho ph\u00e9p c\u00e1c doanh nghi\u1ec7p t\u00f9y ch\u1ec9nh gi\u1ea3i ph\u00e1p ph\u00f9 h\u1ee3p v\u1edbi nhu c\u1ea7u c\u1ee7a h\u1ecd.<\/p>\n<h3>C\u00e1c t\u00ednh n\u0103ng b\u1ea3o m\u1eadt n\u00e2ng cao<\/h3>\n<p>An ninh l\u00e0 m\u1ed9t y\u1ebfu t\u1ed1 tr\u1ecdng t\u00e2m c\u1ee7a EV3, bao g\u1ed3m:<\/p>\n<ul>\n<li><strong>M\u00e3 h\u00f3a AES<\/strong>B\u1ea3o v\u1ec7 d\u1eef li\u1ec7u trong qu\u00e1 tr\u00ecnh truy\u1ec1n t\u1ea3i.<\/li>\n<li><strong>Ch\u1ee9ng ch\u1ec9 EAL5+<\/strong>\u0110\u1ea3m b\u1ea3o m\u1ee9c \u0111\u1ed9 b\u1ea3o m\u1eadt cao cho d\u1eef li\u1ec7u nh\u1ea1y c\u1ea3m.<\/li>\n<li><strong>X\u00e1c th\u1ef1c NFC duy nh\u1ea5t an to\u00e0n<\/strong>M\u1ed7i th\u1ebb \u0111\u1ec1u c\u00f3 m\u1ed9t m\u00e3 \u0111\u1ecbnh danh duy nh\u1ea5t \u0111\u1ec3 tr\u00e1nh tr\u00f9ng l\u1eb7p.<\/li>\n<li><strong>B\u1ea3o m\u1eadt \u0111a l\u1edbp<\/strong>H\u1ed7 tr\u1ee3 nhi\u1ec1u giao th\u1ee9c m\u00e3 h\u00f3a kh\u00e1c nhau, bao g\u1ed3m AES v\u00e0 DES\/Triple-DES.<\/li>\n<\/ul>\n<p>Nh\u1eefng t\u00ednh n\u0103ng n\u00e0y l\u00e0m cho EV3 ph\u00f9 h\u1ee3p v\u1edbi c\u00e1c \u1ee9ng d\u1ee5ng b\u1ea3o m\u1eadt cao nh\u01b0 ki\u1ec3m so\u00e1t ra v\u00e0o, thanh to\u00e1n kh\u00f4ng d\u00f9ng ti\u1ec1n m\u1eb7t v\u00e0 kh\u00f3a th\u00f4ng minh.<\/p>\n<h3>\u1ee8ng d\u1ee5ng<\/h3>\n<p>T\u00ednh linh ho\u1ea1t c\u1ee7a <a href=\"https:\/\/rfid-laundry-tag.com\/vi\/rfid-inlay\/\">Th\u1ebb RFID Mifare Desfire EV3 2K 4K 8K (th\u1ebb d\u00e1n)<\/a>\u00a0Cho ph\u00e9p s\u1eed d\u1ee5ng n\u00f3 trong nhi\u1ec1u l\u0129nh v\u1ef1c kh\u00e1c nhau:<\/p>\n<ul>\n<li><strong>Ki\u1ec3m so\u00e1t truy c\u1eadp<\/strong>Qu\u1ea3n l\u00fd an ninh ra v\u00e0o c\u00e1c t\u00f2a nh\u00e0 v\u00e0 khu v\u1ef1c h\u1ea1n ch\u1ebf.<\/li>\n<li><strong>Giao th\u00f4ng c\u00f4ng c\u1ed9ng<\/strong>Gi\u00fap vi\u1ec7c b\u00e1n v\u00e9 v\u00e0 thu ph\u00ed di\u1ec5n ra hi\u1ec7u qu\u1ea3.<\/li>\n<li><strong>Ch\u01b0\u01a1ng tr\u00ecnh kh\u00e1ch h\u00e0ng th\u00e2n thi\u1ebft<\/strong>L\u01b0u tr\u1eef an to\u00e0n d\u1eef li\u1ec7u kh\u00e1ch h\u00e0ng v\u00e0 ph\u1ea7n th\u01b0\u1edfng.<\/li>\n<li><strong>Th\u00e0nh ph\u1ed1 th\u00f4ng minh<\/strong>H\u1ed7 tr\u1ee3 c\u01a1 s\u1edf h\u1ea1 t\u1ea7ng v\u1edbi hi\u1ec7u n\u0103ng m\u1ea1nh m\u1ebd v\u00e0 kh\u1ea3 n\u0103ng t\u01b0\u01a1ng th\u00edch v\u1edbi c\u00e1c c\u00f4ng ngh\u1ec7 NFC v\u00e0 RFID.<\/li>\n<\/ul>\n<h3>T\u00f9y ch\u1ec9nh v\u00e0 h\u1ed7 tr\u1ee3<\/h3>\n<p>NXP cung c\u1ea5p nhi\u1ec1u t\u00f9y ch\u1ecdn t\u00f9y ch\u1ec9nh \u0111\u1ec3 \u0111\u00e1p \u1ee9ng nhu c\u1ea7u c\u1ee5 th\u1ec3 c\u1ee7a doanh nghi\u1ec7p:<\/p>\n<ul>\n<li><strong>In \u1ea5n theo y\u00eau c\u1ea7u<\/strong>T\u00f9y ch\u1ec9nh thi\u1ec7p v\u1edbi logo v\u00e0 th\u01b0\u01a1ng hi\u1ec7u c\u1ee7a b\u1ea1n.<\/li>\n<li><strong>Ph\u00e2n b\u1ed5 b\u1ed9 nh\u1edb t\u00f9y ch\u1ec9nh<\/strong>T\u00f9y ch\u1ec9nh c\u1ea5u h\u00ecnh b\u1ed9 nh\u1edb cho c\u00e1c \u1ee9ng d\u1ee5ng c\u1ee5 th\u1ec3.<\/li>\n<li><strong>C\u00e0i \u0111\u1eb7t b\u1ea3o m\u1eadt c\u00f3 th\u1ec3 t\u00f9y ch\u1ec9nh<\/strong>\u0110i\u1ec1u ch\u1ec9nh ph\u01b0\u01a1ng ph\u00e1p m\u00e3 h\u00f3a v\u00e0 x\u00e1c th\u1ef1c.<\/li>\n<\/ul>\n<p>C\u00e1c doanh nghi\u1ec7p c\u00f3 th\u1ec3 nh\u1eadn m\u1eabu v\u1edbi th\u1eddi gian giao h\u00e0ng ch\u1ec9 trong v\u00f2ng...\u00a0<strong>1-2 ng\u00e0y<\/strong>, cho ph\u00e9p \u0111\u00e1nh gi\u00e1 v\u00e0 tri\u1ec3n khai nhanh ch\u00f3ng.<\/p>\n<h2><strong><b>Th\u00f4ng s\u1ed1 k\u1ef9 thu\u1eadt<\/b><\/strong><\/h2>\n<div class=\"collapse-mobile ste-list\">\n<h3>Giao di\u1ec7n RF: ISO\/IEC 14443 Lo\u1ea1i A<\/h3>\n<ul class=\"boxes\">\n<li>Giao di\u1ec7n kh\u00f4ng ti\u1ebfp x\u00fac tu\u00e2n th\u1ee7 theo ti\u00eau chu\u1ea9n ISO\/IEC 14443-2\/3 A<\/li>\n<li>Hmin th\u1ea5p cho ph\u00e9p kho\u1ea3ng c\u00e1ch ho\u1ea1t \u0111\u1ed9ng l\u00ean t\u1edbi 100 mm (t\u00f9y thu\u1ed9c v\u00e0o ngu\u1ed3n \u0111i\u1ec7n cung c\u1ea5p b\u1edfi PCD v\u00e0 h\u00ecnh d\u1ea1ng \u0103ng-ten)<\/li>\n<li>Truy\u1ec1n d\u1eef li\u1ec7u nhanh: 106 kbit\/gi\u00e2y, 212 kbit\/gi\u00e2y, 424 kbit\/gi\u00e2y, 848 kbit\/gi\u00e2y<\/li>\n<li>M\u00e3 \u0111\u1ecbnh danh duy nh\u1ea5t 7 byte (t\u00f9y ch\u1ecdn cho ID ng\u1eabu nhi\u00ean)<\/li>\n<li>S\u1eed d\u1ee5ng giao th\u1ee9c truy\u1ec1n d\u1eabn ISO\/IEC 14443-4<\/li>\n<li>FSCI c\u00f3 th\u1ec3 c\u1ea5u h\u00ecnh \u0111\u1ec3 h\u1ed7 tr\u1ee3 k\u00edch th\u01b0\u1edbc khung l\u00ean \u0111\u1ebfn 256 byte.<\/li>\n<\/ul>\n<\/div>\n<div class=\"collapse-mobile ste-list\">\n<h3>B\u1ed9 nh\u1edb kh\u00f4ng bi\u1ebfn \u0111\u1ed5i<\/h3>\n<ul class=\"boxes\">\n<li>2kB, 4kB, 8kB v\u00e0 16kB<\/li>\n<li>L\u01b0u gi\u1eef d\u1eef li\u1ec7u trong 25 n\u0103m<\/li>\n<li>\u0110\u1ed9 b\u1ec1n ghi \u0111i\u1ec3n h\u00ecnh 1.000.000 chu k\u1ef3<\/li>\n<li>Chu k\u1ef3 l\u1eadp tr\u00ecnh nhanh<\/li>\n<\/ul>\n<\/div>\n<div class=\"collapse-mobile ste-list\">\n<h3>T\u1ed5 ch\u1ee9c b\u1ed9 nh\u1edb NV v\u00e0 h\u1ed7 tr\u1ee3 \u0111a \u1ee9ng d\u1ee5ng<\/h3>\n<ul class=\"boxes\">\n<li>H\u1ec7 th\u1ed1ng t\u1eadp tin linh ho\u1ea1t: ng\u01b0\u1eddi d\u00f9ng c\u00f3 th\u1ec3 t\u1ef1 do x\u00e1c \u0111\u1ecbnh c\u1ea5u tr\u00fac \u1ee9ng d\u1ee5ng tr\u00ean PICC<\/li>\n<li>S\u1ed1 l\u01b0\u1ee3ng \u1ee9ng d\u1ee5ng t\u1ed1i \u0111a t\u00f9y thu\u1ed9c v\u00e0o dung l\u01b0\u1ee3ng b\u1ed9 nh\u1edb h\u1ed7 tr\u1ee3.<\/li>\n<li>T\u1ed1i \u0111a 32 t\u1eadp tin trong m\u1ed7i \u1ee9ng d\u1ee5ng (c\u00f3 6 lo\u1ea1i t\u1eadp tin: T\u1eadp tin d\u1eef li\u1ec7u chu\u1ea9n, T\u1eadp tin d\u1eef li\u1ec7u sao l\u01b0u, T\u1eadp tin gi\u00e1 tr\u1ecb, T\u1eadp tin b\u1ea3n ghi tuy\u1ebfn t\u00ednh, T\u1eadp tin b\u1ea3n ghi chu k\u1ef3 v\u00e0 T\u1eadp tin MAC giao d\u1ecbch)<\/li>\n<li>K\u00edch th\u01b0\u1edbc t\u1ec7p \u0111\u01b0\u1ee3c x\u00e1c \u0111\u1ecbnh trong qu\u00e1 tr\u00ecnh t\u1ea1o (kh\u00f4ng d\u00e0nh cho t\u1ec7p MAC giao d\u1ecbch)<\/li>\n<li>MlsmartApp (Qu\u1ea3n l\u00fd \u1ee9ng d\u1ee5ng \u0111\u01b0\u1ee3c \u1ee7y quy\u1ec1n)<\/li>\n<li>T\u00e1i s\u1eed d\u1ee5ng b\u1ed9 nh\u1edb trong c\u00e1c \u1ee9ng d\u1ee5ng DAM (\u1ee8ng d\u1ee5ng \u0111\u1ecbnh d\u1ea1ng)<\/li>\n<li>Kh\u00f3a DAM c\u1ee7a NXP \u0111\u01b0\u1ee3c c\u00e0i \u0111\u1eb7t s\u1eb5n t\u1eeb nh\u00e0 m\u00e1y \u0111\u1ec3 h\u1ed7 tr\u1ee3 d\u1ecbch v\u1ee5 AppXplorer.<\/li>\n<li>Truy c\u1eadp c\u00e1c t\u1eadp tin t\u1eeb b\u1ea5t k\u1ef3 hai \u1ee9ng d\u1ee5ng n\u00e0o trong c\u00f9ng m\u1ed9t giao d\u1ecbch.<\/li>\n<\/ul>\n<\/div>\n<div class=\"collapse-mobile ste-list\">\n<h3>B\u1ea3o m\u1eadt v\u00e0 Quy\u1ec1n ri\u00eang t\u01b0<\/h3>\n<ul class=\"boxes\">\n<li>Ch\u1ee9ng ch\u1ec9 Common Criteria: EAL5+ (Ph\u1ea7n c\u1ee9ng v\u00e0 Ph\u1ea7n m\u1ec1m)<\/li>\n<li>M\u1ed7i thi\u1ebft b\u1ecb c\u00f3 m\u1ed9t m\u00e3 s\u1ed1 s\u00ea-ri duy nh\u1ea5t g\u1ed3m 7 byte.<\/li>\n<li>T\u00f9y ch\u1ecdn ID \u201cNG\u1eaaU NHI\u00caN\u201d \u0111\u1ec3 t\u0103ng c\u01b0\u1eddng b\u1ea3o m\u1eadt v\u00e0 quy\u1ec1n ri\u00eang t\u01b0.<\/li>\n<li>X\u00e1c th\u1ef1c ba l\u1ea7n t\u01b0\u01a1ng h\u1ed7<\/li>\n<li>X\u00e1c th\u1ef1c l\u1eabn nhau theo ti\u00eau chu\u1ea9n ISO\/IEC 7816-4<\/li>\n<li>Qu\u1ea3n l\u00fd kh\u00f3a linh ho\u1ea1t: 1 th\u1ebb\u00a0<span class=\"Footnote\" data-id=\"Inclusive Language\">l\u00e3nh \u0111\u1ea1o<\/span>\u00a0m\u1ed9t kh\u00f3a v\u00e0 t\u1ed1i \u0111a 14 kh\u00f3a cho m\u1ed7i \u1ee9ng d\u1ee5ng<\/li>\n<li>G\u00e1n nhi\u1ec1u kh\u00f3a cho m\u1ed7i quy\u1ec1n truy c\u1eadp t\u1ec7p (t\u1ed1i \u0111a 8 kh\u00f3a)<\/li>\n<li>Nhi\u1ec1u b\u1ed9 ch\u00eca kh\u00f3a cho m\u1ed7i \u1ee9ng d\u1ee5ng v\u1edbi c\u01a1 ch\u1ebf xoay ch\u00eca kh\u00f3a nhanh (t\u1ed1i \u0111a 16 b\u1ed9)<\/li>\n<li>DES ph\u1ea7n c\u1ee9ng s\u1eed d\u1ee5ng kh\u00f3a 56\/112\/168 bit v\u1edbi phi\u00ean b\u1ea3n kh\u00f3a<\/li>\n<li>AES ph\u1ea7n c\u1ee9ng s\u1eed d\u1ee5ng kh\u00f3a 128 bit v\u1edbi phi\u00ean b\u1ea3n kh\u00f3a<\/li>\n<li>X\u00e1c th\u1ef1c d\u1eef li\u1ec7u b\u1eb1ng CMAC 8 byte<\/li>\n<li>Ch\u1ebf \u0111\u1ed9 t\u01b0\u01a1ng th\u00edch MF3ICD40: MAC 4 byte, CRC 16<\/li>\n<li>M\u00e3 h\u00f3a d\u1eef li\u1ec7u tr\u00ean k\u00eanh RF<\/li>\n<li>X\u00e1c th\u1ef1c \u1edf c\u1ea5p \u0111\u1ed9 \u1ee9ng d\u1ee5ng<\/li>\n<li>C\u1ea3m bi\u1ebfn ngo\u1ea1i l\u1ec7 ph\u1ea7n c\u1ee9ng<\/li>\n<li>H\u1ec7 th\u1ed1ng t\u1eadp tin t\u1ef1 b\u1ea3o m\u1eadt<\/li>\n<li>Giao d\u1ecbch MAC \u0111\u01b0\u1ee3c k\u00fd b\u1eb1ng kh\u00f3a b\u00ed m\u1eadt cho m\u1ed7i \u1ee9ng d\u1ee5ng.<\/li>\n<li>Ki\u1ebfn tr\u00fac th\u1ebb \u1ea3o (Virtual Card Architecture) gi\u00fap t\u0103ng c\u01b0\u1eddng kh\u1ea3 n\u0103ng l\u1ef1a ch\u1ecdn th\u1ebb\/\u1ee9ng d\u1ee5ng tr\u00ean c\u00e1c thi\u1ebft b\u1ecb \u0111a th\u1ebb \u1ea3o v\u1edbi t\u00ednh n\u0103ng b\u1ea3o v\u1ec7 quy\u1ec1n ri\u00eang t\u01b0.<\/li>\n<li>Ki\u1ec3m tra kho\u1ea3ng c\u00e1ch \u0111\u1ec3 b\u1ea3o v\u1ec7 ch\u1ed1ng l\u1ea1i c\u00e1c cu\u1ed9c t\u1ea5n c\u00f4ng chuy\u1ec3n ti\u1ebfp.<\/li>\n<li>Ki\u1ec3m tra t\u00ednh x\u00e1c th\u1ef1c \u0111\u1ec3 ch\u1ee9ng minh s\u1ea3n ph\u1ea9m ch\u00ednh h\u00e3ng c\u1ee7a NXP.<\/li>\n<\/ul>\n<\/div>","protected":false},"excerpt":{"rendered":"<p><strong>Th\u1ebb RFID Mifare Desfire EV3 2K 4K 8K (th\u1ebb d\u00e1n)<\/strong> \u0110\u00e2y l\u00e0 gi\u1ea3i ph\u00e1p RFID ti\u00ean ti\u1ebfn, cung c\u1ea5p t\u00ednh b\u1ea3o m\u1eadt cao, t\u1ed1c \u0111\u1ed9 truy\u1ec1n d\u1eef li\u1ec7u nhanh, c\u00e1c t\u00f9y ch\u1ecdn b\u1ed9 nh\u1edb linh ho\u1ea1t v\u00e0 kh\u1ea3 n\u0103ng t\u00edch h\u1ee3p li\u1ec1n m\u1ea1ch cho nhi\u1ec1u \u1ee9ng d\u1ee5ng.<\/p>","protected":false},"featured_media":3175,"template":"","meta":{"_kad_post_transparent":"default","_kad_post_title":"","_kad_post_layout":"default","_kad_post_sidebar_id":"","_kad_post_content_style":"default","_kad_post_vertical_padding":"default","_kad_post_feature":"","_kad_post_feature_position":"","_kad_post_header":false,"_kad_post_footer":false,"_kad_post_classname":""},"product_brand":[],"product_cat":[189],"product_tag":[111,108,382],"class_list":{"0":"post-3174","1":"product","2":"type-product","3":"status-publish","4":"has-post-thumbnail","6":"product_cat-rfid-inlay","7":"product_tag-nfc-inlay","8":"product_tag-rfid-inlay","9":"product_tag-rfid-mifare-desfire-ev3-2k-4k-8k-inlay","11":"first","12":"instock","13":"shipping-taxable","14":"product-type-simple","15":"entry","16":"content-bg","17":"loop-entry"},"_links":{"self":[{"href":"https:\/\/rfid-laundry-tag.com\/vi\/wp-json\/wp\/v2\/product\/3174","targetHints":{"allow":["GET"]}}],"collection":[{"href":"https:\/\/rfid-laundry-tag.com\/vi\/wp-json\/wp\/v2\/product"}],"about":[{"href":"https:\/\/rfid-laundry-tag.com\/vi\/wp-json\/wp\/v2\/types\/product"}],"version-history":[{"count":1,"href":"https:\/\/rfid-laundry-tag.com\/vi\/wp-json\/wp\/v2\/product\/3174\/revisions"}],"predecessor-version":[{"id":3179,"href":"https:\/\/rfid-laundry-tag.com\/vi\/wp-json\/wp\/v2\/product\/3174\/revisions\/3179"}],"wp:featuredmedia":[{"embeddable":true,"href":"https:\/\/rfid-laundry-tag.com\/vi\/wp-json\/wp\/v2\/media\/3175"}],"wp:attachment":[{"href":"https:\/\/rfid-laundry-tag.com\/vi\/wp-json\/wp\/v2\/media?parent=3174"}],"wp:term":[{"taxonomy":"product_brand","embeddable":true,"href":"https:\/\/rfid-laundry-tag.com\/vi\/wp-json\/wp\/v2\/product_brand?post=3174"},{"taxonomy":"product_cat","embeddable":true,"href":"https:\/\/rfid-laundry-tag.com\/vi\/wp-json\/wp\/v2\/product_cat?post=3174"},{"taxonomy":"product_tag","embeddable":true,"href":"https:\/\/rfid-laundry-tag.com\/vi\/wp-json\/wp\/v2\/product_tag?post=3174"}],"curies":[{"name":"wp","href":"https:\/\/api.w.org\/{rel}","templated":true}]}}