{"id":317,"date":"2024-06-28T04:00:12","date_gmt":"2024-06-28T04:00:12","guid":{"rendered":"https:\/\/rfid-laundry-tag.com\/?post_type=product&#038;p=317"},"modified":"2024-06-28T04:00:12","modified_gmt":"2024-06-28T04:00:12","slug":"iso15693-i-code-slix-nfc-tag","status":"publish","type":"product","link":"https:\/\/rfid-laundry-tag.com\/vi\/iso15693-i-code-slix-nfc-tag\/","title":{"rendered":"Th\u1ebb NFC ISO15693 I CODE SLIX"},"content":{"rendered":"<table class=\"hight-light-first-column all magic-1\">\n<tbody>\n<tr>\n<td colspan=\"1\" rowspan=\"1\">\n<div class=\"magic-2\">\n<div class=\"magic-3\" data-spm-anchor-id=\"a2700.pc-decorate.0.i24.7f543333WPG8F0\"><span class=\"magic-4\" data-spm-anchor-id=\"a2700.pc-decorate.0.i23.7f543333WPG8F0\"><span class=\"magic-5\" style=\"color: #000000; font-family: Roboto;\"><b class=\"magic-4\" data-spm-anchor-id=\"a2700.pc-decorate.0.i114.7f543333WPG8F0\">M\u1ee5c<\/b><\/span><\/span><\/div>\n<\/div>\n<\/td>\n<td colspan=\"4\" rowspan=\"1\">\n<div class=\"magic-6\">\u00a0Th\u1ebb NFC ISO15693 I CODE SLIX<\/div>\n<\/td>\n<\/tr>\n<tr>\n<td colspan=\"1\" rowspan=\"1\">\n<div class=\"magic-2\">\n<div class=\"magic-3\" data-spm-anchor-id=\"a2700.pc-decorate.0.i22.7f543333WPG8F0\"><span class=\"magic-4\" data-spm-anchor-id=\"a2700.pc-decorate.0.i10.7f543333WPG8F0\"><b class=\"magic-4\"><span class=\"magic-5\" style=\"color: #000000; font-family: Roboto;\">V\u1eadt li\u1ec7u<\/span><\/b><\/span><\/div>\n<\/div>\n<\/td>\n<td colspan=\"4\" rowspan=\"1\">\n<div class=\"magic-9\"><span class=\"magic-5\" style=\"color: #000000;\">Gi\u1ea5y \/ M\u00e0ng PP \/ PET \/ L\u1edbp ph\u1ee7<\/span><\/div>\n<\/td>\n<\/tr>\n<tr>\n<td colspan=\"1\" rowspan=\"1\">\n<div class=\"magic-2\">\n<div class=\"magic-3\" data-spm-anchor-id=\"a2700.pc-decorate.0.i34.7f543333WPG8F0\"><b class=\"magic-13\" data-spm-anchor-id=\"a2700.pc-decorate.0.i111.7f543333WPG8F0\"><span class=\"magic-5\" style=\"color: #000000; font-family: Roboto;\">T\u00ednh th\u01b0\u1eddng xuy\u00ean<\/span><\/b><\/div>\n<\/div>\n<\/td>\n<td colspan=\"4\" rowspan=\"1\">\n<div class=\"magic-6\"><span class=\"magic-5\" style=\"color: #000000; font-family: Roboto;\" data-spm-anchor-id=\"a2700.details.0.i25.244e512bmtbZH7\">13,56MHz<\/span><\/div>\n<\/td>\n<\/tr>\n<tr>\n<td colspan=\"1\" rowspan=\"1\">\n<div class=\"magic-2\">\n<div class=\"magic-3\" data-spm-anchor-id=\"a2700.pc-decorate.0.i33.7f543333WPG8F0\"><b class=\"magic-4\"><span class=\"magic-5\" style=\"color: #000000; font-family: Roboto;\">K\u00edch c\u1ee1<\/span><\/b><\/div>\n<\/div>\n<\/td>\n<td colspan=\"4\" rowspan=\"1\">\n<div class=\"magic-9\"><span class=\"magic-5\" style=\"color: #000000;\">50*50\/45*45\/30*15\/40*25\/ \u0110\u01b0\u1eddng k\u00ednh 25\/30 ho\u1eb7c k\u00edch th\u01b0\u1edbc t\u00f9y ch\u1ec9nh<\/span><\/div>\n<\/td>\n<\/tr>\n<tr>\n<td colspan=\"1\" rowspan=\"1\">\n<div class=\"magic-2\">\n<div class=\"magic-3\"><b class=\"magic-14\">\u1ee8ng d\u1ee5ng<\/b><\/div>\n<\/div>\n<\/td>\n<td colspan=\"4\" rowspan=\"1\">\n<div class=\"magic-6\" data-spm-anchor-id=\"a2700.details.0.i24.244e512bmtbZH7\"><span class=\"magic-5\" style=\"color: #000000; font-family: Roboto;\">\u0110\u01b0\u1ee3c s\u1eed d\u1ee5ng r\u1ed9ng r\u00e3i trong qu\u1ea3n l\u00fd t\u00e0i s\u1ea3n, qu\u1ea3n l\u00fd qu\u1ea7n \u00e1o, h\u00e0ng t\u1ed3n kho, th\u01b0 vi\u1ec7n, \u0111\u1ed3 trang s\u1ee9c, h\u1eadu c\u1ea7n, v.v.<\/span><\/div>\n<\/td>\n<\/tr>\n<\/tbody>\n<\/table>\n<p>&nbsp;<\/p>\n<div class=\"auto-hide-last-sibling-br paragraph_9dc5f paragraph-element\"><strong>L\u1edbp ph\u1ee7 RFID:<\/strong>\u00a0L\u1edbp ph\u1ee7 RFID bao g\u1ed3m m\u1ed9t \u0103ng-ten v\u00e0 m\u1ed9t vi m\u1ea1ch, trong \u0111\u00f3 vi m\u1ea1ch l\u01b0u tr\u1eef d\u1eef li\u1ec7u v\u00e0 \u0103ng-ten c\u00f3 nhi\u1ec7m v\u1ee5 truy\u1ec1n d\u1eef li\u1ec7u n\u00e0y \u0111\u1ebfn \u0111\u1ea7u \u0111\u1ecdc RFID.<\/div>\n<p>&nbsp;<\/p>\n<div class=\"auto-hide-last-sibling-br paragraph_9dc5f paragraph-element\"><strong>L\u1edbp kh\u1ea3m \u01b0\u1edbt:<\/strong>\u00a0\u0110\u00e2y l\u00e0 l\u1edbp ph\u1ee7 RFID \u0111\u01b0\u1ee3c \u0111\u1eb7t tr\u00ean l\u1edbp keo d\u00e1n v\u00e0 l\u1edbp PET (Polyethylene Terephthalate) trong su\u1ed1t. L\u1edbp PET \u0111\u01b0\u1ee3c s\u1eed d\u1ee5ng \u0111\u1ec3 b\u1ea3o v\u1ec7 ch\u1ed1ng l\u1ea1i h\u01b0 h\u1ecfng v\u1eadt l\u00fd. V\u1edbi m\u1eb7t keo d\u00e1n h\u01b0\u1edbng ra xa nh\u00e3n ho\u1eb7c v\u1eadt li\u1ec7u, ch\u00fang c\u00f3 th\u1ec3 \u0111\u01b0\u1ee3c s\u1eed d\u1ee5ng tho\u1ea3i m\u00e1i \u0111\u1ec3 t\u1ea1o nh\u00e3n RFID, do \u0111\u00f3 ch\u00fang \u0111\u01b0\u1ee3c \u1ee9ng d\u1ee5ng r\u1ed9ng r\u00e3i trong vi\u1ec7c t\u1ea1o nh\u00e3n cho nhi\u1ec1u l\u0129nh v\u1ef1c kh\u00e1c nhau.<\/div>\n<div><\/div>\n<div>\n<div class=\"auto-hide-last-sibling-br paragraph_9dc5f paragraph-element\">\u00a0Th\u1ebb NFC ISO15693 I CODE SLIX, \u0111\u01b0\u1ee3c l\u00e0m t\u1eeb nhi\u1ec1u lo\u1ea1i v\u1eadt li\u1ec7u kh\u00e1c nhau nh\u01b0 gi\u1ea5y, m\u00e0ng PP, PET ho\u1eb7c kh\u1ea3m, v\u00e0 c\u00f3 nhi\u1ec1u k\u00edch c\u1ee1 kh\u00e1c nhau, \u0111\u01b0\u1ee3c s\u1eed d\u1ee5ng r\u1ed9ng r\u00e3i. B\u1ea1n th\u01b0\u1eddng th\u1ea5y ch\u00fang trong c\u00e1c ng\u00e0nh c\u00f4ng nghi\u1ec7p nh\u01b0:<\/div>\n<p><br class=\"container_21264 wrapper_661ac undefined\" \/><\/p>\n<ul class=\"auto-hide-last-sibling-br\">\n<li><strong>Qu\u1ea3n l\u00fd t\u00e0i s\u1ea3n:<\/strong>\u00a0Th\u1ebb \u0111\u01b0\u1ee3c s\u1eed d\u1ee5ng \u0111\u1ec3 theo d\u00f5i t\u00e0i s\u1ea3n v\u1eadt l\u00fd trong nhi\u1ec1u b\u1ed1i c\u1ea3nh kh\u00e1c nhau, ch\u1eb3ng h\u1ea1n nh\u01b0 gi\u00e1m s\u00e1t thi\u1ebft b\u1ecb trong ch\u0103m s\u00f3c s\u1ee9c kh\u1ecfe ho\u1eb7c CNTT.<\/li>\n<li><strong>Qu\u1ea3n l\u00fd qu\u1ea7n \u00e1o:<\/strong>\u00a0Trong b\u00e1n l\u1ebb th\u1eddi trang, nh\u1eefng th\u1ebb n\u00e0y gi\u00fap theo d\u00f5i h\u00e0ng t\u1ed3n kho, ch\u1ed1ng tr\u1ed9m v\u00e0 c\u1ea3i thi\u1ec7n tr\u1ea3i nghi\u1ec7m c\u1ee7a kh\u00e1ch h\u00e0ng trong c\u1eeda h\u00e0ng.<\/li>\n<li><strong>Qu\u1ea3n l\u00fd h\u00e0ng t\u1ed3n kho:<\/strong>\u00a0Trong kho b\u00e3i v\u00e0 b\u00e1n l\u1ebb, th\u1ebb RFID \u0111\u01b0\u1ee3c s\u1eed d\u1ee5ng \u0111\u1ec3 qu\u1ea3n l\u00fd h\u00e0ng t\u1ed3n kho hi\u1ec7u qu\u1ea3, gi\u1ea3m b\u1edbt lao \u0111\u1ed9ng th\u1ee7 c\u00f4ng v\u00e0 gi\u1ea3m thi\u1ec3u sai s\u00f3t.<\/li>\n<li><strong>Qu\u1ea3n l\u00fd th\u01b0 vi\u1ec7n:<\/strong>\u00a0Ch\u00fang \u0111\u01b0\u1ee3c s\u1eed d\u1ee5ng \u0111\u1ec3 t\u1ef1 \u0111\u1ed9ng h\u00f3a quy tr\u00ecnh m\u01b0\u1ee3n v\u00e0 tr\u1ea3, c\u1ea3i thi\u1ec7n vi\u1ec7c qu\u1ea3n l\u00fd h\u00e0ng t\u1ed3n kho v\u00e0 cung c\u1ea5p kh\u1ea3 n\u0103ng b\u1ea3o m\u1eadt ch\u1ed1ng tr\u1ed9m c\u1eafp.<\/li>\n<li><strong>Qu\u1ea3n l\u00fd trang s\u1ee9c:<\/strong>\u00a0Nh\u1eb9 v\u00e0 ch\u00ednh x\u00e1c, nh\u1eefng th\u1ebb n\u00e0y cung c\u1ea5p kh\u1ea3 n\u0103ng ki\u1ec3m so\u00e1t h\u00e0ng t\u1ed3n kho an to\u00e0n v\u00e0 hi\u1ec7u qu\u1ea3 trong ng\u00e0nh c\u00f4ng nghi\u1ec7p trang s\u1ee9c.<\/li>\n<li><strong>H\u1eadu c\u1ea7n:<\/strong> Th\u1ebb RFID \u0111\u01b0\u1ee3c s\u1eed d\u1ee5ng \u0111\u1ec3 theo d\u00f5i h\u00e0ng h\u00f3a trong qu\u00e1 tr\u00ecnh v\u1eadn chuy\u1ec3n, c\u1ea3i thi\u1ec7n \u0111\u1ed9 ch\u00ednh x\u00e1c c\u1ee7a vi\u1ec7c v\u1eadn chuy\u1ec3n v\u00e0 n\u00e2ng cao kh\u1ea3 n\u0103ng hi\u1ec3n th\u1ecb trong chu\u1ed7i cung \u1ee9ng.<\/li>\n<\/ul>\n<div class=\"auto-hide-last-sibling-br paragraph_9dc5f paragraph-element\">K\u00edch th\u01b0\u1edbc v\u00e0 h\u00ecnh d\u1ea1ng c\u1ee7a th\u1ebb c\u00f3 th\u1ec3 \u0111\u01b0\u1ee3c t\u00f9y ch\u1ec9nh theo \u1ee9ng d\u1ee5ng c\u1ee5 th\u1ec3, t\u0103ng c\u01b0\u1eddng t\u00ednh linh ho\u1ea1t v\u00e0 kh\u1ea3 n\u0103ng th\u00edch \u1ee9ng trong nhi\u1ec1u tr\u01b0\u1eddng h\u1ee3p s\u1eed d\u1ee5ng kh\u00e1c nhau.<\/div>\n<\/div>","protected":false},"excerpt":{"rendered":"<p><strong>Th\u1ebb NFC ISO15693 I CODE SLIX:<\/strong>\u00a0C\u00e1c th\u1ebb n\u00e0y l\u00e0 th\u1ebb RFID t\u1ea7n s\u1ed1 cao (13,56MHz) tu\u00e2n th\u1ee7 ti\u00eau chu\u1ea9n ISO15693. Chip I CODE SLIX \u0111\u01b0\u1ee3c bi\u1ebft \u0111\u1ebfn v\u1edbi ph\u1ea1m vi \u0111\u1ecdc\/ghi \u0111\u00e1ng ch\u00fa \u00fd, l\u00fd t\u01b0\u1edfng cho c\u00e1c \u1ee9ng d\u1ee5ng qu\u1ea3n l\u00fd t\u00e0i s\u1ea3n.<\/p>","protected":false},"featured_media":318,"template":"","meta":{"_kad_post_transparent":"default","_kad_post_title":"","_kad_post_layout":"default","_kad_post_sidebar_id":"","_kad_post_content_style":"default","_kad_post_vertical_padding":"default","_kad_post_feature":"","_kad_post_feature_position":"","_kad_post_header":false,"_kad_post_footer":false,"_kad_post_classname":""},"product_brand":[],"product_cat":[54],"product_tag":[133,132],"class_list":{"0":"post-317","1":"product","2":"type-product","3":"status-publish","4":"has-post-thumbnail","6":"product_cat-hot-selling-rfid-tags","7":"product_tag-i-code-slix-nfc-tag","8":"product_tag-iso15693-i-code-slix-nfc-tag","10":"first","11":"instock","12":"shipping-taxable","13":"product-type-simple","14":"entry","15":"content-bg","16":"loop-entry"},"_links":{"self":[{"href":"https:\/\/rfid-laundry-tag.com\/vi\/wp-json\/wp\/v2\/product\/317","targetHints":{"allow":["GET"]}}],"collection":[{"href":"https:\/\/rfid-laundry-tag.com\/vi\/wp-json\/wp\/v2\/product"}],"about":[{"href":"https:\/\/rfid-laundry-tag.com\/vi\/wp-json\/wp\/v2\/types\/product"}],"version-history":[{"count":0,"href":"https:\/\/rfid-laundry-tag.com\/vi\/wp-json\/wp\/v2\/product\/317\/revisions"}],"wp:featuredmedia":[{"embeddable":true,"href":"https:\/\/rfid-laundry-tag.com\/vi\/wp-json\/wp\/v2\/media\/318"}],"wp:attachment":[{"href":"https:\/\/rfid-laundry-tag.com\/vi\/wp-json\/wp\/v2\/media?parent=317"}],"wp:term":[{"taxonomy":"product_brand","embeddable":true,"href":"https:\/\/rfid-laundry-tag.com\/vi\/wp-json\/wp\/v2\/product_brand?post=317"},{"taxonomy":"product_cat","embeddable":true,"href":"https:\/\/rfid-laundry-tag.com\/vi\/wp-json\/wp\/v2\/product_cat?post=317"},{"taxonomy":"product_tag","embeddable":true,"href":"https:\/\/rfid-laundry-tag.com\/vi\/wp-json\/wp\/v2\/product_tag?post=317"}],"curies":[{"name":"wp","href":"https:\/\/api.w.org\/{rel}","templated":true}]}}