{"id":315,"date":"2024-06-28T01:50:42","date_gmt":"2024-06-28T01:50:42","guid":{"rendered":"https:\/\/rfid-laundry-tag.com\/?post_type=product&#038;p=315"},"modified":"2024-08-19T15:48:20","modified_gmt":"2024-08-19T15:48:20","slug":"tamper-proof-nfc-sticker-ntag424-dna-tt","status":"publish","type":"product","link":"https:\/\/rfid-laundry-tag.com\/vi\/tamper-proof-nfc-sticker-ntag424-dna-tt\/","title":{"rendered":"Nh\u00e3n d\u00e1n NFC ch\u1ed1ng gi\u1ea3 m\u1ea1o NTAG424 DNA TT"},"content":{"rendered":"<h2>Nh\u00e3n d\u00e1n NFC ch\u1ed1ng gi\u1ea3 m\u1ea1o NTAG424 DNA TT<\/h2>\n<table class=\"all magic-15\">\n<tbody>\n<tr>\n<td colspan=\"1\" rowspan=\"1\">\n<div class=\"magic-16\" data-spm-anchor-id=\"a2700.details.0.i75.2d9c3353FQLlpS\">V\u1eadt li\u1ec7u<\/div>\n<\/td>\n<td colspan=\"4\" rowspan=\"1\">\n<div class=\"magic-17\">Gi\u1ea5y d\u1ec5 v\u1ee1 + \u0102ng ten d\u1ec5 v\u1ee1<\/div>\n<\/td>\n<\/tr>\n<tr>\n<td colspan=\"1\" rowspan=\"1\">\n<div class=\"magic-16\">K\u00edch c\u1ee1<\/div>\n<\/td>\n<td colspan=\"4\" rowspan=\"1\">\n<div class=\"magic-17\">24*60mm, 20*70mm, 27*77mm, 35*66mm, 35mm*80mm, v.v.<\/div>\n<\/td>\n<\/tr>\n<tr>\n<td colspan=\"1\" rowspan=\"1\">\n<div class=\"magic-16\">In \u1ea5n<\/div>\n<\/td>\n<td colspan=\"4\" rowspan=\"1\">\n<div class=\"magic-17\">In \u0111\u1ea7y \u0111\u1ee7 m\u00e0u s\u1eafc<\/div>\n<\/td>\n<\/tr>\n<tr>\n<td colspan=\"1\" rowspan=\"1\">\n<div class=\"magic-16\">T\u00ednh th\u01b0\u1eddng xuy\u00ean<\/div>\n<\/td>\n<td colspan=\"4\" rowspan=\"1\">\n<div class=\"magic-17\" data-spm-anchor-id=\"a2700.details.0.i74.2d9c3353FQLlpS\">13,56MHz<\/div>\n<\/td>\n<\/tr>\n<tr>\n<td colspan=\"1\" rowspan=\"1\">\n<div class=\"magic-16\">Giao th\u1ee9c<\/div>\n<\/td>\n<td colspan=\"4\" rowspan=\"1\">\n<div class=\"magic-17\">Ti\u00eau chu\u1ea9n ISO14443A<\/div>\n<\/td>\n<\/tr>\n<tr>\n<td colspan=\"1\" rowspan=\"2\">\n<div class=\"magic-16\">Chip<\/div>\n<\/td>\n<td colspan=\"4\" rowspan=\"1\">\n<div class=\"magic-17\">\n<p>NTAG213 TT<\/p>\n<p>* 184 byte \u0111\u01b0\u1ee3c s\u1eafp x\u1ebfp th\u00e0nh 46 trang v\u1edbi 4 byte cho m\u1ed7i trang<br \/>\n* 144 byte v\u00f9ng \u0110\u1ecdc\/Ghi mi\u1ec5n ph\u00ed d\u00e0nh cho ng\u01b0\u1eddi d\u00f9ng (36 trang)<\/p>\n<\/div>\n<\/td>\n<\/tr>\n<tr>\n<td colspan=\"4\" rowspan=\"1\">\n<div class=\"magic-17\">\n<p>NTAG424 DNA TT Tamper (416 byte)<\/p>\n<p>B\u1ed9 nh\u1edb 416 byte \u0111\u01b0\u1ee3c t\u1ed5 ch\u1ee9c theo h\u1ec7 th\u1ed1ng t\u1eadp tin ISO\/IEC 7816-4:<br \/>\n* Kh\u1ea3 n\u0103ng ch\u1ee9a 32 byte<br \/>\n* T\u1ec7p NDEF 256 byte<br \/>\n* T\u1ec7p d\u1eef li\u1ec7u \u0111\u01b0\u1ee3c b\u1ea3o v\u1ec7 128 byte<\/p>\n<\/div>\n<\/td>\n<\/tr>\n<tr>\n<td colspan=\"1\" rowspan=\"1\">\n<div class=\"magic-16\">Kho\u1ea3ng c\u00e1ch \u0111\u1ecdc<\/div>\n<\/td>\n<td colspan=\"4\" rowspan=\"1\">\n<div class=\"magic-17\" data-spm-anchor-id=\"a2700.details.0.i76.2d9c3353FQLlpS\">1-10CM (Li\u00ean quan \u0111\u1ebfn hi\u1ec7u su\u1ea5t \u0111\u1ecdc v\u00e0 m\u00f4i tr\u01b0\u1eddng l\u00e0m vi\u1ec7c)<\/div>\n<\/td>\n<\/tr>\n<tr>\n<td colspan=\"1\" rowspan=\"1\">\n<div class=\"magic-16\">T\u00ednh n\u0103ng<\/div>\n<\/td>\n<td colspan=\"4\" rowspan=\"1\">\n<div class=\"magic-17\">Ch\u1ed1ng h\u00e0ng gi\u1ea3, ch\u1ed1ng gi\u1ea3 m\u1ea1o, s\u1eed d\u1ee5ng m\u1ed9t l\u1ea7n<\/div>\n<\/td>\n<\/tr>\n<tr>\n<td colspan=\"1\" rowspan=\"1\">\n<div class=\"magic-16\">H\u1ed7 tr\u1ee3 t\u00f9y ch\u1ec9nh<\/div>\n<\/td>\n<td colspan=\"4\" rowspan=\"1\">\n<div class=\"magic-17\">Ch\u1ea5t li\u1ec7u, K\u00edch th\u01b0\u1edbc, Chip, B\u1ea3n in, M\u00e3 h\u00f3a, S\u1ed1 s\u00ea-ri, H\u00ecnh d\u1ea1ng, Bao b\u00ec, v.v.<\/div>\n<\/td>\n<\/tr>\n<tr>\n<td colspan=\"1\" rowspan=\"1\">\n<div class=\"magic-16\">Gi\u1ea5y ch\u1ee9ng nh\u1eadn<\/div>\n<\/td>\n<td colspan=\"4\" rowspan=\"1\">\n<div class=\"magic-17\">Ti\u00eau chu\u1ea9n CE RoHS ISO<\/div>\n<\/td>\n<\/tr>\n<\/tbody>\n<\/table>\n<h3>C\u00e1ch th\u1ee9c ho\u1ea1t \u0111\u1ed9ng c\u1ee7a TAG (NTAG213 TagTamper \/ 424 DNA TagTamper)<\/h3>\n<p><strong>Nguy\u00ean t\u1eafc chung:<\/strong><\/p>\n<p>H\u1ec7 th\u1ed1ng TAG s\u1eed d\u1ee5ng\u00a0<strong>C\u00f4ng ngh\u1ec7 RFID<\/strong>\u00a0v\u1edbi m\u1ed9t chuy\u00ean ng\u00e0nh\u00a0<strong>Th\u1ebb gi\u1ea3 m\u1ea1o<\/strong>\u00a0ch\u1ee9c n\u0103ng ph\u00e1t hi\u1ec7n vi\u1ec7c m\u1edf g\u00f3i tr\u00e1i ph\u00e9p. N\u00f3 bao g\u1ed3m hai th\u00e0nh ph\u1ea7n ch\u00ednh:<\/p>\n<ol>\n<li><strong>Th\u1ebb RFID:<\/strong>\n<ul>\n<li><strong>V\u00f2ng \u0103ng-ten ch\u00ednh:<\/strong>\u00a0Truy\u1ec1n s\u00f3ng v\u00f4 tuy\u1ebfn gi\u1eefa \u0111\u1ea7u \u0111\u1ecdc RFID v\u00e0 chip IC.<\/li>\n<li><strong>V\u00f2ng\/D\u00e2y ph\u00e1t hi\u1ec7n:<\/strong>\u00a0M\u1ed9t d\u00e2y ri\u00eang bi\u1ec7t \u0111\u01b0\u1ee3c thi\u1ebft k\u1ebf \u0111\u1ec3 \u0111\u1ee9t khi b\u1ecb can thi\u1ec7p. S\u1ef1 \u0111\u1ee9t n\u00e0y \u0111\u01b0\u1ee3c ghi l\u1ea1i v\u0129nh vi\u1ec5n b\u1edfi chip IC.<\/li>\n<\/ul>\n<\/li>\n<li><strong>\u0110\u1ea7u \u0111\u1ecdc RFID:<\/strong>\n<ul>\n<li><strong>\u0110\u1ecdc d\u1eef li\u1ec7u t\u1eeb th\u1ebb RFID<\/strong>, bao g\u1ed3m c\u1ea3 tr\u1ea1ng th\u00e1i c\u1ee7a d\u00e2y ph\u00e1t hi\u1ec7n.<\/li>\n<li><strong>Truy\u1ec1n d\u1eef li\u1ec7u \u0111\u1ebfn m\u00e1y ch\u1ee7<\/strong>, n\u01a1i n\u00f3 c\u00f3 th\u1ec3 \u0111\u01b0\u1ee3c ph\u00e2n t\u00edch v\u00e0 s\u1eed d\u1ee5ng cho nhi\u1ec1u \u1ee9ng d\u1ee5ng kh\u00e1c nhau.<\/li>\n<\/ul>\n<\/li>\n<\/ol>\n<p><strong>Ch\u1ee9c n\u0103ng c\u1ee7a Tag Tamper:<\/strong><\/p>\n<ul>\n<li>D\u00e2y ph\u00e1t hi\u1ec7n \u0111\u01b0\u1ee3c k\u1ebft n\u1ed1i v\u1edbi chip IC.<\/li>\n<li>Khi d\u00e2y b\u1ecb \u0111\u1ee9t, chip\u00a0<strong>l\u01b0u tr\u1eef m\u1ed9t b\u1ea3n ghi v\u0129nh vi\u1ec5n v\u1ec1 s\u1ef1 ki\u1ec7n gi\u1ea3 m\u1ea1o<\/strong>.<\/li>\n<li>Th\u00f4ng tin n\u00e0y c\u00f3 th\u1ec3 \u0111\u01b0\u1ee3c\u00a0<strong>\u0111\u01b0\u1ee3c ph\u1ea3n chi\u1ebfu trong m\u00e3 ASCII v\u00e0o b\u1ed9 nh\u1edb ng\u01b0\u1eddi d\u00f9ng<\/strong>\u00a0V\u00e0\u00a0<strong>\u0111\u01b0\u1ee3c b\u00e1o c\u00e1o l\u00ean \u0111\u00e1m m\u00e2y<\/strong>\u00a0\u0111\u1ec3 ph\u00e2n t\u00edch th\u00eam.<\/li>\n<\/ul>\n<p><strong>424 DNA TagTamper v\u1edbi m\u00e3 h\u00f3a AES-128:<\/strong><\/p>\n<ul>\n<li><strong>Tin nh\u1eafn x\u00e1c th\u1ef1c NFC duy nh\u1ea5t (SUN):<\/strong>\u00a0M\u1ed7i l\u1ea7n 424 DNA TagTamper \u0111\u01b0\u1ee3c ch\u1ea1m b\u1eb1ng thi\u1ebft b\u1ecb di \u0111\u1ed9ng ho\u1eb7c \u0111\u1ea7u \u0111\u1ecdc NFC, n\u00f3 s\u1ebd t\u1ea1o ra m\u1ed9t SUN duy nh\u1ea5t.<\/li>\n<li><strong>X\u00e1c th\u1ef1c an to\u00e0n:<\/strong>\n<ul>\n<li>SUN \u0111\u01b0\u1ee3c g\u1eedi \u0111\u1ebfn m\u00e1y ch\u1ee7 l\u01b0u tr\u1eef c\u00f9ng v\u1edbi m\u1ed9t URL duy nh\u1ea5t.<\/li>\n<li>M\u00e1y ch\u1ee7 th\u1ef1c hi\u1ec7n x\u00e1c th\u1ef1c b\u1eb1ng m\u1eadt m\u00e3 AES-128.<\/li>\n<li><strong>X\u00e1c minh<\/strong>\u00a0\u0111\u01b0\u1ee3c tr\u1ea3 v\u1ec1 m\u00e1y \u0111\u1ecdc\/thi\u1ebft b\u1ecb di \u0111\u1ed9ng.<\/li>\n<\/ul>\n<\/li>\n<\/ul>\n<p><strong>\u1ee8ng d\u1ee5ng:<\/strong><\/p>\n<ul>\n<li><strong>Ch\u1ed1ng h\u00e0ng gi\u1ea3 n\u00e2ng cao (X\u00e1c th\u1ef1c s\u1ea3n ph\u1ea9m):<\/strong>\n<ul>\n<li>X\u00e1c minh t\u00ednh x\u00e1c th\u1ef1c c\u1ee7a h\u00e0ng h\u00f3a v\u1eadt l\u00fd.<\/li>\n<li>X\u00e1c \u0111\u1ecbnh doanh s\u1ed1 b\u00e1n ra ngo\u00e0i th\u1ecb tr\u01b0\u1eddng \u0111\u01b0\u1ee3c \u1ee7y quy\u1ec1n.<\/li>\n<\/ul>\n<\/li>\n<li><strong>Ph\u00e1t hi\u1ec7n v\u00e0 ch\u1ed1ng gi\u1ea3 m\u1ea1o (Bao b\u00ec th\u00f4ng minh):<\/strong>\n<ul>\n<li>Ph\u00e1t hi\u1ec7n vi\u1ec7c m\u1edf s\u1ea3n ph\u1ea9m tr\u00e1i ph\u00e9p.<\/li>\n<li>\u0110\u1ea3m b\u1ea3o t\u00ednh to\u00e0n v\u1eb9n c\u1ee7a s\u1ea3n ph\u1ea9m.<\/li>\n<\/ul>\n<\/li>\n<li><strong>Tr\u1ea3i nghi\u1ec7m ng\u01b0\u1eddi d\u00f9ng \u0111\u1ed9c quy\u1ec1n \u0111\u01b0\u1ee3c b\u1ea3o m\u1eadt d\u1ef1a tr\u00ean tr\u1ea1ng th\u00e1i s\u1ea3n ph\u1ea9m:<\/strong>\n<ul>\n<li>Cho ph\u00e9p t\u01b0\u01a1ng t\u00e1c n\u00e2ng cao v\u1edbi ng\u01b0\u1eddi d\u00f9ng (tr\u01b0\u1edbc v\u00e0 sau khi b\u00e1n h\u00e0ng).<\/li>\n<li>Th\u01b0\u1edfng cho kh\u00e1ch h\u00e0ng b\u1eb1ng n\u1ed9i dung, \u01b0u \u0111\u00e3i v\u00e0 quy\u1ec1n l\u1ee3i \u0111\u01b0\u1ee3c c\u00e1 nh\u00e2n h\u00f3a.<\/li>\n<\/ul>\n<\/li>\n<li><strong>\u1ee8ng d\u1ee5ng d\u1eef li\u1ec7u nh\u1ea1y c\u1ea3m \u0111\u01b0\u1ee3c b\u1ea3o m\u1eadt:<\/strong>\n<ul>\n<li>B\u1ea3o v\u1ec7 d\u1eef li\u1ec7u nh\u1ea1y c\u1ea3m c\u1ee7a s\u1ea3n ph\u1ea9m v\u00e0 ng\u01b0\u1eddi d\u00f9ng.<\/li>\n<li>K\u00edch ho\u1ea1t h\u00e0nh \u0111\u1ed9ng khi c\u00f3 s\u1ef1 c\u1ed1 \u0111\u01b0\u1ee3c x\u00e1c minh (v\u00ed d\u1ee5: thanh to\u00e1n).<\/li>\n<\/ul>\n<\/li>\n<li><strong>X\u00e1c th\u1ef1c v\u00e0 c\u1ea5u h\u00ecnh an to\u00e0n c\u00e1c thi\u1ebft b\u1ecb v\u00f2ng k\u00edn:<\/strong>\n<ul>\n<li>X\u00e1c th\u1ef1c v\u1eadt t\u01b0 ti\u00eau hao v\u00e0 linh ki\u1ec7n.<\/li>\n<li>Cho ph\u00e9p ki\u1ec3m tra t\u00ednh to\u00e0n v\u1eb9n.<\/li>\n<li>T\u1ef1 \u0111\u1ed9ng chuy\u1ec3n c\u00e0i \u0111\u1eb7t thi\u1ebft b\u1ecb.<\/li>\n<\/ul>\n<\/li>\n<\/ul>\n<p><strong>\u01afu \u0111i\u1ec3m ch\u00ednh:<\/strong><\/p>\n<ul>\n<li><strong>B\u1ea3o m\u1eadt cao:<\/strong>\u00a0T\u00ednh n\u0103ng ph\u00e1t hi\u1ec7n gi\u1ea3 m\u1ea1o v\u00e0 m\u00e3 h\u00f3a AES-128 \u0111\u1ea3m b\u1ea3o t\u00ednh to\u00e0n v\u1eb9n c\u1ee7a d\u1eef li\u1ec7u v\u00e0 ng\u0103n ch\u1eb7n truy c\u1eadp tr\u00e1i ph\u00e9p.<\/li>\n<li><strong>\u1ee8ng d\u1ee5ng \u0111a n\u0103ng:<\/strong>\u00a0H\u1ec7 th\u1ed1ng c\u00f3 th\u1ec3 \u0111\u01b0\u1ee3c s\u1eed d\u1ee5ng cho nhi\u1ec1u m\u1ee5c \u0111\u00edch kh\u00e1c nhau, t\u1eeb x\u00e1c th\u1ef1c s\u1ea3n ph\u1ea9m \u0111\u1ebfn b\u1ea3o m\u1eadt d\u1eef li\u1ec7u.<\/li>\n<li><strong>Theo d\u00f5i th\u1eddi gian th\u1ef1c:<\/strong>\u00a0Th\u00f4ng tin \u0111\u01b0\u1ee3c g\u1eedi \u0111\u1ebfn \u0111\u00e1m m\u00e2y theo th\u1eddi gian th\u1ef1c, cho ph\u00e9p h\u00e0nh \u0111\u1ed9ng v\u00e0 theo d\u00f5i ngay l\u1eadp t\u1ee9c.<\/li>\n<\/ul>","protected":false},"excerpt":{"rendered":"<p>NTAG 424 DNA l\u00e0 Nh\u00e3n d\u00e1n NFC ch\u1ed1ng gi\u1ea3 m\u1ea1o NTAG424 DNA TT c\u00f3 \u0111\u1ed9 b\u1ea3o m\u1eadt cao, m\u1ea1nh m\u1ebd do NXP Semiconductors cung c\u1ea5p. Th\u1ebb n\u00e0y l\u00fd t\u01b0\u1edfng \u0111\u1ec3 b\u1ea3o v\u1ec7 t\u00e0i s\u1ea3n v\u00e0 th\u00f4ng tin v\u00ec c\u00f3 c\u00e1c ch\u1ee9c n\u0103ng ti\u00ean ti\u1ebfn, ch\u1eb3ng h\u1ea1n nh\u01b0 m\u00e3 h\u00f3a AES v\u00e0 x\u00e1c th\u1ef1c tin nh\u1eafn SUN, \u0111\u1ed3ng th\u1eddi b\u1ea3o v\u1ec7 vi\u1ec7c l\u01b0u tr\u1eef d\u1eef li\u1ec7u nh\u1ea1y c\u1ea3m.<\/p>","protected":false},"featured_media":316,"template":"","meta":{"_kad_post_transparent":"default","_kad_post_title":"","_kad_post_layout":"default","_kad_post_sidebar_id":"","_kad_post_content_style":"default","_kad_post_vertical_padding":"default","_kad_post_feature":"","_kad_post_feature_position":"","_kad_post_header":false,"_kad_post_footer":false,"_kad_post_classname":""},"product_brand":[],"product_cat":[54],"product_tag":[135,134],"class_list":{"0":"post-315","1":"product","2":"type-product","3":"status-publish","4":"has-post-thumbnail","6":"product_cat-hot-selling-rfid-tags","7":"product_tag-tamper-proof-nfc-sticker","8":"product_tag-tamper-proof-nfc-sticker-ntag424-dna-tt","10":"first","11":"instock","12":"shipping-taxable","13":"product-type-simple","14":"entry","15":"content-bg","16":"loop-entry"},"_links":{"self":[{"href":"https:\/\/rfid-laundry-tag.com\/vi\/wp-json\/wp\/v2\/product\/315","targetHints":{"allow":["GET"]}}],"collection":[{"href":"https:\/\/rfid-laundry-tag.com\/vi\/wp-json\/wp\/v2\/product"}],"about":[{"href":"https:\/\/rfid-laundry-tag.com\/vi\/wp-json\/wp\/v2\/types\/product"}],"version-history":[{"count":1,"href":"https:\/\/rfid-laundry-tag.com\/vi\/wp-json\/wp\/v2\/product\/315\/revisions"}],"predecessor-version":[{"id":1566,"href":"https:\/\/rfid-laundry-tag.com\/vi\/wp-json\/wp\/v2\/product\/315\/revisions\/1566"}],"wp:featuredmedia":[{"embeddable":true,"href":"https:\/\/rfid-laundry-tag.com\/vi\/wp-json\/wp\/v2\/media\/316"}],"wp:attachment":[{"href":"https:\/\/rfid-laundry-tag.com\/vi\/wp-json\/wp\/v2\/media?parent=315"}],"wp:term":[{"taxonomy":"product_brand","embeddable":true,"href":"https:\/\/rfid-laundry-tag.com\/vi\/wp-json\/wp\/v2\/product_brand?post=315"},{"taxonomy":"product_cat","embeddable":true,"href":"https:\/\/rfid-laundry-tag.com\/vi\/wp-json\/wp\/v2\/product_cat?post=315"},{"taxonomy":"product_tag","embeddable":true,"href":"https:\/\/rfid-laundry-tag.com\/vi\/wp-json\/wp\/v2\/product_tag?post=315"}],"curies":[{"name":"wp","href":"https:\/\/api.w.org\/{rel}","templated":true}]}}