{"id":313,"date":"2024-06-28T01:43:55","date_gmt":"2024-06-28T01:43:55","guid":{"rendered":"https:\/\/rfid-laundry-tag.com\/?post_type=product&#038;p=313"},"modified":"2024-08-19T15:55:01","modified_gmt":"2024-08-19T15:55:01","slug":"tamper-proof-ntag424-dna-tt-nfc-label","status":"publish","type":"product","link":"https:\/\/rfid-laundry-tag.com\/vi\/tamper-proof-ntag424-dna-tt-nfc-label\/","title":{"rendered":"Nh\u00e3n ch\u1ed1ng gi\u1ea3 m\u1ea1o Ntag424 DNA TT NFC"},"content":{"rendered":"<table class=\"hight-light-first-column all magic-8\">\n<tbody>\n<tr>\n<td colspan=\"1\" rowspan=\"1\">\n<div class=\"magic-11\"><span class=\"magic-7\" data-spm-anchor-id=\"a2700.details.0.i73.5472537dnd6ZwT\">T\u00ean m\u1eb7t h\u00e0ng<\/span><\/div>\n<\/td>\n<td colspan=\"1\" rowspan=\"1\">\n<div class=\"magic-12\"><span class=\"magic-7\">Th\u1ebb NFC ch\u1ed1ng gi\u1ea3<\/span><\/div>\n<\/td>\n<\/tr>\n<tr>\n<td colspan=\"1\" rowspan=\"1\">\n<div class=\"magic-11\"><span class=\"magic-7\">T\u1eeb kh\u00f3a<\/span><\/div>\n<\/td>\n<td colspan=\"1\" rowspan=\"1\">\n<div class=\"magic-12\"><span class=\"magic-7\">Nh\u00e3n ch\u1ed1ng gi\u1ea3 m\u1ea1o Ntag424 DNA TT NFC<\/span><\/div>\n<\/td>\n<\/tr>\n<tr>\n<td colspan=\"1\" rowspan=\"1\">\n<div class=\"magic-11\"><span class=\"magic-7\">V\u1eadt li\u1ec7u<\/span><\/div>\n<\/td>\n<td colspan=\"1\" rowspan=\"1\">\n<div class=\"magic-12\"><span class=\"magic-7\">AL+PET+Gi\u1ea5y<\/span><\/div>\n<\/td>\n<\/tr>\n<tr>\n<td colspan=\"1\" rowspan=\"1\">\n<div class=\"magic-11\"><span class=\"magic-7\">K\u00edch c\u1ee1<\/span><\/div>\n<\/td>\n<td colspan=\"1\" rowspan=\"1\">\n<div class=\"magic-12\"><span class=\"magic-7\">24*49*0.2mm<\/span><\/div>\n<\/td>\n<\/tr>\n<tr>\n<td colspan=\"1\" rowspan=\"1\">\n<div class=\"magic-11\"><span class=\"magic-7\">Chip<\/span><\/div>\n<\/td>\n<td colspan=\"1\" rowspan=\"1\">\n<div class=\"magic-12\"><span class=\"magic-7\">NTag 424 DNA TT<\/span><\/div>\n<\/td>\n<\/tr>\n<tr>\n<td colspan=\"1\" rowspan=\"1\">\n<div class=\"magic-11\"><span class=\"magic-7\">K\u00fd \u1ee9c<\/span><\/div>\n<\/td>\n<td colspan=\"1\" rowspan=\"1\">\n<div class=\"magic-12\" data-spm-anchor-id=\"a2700.details.0.i72.5472537dnd6ZwT\"><span class=\"magic-7\">416 byte<\/span><\/div>\n<\/td>\n<\/tr>\n<tr>\n<td colspan=\"1\" rowspan=\"1\">\n<div class=\"magic-11\"><span class=\"magic-7\">T\u00ednh th\u01b0\u1eddng xuy\u00ean<\/span><\/div>\n<\/td>\n<td colspan=\"1\" rowspan=\"1\">\n<div class=\"magic-12\"><span class=\"magic-7\">13,56MHz<\/span><\/div>\n<\/td>\n<\/tr>\n<tr>\n<td colspan=\"1\" rowspan=\"1\">\n<div class=\"magic-11\"><span class=\"magic-7\">Giao th\u1ee9c<\/span><\/div>\n<\/td>\n<td colspan=\"1\" rowspan=\"1\">\n<div class=\"magic-12\"><span class=\"magic-7\">Ti\u00eau chu\u1ea9n ISO14443A<\/span><\/div>\n<\/td>\n<\/tr>\n<tr>\n<td colspan=\"1\" rowspan=\"1\">\n<div class=\"magic-11\"><span class=\"magic-7\">\u1ee8ng d\u1ee5ng<\/span><\/div>\n<\/td>\n<td colspan=\"1\" rowspan=\"1\">\n<div class=\"magic-12\"><span class=\"magic-7\">An ninh r\u01b0\u1ee3u, M\u1ef9 ph\u1ea9m cao c\u1ea5p, Trang s\u1ee9c, Qu\u1ea3n l\u00fd t\u00e0i s\u1ea3n, v.v.<\/span><\/div>\n<\/td>\n<\/tr>\n<tr>\n<td colspan=\"1\" rowspan=\"1\">\n<div class=\"magic-11\"><span class=\"magic-7\">T\u00ednh n\u0103ng<\/span><\/div>\n<\/td>\n<td colspan=\"1\" rowspan=\"1\">\n<div class=\"magic-12\"><span class=\"magic-7\">CH\u1ed0NG GI\u1ea2<\/span><\/div>\n<\/td>\n<\/tr>\n<\/tbody>\n<\/table>\n<p>&nbsp;<\/p>\n<p>NTAG 424 DNA l\u00e0 th\u1ebb NFC m\u1ea1nh m\u1ebd, b\u1ea3o m\u1eadt cao do NXP Semiconductors cung c\u1ea5p. Th\u1ebb n\u00e0y l\u00fd t\u01b0\u1edfng \u0111\u1ec3 b\u1ea3o v\u1ec7 t\u00e0i s\u1ea3n v\u00e0 th\u00f4ng tin v\u00ec c\u00f3 c\u00e1c ch\u1ee9c n\u0103ng ti\u00ean ti\u1ebfn, ch\u1eb3ng h\u1ea1n nh\u01b0 m\u00e3 h\u00f3a AES v\u00e0 x\u00e1c th\u1ef1c tin nh\u1eafn SUN, \u0111\u1ed3ng th\u1eddi b\u1ea3o v\u1ec7 vi\u1ec7c l\u01b0u tr\u1eef d\u1eef li\u1ec7u nh\u1ea1y c\u1ea3m.<\/p>\n<div class=\"auto-hide-last-sibling-br paragraph_9dc5f paragraph-element\">NTAG 424 DNA TT (NT4H2421Tx) \u0111\u1ea1i di\u1ec7n cho s\u1ef1 ti\u1ebfn b\u1ed9 \u0111\u00e1ng kinh ng\u1ea1c trong l\u0129nh v\u1ef1c \u1ee9ng d\u1ee5ng NFC v\u00e0 IoT. T\u01b0 th\u1ebf h\u01b0\u1edbng \u0111\u1ebfn b\u1ea3o m\u1eadt cao h\u01a1n v\u00e0 b\u1ea3o v\u1ec7 t\u00ednh to\u00e0n v\u1eb9n c\u1ee7a s\u1ea3n ph\u1ea9m l\u00e0 minh ch\u1ee9ng cho thi\u1ebft k\u1ebf hi\u1ec7n \u0111\u1ea1i c\u1ee7a n\u00f3.<\/div>\n<p>&nbsp;<\/p>\n<div class=\"auto-hide-last-sibling-br paragraph_9dc5f paragraph-element\"><strong>C\u00e1c t\u00ednh n\u0103ng c\u1ee7a NTAG 424 DNA TT (NT4H2421Tx):<\/strong><\/div>\n<div><\/div>\n<ol class=\"auto-hide-last-sibling-br\">\n<li>\n<div class=\"auto-hide-last-sibling-br paragraph_9dc5f paragraph-element\"><strong>B\u1ea3o m\u1eadt cao:<\/strong>\u00a0V\u1edbi c\u00e1c bi\u1ec7n ph\u00e1p b\u1ea3o m\u1eadt ti\u00ean ti\u1ebfn, con chip n\u00e0y cung c\u1ea5p kh\u1ea3 n\u0103ng b\u1ea3o v\u1ec7 ti\u00ean ti\u1ebfn ch\u1ed1ng l\u1ea1i truy c\u1eadp tr\u00e1i ph\u00e9p v\u00e0 ph\u00e1 ho\u1ea1i.<\/div>\n<\/li>\n<li>\n<div class=\"auto-hide-last-sibling-br paragraph_9dc5f paragraph-element\"><strong>Ph\u00e1t hi\u1ec7n tr\u1ea1ng th\u00e1i:<\/strong>\u00a0Chip s\u1eed d\u1ee5ng thu\u1eadt to\u00e1n ph\u00e1t hi\u1ec7n tr\u1ea1ng th\u00e1i nh\u1ea1y b\u00e9n \u0111\u1ec3 nhanh ch\u00f3ng x\u00e1c \u0111\u1ecbnh b\u1ea5t k\u1ef3 b\u1ea5t th\u01b0\u1eddng n\u00e0o. T\u00ednh n\u0103ng n\u00e0y \u0111\u1eb7c bi\u1ec7t h\u1eefu \u00edch trong vi\u1ec7c ph\u00e1t hi\u1ec7n c\u00e1c n\u1ed7 l\u1ef1c gi\u1ea3 m\u1ea1o s\u1ea3n ph\u1ea9m.<\/div>\n<\/li>\n<li>\n<div class=\"auto-hide-last-sibling-br paragraph_9dc5f paragraph-element\"><strong>B\u1ea3o v\u1ec7 quy\u1ec1n ri\u00eang t\u01b0:<\/strong>\u00a0Trong th\u1eddi \u0111\u1ea1i m\u00e0 quy\u1ec1n ri\u00eang t\u01b0 \u0111\u01b0\u1ee3c coi tr\u1ecdng, NTAG 424 DNA TT (NT4H2421Tx) c\u0169ng cung c\u1ea5p c\u01a1 ch\u1ebf b\u1ea3o v\u1ec7 quy\u1ec1n ri\u00eang t\u01b0 \u0111\u00e1ng tin c\u1eady ch\u1ed1ng l\u1ea1i c\u00e1c vi ph\u1ea1m d\u1eef li\u1ec7u ti\u1ec1m \u1ea9n.<\/div>\n<\/li>\n<li>\n<div class=\"auto-hide-last-sibling-br paragraph_9dc5f paragraph-element\"><strong>Thi\u1ebft k\u1ebf ch\u1ed1ng ph\u00e1 ho\u1ea1i:<\/strong>\u00a0S\u1ea3n ph\u1ea9m \u0111\u01b0\u1ee3c thi\u1ebft k\u1ebf th\u00f4ng minh v\u1edbi c\u00e1c t\u00ednh n\u0103ng ch\u1ed1ng gi\u1ea3 m\u1ea1o nh\u01b0 s\u1eed d\u1ee5ng v\u1eadt li\u1ec7u d\u1ec5 v\u1ee1 trong qu\u00e1 tr\u00ecnh s\u1ea3n xu\u1ea5t \u0103ng-ten, gi\u1ea5y v\u1ee5n v\u00e0 c\u00e1c bi\u1ec7n ph\u00e1p ch\u1ed1ng bong tr\u00f3c \u0111\u1ec3 \u0111\u1ea3m b\u1ea3o th\u1ebb kh\u00f4ng th\u1ec3 chuy\u1ec3n nh\u01b0\u1ee3ng.<\/div>\n<\/li>\n<li>\n<div class=\"auto-hide-last-sibling-br paragraph_9dc5f paragraph-element\"><strong>Ph\u00e1t hi\u1ec7n hi\u1ec7u qu\u1ea3:<\/strong>\u00a0Nh\u00e3n ho\u00e0n ch\u1ec9nh v\u00e0 kh\u00f4ng b\u1ecb x\u00e2m ph\u1ea1m c\u00f3 th\u1ec3 \u0111\u01b0\u1ee3c x\u00e1c \u0111\u1ecbnh nhanh ch\u00f3ng b\u1eb1ng \u0111\u1ea7u \u0111\u1ecdc th\u1ebb h\u1ed7 tr\u1ee3 NFC ho\u1eb7c \u0111i\u1ec7n tho\u1ea1i di \u0111\u1ed9ng. N\u1ebfu b\u1ecb gi\u1ea3 m\u1ea1o, nh\u00e3n s\u1ebd thay \u0111\u1ed5i tr\u1ea1ng th\u00e1i ph\u00e1t hi\u1ec7n ho\u1eb7c kh\u00f4ng th\u1ec3 \u0111\u1ecdc \u0111\u01b0\u1ee3c, do \u0111\u00f3 ch\u1ec9 ra s\u1ef1 c\u1ed1 v\u1ec1 t\u00ednh to\u00e0n v\u1eb9n c\u1ee7a s\u1ea3n ph\u1ea9m.<\/div>\n<\/li>\n<\/ol>\n<div class=\"auto-hide-last-sibling-br paragraph_9dc5f paragraph-element\"><strong>C\u00e2u h\u1ecfi th\u01b0\u1eddng g\u1eb7p v\u1ec1 NTAG 424 DNA TT (NT4H2421Tx):<\/strong><\/div>\n<div><\/div>\n<div class=\"auto-hide-last-sibling-br paragraph_9dc5f paragraph-element\">H\u1ecfi:\u00a0<strong>\u1ee8ng d\u1ee5ng n\u00e0o s\u1ebd \u0111\u01b0\u1ee3c h\u01b0\u1edfng l\u1ee3i nhi\u1ec1u nh\u1ea5t t\u1eeb NTAG 424 DNA TT (NT4H2421Tx)?<\/strong><br class=\"container_21264 wrapper_661ac undefined\" \/>A: NTAG 424 DNA TT (NT4H2421Tx) ch\u1ee7 y\u1ebfu \u0111\u01b0\u1ee3c s\u1eed d\u1ee5ng trong c\u00e1c ng\u00e0nh c\u00f4ng nghi\u1ec7p \u0111\u00f2i h\u1ecfi m\u1ee9c \u0111\u1ed9 b\u1ea3o m\u1eadt cao, ch\u1eb3ng h\u1ea1n nh\u01b0 h\u00e0ng xa x\u1ec9, d\u01b0\u1ee3c ph\u1ea9m, t\u00e0i li\u1ec7u quan tr\u1ecdng v\u00e0 c\u00e1c m\u1eb7t h\u00e0ng kh\u00e1c y\u00eau c\u1ea7u c\u00e1c bi\u1ec7n ph\u00e1p ch\u1ed1ng h\u00e0ng gi\u1ea3 nghi\u00eam ng\u1eb7t.<\/div>\n<div><\/div>\n<div class=\"auto-hide-last-sibling-br paragraph_9dc5f paragraph-element\">H\u1ecfi:\u00a0<strong>T\u00ednh n\u0103ng ph\u00e1t hi\u1ec7n gi\u1ea3 m\u1ea1o c\u00f3 \u0111\u00e1ng tin c\u1eady kh\u00f4ng?<\/strong><br class=\"container_21264 wrapper_661ac undefined\" \/>A: Th\u1ebb s\u1eed d\u1ee5ng v\u1eadt li\u1ec7u d\u1ec5 v\u1ee1 \u0111\u01b0\u1ee3c thi\u1ebft k\u1ebf c\u1ea9n th\u1eadn khi\u1ebfn n\u00f3 c\u1ef1c k\u1ef3 nh\u1ea1y c\u1ea3m v\u1edbi m\u1ecdi n\u1ed7 l\u1ef1c can thi\u1ec7p. Khi b\u1ecb can thi\u1ec7p, n\u00f3 s\u1ebd thay \u0111\u1ed5i tr\u1ea1ng th\u00e1i ph\u00e1t hi\u1ec7n ho\u1eb7c tr\u1edf n\u00ean kh\u00f4ng th\u1ec3 \u0111\u1ecdc \u0111\u01b0\u1ee3c, c\u00f3 hi\u1ec7u qu\u1ea3 \u0111\u00e1nh d\u1ea5u m\u1ecdi n\u1ed7 l\u1ef1c can thi\u1ec7p tr\u00e1i ph\u00e9p.<\/div>\n<div class=\"auto-hide-last-sibling-br paragraph_9dc5f paragraph-element\">Nh\u1eefng t\u00ednh n\u0103ng ti\u00ean ti\u1ebfn n\u00e0y c\u1ee7a NTAG 424 DNA TT (NT4H2421Tx) gi\u00fap t\u0103ng c\u01b0\u1eddng t\u00ednh b\u1ea3o m\u1eadt, kh\u1ea3 n\u0103ng b\u1ea3o v\u1ec7 v\u00e0 t\u00ednh x\u00e1c th\u1ef1c c\u1ee7a b\u1ea5t k\u1ef3 s\u1ea3n ph\u1ea9m n\u00e0o li\u00ean quan \u0111\u1ebfn n\u00f3.<\/div>","protected":false},"excerpt":{"rendered":"<p>NTAG 424 DNA TT thi\u1ebft l\u1eadp m\u1ed9t ti\u00eau chu\u1ea9n m\u1edbi trong c\u00e1c \u1ee9ng d\u1ee5ng NFC v\u00e0 IoT an to\u00e0n khi gi\u1edbi thi\u1ec7u th\u1ebf h\u1ec7 chip NTAG DNA m\u1edbi v\u1edbi c\u00e1c t\u00ednh n\u0103ng ti\u00ean ti\u1ebfn v\u1ec1 b\u1ea3o m\u1eadt, ph\u00e1t hi\u1ec7n tr\u1ea1ng th\u00e1i v\u00e0 b\u1ea3o v\u1ec7 quy\u1ec1n ri\u00eang t\u01b0.<\/p>","protected":false},"featured_media":314,"template":"","meta":{"_kad_post_transparent":"default","_kad_post_title":"","_kad_post_layout":"default","_kad_post_sidebar_id":"","_kad_post_content_style":"default","_kad_post_vertical_padding":"default","_kad_post_feature":"","_kad_post_feature_position":"","_kad_post_header":false,"_kad_post_footer":false,"_kad_post_classname":""},"product_brand":[],"product_cat":[54],"product_tag":[130,131],"class_list":{"0":"post-313","1":"product","2":"type-product","3":"status-publish","4":"has-post-thumbnail","6":"product_cat-hot-selling-rfid-tags","7":"product_tag-tamper-proof-ntag424-dna-tt-nfc-sticker","8":"product_tag-tamper-proof-ntag424-tt-nfc-sticker","10":"first","11":"instock","12":"shipping-taxable","13":"product-type-simple","14":"entry","15":"content-bg","16":"loop-entry"},"_links":{"self":[{"href":"https:\/\/rfid-laundry-tag.com\/vi\/wp-json\/wp\/v2\/product\/313","targetHints":{"allow":["GET"]}}],"collection":[{"href":"https:\/\/rfid-laundry-tag.com\/vi\/wp-json\/wp\/v2\/product"}],"about":[{"href":"https:\/\/rfid-laundry-tag.com\/vi\/wp-json\/wp\/v2\/types\/product"}],"version-history":[{"count":3,"href":"https:\/\/rfid-laundry-tag.com\/vi\/wp-json\/wp\/v2\/product\/313\/revisions"}],"predecessor-version":[{"id":1569,"href":"https:\/\/rfid-laundry-tag.com\/vi\/wp-json\/wp\/v2\/product\/313\/revisions\/1569"}],"wp:featuredmedia":[{"embeddable":true,"href":"https:\/\/rfid-laundry-tag.com\/vi\/wp-json\/wp\/v2\/media\/314"}],"wp:attachment":[{"href":"https:\/\/rfid-laundry-tag.com\/vi\/wp-json\/wp\/v2\/media?parent=313"}],"wp:term":[{"taxonomy":"product_brand","embeddable":true,"href":"https:\/\/rfid-laundry-tag.com\/vi\/wp-json\/wp\/v2\/product_brand?post=313"},{"taxonomy":"product_cat","embeddable":true,"href":"https:\/\/rfid-laundry-tag.com\/vi\/wp-json\/wp\/v2\/product_cat?post=313"},{"taxonomy":"product_tag","embeddable":true,"href":"https:\/\/rfid-laundry-tag.com\/vi\/wp-json\/wp\/v2\/product_tag?post=313"}],"curies":[{"name":"wp","href":"https:\/\/api.w.org\/{rel}","templated":true}]}}