{"id":312,"date":"2024-06-26T17:16:17","date_gmt":"2024-06-26T17:16:17","guid":{"rendered":"https:\/\/rfid-laundry-tag.com\/?post_type=product&#038;p=312"},"modified":"2024-06-26T17:19:23","modified_gmt":"2024-06-26T17:19:23","slug":"ntag213-nfc-inlay-dia25mm","status":"publish","type":"product","link":"https:\/\/rfid-laundry-tag.com\/vi\/ntag213-nfc-inlay-dia25mm\/","title":{"rendered":"Mi\u1ebfng l\u00f3t NFC Ntag213 \u0110\u01b0\u1eddng k\u00ednh 25mm"},"content":{"rendered":"<div class=\"text-title\"><strong><span class=\"magic-26\" style=\"font-family: Arial;\" data-spm-anchor-id=\"a2700.details.0.i47.6f4d7d7dnursE7\">L\u1edbp l\u00f3t kh\u00f4 NFC<\/span><\/strong><\/div>\n<div class=\"text-content\">\n<p><span class=\"magic-6\" style=\"font-family: Arial;\">N\u00f3i m\u1ed9t c\u00e1ch \u0111\u01a1n gi\u1ea3n, RFID dry inlay l\u00e0 s\u1ef1 k\u1ebft h\u1ee3p gi\u1eefa chip RFID v\u00e0 \u0103ng-ten. N\u00f3 c\u00f3 th\u1ec3 \u0111\u01b0\u1ee3c s\u1eed d\u1ee5ng \u0111\u1ec3 l\u00e0m nh\u00e3n d\u00e1n NFC, nh\u00e3n RFID, v\u00e9 RFID v\u00e0 nhi\u1ec1u lo\u1ea1i th\u1ebb RFID kh\u00e1c nhau. <\/span><\/p>\n<div data-spm-anchor-id=\"a2700.details.0.i46.6f4d7d7dnursE7\">\n<p><span class=\"magic-6\" style=\"font-family: Arial;\"> \u0102ng-ten c\u1ee7a inlay kh\u00f4 l\u00e0 nh\u00f4m kh\u1eafc, m\u1ecfng h\u01a1n so v\u1edbi cu\u1ed9n d\u00e2y \u0111\u1ed3ng. H\u00ecnh d\u1ea1ng c\u1ee7a \u0103ng-ten c\u00f3 th\u1ec3 \u0111\u01b0\u1ee3c t\u00f9y ch\u1ec9nh v\u00e0 thi\u1ebft k\u1ebf l\u1ea1i theo y\u00eau c\u1ea7u.<\/span><\/p>\n<div><\/div>\n<\/div>\n<\/div>\n<div>\n<div class=\"text-title\"><strong><span class=\"magic-26\" style=\"font-family: Arial;\">NFC kh\u1ea3m \u01b0\u1edbt<\/span><\/strong><\/div>\n<div class=\"text-content\">\n<p><span class=\"magic-6\" style=\"font-family: Arial;\" data-spm-anchor-id=\"a2700.details.0.i49.6f4d7d7dnursE7\">L\u1edbp ph\u1ee7 RFID kh\u00f4 \u0111\u01b0\u1ee3c th\u00eam ch\u1ea5t k\u1ebft d\u00ednh \u0111\u01b0\u1ee3c g\u1ecdi l\u00e0 l\u1edbp ph\u1ee7 \u01b0\u1edbt. N\u00f3 c\u00f3 th\u1ec3 \u0111\u01b0\u1ee3c s\u1eed d\u1ee5ng tr\u1ef1c ti\u1ebfp nh\u01b0 nh\u00e3n RFID ho\u1eb7c nh\u00e3n d\u00e1n NFC n\u1ebfu b\u1ea1n kh\u00f4ng c\u1ea7n in tr\u00ean b\u1ec1 m\u1eb7t. Vi\u1ec7c d\u00e1n tr\u00ean c\u00e1c v\u1eadt th\u1ec3 c\u00f3 th\u1ec3 ti\u1ebft ki\u1ec7m chi ph\u00ed v\u00e0 \u0111\u1ea1t \u0111\u01b0\u1ee3c c\u00f9ng m\u1ee5c \u0111\u00edch. N\u00f3 c\u0169ng \u0111\u01b0\u1ee3c \u1ee9ng d\u1ee5ng r\u1ed9ng r\u00e3i trong vi\u1ec7c s\u1ea3n xu\u1ea5t th\u1ebb RFID. \u0102ng-ten c\u1ee7a l\u1edbp ph\u1ee7 \u01b0\u1edbt l\u00e0 l\u1edbp kh\u1eafc nh\u00f4m, m\u1ecfng h\u01a1n so v\u1edbi cu\u1ed9n d\u00e2y \u0111\u1ed3ng. H\u00ecnh d\u1ea1ng c\u1ee7a \u0103ng-ten c\u00f3 th\u1ec3 \u0111\u01b0\u1ee3c t\u00f9y ch\u1ec9nh v\u00e0 thi\u1ebft k\u1ebf l\u1ea1i theo y\u00eau c\u1ea7u.<\/span><\/p>\n<div>\n<h2>Mi\u1ebfng l\u00f3t NFC Ntag213 \u0110\u01b0\u1eddng k\u00ednh 25mm<\/h2>\n<p>Th\u00f4ng s\u1ed1 k\u1ef9 thu\u1eadt n\u00e0y m\u00f4 t\u1ea3 m\u1ed9t mi\u1ebfng d\u00e1n NFC Ntag213 c\u00f3 \u0111\u01b0\u1eddng k\u00ednh 25mm. \u0110\u00e2y l\u00e0 mi\u1ebfng d\u00e1n kh\u00f4, ngh\u0129a l\u00e0 n\u00f3 kh\u00f4ng c\u00f3 l\u1edbp n\u1ec1n d\u00ednh v\u00e0 c\u1ea7n th\u00eam c\u00e1c b\u01b0\u1edbc \u0111\u1ec3 g\u1eafn v\u00e0o v\u1eadt th\u1ec3.<\/p>\n<p><strong>C\u00e1c t\u00ednh n\u0103ng ch\u00ednh:<\/strong><\/p>\n<ul>\n<li><strong>Chip:<\/strong>\u00a0Ntag213<\/li>\n<li><strong>\u0110\u01b0\u1eddng k\u00ednh:<\/strong>\u00a025mm<\/li>\n<li><strong>Ki\u1ec3u:<\/strong>\u00a0Kh\u1ea3m kh\u00f4<\/li>\n<li><strong>Giao th\u1ee9c:<\/strong>\u00a0ISO\/IEC 14443 Lo\u1ea1i A<\/li>\n<li><strong>T\u00ednh th\u01b0\u1eddng xuy\u00ean:<\/strong>\u00a013,56MHz<\/li>\n<li><strong>K\u00fd \u1ee9c:<\/strong>\u00a0144 byte<\/li>\n<\/ul>\n<p><strong>Thu\u1eadn l\u1ee3i:<\/strong><\/p>\n<ul>\n<li><strong>Ti\u1ebft ki\u1ec7m chi ph\u00ed:<\/strong>\u00a0Ntag213 l\u00e0 chip NFC \u0111\u01b0\u1ee3c s\u1eed d\u1ee5ng r\u1ed9ng r\u00e3i v\u00e0 c\u00f3 gi\u00e1 c\u1ea3 ph\u1ea3i ch\u0103ng.<\/li>\n<li><strong>Linh ho\u1ea1t:<\/strong>\u00a0Ph\u00f9 h\u1ee3p v\u1edbi nhi\u1ec1u \u1ee9ng d\u1ee5ng kh\u00e1c nhau nh\u1edd dung l\u01b0\u1ee3ng b\u1ed9 nh\u1edb v\u00e0 ch\u1ee9c n\u0103ng c\u1ee7a n\u00f3.<\/li>\n<li><strong>\u0110\u1ed9 b\u1ec1n:<\/strong>\u00a0L\u1edbp kh\u1ea3m kh\u00f4 c\u00f3 \u0111\u1ed9 b\u1ec1n t\u1ed1t h\u01a1n so v\u1edbi l\u1edbp kh\u1ea3m \u01b0\u1edbt.<\/li>\n<li><strong>C\u00f3 th\u1ec3 t\u00f9y ch\u1ec9nh:<\/strong>\u00a0\u0102ng-ten c\u00f3 th\u1ec3 \u0111\u01b0\u1ee3c t\u00f9y ch\u1ec9nh cho c\u00e1c \u1ee9ng d\u1ee5ng c\u1ee5 th\u1ec3.<\/li>\n<\/ul>\n<p><strong>\u1ee8ng d\u1ee5ng:<\/strong><\/p>\n<ul>\n<li><strong>Ki\u1ec3m so\u00e1t truy c\u1eadp:<\/strong>\u00a0Th\u1ebb ch\u00eca kh\u00f3a, th\u1ebb RFID v\u00e0 c\u00e1c h\u1ec7 th\u1ed1ng ra v\u00e0o an to\u00e0n kh\u00e1c.<\/li>\n<li><strong>Theo d\u00f5i t\u00e0i s\u1ea3n:<\/strong>\u00a0Theo d\u00f5i h\u00e0ng t\u1ed3n kho, thi\u1ebft b\u1ecb v\u00e0 c\u00e1c t\u00e0i s\u1ea3n c\u00f3 gi\u00e1 tr\u1ecb kh\u00e1c.<\/li>\n<li><strong>Ti\u1ebfp th\u1ecb v\u00e0 qu\u1ea3ng c\u00e1o:<\/strong>\u00a0\u00c1p ph\u00edch t\u01b0\u01a1ng t\u00e1c, t\u00e0i li\u1ec7u qu\u1ea3ng c\u00e1o v\u00e0 ch\u01b0\u01a1ng tr\u00ecnh kh\u00e1ch h\u00e0ng th\u00e2n thi\u1ebft.<\/li>\n<li><strong>H\u1ec7 th\u1ed1ng thanh to\u00e1n:<\/strong>\u00a0Th\u1ebb thanh to\u00e1n kh\u00f4ng ti\u1ebfp x\u00fac v\u00e0 v\u00ed \u0111i\u1ec7n t\u1eed.<\/li>\n<li><strong>L\u01b0u tr\u1eef d\u1eef li\u1ec7u:<\/strong>\u00a0L\u01b0u tr\u1eef l\u01b0\u1ee3ng d\u1eef li\u1ec7u nh\u1ecf, ch\u1eb3ng h\u1ea1n nh\u01b0 th\u00f4ng tin s\u1ea3n ph\u1ea9m ho\u1eb7c s\u1ed1 s\u00ea-ri.<\/li>\n<\/ul>\n<\/div>\n<div data-spm-anchor-id=\"a2700.details.0.i48.6f4d7d7dnursE7\"><\/div>\n<\/div>\n<\/div>","protected":false},"excerpt":{"rendered":"<p><strong>L\u1edbp ph\u1ee7 RFID NFC<\/strong> c\u00f3 hai lo\u1ea1i, \u01b0\u1edbt v\u00e0 kh\u00f4. M\u1ed9t l\u1edbp ph\u1ee7 RFID NFC \u01b0\u1edbt c\u00f3 l\u1edbp n\u1ec1n d\u00ednh, trong khi l\u1edbp ph\u1ee7 kh\u00f4 th\u00ec kh\u00f4ng. Ch\u00fang cung c\u1ea5p t\u00f9y ch\u1ecdn th\u1ebb ho\u1ea1t \u0111\u1ed9ng \u1edf t\u1ea7n s\u1ed1 13,56 MHz \u0111\u01b0\u1ee3c thi\u1ebft k\u1ebf ri\u00eang cho c\u00e1c nh\u00e0 s\u1ea3n xu\u1ea5t thi\u1ebft b\u1ecb g\u1ed1c (OEM). C\u1ea3 chip nh\u1edb ISO 15693 v\u00e0 14443 NFC \u0111\u1ec1u c\u00f3 s\u1eb5n cho c\u00e1c l\u1edbp ph\u1ee7 n\u00e0y.<\/p>","protected":false},"featured_media":287,"template":"","meta":{"_kad_post_transparent":"default","_kad_post_title":"","_kad_post_layout":"default","_kad_post_sidebar_id":"","_kad_post_content_style":"default","_kad_post_vertical_padding":"default","_kad_post_feature":"","_kad_post_feature_position":"","_kad_post_header":false,"_kad_post_footer":false,"_kad_post_classname":""},"product_brand":[],"product_cat":[54],"product_tag":[111,129],"class_list":{"0":"post-312","1":"product","2":"type-product","3":"status-publish","4":"has-post-thumbnail","6":"product_cat-hot-selling-rfid-tags","7":"product_tag-nfc-inlay","8":"product_tag-ntag213-nfc-inlay-dia25mm","10":"first","11":"instock","12":"shipping-taxable","13":"product-type-simple","14":"entry","15":"content-bg","16":"loop-entry"},"_links":{"self":[{"href":"https:\/\/rfid-laundry-tag.com\/vi\/wp-json\/wp\/v2\/product\/312","targetHints":{"allow":["GET"]}}],"collection":[{"href":"https:\/\/rfid-laundry-tag.com\/vi\/wp-json\/wp\/v2\/product"}],"about":[{"href":"https:\/\/rfid-laundry-tag.com\/vi\/wp-json\/wp\/v2\/types\/product"}],"version-history":[{"count":0,"href":"https:\/\/rfid-laundry-tag.com\/vi\/wp-json\/wp\/v2\/product\/312\/revisions"}],"wp:featuredmedia":[{"embeddable":true,"href":"https:\/\/rfid-laundry-tag.com\/vi\/wp-json\/wp\/v2\/media\/287"}],"wp:attachment":[{"href":"https:\/\/rfid-laundry-tag.com\/vi\/wp-json\/wp\/v2\/media?parent=312"}],"wp:term":[{"taxonomy":"product_brand","embeddable":true,"href":"https:\/\/rfid-laundry-tag.com\/vi\/wp-json\/wp\/v2\/product_brand?post=312"},{"taxonomy":"product_cat","embeddable":true,"href":"https:\/\/rfid-laundry-tag.com\/vi\/wp-json\/wp\/v2\/product_cat?post=312"},{"taxonomy":"product_tag","embeddable":true,"href":"https:\/\/rfid-laundry-tag.com\/vi\/wp-json\/wp\/v2\/product_tag?post=312"}],"curies":[{"name":"wp","href":"https:\/\/api.w.org\/{rel}","templated":true}]}}