{"id":3117,"date":"2025-12-18T12:06:28","date_gmt":"2025-12-18T12:06:28","guid":{"rendered":"https:\/\/rfid-laundry-tag.com\/?post_type=product&#038;p=3117"},"modified":"2026-01-04T12:40:55","modified_gmt":"2026-01-04T12:40:55","slug":"textile-iron-durable-heat-sealed-rfid-laundry-tag","status":"publish","type":"product","link":"https:\/\/rfid-laundry-tag.com\/vi\/textile-iron-durable-heat-sealed-rfid-laundry-tag\/","title":{"rendered":"Th\u1ebb RFID d\u00e1n nhi\u1ec7t b\u1ec1n ch\u1eafc d\u00f9ng cho \u0111\u1ed3 gi\u1eb7t"},"content":{"rendered":"<div>\n<div>\n<h2>Th\u1ebb RFID d\u00e1n nhi\u1ec7t b\u1ec1n ch\u1eafc d\u00f9ng cho \u0111\u1ed3 gi\u1eb7t<\/h2>\n<p>&nbsp;<\/p>\n<p><strong><a href=\"https:\/\/rfid-laundry-tag.com\/vi\/textile-rfid-laundry-tag\/\">Th\u1ebb RFID d\u00e1n nhi\u1ec7t cho qu\u1ea7n \u00e1o gi\u1eb7t<\/a>\u00a0\u2013 Gi\u1ea3i ph\u00e1p theo d\u00f5i d\u1ec7t may b\u1ec1n b\u1ec9, ch\u1ecbu nhi\u1ec7t cao<\/strong><\/p>\n<p>Th\u1ebb RFID \u00e9p nhi\u1ec7t d\u00f9ng cho \u0111\u1ed3 gi\u1eb7t c\u1ee7a ch\u00fang t\u00f4i cung c\u1ea5p gi\u1ea3i ph\u00e1p m\u1ea1nh m\u1ebd, \u0111\u00e1ng tin c\u1eady \u0111\u1ec3 nh\u1eadn d\u1ea1ng v\u00e0 theo d\u00f5i h\u00e0ng d\u1ec7t may trong c\u00e1c l\u0129nh v\u1ef1c ch\u0103m s\u00f3c s\u1ee9c kh\u1ecfe, gi\u1eb7t \u1ee7i c\u00f4ng nghi\u1ec7p v\u00e0 qu\u1ea3n l\u00fd \u0111\u1ed3ng ph\u1ee5c t\u1ea1i Ch\u00e2u \u00c2u, Hoa K\u1ef3 v\u00e0 Canada. (C\u00f2n \u0111\u01b0\u1ee3c g\u1ecdi l\u00e0 th\u1ebb chuy\u1ec3n nhi\u1ec7t)\u00a0<a href=\"https:\/\/rfid-laundry-tag.com\/vi\/textile-rfid-laundry-tag\/\">Th\u1ebb gi\u1eb7t RFID<\/a>, Ho\u1eb7c th\u1ebb RFID d\u00e1n nhi\u1ec7t d\u00f9ng cho qu\u1ea7n \u00e1o, s\u1ea3n ph\u1ea9m n\u00e0y mang l\u1ea1i hi\u1ec7u su\u1ea5t v\u01b0\u1ee3t tr\u1ed9i trong \u0111i\u1ec1u ki\u1ec7n gi\u1eb7t gi\u0169 kh\u1eafc nghi\u1ec7t.<\/p>\n<h2>Thu\u1eadn l\u1ee3i:<\/h2>\n<p align=\"left\" data-spm-anchor-id=\"a2700.details-description.0.i1.404eTMiRTMiR6E\">1). Ch\u1ed1ng th\u1ea5m n\u01b0\u1edbc v\u00e0 ch\u1ecbu nhi\u1ec7t<br \/>\n2). 200 chu k\u1ef3 gi\u1eb7t ho\u1eb7c 300 l\u1ea7n<br \/>\n3). Kho\u1ea3ng c\u00e1ch \u0111\u1ecdc 8~12 m\u00e9t<br \/>\n4). Th\u1eddi gian giao h\u00e0ng l\u00e0 3 ng\u00e0y.<\/p>\n<\/div>\n<h3>C\u00e1c t\u00ednh n\u0103ng ch\u00ednh<\/h3>\n<ul>\n<li>Ch\u1ed1ng th\u1ea5m n\u01b0\u1edbc v\u00e0 kh\u00e1ng h\u00f3a ch\u1ea5t: \u0110\u01b0\u1ee3c thi\u1ebft k\u1ebf \u0111\u1ec3 ch\u1ecbu \u0111\u01b0\u1ee3c ch\u1ea5t t\u1ea9y r\u1eeda, n\u01b0\u1edbc l\u00e0m m\u1ec1m v\u1ea3i, thu\u1ed1c t\u1ea9y (oxy\/clo) v\u00e0 c\u00e1c ch\u1ea5t ki\u1ec1m.<\/li>\n<li>Th\u1ebb RFID k\u00edch ho\u1ea1t b\u1eb1ng nhi\u1ec7t: T\u00edch h\u1ee3p li\u1ec1n m\u1ea1ch v\u1edbi m\u00e1y h\u00e0n nhi\u1ec7t \u0111\u1ec3 g\u1eafn nhanh ch\u00f3ng v\u00e0 ch\u1eafc ch\u1eafn.<\/li>\n<li>Nh\u00e3n gi\u1eb7t RFID \u1ee7i nhi\u1ec7t: D\u1ec5 d\u00e0ng d\u00e1n b\u1eb1ng m\u00e1y \u00e9p nhi\u1ec7t ho\u1eb7c k\u1ef9 thu\u1eadt may th\u00f4ng th\u01b0\u1eddng, l\u00fd t\u01b0\u1edfng \u0111\u1ec3 g\u1eafn v\u00e0o m\u00e9p v\u1ea3i ho\u1eb7c nh\u00e3n h\u01b0\u1edbng d\u1eabn gi\u1eb7t.<\/li>\n<li>Th\u1ebb RFID \u0111eo \u0111\u01b0\u1ee3c \u00e9p nhi\u1ec7t: \u0110\u1ea3m b\u1ea3o \u0111\u1ed9 b\u00e1m d\u00ednh l\u00e2u d\u00e0i, gi\u1ea3m thi\u1ec3u t\u00ecnh tr\u1ea1ng m\u1ea5t th\u1ebb trong su\u1ed1t v\u00f2ng \u0111\u1eddi s\u1ea3n ph\u1ea9m.<\/li>\n<li>Th\u1ebb RFID ch\u1ecbu nhi\u1ec7t \u0111\u1ed9 cao d\u00f9ng cho gi\u1eb7t \u1ee7i: \u0110\u01b0\u1ee3c ch\u1ebf t\u1ea1o \u0111\u1ec3 ch\u1ecbu \u0111\u01b0\u1ee3c nhi\u1ec7t \u0111\u1ed9 cao v\u00e0 \u00e1p l\u1ef1c c\u01a1 h\u1ecdc m\u1ea1nh trong c\u00e1c quy tr\u00ecnh gi\u1eb7t \u1ee7i c\u00f4ng nghi\u1ec7p.<\/li>\n<\/ul>\n<div>\n<table width=\"637\">\n<tbody>\n<tr>\n<td width=\"328\">T\u00ean s\u1ea3n ph\u1ea9m:<\/td>\n<td width=\"309\">Th\u1ebb RFID d\u00e1n nhi\u1ec7t b\u1ec1n ch\u1eafc d\u00f9ng cho \u0111\u1ed3 gi\u1eb7t<\/td>\n<\/tr>\n<tr>\n<td width=\"328\">Ti\u00eau chu\u1ea9n RFID:<\/td>\n<td width=\"309\">ISO\/IEC 18000-6 Lo\u1ea1i C (EPC Gen2)<\/td>\n<\/tr>\n<tr>\n<td width=\"328\">K\u00edch th\u01b0\u1edbc &amp; Tr\u1ecdng l\u01b0\u1ee3ng:<\/td>\n<td width=\"309\">\u00a035mm x 15mm; 58mm x 15mm; 70mm x 10mm 70 x 15mm 75 x 12mm 75 x 15mm ho\u1eb7c t\u00f9y ch\u1ec9nh<\/td>\n<\/tr>\n<tr>\n<td width=\"328\">Lo\u1ea1i chip:<\/td>\n<td width=\"309\">Monza 4QT, NXP U CODE 9, Alien H9, v.v.<\/td>\n<\/tr>\n<tr>\n<td width=\"328\">B\u1ed9 nh\u1edb EPC:<\/td>\n<td width=\"309\">128 bit<\/td>\n<\/tr>\n<tr>\n<td width=\"328\">B\u1ed9 nh\u1edb ng\u01b0\u1eddi d\u00f9ng:<\/td>\n<td width=\"309\">512 bit<\/td>\n<\/tr>\n<tr>\n<td width=\"328\">Ph\u1ea1m vi \u0111\u1ecdc (2W ERP FCC):<\/td>\n<td width=\"309\">8 th\u00e1ng ~ 10 th\u00e1ng<\/td>\n<\/tr>\n<tr>\n<td width=\"328\">Ph\u1ea1m vi \u0111\u1ecdc (2W ERP ETSI):<\/td>\n<td width=\"309\">8 th\u00e1ng ~ 10 th\u00e1ng<\/td>\n<\/tr>\n<tr>\n<td width=\"328\">G\u1eafn th\u1ebb:<\/td>\n<td width=\"309\">Keo d\u00e1n d\u1eadp n\u00f3ng, keo d\u00e1n nhi\u1ec7t, l\u1ed7, v.v.<\/td>\n<\/tr>\n<tr>\n<td width=\"328\">Tu\u1ed5i th\u1ecd \u01b0\u1edbc t\u00ednh:<\/td>\n<td width=\"309\">200 chu k\u1ef3 gi\u1eb7t ho\u1eb7c 300 l\u1ea7n<\/td>\n<\/tr>\n<tr>\n<td width=\"328\">Ph\u01b0\u01a1ng ph\u00e1p gi\u1eb7t:<\/td>\n<td width=\"309\">Gi\u1eb7t \u1ee7i, Gi\u1eb7t kh\u00f4<\/td>\n<\/tr>\n<tr>\n<td width=\"328\">\u00c1p su\u1ea5t h\u00fat n\u01b0\u1edbc:<\/td>\n<td width=\"309\">60 thanh<\/td>\n<\/tr>\n<tr>\n<td width=\"328\">Kh\u1ea3 n\u0103ng ch\u1ed1ng n\u01b0\u1edbc:<\/td>\n<td width=\"309\">Ch\u1ed1ng n\u01b0\u1edbc<\/td>\n<\/tr>\n<tr>\n<td width=\"328\">Kh\u1ea3 n\u0103ng kh\u00e1ng h\u00f3a ch\u1ea5t:<\/td>\n<td width=\"309\">Ch\u1ea5t t\u1ea9y r\u1eeda, Ch\u1ea5t l\u00e0m m\u1ec1m, Ch\u1ea5t t\u1ea9y tr\u1eafng (Oxy\/ Clo), Ch\u1ea5t ki\u1ec1m<\/td>\n<\/tr>\n<tr>\n<td width=\"328\">L\u00e0m kh\u00f4 tr\u01b0\u1edbc trong m\u00e1y s\u1ea5y:<\/td>\n<td width=\"309\">125 \u00baC trong 15-20 ph\u00fat<\/td>\n<\/tr>\n<tr>\n<td width=\"328\">Nhi\u1ec7t \u0111\u1ed9 kh\u1eed tr\u00f9ng:<\/td>\n<td width=\"309\">135\u00b0C trong 15-20 ph\u00fat<\/td>\n<\/tr>\n<tr>\n<td width=\"328\">Nhi\u1ec7t \u0111\u1ed9 gi\u1eb7t:<\/td>\n<td width=\"309\">90\u00b0C, T\u1ed1i \u0111a 15 ph\u00fat.<\/td>\n<\/tr>\n<tr>\n<td width=\"328\">\u0110\u1ed9 \u1ea9m\/ Nhi\u1ec7t \u0111\u1ed9-Ho\u1ea1t \u0111\u1ed9ng:<\/td>\n<td width=\"309\">-20 \u0111\u1ebfn 110\u00b0C, 8 \u0111\u1ebfn 95%RH<\/td>\n<\/tr>\n<tr>\n<td width=\"328\">\u0110\u1ed9 \u1ea9m\/ Nhi\u1ec7t \u0111\u1ed9-L\u01b0u tr\u1eef:<\/td>\n<td width=\"309\">-40 \u0111\u1ebfn 110\u00b0C, 8 \u0111\u1ebfn 95%RH<\/td>\n<\/tr>\n<\/tbody>\n<\/table>\n<\/div>\n<\/div>\n<figure id=\"attachment_3280\" class=\"wp-caption alignnone\" aria-describedby=\"caption-attachment-3280\"><figcaption id=\"caption-attachment-3280\" class=\"wp-caption-text\">\n<figure id=\"attachment_3085\" aria-describedby=\"caption-attachment-3085\" style=\"width: 750px\" class=\"wp-caption alignnone\"><a href=\"https:\/\/rfid-laundry-tag.com\/vi\/textile-rfid-laundry-tag\/\"><img fetchpriority=\"high\" decoding=\"async\" class=\"size-full wp-image-3085\" src=\"https:\/\/rfid-laundry-tag.com\/wp-content\/uploads\/2025\/12\/UHF-RFID-washable-laundry-tag-11.jpg\" alt=\"Washable RFID Tags for Laundry Uniform\" width=\"750\" height=\"750\" srcset=\"https:\/\/rfid-laundry-tag.com\/wp-content\/uploads\/2025\/12\/UHF-RFID-washable-laundry-tag-11.jpg 750w, https:\/\/rfid-laundry-tag.com\/wp-content\/uploads\/2025\/12\/UHF-RFID-washable-laundry-tag-11-300x300.jpg 300w, https:\/\/rfid-laundry-tag.com\/wp-content\/uploads\/2025\/12\/UHF-RFID-washable-laundry-tag-11-150x150.jpg 150w, https:\/\/rfid-laundry-tag.com\/wp-content\/uploads\/2025\/12\/UHF-RFID-washable-laundry-tag-11-12x12.jpg 12w, https:\/\/rfid-laundry-tag.com\/wp-content\/uploads\/2025\/12\/UHF-RFID-washable-laundry-tag-11-600x600.jpg 600w, https:\/\/rfid-laundry-tag.com\/wp-content\/uploads\/2025\/12\/UHF-RFID-washable-laundry-tag-11-100x100.jpg 100w\" sizes=\"(max-width: 750px) 100vw, 750px\" \/><\/a><figcaption id=\"caption-attachment-3085\" class=\"wp-caption-text\">Th\u1ebb RFID c\u00f3 th\u1ec3 gi\u1eb7t \u0111\u01b0\u1ee3c d\u00f9ng cho \u0111\u1ed3ng ph\u1ee5c gi\u1eb7t \u1ee7i<\/figcaption><\/figure>\n<\/figcaption><\/figure>\n<p>\u0110\u01b0\u1ee3c s\u1ea3n xu\u1ea5t t\u1eeb polyester d\u1ec7t v\u00e0 ch\u1ea5t k\u1ebft d\u00ednh nhi\u1ec7t cao c\u1ea5p, nh\u00e3n d\u00e1n nhi\u1ec7t RFID d\u00f9ng cho gi\u1eb7t \u1ee7i n\u00e0y b\u00e1m ch\u1eafc ch\u1eafn v\u00e0o v\u1ea3i cotton, polyester v\u00e0 c\u00e1c lo\u1ea1i v\u1ea3i h\u1ed7n h\u1ee3p. Nh\u00e3n ch\u1ecbu \u0111\u01b0\u1ee3c c\u00e1c chu k\u1ef3 gi\u1eb7t kh\u1eafc nghi\u1ec7t, bao g\u1ed3m c\u1ea3 kh\u1eed tr\u00f9ng \u1edf nhi\u1ec7t \u0111\u1ed9 cao, l\u00fd t\u01b0\u1edfng \u0111\u1ec3 s\u1eed d\u1ee5ng trong c\u00e1c h\u1ec7 th\u1ed1ng qu\u1ea3n l\u00fd gi\u1eb7t \u1ee7i RFID \u0111\u01b0\u1ee3c tri\u1ec3n khai r\u1ed9ng r\u00e3i trong b\u1ec7nh vi\u1ec7n v\u00e0 c\u00e1c x\u01b0\u1edfng gi\u1eb7t \u1ee7i c\u00f4ng nghi\u1ec7p.<\/p>\n<div class=\"entry-content-asset videofit\"><iframe title=\"T\u1ea1i sao s\u1eed d\u1ee5ng RFID trong gi\u1eb7t l\u00e0 d\u1ec7t may?\" src=\"https:\/\/www.youtube.com\/embed\/X_P3EuhS_hE?feature=oembed\" width=\"720\" height=\"405\" frameborder=\"0\" allowfullscreen=\"allowfullscreen\" data-mce-fragment=\"1\"><\/iframe><\/div>\n<div>\n<h3><strong><b>\u1ee8ng d\u1ee5ng trong th\u1ecb tr\u01b0\u1eddng to\u00e0n c\u1ea7u<\/b><\/strong><\/h3>\n<p>C\u1ee7a ch\u00fang t\u00f4i\u00a0<strong>Th\u1ebb RFID cho kh\u0103n tr\u1ea3i gi\u01b0\u1eddng d\u00f9ng trong ch\u0103m s\u00f3c s\u1ee9c kh\u1ecfe<\/strong>\u00a0C\u00f4ng ngh\u1ec7 n\u00e0y cho ph\u00e9p theo d\u00f5i ch\u00ednh x\u00e1c ga tr\u1ea3i gi\u01b0\u1eddng, kh\u0103n t\u1eafm v\u00e0 \u0111\u1ed3ng ph\u1ee5c, h\u1ed7 tr\u1ee3 ki\u1ec3m so\u00e1t nhi\u1ec5m khu\u1ea9n v\u00e0 \u0111\u1ed9 ch\u00ednh x\u00e1c t\u1ed3n kho t\u1ea1i c\u00e1c b\u1ec7nh vi\u1ec7n tr\u00ean kh\u1eafp B\u1eafc M\u1ef9 v\u00e0 Ch\u00e2u \u00c2u. Th\u1ebb RFID d\u00e0nh cho ng\u00e0nh d\u1ec7t may trong b\u1ec7nh vi\u1ec7n gi\u00fap c\u1ea3i thi\u1ec7n qu\u1ea3n l\u00fd v\u00f2ng \u0111\u1eddi \u0111\u1ed3 v\u1ea3i, gi\u1ea3m th\u1ea5t tho\u00e1t v\u00e0 n\u00e2ng cao hi\u1ec7u qu\u1ea3 ho\u1ea1t \u0111\u1ed9ng trong m\u00f4i tr\u01b0\u1eddng tu\u00e2n th\u1ee7 quy \u0111\u1ecbnh.<\/p>\n<p>Trong m\u00f4i tr\u01b0\u1eddng gi\u1eb7t \u1ee7i c\u00f4ng nghi\u1ec7p,\u00a0<strong>Th\u1ebb RFID c\u00f3 th\u1ec3 gi\u1eb7t \u0111\u01b0\u1ee3c d\u00f9ng cho gi\u1eb7t \u1ee7i c\u00f4ng nghi\u1ec7p<\/strong>\u00a0\u0110i\u1ec1u n\u00e0y r\u1ea5t quan tr\u1ecdng \u0111\u1ed1i v\u1edbi vi\u1ec7c qu\u1ea3n l\u00fd quy tr\u00ecnh x\u1eed l\u00fd v\u1ea3i lanh quy m\u00f4 l\u1edbn, mang l\u1ea1i s\u1ef1 t\u00edch h\u1ee3p li\u1ec1n m\u1ea1ch v\u00e0o h\u1ec7 th\u1ed1ng.\u00a0<strong>H\u1ec7 th\u1ed1ng qu\u1ea3n l\u00fd gi\u1eb7t \u1ee7i RFID<\/strong>\u00a0\u0110\u01b0\u1ee3c thi\u1ebft k\u1ebf cho \u0111i\u1ec1u ki\u1ec7n gi\u1eb7t gi\u0169 kh\u1eafc nghi\u1ec7t.\u00a0<strong>chip theo d\u00f5i RFID \u0111\u1ed3ng nh\u1ea5t<\/strong>\u00a0Vi\u1ec7c t\u00edch h\u1ee3p c\u00f4ng ngh\u1ec7 RFID v\u00e0o c\u00e1c th\u1ebb b\u1ec1n ch\u1eafc d\u00e0nh cho \u0111\u1ed3ng ph\u1ee5c gi\u00fap c\u00e1c t\u1eadp \u0111o\u00e0n \u0111a qu\u1ed1c gia v\u00e0 c\u00e1c c\u01a1 s\u1edf ch\u0103m s\u00f3c s\u1ee9c kh\u1ecfe duy tr\u00ec tr\u00e1ch nhi\u1ec7m gi\u1ea3i tr\u00ecnh v\u00e0 t\u1ed1i \u01b0u h\u00f3a vi\u1ec7c l\u01b0u th\u00f4ng \u0111\u1ed3ng ph\u1ee5c.<\/p>\n<h3><strong><b>C\u00e0i \u0111\u1eb7t &amp; S\u1eed d\u1ee5ng<\/b><\/strong><\/h3>\n<ul>\n<li><strong>G\u1eafn th\u1ebb \u0111\u01b0\u1eddng kh\u00e2u:<\/strong>May v\u00e0o \u0111\u01b0\u1eddng vi\u1ec1n g\u1ea5u qu\u1ea7n \u00e1o, tr\u00e1nh c\u00e1c \u0111\u01b0\u1eddng g\u1ea5p \u0111\u1ec3 kh\u00f4ng l\u00e0m h\u1ecfng qu\u1ea7n \u00e1o.<\/li>\n<li><strong>H\u00e0n nhi\u1ec7t:<\/strong>\u00c1p d\u1ee5ng \u1edf nhi\u1ec7t \u0111\u1ed9 200\u00b0C (392\u00b0F) trong 12\u201314 gi\u00e2y b\u1eb1ng m\u00e1y h\u00e0n nhi\u1ec7t ti\u00eau chu\u1ea9n c\u00f4ng nghi\u1ec7p.<\/li>\n<li><strong>Trong t\u00fai:<\/strong>May nh\u00e3n h\u01b0\u1edbng d\u1eabn gi\u1eb7t \u1ee7i ti\u00eau chu\u1ea9n v\u00e0o b\u00ean trong trang ph\u1ee5c \u0111\u1ec3 gi\u1eef g\u00ecn t\u00ednh th\u1ea9m m\u1ef9 c\u1ee7a qu\u1ea7n \u00e1o.<\/li>\n<\/ul>\n<figure id=\"attachment_3407\" class=\"wp-caption alignnone\" aria-describedby=\"caption-attachment-3407\"><figcaption id=\"caption-attachment-3407\" class=\"wp-caption-text\">\n<figure id=\"attachment_2970\" aria-describedby=\"caption-attachment-2970\" style=\"width: 1000px\" class=\"wp-caption alignnone\"><a href=\"https:\/\/rfid-laundry-tag.com\/vi\/textile-rfid-laundry-tag\/\"><img decoding=\"async\" class=\"size-full wp-image-2970\" src=\"https:\/\/rfid-laundry-tag.com\/wp-content\/uploads\/2025\/11\/UHF-RFID-washable-laundry-tag-08.jpg\" alt=\"Textile UHF RFID Tags Labels\" width=\"1000\" height=\"1000\" srcset=\"https:\/\/rfid-laundry-tag.com\/wp-content\/uploads\/2025\/11\/UHF-RFID-washable-laundry-tag-08.jpg 1000w, https:\/\/rfid-laundry-tag.com\/wp-content\/uploads\/2025\/11\/UHF-RFID-washable-laundry-tag-08-300x300.jpg 300w, https:\/\/rfid-laundry-tag.com\/wp-content\/uploads\/2025\/11\/UHF-RFID-washable-laundry-tag-08-150x150.jpg 150w, https:\/\/rfid-laundry-tag.com\/wp-content\/uploads\/2025\/11\/UHF-RFID-washable-laundry-tag-08-768x768.jpg 768w, https:\/\/rfid-laundry-tag.com\/wp-content\/uploads\/2025\/11\/UHF-RFID-washable-laundry-tag-08-12x12.jpg 12w, https:\/\/rfid-laundry-tag.com\/wp-content\/uploads\/2025\/11\/UHF-RFID-washable-laundry-tag-08-600x600.jpg 600w, https:\/\/rfid-laundry-tag.com\/wp-content\/uploads\/2025\/11\/UHF-RFID-washable-laundry-tag-08-100x100.jpg 100w\" sizes=\"(max-width: 1000px) 100vw, 1000px\" \/><\/a><figcaption id=\"caption-attachment-2970\" class=\"wp-caption-text\">Nh\u00e3n th\u1ebb RFID UHF d\u1ec7t may<\/figcaption><\/figure>\n<\/figcaption><\/figure>\n<p>\u0110\u01b0\u1ee3c t\u00edch h\u1ee3p c\u00f4ng ngh\u1ec7 h\u00e0n nhi\u1ec7t ti\u00ean ti\u1ebfn, c\u00e1c th\u1ebb n\u00e0y cung c\u1ea5p \u00e1p l\u1ef1c d\u00e1n \u1ed5n \u0111\u1ecbnh v\u00e0 ph\u1ea3n h\u1ed3i t\u1ef1 \u0111\u1ed9ng \u0111\u1ec3 \u0111\u1ea3m b\u1ea3o vi\u1ec7c d\u00e1n ho\u00e0n h\u1ea3o.<\/p>\n<p>&nbsp;<\/p>\n<\/div>","protected":false},"excerpt":{"rendered":"<p>Ch\u00fang t\u00f4i l\u00e0 m\u1ed9t trong 5 nh\u00e0 s\u1ea3n xu\u1ea5t h\u00e0ng \u0111\u1ea7u v\u1ec1 th\u1ebb RFID UHF d\u00f9ng cho m\u00e1y gi\u1eb7t.<strong>.Th\u1ebb RFID d\u00e1n nhi\u1ec7t b\u1ec1n ch\u1eafc d\u00f9ng cho \u0111\u1ed3 gi\u1eb7t, c\u00f3 th\u1ec3 \u1ee7i tr\u00ean v\u1ea3i. <\/strong>\u0111\u1ea3m b\u1ea3o \u0111\u1ed9 b\u1ec1n c\u1ee7a v\u1ea3i d\u1ec7t trong ch\u0103m s\u00f3c s\u1ee9c kh\u1ecfe, gi\u1eb7t l\u00e0 v\u00e0 \u0111\u1ed3ng ph\u1ee5c tr\u00ean kh\u1eafp Ch\u00e2u \u00c2u, Hoa K\u1ef3 v\u00e0 Canada\u2014ch\u1ecbu \u0111\u01b0\u1ee3c c\u00e1c chu tr\u00ecnh gi\u1eb7t kh\u1eafc nghi\u1ec7t.<\/p>","protected":false},"featured_media":3118,"template":"","meta":{"_kad_post_transparent":"default","_kad_post_title":"","_kad_post_layout":"default","_kad_post_sidebar_id":"","_kad_post_content_style":"default","_kad_post_vertical_padding":"default","_kad_post_feature":"","_kad_post_feature_position":"","_kad_post_header":false,"_kad_post_footer":false,"_kad_post_classname":""},"product_brand":[],"product_cat":[16],"product_tag":[24,375,342,339,65,368,30,374,373],"class_list":{"0":"post-3117","1":"product","2":"type-product","3":"status-publish","4":"has-post-thumbnail","6":"product_cat-uhf-rfid-laundry-tags","7":"product_tag-laundry-rfid-tags","8":"product_tag-rfid-laundry-tag-7015mm","9":"product_tag-rfid-laundry-tags","10":"product_tag-rfid-washable-tags","11":"product_tag-textile-rfid-laundry-tags","12":"product_tag-textile-uhf-rfid-tags-labels","13":"product_tag-uhf-rfid-laundry-tag","14":"product_tag-washable-uhf-rfid-labels","15":"product_tag-washable-uhf-rfid-laundry-textile-labels","17":"first","18":"instock","19":"featured","20":"shipping-taxable","21":"product-type-simple","22":"entry","23":"content-bg","24":"loop-entry"},"_links":{"self":[{"href":"https:\/\/rfid-laundry-tag.com\/vi\/wp-json\/wp\/v2\/product\/3117","targetHints":{"allow":["GET"]}}],"collection":[{"href":"https:\/\/rfid-laundry-tag.com\/vi\/wp-json\/wp\/v2\/product"}],"about":[{"href":"https:\/\/rfid-laundry-tag.com\/vi\/wp-json\/wp\/v2\/types\/product"}],"version-history":[{"count":3,"href":"https:\/\/rfid-laundry-tag.com\/vi\/wp-json\/wp\/v2\/product\/3117\/revisions"}],"predecessor-version":[{"id":3168,"href":"https:\/\/rfid-laundry-tag.com\/vi\/wp-json\/wp\/v2\/product\/3117\/revisions\/3168"}],"wp:featuredmedia":[{"embeddable":true,"href":"https:\/\/rfid-laundry-tag.com\/vi\/wp-json\/wp\/v2\/media\/3118"}],"wp:attachment":[{"href":"https:\/\/rfid-laundry-tag.com\/vi\/wp-json\/wp\/v2\/media?parent=3117"}],"wp:term":[{"taxonomy":"product_brand","embeddable":true,"href":"https:\/\/rfid-laundry-tag.com\/vi\/wp-json\/wp\/v2\/product_brand?post=3117"},{"taxonomy":"product_cat","embeddable":true,"href":"https:\/\/rfid-laundry-tag.com\/vi\/wp-json\/wp\/v2\/product_cat?post=3117"},{"taxonomy":"product_tag","embeddable":true,"href":"https:\/\/rfid-laundry-tag.com\/vi\/wp-json\/wp\/v2\/product_tag?post=3117"}],"curies":[{"name":"wp","href":"https:\/\/api.w.org\/{rel}","templated":true}]}}