{"id":310,"date":"2024-06-26T17:12:34","date_gmt":"2024-06-26T17:12:34","guid":{"rendered":"https:\/\/rfid-laundry-tag.com\/?post_type=product&#038;p=310"},"modified":"2024-06-26T17:15:58","modified_gmt":"2024-06-26T17:15:58","slug":"anti-metal-uhf-rfid-tag","status":"publish","type":"product","link":"https:\/\/rfid-laundry-tag.com\/vi\/anti-metal-uhf-rfid-tag\/","title":{"rendered":"Th\u1ebb RFID UHF ch\u1ed1ng kim lo\u1ea1i"},"content":{"rendered":"<h2>Th\u1ebb RFID UHF ch\u1ed1ng kim lo\u1ea1i<\/h2>\n<h2>C\u00e1c t\u00f9y ch\u1ec9nh c\u00f3 s\u1eb5n:<\/h2>\n<p><strong>In \u1ea5n:<\/strong><\/p>\n<ul>\n<li><strong>T\u00f9y ch\u1ecdn m\u00e0u s\u1eafc:<\/strong>\n<ul>\n<li>In \u0111\u01a1n s\u1eafc<\/li>\n<li>In offset 4 m\u00e0u<\/li>\n<\/ul>\n<\/li>\n<li><strong>\u0110\u1ea7u v\u00e0o:<\/strong>\n<ul>\n<li>B\u1ed1 c\u1ee5c \u0111\u1ed3 h\u1ecda do kh\u00e1ch h\u00e0ng cung c\u1ea5p \u1edf \u0111\u1ecbnh d\u1ea1ng vector<\/li>\n<\/ul>\n<\/li>\n<li><strong>N\u1ed9i dung:<\/strong>\n<ul>\n<li>In m\u00e3 EPC<\/li>\n<li>In m\u00e3 tu\u1ea7n t\u1ef1 li\u00ean t\u1ee5c:\n<ul>\n<li>T\u1eeb c\u01a1 s\u1edf d\u1eef li\u1ec7u<\/li>\n<li>T\u1eeb t\u1eadp tin .xls<\/li>\n<\/ul>\n<\/li>\n<li>In m\u00e3 v\u1ea1ch<\/li>\n<li>In m\u00e3 QRCode<\/li>\n<\/ul>\n<\/li>\n<li><strong>C\u00f3 nhi\u1ec1u t\u00f9y ch\u1ecdn t\u00f9y ch\u1ec9nh kh\u00e1c theo y\u00eau c\u1ea7u.<\/strong><\/li>\n<\/ul>\n<p><strong>M\u00e3 h\u00f3a b\u1ed9 nh\u1edb chip:<\/strong><\/p>\n<ul>\n<li><strong>M\u00e3 h\u00f3a b\u1ed9 \u0111\u00e1p \u1ee9ng RFID UHF:<\/strong>\n<ul>\n<li>M\u00e3 h\u00f3a m\u00e3 EPC<\/li>\n<li>Ghi b\u1ed9 nh\u1edb th\u1ebb UHF:\n<ul>\n<li>T\u1eeb c\u01a1 s\u1edf d\u1eef li\u1ec7u do kh\u00e1ch h\u00e0ng cung c\u1ea5p<\/li>\n<\/ul>\n<\/li>\n<\/ul>\n<\/li>\n<li><strong>Kh\u00f3a b\u1ed9 nh\u1edb:<\/strong>\n<ul>\n<li>Kh\u00f3a t\u1ea1m th\u1eddi ho\u1eb7c v\u0129nh vi\u1ec5n b\u1eb1ng m\u1eadt kh\u1ea9u<\/li>\n<\/ul>\n<\/li>\n<li><strong>Hi\u1ec7p h\u1ed9i d\u1eef li\u1ec7u:<\/strong>\n<ul>\n<li>Li\u00ean k\u1ebft m\u00e3 EPC v\u00e0 m\u00e3 TID trong c\u01a1 s\u1edf d\u1eef li\u1ec7u<\/li>\n<li>M\u00e3 TID v\u00e0 li\u00ean k\u1ebft m\u00e3 v\u1ea1ch\/m\u00e3 ti\u1ebfn b\u1ed9<\/li>\n<\/ul>\n<\/li>\n<\/ul>\n<table class=\"has-title all magic-4\">\n<tbody>\n<tr>\n<td colspan=\"1\" rowspan=\"1\">\n<div class=\"magic-5\" data-spm-anchor-id=\"a2700.details.0.i72.6b4c1284vyugjJ\">V\u1eadt li\u1ec7u<\/div>\n<\/td>\n<td colspan=\"1\" rowspan=\"1\">\n<div class=\"magic-6\">ABS<\/div>\n<\/td>\n<\/tr>\n<tr>\n<td colspan=\"1\" rowspan=\"1\">\n<div class=\"magic-5\">K\u00edch c\u1ee1<\/div>\n<\/td>\n<td colspan=\"1\" rowspan=\"1\">\n<div class=\"magic-6\">78x31x10mm ho\u1eb7c t\u00f9y ch\u1ec9nh<\/div>\n<\/td>\n<\/tr>\n<tr>\n<td colspan=\"1\" rowspan=\"1\">\n<div class=\"magic-5\">T\u00ednh th\u01b0\u1eddng xuy\u00ean<\/div>\n<\/td>\n<td colspan=\"1\" rowspan=\"1\">\n<div class=\"magic-6\">860-960mhz<\/div>\n<\/td>\n<\/tr>\n<tr>\n<td colspan=\"1\" rowspan=\"1\">\n<div class=\"magic-5\">Lo\u1ea1i IC (chip)<\/div>\n<\/td>\n<td colspan=\"1\" rowspan=\"1\">\n<div class=\"magic-6\">Impinj Monza R6P<\/div>\n<\/td>\n<\/tr>\n<tr>\n<td colspan=\"1\" rowspan=\"1\">\n<div class=\"magic-5\">Giao th\u1ee9c<\/div>\n<\/td>\n<td colspan=\"1\" rowspan=\"1\">\n<div class=\"magic-6\">EPC To\u00e0n c\u1ea7u L\u1edbp 1 Gen2 &amp; ISO18000-6C<\/div>\n<\/td>\n<\/tr>\n<tr>\n<td colspan=\"1\" rowspan=\"1\">\n<div class=\"magic-7\">K\u00fd \u1ee9c<\/div>\n<\/td>\n<td colspan=\"1\" rowspan=\"1\">\n<div class=\"magic-6\">EPC 128 bit, Ng\u01b0\u1eddi d\u00f9ng 32 bit<\/div>\n<\/td>\n<\/tr>\n<tr>\n<td colspan=\"1\" rowspan=\"1\">\n<div class=\"magic-5\">Y\u1ebfu t\u1ed1 h\u00ecnh th\u1ee9c th\u1ebb<\/div>\n<\/td>\n<td colspan=\"1\" rowspan=\"1\">\n<div class=\"magic-6\">Th\u1ebb c\u1ee9ng<\/div>\n<\/td>\n<\/tr>\n<tr>\n<td colspan=\"1\" rowspan=\"1\">\n<div class=\"magic-5\">Ph\u01b0\u01a1ng ph\u00e1p \u0111\u00ednh k\u00e8m<\/div>\n<\/td>\n<td colspan=\"1\" rowspan=\"1\">\n<div class=\"magic-6\" data-spm-anchor-id=\"a2700.details.0.i73.6b4c1284vyugjJ\">C\u1ed1 \u0111\u1ecbnh b\u1eb1ng v\u00edt, keo d\u00e1n phim<\/div>\n<\/td>\n<\/tr>\n<tr>\n<td colspan=\"1\" rowspan=\"1\">\n<div class=\"magic-5\">Nhi\u1ec7t \u0111\u1ed9 ho\u1ea1t \u0111\u1ed9ng<\/div>\n<\/td>\n<td colspan=\"1\" rowspan=\"1\">\n<div class=\"magic-6\">-35 \u00b0C \/ +90 \u00b0C<\/div>\n<\/td>\n<\/tr>\n<tr>\n<td colspan=\"1\" rowspan=\"1\">\n<div class=\"magic-5\">Kho\u1ea3ng c\u00e1ch \u0111\u1ecdc<\/div>\n<\/td>\n<td colspan=\"1\" rowspan=\"1\">\n<div class=\"magic-6\" data-spm-anchor-id=\"a2700.details.0.i67.6b4c1284vyugjJ\">L\u00ean \u0111\u1ebfn 10m<\/div>\n<\/td>\n<\/tr>\n<tr>\n<td colspan=\"1\" rowspan=\"1\">\n<div class=\"magic-8\">V\u1eadt li\u1ec7u b\u1ec1 m\u1eb7t \u00e1p d\u1ee5ng<\/div>\n<\/td>\n<td colspan=\"1\" rowspan=\"1\">\n<div class=\"magic-6\">Ch\u1ea5t n\u1ec1n kim lo\u1ea1i v\u00e0 phi kim lo\u1ea1i<\/div>\n<\/td>\n<\/tr>\n<tr>\n<td colspan=\"1\" rowspan=\"1\">\n<div class=\"magic-7\">X\u1ebfp h\u1ea1ng IP<\/div>\n<\/td>\n<td colspan=\"1\" rowspan=\"1\">\n<div class=\"magic-6\">IP68<\/div>\n<\/td>\n<\/tr>\n<tr>\n<td colspan=\"1\" rowspan=\"1\">\n<div class=\"magic-7\">\u1ee8ng d\u1ee5ng<\/div>\n<\/td>\n<td colspan=\"1\" rowspan=\"1\">\n<div class=\"magic-6\">D\u00f9ng cho t\u00e0i s\u1ea3n, c\u00f4ng nghi\u1ec7p n\u1eb7ng v\u00e0 s\u1eed d\u1ee5ng ngo\u00e0i tr\u1eddi<\/div>\n<\/td>\n<\/tr>\n<\/tbody>\n<\/table>\n<p>&nbsp;<\/p>\n<p><strong>Ph\u1ea7n k\u1ebft lu\u1eadn:<\/strong><\/p>\n<p>Th\u1ebb RFID ABS l\u00e0 gi\u1ea3i ph\u00e1p \u0111a n\u0103ng v\u00e0 c\u00f3 th\u1ec3 t\u00f9y ch\u1ec9nh cho nhi\u1ec1u \u1ee9ng d\u1ee5ng kh\u00e1c nhau, mang \u0111\u1ebfn s\u1ef1 k\u1ebft h\u1ee3p gi\u1eefa hi\u1ec7u su\u1ea5t m\u1ea1nh m\u1ebd v\u00e0 c\u00e1c t\u00f9y ch\u1ecdn linh ho\u1ea1t \u0111\u1ec3 \u0111\u00e1p \u1ee9ng c\u00e1c nhu c\u1ea7u c\u1ee5 th\u1ec3.<\/p>","protected":false},"excerpt":{"rendered":"<p>Th\u1ebb RFID UHF ch\u1ed1ng kim lo\u1ea1i l\u00e0 th\u1ebb RFID UHF th\u1ee5 \u0111\u1ed9ng t\u1ea7m xa m\u1ea1nh m\u1ebd \u0111\u01b0\u1ee3c thi\u1ebft k\u1ebf \u0111\u1ec3 v\u01b0\u1ee3t tr\u1ed9i trong c\u00e1c m\u00f4i tr\u01b0\u1eddng kh\u1eafc nghi\u1ec7t. Th\u1ebb c\u00f3 th\u1ec3 \u0111\u1ecdc \u0111\u00e1ng tin c\u1eady tr\u00ean, ngo\u00e0i v\u00e0 th\u1eadm ch\u00ed g\u1ea7n b\u1ec1 m\u1eb7t kim lo\u1ea1i, mang l\u1ea1i s\u1ef1 linh ho\u1ea1t \u0111\u1eb7c bi\u1ec7t \u0111\u1ec3 theo d\u00f5i t\u00e0i s\u1ea3n. K\u00edch th\u01b0\u1edbc nh\u1ecf g\u1ecdn v\u00e0 c\u1ea5u tr\u00fac ch\u1ed1ng th\u1ea5m n\u01b0\u1edbc m\u1ea1nh m\u1ebd \u0111\u1ea3m b\u1ea3o hi\u1ec7u su\u1ea5t l\u00e2u d\u00e0i trong c\u00e1c \u1ee9ng d\u1ee5ng ngo\u00e0i tr\u1eddi v\u00e0 c\u00f4ng nghi\u1ec7p.<\/p>","protected":false},"featured_media":311,"template":"","meta":{"_kad_post_transparent":"default","_kad_post_title":"","_kad_post_layout":"default","_kad_post_sidebar_id":"","_kad_post_content_style":"default","_kad_post_vertical_padding":"default","_kad_post_feature":"","_kad_post_feature_position":"","_kad_post_header":false,"_kad_post_footer":false,"_kad_post_classname":""},"product_brand":[],"product_cat":[54],"product_tag":[128,119],"class_list":{"0":"post-310","1":"product","2":"type-product","3":"status-publish","4":"has-post-thumbnail","6":"product_cat-hot-selling-rfid-tags","7":"product_tag-anti-metal-uhf-rfid-tag","8":"product_tag-on-metal-abs-uhf-rfid-tag","10":"first","11":"instock","12":"shipping-taxable","13":"product-type-simple","14":"entry","15":"content-bg","16":"loop-entry"},"_links":{"self":[{"href":"https:\/\/rfid-laundry-tag.com\/vi\/wp-json\/wp\/v2\/product\/310","targetHints":{"allow":["GET"]}}],"collection":[{"href":"https:\/\/rfid-laundry-tag.com\/vi\/wp-json\/wp\/v2\/product"}],"about":[{"href":"https:\/\/rfid-laundry-tag.com\/vi\/wp-json\/wp\/v2\/types\/product"}],"version-history":[{"count":0,"href":"https:\/\/rfid-laundry-tag.com\/vi\/wp-json\/wp\/v2\/product\/310\/revisions"}],"wp:featuredmedia":[{"embeddable":true,"href":"https:\/\/rfid-laundry-tag.com\/vi\/wp-json\/wp\/v2\/media\/311"}],"wp:attachment":[{"href":"https:\/\/rfid-laundry-tag.com\/vi\/wp-json\/wp\/v2\/media?parent=310"}],"wp:term":[{"taxonomy":"product_brand","embeddable":true,"href":"https:\/\/rfid-laundry-tag.com\/vi\/wp-json\/wp\/v2\/product_brand?post=310"},{"taxonomy":"product_cat","embeddable":true,"href":"https:\/\/rfid-laundry-tag.com\/vi\/wp-json\/wp\/v2\/product_cat?post=310"},{"taxonomy":"product_tag","embeddable":true,"href":"https:\/\/rfid-laundry-tag.com\/vi\/wp-json\/wp\/v2\/product_tag?post=310"}],"curies":[{"name":"wp","href":"https:\/\/api.w.org\/{rel}","templated":true}]}}