{"id":3084,"date":"2025-12-18T10:22:25","date_gmt":"2025-12-18T10:22:25","guid":{"rendered":"https:\/\/rfid-laundry-tag.com\/?post_type=product&#038;p=3084"},"modified":"2025-12-18T10:22:26","modified_gmt":"2025-12-18T10:22:26","slug":"washable-rfid-tags-for-laundry-uniform","status":"publish","type":"product","link":"https:\/\/rfid-laundry-tag.com\/vi\/washable-rfid-tags-for-laundry-uniform\/","title":{"rendered":"Th\u1ebb RFID c\u00f3 th\u1ec3 gi\u1eb7t \u0111\u01b0\u1ee3c d\u00f9ng cho \u0111\u1ed3ng ph\u1ee5c gi\u1eb7t \u1ee7i"},"content":{"rendered":"<h2>Th\u1ebb RFID c\u00f3 th\u1ec3 gi\u1eb7t \u0111\u01b0\u1ee3c d\u00f9ng cho \u0111\u1ed3ng ph\u1ee5c gi\u1eb7t \u1ee7i<\/h2>\n<div class=\"auto-hide-last-sibling-br paragraph_1252f paragraph-element\">\n<div class=\"auto-hide-last-sibling-br paragraph_1252f paragraph-element\">Trang ph\u1ee5c <a href=\"https:\/\/rfid-laundry-tag.com\/vi\/uhf-rfid-laundry-tags\/\">Th\u1ebb RFID c\u00f3 th\u1ec3 gi\u1eb7t \u0111\u01b0\u1ee3c<\/a> \u0110\u00e2y l\u00e0 m\u1ed9t gi\u1ea3i ph\u00e1p thay th\u1ebf linh ho\u1ea1t cho c\u00e1c th\u1ebb RFID gi\u1eb7t \u1ee7i truy\u1ec1n th\u1ed1ng, \u0111\u01b0\u1ee3c thi\u1ebft k\u1ebf \u0111\u1eb7c bi\u1ec7t \u0111\u1ec3 ch\u1ecbu \u0111\u01b0\u1ee3c h\u01a1n 50 chu k\u1ef3 gi\u1eb7t t\u1ea1i nh\u00e0 v\u1edbi m\u1ee9c gi\u1ea3m hi\u1ec7u su\u1ea5t RFID t\u1ed1i thi\u1ec3u (t\u1eeb 10% xu\u1ed1ng 15%). L\u00e0 gi\u1ea3i ph\u00e1p ti\u1ebft ki\u1ec7m chi ph\u00ed l\u00fd t\u01b0\u1edfng, th\u1ebb RFID ch\u1ed1ng n\u01b0\u1edbc n\u00e0y r\u1ea5t ph\u00f9 h\u1ee3p cho vi\u1ec7c cho thu\u00ea v\u00e0 b\u00e1n l\u1ebb qu\u1ea7n \u00e1o, gi\u00e0y d\u00e9p v\u00e0 ga tr\u1ea3i gi\u01b0\u1eddng.<\/div>\n<div><\/div>\n<div class=\"auto-hide-last-sibling-br paragraph_1252f paragraph-element\">V\u1edbi c\u1ea5u tr\u00fac \u0111\u1ed9c \u0111\u00e1o v\u00e0 c\u01a1 ch\u1ebf b\u1ea3o v\u1ec7 cho chip RFID, th\u1ebb n\u00e0y c\u00f3 th\u1ec3 t\u1ed3n t\u1ea1i l\u00e2u h\u01a1n 50 chu k\u1ef3 gi\u1eb7t trong gia \u0111\u00ecnh. N\u00f3 c\u00f3 th\u1ec3 \u0111\u01b0\u1ee3c gi\u1ea5u k\u00edn trong \u0111\u01b0\u1eddng may ho\u1eb7c tr\u01b0\u1ee3t v\u00e0o nh\u00e3n ch\u0103m s\u00f3c, khi\u1ebfn n\u00f3 h\u1ea7u nh\u01b0 kh\u00f4ng b\u1ecb ch\u00fa \u00fd.<\/div>\n<p>&nbsp;<\/p>\n<div class=\"auto-hide-last-sibling-br paragraph_1252f paragraph-element\">\u0110i\u1ec3m kh\u00e1c bi\u1ec7t c\u1ee7a th\u1ebb RFID UHF n\u00e0y so v\u1edbi c\u00e1c th\u1ebb v\u1ea3i lanh c\u00f3 th\u1ec3 gi\u1eb7t kh\u00e1c l\u00e0 thi\u1ebft k\u1ebf m\u1ecfng trong su\u1ed1t 0,55mm, khi\u1ebfn n\u00f3 tr\u1edf th\u00e0nh lo\u1ea1i m\u1ecfng nh\u1ea5t tr\u00ean th\u1ecb tr\u01b0\u1eddng. Nh\u00ecn chung, \u0111\u00e2y l\u00e0 gi\u1ea3i ph\u00e1p RFID UHF s\u00e1ng t\u1ea1o cho qu\u1ea7n \u00e1o, mang l\u1ea1i hi\u1ec7u qu\u1ea3 v\u1ec1 m\u1eb7t chi ph\u00ed, \u0111\u1ed9 b\u1ec1n v\u00e0 s\u1ef1 k\u00edn \u0111\u00e1o.<\/div>\n<div><\/div>\n<div data-spm-anchor-id=\"a2700.details.0.i57.23b419c7xXORP0\"><span data-spm-anchor-id=\"a2700.details.0.i75.23b419c7xXORP0\"><b>T\u00ednh n\u0103ng:<\/b><br \/>\n1) C\u00f4ng ngh\u1ec7 UHF c\u00f3 th\u1ec3 \u0111\u1ecdc h\u00e0ng tr\u0103m th\u1ebb c\u00f9ng l\u00fac.<br \/>\n2) Kho\u1ea3ng c\u00e1ch \u0111\u1ecdc xa h\u01a1n 8 feet.<br \/>\n3) Thi\u1ebft k\u1ebf c\u01a1 h\u1ecdc m\u1edbi gi\u00fap c\u1ea3i thi\u1ec7n hi\u1ec7u su\u1ea5t gi\u1eb7t v\u1ea3i ph\u1eb3ng.<br \/>\n4) Th\u00edch h\u1ee3p cho m\u00e1y h\u00fat \u00e1p su\u1ea5t cao l\u00ean t\u1edbi 60 bar.<br \/>\n5) Th\u00edch h\u1ee3p cho vi\u1ec7c kh\u1eed tr\u00f9ng b\u1eb1ng n\u1ed3i h\u1ea5p.<br \/>\n6) Ch\u1ea5t li\u1ec7u nh\u1ecf, m\u1ec1m, d\u1ebbo, l\u00fd t\u01b0\u1edfng cho h\u00e0ng d\u1ec7t may, v\u1ea3i lanh, qu\u1ea7n \u00e1o v\u00e0 ph\u1ee5 ki\u1ec7n.<\/span><\/div>\n<div data-spm-anchor-id=\"a2700.details.0.i57.23b419c7xXORP0\">7) Lo\u1ea1i d\u00e1n b\u1eb1ng b\u00e0n \u1ee7i nhi\u1ec7t, lo\u1ea1i may li\u1ec1n, lo\u1ea1i c\u00f3 l\u1ed7, v.v.<\/div>\n<\/div>\n<div data-spm-anchor-id=\"a2700.details.0.i57.23b419c7xXORP0\">\n<figure id=\"attachment_3030\" aria-describedby=\"caption-attachment-3030\" style=\"width: 790px\" class=\"wp-caption alignnone\"><a href=\"https:\/\/rfid-laundry-tag.com\/vi\/uhf-rfid-laundry-tags\/\"><img fetchpriority=\"high\" decoding=\"async\" class=\"size-full wp-image-3030\" src=\"https:\/\/rfid-laundry-tag.com\/wp-content\/uploads\/2025\/12\/RFID-Laundry-Tag-Installation-Guide.png\" alt=\"RFID Laundry Tag Installation Guide\" width=\"790\" height=\"777\" srcset=\"https:\/\/rfid-laundry-tag.com\/wp-content\/uploads\/2025\/12\/RFID-Laundry-Tag-Installation-Guide.png 790w, https:\/\/rfid-laundry-tag.com\/wp-content\/uploads\/2025\/12\/RFID-Laundry-Tag-Installation-Guide-300x295.png 300w, https:\/\/rfid-laundry-tag.com\/wp-content\/uploads\/2025\/12\/RFID-Laundry-Tag-Installation-Guide-768x755.png 768w, https:\/\/rfid-laundry-tag.com\/wp-content\/uploads\/2025\/12\/RFID-Laundry-Tag-Installation-Guide-12x12.png 12w, https:\/\/rfid-laundry-tag.com\/wp-content\/uploads\/2025\/12\/RFID-Laundry-Tag-Installation-Guide-600x590.png 600w\" sizes=\"(max-width: 790px) 100vw, 790px\" \/><\/a><figcaption id=\"caption-attachment-3030\" class=\"wp-caption-text\">H\u01b0\u1edbng d\u1eabn l\u1eafp \u0111\u1eb7t th\u1ebb gi\u1eb7t l\u00e0 RFID<\/figcaption><\/figure>\n<\/div>\n<div data-spm-anchor-id=\"a2700.details.0.i57.23b419c7xXORP0\">\n<div class=\"text-content\" data-spm-anchor-id=\"a2700.details.0.i54.23b419c7xXORP0\">\n<h2>Thu\u1ed9c v\u1eadt ch\u1ea5t:<\/h2>\n<div>Ch\u1ea5t li\u1ec7u: Polyester 100%<br \/>\nK\u00edch th\u01b0\u1edbc: 70 mm\u00d715 mm x1,5 mm<br \/>\nChip: UHF<br \/>\nPh\u01b0\u01a1ng ph\u00e1p l\u1eafp nh\u00e3n: May, \u1ee6i<br \/>\nGiao th\u1ee9c: ISO18ooo-6C EPC C1G2<br \/>\n\u1ee6i: 15 gi\u00e2y, \u1edf nhi\u1ec7t \u0111\u1ed9 210\u2103<br \/>\nPh\u01a1i s\u00e1ng: 2,5 bar<br \/>\nS\u1ea5y kh\u00f4: 15 ph\u00fat \u1edf 180\u00b0C<br \/>\nGi\u1eb7t: 15 ph\u00fat \u1edf 90\u2103<br \/>\nChu k\u1ef3 gi\u1eb7t: 200+ chu k\u1ef3 ho\u1eb7c 3 n\u0103m<br \/>\n\u0110i\u1ec1u ki\u1ec7n b\u1ea3o qu\u1ea3n: -20-80\u2103, 5-95% RH<\/div>\n<\/div>\n<\/div>\n<div>\n<figure id=\"attachment_2943\" aria-describedby=\"caption-attachment-2943\" style=\"width: 800px\" class=\"wp-caption alignnone\"><a href=\"https:\/\/rfid-laundry-tag.com\/vi\/uhf-rfid-laundry-tags\/\"><img decoding=\"async\" class=\"size-full wp-image-2943\" src=\"https:\/\/rfid-laundry-tag.com\/wp-content\/uploads\/2025\/10\/1-1.jpg\" alt=\"Textile UHF RFID Tags Labels\" width=\"800\" height=\"800\" srcset=\"https:\/\/rfid-laundry-tag.com\/wp-content\/uploads\/2025\/10\/1-1.jpg 800w, https:\/\/rfid-laundry-tag.com\/wp-content\/uploads\/2025\/10\/1-1-300x300.jpg 300w, https:\/\/rfid-laundry-tag.com\/wp-content\/uploads\/2025\/10\/1-1-150x150.jpg 150w, https:\/\/rfid-laundry-tag.com\/wp-content\/uploads\/2025\/10\/1-1-768x768.jpg 768w, https:\/\/rfid-laundry-tag.com\/wp-content\/uploads\/2025\/10\/1-1-12x12.jpg 12w, https:\/\/rfid-laundry-tag.com\/wp-content\/uploads\/2025\/10\/1-1-600x600.jpg 600w, https:\/\/rfid-laundry-tag.com\/wp-content\/uploads\/2025\/10\/1-1-100x100.jpg 100w\" sizes=\"(max-width: 800px) 100vw, 800px\" \/><\/a><figcaption id=\"caption-attachment-2943\" class=\"wp-caption-text\">Nh\u00e3n th\u1ebb RFID UHF d\u1ec7t may<\/figcaption><\/figure>\n<\/div>\n<div>\n<h2>L\u1ee3i \u00edch c\u1ee7a th\u1ebb RFID c\u00f3 th\u1ec3 gi\u1eb7t \u0111\u01b0\u1ee3c cho \u0111\u1ed3ng ph\u1ee5c gi\u1eb7t \u1ee7i<\/h2>\n<p>Vi\u1ec7c l\u1ef1a ch\u1ecdn th\u1ebb RFID gi\u1eb7t \u0111\u01b0\u1ee3c \u0111\u1ed3ng ngh\u0129a v\u1edbi vi\u1ec7c \u0111\u1ea7u t\u01b0 v\u00e0o m\u1ed9t gi\u1ea3i ph\u00e1p gi\u00fap \u0111\u01a1n gi\u1ea3n h\u00f3a vi\u1ec7c qu\u1ea3n l\u00fd gi\u1eb7t \u1ee7i. Nh\u1eefng th\u1ebb chuy\u00ean d\u1ee5ng n\u00e0y \u0111\u01b0\u1ee3c thi\u1ebft k\u1ebf \u0111\u1ec3 ch\u1ecbu \u0111\u01b0\u1ee3c c\u00e1c quy tr\u00ecnh gi\u1eb7t \u1ee7i c\u00f4ng nghi\u1ec7p m\u00e0 kh\u00f4ng \u1ea3nh h\u01b0\u1edfng \u0111\u1ebfn hi\u1ec7u su\u1ea5t. Nh\u1eefng l\u1ee3i \u00edch ch\u00ednh c\u1ee7a ch\u00fang bao g\u1ed3m:<\/p>\n<ol>\n<li><strong>Theo d\u00f5i n\u00e2ng cao<\/strong>C\u00f4ng ngh\u1ec7 RFID cho ph\u00e9p theo d\u00f5i t\u1eebng m\u00f3n \u0111\u1ed3 gi\u1eb7t trong th\u1eddi gian th\u1ef1c, \u0111\u1ea3m b\u1ea3o qu\u1ea3n l\u00fd kho ch\u00ednh x\u00e1c v\u00e0 gi\u1ea3m thi\u1ec3u th\u1ea5t tho\u00e1t.<\/li>\n<li><strong>\u0110\u1ed9 b\u1ec1n<\/strong>\u0110\u01b0\u1ee3c thi\u1ebft k\u1ebf \u0111\u1ec3 ch\u1ecbu \u0111\u01b0\u1ee3c nhi\u1ec7t \u0111\u1ed9 cao v\u00e0 \u0111i\u1ec1u ki\u1ec7n gi\u1eb7t gi\u0169 kh\u1eafc nghi\u1ec7t, nh\u1eefng th\u1ebb RFID b\u1ec1n b\u1ec9 n\u00e0y \u0111\u1ea3m b\u1ea3o tu\u1ed5i th\u1ecd cao, tr\u1edf th\u00e0nh m\u1ed9t l\u1ef1a ch\u1ecdn ti\u1ebft ki\u1ec7m chi ph\u00ed.<\/li>\n<li><strong>Hi\u1ec7u qu\u1ea3 \u0111\u01b0\u1ee3c c\u1ea3i thi\u1ec7n<\/strong>T\u1ef1 \u0111\u1ed9ng h\u00f3a quy tr\u00ecnh gi\u1eb7t \u1ee7i gi\u00fap gi\u1ea3m thi\u1ec3u l\u1ed7i th\u1ee7 c\u00f4ng v\u00e0 t\u0103ng t\u1ed1c qu\u00e1 tr\u00ecnh nh\u1eadn v\u00e0 tr\u1ea3 \u0111\u1ed3, n\u00e2ng cao hi\u1ec7u qu\u1ea3 t\u1ed5ng th\u1ec3 t\u1ea1i c\u00e1c c\u01a1 s\u1edf gi\u1eb7t \u1ee7i.<\/li>\n<\/ol>\n<p>V\u1edbi s\u1ef1 hi\u1ec3u bi\u1ebft to\u00e0n di\u1ec7n v\u1ec1 l\u1ee3i \u00edch v\u00e0 kh\u1ea3 n\u0103ng c\u1ee7a th\u1ebb RFID c\u00f3 th\u1ec3 gi\u1eb7t \u0111\u01b0\u1ee3c, b\u1ea1n c\u00f3 th\u1ec3 \u0111\u01b0a ra quy\u1ebft \u0111\u1ecbnh s\u00e1ng su\u1ed1t cho nhu c\u1ea7u qu\u1ea3n l\u00fd gi\u1eb7t \u1ee7i c\u1ee7a m\u00ecnh.<\/p>\n<h3>Th\u1ebb RFID c\u00f3 th\u1ec3 gi\u1eb7t \u0111\u01b0\u1ee3c l\u00e0 g\u00ec?<\/h3>\n<p>Th\u1ebb RFID c\u00f3 th\u1ec3 gi\u1eb7t \u0111\u01b0\u1ee3c l\u00e0 m\u1ed9t lo\u1ea1i chuy\u00ean d\u1ee5ng.\u00a0<strong>Th\u1ebb RFID<\/strong>\u00a0\u0110\u01b0\u1ee3c thi\u1ebft k\u1ebf \u0111\u1eb7c bi\u1ec7t cho \u1ee9ng d\u1ee5ng gi\u1eb7t \u1ee7i. Nh\u1eefng th\u1ebb n\u00e0y s\u1eed d\u1ee5ng\u00a0<strong>C\u00f4ng ngh\u1ec7 RFID hi\u1ec7u su\u1ea5t cao<\/strong>\u00a0Gi\u00fap theo d\u00f5i v\u00e0 qu\u1ea3n l\u00fd ch\u00ednh x\u00e1c c\u00e1c m\u1eb7t h\u00e0ng d\u1ec7t may trong su\u1ed1t v\u00f2ng \u0111\u1eddi c\u1ee7a ch\u00fang. \u0110\u01b0\u1ee3c ch\u1ebf t\u1ea1o t\u1eeb v\u1eadt li\u1ec7u b\u1ec1n ch\u1eafc, th\u1ebb RFID c\u00f3 th\u1ec3 gi\u1eb7t \u0111\u01b0\u1ee3c ch\u1ecbu \u0111\u01b0\u1ee3c s\u1ef1 kh\u1eafc nghi\u1ec7t c\u1ee7a gi\u1eb7t \u1ee7i c\u00f4ng nghi\u1ec7p, bao g\u1ed3m c\u1ea3 vi\u1ec7c ti\u1ebfp x\u00fac v\u1edbi nhi\u1ec7t \u0111\u1ed9 cao v\u00e0 nhi\u1ec1u chu k\u1ef3 gi\u1eb7t.<\/p>\n<h3>L\u1ee3i \u00edch c\u1ee7a vi\u1ec7c s\u1eed d\u1ee5ng th\u1ebb RFID trong qu\u1ea3n l\u00fd gi\u1eb7t l\u00e0<\/h3>\n<p>T\u00edch h\u1ee3p\u00a0<strong>C\u00f4ng ngh\u1ec7 RFID<\/strong>\u00a0Vi\u1ec7c t\u00edch h\u1ee3p c\u00e1c th\u1ebb n\u00e0y v\u00e0o quy tr\u00ecnh gi\u1eb7t \u1ee7i mang l\u1ea1i nh\u1eefng l\u1ee3i \u00edch \u0111\u00e1ng k\u1ec3. Nh\u1eefng th\u1ebb n\u00e0y kh\u00f4ng ch\u1ec9 c\u1ea3i thi\u1ec7n \u0111\u1ed9 ch\u00ednh x\u00e1c trong vi\u1ec7c theo d\u00f5i c\u00e1c m\u1eb7t h\u00e0ng gi\u1eb7t \u1ee7i m\u00e0 c\u00f2n cho ph\u00e9p c\u00e1c c\u01a1 s\u1edf t\u1ef1 \u0111\u1ed9ng h\u00f3a vi\u1ec7c ki\u1ec3m so\u00e1t h\u00e0ng t\u1ed3n kho, gi\u1ea3m chi ph\u00ed nh\u00e2n c\u00f4ng v\u00e0 gi\u1ea3m thi\u1ec3u sai s\u00f3t c\u1ee7a con ng\u01b0\u1eddi. H\u01a1n n\u1eefa,\u00a0<strong>RFID gi\u1eb7t \u1ee7i<\/strong>\u00a0H\u1ec7 th\u1ed1ng n\u00e0y cho ph\u00e9p t\u00edch h\u1ee3p li\u1ec1n m\u1ea1ch v\u1edbi ph\u1ea7n m\u1ec1m qu\u1ea3n l\u00fd hi\u1ec7n c\u00f3, cung c\u1ea5p c\u00e1c c\u00f4ng c\u1ee5 ph\u00e2n t\u00edch gi\u00fap n\u00e2ng cao hi\u1ec7u qu\u1ea3 ho\u1ea1t \u0111\u1ed9ng.<\/p>\n<h3>C\u00e1ch s\u1eed d\u1ee5ng th\u1ebb RFID c\u00f3 th\u1ec3 gi\u1eb7t \u0111\u01b0\u1ee3c<\/h3>\n<p>Vi\u1ec7c s\u1eed d\u1ee5ng th\u1ebb RFID c\u00f3 th\u1ec3 gi\u1eb7t \u0111\u01b0\u1ee3c r\u1ea5t \u0111\u01a1n gi\u1ea3n. M\u1ed7i th\u1ebb c\u00f3 th\u1ec3 \u0111\u01b0\u1ee3c may v\u00e0o...\u00a0<strong>qu\u1ea7n \u00e1o<\/strong>\u00a0ho\u1eb7c kh\u0103n tr\u1ea3i gi\u01b0\u1eddng, cung c\u1ea5p c\u00e1c d\u1ea5u hi\u1ec7u nh\u1eadn d\u1ea1ng r\u00f5 r\u00e0ng c\u00f3 th\u1ec3 d\u1ec5 d\u00e0ng qu\u00e9t b\u1eb1ng\u00a0<strong>\u0110\u1ea7u \u0111\u1ecdc RFID<\/strong>. \u0110\u1ec3 \u0111\u1ea1t hi\u1ec7u su\u1ea5t t\u1ed1i \u01b0u, \u0111i\u1ec1u quan tr\u1ecdng l\u00e0 ph\u1ea3i \u0111\u1ea3m b\u1ea3o r\u1eb1ng c\u00e1c th\u1ebb \u0111\u01b0\u1ee3c \u0111\u1eb7t \u0111\u00fang v\u1ecb tr\u00ed tr\u00ean c\u00e1c m\u1eb7t h\u00e0ng v\u00e0 t\u01b0\u01a1ng th\u00edch v\u1edbi thi\u1ebft b\u1ecb.\u00a0<strong>H\u1ec7 th\u1ed1ng gi\u1eb7t \u1ee7i RFID<\/strong>\u00a0\u0111ang \u0111\u01b0\u1ee3c s\u1eed d\u1ee5ng. Vi\u1ec7c ki\u1ec3m tra \u0111\u1ecbnh k\u1ef3 c\u00e1c m\u1eb7t h\u00e0ng \u0111\u01b0\u1ee3c g\u1eafn th\u1ebb RFID gi\u00fap duy tr\u00ec h\u1ed3 s\u01a1 h\u00e0ng t\u1ed3n kho ch\u00ednh x\u00e1c.<\/p>\n<h3>\u0110\u00e1nh gi\u00e1 c\u1ee7a kh\u00e1ch h\u00e0ng<\/h3>\n<p>Ph\u1ea3n h\u1ed3i t\u1eeb kh\u00e1ch h\u00e0ng nh\u1ea5n m\u1ea1nh t\u00e1c \u0111\u1ed9ng mang t\u00ednh \u0111\u1ed9t ph\u00e1 c\u1ee7a th\u1ebb RFID c\u00f3 th\u1ec3 gi\u1eb7t \u0111\u01b0\u1ee3c c\u1ee7a ch\u00fang t\u00f4i. Nhi\u1ec1u ng\u01b0\u1eddi d\u00f9ng b\u00e1o c\u00e1o nh\u1eefng c\u1ea3i thi\u1ec7n \u0111\u00e1ng k\u1ec3 trong qu\u1ea3n l\u00fd h\u00e0ng t\u1ed3n kho v\u00e0 gi\u1ea3m thi\u1ec3u t\u00ecnh tr\u1ea1ng th\u1ea5t l\u1ea1c h\u00e0ng h\u00f3a. M\u1ed9t tr\u00edch d\u1eabn ti\u00eau bi\u1ec3u t\u1eeb m\u1ed9t kh\u00e1ch h\u00e0ng h\u00e0i l\u00f2ng cho bi\u1ebft: \u201cVi\u1ec7c tri\u1ec3n khai\u00a0<strong>Th\u1ebb RFID<\/strong>\u00a0Vi\u1ec7c n\u00e0y \u0111\u00e3 gi\u00fap tinh gi\u1ea3n quy tr\u00ecnh ho\u1ea1t \u0111\u1ed9ng gi\u1eb7t \u1ee7i c\u1ee7a ch\u00fang t\u00f4i m\u1ed9t c\u00e1ch \u0111\u00e1ng k\u1ec3, t\u1eeb \u0111\u00f3 n\u00e2ng cao n\u0103ng su\u1ea5t t\u1ed5ng th\u1ec3.\u201d<\/p>\n<\/div>\n<h3 class=\"wp-block-heading\">C\u00e0i \u0111\u1eb7t<\/h3>\n<p><strong>G\u1eafn th\u1ebb kh\u00e2u<\/strong>: \u0110\u1ec3 kh\u00e2u v\u00e0o vi\u1ec1n v\u1ea3i. Kh\u00e2u nh\u00e3n gi\u1eb7t ra kh\u1ecfi \u0111\u01b0\u1eddng g\u1ea5p.<br \/>\n<strong>H\u00e0n nhi\u1ec7t<\/strong>: \u0110\u01b0\u1ee3c h\u00e0n nhi\u1ec7t tr\u1ef1c ti\u1ebfp l\u00ean v\u1ea3i \u1edf nhi\u1ec7t \u0111\u1ed9 +200\u00b0C (392\u00b0F), trong 12~14 gi\u00e2y.<br \/>\n<strong>Trong t\u00fai<\/strong>: \u0110\u1ec3 kh\u00e2u nh\u01b0 nh\u00e3n ch\u0103m s\u00f3c ti\u00eau chu\u1ea9n. Kh\u00e2u nh\u00e3n gi\u1eb7t ra kh\u1ecfi \u0111\u01b0\u1eddng g\u1ea5p.<\/p>\n<figure id=\"attachment_3036\" aria-describedby=\"caption-attachment-3036\" style=\"width: 1024px\" class=\"wp-caption alignnone\"><a href=\"https:\/\/rfid-laundry-tag.com\/vi\/uhf-rfid-laundry-tags\/\"><img decoding=\"async\" class=\"size-large wp-image-3036\" src=\"https:\/\/rfid-laundry-tag.com\/wp-content\/uploads\/2025\/12\/RFID-Laundry-Tag-Installation-Guide-03--1024x590.png\" alt=\"How to Sew RFID Laundry Tags into Linens and Garments\" width=\"1024\" height=\"590\" srcset=\"https:\/\/rfid-laundry-tag.com\/wp-content\/uploads\/2025\/12\/RFID-Laundry-Tag-Installation-Guide-03--1024x590.png 1024w, https:\/\/rfid-laundry-tag.com\/wp-content\/uploads\/2025\/12\/RFID-Laundry-Tag-Installation-Guide-03--300x173.png 300w, https:\/\/rfid-laundry-tag.com\/wp-content\/uploads\/2025\/12\/RFID-Laundry-Tag-Installation-Guide-03--768x442.png 768w, https:\/\/rfid-laundry-tag.com\/wp-content\/uploads\/2025\/12\/RFID-Laundry-Tag-Installation-Guide-03--18x10.png 18w, https:\/\/rfid-laundry-tag.com\/wp-content\/uploads\/2025\/12\/RFID-Laundry-Tag-Installation-Guide-03--600x345.png 600w, https:\/\/rfid-laundry-tag.com\/wp-content\/uploads\/2025\/12\/RFID-Laundry-Tag-Installation-Guide-03-.png 1148w\" sizes=\"(max-width: 1024px) 100vw, 1024px\" \/><\/a><figcaption id=\"caption-attachment-3036\" class=\"wp-caption-text\">C\u00e1ch may th\u1ebb RFID v\u00e0o kh\u0103n tr\u1ea3i gi\u01b0\u1eddng v\u00e0 qu\u1ea7n \u00e1o<\/figcaption><\/figure>\n<div class=\"auto-hide-last-sibling-br paragraph_1252f paragraph-element\"><strong>Th\u1ebb RFID c\u00f3 th\u1ec3 gi\u1eb7t \u0111\u01b0\u1ee3c<\/strong>\u00a0l\u00e0 m\u1ed9t ph\u1ea7n kh\u00f4ng th\u1ec3 thi\u1ebfu c\u1ee7a m\u1ed9t s\u1ed1 ng\u00e0nh c\u00f4ng nghi\u1ec7p, cung c\u1ea5p kh\u1ea3 n\u0103ng theo d\u00f5i t\u00e0i s\u1ea3n hi\u1ec7u qu\u1ea3, qu\u1ea3n l\u00fd h\u00e0ng t\u1ed3n kho v\u00e0 n\u00e2ng cao n\u0103ng su\u1ea5t ho\u1ea1t \u0111\u1ed9ng chung. Sau \u0111\u00e2y l\u00e0 m\u1ed9t s\u1ed1 \u1ee9ng d\u1ee5ng c\u1ee7a n\u00f3 trong c\u00e1c l\u0129nh v\u1ef1c kh\u00e1c nhau:<\/div>\n<ol class=\"auto-hide-last-sibling-br\">\n<li>\n<div class=\"auto-hide-last-sibling-br paragraph_1252f paragraph-element\"><strong>Ch\u0103m s\u00f3c s\u1ee9c kh\u1ecfe<\/strong>: B\u1ec7nh vi\u1ec7n v\u00e0 c\u00e1c c\u01a1 s\u1edf y t\u1ebf kh\u00e1c s\u1eed d\u1ee5ng th\u1ebb v\u1ea3i RFID \u0111\u1ec3 qu\u1ea3n l\u00fd l\u01b0\u1ee3ng l\u1edbn kh\u0103n tr\u1ea3i gi\u01b0\u1eddng, kh\u0103n t\u1eafm, qu\u1ea7n \u00e1o ph\u1eabu thu\u1eadt, \u0111\u1ed3ng ph\u1ee5c v\u00e0 v\u1ea3i ph\u1eabu thu\u1eadt. \u0110i\u1ec1u n\u00e0y gi\u00fap gi\u1ea3m th\u1ea5t tho\u00e1t, qu\u1ea3n l\u00fd chu k\u1ef3 gi\u1eb7t v\u00e0 \u0111\u1ea3m b\u1ea3o v\u1ea3i s\u1ea1ch, m\u1edbi lu\u00f4n c\u00f3 s\u1eb5n khi c\u1ea7n.<\/div>\n<\/li>\n<li>\n<div class=\"auto-hide-last-sibling-br paragraph_1252f paragraph-element\"><strong>Kh\u00e1ch s\u1ea1n<\/strong>: Qu\u1ea3n l\u00fd kh\u0103n tr\u1ea3i gi\u01b0\u1eddng l\u00e0 m\u1ed9t nhi\u1ec7m v\u1ee5 l\u1edbn trong ng\u00e0nh kh\u00e1ch s\u1ea1n, n\u01a1i c\u00f3 h\u00e0ng ng\u00e0n m\u1eb7t h\u00e0ng, t\u1eeb kh\u0103n tr\u1ea3i gi\u01b0\u1eddng \u0111\u1ebfn kh\u0103n t\u1eafm, r\u00e8m c\u1eeda v\u00e0 \u00e1o cho\u00e0ng, \u0111ang l\u01b0u th\u00f4ng. Th\u1ebb kh\u0103n tr\u1ea3i gi\u01b0\u1eddng RFID gi\u00fap \u0111\u01a1n gi\u1ea3n h\u00f3a vi\u1ec7c theo d\u00f5i, \u0111\u1ea3m b\u1ea3o v\u1ec7 sinh v\u00e0 thay th\u1ebf k\u1ecbp th\u1eddi, \u0111\u1ed3ng th\u1eddi gi\u00fap ph\u00e1t hi\u1ec7n v\u00e0 ng\u0103n ng\u1eeba tr\u1ed9m c\u1eafp.<\/div>\n<\/li>\n<li>\n<div class=\"auto-hide-last-sibling-br paragraph_1252f paragraph-element\"><strong>Nh\u00e0 h\u00e0ng<\/strong>Trong ng\u00e0nh d\u1ecbch v\u1ee5 \u0103n u\u1ed1ng, th\u1ebb RFID c\u00f3 th\u1ec3 gi\u00e1m s\u00e1t vi\u1ec7c s\u1eed d\u1ee5ng v\u00e0 v\u1ec7 sinh \u0111\u1ed3ng ph\u1ee5c, kh\u0103n tr\u1ea3i b\u00e0n, kh\u0103n \u0103n v\u00e0 t\u1ea1p d\u1ec1 c\u1ee7a \u0111\u1ea7u b\u1ebfp. \u0110i\u1ec1u n\u00e0y c\u00f3 th\u1ec3 c\u1ea3i thi\u1ec7n ti\u00eau chu\u1ea9n v\u1ec7 sinh v\u00e0 gi\u00fap duy tr\u00ec v\u1ebb ngo\u00e0i chuy\u00ean nghi\u1ec7p, ch\u1ec9n chu.<\/div>\n<\/li>\n<li>\n<div class=\"auto-hide-last-sibling-br paragraph_1252f paragraph-element\"><strong>Ng\u00e0nh c\u00f4ng nghi\u1ec7p may m\u1eb7c th\u1eddi trang<\/strong>: Th\u1ebb RFID \u0111\u00f3ng vai tr\u00f2 r\u1ea5t l\u1edbn trong vi\u1ec7c theo d\u00f5i c\u00e1c m\u1eb7t h\u00e0ng trong su\u1ed1t chu\u1ed7i cung \u1ee9ng, t\u1eeb s\u1ea3n xu\u1ea5t \u0111\u1ebfn b\u00e1n l\u1ebb. Ch\u00fang c\u00f3 th\u1ec3 cung c\u1ea5p th\u00f4ng tin c\u00f3 gi\u00e1 tr\u1ecb nh\u01b0 ngu\u1ed3n g\u1ed1c, l\u1ecbch s\u1eed di chuy\u1ec3n v\u00e0 th\u1eadm ch\u00ed c\u1ea3 th\u00f4ng tin chi ti\u1ebft v\u1ec1 v\u1ea3i v\u00e0 h\u01b0\u1edbng d\u1eabn ch\u0103m s\u00f3c.<\/div>\n<\/li>\n<li>\n<div class=\"auto-hide-last-sibling-br paragraph_1252f paragraph-element\"><strong>Qu\u1ea7n \u00e1o b\u1ea3o h\u1ed9 lao \u0111\u1ed9ng\/ch\u1ed1ng ch\u00e1y<\/strong>: C\u00e1c c\u00f4ng ty c\u00f3 th\u1ec3 s\u1eed d\u1ee5ng th\u1ebb RFID \u0111\u1ec3 theo d\u00f5i v\u00e0 qu\u1ea3n l\u00fd c\u00e1c m\u1eb7t h\u00e0ng qu\u1ea7n \u00e1o \u0111\u1eb7c bi\u1ec7t. \u0110i\u1ec1u n\u00e0y c\u00f3 th\u1ec3 bao g\u1ed3m \u0111\u1ea3m b\u1ea3o qu\u1ea7n \u00e1o ch\u1ed1ng ch\u00e1y ho\u1eb7c qu\u1ea7n \u00e1o b\u1ea3o h\u1ed9 kh\u00e1c \u0111\u01b0\u1ee3c ki\u1ec3m tra th\u01b0\u1eddng xuy\u00ean, gi\u1eb7t s\u1ea1ch \u0111\u00fang c\u00e1ch v\u00e0 thay th\u1ebf khi c\u1ea7n thi\u1ebft.<\/div>\n<\/li>\n<li>\n<div class=\"auto-hide-last-sibling-br paragraph_1252f paragraph-element\"><strong>Gi\u00e0y d\u00e9p v\u00e0 kh\u1ea9u trang<\/strong>:\u0110\u1eb7c bi\u1ec7t quan tr\u1ecdng trong c\u00e1c ng\u00e0nh c\u00f4ng nghi\u1ec7p nh\u01b0 ch\u0103m s\u00f3c s\u1ee9c kh\u1ecfe v\u00e0 x\u00e2y d\u1ef1ng, n\u01a1i m\u00e0 s\u1ef1 an to\u00e0n l\u00e0 y\u1ebfu t\u1ed1 quan tr\u1ecdng, vi\u1ec7c theo d\u00f5i vi\u1ec7c s\u1eed d\u1ee5ng, v\u1ec7 sinh v\u00e0 b\u1ea3o d\u01b0\u1ee1ng c\u00e1c v\u1eadt d\u1ee5ng nh\u01b0 kh\u1ea9u trang v\u00e0 gi\u00e0y an to\u00e0n c\u00f3 th\u1ec3 \u0111\u01b0\u1ee3c \u0111\u01a1n gi\u1ea3n h\u00f3a b\u1eb1ng c\u00e1ch s\u1eed d\u1ee5ng th\u1ebb RFID.<\/div>\n<\/li>\n<li>\n<div class=\"auto-hide-last-sibling-br paragraph_1252f paragraph-element\"><strong>Th\u1ea3m v\u00e0 c\u00e2y lau nh\u00e0<\/strong>:\u0110\u1ed1i v\u1edbi c\u00e1c doanh nghi\u1ec7p cung c\u1ea5p d\u1ecbch v\u1ee5 v\u1ec7 sinh ho\u1eb7c qu\u1ea3n l\u00fd c\u00e1c c\u01a1 s\u1edf l\u1edbn, th\u1ebb RFID tr\u00ean th\u1ea3m v\u00e0 c\u00e2y lau nh\u00e0 c\u00f3 th\u1ec3 gi\u00fap theo d\u00f5i vi\u1ec7c s\u1eed d\u1ee5ng v\u00e0 b\u1ea3o tr\u00ec, \u0111\u1ea3m b\u1ea3o c\u00e1c c\u00f4ng c\u1ee5 lu\u00f4n s\u1ea1ch s\u1ebd v\u00e0 hi\u1ec7u qu\u1ea3.<\/div>\n<\/li>\n<\/ol>\n<h3>C\u00e2u h\u1ecfi th\u01b0\u1eddng g\u1eb7p v\u1ec1 th\u1ebb RFID c\u00f3 th\u1ec3 gi\u1eb7t \u0111\u01b0\u1ee3c<\/h3>\n<p><strong>H\u1ecfi: Th\u1ebb RFID c\u00f3 ch\u1ed1ng n\u01b0\u1edbc kh\u00f4ng?<\/strong><br \/>\nA: V\u00e2ng, th\u1ebb RFID d\u00f9ng cho m\u00e1y gi\u1eb7t c\u1ee7a ch\u00fang t\u00f4i \u0111\u01b0\u1ee3c thi\u1ebft k\u1ebf ch\u1ed1ng th\u1ea5m n\u01b0\u1edbc, \u0111\u1ea3m b\u1ea3o \u0111\u1ed9 b\u1ec1n trong m\u00f4i tr\u01b0\u1eddng \u1ea9m \u01b0\u1edbt.<\/p>\n<p><strong>H\u1ecfi: Nh\u1eefng chi\u1ebfc th\u1ebb n\u00e0y c\u00f3 th\u1ec3 ch\u1ecbu \u0111\u01b0\u1ee3c bao nhi\u00eau l\u1ea7n gi\u1eb7t?<\/strong><br \/>\nA: C\u00e1c th\u1ebb RFID c\u00f3 th\u1ec3 gi\u1eb7t \u0111\u01b0\u1ee3c c\u1ee7a ch\u00fang t\u00f4i th\u01b0\u1eddng c\u00f3 th\u1ec3 ch\u1ecbu \u0111\u01b0\u1ee3c \u0111\u1ebfn...\u00a0<strong>200 chu tr\u00ecnh gi\u1eb7t<\/strong>\u00a0\u0111\u1ed3ng th\u1eddi v\u1eabn duy tr\u00ec ch\u1ee9c n\u0103ng theo d\u00f5i c\u1ee7a ch\u00fang.<\/p>\n<p><strong>H\u1ecfi: T\u00f4i c\u00f3 th\u1ec3 t\u00f9y ch\u1ec9nh c\u00e1c th\u1ebb theo nhu c\u1ea7u c\u1ee5 th\u1ec3 c\u1ee7a m\u00ecnh kh\u00f4ng?<\/strong><br \/>\nA: Ch\u1eafc ch\u1eafn r\u1ed3i! Ch\u00fang t\u00f4i cung c\u1ea5p\u00a0<strong>gi\u1ea3i ph\u00e1p RFID t\u00f9y ch\u1ec9nh<\/strong>\u00a0\u0110\u01b0\u1ee3c thi\u1ebft k\u1ebf ri\u00eang theo nhu c\u1ea7u qu\u1ea3n l\u00fd gi\u1eb7t \u1ee7i c\u1ee5 th\u1ec3 c\u1ee7a b\u1ea1n.<\/p>","protected":false},"excerpt":{"rendered":"<p><strong>Th\u1ebb RFID c\u00f3 th\u1ec3 gi\u1eb7t \u0111\u01b0\u1ee3c<\/strong>, Th\u1ebb RFID, th\u01b0\u1eddng \u0111\u01b0\u1ee3c g\u1ecdi l\u00e0 th\u1ebb v\u1ea3i lanh, \u0111\u01b0\u1ee3c ch\u1ebf t\u1ea1o v\u1edbi l\u1edbp v\u1ecf ngo\u00e0i b\u1eb1ng cao su m\u1ec1m m\u1ea1i nh\u01b0ng ch\u1eafc ch\u1eafn. \u0110\u00e2y l\u00e0 nh\u1eefng th\u1ebb qu\u1ea7n \u00e1o \u0111\u01b0\u1ee3c thi\u1ebft k\u1ebf \u0111\u1ec3 linh ho\u1ea1t v\u00e0 b\u1ec1n b\u1ec9, ch\u1ecbu \u0111\u01b0\u1ee3c t\u1edbi 200 chu k\u1ef3 gi\u1eb7t v\u00e0 \u00e1p su\u1ea5t l\u00ean \u0111\u1ebfn 60 bar. Th\u1ebb gi\u1eb7t RFID UHF c\u1ee7a ch\u00fang t\u00f4i ho\u1ea1t \u0111\u1ed9ng hi\u1ec7u qu\u1ea3 trong vi\u1ec7c \u0111\u1ecdc h\u00e0ng lo\u1ea1t, \u0111\u01b0\u1ee3c ph\u00e1t hi\u1ec7n hi\u1ec7u qu\u1ea3 t\u1eeb kho\u1ea3ng c\u00e1ch v\u00e0i m\u00e9t. Ch\u00fang c\u00f3 nhi\u1ec1u k\u00edch th\u01b0\u1edbc kh\u00e1c nhau, t\u1eeb 1,5 \u0111\u1ebfn 3 inch chi\u1ec1u d\u00e0i v\u00e0 t\u1eeb n\u1eeda inch \u0111\u1ebfn 1 inch chi\u1ec1u r\u1ed9ng. Nh\u1eefng th\u1ebb RFID c\u00f3 th\u1ec3 gi\u1eb7t n\u00e0y \u0111\u01b0\u1ee3c s\u1eed d\u1ee5ng r\u1ed9ng r\u00e3i trong l\u0129nh v\u1ef1c y t\u1ebf, th\u01b0\u1eddng \u0111\u01b0\u1ee3c g\u1eafn v\u00e0o qu\u1ea7n \u00e1o ph\u1eabu thu\u1eadt c\u1ee7a b\u00e1c s\u0129 v\u00e0 y t\u00e1, c\u0169ng nh\u01b0 c\u00e1c \u0111\u1ed3ng ph\u1ee5c, trang ph\u1ee5c chuy\u00ean nghi\u1ec7p kh\u00e1c v\u00e0 c\u00e1c v\u1eadt d\u1ee5ng cho thu\u00ea nh\u01b0 th\u1ea3m.<\/p>","protected":false},"featured_media":3085,"template":"","meta":{"_kad_post_transparent":"default","_kad_post_title":"","_kad_post_layout":"default","_kad_post_sidebar_id":"","_kad_post_content_style":"default","_kad_post_vertical_padding":"default","_kad_post_feature":"","_kad_post_feature_position":"","_kad_post_header":false,"_kad_post_footer":false,"_kad_post_classname":""},"product_brand":[],"product_cat":[16],"product_tag":[24,375,342,339,65,368,30,374,373],"class_list":{"0":"post-3084","1":"product","2":"type-product","3":"status-publish","4":"has-post-thumbnail","6":"product_cat-uhf-rfid-laundry-tags","7":"product_tag-laundry-rfid-tags","8":"product_tag-rfid-laundry-tag-7015mm","9":"product_tag-rfid-laundry-tags","10":"product_tag-rfid-washable-tags","11":"product_tag-textile-rfid-laundry-tags","12":"product_tag-textile-uhf-rfid-tags-labels","13":"product_tag-uhf-rfid-laundry-tag","14":"product_tag-washable-uhf-rfid-labels","15":"product_tag-washable-uhf-rfid-laundry-textile-labels","17":"first","18":"instock","19":"featured","20":"shipping-taxable","21":"product-type-simple","22":"entry","23":"content-bg","24":"loop-entry"},"_links":{"self":[{"href":"https:\/\/rfid-laundry-tag.com\/vi\/wp-json\/wp\/v2\/product\/3084","targetHints":{"allow":["GET"]}}],"collection":[{"href":"https:\/\/rfid-laundry-tag.com\/vi\/wp-json\/wp\/v2\/product"}],"about":[{"href":"https:\/\/rfid-laundry-tag.com\/vi\/wp-json\/wp\/v2\/types\/product"}],"version-history":[{"count":1,"href":"https:\/\/rfid-laundry-tag.com\/vi\/wp-json\/wp\/v2\/product\/3084\/revisions"}],"predecessor-version":[{"id":3087,"href":"https:\/\/rfid-laundry-tag.com\/vi\/wp-json\/wp\/v2\/product\/3084\/revisions\/3087"}],"wp:featuredmedia":[{"embeddable":true,"href":"https:\/\/rfid-laundry-tag.com\/vi\/wp-json\/wp\/v2\/media\/3085"}],"wp:attachment":[{"href":"https:\/\/rfid-laundry-tag.com\/vi\/wp-json\/wp\/v2\/media?parent=3084"}],"wp:term":[{"taxonomy":"product_brand","embeddable":true,"href":"https:\/\/rfid-laundry-tag.com\/vi\/wp-json\/wp\/v2\/product_brand?post=3084"},{"taxonomy":"product_cat","embeddable":true,"href":"https:\/\/rfid-laundry-tag.com\/vi\/wp-json\/wp\/v2\/product_cat?post=3084"},{"taxonomy":"product_tag","embeddable":true,"href":"https:\/\/rfid-laundry-tag.com\/vi\/wp-json\/wp\/v2\/product_tag?post=3084"}],"curies":[{"name":"wp","href":"https:\/\/api.w.org\/{rel}","templated":true}]}}