{"id":3079,"date":"2025-12-18T10:10:20","date_gmt":"2025-12-18T10:10:20","guid":{"rendered":"https:\/\/rfid-laundry-tag.com\/?post_type=product&#038;p=3079"},"modified":"2026-01-04T13:08:46","modified_gmt":"2026-01-04T13:08:46","slug":"rfid-laundry-tag-7015mm","status":"publish","type":"product","link":"https:\/\/rfid-laundry-tag.com\/vi\/rfid-laundry-tag-7015mm\/","title":{"rendered":"Th\u1ebb RFID cho m\u00e1y gi\u1eb7t - 70*15mm"},"content":{"rendered":"<h2>Th\u1ebb RFID cho m\u00e1y gi\u1eb7t - 70*15mm<\/h2>\n<p><b>S\u1eed d\u1ee5ng<a href=\"https:\/\/rfid-laundry-tag.com\/vi\/textile-rfid-laundry-tag\/\">\u00a0Th\u1ebb gi\u1eb7t RFID<\/a>\u00a0thu\u1eadn l\u1ee3i:<\/b><br \/>\n1) Gi\u1ea3m chi ph\u00ed nh\u00e2n c\u00f4ng, c\u00f9ng v\u1edbi m\u00e1y qu\u00e9t c\u1ea7m tay UHF s\u1ebd bi\u1ebft \u0111\u01b0\u1ee3c s\u1ed1 l\u01b0\u1ee3ng.<br \/>\n2) Ph\u00e2n lo\u1ea1i qu\u1ea7n \u00e1o t\u1eeb c\u00e1c kh\u00e1ch s\u1ea1n ho\u1eb7c c\u00f4ng ty kh\u00e1c nhau.<br \/>\n3) Ph\u00e2n t\u00edch d\u1eef li\u1ec7u: Sau khi thu th\u1eadp d\u1eef li\u1ec7u, b\u1ea1n c\u00f3 th\u1ec3 hi\u1ec3u r\u00f5 h\u01a1n, v\u00ed d\u1ee5:<br \/>\n* N\u1ebfu ch\u1ea5t l\u01b0\u1ee3ng v\u1ea3i c\u1ee7a c\u00f4ng ty n\u00e0o t\u1ed1t h\u01a1n, b\u1ea1n c\u00f3 th\u1ec3 ch\u1ecdn c\u00f4ng ty \u0111\u00f3 \u0111\u1ec3 ti\u1ebft ki\u1ec7m chi ph\u00ed cho c\u00e1c \u0111\u01a1n h\u00e0ng trong t\u01b0\u01a1ng lai.<br \/>\n* Kh\u00e1ch s\u1ea1n ho\u1eb7c c\u00f4ng ty n\u00e0o c\u00f3 ch\u1ea5t li\u1ec7u v\u1ea3i d\u1ec5 b\u1ecb h\u01b0 h\u1ecfng h\u01a1n?<\/p>\n<div class=\"entry-content-asset videofit\"><iframe title=\"T\u1ea1i sao s\u1eed d\u1ee5ng RFID trong gi\u1eb7t l\u00e0 d\u1ec7t may?\" src=\"https:\/\/www.youtube.com\/embed\/X_P3EuhS_hE?feature=oembed\" width=\"720\" height=\"405\" frameborder=\"0\" allowfullscreen=\"allowfullscreen\" data-mce-fragment=\"1\"><\/iframe><\/div>\n<div class=\"table-with-header rounded-lg border border-solid border-grey-line2-normal w-fit max-w-full mb-2\">\n<div class=\"overflow-x-auto custom-scrollbar custom-scrollbar-float max-w-full\">\n<table class=\"w-fit !mb-0 !max-w-none\">\n<thead>\n<tr>\n<th>T\u00ednh n\u0103ng<\/th>\n<th>\u0110\u1eb7c \u0111i\u1ec3m k\u1ef9 thu\u1eadt<\/th>\n<\/tr>\n<\/thead>\n<tbody>\n<tr>\n<td><strong>T\u00ean m\u1eb7t h\u00e0ng<\/strong><\/td>\n<td><strong>Th\u1ebb gi\u1eb7t RFID<\/strong><\/td>\n<\/tr>\n<tr>\n<td><strong>Ti\u00eau chu\u1ea9n RFID<\/strong><\/td>\n<td>ISO\/IEC 18000-6 Lo\u1ea1i C (EPC Gen2)<\/td>\n<\/tr>\n<tr>\n<td><strong>K\u00edch th\u01b0\u1edbc &amp; Tr\u1ecdng l\u01b0\u1ee3ng<\/strong><\/td>\n<td>70\u00d715 mm, 0,6g<\/td>\n<\/tr>\n<tr>\n<td><strong>Lo\u1ea1i Chip<\/strong><\/td>\n<td>NXP U CODE 8, NXP U CODE 9<\/td>\n<\/tr>\n<tr>\n<td><strong>B\u1ed9 nh\u1edb EPC<\/strong><\/td>\n<td>128 bit<\/td>\n<\/tr>\n<tr>\n<td><strong>B\u1ed9 nh\u1edb ng\u01b0\u1eddi d\u00f9ng<\/strong><\/td>\n<td>512 bit<\/td>\n<\/tr>\n<tr>\n<td><strong>Ph\u1ea1m vi \u0111\u1ecdc<\/strong><\/td>\n<td>8m (2W ERP FCC\/ETSI)<\/td>\n<\/tr>\n<tr>\n<td><strong>\u0110\u00e1nh d\u1ea5u<\/strong><\/td>\n<td>May, keo d\u00e1n d\u1eadp n\u00f3ng<\/td>\n<\/tr>\n<tr>\n<td><strong>Tu\u1ed5i th\u1ecd \u01b0\u1edbc t\u00ednh<\/strong><\/td>\n<td>200 l\u1ea7n gi\u1eb7t ho\u1eb7c 3 n\u0103m<\/td>\n<\/tr>\n<tr>\n<td><strong>Ph\u01b0\u01a1ng ph\u00e1p gi\u1eb7t<\/strong><\/td>\n<td>Gi\u1eb7t \u1ee7i, Gi\u1eb7t kh\u00f4<\/td>\n<\/tr>\n<tr>\n<td><strong>\u00c1p su\u1ea5t khai th\u00e1c n\u01b0\u1edbc<\/strong><\/td>\n<td>60 thanh<\/td>\n<\/tr>\n<tr>\n<td><strong>Ch\u1ed1ng n\u01b0\u1edbc<\/strong><\/td>\n<td>Ch\u1ed1ng n\u01b0\u1edbc<\/td>\n<\/tr>\n<tr>\n<td><strong>Kh\u00e1ng h\u00f3a ch\u1ea5t<\/strong><\/td>\n<td>Ch\u1ea5t t\u1ea9y r\u1eeda, ch\u1ea5t l\u00e0m m\u1ec1m v\u1ea3i, ch\u1ea5t t\u1ea9y tr\u1eafng (oxy\/clo), ch\u1ea5t ki\u1ec1m<\/td>\n<\/tr>\n<tr>\n<td>\u00a0Ng\u01b0\u1eddi \u1ee7i \u0111\u1ed3:<\/td>\n<td>190 \u00baC ~225 \u00baC trong 10~15 gi\u00e2y<\/td>\n<\/tr>\n<\/tbody>\n<\/table>\n<\/div>\n<\/div>\n<h3 class=\"wp-block-heading\">C\u00e0i \u0111\u1eb7t<\/h3>\n<p><strong>G\u1eafn th\u1ebb kh\u00e2u<\/strong>: \u0110\u1ec3 kh\u00e2u v\u00e0o vi\u1ec1n v\u1ea3i. Kh\u00e2u nh\u00e3n gi\u1eb7t ra kh\u1ecfi \u0111\u01b0\u1eddng g\u1ea5p.<br \/>\n<strong>H\u00e0n nhi\u1ec7t<\/strong>: \u0110\u01b0\u1ee3c h\u00e0n nhi\u1ec7t tr\u1ef1c ti\u1ebfp l\u00ean v\u1ea3i \u1edf nhi\u1ec7t \u0111\u1ed9 +200\u00b0C (392\u00b0F), trong 12~14 gi\u00e2y.<br \/>\n<strong>Trong t\u00fai<\/strong>: \u0110\u1ec3 kh\u00e2u nh\u01b0 nh\u00e3n ch\u0103m s\u00f3c ti\u00eau chu\u1ea9n. Kh\u00e2u nh\u00e3n gi\u1eb7t ra kh\u1ecfi \u0111\u01b0\u1eddng g\u1ea5p.<\/p>\n<p>&nbsp;<\/p>\n<p><strong>Gi\u1edbi thi\u1ec7u s\u1ea3n ph\u1ea9m:<\/strong><br \/>\n*\u0110\u00e3 s\u1eed d\u1ee5ng h\u01a1n 200 l\u1ea7n trong quy tr\u00ecnh gi\u1eb7t c\u00f4ng nghi\u1ec7p.<br \/>\n*Ki\u1ec3m tra ghi d\u1eef li\u1ec7u b\u1ed9 nh\u1edb 100%;<br \/>\n*V\u1eadt li\u1ec7u v\u00e0 thi\u1ebft k\u1ebf \u0111\u00e3 \u0111\u01b0\u1ee3c ki\u1ec3m tra v\u1ec1 \u0111\u1ed9 tin c\u1eady;<br \/>\n*S\u1ea3n ph\u1ea9m \u0111\u00e3 \u0111\u01b0\u1ee3c ki\u1ec3m tra v\u1ec1 t\u00ednh nh\u1ea5t qu\u00e1n RF 100% b\u1eb1ng thi\u1ebft b\u1ecb Tagformace c\u1ee7a Ph\u1ea7n Lan.<br \/>\n* Gi\u1eb7t c\u00f4ng nghi\u1ec7p th\u1ef1c t\u1ebf 200 l\u1ea7n.<br \/>\n* M\u1ec1m m\u1ea1i, linh ho\u1ea1t;<br \/>\n* Ch\u1ecbu \u0111\u01b0\u1ee3c \u00e1p su\u1ea5t 60 atm.<\/p>\n<figure id=\"attachment_3434\" class=\"wp-caption alignnone\" aria-describedby=\"caption-attachment-3434\">\n<p><figure id=\"attachment_3081\" aria-describedby=\"caption-attachment-3081\" style=\"width: 1000px\" class=\"wp-caption alignnone\"><a href=\"https:\/\/rfid-laundry-tag.com\/vi\/textile-rfid-laundry-tag\/\"><img fetchpriority=\"high\" decoding=\"async\" class=\"size-full wp-image-3081\" src=\"https:\/\/rfid-laundry-tag.com\/wp-content\/uploads\/2025\/12\/UHF-RFID-washable-laundry-tag-08.jpg\" alt=\"RFID Laundry Tag-70*15mm\" width=\"1000\" height=\"1000\" srcset=\"https:\/\/rfid-laundry-tag.com\/wp-content\/uploads\/2025\/12\/UHF-RFID-washable-laundry-tag-08.jpg 1000w, https:\/\/rfid-laundry-tag.com\/wp-content\/uploads\/2025\/12\/UHF-RFID-washable-laundry-tag-08-300x300.jpg 300w, https:\/\/rfid-laundry-tag.com\/wp-content\/uploads\/2025\/12\/UHF-RFID-washable-laundry-tag-08-150x150.jpg 150w, https:\/\/rfid-laundry-tag.com\/wp-content\/uploads\/2025\/12\/UHF-RFID-washable-laundry-tag-08-768x768.jpg 768w, https:\/\/rfid-laundry-tag.com\/wp-content\/uploads\/2025\/12\/UHF-RFID-washable-laundry-tag-08-12x12.jpg 12w, https:\/\/rfid-laundry-tag.com\/wp-content\/uploads\/2025\/12\/UHF-RFID-washable-laundry-tag-08-600x600.jpg 600w, https:\/\/rfid-laundry-tag.com\/wp-content\/uploads\/2025\/12\/UHF-RFID-washable-laundry-tag-08-100x100.jpg 100w\" sizes=\"(max-width: 1000px) 100vw, 1000px\" \/><\/a><figcaption id=\"caption-attachment-3081\" class=\"wp-caption-text\">Th\u1ebb RFID cho m\u00e1y gi\u1eb7t - 70*15mm<\/figcaption><\/figure><figcaption id=\"caption-attachment-3434\" class=\"wp-caption-text\">\u00a0<\/figcaption><\/figure>\n<p><strong>\u1ee8ng d\u1ee5ng s\u1ea3n ph\u1ea9m:<\/strong><br \/>\n* Gi\u1eb7t c\u00f4ng nghi\u1ec7p;<br \/>\n* Qu\u1ea3n l\u00fd \u0111\u1ed3ng ph\u1ee5c nh\u00e2n vi\u00ean v\u00e0 h\u1ecdc sinh;<br \/>\n* Qu\u1ea3n l\u00fd trang ph\u1ee5c y t\u1ebf;<br \/>\n* Qu\u1ea3n l\u00fd tu\u1ea7n tra nh\u00e2n s\u1ef1;<br \/>\n* Qu\u1ea3n l\u00fd s\u1ea3n xu\u1ea5t nh\u00e0 m\u00e1y may.<\/p>\n<h2 data-spm-anchor-id=\"a2700.details-description.0.i0.40e8juJgjuJgsa\"><b><span class=\"magic-29\" data-spm-anchor-id=\"a2700.details-description.0.i4.40e8juJgjuJgsa\">\u01afu \u0111i\u1ec3m ch\u00ednh:<\/span><\/b><\/h2>\n<div data-spm-anchor-id=\"a2700.details-description.0.i0.40e8juJgjuJgsa\">\n<div data-spm-anchor-id=\"a2700.details-description.0.i3.40e8juJgjuJgsa\"><span class=\"magic-30\"><span class=\"magic-31\">* \u0110\u01b0\u1ee3c l\u1eafp \u0111\u1eb7t tr\u00ean b\u1ec1 m\u1eb7t kim lo\u1ea1i v\u00e0 phi kim lo\u1ea1i, c\u00f3 hi\u1ec7u su\u1ea5t t\u1ea7n s\u1ed1 v\u00f4 tuy\u1ebfn t\u1ed1t, m\u00e3 s\u1ea3n ph\u1ea9m 100% \u0111\u1ea1t ti\u00eau chu\u1ea9n nh\u1eadp kh\u1ea9u ch\u00e2u \u00c2u;<br \/>\nKi\u1ec3m tra s\u1ef1 ph\u00f9 h\u1ee3p c\u1ee7a h\u1ec7 th\u1ed1ng * sau khi x\u00e1c nh\u1eadn v\u00e0 s\u1eed d\u1ee5ng b\u1edfi c\u00e1c kh\u00e1ch h\u00e0ng qu\u1ed1c t\u1ebf n\u1ed5i ti\u1ebfng;<\/span><\/span><\/div>\n<\/div>\n<div class=\"auto-hide-last-sibling-br paragraph_1252f paragraph-element\">\n<figure id=\"attachment_3033\" aria-describedby=\"caption-attachment-3033\" style=\"width: 768px\" class=\"wp-caption alignnone\"><a href=\"https:\/\/rfid-laundry-tag.com\/vi\/textile-rfid-laundry-tag\/\"><img decoding=\"async\" class=\"size-large wp-image-3033\" src=\"https:\/\/rfid-laundry-tag.com\/wp-content\/uploads\/2025\/12\/RFID-Laundry-Tag-Installation-Guide-01-768x1024.png\" alt=\"RFID Laundry Tags\" width=\"768\" height=\"1024\" srcset=\"https:\/\/rfid-laundry-tag.com\/wp-content\/uploads\/2025\/12\/RFID-Laundry-Tag-Installation-Guide-01-768x1025.png 768w, https:\/\/rfid-laundry-tag.com\/wp-content\/uploads\/2025\/12\/RFID-Laundry-Tag-Installation-Guide-01-225x300.png 225w, https:\/\/rfid-laundry-tag.com\/wp-content\/uploads\/2025\/12\/RFID-Laundry-Tag-Installation-Guide-01-9x12.png 9w, https:\/\/rfid-laundry-tag.com\/wp-content\/uploads\/2025\/12\/RFID-Laundry-Tag-Installation-Guide-01-600x801.png 600w, https:\/\/rfid-laundry-tag.com\/wp-content\/uploads\/2025\/12\/RFID-Laundry-Tag-Installation-Guide-01.png 790w\" sizes=\"(max-width: 768px) 100vw, 768px\" \/><\/a><figcaption id=\"caption-attachment-3033\" class=\"wp-caption-text\">Th\u1ebb gi\u1eb7t RFID<\/figcaption><\/figure>\n<\/div>\n<div>\n<div class=\"J_module\">\n<h2 id=\"ali-anchor-AliMagic-0o5zmv\" class=\"magic-0\" data-section=\"AliMagic-0o5zmv\" data-section-title=\"FAQ\" data-spm-anchor-id=\"a2700.details-description.0.i2.40e8juJgjuJgsa\"><strong>Nh\u1eefng c\u00e2u h\u1ecfi th\u01b0\u1eddng g\u1eb7p<\/strong><\/h2>\n<div data-section=\"AliMagic-0o5zmv\" data-section-title=\"FAQ\" data-spm-anchor-id=\"a2700.details-description.0.i2.40e8juJgjuJgsa\"><\/div>\n<\/div>\n<div class=\"J_module\">\n<div class=\"detail-decorate-json-renderer-container\">\n<div class=\"magic-17\">\n<div class=\"magic-18\">\n<div class=\"magic-19\">\n<div class=\"magic-20\">\n<div data-spm-anchor-id=\"a2700.details-description.0.i5.40e8juJgjuJgsa\"><b class=\"magic-32\">1. B\u1ea1n c\u00f3 th\u1ec3 cung c\u1ea5p cho ch\u00fang t\u00f4i m\u1ed9t v\u00e0i m\u1eabu s\u1ea3n ph\u1ea9m \u0111\u01b0\u1ee3c kh\u00f4ng?<\/b><\/div>\n<div data-spm-anchor-id=\"a2700.details-description.0.i5.40e8juJgjuJgsa\">Sau khi hi\u1ec3u r\u00f5 nhu c\u1ea7u s\u1ea3n ph\u1ea9m c\u1ee7a qu\u00fd kh\u00e1ch, ch\u00fang t\u00f4i s\u1ebd cung c\u1ea5p m\u1eabu s\u1ea3n ph\u1ea9m t\u01b0\u01a1ng t\u1ef1 hi\u1ec7n c\u00f3 \u0111\u1ec3 qu\u00fd kh\u00e1ch tham kh\u1ea3o. M\u1eabu mi\u1ec5n ph\u00ed, ph\u00ed v\u1eadn chuy\u1ec3n do qu\u00fd kh\u00e1ch thanh to\u00e1n. N\u1ebfu qu\u00fd kh\u00e1ch c\u1ea7n m\u1eabu nh\u00e3n m\u00e1c t\u00f9y ch\u1ec9nh theo thi\u1ebft k\u1ebf v\u00e0 y\u00eau c\u1ea7u ri\u00eang, ph\u00ed m\u1eabu s\u1ebd \u0111\u01b0\u1ee3c t\u00ednh t\u01b0\u01a1ng \u1ee9ng v\u1edbi m\u1ee9c ph\u00ed h\u1ee3p l\u00fd.<\/div>\n<div data-spm-anchor-id=\"a2700.details-description.0.i5.40e8juJgjuJgsa\"><\/div>\n<div data-spm-anchor-id=\"a2700.details-description.0.i5.40e8juJgjuJgsa\"><b class=\"magic-32\">2. Ch\u00fang t\u00f4i kh\u00f4ng ph\u1ea3i l\u00e0 chuy\u00ean gia mua h\u00e0ng v\u1ec1 c\u00f4ng ngh\u1ec7 c\u1ee7a qu\u00fd c\u00f4ng ty, v\u1eady qu\u00fd c\u00f4ng ty c\u1ea7n th\u00f4ng tin g\u00ec t\u1eeb ch\u00fang t\u00f4i \u0111\u1ec3 b\u00e1o gi\u00e1?<\/b><\/div>\n<div data-spm-anchor-id=\"a2700.details-description.0.i5.40e8juJgjuJgsa\">Ch\u00e0o b\u1ea1n, vui l\u00f2ng cho ch\u00fang t\u00f4i bi\u1ebft r\u00f5 \u1ee9ng d\u1ee5ng c\u1ee7a th\u1ebb RFID, m\u1ee5c ti\u00eau b\u1ea1n mu\u1ed1n \u0111\u1ea1t \u0111\u01b0\u1ee3c l\u00e0 g\u00ec, ch\u00fang t\u00f4i s\u1ebd \u0111\u1ec1 xu\u1ea5t s\u1ea3n ph\u1ea9m ph\u00f9 h\u1ee3p v\u1edbi gi\u00e1 c\u1ea3 ph\u1ea3i ch\u0103ng.<\/div>\n<div data-spm-anchor-id=\"a2700.details-description.0.i5.40e8juJgjuJgsa\"><\/div>\n<div data-spm-anchor-id=\"a2700.details-description.0.i5.40e8juJgjuJgsa\"><b class=\"magic-32\">3. Ch\u00fang t\u00f4i c\u00f3 v\u1ea5n \u0111\u1ec1 l\u00e0 \u0111\u00e3 thanh to\u00e1n nh\u01b0ng c\u00e1c b\u1ea1n ch\u01b0a g\u1eedi h\u00e0ng cho ch\u00fang t\u00f4i. .<\/b>\u00a0Ch\u00fang t\u00f4i l\u00e0 m\u1ed9t c\u00f4ng ty h\u00e0ng \u0111\u1ea7u v\u1ec1 th\u1ebb RFID, ho\u1ea1t \u0111\u1ed9ng kinh doanh trung th\u1ef1c tr\u00ean th\u1ecb tr\u01b0\u1eddng qu\u1ed1c t\u1ebf trong nhi\u1ec1u n\u0103m. Ch\u00fang t\u00f4i lu\u00f4n nh\u1eadn \u0111\u01b0\u1ee3c ph\u1ea3n h\u1ed3i t\u00edch c\u1ef1c t\u1eeb kh\u00e1ch h\u00e0ng tr\u00ean to\u00e0n th\u1ebf gi\u1edbi.<\/div>\n<div data-spm-anchor-id=\"a2700.details-description.0.i5.40e8juJgjuJgsa\"><\/div>\n<div data-spm-anchor-id=\"a2700.details-description.0.i5.40e8juJgjuJgsa\"><span class=\"magic-32\"><b><span class=\"magic-30\">4. Ch\u00fang t\u00f4i c\u00f3 th\u1ec3 \u0111\u1ebfn th\u0103m nh\u00e0 m\u00e1y c\u1ee7a b\u1ea1n \u0111\u01b0\u1ee3c kh\u00f4ng?<\/span><\/b><\/span>\u00a0V\u00e2ng, r\u1ea5t h\u00e2n h\u1ea1nh \u0111\u01b0\u1ee3c \u0111\u00f3n ti\u1ebfp qu\u00fd kh\u00e1ch tham quan nh\u00e0 m\u00e1y. V\u00e0 ch\u00fang t\u00f4i r\u1ea5t vinh d\u1ef1 \u0111\u01b0\u1ee3c l\u00e0m h\u01b0\u1edbng d\u1eabn vi\u00ean cho chuy\u1ebfn \u0111i Trung Qu\u1ed1c c\u1ee7a qu\u00fd kh\u00e1ch.<\/div>\n<\/div>\n<div data-spm-anchor-id=\"a2700.details-description.0.i5.40e8juJgjuJgsa\">\n<figure id=\"attachment_3036\" aria-describedby=\"caption-attachment-3036\" style=\"width: 1024px\" class=\"wp-caption alignnone\"><a href=\"https:\/\/rfid-laundry-tag.com\/vi\/textile-rfid-laundry-tag\/\"><img decoding=\"async\" class=\"size-large wp-image-3036\" src=\"https:\/\/rfid-laundry-tag.com\/wp-content\/uploads\/2025\/12\/RFID-Laundry-Tag-Installation-Guide-03--1024x590.png\" alt=\"How to Sew RFID Laundry Tags into Linens and Garments\" width=\"1024\" height=\"590\" srcset=\"https:\/\/rfid-laundry-tag.com\/wp-content\/uploads\/2025\/12\/RFID-Laundry-Tag-Installation-Guide-03--1024x590.png 1024w, https:\/\/rfid-laundry-tag.com\/wp-content\/uploads\/2025\/12\/RFID-Laundry-Tag-Installation-Guide-03--300x173.png 300w, https:\/\/rfid-laundry-tag.com\/wp-content\/uploads\/2025\/12\/RFID-Laundry-Tag-Installation-Guide-03--768x442.png 768w, https:\/\/rfid-laundry-tag.com\/wp-content\/uploads\/2025\/12\/RFID-Laundry-Tag-Installation-Guide-03--18x10.png 18w, https:\/\/rfid-laundry-tag.com\/wp-content\/uploads\/2025\/12\/RFID-Laundry-Tag-Installation-Guide-03--600x345.png 600w, https:\/\/rfid-laundry-tag.com\/wp-content\/uploads\/2025\/12\/RFID-Laundry-Tag-Installation-Guide-03-.png 1148w\" sizes=\"(max-width: 1024px) 100vw, 1024px\" \/><\/a><figcaption id=\"caption-attachment-3036\" class=\"wp-caption-text\">C\u00e1ch may th\u1ebb RFID v\u00e0o kh\u0103n tr\u1ea3i gi\u01b0\u1eddng v\u00e0 qu\u1ea7n \u00e1o<\/figcaption><\/figure>\n<\/div>\n<\/div>\n<\/div>\n<\/div>\n<\/div>\n<\/div>\n<\/div>","protected":false},"excerpt":{"rendered":"<div class=\"elementor-element elementor-element-4f79c63 e-flex e-con-boxed e-con e-parent e-lazyloaded\" data-id=\"4f79c63\" data-element_type=\"container\" data-settings=\"{&quot;_ha_eqh_enable&quot;:false}\">\n<div class=\"e-con-inner\">\n<div class=\"elementor-element elementor-element-be3873c elementor-widget elementor-widget-woocommerce-product-short-description\" data-id=\"be3873c\" data-element_type=\"widget\" data-widget_type=\"woocommerce-product-short-description.default\">\n<div class=\"elementor-widget-container\">\n<div class=\"woocommerce-product-details__short-description\"><\/div>\n<\/div>\n<\/div>\n<\/div>\n<\/div>\n<div class=\"elementor-element elementor-element-3ad806e e-flex e-con-boxed e-con e-parent e-lazyloaded\" data-id=\"3ad806e\" data-element_type=\"container\" data-settings=\"{&quot;_ha_eqh_enable&quot;:false}\">\n<div class=\"e-con-inner\">\n<div class=\"elementor-element elementor-element-362020f elementor-widget elementor-widget-woocommerce-product-data-tabs\" data-id=\"362020f\" data-element_type=\"widget\" data-widget_type=\"woocommerce-product-data-tabs.default\">\n<div class=\"elementor-widget-container\">\n<div class=\"woocommerce-tabs wc-tabs-wrapper\">\n<h3 class=\"wp-block-heading\">Th\u1ebb RFID cho m\u00e1y gi\u1eb7t - 70*15mm<\/h3>\n<p>1. K\u00edch th\u01b0\u1edbc: 70*15mm<br \/>\n2. \u0110\u01b0\u1ee3c b\u1ea3o h\u00e0nh 200 ho\u1eb7c 300 chu k\u1ef3 gi\u1eb7t v\u1edbi ch\u1ee9c n\u0103ng kh\u1eed tr\u00f9ng, v\u1eaft kh\u00f4, x\u1eed l\u00fd nhi\u1ec7t b\u1eb1ng b\u00e0n \u1ee7i d\u01b0\u1edbi \u00e1p su\u1ea5t 60 bar, gia nhi\u1ec7t \u1edf 200\u00b0C.<br \/>\n3. Th\u1eddi gian giao h\u00e0ng l\u00e0 1-2 ng\u00e0y.<\/p>\n<\/div>\n<\/div>\n<\/div>\n<\/div>\n<\/div>","protected":false},"featured_media":3080,"template":"","meta":{"_kad_post_transparent":"default","_kad_post_title":"","_kad_post_layout":"default","_kad_post_sidebar_id":"","_kad_post_content_style":"default","_kad_post_vertical_padding":"default","_kad_post_feature":"","_kad_post_feature_position":"","_kad_post_header":false,"_kad_post_footer":false,"_kad_post_classname":""},"product_brand":[],"product_cat":[16],"product_tag":[378,24,375,342,339,380,65,368,30,379,374,373],"class_list":{"0":"post-3079","1":"product","2":"type-product","3":"status-publish","4":"has-post-thumbnail","6":"product_cat-uhf-rfid-laundry-tags","7":"product_tag-laundry-management","8":"product_tag-laundry-rfid-tags","9":"product_tag-rfid-laundry-tag-7015mm","10":"product_tag-rfid-laundry-tags","11":"product_tag-rfid-washable-tags","12":"product_tag-smart-textile","13":"product_tag-textile-rfid-laundry-tags","14":"product_tag-textile-uhf-rfid-tags-labels","15":"product_tag-uhf-rfid-laundry-tag","16":"product_tag-uniform-management","17":"product_tag-washable-uhf-rfid-labels","18":"product_tag-washable-uhf-rfid-laundry-textile-labels","20":"first","21":"instock","22":"featured","23":"shipping-taxable","24":"product-type-simple","25":"entry","26":"content-bg","27":"loop-entry"},"_links":{"self":[{"href":"https:\/\/rfid-laundry-tag.com\/vi\/wp-json\/wp\/v2\/product\/3079","targetHints":{"allow":["GET"]}}],"collection":[{"href":"https:\/\/rfid-laundry-tag.com\/vi\/wp-json\/wp\/v2\/product"}],"about":[{"href":"https:\/\/rfid-laundry-tag.com\/vi\/wp-json\/wp\/v2\/types\/product"}],"version-history":[{"count":3,"href":"https:\/\/rfid-laundry-tag.com\/vi\/wp-json\/wp\/v2\/product\/3079\/revisions"}],"predecessor-version":[{"id":3170,"href":"https:\/\/rfid-laundry-tag.com\/vi\/wp-json\/wp\/v2\/product\/3079\/revisions\/3170"}],"wp:featuredmedia":[{"embeddable":true,"href":"https:\/\/rfid-laundry-tag.com\/vi\/wp-json\/wp\/v2\/media\/3080"}],"wp:attachment":[{"href":"https:\/\/rfid-laundry-tag.com\/vi\/wp-json\/wp\/v2\/media?parent=3079"}],"wp:term":[{"taxonomy":"product_brand","embeddable":true,"href":"https:\/\/rfid-laundry-tag.com\/vi\/wp-json\/wp\/v2\/product_brand?post=3079"},{"taxonomy":"product_cat","embeddable":true,"href":"https:\/\/rfid-laundry-tag.com\/vi\/wp-json\/wp\/v2\/product_cat?post=3079"},{"taxonomy":"product_tag","embeddable":true,"href":"https:\/\/rfid-laundry-tag.com\/vi\/wp-json\/wp\/v2\/product_tag?post=3079"}],"curies":[{"name":"wp","href":"https:\/\/api.w.org\/{rel}","templated":true}]}}