{"id":3076,"date":"2025-12-18T09:52:47","date_gmt":"2025-12-18T09:52:47","guid":{"rendered":"https:\/\/rfid-laundry-tag.com\/?post_type=product&#038;p=3076"},"modified":"2026-01-04T13:40:48","modified_gmt":"2026-01-04T13:40:48","slug":"fabric-washable-uhf-rfid-laundry-tags","status":"publish","type":"product","link":"https:\/\/rfid-laundry-tag.com\/vi\/fabric-washable-uhf-rfid-laundry-tags\/","title":{"rendered":"Th\u1ebb RFID UHF c\u00f3 th\u1ec3 gi\u1eb7t \u0111\u01b0\u1ee3c b\u1eb1ng v\u1ea3i"},"content":{"rendered":"<div class=\"auto-hide-last-sibling-br paragraph_1252f paragraph-element\">\n<h2 class=\"auto-hide-last-sibling-br paragraph_1252f paragraph-element\">Th\u1ebb RFID UHF c\u00f3 th\u1ec3 gi\u1eb7t \u0111\u01b0\u1ee3c b\u1eb1ng v\u1ea3i<\/h2>\n<p><a href=\"https:\/\/rfid-laundry-tag.com\/vi\/textile-rfid-laundry-tag\/\">Th\u1ebb gi\u1eb7t \u1ee7i UHF d\u1ec7t may\u00a0<\/a>Ch\u00fang \u0111\u01b0\u1ee3c thi\u1ebft k\u1ebf \u0111\u1ec3 \u0111\u00e1p \u1ee9ng nhu c\u1ea7u theo d\u00f5i c\u1ee7a ng\u00e0nh gi\u1eb7t \u1ee7i, \u0111\u1eb7c bi\u1ec7t l\u00e0 trong m\u00f4i tr\u01b0\u1eddng kh\u00e1ch s\u1ea1n v\u00e0 b\u1ec7nh vi\u1ec7n. Ch\u00fang \u0111\u01b0\u1ee3c ch\u1ebf t\u1ea1o b\u1ec1n b\u1ec9 v\u00e0 ph\u00f9 h\u1ee3p v\u1edbi nhi\u1ec1u quy tr\u00ecnh kh\u00e1c nhau, bao g\u1ed3m gi\u1eb7t, s\u1ea5y, gi\u1eb7t kh\u00f4 v\u00e0 \u1ee7i.<\/p>\n<p>C\u00e1c th\u1ebb n\u00e0y c\u00f3 \u0111\u1ed9 nh\u1ea1y cao, cho ph\u00e9p \u0111\u1ecdc nhi\u1ec1u th\u1ebb c\u00f9ng l\u00fac v\u00e0 ho\u1ea1t \u0111\u1ed9ng hi\u1ec7u qu\u1ea3 ngay c\u1ea3 khi c\u00f3 nhi\u1ec1u nhi\u1ec5u t\u00edn hi\u1ec7u kh\u00e1c nhau.<\/p>\n<div data-spm-anchor-id=\"a2700.details.0.i57.23b419c7xXORP0\"><span data-spm-anchor-id=\"a2700.details.0.i75.23b419c7xXORP0\"><b>\u0110\u1eb7c \u0111i\u1ec3m c\u1ee7a th\u1ebb RFID UHF gi\u1eb7t \u0111\u01b0\u1ee3c b\u1eb1ng v\u1ea3i:<\/b><br \/>\n1) C\u00f4ng ngh\u1ec7 UHF c\u00f3 th\u1ec3 \u0111\u1ecdc h\u00e0ng tr\u0103m th\u1ebb c\u00f9ng l\u00fac.<br \/>\n2) Kho\u1ea3ng c\u00e1ch \u0111\u1ecdc l\u1edbn h\u01a1n 8m~12m.<br \/>\n3) C\u00f3 th\u1ec3 gi\u1eb7t \u0111\u01b0\u1ee3c 200~300 l\u1ea7n<\/span><\/div>\n<div data-spm-anchor-id=\"a2700.details.0.i57.23b419c7xXORP0\">\n<div class=\"entry-content-asset videofit\"><iframe title=\"Nh\u00e0 m\u00e1y s\u1ea3n xu\u1ea5t th\u1ebb gi\u1eb7t \u1ee7i UHF RFID d\u00ednh nhi\u1ec7t v\u1edbi kho\u1ea3ng c\u00e1ch \u0111\u1ecdc th\u1eed nghi\u1ec7m 12m\" src=\"https:\/\/www.youtube.com\/embed\/cOnG5fgEIs4?feature=oembed\" width=\"720\" height=\"405\" frameborder=\"0\" allowfullscreen=\"allowfullscreen\" data-mce-fragment=\"1\"><\/iframe><\/div>\n<\/div>\n<\/div>\n<div data-spm-anchor-id=\"a2700.details.0.i57.23b419c7xXORP0\"><\/div>\n<div data-spm-anchor-id=\"a2700.details.0.i57.23b419c7xXORP0\">\n<div class=\"text-content\" data-spm-anchor-id=\"a2700.details.0.i54.23b419c7xXORP0\">\n<table>\n<tbody>\n<tr>\n<td width=\"139\">T\u00ean s\u1ea3n ph\u1ea9m<\/td>\n<td width=\"600\">Th\u1ebb RFID UHF c\u00f3 th\u1ec3 gi\u1eb7t \u0111\u01b0\u1ee3c b\u1eb1ng v\u1ea3i<\/td>\n<\/tr>\n<tr>\n<td width=\"139\">V\u1eadt li\u1ec7u<\/td>\n<td width=\"600\">V\u1ea3i\/D\u1ec7t v.v.<\/td>\n<\/tr>\n<tr>\n<td width=\"139\">M\u00f4 h\u00ecnh Chip<\/td>\n<td width=\"600\">UCODE\u00ae 9<\/td>\n<\/tr>\n<tr>\n<td width=\"139\">K\u00fd \u1ee9c<\/td>\n<td width=\"600\">EPC: 96 bit<\/td>\n<\/tr>\n<tr>\n<td width=\"139\">Giao th\u1ee9c<\/td>\n<td width=\"600\">EPC C1 G2<\/td>\n<\/tr>\n<tr>\n<td width=\"139\">K\u00edch c\u1ee1<\/td>\n<td width=\"600\">70*15mm\uff0c86*16mm;50*20mm;72*16mm;35*15mm, v.v.<\/td>\n<\/tr>\n<tr>\n<td width=\"139\">M\u00e0u s\u1eafc<\/td>\n<td width=\"600\">Tr\u1eafng<\/td>\n<\/tr>\n<tr>\n<td width=\"139\">Th\u1eddi gian l\u00e0m vi\u1ec7c<\/td>\n<td width=\"600\">Trung b\u00ecnh l\u00e0 200 l\u1ea7n, m\u1ed9t s\u1ed1 c\u00f3 th\u1ec3 h\u01a1n 300 l\u1ea7n.<\/td>\n<\/tr>\n<tr>\n<td width=\"139\">Nhi\u1ec7t \u0111\u1ed9 ho\u1ea1t \u0111\u1ed9ng<\/td>\n<td width=\"600\">-25\u2103 \u0111\u1ebfn +150\u2103<\/td>\n<\/tr>\n<tr>\n<td width=\"139\">Kho\u1ea3ng c\u00e1ch \u0111\u1ecdc<\/td>\n<td width=\"600\">3-10M<\/td>\n<\/tr>\n<tr>\n<td width=\"139\">\u1ee8ng d\u1ee5ng<\/td>\n<td width=\"600\">Gi\u1ea3i ph\u00e1p gi\u1eb7t l\u00e0, c\u1eeda h\u00e0ng gi\u1eb7t l\u00e0, gi\u1eb7t l\u00e0 c\u00f4ng nghi\u1ec7p, qu\u1ea3n l\u00fd v\u1ea3i kh\u00e1ch s\u1ea1n, qu\u1ea3n l\u00fd si\u00eau th\u1ecb\/c\u1eeda h\u00e0ng v\u1ea3i, v.v.<\/td>\n<\/tr>\n<\/tbody>\n<\/table>\n<\/div>\n<\/div>\n<div><\/div>\n<h3 class=\"wp-block-heading\">H\u01b0\u1edbng d\u1eabn c\u00e0i \u0111\u1eb7t th\u1ebb RFID UHF gi\u1eb7t \u0111\u01b0\u1ee3c b\u1eb1ng v\u1ea3i<\/h3>\n<p><strong>G\u1eafn th\u1ebb kh\u00e2u<\/strong>: \u0110\u1ec3 kh\u00e2u v\u00e0o vi\u1ec1n v\u1ea3i. Kh\u00e2u nh\u00e3n gi\u1eb7t ra kh\u1ecfi \u0111\u01b0\u1eddng g\u1ea5p.<br \/>\n<strong>H\u00e0n nhi\u1ec7t<\/strong>: \u0110\u01b0\u1ee3c h\u00e0n nhi\u1ec7t tr\u1ef1c ti\u1ebfp l\u00ean v\u1ea3i \u1edf nhi\u1ec7t \u0111\u1ed9 +200\u00b0C (392\u00b0F), trong 12~14 gi\u00e2y.<br \/>\n<strong>Trong t\u00fai<\/strong>: \u0110\u1ec3 kh\u00e2u nh\u01b0 nh\u00e3n ch\u0103m s\u00f3c ti\u00eau chu\u1ea9n. Kh\u00e2u nh\u00e3n gi\u1eb7t ra kh\u1ecfi \u0111\u01b0\u1eddng g\u1ea5p.<\/p>\n<p><b>Th\u1ebb RFID d\u00f9ng cho gi\u1eb7t \u1ee7i c\u00f3 th\u1ec3 \u0111\u01b0\u1ee3c \u1ee9ng d\u1ee5ng r\u1ed9ng r\u00e3i trong c\u00e1c l\u0129nh v\u1ef1c sau:<br \/>\n<\/b>1) Qu\u1ea3n l\u00fd theo d\u00f5i<br \/>\n2) Nh\u00e0 m\u00e1y\/kho h\u00e0ng\/kh\u00e1ch s\u1ea1n\/b\u1ec7nh vi\u1ec7n\/c\u00f4ng vi\u00ean gi\u1ea3i tr\u00ed<br \/>\n3) \u0110\u1ed3ng ph\u1ee5c b\u1ec7nh vi\u1ec7n\/V\u1ea3i lanh\/Pallet\/T\u00fai v\u1ea3i b\u1ed1<br \/>\n4) Ti\u1ec7m gi\u1eb7t kh\u00f4<br \/>\n5) S\u1eed d\u1ee5ng trong ga tr\u1ea3i gi\u01b0\u1eddng kh\u00e1ch s\u1ea1n\/ G\u1eafn v\u00e0o v\u1ea3i d\u1ec7t\/ Qu\u1ea7n \u00e1o lao \u0111\u1ed9ng<br \/>\n6) Ng\u01b0\u1eddi gi\u1eb7t \u1ee7i<\/p>\n<h2>Chip RFID d\u00f9ng cho v\u1ea3i lanh l\u00e0 g\u00ec?<\/h2>\n<p><a href=\"https:\/\/rfid-laundry-tag.com\/vi\/textile-rfid-laundry-tag\/\">chip RFID cho v\u1ea3i lanh<\/a> Th\u1ebb RFID l\u00e0 nh\u1eefng th\u1ebb nh\u1ecf g\u1ecdn, b\u1ec1n ch\u1eafc, \u0111\u01b0\u1ee3c t\u00edch h\u1ee3p vi m\u1ea1ch nh\u1eadn d\u1ea1ng t\u1ea7n s\u1ed1 v\u00f4 tuy\u1ebfn (RFID) v\u00e0 \u0103ng-ten, \u0111\u01b0\u1ee3c thi\u1ebft k\u1ebf \u0111\u1eb7c bi\u1ec7t \u0111\u1ec3 theo d\u00f5i c\u00e1c lo\u1ea1i v\u1ea3i nh\u01b0 ga tr\u1ea3i gi\u01b0\u1eddng, kh\u0103n t\u1eafm v\u00e0 \u0111\u1ed3ng ph\u1ee5c trong m\u00f4i tr\u01b0\u1eddng c\u00f4ng nghi\u1ec7p. C\u00e1c chip n\u00e0y c\u00f3 th\u1ec3 \u0111\u01b0\u1ee3c h\u00e0n nhi\u1ec7t ho\u1eb7c may v\u00e0o c\u00e1c s\u1ea3n ph\u1ea9m v\u1ea3i, cho ph\u00e9p nh\u1eadn d\u1ea1ng v\u00e0 theo d\u00f5i t\u1ef1 \u0111\u1ed9ng trong su\u1ed1t v\u00f2ng \u0111\u1eddi c\u1ee7a ch\u00fang. Kh\u00f4ng gi\u1ed1ng nh\u01b0 m\u00e3 v\u1ea1ch truy\u1ec1n th\u1ed1ng, chip RFID kh\u00f4ng c\u1ea7n \u0111\u01b0\u1eddng truy\u1ec1n tr\u1ef1c ti\u1ebfp \u0111\u1ec3 qu\u00e9t, cho ph\u00e9p theo d\u00f5i hi\u1ec7u qu\u1ea3 ngay c\u1ea3 khi c\u00e1c m\u1eb7t h\u00e0ng \u0111\u01b0\u1ee3c x\u1ebfp ch\u1ed3ng ho\u1eb7c \u0111\u00f3ng bao.<\/p>\n<h2>L\u1ee3i \u00edch c\u1ee7a RFID trong ng\u00e0nh gi\u1eb7t \u1ee7i:<\/h2>\n<p>Khi ng\u00e0nh gi\u1eb7t \u1ee7i c\u00f4ng nghi\u1ec7p v\u00e0 cho thu\u00ea qu\u1ea7n \u00e1o ph\u00e1t tri\u1ec3n, nhu c\u1ea7u t\u1ef1 \u0111\u1ed9ng h\u00f3a v\u00e0 qu\u1ea3n l\u00fd kho ch\u00ednh x\u00e1c ng\u00e0y c\u00e0ng t\u0103ng. Hi\u1ec7n t\u1ea1i, ch\u01b0a \u0111\u1ebfn 11% ng\u00e0nh gi\u1eb7t \u1ee7i to\u00e0n c\u1ea7u s\u1eed d\u1ee5ng c\u00f4ng ngh\u1ec7 RFID, nh\u01b0ng nh\u1eefng doanh nghi\u1ec7p \u0111\u00e3 \u00e1p d\u1ee5ng c\u00f4ng ngh\u1ec7 n\u00e0y \u0111\u1ec1u b\u00e1o c\u00e1o nh\u1eefng l\u1ee3i \u00edch \u0111\u00e1ng k\u1ec3. RFID \u0111\u01b0\u1ee3c xem l\u00e0 y\u1ebfu t\u1ed1 thi\u1ebft y\u1ebfu cho vi\u1ec7c n\u00e2ng c\u1ea5p c\u00f4ng ngh\u1ec7 trong ng\u00e0nh gi\u1eb7t \u1ee7i, v\u1edbi k\u1ef3 v\u1ecdng s\u1ebd \u0111\u01b0\u1ee3c tri\u1ec3n khai r\u1ed9ng r\u00e3i h\u01a1n trong v\u00e0i n\u0103m t\u1edbi. Chi ph\u00ed gi\u1ea3m v\u00e0 ch\u1ea5t l\u01b0\u1ee3ng thi\u1ebft b\u1ecb RFID v\u00e0 th\u1ebb d\u1ec7t ng\u00e0y c\u00e0ng \u0111\u01b0\u1ee3c c\u1ea3i thi\u1ec7n mang l\u1ea1i l\u1ee3i th\u1ebf c\u1ea1nh tranh, th\u00fac \u0111\u1ea9y s\u1ef1 \u0111\u1ed5i m\u1edbi.<\/p>\n<ol>\n<li><strong>Ph\u00e2n lo\u1ea1i qu\u1ea7n \u00e1o \u0111\u01a1n gi\u1ea3n h\u00f3a:<\/strong>\u00a0Th\u1ebb RFID g\u1eafn tr\u00ean qu\u1ea7n \u00e1o cho ph\u00e9p ph\u00e2n lo\u1ea1i t\u1ef1 \u0111\u1ed9ng trong qu\u00e1 tr\u00ecnh gi\u1eb7t v\u00e0 x\u1eed l\u00fd, gi\u1ea3m thi\u1ec3u nhu c\u1ea7u lao \u0111\u1ed9ng th\u1ee7 c\u00f4ng v\u00e0 n\u00e2ng cao hi\u1ec7u qu\u1ea3.<\/li>\n<li><strong>Ghi ch\u00e9p ch\u00ednh x\u00e1c chu tr\u00ecnh gi\u1eb7t:<\/strong>\u00a0Vi\u1ec7c theo d\u00f5i chu k\u1ef3 gi\u1eb7t gi\u00fap d\u1ef1 \u0111o\u00e1n tu\u1ed5i th\u1ecd c\u1ee7a qu\u1ea7n \u00e1o. H\u1ec7 th\u1ed1ng s\u1ebd c\u1ea3nh b\u00e1o ng\u01b0\u1eddi d\u00f9ng khi qu\u1ea7n \u00e1o s\u1eafp h\u1ebft h\u1ea1n s\u1eed d\u1ee5ng, gi\u00fap vi\u1ec7c \u0111\u1eb7t h\u00e0ng l\u1ea1i k\u1ecbp th\u1eddi v\u00e0 qu\u1ea3n l\u00fd kho hi\u1ec7u qu\u1ea3 h\u01a1n.<\/li>\n<li><strong>Kh\u1ea3 n\u0103ng hi\u1ec3n th\u1ecb t\u1ed3n kho nhanh ch\u00f3ng:<\/strong>\u00a0Th\u1ebb RFID cho ph\u00e9p ki\u1ec3m tra h\u00e0ng t\u1ed3n kho nhanh ch\u00f3ng, gi\u00fap ng\u0103n ng\u1eeba m\u1ea5t m\u00e1t ho\u1eb7c tr\u1ed9m c\u1eafp v\u00e0 \u0111\u1ea3m b\u1ea3o hi\u1ec7u qu\u1ea3 ho\u1ea1t \u0111\u1ed9ng.<\/li>\n<li><strong>Gi\u1ea3m thi\u1ec3u thi\u1ec7t h\u1ea1i v\u00e0 m\u1ea5t m\u00e1t:<\/strong>\u00a0M\u1ed7i th\u1ebb RFID \u0111\u1ec1u c\u00f3 m\u1ed9t m\u00e3 \u0111\u1ecbnh danh duy nh\u1ea5t, cho ph\u00e9p theo d\u00f5i ch\u00ednh x\u00e1c c\u00e1c v\u1eadt ph\u1ea9m b\u1ecb m\u1ea5t ho\u1eb7c b\u1ecb \u0111\u00e1nh c\u1eafp, t\u1eeb \u0111\u00f3 gi\u00fap thu h\u1ed3i chi ph\u00ed.<\/li>\n<\/ol>\n<h2>C\u00e1ch th\u1ee9c ho\u1ea1t \u0111\u1ed9ng c\u1ee7a chip RFID tr\u00ean v\u1ea3i lanh trong ng\u00e0nh gi\u1eb7t \u1ee7i c\u00f4ng nghi\u1ec7p:<\/h2>\n<ul>\n<li><strong>G\u1eafn th\u1ebb v\u00e0 \u0111\u0103ng k\u00fd:<\/strong>\u00a0M\u1ed7i s\u1ea3n ph\u1ea9m \u0111\u1ec1u \u0111\u01b0\u1ee3c g\u1eafn chip RFID li\u00ean k\u1ebft v\u1edbi c\u01a1 s\u1edf d\u1eef li\u1ec7u ch\u1ee9a th\u00f4ng tin chi ti\u1ebft c\u1ee7a s\u1ea3n ph\u1ea9m \u0111\u00f3.<\/li>\n<li><strong>Theo d\u00f5i t\u1ef1 \u0111\u1ed9ng:<\/strong>\u00a0C\u00e1c \u0111\u1ea7u \u0111\u1ecdc RFID t\u1ea1i c\u00e1c \u0111i\u1ec3m quan tr\u1ecdng trong quy tr\u00ecnh gi\u1eb7t \u1ee7i thu th\u1eadp d\u1eef li\u1ec7u theo th\u1eddi gian th\u1ef1c khi \u0111\u1ed3 d\u00f9ng di chuy\u1ec3n qua c\u00e1c giai \u0111o\u1ea1n thu gom, gi\u1eb7t v\u00e0 ph\u00e2n ph\u1ed1i.<\/li>\n<li><strong>Ph\u00e2n lo\u1ea1i v\u00e0 x\u1eed l\u00fd:<\/strong>\u00a0H\u1ec7 th\u1ed1ng t\u1ef1 \u0111\u1ed9ng ph\u00e2n lo\u1ea1i theo lo\u1ea1i ho\u1eb7c kh\u00e1ch h\u00e0ng, gi\u00fap gi\u1ea3m chi ph\u00ed nh\u00e2n c\u00f4ng.<\/li>\n<li><strong>Qu\u1ea3n l\u00fd h\u00e0ng t\u1ed3n kho:<\/strong>\u00a0Vi\u1ec7c c\u1eadp nh\u1eadt d\u1eef li\u1ec7u li\u00ean t\u1ee5c cung c\u1ea5p th\u00f4ng tin chi ti\u1ebft v\u1ec1 m\u1ee9c t\u1ed3n kho v\u00e0 m\u00f4 h\u00ecnh s\u1eed d\u1ee5ng, \u0111\u1ea3m b\u1ea3o ngu\u1ed3n cung s\u1eb5n c\u00f3 v\u00e0 ng\u0103n ng\u1eeba t\u00ecnh tr\u1ea1ng t\u1ed3n kho qu\u00e1 m\u1ee9c.<\/li>\n<\/ul>\n<p>T\u1ed5ng th\u1ec3, <a href=\"https:\/\/rfid-laundry-tag.com\/vi\/rfid-chips-for-uniform-and-linen\/\">chip RFID cho v\u1ea3i lanh<\/a> T\u1ed1i \u01b0u h\u00f3a ho\u1ea1t \u0111\u1ed9ng gi\u1eb7t \u1ee7i c\u00f4ng nghi\u1ec7p th\u00f4ng qua vi\u1ec7c t\u0103ng c\u01b0\u1eddng theo d\u00f5i, hi\u1ec7u qu\u1ea3 v\u00e0 ph\u00f2ng ng\u1eeba th\u1ea5t tho\u00e1t.<\/p>","protected":false},"excerpt":{"rendered":"<div class=\"elementor-element elementor-element-4f79c63 e-flex e-con-boxed e-con e-parent e-lazyloaded\" data-id=\"4f79c63\" data-element_type=\"container\" data-settings=\"{&quot;_ha_eqh_enable&quot;:false}\">\n<div class=\"e-con-inner\">\n<div class=\"elementor-element elementor-element-be3873c elementor-widget elementor-widget-woocommerce-product-short-description\" data-id=\"be3873c\" data-element_type=\"widget\" data-widget_type=\"woocommerce-product-short-description.default\">\n<div class=\"elementor-widget-container\">\n<div class=\"woocommerce-product-details__short-description\"><\/div>\n<\/div>\n<\/div>\n<\/div>\n<\/div>\n<div class=\"elementor-element elementor-element-3ad806e e-flex e-con-boxed e-con e-parent e-lazyloaded\" data-id=\"3ad806e\" data-element_type=\"container\" data-settings=\"{&quot;_ha_eqh_enable&quot;:false}\">\n<div class=\"e-con-inner\">\n<div class=\"elementor-element elementor-element-362020f elementor-widget elementor-widget-woocommerce-product-data-tabs\" data-id=\"362020f\" data-element_type=\"widget\" data-widget_type=\"woocommerce-product-data-tabs.default\">\n<div class=\"elementor-widget-container\">\n<div class=\"woocommerce-tabs wc-tabs-wrapper\"><strong>Th\u1ebb RFID UHF c\u00f3 th\u1ec3 gi\u1eb7t \u0111\u01b0\u1ee3c b\u1eb1ng v\u1ea3i<\/strong> Th\u00edch h\u1ee3p cho kh\u00e1ch s\u1ea1n v\u00e0 b\u1ec7nh vi\u1ec7n, c\u00f3 th\u1ec3 gi\u1eb7t 200-300 l\u1ea7n, \u0111\u1ecdc h\u00e0ng tr\u0103m th\u1ebb c\u00f9ng l\u00fac t\u1eeb kho\u1ea3ng c\u00e1ch 8-12m, l\u00fd t\u01b0\u1edfng cho vi\u1ec7c theo d\u00f5i hi\u1ec7u qu\u1ea3.<\/div>\n<\/div>\n<\/div>\n<\/div>\n<\/div>","protected":false},"featured_media":3077,"template":"","meta":{"_kad_post_transparent":"default","_kad_post_title":"","_kad_post_layout":"default","_kad_post_sidebar_id":"","_kad_post_content_style":"default","_kad_post_vertical_padding":"default","_kad_post_feature":"","_kad_post_feature_position":"","_kad_post_header":false,"_kad_post_footer":false,"_kad_post_classname":""},"product_brand":[],"product_cat":[19],"product_tag":[381,378,24,342,339,380,65,368,30,379,374,373],"class_list":{"0":"post-3076","1":"product","2":"type-product","3":"status-publish","4":"has-post-thumbnail","6":"product_cat-textile-rfid-laundry-tag","7":"product_tag-industrial-iot","8":"product_tag-laundry-management","9":"product_tag-laundry-rfid-tags","10":"product_tag-rfid-laundry-tags","11":"product_tag-rfid-washable-tags","12":"product_tag-smart-textile","13":"product_tag-textile-rfid-laundry-tags","14":"product_tag-textile-uhf-rfid-tags-labels","15":"product_tag-uhf-rfid-laundry-tag","16":"product_tag-uniform-management","17":"product_tag-washable-uhf-rfid-labels","18":"product_tag-washable-uhf-rfid-laundry-textile-labels","20":"first","21":"instock","22":"featured","23":"shipping-taxable","24":"product-type-simple","25":"entry","26":"content-bg","27":"loop-entry"},"_links":{"self":[{"href":"https:\/\/rfid-laundry-tag.com\/vi\/wp-json\/wp\/v2\/product\/3076","targetHints":{"allow":["GET"]}}],"collection":[{"href":"https:\/\/rfid-laundry-tag.com\/vi\/wp-json\/wp\/v2\/product"}],"about":[{"href":"https:\/\/rfid-laundry-tag.com\/vi\/wp-json\/wp\/v2\/types\/product"}],"version-history":[{"count":3,"href":"https:\/\/rfid-laundry-tag.com\/vi\/wp-json\/wp\/v2\/product\/3076\/revisions"}],"predecessor-version":[{"id":3172,"href":"https:\/\/rfid-laundry-tag.com\/vi\/wp-json\/wp\/v2\/product\/3076\/revisions\/3172"}],"wp:featuredmedia":[{"embeddable":true,"href":"https:\/\/rfid-laundry-tag.com\/vi\/wp-json\/wp\/v2\/media\/3077"}],"wp:attachment":[{"href":"https:\/\/rfid-laundry-tag.com\/vi\/wp-json\/wp\/v2\/media?parent=3076"}],"wp:term":[{"taxonomy":"product_brand","embeddable":true,"href":"https:\/\/rfid-laundry-tag.com\/vi\/wp-json\/wp\/v2\/product_brand?post=3076"},{"taxonomy":"product_cat","embeddable":true,"href":"https:\/\/rfid-laundry-tag.com\/vi\/wp-json\/wp\/v2\/product_cat?post=3076"},{"taxonomy":"product_tag","embeddable":true,"href":"https:\/\/rfid-laundry-tag.com\/vi\/wp-json\/wp\/v2\/product_tag?post=3076"}],"curies":[{"name":"wp","href":"https:\/\/api.w.org\/{rel}","templated":true}]}}