{"id":3074,"date":"2025-12-18T09:36:02","date_gmt":"2025-12-18T09:36:02","guid":{"rendered":"https:\/\/rfid-laundry-tag.com\/?post_type=product&#038;p=3074"},"modified":"2025-12-18T09:36:03","modified_gmt":"2025-12-18T09:36:03","slug":"washable-uhf-rfid-laundry-textile-labels","status":"publish","type":"product","link":"https:\/\/rfid-laundry-tag.com\/vi\/washable-uhf-rfid-laundry-textile-labels\/","title":{"rendered":"Nh\u00e3n d\u1ec7t may RFID UHF c\u00f3 th\u1ec3 gi\u1eb7t \u0111\u01b0\u1ee3c"},"content":{"rendered":"<div class=\"auto-hide-last-sibling-br paragraph_1252f paragraph-element\">\n<h2 class=\"auto-hide-last-sibling-br paragraph_1252f paragraph-element\">Nh\u00e3n d\u1ec7t may RFID UHF c\u00f3 th\u1ec3 gi\u1eb7t \u0111\u01b0\u1ee3c<\/h2>\n<div><\/div>\n<div data-spm-anchor-id=\"a2700.details.0.i57.23b419c7xXORP0\"><span data-spm-anchor-id=\"a2700.details.0.i75.23b419c7xXORP0\"><b>T\u00ednh n\u0103ng:<\/b><br \/>\n1) C\u00f4ng ngh\u1ec7 UHF c\u00f3 th\u1ec3 \u0111\u1ecdc h\u00e0ng tr\u0103m th\u1ebb c\u00f9ng l\u00fac.<br \/>\n2) Kho\u1ea3ng c\u00e1ch \u0111\u1ecdc l\u1edbn h\u01a1n 8m~12m.<br \/>\n3) Thi\u1ebft k\u1ebf c\u01a1 h\u1ecdc m\u1edbi gi\u00fap c\u1ea3i thi\u1ec7n hi\u1ec7u su\u1ea5t gi\u1eb7t v\u1ea3i ph\u1eb3ng.<br \/>\n4) Th\u00edch h\u1ee3p cho m\u00e1y h\u00fat \u00e1p su\u1ea5t cao l\u00ean t\u1edbi 60 bar.<br \/>\n5) Th\u00edch h\u1ee3p cho vi\u1ec7c kh\u1eed tr\u00f9ng b\u1eb1ng n\u1ed3i h\u1ea5p.<br \/>\n6) Ch\u1ea5t li\u1ec7u nh\u1ecf, m\u1ec1m, d\u1ebbo, l\u00fd t\u01b0\u1edfng cho h\u00e0ng d\u1ec7t may, v\u1ea3i lanh, qu\u1ea7n \u00e1o v\u00e0 ph\u1ee5 ki\u1ec7n.<\/span><\/div>\n<div data-spm-anchor-id=\"a2700.details.0.i57.23b419c7xXORP0\">\n<div class=\"entry-content-asset videofit\"><iframe title=\"Nh\u00e0 m\u00e1y s\u1ea3n xu\u1ea5t th\u1ebb gi\u1eb7t \u1ee7i UHF RFID d\u00ednh nhi\u1ec7t v\u1edbi kho\u1ea3ng c\u00e1ch \u0111\u1ecdc th\u1eed nghi\u1ec7m 12m\" src=\"https:\/\/www.youtube.com\/embed\/cOnG5fgEIs4?feature=oembed\" width=\"720\" height=\"405\" frameborder=\"0\" allowfullscreen=\"allowfullscreen\" data-mce-fragment=\"1\"><\/iframe><\/div>\n<\/div>\n<\/div>\n<div data-spm-anchor-id=\"a2700.details.0.i57.23b419c7xXORP0\"><\/div>\n<div data-spm-anchor-id=\"a2700.details.0.i57.23b419c7xXORP0\">\n<div class=\"text-content\" data-spm-anchor-id=\"a2700.details.0.i54.23b419c7xXORP0\">\n<table>\n<tbody>\n<tr>\n<td width=\"139\">T\u00ean s\u1ea3n ph\u1ea9m<\/td>\n<td width=\"600\">Nh\u00e3n d\u1ec7t may RFID UHF c\u00f3 th\u1ec3 gi\u1eb7t \u0111\u01b0\u1ee3c<\/td>\n<\/tr>\n<tr>\n<td width=\"139\">V\u1eadt li\u1ec7u<\/td>\n<td width=\"600\">V\u1ea3i\/D\u1ec7t v.v.<\/td>\n<\/tr>\n<tr>\n<td width=\"139\">M\u00f4 h\u00ecnh Chip<\/td>\n<td width=\"600\">UCODE\u00ae 9<\/td>\n<\/tr>\n<tr>\n<td width=\"139\">K\u00fd \u1ee9c<\/td>\n<td width=\"600\">EPC: 96 bit<\/td>\n<\/tr>\n<tr>\n<td width=\"139\">Giao th\u1ee9c<\/td>\n<td width=\"600\">EPC C1 G2<\/td>\n<\/tr>\n<tr>\n<td width=\"139\">K\u00edch c\u1ee1<\/td>\n<td width=\"600\">70*15mm\uff0c86*16mm;50*20mm;72*16mm;35*15mm, v.v.<\/td>\n<\/tr>\n<tr>\n<td width=\"139\">M\u00e0u s\u1eafc<\/td>\n<td width=\"600\">Tr\u1eafng<\/td>\n<\/tr>\n<tr>\n<td width=\"139\">Th\u1eddi gian l\u00e0m vi\u1ec7c<\/td>\n<td width=\"600\">Trung b\u00ecnh l\u00e0 200 l\u1ea7n, m\u1ed9t s\u1ed1 c\u00f3 th\u1ec3 h\u01a1n 300 l\u1ea7n.<\/td>\n<\/tr>\n<tr>\n<td width=\"139\">Nhi\u1ec7t \u0111\u1ed9 ho\u1ea1t \u0111\u1ed9ng<\/td>\n<td width=\"600\">-25\u2103 \u0111\u1ebfn +150\u2103<\/td>\n<\/tr>\n<tr>\n<td width=\"139\">Kho\u1ea3ng c\u00e1ch \u0111\u1ecdc<\/td>\n<td width=\"600\">3-10M<\/td>\n<\/tr>\n<tr>\n<td width=\"139\">\u1ee8ng d\u1ee5ng<\/td>\n<td width=\"600\">Gi\u1ea3i ph\u00e1p gi\u1eb7t l\u00e0, c\u1eeda h\u00e0ng gi\u1eb7t l\u00e0, gi\u1eb7t l\u00e0 c\u00f4ng nghi\u1ec7p, qu\u1ea3n l\u00fd v\u1ea3i kh\u00e1ch s\u1ea1n, qu\u1ea3n l\u00fd si\u00eau th\u1ecb\/c\u1eeda h\u00e0ng v\u1ea3i, v.v.<\/td>\n<\/tr>\n<\/tbody>\n<\/table>\n<\/div>\n<\/div>\n<div><\/div>\n<div>\n<p>&nbsp;<\/p>\n<h3>Nh\u00e3n d\u1ec7t may RFID UHF c\u00f3 th\u1ec3 gi\u1eb7t \u0111\u01b0\u1ee3c l\u00e0 g\u00ec?<\/h3>\n<p>Th\u1ebb RFID c\u00f3 th\u1ec3 gi\u1eb7t \u0111\u01b0\u1ee3c l\u00e0 m\u1ed9t lo\u1ea1i chuy\u00ean d\u1ee5ng.\u00a0<strong>Th\u1ebb RFID<\/strong>\u00a0\u0110\u01b0\u1ee3c thi\u1ebft k\u1ebf \u0111\u1eb7c bi\u1ec7t cho \u1ee9ng d\u1ee5ng gi\u1eb7t \u1ee7i. Nh\u1eefng th\u1ebb n\u00e0y s\u1eed d\u1ee5ng\u00a0<strong>C\u00f4ng ngh\u1ec7 RFID hi\u1ec7u su\u1ea5t cao<\/strong>\u00a0Gi\u00fap theo d\u00f5i v\u00e0 qu\u1ea3n l\u00fd ch\u00ednh x\u00e1c c\u00e1c m\u1eb7t h\u00e0ng d\u1ec7t may trong su\u1ed1t v\u00f2ng \u0111\u1eddi c\u1ee7a ch\u00fang. \u0110\u01b0\u1ee3c ch\u1ebf t\u1ea1o t\u1eeb v\u1eadt li\u1ec7u b\u1ec1n ch\u1eafc, th\u1ebb RFID c\u00f3 th\u1ec3 gi\u1eb7t \u0111\u01b0\u1ee3c ch\u1ecbu \u0111\u01b0\u1ee3c s\u1ef1 kh\u1eafc nghi\u1ec7t c\u1ee7a gi\u1eb7t \u1ee7i c\u00f4ng nghi\u1ec7p, bao g\u1ed3m c\u1ea3 vi\u1ec7c ti\u1ebfp x\u00fac v\u1edbi nhi\u1ec7t \u0111\u1ed9 cao v\u00e0 nhi\u1ec1u chu k\u1ef3 gi\u1eb7t.<\/p>\n<\/div>\n<h3 class=\"wp-block-heading\">H\u01b0\u1edbng d\u1eabn c\u00e0i \u0111\u1eb7t<\/h3>\n<p><strong>G\u1eafn th\u1ebb kh\u00e2u<\/strong>: \u0110\u1ec3 kh\u00e2u v\u00e0o vi\u1ec1n v\u1ea3i. Kh\u00e2u nh\u00e3n gi\u1eb7t ra kh\u1ecfi \u0111\u01b0\u1eddng g\u1ea5p.<br \/>\n<strong>H\u00e0n nhi\u1ec7t<\/strong>: \u0110\u01b0\u1ee3c h\u00e0n nhi\u1ec7t tr\u1ef1c ti\u1ebfp l\u00ean v\u1ea3i \u1edf nhi\u1ec7t \u0111\u1ed9 +200\u00b0C (392\u00b0F), trong 12~14 gi\u00e2y.<br \/>\n<strong>Trong t\u00fai<\/strong>: \u0110\u1ec3 kh\u00e2u nh\u01b0 nh\u00e3n ch\u0103m s\u00f3c ti\u00eau chu\u1ea9n. Kh\u00e2u nh\u00e3n gi\u1eb7t ra kh\u1ecfi \u0111\u01b0\u1eddng g\u1ea5p.<\/p>\n<h2>C\u00e2u h\u1ecfi th\u01b0\u1eddng g\u1eb7p (FAQ) \u2013 Nh\u00e3n d\u1ec7t may RFID UHF c\u00f3 th\u1ec3 gi\u1eb7t \u0111\u01b0\u1ee3c<\/h2>\n<p>1. Nh\u00e3n d\u00e1n v\u1ea3i d\u1ec7t RFID UHF c\u00f3 th\u1ec3 gi\u1eb7t \u0111\u01b0\u1ee3c gi\u00fap c\u1ea3i thi\u1ec7n qu\u1ea3n l\u00fd kho nh\u01b0 th\u1ebf n\u00e0o?<br \/>\nNh\u00e3n d\u00e1n qu\u1ea7n \u00e1o RFID UHF c\u00f3 th\u1ec3 gi\u1eb7t \u0111\u01b0\u1ee3c gi\u00fap theo d\u00f5i ch\u00ednh x\u00e1c qu\u1ea7n \u00e1o, t\u1ef1 \u0111\u1ed9ng h\u00f3a quy tr\u00ecnh qu\u1ea3n l\u00fd h\u00e0ng t\u1ed3n kho. B\u1eb1ng c\u00e1ch s\u1eed d\u1ee5ng chip UCODE\u00ae 9, doanh nghi\u1ec7p c\u00f3 th\u1ec3 gi\u00e1m s\u00e1t ngay l\u1eadp t\u1ee9c v\u1ecb tr\u00ed v\u00e0 tr\u1ea1ng th\u00e1i c\u1ee7a t\u1eebng s\u1ea3n ph\u1ea9m qu\u1ea7n \u00e1o, c\u1ea3i thi\u1ec7n hi\u1ec7u qu\u1ea3 ho\u1ea1t \u0111\u1ed9ng v\u00e0 gi\u1ea3m thi\u1ec3u l\u1ed7i th\u1ee7 c\u00f4ng.<\/p>\n<p>2. Nh\u00e3n d\u00e1n v\u1ea3i RFID UHF c\u00f3 th\u1ec3 gi\u1eb7t \u0111\u01b0\u1ee3c c\u00f3 \u0111\u1ed9 b\u1ec1n nh\u01b0 th\u1ebf n\u00e0o?<br \/>\nTh\u1ebb RFID c\u00f3 th\u1ec3 gi\u1eb7t c\u1ee7a ch\u00fang t\u00f4i \u0111\u01b0\u1ee3c thi\u1ebft k\u1ebf \u0111\u1ec3 ch\u1ecbu \u0111\u01b0\u1ee3c t\u1edbi 200 l\u1ea7n gi\u1eb7t, v\u00e0 trong m\u1ed9t s\u1ed1 tr\u01b0\u1eddng h\u1ee3p, h\u01a1n 300 l\u1ea7n. \u0110\u1ed9 b\u1ec1n n\u00e0y \u0111\u1ea3m b\u1ea3o th\u1ebb v\u1eabn ho\u1ea1t \u0111\u1ed9ng t\u1ed1t trong su\u1ed1t v\u00f2ng \u0111\u1eddi c\u1ee7a qu\u1ea7n \u00e1o, gi\u1ea3m chi ph\u00ed thay th\u1ebf.<\/p>\n<p>3. C\u00f4ng ngh\u1ec7 RFID t\u1ea7m xa UHF c\u00f3 nh\u1eefng \u01b0u \u0111i\u1ec3m g\u00ec?<br \/>\nV\u1edbi th\u1ebb RFID t\u1ea7m xa UHF, qu\u1ea7n \u00e1o c\u00f3 th\u1ec3 \u0111\u01b0\u1ee3c theo d\u00f5i \u1edf kho\u1ea3ng c\u00e1ch xa h\u01a1n, gi\u00fap t\u0103ng t\u1ed1c th\u1eddi gian x\u1eed l\u00fd trong m\u00f4i tr\u01b0\u1eddng s\u1ea3n xu\u1ea5t kh\u1ed1i l\u01b0\u1ee3ng l\u1edbn nh\u01b0 c\u00e1c x\u01b0\u1edfng gi\u1eb7t \u1ee7i c\u00f4ng nghi\u1ec7p. C\u00f4ng ngh\u1ec7 n\u00e0y t\u0103ng c\u01b0\u1eddng t\u1ef1 \u0111\u1ed9ng h\u00f3a, c\u1ea3i thi\u1ec7n ch\u1ea5t l\u01b0\u1ee3ng d\u1ecbch v\u1ee5 v\u00e0 n\u0103ng su\u1ea5t ho\u1ea1t \u0111\u1ed9ng.<\/p>\n<p>4. C\u00f4ng ngh\u1ec7 g\u1eafn th\u1ebb RFID gi\u1ea3i quy\u1ebft nh\u1eefng v\u1ea5n \u0111\u1ec1 th\u01b0\u1eddng g\u1eb7p trong ng\u00e0nh gi\u1eb7t \u1ee7i nh\u01b0 th\u1ebf n\u00e0o?<br \/>\nTh\u1ebb RFID gi\u00fap gi\u1ea3m thi\u1ec3u sai s\u00f3t trong vi\u1ec7c theo d\u00f5i th\u1ee7 c\u00f4ng, \u0111\u1ea3m b\u1ea3o qu\u1ea3n l\u00fd t\u00e0i s\u1ea3n ch\u00ednh x\u00e1c v\u00e0 t\u0103ng \u0111\u1ed9 b\u1ec1n c\u1ee7a qu\u1ea7n \u00e1o. B\u1eb1ng c\u00e1ch t\u1ef1 \u0111\u1ed9ng h\u00f3a vi\u1ec7c theo d\u00f5i, doanh nghi\u1ec7p c\u00f3 th\u1ec3 ti\u1ebft ki\u1ec7m th\u1eddi gian, gi\u1ea3m t\u1ed5n th\u1ea5t v\u00e0 t\u0103ng l\u1ee3i nhu\u1eadn.<\/p>\n<p>5. T\u1ea1i sao n\u00ean ch\u1ecdn th\u1ebb RFID c\u1ee7a ch\u00fang t\u00f4i thay v\u00ec c\u1ee7a c\u00e1c h\u00e3ng kh\u00e1c?<br \/>\nL\u00e0 m\u1ed9t trong 5 nh\u00e0 s\u1ea3n xu\u1ea5t th\u1ebb RFID h\u00e0ng \u0111\u1ea7u v\u1edbi h\u01a1n 15 n\u0103m kinh nghi\u1ec7m, ch\u00fang t\u00f4i cung c\u1ea5p c\u00e1c gi\u1ea3i ph\u00e1p ch\u1ea5t l\u01b0\u1ee3ng cao, b\u1ec1n b\u1ec9 \u0111\u01b0\u1ee3c thi\u1ebft k\u1ebf ri\u00eang cho vi\u1ec7c qu\u1ea3n l\u00fd h\u00e0ng may m\u1eb7c quy m\u00f4 l\u1edbn, \u0111\u1ea3m b\u1ea3o ho\u1ea1t \u0111\u1ed9ng hi\u1ec7u qu\u1ea3 v\u00e0 ti\u1ebft ki\u1ec7m chi ph\u00ed.<\/p>","protected":false},"excerpt":{"rendered":"<div class=\"elementor-element elementor-element-4f79c63 e-flex e-con-boxed e-con e-parent e-lazyloaded\" data-id=\"4f79c63\" data-element_type=\"container\" data-settings=\"{&quot;_ha_eqh_enable&quot;:false}\">\n<div class=\"e-con-inner\">\n<div class=\"elementor-element elementor-element-be3873c elementor-widget elementor-widget-woocommerce-product-short-description\" data-id=\"be3873c\" data-element_type=\"widget\" data-widget_type=\"woocommerce-product-short-description.default\">\n<div class=\"elementor-widget-container\">\n<div class=\"woocommerce-product-details__short-description\">\n<p><strong>Nh\u00e3n d\u1ec7t may RFID UHF c\u00f3 th\u1ec3 gi\u1eb7t \u0111\u01b0\u1ee3c<\/strong>, Th\u1ebb RFID d\u00f9ng cho gi\u1eb7t l\u00e0, th\u01b0\u1eddng \u0111\u01b0\u1ee3c g\u1ecdi nh\u01b0 v\u1eady, \u0111\u01b0\u1ee3c ch\u1ebf t\u1ea1o v\u1edbi l\u1edbp v\u1ecf ngo\u00e0i b\u1eb1ng cao su m\u1ec1m m\u1ea1i nh\u01b0ng ch\u1eafc ch\u1eafn. \u0110\u00e2y l\u00e0 nh\u1eefng th\u1ebb qu\u1ea7n \u00e1o \u0111\u01b0\u1ee3c thi\u1ebft k\u1ebf \u0111\u1ec3 linh ho\u1ea1t v\u00e0 b\u1ec1n b\u1ec9, ch\u1ecbu \u0111\u01b0\u1ee3c t\u1edbi 200 chu k\u1ef3 gi\u1eb7t v\u00e0 \u00e1p su\u1ea5t l\u00ean \u0111\u1ebfn 60 bar.<\/p>\n<\/div>\n<\/div>\n<\/div>\n<\/div>\n<\/div>\n<div class=\"elementor-element elementor-element-3ad806e e-flex e-con-boxed e-con e-parent e-lazyloaded\" data-id=\"3ad806e\" data-element_type=\"container\" data-settings=\"{&quot;_ha_eqh_enable&quot;:false}\">\n<div class=\"e-con-inner\">\n<div class=\"elementor-element elementor-element-362020f elementor-widget elementor-widget-woocommerce-product-data-tabs\" data-id=\"362020f\" data-element_type=\"widget\" data-widget_type=\"woocommerce-product-data-tabs.default\">\n<div class=\"elementor-widget-container\">\n<div class=\"woocommerce-tabs wc-tabs-wrapper\"><\/div>\n<\/div>\n<\/div>\n<\/div>\n<\/div>","protected":false},"featured_media":2870,"template":"","meta":{"_kad_post_transparent":"default","_kad_post_title":"","_kad_post_layout":"default","_kad_post_sidebar_id":"","_kad_post_content_style":"default","_kad_post_vertical_padding":"default","_kad_post_feature":"","_kad_post_feature_position":"","_kad_post_header":false,"_kad_post_footer":false,"_kad_post_classname":""},"product_brand":[],"product_cat":[19],"product_tag":[24,342,339,65,368,30,374,373],"class_list":{"0":"post-3074","1":"product","2":"type-product","3":"status-publish","4":"has-post-thumbnail","6":"product_cat-textile-rfid-laundry-tag","7":"product_tag-laundry-rfid-tags","8":"product_tag-rfid-laundry-tags","9":"product_tag-rfid-washable-tags","10":"product_tag-textile-rfid-laundry-tags","11":"product_tag-textile-uhf-rfid-tags-labels","12":"product_tag-uhf-rfid-laundry-tag","13":"product_tag-washable-uhf-rfid-labels","14":"product_tag-washable-uhf-rfid-laundry-textile-labels","16":"first","17":"instock","18":"featured","19":"shipping-taxable","20":"product-type-simple","21":"entry","22":"content-bg","23":"loop-entry"},"_links":{"self":[{"href":"https:\/\/rfid-laundry-tag.com\/vi\/wp-json\/wp\/v2\/product\/3074","targetHints":{"allow":["GET"]}}],"collection":[{"href":"https:\/\/rfid-laundry-tag.com\/vi\/wp-json\/wp\/v2\/product"}],"about":[{"href":"https:\/\/rfid-laundry-tag.com\/vi\/wp-json\/wp\/v2\/types\/product"}],"version-history":[{"count":1,"href":"https:\/\/rfid-laundry-tag.com\/vi\/wp-json\/wp\/v2\/product\/3074\/revisions"}],"predecessor-version":[{"id":3075,"href":"https:\/\/rfid-laundry-tag.com\/vi\/wp-json\/wp\/v2\/product\/3074\/revisions\/3075"}],"wp:featuredmedia":[{"embeddable":true,"href":"https:\/\/rfid-laundry-tag.com\/vi\/wp-json\/wp\/v2\/media\/2870"}],"wp:attachment":[{"href":"https:\/\/rfid-laundry-tag.com\/vi\/wp-json\/wp\/v2\/media?parent=3074"}],"wp:term":[{"taxonomy":"product_brand","embeddable":true,"href":"https:\/\/rfid-laundry-tag.com\/vi\/wp-json\/wp\/v2\/product_brand?post=3074"},{"taxonomy":"product_cat","embeddable":true,"href":"https:\/\/rfid-laundry-tag.com\/vi\/wp-json\/wp\/v2\/product_cat?post=3074"},{"taxonomy":"product_tag","embeddable":true,"href":"https:\/\/rfid-laundry-tag.com\/vi\/wp-json\/wp\/v2\/product_tag?post=3074"}],"curies":[{"name":"wp","href":"https:\/\/api.w.org\/{rel}","templated":true}]}}