{"id":306,"date":"2024-06-26T17:00:48","date_gmt":"2024-06-26T17:00:48","guid":{"rendered":"https:\/\/rfid-laundry-tag.com\/?post_type=product&#038;p=306"},"modified":"2024-06-26T17:08:25","modified_gmt":"2024-06-26T17:08:25","slug":"mifare-1k-rfid-patrol-disc-tag","status":"publish","type":"product","link":"https:\/\/rfid-laundry-tag.com\/vi\/mifare-1k-rfid-patrol-disc-tag\/","title":{"rendered":"Th\u1ebb tu\u1ea7n tra \u0111\u0129a RFID Mifare 1k"},"content":{"rendered":"<h2>Th\u1ebb tu\u1ea7n tra \u0111\u0129a RFID Mifare 1k<\/h2>\n<h2>Th\u1ebb 13,56MHz m\u1ea1nh m\u1ebd \u0111\u1ec3 theo d\u00f5i t\u00e0i s\u1ea3n<\/h2>\n<p>Th\u1ebb \u0111\u0129a ABS m\u00e0u \u0111en n\u00e0y l\u00e0 s\u1ef1 l\u1ef1a ch\u1ecdn \u0111\u00e1ng tin c\u1eady \u0111\u1ec3 theo d\u00f5i t\u00e0i s\u1ea3n, mang \u0111\u1ebfn thi\u1ebft k\u1ebf ch\u1eafc ch\u1eafn cho nh\u1eefng m\u00f4i tr\u01b0\u1eddng kh\u1eafc nghi\u1ec7t.<\/p>\n<p><strong>T\u00f9y ch\u1ec9nh:<\/strong><\/p>\n<ul>\n<li>Ch\u00fang t\u00f4i cung c\u1ea5p d\u1ecbch v\u1ee5 in l\u1ee5a t\u00f9y ch\u1ec9nh theo th\u00f4ng tin chi ti\u1ebft b\u1ea1n ch\u1ec9 \u0111\u1ecbnh. Li\u00ean h\u1ec7 v\u1edbi ch\u00fang t\u00f4i \u0111\u1ec3 bi\u1ebft gi\u00e1 c\u1ea3 v\u00e0 t\u00ecnh tr\u1ea1ng c\u00f2n h\u00e0ng.<\/li>\n<\/ul>\n<p><strong>\u0110\u1eb7c tr\u01b0ng:<\/strong><\/p>\n<ul>\n<li><strong>\u0110\u01b0\u1eddng k\u00ednh:<\/strong>\u00a030mm<\/li>\n<li><strong>\u0110\u1ed9 d\u00e0y:<\/strong>\u00a02,3mm (+\/- 0,1mm)<\/li>\n<li><strong>H\u1ed1:<\/strong>\u00a03,3mm (+\/- 0,1mm)<\/li>\n<li><strong>V\u1eadt li\u1ec7u:<\/strong>\u00a0ABS, H\u00e0n si\u00eau \u00e2m<\/li>\n<li><strong>C\u00e2n n\u1eb7ng:<\/strong>\u00a02,0g<\/li>\n<li><strong>Nhi\u1ec7t \u0111\u1ed9 ho\u1ea1t \u0111\u1ed9ng:<\/strong>\u00a0-25\u00b0C \u0111\u1ebfn +70\u00b0C<\/li>\n<li><strong>\u0110\u1ed9 nh\u1ea1y:<\/strong>\u00a027microT. RMS t\u1ea1i RT cho ch\u1ebf \u0111\u1ed9 \u0111\u1ecdc \u1edf 125kHz<\/li>\n<\/ul>\n<p><strong>\u0110\u1eb7c \u0111i\u1ec3m c\u1ee7a Mifare 1k S50 Classic \/ ISO14443A:<\/strong><\/p>\n<ul>\n<li><strong>T\u1ea7n su\u1ea5t ho\u1ea1t \u0111\u1ed9ng:<\/strong>\u00a013,56MHz<\/li>\n<li><strong>K\u00fd \u1ee9c:<\/strong>\u00a0\u0110\u1ecdc\/Ghi EEPROM 1 KB, \u0111\u01b0\u1ee3c t\u1ed5 ch\u1ee9c th\u00e0nh 16 sector g\u1ed3m 4 kh\u1ed1i (m\u1ed7i kh\u1ed1i 16 byte)<\/li>\n<li><strong>Th\u1eddi gian giao d\u1ecbch \u0111i\u1ec3n h\u00ecnh:<\/strong>\u00a0&lt;100ms<\/li>\n<li><strong>S\u1ed1 s\u00ea-ri c\u1ed1 \u0111\u1ecbnh:<\/strong>\u00a0Duy nh\u1ea5t, 4 byte<\/li>\n<li><strong>Vi\u1ebft \u0110\u1ed9 b\u1ec1n:<\/strong>\u00a0T\u1ed1i thi\u1ec3u 100.000 chu k\u1ef3<\/li>\n<\/ul>","protected":false},"excerpt":{"rendered":"<p>Th\u1ebb \u0111\u0129a ABS m\u00e0u \u0111en b\u1ec1n b\u1ec9 n\u00e0y l\u00e0 m\u1ed9t ph\u1ea7n c\u1ee7a lo\u1ea1t b\u1ed9 \u0111\u00e1p th\u1ee5 \u0111\u1ed9ng, kh\u00f4ng ti\u1ebfp x\u00fac \u0111\u01b0\u1ee3c ch\u1ebf t\u1ea1o \u0111\u1ec3 theo d\u00f5i t\u00e0i s\u1ea3n \u0111\u00e1ng tin c\u1eady. C\u00e1c th\u1ebb s\u1eed d\u1ee5ng b\u1ed9 \u0111\u00e1p t\u1ea7n s\u1ed1 cao tu\u00e2n th\u1ee7 ti\u00eau chu\u1ea9n Mifare 1k S50 Classic \/ ISO14443A v\u00e0 bao g\u1ed3m m\u1ed9t s\u1ed1 nh\u1eadn d\u1ea1ng 4 byte duy nh\u1ea5t.<\/p>","protected":false},"featured_media":307,"template":"","meta":{"_kad_post_transparent":"default","_kad_post_title":"","_kad_post_layout":"default","_kad_post_sidebar_id":"","_kad_post_content_style":"default","_kad_post_vertical_padding":"default","_kad_post_feature":"","_kad_post_feature_position":"","_kad_post_header":false,"_kad_post_footer":false,"_kad_post_classname":""},"product_brand":[],"product_cat":[54],"product_tag":[125,126],"class_list":{"0":"post-306","1":"product","2":"type-product","3":"status-publish","4":"has-post-thumbnail","6":"product_cat-hot-selling-rfid-tags","7":"product_tag-mifare-1k-rfid-patrol-disc-tag","8":"product_tag-rfid-patrol-disc-tag","10":"first","11":"instock","12":"shipping-taxable","13":"product-type-simple","14":"entry","15":"content-bg","16":"loop-entry"},"_links":{"self":[{"href":"https:\/\/rfid-laundry-tag.com\/vi\/wp-json\/wp\/v2\/product\/306","targetHints":{"allow":["GET"]}}],"collection":[{"href":"https:\/\/rfid-laundry-tag.com\/vi\/wp-json\/wp\/v2\/product"}],"about":[{"href":"https:\/\/rfid-laundry-tag.com\/vi\/wp-json\/wp\/v2\/types\/product"}],"version-history":[{"count":0,"href":"https:\/\/rfid-laundry-tag.com\/vi\/wp-json\/wp\/v2\/product\/306\/revisions"}],"wp:featuredmedia":[{"embeddable":true,"href":"https:\/\/rfid-laundry-tag.com\/vi\/wp-json\/wp\/v2\/media\/307"}],"wp:attachment":[{"href":"https:\/\/rfid-laundry-tag.com\/vi\/wp-json\/wp\/v2\/media?parent=306"}],"wp:term":[{"taxonomy":"product_brand","embeddable":true,"href":"https:\/\/rfid-laundry-tag.com\/vi\/wp-json\/wp\/v2\/product_brand?post=306"},{"taxonomy":"product_cat","embeddable":true,"href":"https:\/\/rfid-laundry-tag.com\/vi\/wp-json\/wp\/v2\/product_cat?post=306"},{"taxonomy":"product_tag","embeddable":true,"href":"https:\/\/rfid-laundry-tag.com\/vi\/wp-json\/wp\/v2\/product_tag?post=306"}],"curies":[{"name":"wp","href":"https:\/\/api.w.org\/{rel}","templated":true}]}}