{"id":304,"date":"2024-06-26T16:50:11","date_gmt":"2024-06-26T16:50:11","guid":{"rendered":"https:\/\/rfid-laundry-tag.com\/?post_type=product&#038;p=304"},"modified":"2024-06-26T17:00:07","modified_gmt":"2024-06-26T17:00:07","slug":"on-duty-ntag215-nfc-patrol-tag","status":"publish","type":"product","link":"https:\/\/rfid-laundry-tag.com\/vi\/on-duty-ntag215-nfc-patrol-tag\/","title":{"rendered":"Th\u1ebb tu\u1ea7n tra NFC Ntag215 \u0111ang l\u00e0m nhi\u1ec7m v\u1ee5"},"content":{"rendered":"<p><strong>Th\u1ebb tu\u1ea7n tra NFC Ntag215 \u0111ang l\u00e0m nhi\u1ec7m v\u1ee5 <\/strong><\/p>\n<p>NTAG215 \u0111\u00e3 \u0111\u01b0\u1ee3c NXP Semiconductors ph\u00e1t tri\u1ec3n th\u00e0nh IC th\u1ebb NFC ti\u00eau chu\u1ea9n \u0111\u1ec3 s\u1eed d\u1ee5ng trong c\u00e1c \u1ee9ng d\u1ee5ng th\u1ecb tr\u01b0\u1eddng \u0111\u1ea1i ch\u00fang nh\u01b0 b\u00e1n l\u1ebb, ch\u01a1i game v\u00e0 \u0111i\u1ec7n t\u1eed ti\u00eau d\u00f9ng, k\u1ebft h\u1ee3p v\u1edbi c\u00e1c thi\u1ebft b\u1ecb NFC ho\u1eb7c Thi\u1ebft b\u1ecb gh\u00e9p n\u1ed1i ti\u1ec7m c\u1eadn tu\u00e2n th\u1ee7 NFC. NTAG215 (t\u1eeb nay tr\u1edf \u0111i, th\u01b0\u1eddng \u0111\u01b0\u1ee3c g\u1ecdi l\u00e0 NTAG21x) \u0111\u01b0\u1ee3c thi\u1ebft k\u1ebf \u0111\u1ec3 tu\u00e2n th\u1ee7 \u0111\u1ea7y \u0111\u1ee7 c\u00e1c th\u00f4ng s\u1ed1 k\u1ef9 thu\u1eadt c\u1ee7a NFC Forum Type 2 Tag v\u00e0 ISO\/IEC14443 Type A. B\u1ed9 nh\u1edb l\u00e0 504Byte.<\/p>\n<table class=\"hight-light-first-column all magic-11\">\n<tbody>\n<tr>\n<td colspan=\"1\" rowspan=\"1\">\n<div class=\"magic-12\" data-spm-anchor-id=\"a2700.details.0.i57.12287cd6Tl6d8d\">K\u00edch c\u1ee1<\/div>\n<\/td>\n<td colspan=\"4\" rowspan=\"1\">\n<div class=\"magic-13\">\u0110\u01b0\u1eddng k\u00ednh 25mm<\/div>\n<\/td>\n<\/tr>\n<tr>\n<td colspan=\"1\" rowspan=\"1\">\n<div class=\"magic-12\">M\u00e0u s\u1eafc<\/div>\n<\/td>\n<td colspan=\"4\" rowspan=\"1\">\n<div class=\"magic-16\">\u0110en, Tr\u1eafng, V\u00e0ng, \u0110\u1ecf ho\u1eb7c t\u00f9y ch\u1ec9nh<\/div>\n<\/td>\n<\/tr>\n<tr>\n<td colspan=\"1\" rowspan=\"1\">\n<div class=\"magic-12\">Chip<\/div>\n<\/td>\n<td colspan=\"4\" rowspan=\"1\">\n<div class=\"magic-13\">NTAG215<\/div>\n<\/td>\n<\/tr>\n<tr>\n<td colspan=\"1\" rowspan=\"1\">\n<div class=\"magic-12\">T\u00ednh th\u01b0\u1eddng xuy\u00ean<\/div>\n<\/td>\n<td colspan=\"4\" rowspan=\"1\">\n<div class=\"magic-13\">13,56mhz<\/div>\n<\/td>\n<\/tr>\n<tr>\n<td colspan=\"1\" rowspan=\"1\">\n<div class=\"magic-12\">Giao th\u1ee9c<\/div>\n<\/td>\n<td colspan=\"4\" rowspan=\"1\">\n<div class=\"magic-13\">ISO14443A, Di\u1ec5n \u0111\u00e0n NFC Lo\u1ea1i 2<\/div>\n<\/td>\n<\/tr>\n<tr>\n<td colspan=\"1\" rowspan=\"1\">\n<div class=\"magic-12\">V\u1eadt li\u1ec7u<\/div>\n<\/td>\n<td colspan=\"4\" rowspan=\"1\">\n<div class=\"magic-13\">ABS<\/div>\n<\/td>\n<\/tr>\n<tr>\n<td colspan=\"1\" rowspan=\"1\">\n<div class=\"magic-12\">Nhi\u1ec7t \u0111\u1ed9 ho\u1ea1t \u0111\u1ed9ng<\/div>\n<\/td>\n<td colspan=\"4\" rowspan=\"1\">\n<div class=\"magic-13\">-20 \u0111\u1ebfn 85 \u0111\u1ed9 C<\/div>\n<\/td>\n<\/tr>\n<tr>\n<td colspan=\"1\" rowspan=\"1\">\n<div class=\"magic-12\">\u1ee8ng d\u1ee5ng<\/div>\n<\/td>\n<td colspan=\"4\" rowspan=\"1\">\n<div class=\"magic-16\">Chu\u1ed7i gi\u1eb7t l\u00e0, H\u00f3a ch\u1ea5t kh\u1eafc nghi\u1ec7t, thi\u1ebft b\u1ecb thanh to\u00e1n, s\u1eed d\u1ee5ng ngo\u00e0i tr\u1eddi, H\u00f3a ch\u1ea5t, C\u00f4ng nghi\u1ec7p, H\u1eadu c\u1ea7n, B\u1ea3o v\u1ec7 tu\u1ea7n tra, th\u00e0nh vi\u00ean, Container v\u1eadn chuy\u1ec3n, pallet, v.v.<\/div>\n<\/td>\n<\/tr>\n<tr>\n<td colspan=\"1\" rowspan=\"1\">\n<div class=\"magic-12\">X\u1ebfp h\u1ea1ng ch\u1ed1ng th\u1ea5m n\u01b0\u1edbc<\/div>\n<\/td>\n<td colspan=\"4\" rowspan=\"1\">\n<div class=\"magic-16\">IP67<\/div>\n<\/td>\n<\/tr>\n<tr>\n<td colspan=\"1\" rowspan=\"1\">\n<div class=\"magic-12\">Ph\u1ea1m vi \u0111\u1ecdc<\/div>\n<\/td>\n<td colspan=\"4\" rowspan=\"1\">\n<div class=\"magic-16\">5-10cm, t\u00f9y thu\u1ed9c v\u00e0o ng\u01b0\u1eddi \u0111\u1ecdc<\/div>\n<\/td>\n<\/tr>\n<tr>\n<td colspan=\"1\" rowspan=\"1\">\n<div class=\"magic-12\">Th\u1ee7 c\u00f4ng<\/div>\n<\/td>\n<td colspan=\"4\" rowspan=\"1\">\n<div class=\"magic-16\">S\u1ed1 s\u00ea-ri, m\u00e3 v\u1ea1ch \u0111\u01b0\u1ee3c kh\u1eafc b\u1eb1ng laser, v.v.<\/div>\n<\/td>\n<\/tr>\n<tr>\n<td colspan=\"1\" rowspan=\"1\">\n<div class=\"magic-12\">L\u1eafp r\u00e1p<\/div>\n<\/td>\n<td colspan=\"4\" rowspan=\"1\">\n<div class=\"magic-16\">B\u1eb1ng keo d\u00e1n ho\u1eb7c v\u00edt, ho\u1eb7c \u0111inh t\u00e1n<\/div>\n<\/td>\n<\/tr>\n<\/tbody>\n<\/table>\n<p>&nbsp;<\/p>\n<h2>\u1ee8ng d\u1ee5ng th\u1ebb tu\u1ea7n tra NFC Ntag215 On Duty<\/h2>\n<p>T\u00e0i li\u1ec7u n\u00e0y ph\u00e1c th\u1ea3o \u1ee9ng d\u1ee5ng ti\u1ec1m n\u0103ng cho th\u1ebb NFC Ntag215 trong b\u1ed1i c\u1ea3nh nhi\u1ec7m v\u1ee5 tu\u1ea7n tra.<\/p>\n<p><strong>K\u1ecbch b\u1ea3n:<\/strong><\/p>\n<p>Nh\u00e2n vi\u00ean b\u1ea3o v\u1ec7 ho\u1eb7c nh\u00e2n vi\u00ean tu\u1ea7n tra c\u1ea7n ph\u1ea3i ki\u1ec3m tra t\u1ea1i c\u00e1c \u0111\u1ecba \u0111i\u1ec3m c\u1ee5 th\u1ec3 trong su\u1ed1t ca l\u00e0m vi\u1ec7c c\u1ee7a h\u1ecd. M\u1ee5c ti\u00eau l\u00e0 t\u1ef1 \u0111\u1ed9ng h\u00f3a quy tr\u00ecnh ghi l\u1ea1i c\u00e1c l\u1ea7n ki\u1ec3m tra n\u00e0y, cung c\u1ea5p d\u1eef li\u1ec7u v\u1ecb tr\u00ed theo th\u1eddi gian th\u1ef1c v\u00e0 c\u00f3 kh\u1ea3 n\u0103ng k\u00edch ho\u1ea1t c\u00e1c h\u00e0nh \u0111\u1ed9ng b\u1ed5 sung.<\/p>\n<p><strong>\u1ee8ng d\u1ee5ng:<\/strong><\/p>\n<ol>\n<li><strong>Th\u1ebb tu\u1ea7n tra NFC:<\/strong>\n<ul>\n<li>Th\u1ebb NFC Ntag215 \u0111\u01b0\u1ee3c g\u1eafn v\u00e0o c\u00e1c v\u1ecb tr\u00ed chi\u1ebfn l\u01b0\u1ee3c xung quanh tuy\u1ebfn \u0111\u01b0\u1eddng tu\u1ea7n tra (v\u00ed d\u1ee5: l\u1ed1i v\u00e0o t\u00f2a nh\u00e0, tr\u1ea1m ki\u1ec3m so\u00e1t an ninh, khu v\u1ef1c \u0111\u01b0\u1ee3c ch\u1ec9 \u0111\u1ecbnh).<\/li>\n<li>M\u1ed7i th\u1ebb \u0111\u01b0\u1ee3c g\u00e1n m\u1ed9t ID duy nh\u1ea5t v\u00e0 c\u00f3 kh\u1ea3 n\u0103ng l\u00e0 m\u1ed9t m\u00e3 \u0111\u1ecbnh danh v\u1ecb tr\u00ed.<\/li>\n<\/ul>\n<\/li>\n<li><strong>\u1ee8ng d\u1ee5ng di \u0111\u1ed9ng:<\/strong>\n<ul>\n<li>Nh\u00e2n vi\u00ean an ninh s\u1eed d\u1ee5ng \u0111i\u1ec7n tho\u1ea1i th\u00f4ng minh ho\u1eb7c m\u00e1y t\u00ednh b\u1ea3ng c\u00f3 c\u00e0i \u1ee9ng d\u1ee5ng chuy\u00ean d\u1ee5ng.<\/li>\n<li>\u1ee8ng d\u1ee5ng k\u1ebft n\u1ed1i v\u1edbi th\u1ebb NFC th\u00f4ng qua thao t\u00e1c ch\u1ea1m \u0111\u01a1n gi\u1ea3n ho\u1eb7c ph\u00e1t hi\u1ec7n kho\u1ea3ng c\u00e1ch.<\/li>\n<li>Khi ti\u1ebfp x\u00fac v\u1edbi th\u1ebb, \u1ee9ng d\u1ee5ng s\u1ebd:\n<ul>\n<li>Ghi l\u1ea1i th\u1eddi gian v\u00e0 ng\u00e0y th\u00e1ng nh\u1eadn ph\u00f2ng.<\/li>\n<li>Ghi l\u1ea1i ID c\u1ee7a th\u1ebb v\u00e0 c\u00f3 th\u1ec3 l\u00e0 v\u1ecb tr\u00ed c\u1ee7a th\u1ebb.<\/li>\n<li>T\u1ef1 \u0111\u1ed9ng c\u1eadp nh\u1eadt tr\u1ea1ng th\u00e1i v\u00e0 v\u1ecb tr\u00ed c\u1ee7a c\u1ea3nh s\u00e1t tu\u1ea7n tra tr\u00ean b\u1ea3ng \u0111i\u1ec1u khi\u1ec3n trung t\u00e2m.<\/li>\n<\/ul>\n<\/li>\n<\/ul>\n<\/li>\n<li><strong>B\u1ea3ng \u0111i\u1ec1u khi\u1ec3n trung t\u00e2m:<\/strong>\n<ul>\n<li>M\u1ed9t n\u1ec1n t\u1ea3ng d\u1ef1a tr\u00ean web ho\u1eb7c \u0111\u00e1m m\u00e2y hi\u1ec3n th\u1ecb th\u00f4ng tin th\u1eddi gian th\u1ef1c v\u1ec1 c\u1ea3nh s\u00e1t tu\u1ea7n tra.<\/li>\n<li>C\u00f4ng c\u1ee5 n\u00e0y s\u1ebd tr\u1ef1c quan h\u00f3a v\u1ecb tr\u00ed, th\u1eddi gian nh\u1eadn ph\u00f2ng v\u00e0 m\u1ecdi c\u1ea3nh b\u00e1o c\u1ee7a h\u1ecd.<\/li>\n<li>B\u1ea3ng th\u00f4ng tin n\u00e0y c\u0169ng c\u00f3 th\u1ec3 \u0111\u01b0\u1ee3c s\u1eed d\u1ee5ng \u0111\u1ec3:\n<ul>\n<li>G\u1eedi th\u00f4ng b\u00e1o khi \u0111\u1ebfn tr\u1ec5 ho\u1eb7c l\u1ee1 d\u1eebng.<\/li>\n<li>Theo d\u00f5i ho\u1ea1t \u0111\u1ed9ng \u0111\u1ec3 qu\u1ea3n l\u00fd hi\u1ec7u su\u1ea5t.<\/li>\n<li>T\u1ef1 \u0111\u1ed9ng t\u1ea1o b\u00e1o c\u00e1o v\u00e0 nh\u1eadt k\u00fd.<\/li>\n<\/ul>\n<\/li>\n<\/ul>\n<\/li>\n<\/ol>\n<p><strong>Nh\u1eefng l\u1ee3i \u00edch:<\/strong><\/p>\n<ul>\n<li><strong>\u0110\u0103ng k\u00fd t\u1ef1 \u0111\u1ed9ng:<\/strong>\u00a0Lo\u1ea1i b\u1ecf vi\u1ec7c nh\u1eadp nh\u1eadt k\u00fd th\u1ee7 c\u00f4ng v\u00e0 c\u00e1c l\u1ed7i ti\u1ec1m \u1ea9n.<\/li>\n<li><strong>Theo d\u00f5i v\u1ecb tr\u00ed theo th\u1eddi gian th\u1ef1c:<\/strong>\u00a0Cung c\u1ea5p th\u00f4ng tin t\u1ee9c th\u1eddi v\u1ec1 v\u1ecb tr\u00ed c\u1ee7a c\u1ea3nh s\u00e1t tu\u1ea7n tra.<\/li>\n<li><strong>N\u00e2ng cao tr\u00e1ch nhi\u1ec7m gi\u1ea3i tr\u00ecnh:<\/strong>\u00a0Cung c\u1ea5p b\u1ea3n ghi ki\u1ec3m to\u00e1n \u0111\u00e1ng tin c\u1eady v\u1ec1 c\u00e1c ho\u1ea1t \u0111\u1ed9ng tu\u1ea7n tra.<\/li>\n<li><strong>T\u0103ng c\u01b0\u1eddng b\u1ea3o m\u1eadt:<\/strong>\u00a0Cho ph\u00e9p ph\u1ea3n \u1ee9ng nhanh v\u1edbi c\u00e1c s\u1ef1 c\u1ed1 v\u00e0 c\u1ea3nh b\u00e1o.<\/li>\n<li><strong>Th\u00f4ng tin chi ti\u1ebft d\u1ef1a tr\u00ean d\u1eef li\u1ec7u:<\/strong>\u00a0H\u1ed7 tr\u1ee3 ph\u00e2n t\u00edch hi\u1ec7u su\u1ea5t v\u00e0 t\u1ed1i \u01b0u h\u00f3a c\u00e1c tuy\u1ebfn \u0111\u01b0\u1eddng tu\u1ea7n tra.<\/li>\n<\/ul>\n<p><strong>Chi ti\u1ebft tri\u1ec3n khai:<\/strong><\/p>\n<ul>\n<li><strong>L\u1eadp tr\u00ecnh th\u1ebb:<\/strong>\u00a0Th\u1ebb Ntag215 c\u00f3 th\u1ec3 d\u1ec5 d\u00e0ng l\u1eadp tr\u00ecnh b\u1eb1ng c\u00e1c c\u00f4ng c\u1ee5 NFC v\u00e0 c\u00f3 th\u1ec3 l\u01b0u tr\u1eef th\u00f4ng tin nh\u01b0 m\u00e3 \u0111\u1ecbnh danh v\u1ecb tr\u00ed, m\u00e3 truy c\u1eadp ho\u1eb7c c\u1ea3nh b\u00e1o.<\/li>\n<li><strong>Ph\u00e1t tri\u1ec3n \u1ee9ng d\u1ee5ng di \u0111\u1ed9ng:<\/strong>\u00a0\u1ee8ng d\u1ee5ng n\u00e0y s\u1ebd t\u1eadn d\u1ee5ng ch\u1ee9c n\u0103ng NFC c\u1ee7a thi\u1ebft b\u1ecb, cho ph\u00e9p giao ti\u1ebfp an to\u00e0n v\u1edbi c\u00e1c th\u1ebb.<\/li>\n<li><strong>T\u00edch h\u1ee3p b\u1ea3ng \u0111i\u1ec1u khi\u1ec3n:<\/strong>\u00a0D\u1eef li\u1ec7u thu th\u1eadp \u0111\u01b0\u1ee3c t\u1eeb th\u1ebb c\u00f3 th\u1ec3 \u0111\u01b0\u1ee3c t\u00edch h\u1ee3p v\u1edbi n\u1ec1n t\u1ea3ng \u0111\u00e1m m\u00e2y ho\u1eb7c h\u1ec7 th\u1ed1ng b\u1ea3o m\u1eadt hi\u1ec7n c\u00f3.<\/li>\n<li><strong>M\u00e3 h\u00f3a d\u1eef li\u1ec7u:<\/strong>\u00a0D\u1eef li\u1ec7u nh\u1ea1y c\u1ea3m c\u00f3 th\u1ec3 \u0111\u01b0\u1ee3c m\u00e3 h\u00f3a \u0111\u1ec3 \u0111\u1ea3m b\u1ea3o an to\u00e0n v\u00e0 ri\u00eang t\u01b0.<\/li>\n<\/ul>\n<p><strong>Nh\u1eefng c\u00e2n nh\u1eafc:<\/strong><\/p>\n<ul>\n<li><strong>\u0110\u1ed9 b\u1ec1n c\u1ee7a th\u1ebb:<\/strong>\u00a0Th\u1ebb Ntag215 c\u00f3 kh\u1ea3 n\u0103ng ch\u1ed1ng ch\u1ecbu c\u00e1c y\u1ebfu t\u1ed1 m\u00f4i tr\u01b0\u1eddng nh\u01b0ng c\u1ea7n \u0111\u01b0\u1ee3c l\u1eafp \u0111\u1eb7t ph\u00f9 h\u1ee3p \u0111\u1ec3 s\u1eed d\u1ee5ng l\u00e2u d\u00e0i.<\/li>\n<li><strong>K\u1ebft n\u1ed1i m\u1ea1ng:<\/strong>\u00a0C\u1ea7n c\u00f3 k\u1ebft n\u1ed1i m\u1ea1ng ho\u1eb7c internet \u0111\u00e1ng tin c\u1eady \u0111\u1ec3 truy\u1ec1n d\u1eef li\u1ec7u v\u00e0 truy c\u1eadp b\u1ea3ng \u0111i\u1ec1u khi\u1ec3n.<\/li>\n<li><strong>Quy\u1ec1n ri\u00eang t\u01b0 v\u00e0 b\u1ea3o m\u1eadt:<\/strong>\u00a0Tri\u1ec3n khai c\u00e1c bi\u1ec7n ph\u00e1p b\u1ea3o m\u1eadt v\u00e0 giao th\u1ee9c b\u1ea3o m\u1eadt d\u1eef li\u1ec7u ph\u00f9 h\u1ee3p.<\/li>\n<li><strong>Ph\u00e2n t\u00edch chi ph\u00ed:<\/strong>\u00a0H\u00e3y c\u00e2n nh\u1eafc \u0111\u1ebfn chi ph\u00ed th\u1ebb, ph\u00e1t tri\u1ec3n \u1ee9ng d\u1ee5ng v\u00e0 c\u01a1 s\u1edf h\u1ea1 t\u1ea7ng \u0111\u00e1m m\u00e2y ti\u1ec1m n\u0103ng.<\/li>\n<\/ul>\n<p>&nbsp;<\/p>\n<p>&nbsp;<\/p>","protected":false},"excerpt":{"rendered":"<p>Th\u1ebb NFC Ntag215 cung c\u1ea5p m\u1ed9t c\u00f4ng c\u1ee5 c\u00f3 gi\u00e1 tr\u1ecb \u0111\u1ec3 c\u1ea3i thi\u1ec7n hi\u1ec7u qu\u1ea3 v\u00e0 an ninh tu\u1ea7n tra. \u1ee8ng d\u1ee5ng n\u00e0y c\u00f3 th\u1ec3 h\u1ee3p l\u00fd h\u00f3a quy tr\u00ecnh tu\u1ea7n tra, n\u00e2ng cao tr\u00e1ch nhi\u1ec7m gi\u1ea3i tr\u00ecnh v\u00e0 cung c\u1ea5p th\u00f4ng tin chi ti\u1ebft v\u1ec1 d\u1eef li\u1ec7u c\u00f3 gi\u00e1 tr\u1ecb \u0111\u1ec3 \u0111\u01b0a ra quy\u1ebft \u0111\u1ecbnh t\u1ed1t h\u01a1n.<\/p>","protected":false},"featured_media":305,"template":"","meta":{"_kad_post_transparent":"default","_kad_post_title":"","_kad_post_layout":"default","_kad_post_sidebar_id":"","_kad_post_content_style":"default","_kad_post_vertical_padding":"default","_kad_post_feature":"","_kad_post_feature_position":"","_kad_post_header":false,"_kad_post_footer":false,"_kad_post_classname":""},"product_brand":[],"product_cat":[54],"product_tag":[118,124],"class_list":{"0":"post-304","1":"product","2":"type-product","3":"status-publish","4":"has-post-thumbnail","6":"product_cat-hot-selling-rfid-tags","7":"product_tag-anti-metal-nfc-patrol-tag","8":"product_tag-on-duty-ntag215-nfc-patrol-tag","10":"first","11":"instock","12":"shipping-taxable","13":"product-type-simple","14":"entry","15":"content-bg","16":"loop-entry"},"_links":{"self":[{"href":"https:\/\/rfid-laundry-tag.com\/vi\/wp-json\/wp\/v2\/product\/304","targetHints":{"allow":["GET"]}}],"collection":[{"href":"https:\/\/rfid-laundry-tag.com\/vi\/wp-json\/wp\/v2\/product"}],"about":[{"href":"https:\/\/rfid-laundry-tag.com\/vi\/wp-json\/wp\/v2\/types\/product"}],"version-history":[{"count":0,"href":"https:\/\/rfid-laundry-tag.com\/vi\/wp-json\/wp\/v2\/product\/304\/revisions"}],"wp:featuredmedia":[{"embeddable":true,"href":"https:\/\/rfid-laundry-tag.com\/vi\/wp-json\/wp\/v2\/media\/305"}],"wp:attachment":[{"href":"https:\/\/rfid-laundry-tag.com\/vi\/wp-json\/wp\/v2\/media?parent=304"}],"wp:term":[{"taxonomy":"product_brand","embeddable":true,"href":"https:\/\/rfid-laundry-tag.com\/vi\/wp-json\/wp\/v2\/product_brand?post=304"},{"taxonomy":"product_cat","embeddable":true,"href":"https:\/\/rfid-laundry-tag.com\/vi\/wp-json\/wp\/v2\/product_cat?post=304"},{"taxonomy":"product_tag","embeddable":true,"href":"https:\/\/rfid-laundry-tag.com\/vi\/wp-json\/wp\/v2\/product_tag?post=304"}],"curies":[{"name":"wp","href":"https:\/\/api.w.org\/{rel}","templated":true}]}}