{"id":302,"date":"2024-06-26T16:45:35","date_gmt":"2024-06-26T16:45:35","guid":{"rendered":"https:\/\/rfid-laundry-tag.com\/?post_type=product&#038;p=302"},"modified":"2024-06-26T16:49:46","modified_gmt":"2024-06-26T16:49:46","slug":"on-duty-ntag213-nfc-patrol-tag","status":"publish","type":"product","link":"https:\/\/rfid-laundry-tag.com\/vi\/on-duty-ntag213-nfc-patrol-tag\/","title":{"rendered":"Th\u1ebb tu\u1ea7n tra NFC Ntag213 \u0111ang l\u00e0m nhi\u1ec7m v\u1ee5"},"content":{"rendered":"<p><strong>Th\u1ebb tu\u1ea7n tra NFC Ntag213 \u0111ang l\u00e0m nhi\u1ec7m v\u1ee5<\/strong><\/p>\n<p>NTAG213, NTAG215 v\u00e0 NTAG216 \u0111\u00e3 \u0111\u01b0\u1ee3c NXP Semiconductors ph\u00e1t tri\u1ec3n th\u00e0nh IC th\u1ebb NFC ti\u00eau chu\u1ea9n \u0111\u1ec3 s\u1eed d\u1ee5ng trong c\u00e1c \u1ee9ng d\u1ee5ng th\u1ecb tr\u01b0\u1eddng \u0111\u1ea1i ch\u00fang nh\u01b0 b\u00e1n l\u1ebb, tr\u00f2 ch\u01a1i v\u00e0 \u0111i\u1ec7n t\u1eed ti\u00eau d\u00f9ng, k\u1ebft h\u1ee3p v\u1edbi c\u00e1c thi\u1ebft b\u1ecb NFC ho\u1eb7c Thi\u1ebft b\u1ecb gh\u00e9p n\u1ed1i ti\u1ec7m c\u1eadn t\u01b0\u01a1ng th\u00edch NFC. NTAG213, NTAG215 v\u00e0 NTAG216 (t\u1eeb nay tr\u1edf \u0111i, th\u01b0\u1eddng \u0111\u01b0\u1ee3c g\u1ecdi l\u00e0 NTAG21x) \u0111\u01b0\u1ee3c thi\u1ebft k\u1ebf \u0111\u1ec3 tu\u00e2n th\u1ee7 \u0111\u1ea7y \u0111\u1ee7 c\u00e1c th\u00f4ng s\u1ed1 k\u1ef9 thu\u1eadt c\u1ee7a NFC Forum Type 2 Tag v\u00e0 ISO\/IEC14443 Type A.<\/p>\n<table class=\"hight-light-first-column all magic-11\">\n<tbody>\n<tr>\n<td colspan=\"1\" rowspan=\"1\">\n<div class=\"magic-12\" data-spm-anchor-id=\"a2700.details.0.i57.12287cd6Tl6d8d\">K\u00edch c\u1ee1<\/div>\n<\/td>\n<td colspan=\"4\" rowspan=\"1\">\n<div class=\"magic-13\">\u0110\u01b0\u1eddng k\u00ednh 25mm<\/div>\n<\/td>\n<\/tr>\n<tr>\n<td colspan=\"1\" rowspan=\"1\">\n<div class=\"magic-12\">M\u00e0u s\u1eafc<\/div>\n<\/td>\n<td colspan=\"4\" rowspan=\"1\">\n<div class=\"magic-16\">\u0110en, Tr\u1eafng, V\u00e0ng, \u0110\u1ecf ho\u1eb7c t\u00f9y ch\u1ec9nh<\/div>\n<\/td>\n<\/tr>\n<tr>\n<td colspan=\"1\" rowspan=\"1\">\n<div class=\"magic-12\">Chip<\/div>\n<\/td>\n<td colspan=\"4\" rowspan=\"1\">\n<div class=\"magic-13\">NTAG213, NTAG215, NTAG216<\/div>\n<\/td>\n<\/tr>\n<tr>\n<td colspan=\"1\" rowspan=\"1\">\n<div class=\"magic-12\">T\u00ednh th\u01b0\u1eddng xuy\u00ean<\/div>\n<\/td>\n<td colspan=\"4\" rowspan=\"1\">\n<div class=\"magic-13\">13,56mhz<\/div>\n<\/td>\n<\/tr>\n<tr>\n<td colspan=\"1\" rowspan=\"1\">\n<div class=\"magic-12\">Giao th\u1ee9c<\/div>\n<\/td>\n<td colspan=\"4\" rowspan=\"1\">\n<div class=\"magic-13\">ISO14443A, Di\u1ec5n \u0111\u00e0n NFC Lo\u1ea1i 2<\/div>\n<\/td>\n<\/tr>\n<tr>\n<td colspan=\"1\" rowspan=\"1\">\n<div class=\"magic-12\">V\u1eadt li\u1ec7u<\/div>\n<\/td>\n<td colspan=\"4\" rowspan=\"1\">\n<div class=\"magic-13\">ABS<\/div>\n<\/td>\n<\/tr>\n<tr>\n<td colspan=\"1\" rowspan=\"1\">\n<div class=\"magic-12\">Nhi\u1ec7t \u0111\u1ed9 ho\u1ea1t \u0111\u1ed9ng<\/div>\n<\/td>\n<td colspan=\"4\" rowspan=\"1\">\n<div class=\"magic-13\">-20 \u0111\u1ebfn 85 \u0111\u1ed9 C<\/div>\n<\/td>\n<\/tr>\n<tr>\n<td colspan=\"1\" rowspan=\"1\">\n<div class=\"magic-12\">\u1ee8ng d\u1ee5ng<\/div>\n<\/td>\n<td colspan=\"4\" rowspan=\"1\">\n<div class=\"magic-16\">Chu\u1ed7i gi\u1eb7t l\u00e0, H\u00f3a ch\u1ea5t kh\u1eafc nghi\u1ec7t, thi\u1ebft b\u1ecb thanh to\u00e1n, s\u1eed d\u1ee5ng ngo\u00e0i tr\u1eddi, H\u00f3a ch\u1ea5t, C\u00f4ng nghi\u1ec7p, H\u1eadu c\u1ea7n, B\u1ea3o v\u1ec7 tu\u1ea7n tra, th\u00e0nh vi\u00ean, Container v\u1eadn chuy\u1ec3n, pallet, v.v.<\/div>\n<\/td>\n<\/tr>\n<tr>\n<td colspan=\"1\" rowspan=\"1\">\n<div class=\"magic-12\">X\u1ebfp h\u1ea1ng ch\u1ed1ng th\u1ea5m n\u01b0\u1edbc<\/div>\n<\/td>\n<td colspan=\"4\" rowspan=\"1\">\n<div class=\"magic-16\">IP67<\/div>\n<\/td>\n<\/tr>\n<tr>\n<td colspan=\"1\" rowspan=\"1\">\n<div class=\"magic-12\">Ph\u1ea1m vi \u0111\u1ecdc<\/div>\n<\/td>\n<td colspan=\"4\" rowspan=\"1\">\n<div class=\"magic-16\">5-10cm, t\u00f9y thu\u1ed9c v\u00e0o ng\u01b0\u1eddi \u0111\u1ecdc<\/div>\n<\/td>\n<\/tr>\n<tr>\n<td colspan=\"1\" rowspan=\"1\">\n<div class=\"magic-12\">Th\u1ee7 c\u00f4ng<\/div>\n<\/td>\n<td colspan=\"4\" rowspan=\"1\">\n<div class=\"magic-16\">S\u1ed1 s\u00ea-ri, m\u00e3 v\u1ea1ch \u0111\u01b0\u1ee3c kh\u1eafc b\u1eb1ng laser, v.v.<\/div>\n<\/td>\n<\/tr>\n<tr>\n<td colspan=\"1\" rowspan=\"1\">\n<div class=\"magic-12\">L\u1eafp r\u00e1p<\/div>\n<\/td>\n<td colspan=\"4\" rowspan=\"1\">\n<div class=\"magic-16\">B\u1eb1ng keo d\u00e1n ho\u1eb7c v\u00edt, ho\u1eb7c \u0111inh t\u00e1n<\/div>\n<\/td>\n<\/tr>\n<\/tbody>\n<\/table>\n<h2>\u1ee8ng d\u1ee5ng th\u1ebb tu\u1ea7n tra NFC NTAG213 \u0111ang l\u00e0m nhi\u1ec7m v\u1ee5<\/h2>\n<p>Th\u1ebb tu\u1ea7n tra NFC On Duty NTAG213 l\u00e0 m\u1ed9t c\u00f4ng c\u1ee5 \u0111a n\u0103ng gi\u00fap t\u0103ng c\u01b0\u1eddng an ninh, hi\u1ec7u qu\u1ea3 v\u00e0 theo d\u00f5i trong nhi\u1ec1u \u1ee9ng d\u1ee5ng kh\u00e1c nhau. Sau \u0111\u00e2y l\u00e0 m\u1ed9t s\u1ed1 v\u00ed d\u1ee5:<\/p>\n<p><strong>An ninh v\u00e0 Ki\u1ec3m so\u00e1t ra v\u00e0o:<\/strong><\/p>\n<ul>\n<li><strong>\u0110\u1ed9i tu\u1ea7n tra:<\/strong>\u00a0C\u00f3 th\u1ec3 g\u1eafn th\u1ebb cho t\u1eebng nh\u00e2n vi\u00ean an ninh, cho ph\u00e9p theo d\u00f5i v\u1ecb tr\u00ed v\u00e0 ho\u1ea1t \u0111\u1ed9ng c\u1ee7a h\u1ecd theo th\u1eddi gian th\u1ef1c. \u0110i\u1ec1u n\u00e0y gi\u00fap theo d\u00f5i c\u00e1c tuy\u1ebfn tu\u1ea7n tra, \u0111\u1ea3m b\u1ea3o ph\u1ea3n h\u1ed3i k\u1ecbp th\u1eddi v\u00e0 cung c\u1ea5p b\u1eb1ng ch\u1ee9ng v\u1ec1 s\u1ef1 hi\u1ec7n di\u1ec7n t\u1ea1i c\u00e1c \u0111i\u1ec3m ki\u1ec3m tra \u0111\u01b0\u1ee3c ch\u1ec9 \u0111\u1ecbnh.<\/li>\n<li><strong>Ki\u1ec3m so\u00e1t truy c\u1eadp:<\/strong>\u00a0\u0110\u01b0\u1ee3c t\u00edch h\u1ee3p v\u1edbi h\u1ec7 th\u1ed1ng \u0111\u1ea7u \u0111\u1ecdc NFC, th\u1ebb c\u00f3 th\u1ec3 c\u1ea5p ho\u1eb7c t\u1eeb ch\u1ed1i quy\u1ec1n truy c\u1eadp v\u00e0o c\u00e1c khu v\u1ef1c ho\u1eb7c t\u00e0i nguy\u00ean c\u1ee5 th\u1ec3 d\u1ef1a tr\u00ean danh t\u00ednh ng\u01b0\u1eddi d\u00f9ng v\u00e0 m\u1ee9c \u0111\u1ed9 \u1ee7y quy\u1ec1n. \u0110i\u1ec1u n\u00e0y t\u0103ng c\u01b0\u1eddng b\u1ea3o m\u1eadt v\u00e0 h\u1ea1n ch\u1ebf vi\u1ec7c x\u00e2m nh\u1eadp tr\u00e1i ph\u00e9p.<\/li>\n<li><strong>Theo d\u00f5i t\u00e0i s\u1ea3n:<\/strong>\u00a0G\u1eafn th\u1ebb v\u00e0o thi\u1ebft b\u1ecb ho\u1eb7c t\u00e0i s\u1ea3n c\u00f3 gi\u00e1 tr\u1ecb \u0111\u1ec3 theo d\u00f5i v\u1ecb tr\u00ed, chuy\u1ec3n \u0111\u1ed9ng v\u00e0 c\u00e1ch s\u1eed d\u1ee5ng c\u1ee7a ch\u00fang. \u0110i\u1ec1u n\u00e0y gi\u00fap ng\u0103n ng\u1eeba tr\u1ed9m c\u1eafp, t\u1ed1i \u01b0u h\u00f3a qu\u1ea3n l\u00fd h\u00e0ng t\u1ed3n kho v\u00e0 theo d\u00f5i l\u1ecbch tr\u00ecnh b\u1ea3o tr\u00ec thi\u1ebft b\u1ecb.<\/li>\n<\/ul>\n<p><strong>Quy tr\u00ecnh l\u00e0m vi\u1ec7c v\u00e0 hi\u1ec7u qu\u1ea3:<\/strong><\/p>\n<ul>\n<li><strong>Theo d\u00f5i l\u1ec7nh l\u00e0m vi\u1ec7c:<\/strong>\u00a0C\u00f3 th\u1ec3 s\u1eed d\u1ee5ng th\u1ebb \u0111\u1ec3 ghi l\u1ea1i v\u00e0 theo d\u00f5i l\u1ec7nh l\u00e0m vi\u1ec7c, cung c\u1ea5p th\u00f4ng tin c\u1eadp nh\u1eadt tr\u1ea1ng th\u00e1i theo th\u1eddi gian th\u1ef1c v\u00e0 t\u1ea1o \u0111i\u1ec1u ki\u1ec7n qu\u1ea3n l\u00fd quy tr\u00ecnh l\u00e0m vi\u1ec7c hi\u1ec7u qu\u1ea3.<\/li>\n<li><strong>Th\u1eddi gian v\u00e0 \u0110i\u1ec3m danh:<\/strong>\u00a0T\u00edch h\u1ee3p th\u1ebb v\u1edbi \u0111\u1ed3ng h\u1ed3 ch\u1ea5m c\u00f4ng h\u1ed7 tr\u1ee3 NFC \u0111\u1ec3 ghi l\u1ea1i th\u1eddi gian \u0111\u1ebfn v\u00e0 \u0111i c\u1ee7a nh\u00e2n vi\u00ean, c\u1ea3i thi\u1ec7n \u0111\u1ed9 ch\u00ednh x\u00e1c v\u00e0 lo\u1ea1i b\u1ecf l\u1ed7i ch\u1ea5m c\u00f4ng th\u1ee7 c\u00f4ng.<\/li>\n<li><strong>Qu\u1ea3n l\u00fd h\u00e0ng t\u1ed3n kho:<\/strong>\u00a0G\u1eafn th\u1ebb v\u00e0o c\u00e1c m\u1eb7t h\u00e0ng t\u1ed3n kho \u0111\u1ec3 qu\u1ea3n l\u00fd kho t\u1ef1 \u0111\u1ed9ng, gi\u1ea3m vi\u1ec7c \u0111\u1ebfm th\u1ee7 c\u00f4ng v\u00e0 cung c\u1ea5p kh\u1ea3 n\u0103ng hi\u1ec3n th\u1ecb m\u1ee9c t\u1ed3n kho theo th\u1eddi gian th\u1ef1c.<\/li>\n<\/ul>\n<p><strong>C\u00e1c \u1ee9ng d\u1ee5ng kh\u00e1c:<\/strong><\/p>\n<ul>\n<li><strong>V\u00e9 s\u1ef1 ki\u1ec7n:<\/strong>\u00a0Th\u1ebb c\u00f3 th\u1ec3 \u0111\u00f3ng vai tr\u00f2 nh\u01b0 v\u00e9 s\u1ef1 ki\u1ec7n, cung c\u1ea5p quy\u1ec1n ki\u1ec3m so\u00e1t l\u1ed1i v\u00e0o, cho ph\u00e9p ng\u01b0\u1eddi tham d\u1ef1 truy c\u1eadp n\u1ed9i dung \u0111\u1ed9c quy\u1ec1n v\u00e0 t\u1ea1o \u0111i\u1ec1u ki\u1ec7n cho c\u00e1c giao d\u1ecbch li\u1ec1n m\u1ea1ch.<\/li>\n<li><strong>Ch\u01b0\u01a1ng tr\u00ecnh kh\u00e1ch h\u00e0ng th\u00e2n thi\u1ebft:<\/strong>\u00a0T\u00edch h\u1ee3p th\u1ebb v\u1edbi ch\u01b0\u01a1ng tr\u00ecnh kh\u00e1ch h\u00e0ng th\u00e2n thi\u1ebft \u0111\u1ec3 cung c\u1ea5p ph\u1ea7n th\u01b0\u1edfng, chi\u1ebft kh\u1ea5u v\u00e0 l\u1ee3i \u00edch \u0111\u1ed9c quy\u1ec1n \u0111\u01b0\u1ee3c c\u00e1 nh\u00e2n h\u00f3a cho kh\u00e1ch h\u00e0ng trung th\u00e0nh.<\/li>\n<li><strong>L\u01b0u tr\u1eef d\u1eef li\u1ec7u:<\/strong>\u00a0B\u1ed9 nh\u1edb c\u1ee7a th\u1ebb c\u00f3 th\u1ec3 \u0111\u01b0\u1ee3c s\u1eed d\u1ee5ng \u0111\u1ec3 l\u01b0u tr\u1eef th\u00f4ng tin nh\u01b0 th\u00f4ng s\u1ed1 k\u1ef9 thu\u1eadt s\u1ea3n ph\u1ea9m, h\u1ed3 s\u01a1 b\u1ea3o tr\u00ec ho\u1eb7c ngu\u1ed3n g\u1ed1c s\u1ea3n ph\u1ea9m. \u0110i\u1ec1u n\u00e0y cho ph\u00e9p d\u1ec5 d\u00e0ng truy c\u1eadp v\u00e0o d\u1eef li\u1ec7u c\u00f3 li\u00ean quan th\u00f4ng qua c\u00e1c thi\u1ebft b\u1ecb h\u1ed7 tr\u1ee3 NFC.<\/li>\n<\/ul>\n<p><strong>L\u1ee3i \u00edch khi s\u1eed d\u1ee5ng th\u1ebb tu\u1ea7n tra NFC NTAG213:<\/strong><\/p>\n<ul>\n<li><strong>T\u0103ng c\u01b0\u1eddng b\u1ea3o m\u1eadt:<\/strong>\u00a0T\u0103ng c\u01b0\u1eddng ki\u1ec3m so\u00e1t quy\u1ec1n truy c\u1eadp, theo d\u00f5i t\u00e0i s\u1ea3n v\u00e0 ho\u1ea1t \u0111\u1ed9ng c\u1ee7a nh\u00e2n vi\u00ean.<\/li>\n<li><strong>Hi\u1ec7u qu\u1ea3 \u0111\u01b0\u1ee3c c\u1ea3i thi\u1ec7n:<\/strong>\u00a0Quy tr\u00ecnh l\u00e0m vi\u1ec7c h\u1ee3p l\u00fd, thu th\u1eadp d\u1eef li\u1ec7u t\u1ef1 \u0111\u1ed9ng v\u00e0 gi\u1ea3m quy tr\u00ecnh th\u1ee7 c\u00f4ng.<\/li>\n<li><strong>Theo d\u00f5i th\u1eddi gian th\u1ef1c:<\/strong>\u00a0Gi\u00e1m s\u00e1t li\u00ean t\u1ee5c t\u00e0i s\u1ea3n, nh\u00e2n s\u1ef1 v\u00e0 ho\u1ea1t \u0111\u1ed9ng.<\/li>\n<li><strong>Hi\u1ec7u qu\u1ea3 v\u1ec1 chi ph\u00ed:<\/strong>\u00a0Gi\u1ea3m s\u1ef1 ph\u1ee5 thu\u1ed9c v\u00e0o c\u00e1c quy tr\u00ecnh th\u1ee7 c\u00f4ng, c\u00f3 kh\u1ea3 n\u0103ng ti\u1ebft ki\u1ec7m th\u1eddi gian v\u00e0 t\u00e0i nguy\u00ean.<\/li>\n<li><strong>Th\u00e2n thi\u1ec7n v\u1edbi ng\u01b0\u1eddi d\u00f9ng:<\/strong>\u00a0D\u1ec5 d\u00e0ng t\u00edch h\u1ee3p v\u1edbi c\u00e1c h\u1ec7 th\u1ed1ng hi\u1ec7n c\u00f3 v\u00e0 t\u01b0\u01a1ng t\u00e1c th\u00e2n thi\u1ec7n v\u1edbi ng\u01b0\u1eddi d\u00f9ng th\u00f4ng qua c\u00e1c thi\u1ebft b\u1ecb h\u1ed7 tr\u1ee3 NFC.<\/li>\n<\/ul>\n<p><strong>Nh\u00ecn chung, Th\u1ebb tu\u1ea7n tra NFC NTAG213 cung c\u1ea5p gi\u1ea3i ph\u00e1p m\u1ea1nh m\u1ebd v\u00e0 linh ho\u1ea1t cho nhi\u1ec1u \u1ee9ng d\u1ee5ng, cho ph\u00e9p c\u00e1c t\u1ed5 ch\u1ee9c c\u1ea3i thi\u1ec7n b\u1ea3o m\u1eadt, t\u1ed1i \u01b0u h\u00f3a quy tr\u00ecnh l\u00e0m vi\u1ec7c v\u00e0 n\u00e2ng cao hi\u1ec7u qu\u1ea3 ho\u1ea1t \u0111\u1ed9ng.<\/strong><\/p>","protected":false},"excerpt":{"rendered":"<p>Th\u1ebb tu\u1ea7n tra NFC Ntag213 \u0111ang l\u00e0m nhi\u1ec7m v\u1ee5: th\u1ebb NFC th\u00f4ng th\u01b0\u1eddng kh\u00f4ng ho\u1ea1t \u0111\u1ed9ng t\u1ed1t tr\u00ean b\u1ec1 m\u1eb7t kim lo\u1ea1i. \u0110i\u1ec1u n\u00e0y l\u00e0 do kim lo\u1ea1i l\u00e0m gi\u00e1n \u0111o\u1ea1n c\u00e1c t\u00edn hi\u1ec7u \u0111i\u1ec7n t\u1eeb \u0111\u01b0\u1ee3c s\u1eed d\u1ee5ng \u0111\u1ec3 giao ti\u1ebfp. Tuy nhi\u00ean, m\u1ed9t lo\u1ea1i th\u1ebb m\u1edbi, \u0111\u01b0\u1ee3c g\u1ecdi l\u00e0 <strong>Th\u1ebb NFC tr\u00ean kim lo\u1ea1i<\/strong>, gi\u1ea3i quy\u1ebft v\u1ea5n \u0111\u1ec1 n\u00e0y. C\u00e1c th\u1ebb n\u00e0y \u0111\u01b0\u1ee3c thi\u1ebft k\u1ebf \u0111\u1eb7c bi\u1ec7t \u0111\u1ec3 ho\u1ea1t \u0111\u1ed9ng ho\u00e0n h\u1ea3o tr\u00ean kim lo\u1ea1i ho\u1eb7c b\u1ea5t k\u1ef3 v\u1eadt li\u1ec7u d\u1eabn \u0111i\u1ec7n n\u00e0o kh\u00e1c. Ch\u00fang \u0111\u1ea1i di\u1ec7n cho m\u1ed9t b\u01b0\u1edbc \u0111\u1ed9t ph\u00e1 cho c\u00e1c \u1ee9ng d\u1ee5ng NFC trong m\u00f4i tr\u01b0\u1eddng c\u00f3 nhi\u1ec1u kim lo\u1ea1i.<\/p>","protected":false},"featured_media":303,"template":"","meta":{"_kad_post_transparent":"default","_kad_post_title":"","_kad_post_layout":"default","_kad_post_sidebar_id":"","_kad_post_content_style":"default","_kad_post_vertical_padding":"default","_kad_post_feature":"","_kad_post_feature_position":"","_kad_post_header":false,"_kad_post_footer":false,"_kad_post_classname":""},"product_brand":[],"product_cat":[54],"product_tag":[118,123],"class_list":{"0":"post-302","1":"product","2":"type-product","3":"status-publish","4":"has-post-thumbnail","6":"product_cat-hot-selling-rfid-tags","7":"product_tag-anti-metal-nfc-patrol-tag","8":"product_tag-on-duty-ntag213-nfc-patrol-tag","10":"first","11":"instock","12":"shipping-taxable","13":"product-type-simple","14":"entry","15":"content-bg","16":"loop-entry"},"_links":{"self":[{"href":"https:\/\/rfid-laundry-tag.com\/vi\/wp-json\/wp\/v2\/product\/302","targetHints":{"allow":["GET"]}}],"collection":[{"href":"https:\/\/rfid-laundry-tag.com\/vi\/wp-json\/wp\/v2\/product"}],"about":[{"href":"https:\/\/rfid-laundry-tag.com\/vi\/wp-json\/wp\/v2\/types\/product"}],"version-history":[{"count":0,"href":"https:\/\/rfid-laundry-tag.com\/vi\/wp-json\/wp\/v2\/product\/302\/revisions"}],"wp:featuredmedia":[{"embeddable":true,"href":"https:\/\/rfid-laundry-tag.com\/vi\/wp-json\/wp\/v2\/media\/303"}],"wp:attachment":[{"href":"https:\/\/rfid-laundry-tag.com\/vi\/wp-json\/wp\/v2\/media?parent=302"}],"wp:term":[{"taxonomy":"product_brand","embeddable":true,"href":"https:\/\/rfid-laundry-tag.com\/vi\/wp-json\/wp\/v2\/product_brand?post=302"},{"taxonomy":"product_cat","embeddable":true,"href":"https:\/\/rfid-laundry-tag.com\/vi\/wp-json\/wp\/v2\/product_cat?post=302"},{"taxonomy":"product_tag","embeddable":true,"href":"https:\/\/rfid-laundry-tag.com\/vi\/wp-json\/wp\/v2\/product_tag?post=302"}],"curies":[{"name":"wp","href":"https:\/\/api.w.org\/{rel}","templated":true}]}}