{"id":299,"date":"2024-06-26T15:49:09","date_gmt":"2024-06-26T15:49:09","guid":{"rendered":"https:\/\/rfid-laundry-tag.com\/?post_type=product&#038;p=299"},"modified":"2024-06-26T15:49:09","modified_gmt":"2024-06-26T15:49:09","slug":"uhf-industrial-on-metal-rfid-tags","status":"publish","type":"product","link":"https:\/\/rfid-laundry-tag.com\/vi\/uhf-industrial-on-metal-rfid-tags\/","title":{"rendered":"Th\u1ebb RFID c\u00f4ng nghi\u1ec7p UHF tr\u00ean kim lo\u1ea1i"},"content":{"rendered":"<table class=\"has-title all magic-4\">\n<tbody>\n<tr>\n<td colspan=\"1\" rowspan=\"1\">\n<div class=\"magic-5\" data-spm-anchor-id=\"a2700.details.0.i63.6b4c1284UGSrnr\">V\u1eadt li\u1ec7u<\/div>\n<\/td>\n<td colspan=\"1\" rowspan=\"1\">\n<div class=\"magic-6\">ABS<\/div>\n<\/td>\n<\/tr>\n<tr>\n<td colspan=\"1\" rowspan=\"1\">\n<div class=\"magic-5\">K\u00edch c\u1ee1<\/div>\n<\/td>\n<td colspan=\"1\" rowspan=\"1\">\n<div class=\"magic-6\">78x31x10mm ho\u1eb7c t\u00f9y ch\u1ec9nh<\/div>\n<\/td>\n<\/tr>\n<tr>\n<td colspan=\"1\" rowspan=\"1\">\n<div class=\"magic-5\">T\u00ednh th\u01b0\u1eddng xuy\u00ean<\/div>\n<\/td>\n<td colspan=\"1\" rowspan=\"1\">\n<div class=\"magic-6\">860-960mhz<\/div>\n<\/td>\n<\/tr>\n<tr>\n<td colspan=\"1\" rowspan=\"1\">\n<div class=\"magic-5\">Lo\u1ea1i IC (chip)<\/div>\n<\/td>\n<td colspan=\"1\" rowspan=\"1\">\n<div class=\"magic-6\">Impinj Monza R6P<\/div>\n<\/td>\n<\/tr>\n<tr>\n<td colspan=\"1\" rowspan=\"1\">\n<div class=\"magic-5\">Giao th\u1ee9c<\/div>\n<\/td>\n<td colspan=\"1\" rowspan=\"1\">\n<div class=\"magic-6\" data-spm-anchor-id=\"a2700.details.0.i64.6b4c1284UGSrnr\">EPC To\u00e0n c\u1ea7u L\u1edbp 1 Gen2 &amp; ISO18000-6C<\/div>\n<\/td>\n<\/tr>\n<tr>\n<td colspan=\"1\" rowspan=\"1\">\n<div class=\"magic-7\">K\u00fd \u1ee9c<\/div>\n<\/td>\n<td colspan=\"1\" rowspan=\"1\">\n<div class=\"magic-6\">EPC 128 bit, Ng\u01b0\u1eddi d\u00f9ng 32 bit<\/div>\n<\/td>\n<\/tr>\n<tr>\n<td colspan=\"1\" rowspan=\"1\">\n<div class=\"magic-5\">Y\u1ebfu t\u1ed1 h\u00ecnh th\u1ee9c th\u1ebb<\/div>\n<\/td>\n<td colspan=\"1\" rowspan=\"1\">\n<div class=\"magic-6\">Th\u1ebb c\u1ee9ng<\/div>\n<\/td>\n<\/tr>\n<tr>\n<td colspan=\"1\" rowspan=\"1\">\n<div class=\"magic-5\">Ph\u01b0\u01a1ng ph\u00e1p \u0111\u00ednh k\u00e8m<\/div>\n<\/td>\n<td colspan=\"1\" rowspan=\"1\">\n<div class=\"magic-6\">C\u1ed1 \u0111\u1ecbnh b\u1eb1ng v\u00edt, keo d\u00e1n phim<\/div>\n<\/td>\n<\/tr>\n<tr>\n<td colspan=\"1\" rowspan=\"1\">\n<div class=\"magic-5\">Nhi\u1ec7t \u0111\u1ed9 ho\u1ea1t \u0111\u1ed9ng<\/div>\n<\/td>\n<td colspan=\"1\" rowspan=\"1\">\n<div class=\"magic-6\">-35 \u00b0C \/ +90 \u00b0C<\/div>\n<\/td>\n<\/tr>\n<tr>\n<td colspan=\"1\" rowspan=\"1\">\n<div class=\"magic-5\">Kho\u1ea3ng c\u00e1ch \u0111\u1ecdc<\/div>\n<\/td>\n<td colspan=\"1\" rowspan=\"1\">\n<div class=\"magic-6\">L\u00ean \u0111\u1ebfn 10m<\/div>\n<\/td>\n<\/tr>\n<tr>\n<td colspan=\"1\" rowspan=\"1\">\n<div class=\"magic-8\">V\u1eadt li\u1ec7u b\u1ec1 m\u1eb7t \u00e1p d\u1ee5ng<\/div>\n<\/td>\n<td colspan=\"1\" rowspan=\"1\">\n<div class=\"magic-6\">Ch\u1ea5t n\u1ec1n kim lo\u1ea1i v\u00e0 phi kim lo\u1ea1i<\/div>\n<\/td>\n<\/tr>\n<tr>\n<td colspan=\"1\" rowspan=\"1\">\n<div class=\"magic-7\">X\u1ebfp h\u1ea1ng IP<\/div>\n<\/td>\n<td colspan=\"1\" rowspan=\"1\">\n<div class=\"magic-6\">IP68<\/div>\n<\/td>\n<\/tr>\n<tr>\n<td colspan=\"1\" rowspan=\"1\">\n<div class=\"magic-7\">\u1ee8ng d\u1ee5ng<\/div>\n<\/td>\n<td colspan=\"1\" rowspan=\"1\">\n<div class=\"magic-6\" data-spm-anchor-id=\"a2700.details.0.i62.6b4c1284UGSrnr\">D\u00f9ng cho t\u00e0i s\u1ea3n, c\u00f4ng nghi\u1ec7p n\u1eb7ng v\u00e0 s\u1eed d\u1ee5ng ngo\u00e0i tr\u1eddi<\/div>\n<\/td>\n<\/tr>\n<\/tbody>\n<\/table>\n<p>&nbsp;<\/p>\n<h2>Th\u1ebb RFID UHF cho m\u00f4i tr\u01b0\u1eddng c\u00f4ng nghi\u1ec7p<\/h2>\n<p><strong>\u0110\u1eb7c tr\u01b0ng:<\/strong><\/p>\n<ul>\n<li><strong>Kh\u1ea3 n\u0103ng t\u01b0\u01a1ng th\u00edch theo ti\u00eau chu\u1ea9n c\u00f4ng nghi\u1ec7p:<\/strong>\u00a0Tu\u00e2n th\u1ee7 ti\u00eau chu\u1ea9n ISO18000-6C (EPC C1G2), \u0111\u1ea3m b\u1ea3o t\u00edch h\u1ee3p li\u1ec1n m\u1ea1ch v\u1edbi c\u00e1c h\u1ec7 th\u1ed1ng RFID UHF hi\u1ec7n c\u00f3.<\/li>\n<li><strong>Kh\u1ea3 n\u0103ng t\u01b0\u01a1ng th\u00edch b\u1ec1 m\u1eb7t ph\u1ed5 bi\u1ebfn:<\/strong>\u00a0C\u00f3 kh\u1ea3 n\u0103ng b\u00e1m d\u00ednh v\u00e0o nhi\u1ec1u b\u1ec1 m\u1eb7t kh\u00e1c nhau nh\u01b0 kim lo\u1ea1i, nh\u1ef1a v\u00e0 th\u1eadm ch\u00ed c\u1ea3 ch\u1ea5t l\u1ecfng, khi\u1ebfn ch\u00fang tr\u1edf n\u00ean l\u00fd t\u01b0\u1edfng cho nhi\u1ec1u \u1ee9ng d\u1ee5ng kh\u00e1c nhau.<\/li>\n<li><strong>\u0110\u1ed9 b\u1ec1n v\u01b0\u1ee3t tr\u1ed9i:<\/strong>\u00a0\u0110\u1ea1t chu\u1ea9n IP68 v\u1ec1 kh\u1ea3 n\u0103ng ch\u1ed1ng b\u1ee5i v\u00e0 n\u01b0\u1edbc x\u00e2m nh\u1eadp v\u01b0\u1ee3t tr\u1ed9i, \u0111\u1ea3m b\u1ea3o ho\u1ea1t \u0111\u1ed9ng \u0111\u00e1ng tin c\u1eady trong m\u00f4i tr\u01b0\u1eddng kh\u1eafc nghi\u1ec7t.<\/li>\n<li><strong>Hi\u1ec7u su\u1ea5t kh\u00f4ng th\u1ecfa hi\u1ec7p:<\/strong>\u00a0\u0110\u01b0\u1ee3c thi\u1ebft k\u1ebf \u0111\u1ec3 ch\u1ed1ng th\u1ea5m n\u01b0\u1edbc v\u00e0 ch\u1ed1ng va ch\u1ea1m, \u0111\u1ea3m b\u1ea3o k\u1ebft qu\u1ea3 \u0111o ch\u00ednh x\u00e1c v\u00e0 nh\u1ea5t qu\u00e1n ngay c\u1ea3 trong \u0111i\u1ec1u ki\u1ec7n kh\u1eafc nghi\u1ec7t.<\/li>\n<\/ul>\n<p><strong>\u1ee8ng d\u1ee5ng:<\/strong><\/p>\n<ul>\n<li><strong>Qu\u1ea3n l\u00fd t\u00e0i s\u1ea3n:<\/strong>\u00a0Theo d\u00f5i v\u1ecb tr\u00ed v\u00e0 t\u00ecnh tr\u1ea1ng c\u1ee7a thi\u1ebft b\u1ecb v\u00e0 t\u00e0i s\u1ea3n c\u00f3 gi\u00e1 tr\u1ecb.<\/li>\n<li><strong>T\u1ed1i \u01b0u h\u00f3a chu\u1ed7i cung \u1ee9ng:<\/strong>\u00a0T\u1ed1i \u01b0u h\u00f3a quy tr\u00ecnh h\u1eadu c\u1ea7n v\u00e0 \u00f4 t\u00f4 b\u1eb1ng c\u00e1ch theo d\u00f5i h\u00e0ng t\u1ed3n kho, xe c\u1ed9 v\u00e0 ph\u1ee5 t\u00f9ng m\u1ed9t c\u00e1ch hi\u1ec7u qu\u1ea3.<\/li>\n<li><strong>Hi\u1ec7u qu\u1ea3 s\u1ea3n xu\u1ea5t:<\/strong>\u00a0T\u1ed1i \u01b0u h\u00f3a quy tr\u00ecnh s\u1ea3n xu\u1ea5t v\u00e0 theo d\u00f5i n\u0103ng su\u1ea5t c\u1ee7a c\u00f4ng nh\u00e2n \u0111\u1ec3 n\u00e2ng cao hi\u1ec7u qu\u1ea3.<\/li>\n<li><strong>Qu\u1ea3n l\u00fd t\u00e0i nguy\u00ean v\u00e0 an to\u00e0n:<\/strong>\u00a0Cho ph\u00e9p theo d\u00f5i \u0111\u00e1ng tin c\u1eady c\u00e1c thi\u1ebft b\u1ecb v\u00e0 t\u00e0i nguy\u00ean trong c\u00e1c m\u00f4i tr\u01b0\u1eddng kh\u1eafc nghi\u1ec7t nh\u01b0 d\u1ea7u kh\u00ed v\u00e0 khai th\u00e1c m\u1ecf, \u0111\u1ed3ng th\u1eddi t\u0103ng c\u01b0\u1eddng s\u1ef1 an to\u00e0n cho ng\u01b0\u1eddi lao \u0111\u1ed9ng.<\/li>\n<\/ul>\n<p><strong>Nh\u1eefng l\u1ee3i \u00edch:<\/strong><\/p>\n<ul>\n<li><strong>D\u1eef li\u1ec7u ch\u00ednh x\u00e1c v\u00e0 th\u1eddi gian th\u1ef1c:<\/strong>\u00a0Nh\u1eadn th\u00f4ng tin chi ti\u1ebft ngay l\u1eadp t\u1ee9c v\u1ec1 ho\u1ea1t \u0111\u1ed9ng, h\u1ed7 tr\u1ee3 ra quy\u1ebft \u0111\u1ecbnh t\u1ed1t h\u01a1n.<\/li>\n<li><strong>Ki\u1ec3m so\u00e1t h\u00e0ng t\u1ed3n kho n\u00e2ng cao:<\/strong>\u00a0Gi\u1ea3m thi\u1ec3u th\u1ea5t tho\u00e1t v\u00e0 l\u00e3ng ph\u00ed b\u1eb1ng c\u00e1ch duy tr\u00ec kh\u1ea3 n\u0103ng hi\u1ec3n th\u1ecb to\u00e0n di\u1ec7n t\u00e0i s\u1ea3n.<\/li>\n<li><strong>Ho\u1ea1t \u0111\u1ed9ng h\u1ee3p l\u00fd:<\/strong>\u00a0T\u1ed1i \u01b0u h\u00f3a quy tr\u00ecnh l\u00e0m vi\u1ec7c v\u00e0 gi\u1ea3m thi\u1ec3u th\u1eddi gian ch\u1ebft \u0111\u1ec3 n\u00e2ng cao hi\u1ec7u qu\u1ea3.<\/li>\n<li><strong>T\u0103ng c\u01b0\u1eddng an to\u00e0n:<\/strong>\u00a0X\u00e1c \u0111\u1ecbnh c\u00e1c r\u1ee7i ro ti\u1ec1m \u1ea9n v\u00e0 b\u1ea3o v\u1ec7 ng\u01b0\u1eddi lao \u0111\u1ed9ng trong m\u00f4i tr\u01b0\u1eddng l\u00e0m vi\u1ec7c kh\u1eafc nghi\u1ec7t.<\/li>\n<\/ul>","protected":false},"excerpt":{"rendered":"<p>Th\u1ebb RFID ABS l\u00e0 th\u1ebb RFID UHF th\u1ee5 \u0111\u1ed9ng t\u1ea7m xa c\u00f3 kh\u1ea3 n\u0103ng \u0111\u1ecdc tr\u00ean, ngo\u00e0i v\u00e0 g\u1ea7n b\u1ec1 m\u1eb7t kim lo\u1ea1i. \u0110\u01b0\u1ee3c thi\u1ebft k\u1ebf theo d\u1ea1ng nh\u1ecf g\u1ecdn, th\u1ebb c\u00f3 l\u1edbp v\u1ecf b\u1ecdc ch\u1ed1ng n\u01b0\u1edbc b\u1ec1n b\u1ec9 \u0111\u1ec3 s\u1eed d\u1ee5ng l\u00e2u d\u00e0i trong m\u00f4i tr\u01b0\u1eddng ngo\u00e0i tr\u1eddi v\u00e0 c\u00f4ng nghi\u1ec7p.<\/p>","protected":false},"featured_media":300,"template":"","meta":{"_kad_post_transparent":"default","_kad_post_title":"","_kad_post_layout":"default","_kad_post_sidebar_id":"","_kad_post_content_style":"default","_kad_post_vertical_padding":"default","_kad_post_feature":"","_kad_post_feature_position":"","_kad_post_header":false,"_kad_post_footer":false,"_kad_post_classname":""},"product_brand":[],"product_cat":[54],"product_tag":[122,121],"class_list":{"0":"post-299","1":"product","2":"type-product","3":"status-publish","4":"has-post-thumbnail","6":"product_cat-hot-selling-rfid-tags","7":"product_tag-on-metal-rfid-tags","8":"product_tag-uhf-industrial-on-metal-rfid-tags","10":"first","11":"instock","12":"shipping-taxable","13":"product-type-simple","14":"entry","15":"content-bg","16":"loop-entry"},"_links":{"self":[{"href":"https:\/\/rfid-laundry-tag.com\/vi\/wp-json\/wp\/v2\/product\/299","targetHints":{"allow":["GET"]}}],"collection":[{"href":"https:\/\/rfid-laundry-tag.com\/vi\/wp-json\/wp\/v2\/product"}],"about":[{"href":"https:\/\/rfid-laundry-tag.com\/vi\/wp-json\/wp\/v2\/types\/product"}],"version-history":[{"count":0,"href":"https:\/\/rfid-laundry-tag.com\/vi\/wp-json\/wp\/v2\/product\/299\/revisions"}],"wp:featuredmedia":[{"embeddable":true,"href":"https:\/\/rfid-laundry-tag.com\/vi\/wp-json\/wp\/v2\/media\/300"}],"wp:attachment":[{"href":"https:\/\/rfid-laundry-tag.com\/vi\/wp-json\/wp\/v2\/media?parent=299"}],"wp:term":[{"taxonomy":"product_brand","embeddable":true,"href":"https:\/\/rfid-laundry-tag.com\/vi\/wp-json\/wp\/v2\/product_brand?post=299"},{"taxonomy":"product_cat","embeddable":true,"href":"https:\/\/rfid-laundry-tag.com\/vi\/wp-json\/wp\/v2\/product_cat?post=299"},{"taxonomy":"product_tag","embeddable":true,"href":"https:\/\/rfid-laundry-tag.com\/vi\/wp-json\/wp\/v2\/product_tag?post=299"}],"curies":[{"name":"wp","href":"https:\/\/api.w.org\/{rel}","templated":true}]}}