{"id":2967,"date":"2025-11-22T14:07:12","date_gmt":"2025-11-22T14:07:12","guid":{"rendered":"https:\/\/rfid-laundry-tag.com\/?post_type=product&#038;p=2967"},"modified":"2025-11-22T14:07:13","modified_gmt":"2025-11-22T14:07:13","slug":"textile-uhf-rfid-tags-labels","status":"publish","type":"product","link":"https:\/\/rfid-laundry-tag.com\/vi\/textile-uhf-rfid-tags-labels\/","title":{"rendered":"Nh\u00e3n th\u1ebb RFID UHF d\u1ec7t may"},"content":{"rendered":"<div class=\"auto-hide-last-sibling-br paragraph_1252f paragraph-element\">\n<h2 class=\"auto-hide-last-sibling-br paragraph_1252f paragraph-element\">Nh\u00e3n th\u1ebb RFID UHF d\u1ec7t may<\/h2>\n<div><\/div>\n<div data-spm-anchor-id=\"a2700.details.0.i57.23b419c7xXORP0\"><span data-spm-anchor-id=\"a2700.details.0.i75.23b419c7xXORP0\"><b>T\u00ednh n\u0103ng:<\/b><br \/>\n1) C\u00f4ng ngh\u1ec7 UHF c\u00f3 th\u1ec3 \u0111\u1ecdc h\u00e0ng tr\u0103m th\u1ebb c\u00f9ng l\u00fac.<br \/>\n2) Kho\u1ea3ng c\u00e1ch \u0111\u1ecdc l\u1edbn h\u01a1n 8m~12m.<br \/>\n3) Thi\u1ebft k\u1ebf c\u01a1 h\u1ecdc m\u1edbi gi\u00fap c\u1ea3i thi\u1ec7n hi\u1ec7u su\u1ea5t gi\u1eb7t v\u1ea3i ph\u1eb3ng.<\/span><\/div>\n<div data-spm-anchor-id=\"a2700.details.0.i57.23b419c7xXORP0\">\n<div class=\"entry-content-asset videofit\"><iframe title=\"Nh\u00e0 m\u00e1y s\u1ea3n xu\u1ea5t th\u1ebb gi\u1eb7t \u1ee7i UHF RFID d\u00ednh nhi\u1ec7t v\u1edbi kho\u1ea3ng c\u00e1ch \u0111\u1ecdc th\u1eed nghi\u1ec7m 12m\" src=\"https:\/\/www.youtube.com\/embed\/cOnG5fgEIs4?feature=oembed\" width=\"720\" height=\"405\" frameborder=\"0\" allowfullscreen=\"allowfullscreen\" data-mce-fragment=\"1\"><\/iframe><\/div>\n<\/div>\n<\/div>\n<div data-spm-anchor-id=\"a2700.details.0.i57.23b419c7xXORP0\"><\/div>\n<div data-spm-anchor-id=\"a2700.details.0.i57.23b419c7xXORP0\">\n<div class=\"text-content\" data-spm-anchor-id=\"a2700.details.0.i54.23b419c7xXORP0\">\n<table>\n<tbody>\n<tr>\n<td width=\"139\">T\u00ean s\u1ea3n ph\u1ea9m<\/td>\n<td width=\"600\">Nh\u00e3n th\u1ebb RFID UHF d\u1ec7t may<\/td>\n<\/tr>\n<tr>\n<td width=\"139\">V\u1eadt li\u1ec7u<\/td>\n<td width=\"600\">V\u1ea3i\/D\u1ec7t v.v.<\/td>\n<\/tr>\n<tr>\n<td width=\"139\">M\u00f4 h\u00ecnh Chip<\/td>\n<td width=\"600\">NXP UCODE\u00ae 9<\/td>\n<\/tr>\n<tr>\n<td width=\"139\">K\u00fd \u1ee9c<\/td>\n<td width=\"600\">EPC: 96 bit<\/td>\n<\/tr>\n<tr>\n<td width=\"139\">Giao th\u1ee9c<\/td>\n<td width=\"600\">EPC C1 G2<\/td>\n<\/tr>\n<tr>\n<td width=\"139\">K\u00edch c\u1ee1<\/td>\n<td width=\"600\">70*15mm\uff0c86*16mm;50*20mm;72*16mm;35*15mm, v.v.<\/td>\n<\/tr>\n<tr>\n<td width=\"139\">M\u00e0u s\u1eafc<\/td>\n<td width=\"600\">Tr\u1eafng<\/td>\n<\/tr>\n<tr>\n<td width=\"139\">Th\u1eddi gian l\u00e0m vi\u1ec7c<\/td>\n<td width=\"600\">Trung b\u00ecnh l\u00e0 200 l\u1ea7n, m\u1ed9t s\u1ed1 c\u00f3 th\u1ec3 h\u01a1n 300 l\u1ea7n.<\/td>\n<\/tr>\n<tr>\n<td width=\"139\">Nhi\u1ec7t \u0111\u1ed9 ho\u1ea1t \u0111\u1ed9ng<\/td>\n<td width=\"600\">-25\u2103 \u0111\u1ebfn +150\u2103<\/td>\n<\/tr>\n<tr>\n<td width=\"139\">Kho\u1ea3ng c\u00e1ch \u0111\u1ecdc<\/td>\n<td width=\"600\">3-10M<\/td>\n<\/tr>\n<tr>\n<td width=\"139\">\u1ee8ng d\u1ee5ng<\/td>\n<td width=\"600\">Gi\u1ea3i ph\u00e1p gi\u1eb7t l\u00e0, c\u1eeda h\u00e0ng gi\u1eb7t l\u00e0, gi\u1eb7t l\u00e0 c\u00f4ng nghi\u1ec7p, qu\u1ea3n l\u00fd v\u1ea3i kh\u00e1ch s\u1ea1n, qu\u1ea3n l\u00fd si\u00eau th\u1ecb\/c\u1eeda h\u00e0ng v\u1ea3i, v.v.<\/td>\n<\/tr>\n<\/tbody>\n<\/table>\n<\/div>\n<\/div>\n<div><\/div>\n<h3 class=\"wp-block-heading\">C\u00e1ch l\u1eafp \u0111\u1eb7t nh\u00e3n th\u1ebb RFID UHF d\u1ec7t may<\/h3>\n<p><strong>G\u1eafn th\u1ebb kh\u00e2u<\/strong>: \u0110\u1ec3 kh\u00e2u v\u00e0o vi\u1ec1n v\u1ea3i. Kh\u00e2u nh\u00e3n gi\u1eb7t ra kh\u1ecfi \u0111\u01b0\u1eddng g\u1ea5p.<br \/>\n<strong>H\u00e0n nhi\u1ec7t<\/strong>: \u0110\u01b0\u1ee3c h\u00e0n nhi\u1ec7t tr\u1ef1c ti\u1ebfp l\u00ean v\u1ea3i \u1edf nhi\u1ec7t \u0111\u1ed9 +200\u00b0C (392\u00b0F), trong 12~14 gi\u00e2y.<br \/>\n<strong>Trong t\u00fai<\/strong>: \u0110\u1ec3 kh\u00e2u nh\u01b0 nh\u00e3n ch\u0103m s\u00f3c ti\u00eau chu\u1ea9n. Kh\u00e2u nh\u00e3n gi\u1eb7t ra kh\u1ecfi \u0111\u01b0\u1eddng g\u1ea5p.<\/p>\n<p><a href=\"https:\/\/rfid-laundry-tag.com\/vi\/uhf-rfid-laundry-tags\/\"><img fetchpriority=\"high\" decoding=\"async\" class=\"size-full wp-image-3585\" title=\"Nh\u00e3n th\u1ebb RFID UHF d\u1ec7t 6\" src=\"https:\/\/www.rfidtaglaundry.com\/wp-content\/uploads\/2025\/06\/UHF-RFID-washable-laundry-tag-08.jpg\" sizes=\"(max-width: 1000px) 100vw, 1000px\" srcset=\"https:\/\/www.rfidtaglaundry.com\/wp-content\/uploads\/2025\/06\/UHF-RFID-washable-laundry-tag-08.jpg 1000w, https:\/\/www.rfidtaglaundry.com\/wp-content\/uploads\/2025\/06\/UHF-RFID-washable-laundry-tag-08-300x300.jpg 300w, https:\/\/www.rfidtaglaundry.com\/wp-content\/uploads\/2025\/06\/UHF-RFID-washable-laundry-tag-08-150x150.jpg 150w, https:\/\/www.rfidtaglaundry.com\/wp-content\/uploads\/2025\/06\/UHF-RFID-washable-laundry-tag-08-768x768.jpg 768w, https:\/\/www.rfidtaglaundry.com\/wp-content\/uploads\/2025\/06\/UHF-RFID-washable-laundry-tag-08-12x12.jpg 12w, https:\/\/www.rfidtaglaundry.com\/wp-content\/uploads\/2025\/06\/UHF-RFID-washable-laundry-tag-08-600x600.jpg 600w, https:\/\/www.rfidtaglaundry.com\/wp-content\/uploads\/2025\/06\/UHF-RFID-washable-laundry-tag-08-100x100.jpg 100w\" alt=\"Textile UHF RFID Tags Labels\" width=\"1000\" height=\"1000\" \/><\/a><\/p>\n<h2><strong>\u1ee8ng d\u1ee5ng c\u1ee7a nh\u00e3n RFID UHF d\u1ec7t:<\/strong><\/h2>\n<p>* Gi\u1eb7t c\u00f4ng nghi\u1ec7p;<br \/>\n* Qu\u1ea3n l\u00fd \u0111\u1ed3ng ph\u1ee5c nh\u00e2n vi\u00ean v\u00e0 h\u1ecdc sinh;<br \/>\n* Qu\u1ea3n l\u00fd trang ph\u1ee5c y t\u1ebf;<br \/>\n* Qu\u1ea3n l\u00fd tu\u1ea7n tra nh\u00e2n s\u1ef1;<br \/>\n* Qu\u1ea3n l\u00fd s\u1ea3n xu\u1ea5t nh\u00e0 m\u00e1y may.<\/p>\n<figure id=\"attachment_2708\" class=\"wp-caption alignnone\" aria-describedby=\"caption-attachment-2708\"><a href=\"https:\/\/rfid-laundry-tag.com\/vi\/uhf-rfid-laundry-tags\/\"><img decoding=\"async\" class=\"wp-image-2708\" title=\"Nh\u00e3n th\u1ebb RFID UHF d\u1ec7t 7\" src=\"https:\/\/www.rfidtaglaundry.com\/wp-content\/uploads\/2024\/09\/RFID-Laundry-Tags-05-1024x768.jpg\" sizes=\"(max-width: 850px) 100vw, 850px\" srcset=\"https:\/\/www.rfidtaglaundry.com\/wp-content\/uploads\/2024\/09\/RFID-Laundry-Tags-05-1024x768.jpg 1024w, https:\/\/www.rfidtaglaundry.com\/wp-content\/uploads\/2024\/09\/RFID-Laundry-Tags-05-300x225.jpg 300w, https:\/\/www.rfidtaglaundry.com\/wp-content\/uploads\/2024\/09\/RFID-Laundry-Tags-05-768x576.jpg 768w, https:\/\/www.rfidtaglaundry.com\/wp-content\/uploads\/2024\/09\/RFID-Laundry-Tags-05-16x12.jpg 16w, https:\/\/www.rfidtaglaundry.com\/wp-content\/uploads\/2024\/09\/RFID-Laundry-Tags-05-600x450.jpg 600w, https:\/\/www.rfidtaglaundry.com\/wp-content\/uploads\/2024\/09\/RFID-Laundry-Tags-05.jpg 1200w\" alt=\"Textile UHF RFID Tags Labels\" width=\"850\" height=\"637\" \/><\/a><figcaption id=\"caption-attachment-2708\" class=\"wp-caption-text\">Nh\u00e3n th\u1ebb RFID UHF d\u1ec7t may<\/figcaption><\/figure>\n<h2><strong>Ch\u00fang M\u1ea0NH \u0111\u1ebfn m\u1ee9c n\u00e0o?<\/strong><\/h2>\n<p><b><strong>\u2460<\/strong><\/b>.C\u00e1c chip RFID c\u00f3 b\u1ecb h\u1ecfng \u1edf nhi\u1ec7t \u0111\u1ed9 cao kh\u00f4ng? \u2013<b><strong>\u2714 C\u1ee7a ch\u00fang t\u00f4i\u00a0<a href=\"https:\/\/rfid-laundry-tag.com\/vi\/uhf-rfid-laundry-tags\/\">Th\u1ebb gi\u1eb7t l\u00e0 v\u1ea3i RFID<\/a>\u00a0\u0111\u01b0\u1ee3c thi\u1ebft k\u1ebf \u0111\u1ec3 s\u1eed d\u1ee5ng \u1edf nhi\u1ec7t \u0111\u1ed9 200 \u00b0C<\/strong><\/b>.<\/p>\n<p><b><strong>\u2461<\/strong><\/b>Ch\u00fang ta c\u00f3 th\u1ec3 gi\u1eb7t nh\u00e3n m\u00e1c g\u1eafn tr\u00ean s\u1ea3n ph\u1ea9m d\u1ec7t may \u0111\u1ed3ng ph\u1ee5c bao nhi\u00eau l\u1ea7n?\u00a0<b><strong data-spm-anchor-id=\"a2700.details-description.0.i1.2b66Qs8bQs8bav\">\u2013\u2714Th\u1ebb gi\u1eb7t b\u1eb1ng v\u1ea3i RFID c\u1ee7a ch\u00fang t\u00f4i c\u00f3 th\u1ec3 gi\u1eb7t \u0111\u01b0\u1ee3c h\u01a1n 200 ho\u1eb7c 300 l\u1ea7n, \u0111\u01b0\u1ee3c b\u1ea3o h\u00e0nh trong v\u00f2ng 2 n\u0103m sau khi giao h\u00e0ng.<\/strong><\/b><\/p>\n<p><b><strong>\u2462<\/strong><\/b>Ch\u00fang ta s\u1ebd chi ti\u1ec1n mua nh\u1eefng s\u1ea3n ph\u1ea9m may m\u1eb7c \u0111\u1ed3ng ph\u1ee5c uy t\u00edn, ti\u1ebfp t\u1ee5c l\u00e0m vi\u1ec7c trong tr\u01b0\u1eddng h\u1ee3p chip b\u1ecb h\u1ecfng?\u00a0<b><strong>\u2013\u2714Ch\u00fang t\u00f4i thi\u1ebft k\u1ebf th\u1ebb gi\u1eb7t l\u00e0 v\u1ea3i \u0111\u1ec3 ch\u1ecbu \u0111\u01b0\u1ee3c \u00e1p su\u1ea5t 60 bar trong qu\u00e1 tr\u00ecnh l\u00e0 \u1ee7i s\u1ea3n ph\u1ea9m d\u1ec7t may c\u1ee7a b\u1ea1n.<\/strong><\/b><\/p>\n<p data-spm-anchor-id=\"a2700.details-description.0.i0.2b66Qs8bQs8bav\"><b><strong>\u2463<\/strong><\/b>B\u1ea1n \u0111\u1eb7t \u1edf \u0111\u00e2u?<a href=\"https:\/\/rfid-laundry-tag.com\/vi\/textile-rfid-laundry-tag\/\"> Th\u1ebb gi\u1eb7t l\u00e0 v\u1ea3i RFID<\/a> tr\u00ean v\u1ea3i may \u0111\u1ed3ng ph\u1ee5c?\u00a0<b><strong>\u2013 \u2714Th\u1ebb gi\u1eb7t l\u00e0 RFID \u0111\u01b0\u1ee3c l\u1eafp \u0111\u1eb7t t\u00f9y theo t\u00ecnh tr\u1ea1ng s\u1eb5n c\u00f3 c\u1ee7a \u0111\u1ed3ng ph\u1ee5c.<\/strong><\/b><\/p>\n<p>&nbsp;<\/p>","protected":false},"excerpt":{"rendered":"<div class=\"elementor-element elementor-element-4f79c63 e-flex e-con-boxed e-con e-parent e-lazyloaded\" data-id=\"4f79c63\" data-element_type=\"container\" data-settings=\"{&quot;_ha_eqh_enable&quot;:false}\">\n<div class=\"e-con-inner\">\n<div class=\"elementor-element elementor-element-be3873c elementor-widget elementor-widget-woocommerce-product-short-description\" data-id=\"be3873c\" data-element_type=\"widget\" data-widget_type=\"woocommerce-product-short-description.default\">\n<div class=\"elementor-widget-container\">\n<div class=\"woocommerce-product-details__short-description\">\n<p><strong>Nh\u00e3n th\u1ebb RFID UHF d\u1ec7t may<\/strong>\u00a0c\u0169ng c\u00f3 th\u1ec3 \u0111\u01b0\u1ee3c g\u1ecdi l\u00e0 Th\u1ebb gi\u1eb7t UHF RFID: B\u1ec1n, m\u1ec1m, linh ho\u1ea1t, ch\u1ecbu \u0111\u01b0\u1ee3c h\u01a1n 200 l\u1ea7n gi\u1eb7t c\u00f4ng nghi\u1ec7p, \u0111\u00e3 ki\u1ec3m tra b\u1ed9 nh\u1edb 100%.<\/p>\n<\/div>\n<\/div>\n<\/div>\n<\/div>\n<\/div>\n<div class=\"elementor-element elementor-element-3ad806e e-flex e-con-boxed e-con e-parent e-lazyloaded\" data-id=\"3ad806e\" data-element_type=\"container\" data-settings=\"{&quot;_ha_eqh_enable&quot;:false}\">\n<div class=\"e-con-inner\">\n<div class=\"elementor-element elementor-element-362020f elementor-widget elementor-widget-woocommerce-product-data-tabs\" data-id=\"362020f\" data-element_type=\"widget\" data-widget_type=\"woocommerce-product-data-tabs.default\">\n<div class=\"elementor-widget-container\">\n<div class=\"woocommerce-tabs wc-tabs-wrapper\"><\/div>\n<\/div>\n<\/div>\n<\/div>\n<\/div>","protected":false},"featured_media":2968,"template":"","meta":{"_kad_post_transparent":"default","_kad_post_title":"","_kad_post_layout":"default","_kad_post_sidebar_id":"","_kad_post_content_style":"default","_kad_post_vertical_padding":"default","_kad_post_feature":"","_kad_post_feature_position":"","_kad_post_header":false,"_kad_post_footer":false,"_kad_post_classname":""},"product_brand":[],"product_cat":[19],"product_tag":[24,342,339,65,368,30],"class_list":{"0":"post-2967","1":"product","2":"type-product","3":"status-publish","4":"has-post-thumbnail","6":"product_cat-textile-rfid-laundry-tag","7":"product_tag-laundry-rfid-tags","8":"product_tag-rfid-laundry-tags","9":"product_tag-rfid-washable-tags","10":"product_tag-textile-rfid-laundry-tags","11":"product_tag-textile-uhf-rfid-tags-labels","12":"product_tag-uhf-rfid-laundry-tag","14":"first","15":"instock","16":"featured","17":"shipping-taxable","18":"product-type-simple","19":"entry","20":"content-bg","21":"loop-entry"},"_links":{"self":[{"href":"https:\/\/rfid-laundry-tag.com\/vi\/wp-json\/wp\/v2\/product\/2967","targetHints":{"allow":["GET"]}}],"collection":[{"href":"https:\/\/rfid-laundry-tag.com\/vi\/wp-json\/wp\/v2\/product"}],"about":[{"href":"https:\/\/rfid-laundry-tag.com\/vi\/wp-json\/wp\/v2\/types\/product"}],"version-history":[{"count":1,"href":"https:\/\/rfid-laundry-tag.com\/vi\/wp-json\/wp\/v2\/product\/2967\/revisions"}],"predecessor-version":[{"id":2973,"href":"https:\/\/rfid-laundry-tag.com\/vi\/wp-json\/wp\/v2\/product\/2967\/revisions\/2973"}],"wp:featuredmedia":[{"embeddable":true,"href":"https:\/\/rfid-laundry-tag.com\/vi\/wp-json\/wp\/v2\/media\/2968"}],"wp:attachment":[{"href":"https:\/\/rfid-laundry-tag.com\/vi\/wp-json\/wp\/v2\/media?parent=2967"}],"wp:term":[{"taxonomy":"product_brand","embeddable":true,"href":"https:\/\/rfid-laundry-tag.com\/vi\/wp-json\/wp\/v2\/product_brand?post=2967"},{"taxonomy":"product_cat","embeddable":true,"href":"https:\/\/rfid-laundry-tag.com\/vi\/wp-json\/wp\/v2\/product_cat?post=2967"},{"taxonomy":"product_tag","embeddable":true,"href":"https:\/\/rfid-laundry-tag.com\/vi\/wp-json\/wp\/v2\/product_tag?post=2967"}],"curies":[{"name":"wp","href":"https:\/\/api.w.org\/{rel}","templated":true}]}}