{"id":2961,"date":"2025-11-22T13:55:10","date_gmt":"2025-11-22T13:55:10","guid":{"rendered":"https:\/\/rfid-laundry-tag.com\/?post_type=product&#038;p=2961"},"modified":"2025-11-22T13:55:11","modified_gmt":"2025-11-22T13:55:11","slug":"laundry-rfid-tags-top-5-manufacturer","status":"publish","type":"product","link":"https:\/\/rfid-laundry-tag.com\/vi\/laundry-rfid-tags-top-5-manufacturer\/","title":{"rendered":"TOP 5 Nh\u00e0 s\u1ea3n xu\u1ea5t Th\u1ebb RFID Gi\u1eb7t \u1ee7i"},"content":{"rendered":"<p><a href=\"https:\/\/rfid-laundry-tag.com\/vi\/uhf-rfid-laundry-tags\/\"><strong>Th\u1ebb RFID gi\u1eb7t l\u00e0<\/strong><\/a>\u00a0l\u00e0 m\u1ed9t gi\u1ea3i ph\u00e1p ti\u00ean ti\u1ebfn \u0111\u1ec3 theo d\u00f5i v\u00e0 qu\u1ea3n l\u00fd t\u00e0i s\u1ea3n d\u1ec7t may trong su\u1ed1t v\u00f2ng \u0111\u1eddi c\u1ee7a ch\u00fang. C\u00e1c b\u1ed9 ph\u00e1t \u0111\u00e1p RFID b\u1ec1n b\u1ec9, linh ho\u1ea1t n\u00e0y \u0111\u01b0\u1ee3c ch\u1ebf t\u1ea1o t\u1eeb v\u1ea3i c\u00f3 kh\u1ea3 n\u0103ng ch\u1ecbu nhi\u1ec7t, \u00e1p su\u1ea5t v\u00e0 \u0111\u1ed9 co gi\u00e3n, l\u00fd t\u01b0\u1edfng cho vi\u1ec7c gi\u00e1m s\u00e1t c\u00e1c m\u1eb7t h\u00e0ng nh\u01b0 qu\u1ea7n \u00e1o b\u1ea3o h\u1ed9 lao \u0111\u1ed9ng, \u0111\u1ed3ng ph\u1ee5c v\u00e0 kh\u0103n tr\u1ea3i gi\u01b0\u1eddng ph\u1eb3ng. \u0110\u01b0\u1ee3c trang b\u1ecb m\u00e3 \u0111\u1ecbnh danh duy nh\u1ea5t, c\u00e1c b\u1ed9 ph\u00e1t \u0111\u00e1p RFID cho kh\u0103n tr\u1ea3i gi\u01b0\u1eddng n\u00e0y h\u1ed7 tr\u1ee3 qu\u1ea3n l\u00fd gi\u1eb7t l\u00e0 kh\u00f4ng c\u1ea7n ch\u1ea1m v\u00e0 t\u0103ng c\u01b0\u1eddng t\u00ednh minh b\u1ea1ch k\u1ef9 thu\u1eadt s\u1ed1. Khi \u0111\u01b0\u1ee3c t\u00edch h\u1ee3p v\u1edbi h\u1ec7 th\u1ed1ng qu\u1ea3n l\u00fd CNTT, c\u00f4ng ngh\u1ec7 RFID cho ph\u00e9p theo d\u00f5i li\u1ec1n m\u1ea1ch h\u00e0ng d\u1ec7t may t\u1eeb kh\u00e2u thu gom \u0111\u1ea5t \u0111\u1ebfn gi\u1eb7t l\u00e0 v\u00e0 ph\u00e2n ph\u1ed1i.<\/p>\n<table class=\"has-title is-zebra hight-light-first-column all magic-19\">\n<tbody>\n<tr>\n<td colspan=\"1\" rowspan=\"1\">\n<div class=\"magic-20\"><strong><span class=\"magic-21\">M\u1ee5c<\/span><\/strong><\/div>\n<\/td>\n<td colspan=\"1\" rowspan=\"1\">\n<div class=\"magic-22\">\u00a0Th\u1ebb RFID gi\u1eb7t l\u00e0<\/div>\n<\/td>\n<\/tr>\n<tr>\n<td colspan=\"1\" rowspan=\"1\">\n<div class=\"magic-20\"><span class=\"magic-21\">K\u00edch c\u1ee1<\/span><\/div>\n<\/td>\n<td colspan=\"1\" rowspan=\"1\">\n<div class=\"magic-22\"><span class=\"magic-21\">55 X 12 mm, 70 X 15 mm, 87 X 17 mm<\/span><\/div>\n<\/td>\n<\/tr>\n<tr>\n<td colspan=\"1\" rowspan=\"1\">\n<div class=\"magic-20\"><span class=\"magic-21\">T\u1ea7n s\u1ed1 ho\u1ea1t \u0111\u1ed9ng<\/span><\/div>\n<\/td>\n<td colspan=\"1\" rowspan=\"1\">\n<div class=\"magic-22\"><span class=\"magic-21\" data-spm-anchor-id=\"a2700.details.0.i69.56bf53e8OmNXev\">865-928 MHz<\/span><\/div>\n<\/td>\n<\/tr>\n<tr>\n<td colspan=\"1\" rowspan=\"1\">\n<div class=\"magic-20\"><span class=\"magic-21\">V\u1eadt li\u1ec7u th\u1ebb<\/span><\/div>\n<\/td>\n<td colspan=\"1\" rowspan=\"1\">\n<div class=\"magic-22\"><span class=\"magic-21\">Polyester\u00a0<\/span><\/div>\n<\/td>\n<\/tr>\n<tr>\n<td colspan=\"1\" rowspan=\"1\">\n<div class=\"magic-20\"><span class=\"magic-21\">Khoai t\u00e2y chi\u00ean<\/span><\/div>\n<\/td>\n<td colspan=\"1\" rowspan=\"1\">\n<div class=\"magic-22\"><span class=\"magic-21\">U8, U9, v.v.<\/span><\/div>\n<\/td>\n<\/tr>\n<tr>\n<td colspan=\"1\" rowspan=\"1\">\n<div class=\"magic-20\"><span class=\"magic-21\">B\u1ea3o h\u00e0nh th\u1ebb<\/span><\/div>\n<\/td>\n<td colspan=\"1\" rowspan=\"1\">\n<div class=\"magic-22\"><span class=\"magic-21\">Chu k\u1ef3 gi\u1eb7t \u0111\u1ea7u ti\u00ean trong s\u1ed1 200 ho\u1eb7c 300 chu k\u1ef3 gi\u1eb7t ho\u1eb7c 3 n\u0103m k\u1ec3 t\u1eeb ng\u00e0y giao h\u00e0ng<\/span><\/div>\n<\/td>\n<\/tr>\n<tr>\n<td colspan=\"1\" rowspan=\"1\">\n<div class=\"magic-20\"><span class=\"magic-21\">Kho\u1ea3ng c\u00e1ch \u0111\u1ecdc<\/span><\/div>\n<\/td>\n<td colspan=\"1\" rowspan=\"1\">\n<div class=\"magic-22\"><span class=\"magic-21\">L\u00ean \u0111\u1ebfn 8 m\u00e9t (l\u00ean \u0111\u1ebfn 9 feet), ph\u1ea3i ki\u1ec3m tra b\u1eb1ng m\u00e1y \u0111\u1ecdc c\u1ee7a b\u1ea1n<\/span><\/div>\n<\/td>\n<\/tr>\n<tr>\n<td colspan=\"1\" rowspan=\"1\">\n<div class=\"magic-20\"><span class=\"magic-21\">Nhi\u1ec7t \u0111\u1ed9 l\u01b0u tr\u1eef<\/span><\/div>\n<\/td>\n<td colspan=\"1\" rowspan=\"1\">\n<div class=\"magic-22\"><span class=\"magic-21\">-40oC \u0111\u1ebfn +120oC(-40\u2109 \u0111\u1ebfn +248\u2109)<\/span><\/div>\n<\/td>\n<\/tr>\n<tr>\n<td colspan=\"1\" rowspan=\"1\">\n<div class=\"magic-20\"><span class=\"magic-21\">lroner<\/span><\/div>\n<\/td>\n<td colspan=\"1\" rowspan=\"1\">\n<div class=\"magic-22\"><span class=\"magic-21\">+195\u2103(+383 F) 30 gi\u00e2y &lt;18 bar<\/span><\/div>\n<\/td>\n<\/tr>\n<tr>\n<td colspan=\"1\" rowspan=\"1\">\n<div class=\"magic-20\"><span class=\"magic-21\">M\u00e1y chi\u1ebft xu\u1ea5t n\u01b0\u1edbc<\/span><\/div>\n<\/td>\n<td colspan=\"1\" rowspan=\"1\">\n<div class=\"magic-22\"><span class=\"magic-21\">60 nh\u1ecbp, 80 gi\u00e2y<\/span><\/div>\n<\/td>\n<\/tr>\n<tr>\n<td colspan=\"1\" rowspan=\"1\">\n<div class=\"magic-20\"><span class=\"magic-21\">N\u1ed3i h\u1ea5p ti\u1ec7t tr\u00f9ng<\/span><\/div>\n<\/td>\n<td colspan=\"1\" rowspan=\"1\">\n<div class=\"magic-22\"><span class=\"magic-21\">Lo\u1ea1i b\u1ecf kh\u00f4ng kh\u00ed: +100C(+212F), 5 ph\u00fat, 0,1 bar,<\/span><\/div>\n<\/td>\n<\/tr>\n<tr>\n<td colspan=\"1\" rowspan=\"1\">\n<div class=\"magic-20\"><span class=\"magic-21\">S\u1ea5y kh\u00f4<\/span><\/div>\n<\/td>\n<td colspan=\"1\" rowspan=\"1\">\n<div class=\"magic-22\"><span class=\"magic-21\">+45\u2103(+113\u2109),.15 ph\u00fat,0,2 bar<\/span><\/div>\n<\/td>\n<\/tr>\n<tr>\n<td colspan=\"1\" rowspan=\"1\">\n<div class=\"magic-20\"><span class=\"magic-21\">Kh\u00e1ng h\u00f3a ch\u1ea5t<\/span><\/div>\n<\/td>\n<td colspan=\"1\" rowspan=\"1\">\n<div class=\"magic-22\" data-spm-anchor-id=\"a2700.details.0.i68.56bf53e8OmNXev\"><span class=\"magic-21\">T\u1ea5t c\u1ea3 c\u00e1c h\u00f3a ch\u1ea5t ph\u1ed5 bi\u1ebfn trong qu\u00e1 tr\u00ecnh gi\u1eb7t<\/span><\/div>\n<\/td>\n<\/tr>\n<\/tbody>\n<\/table>\n<div>\n<figure id=\"attachment_2928\" class=\"wp-caption alignnone\" aria-describedby=\"caption-attachment-2928\"><a href=\"https:\/\/rfid-laundry-tag.com\/vi\/uhf-rfid-laundry-tags\/\"><img fetchpriority=\"high\" decoding=\"async\" class=\"size-full wp-image-2928\" title=\"Th\u1ebb RFID gi\u1eb7t l\u00e0 TOP 5 Nh\u00e0 s\u1ea3n xu\u1ea5t 4\" src=\"https:\/\/www.rfidtaglaundry.com\/wp-content\/uploads\/2024\/11\/6_H39416607c5cf4905b542e69b55e844a5b.jpg\" sizes=\"(max-width: 800px) 100vw, 800px\" srcset=\"https:\/\/www.rfidtaglaundry.com\/wp-content\/uploads\/2024\/11\/6_H39416607c5cf4905b542e69b55e844a5b.jpg 800w, https:\/\/www.rfidtaglaundry.com\/wp-content\/uploads\/2024\/11\/6_H39416607c5cf4905b542e69b55e844a5b-300x300.jpg 300w, https:\/\/www.rfidtaglaundry.com\/wp-content\/uploads\/2024\/11\/6_H39416607c5cf4905b542e69b55e844a5b-150x150.jpg 150w, https:\/\/www.rfidtaglaundry.com\/wp-content\/uploads\/2024\/11\/6_H39416607c5cf4905b542e69b55e844a5b-768x768.jpg 768w, https:\/\/www.rfidtaglaundry.com\/wp-content\/uploads\/2024\/11\/6_H39416607c5cf4905b542e69b55e844a5b-12x12.jpg 12w, https:\/\/www.rfidtaglaundry.com\/wp-content\/uploads\/2024\/11\/6_H39416607c5cf4905b542e69b55e844a5b-600x600.jpg 600w, https:\/\/www.rfidtaglaundry.com\/wp-content\/uploads\/2024\/11\/6_H39416607c5cf4905b542e69b55e844a5b-100x100.jpg 100w\" alt=\"Laundry RFID Tags\" width=\"800\" height=\"800\" \/><\/a><figcaption id=\"caption-attachment-2928\" class=\"wp-caption-text\">Th\u1ebb RFID gi\u1eb7t l\u00e0<\/figcaption><\/figure>\n<\/div>\n<div>\n<h3>Nh\u1eefng c\u00e2u h\u1ecfi th\u01b0\u1eddng g\u1eb7p (FAQ) v\u1ec1 th\u1ebb RFID gi\u1eb7t l\u00e0<\/h3>\n<p><strong>C\u00e2u h\u1ecfi 1: Th\u1ebb RFID gi\u1eb7t \u1ee7i gi\u1ea3i quy\u1ebft nh\u1eefng v\u1ea5n \u0111\u1ec1 g\u00ec trong qu\u00e1 tr\u00ecnh gi\u1eb7t?<\/strong><br \/>\n<strong>A1:<\/strong>\u00a0M\u1ed9t v\u1ea5n \u0111\u1ec1 l\u1edbn l\u00e0 th\u1ebb r\u1ea5t d\u1ec5 b\u1ecb h\u01b0 h\u1ecfng, d\u1eabn \u0111\u1ebfn m\u1ea5t d\u1eef li\u1ec7u. Gi\u1ea3i ph\u00e1p c\u1ee7a ch\u00fang t\u00f4i s\u1eed d\u1ee5ng polyester c\u00f4ng nghi\u1ec7p v\u00e0 c\u00f4ng ngh\u1ec7 x\u1eed l\u00fd nhi\u1ec7t \u0111\u1ed9 cao, cho ph\u00e9p th\u1ebb ch\u1ecbu \u0111\u01b0\u1ee3c nhi\u1ec7t \u0111\u1ed9 \u1ee7i 195\u00b0C v\u00e0 \u00e1p su\u1ea5t n\u01b0\u1edbc 60 Bar, ho\u00e0n to\u00e0n ph\u00f9 h\u1ee3p v\u1edbi quy tr\u00ecnh kh\u1eed tr\u00f9ng kh\u0103n tr\u1ea3i gi\u01b0\u1eddng kh\u00e1ch s\u1ea1n. L\u1edbp ph\u1ee7 ch\u1ed1ng h\u00f3a ch\u1ea5t \u0111\u1ed9c \u0111\u00e1o c\u1ee7a ch\u00fang t\u00f4i b\u1ea3o v\u1ec7 ch\u1ed1ng l\u1ea1i thu\u1ed1c t\u1ea9y v\u00e0 ch\u1ea5t t\u1ea9y r\u1eeda ki\u1ec1m m\u1ea1nh, \u0111\u1ea3m b\u1ea3o chip U8 kh\u00f4ng b\u1ecb h\u01b0 h\u1ea1i sau h\u01a1n 300 l\u1ea7n gi\u1eb7t, \u0111\u01b0\u1ee3c ch\u1ee9ng minh b\u1eb1ng 15 n\u0103m kinh nghi\u1ec7m.<\/p>\n<p><strong>C\u00e2u h\u1ecfi 2: Th\u1ebb c\u1ee7a b\u1ea1n c\u1ea3i thi\u1ec7n hi\u1ec7u qu\u1ea3 ph\u00e2n lo\u1ea1i nh\u01b0 th\u1ebf n\u00e0o?<\/strong><br \/>\n<strong>A2:<\/strong>\u00a0Th\u1ebb truy\u1ec1n th\u1ed1ng th\u01b0\u1eddng c\u00f3 kho\u1ea3ng c\u00e1ch \u0111\u1ecdc ng\u1eafn, \u0111i\u1ec1u n\u00e0y c\u00f3 th\u1ec3 \u1ea3nh h\u01b0\u1edfng \u0111\u1ebfn hi\u1ec7u qu\u1ea3 ph\u00e2n lo\u1ea1i. C\u00f4ng ngh\u1ec7 RFID c\u1ee7a ch\u00fang t\u00f4i cung c\u1ea5p ph\u1ea1m vi \u0111\u1ecdc \u1ea5n t\u01b0\u1ee3ng l\u00ean \u0111\u1ebfn 9 m\u00e9t, so v\u1edbi m\u1ee9c trung b\u00ecnh c\u1ee7a ng\u00e0nh l\u00e0 5 m\u00e9t. K\u1ebft h\u1ee3p v\u1edbi \u0103ng-ten \u0111\u1ecbnh h\u01b0\u1edbng, c\u00f4ng ngh\u1ec7 n\u00e0y gi\u00fap t\u0103ng c\u01b0\u1eddng kh\u1ea3 n\u0103ng qu\u00e9t h\u00e0ng lo\u1ea1t tr\u00ean b\u0103ng chuy\u1ec1n gi\u1eb7t \u1ee7i, c\u1ea3i thi\u1ec7n hi\u1ec7u qu\u1ea3 ph\u00e2n lo\u1ea1i l\u00ean \u0111\u1ebfn 60%. Th\u1ebb c\u1ee7a ch\u00fang t\u00f4i c\u0169ng h\u1ed7 tr\u1ee3 to\u00e0n d\u1ea3i t\u1ea7n s\u1ed1 865-928 MHz v\u00e0 t\u01b0\u01a1ng th\u00edch v\u1edbi c\u00e1c thi\u1ebft b\u1ecb RFID h\u00e0ng \u0111\u1ea7u tr\u00ean to\u00e0n c\u1ea7u.<\/p>\n<p><strong>C\u00e2u h\u1ecfi 3: Th\u1ebb c\u1ee7a b\u1ea1n gi\u00fap gi\u1ea3m chi ph\u00ed v\u1eadn h\u00e0nh nh\u01b0 th\u1ebf n\u00e0o?<\/strong><br \/>\n<strong>A3:<\/strong>\u00a0Vi\u1ec7c thay th\u1ebf th\u1ebb th\u01b0\u1eddng xuy\u00ean l\u00e0m t\u0103ng chi ph\u00ed v\u1eadn h\u00e0nh. Ch\u00fang t\u00f4i cung c\u1ea5p ch\u1ebf \u0111\u1ed9 b\u1ea3o h\u00e0nh k\u00e9p ti\u00ean phong &quot;3 n\u0103m ho\u1eb7c 300 l\u1ea7n gi\u1eb7t&quot;, gi\u00fap gi\u1ea3m chi ph\u00ed v\u00f2ng \u0111\u1eddi th\u1ebb xu\u1ed1ng 42% so v\u1edbi th\u1ebb ti\u00eau chu\u1ea9n. Thi\u1ebft k\u1ebf chip m\u00f4-\u0111un c\u1ee7a ch\u00fang t\u00f4i h\u1ed7 tr\u1ee3 n\u00e2ng c\u1ea5p li\u1ec1n m\u1ea1ch t\u1eeb phi\u00ean b\u1ea3n U8 l\u00ean U9, gi\u00fap lo\u1ea1i b\u1ecf nhu c\u1ea7u thay th\u1ebf to\u00e0n b\u1ed9 th\u1ebb do thay \u0111\u1ed5i thi\u1ebft b\u1ecb. Th\u1ebb c\u1ee7a ch\u00fang t\u00f4i \u0111\u00e3 \u0111\u01b0\u1ee3c ch\u1ee9ng nh\u1eadn qua 2000 b\u00e0i ki\u1ec3m tra gi\u1eb7t c\u00f4ng nghi\u1ec7p, l\u00fd t\u01b0\u1edfng cho c\u00e1c t\u00ecnh hu\u1ed1ng lu\u00e2n chuy\u1ec3n h\u00e0ng h\u00f3a th\u01b0\u1eddng xuy\u00ean trong c\u00e1c doanh nghi\u1ec7p cho thu\u00ea \u0111\u1ed3 v\u1ea3i lanh.<\/p>\n<p><strong>\u01afu \u0111i\u1ec3m c\u1ee7a nh\u00e0 m\u00e1y:<\/strong>\u00a0L\u00e0 m\u1ed9t trong 5 nh\u00e0 s\u1ea3n xu\u1ea5t Th\u1ebb RFID Gi\u1eb7t \u1ee7i h\u00e0ng \u0111\u1ea7u th\u1ebf gi\u1edbi v\u1edbi 15 n\u0103m kinh nghi\u1ec7m trong l\u0129nh v\u1ef1c c\u00f4ng ngh\u1ec7 RF, ch\u00fang t\u00f4i cung c\u1ea5p c\u00e1c gi\u1ea3i ph\u00e1p to\u00e0n di\u1ec7n t\u1eeb \u0111\u00f3ng g\u00f3i chip \u0111\u1ebfn th\u1eed nghi\u1ec7m t\u00ecnh hu\u1ed1ng. Ch\u00fang t\u00f4i \u0111\u00e3 cung c\u1ea5p h\u01a1n 200 tri\u1ec7u th\u1ebb gi\u1eb7t \u1ee7i chuy\u00ean d\u1ee5ng cho c\u00e1c kh\u00e1ch h\u00e0ng nh\u01b0 Hilton v\u00e0 Mayo Clinic, v\u1edbi s\u1ef1 h\u1ed7 tr\u1ee3 c\u1ee7a \u0111\u1ed9i ng\u0169 chuy\u00ean nghi\u1ec7p trong vi\u1ec7c ph\u00e1t tri\u1ec3n s\u1ea3n ph\u1ea9m theo y\u00eau c\u1ea7u.<\/p>\n<\/div>\n<div class=\"auto-hide-last-sibling-br paragraph_1252f paragraph-element\">\n<p>&nbsp;<\/p>\n<h2>D\u1eef li\u1ec7u bi\u1ebfn \u0111\u1ed5i cho th\u1ebb RFID gi\u1eb7t l\u00e0<\/h2>\n<p>M\u1ed7i<a href=\"https:\/\/rfid-laundry-tag.com\/vi\/uhf-rfid-laundry-tags\/\">\u00a0th\u1ebb RFID gi\u1eb7t \u1ee7i<\/a>\u00a0\u0111\u01b0\u1ee3c trang b\u1ecb d\u1eef li\u1ec7u bi\u1ebfn \u0111\u1ed5i, bao g\u1ed3m:<\/p>\n<ul>\n<li><strong>Th\u00f4ng tin in b\u1eb1ng laser<\/strong>: Bao g\u1ed3m m\u00e3 EPC, m\u00e3 v\u1ea1ch 1D v\u00e0 2D, m\u00e3 QR v\u00e0 logo.<\/li>\n<li><strong>L\u1eadp tr\u00ecnh d\u1eef li\u1ec7u chip RFID<\/strong>: Th\u1ebb c\u00f3 th\u1ec3 \u0111\u01b0\u1ee3c l\u1eadp tr\u00ecnh b\u1eb1ng m\u00e3 h\u00f3a EPC v\u00e0 kh\u00f3a b\u1eb1ng m\u1eadt kh\u1ea9u truy c\u1eadp.<\/li>\n<li><strong>Ki\u1ec3m tra to\u00e0n di\u1ec7n<\/strong>:T\u1ea5t c\u1ea3 d\u1eef li\u1ec7u, bao g\u1ed3m m\u00e3 h\u00f3a EPC v\u00e0 TID, \u0111\u1ec1u \u0111\u01b0\u1ee3c ki\u1ec3m tra 100% \u0111\u1ec3 \u0111\u1ea3m b\u1ea3o kh\u1edbp ch\u00ednh x\u00e1c v\u1edbi t\u1eebng th\u1ebb c\u1ee5 th\u1ec3.<\/li>\n<\/ul>\n<h2>Ph\u01b0\u01a1ng ph\u00e1p c\u00e0i \u0111\u1eb7t<\/h2>\n<ul>\n<li><strong>G\u1eafn th\u1ebb kh\u00e2u<\/strong>: Th\u00edch h\u1ee3p \u0111\u1ec3 kh\u00e2u v\u00e0o vi\u1ec1n v\u1ea3i, \u0111\u1ea3m b\u1ea3o r\u1eb1ng c\u00e1c th\u1ebb \u0111\u01b0\u1ee3c \u0111\u1eb7t c\u00e1ch xa \u0111\u01b0\u1eddng g\u1ea5p \u0111\u1ec3 c\u00f3 \u0111\u1ed9 b\u1ec1n t\u1ed1i \u01b0u.<\/li>\n<li><strong>H\u00e0n nhi\u1ec7t<\/strong>: Th\u1ebb c\u00f3 th\u1ec3 \u0111\u01b0\u1ee3c d\u00e1n nhi\u1ec7t tr\u1ef1c ti\u1ebfp l\u00ean v\u1ea3i \u1edf nhi\u1ec7t \u0111\u1ed9 +200\u00b0C (392\u00b0F) trong v\u00f2ng 12 \u0111\u1ebfn 14 gi\u00e2y.<\/li>\n<li><strong>Trong t\u00fai<\/strong>: T\u01b0\u01a1ng t\u1ef1 nh\u01b0 nh\u00e3n ch\u0103m s\u00f3c ti\u00eau chu\u1ea9n, nh\u1eefng th\u1ebb n\u00e0y c\u00f3 th\u1ec3 \u0111\u01b0\u1ee3c kh\u00e2u v\u00e0o t\u00fai, gi\u00fap gi\u1eef ch\u00fang an to\u00e0n v\u00e0 d\u1ec5 d\u00e0ng l\u1ea5y ra.<\/li>\n<\/ul>\n<h2>\u1ee8ng d\u1ee5ng c\u1ee7a th\u1ebb RFID gi\u1eb7t l\u00e0<\/h2>\n<p>Th\u1ebb RFID gi\u1eb7t l\u00e0 r\u1ea5t linh ho\u1ea1t v\u00e0 c\u00f3 th\u1ec3 \u0111\u01b0\u1ee3c s\u1eed d\u1ee5ng trong nhi\u1ec1u ng\u00e0nh c\u00f4ng nghi\u1ec7p kh\u00e1c nhau \u0111\u1ec3 theo d\u00f5i t\u00e0i s\u1ea3n d\u1ec7t may, bao g\u1ed3m:<\/p>\n<ul>\n<li><strong>Ch\u0103m s\u00f3c s\u1ee9c kh\u1ecfe<\/strong>: Theo d\u00f5i kh\u0103n tr\u1ea3i gi\u01b0\u1eddng, \u0111\u1ed3ng ph\u1ee5c, kh\u1ea9u trang v\u00e0 c\u00e2y lau nh\u00e0.<\/li>\n<li><strong>S\u1ef1 hi\u1ebfu kh\u00e1ch<\/strong>: Qu\u1ea3n l\u00fd kh\u0103n tr\u1ea3i gi\u01b0\u1eddng v\u00e0 \u0111\u1ed3ng ph\u1ee5c cho kh\u00e1ch s\u1ea1n v\u00e0 nh\u00e0 h\u00e0ng.<\/li>\n<li><strong>Trang ph\u1ee5c th\u1eddi trang<\/strong>:N\u00e2ng cao kh\u1ea3 n\u0103ng qu\u1ea3n l\u00fd v\u00e0 theo d\u00f5i h\u00e0ng t\u1ed3n kho \u0111\u1ed1i v\u1edbi qu\u1ea7n \u00e1o v\u00e0 ph\u1ee5 ki\u1ec7n.<\/li>\n<\/ul>\n<p>Khi ng\u00e0nh th\u1eddi trang v\u00e0 may m\u1eb7c ph\u00e1t tri\u1ec3n, nhu c\u1ea7u v\u1ec1 c\u00e1c gi\u1ea3i ph\u00e1p c\u00f4ng ngh\u1ec7 ti\u00ean ti\u1ebfn c\u0169ng t\u0103ng theo. C\u00f4ng ngh\u1ec7 RFID \u0111\u00e3 n\u1ed5i l\u00ean nh\u01b0 m\u1ed9t c\u00f4ng c\u1ee5 thi\u1ebft y\u1ebfu \u0111\u1ec3 c\u1ea3i thi\u1ec7n hi\u1ec7u qu\u1ea3 ho\u1ea1t \u0111\u1ed9ng, n\u00e2ng cao tr\u1ea3i nghi\u1ec7m c\u1ee7a kh\u00e1ch h\u00e0ng v\u00e0 h\u1ed7 tr\u1ee3 c\u00e1c s\u00e1ng ki\u1ebfn b\u1ec1n v\u1eefng. Vi\u1ec7c tri\u1ec3n khai\u00a0<strong>th\u1ebb RFID gi\u1eb7t \u1ee7i<\/strong>\u00a0trong qu\u1ea3n l\u00fd qu\u1ea7n \u00e1o v\u00e0 d\u1ec7t may \u0111\u00e3 thay \u0111\u1ed5i c\u00e1ch c\u00e1c t\u1ed5 ch\u1ee9c gi\u00e1m s\u00e1t ho\u1ea1t \u0111\u1ed9ng gi\u1eb7t l\u00e0 c\u1ee7a h\u1ecd, cho ph\u00e9p theo d\u00f5i th\u1eddi gian th\u1ef1c, c\u1ea3i thi\u1ec7n qu\u1ea3n l\u00fd h\u00e0ng t\u1ed3n kho, t\u0103ng c\u01b0\u1eddng kh\u1ea3 n\u0103ng hi\u1ec3n th\u1ecb chu\u1ed7i cung \u1ee9ng v\u00e0 t\u00ednh b\u1ec1n v\u1eefng cao h\u01a1n.<\/p>\n<p>B\u1eb1ng c\u00e1ch \u00e1p d\u1ee5ng c\u00e1c gi\u1ea3i ph\u00e1p s\u00e1ng t\u1ea1o n\u00e0y, doanh nghi\u1ec7p c\u00f3 th\u1ec3 h\u1ee3p l\u00fd h\u00f3a quy tr\u00ecnh v\u00e0 \u0111\u00e1p \u1ee9ng nhu c\u1ea7u ng\u00e0y c\u00e0ng t\u0103ng c\u1ee7a th\u1ecb tr\u01b0\u1eddng n\u0103ng \u0111\u1ed9ng.<\/p>\n<\/div>","protected":false},"excerpt":{"rendered":"<p>L\u00e0 nh\u00e0 s\u1ea3n xu\u1ea5t th\u1ebb RFID h\u00e0ng \u0111\u1ea7u th\u1ebf gi\u1edbi, ch\u00fang t\u00f4i chuy\u00ean v\u1ec1 <strong>Th\u1ebb RFID gi\u1eb7t l\u00e0<\/strong>, cung c\u1ea5p c\u00e1c gi\u1ea3i ph\u00e1p ph\u00f9 h\u1ee3p d\u1ef1a tr\u00ean 15 n\u0103m kinh nghi\u1ec7m v\u00e0 \u0111\u00e3 ph\u00e2n ph\u1ed1i h\u01a1n 200 tri\u1ec7u th\u1ebb.<\/p>","protected":false},"featured_media":2964,"template":"","meta":{"_kad_post_transparent":"default","_kad_post_title":"","_kad_post_layout":"default","_kad_post_sidebar_id":"","_kad_post_content_style":"default","_kad_post_vertical_padding":"default","_kad_post_feature":"","_kad_post_feature_position":"","_kad_post_header":false,"_kad_post_footer":false,"_kad_post_classname":""},"product_brand":[],"product_cat":[16,19],"product_tag":[24,367,342,339,65,30],"class_list":{"0":"post-2961","1":"product","2":"type-product","3":"status-publish","4":"has-post-thumbnail","6":"product_cat-uhf-rfid-laundry-tags","7":"product_cat-textile-rfid-laundry-tag","8":"product_tag-laundry-rfid-tags","9":"product_tag-laundry-rfid-tags-top-5-manufacturer","10":"product_tag-rfid-laundry-tags","11":"product_tag-rfid-washable-tags","12":"product_tag-textile-rfid-laundry-tags","13":"product_tag-uhf-rfid-laundry-tag","15":"first","16":"instock","17":"featured","18":"shipping-taxable","19":"product-type-simple","20":"entry","21":"content-bg","22":"loop-entry"},"_links":{"self":[{"href":"https:\/\/rfid-laundry-tag.com\/vi\/wp-json\/wp\/v2\/product\/2961","targetHints":{"allow":["GET"]}}],"collection":[{"href":"https:\/\/rfid-laundry-tag.com\/vi\/wp-json\/wp\/v2\/product"}],"about":[{"href":"https:\/\/rfid-laundry-tag.com\/vi\/wp-json\/wp\/v2\/types\/product"}],"version-history":[{"count":1,"href":"https:\/\/rfid-laundry-tag.com\/vi\/wp-json\/wp\/v2\/product\/2961\/revisions"}],"predecessor-version":[{"id":2966,"href":"https:\/\/rfid-laundry-tag.com\/vi\/wp-json\/wp\/v2\/product\/2961\/revisions\/2966"}],"wp:featuredmedia":[{"embeddable":true,"href":"https:\/\/rfid-laundry-tag.com\/vi\/wp-json\/wp\/v2\/media\/2964"}],"wp:attachment":[{"href":"https:\/\/rfid-laundry-tag.com\/vi\/wp-json\/wp\/v2\/media?parent=2961"}],"wp:term":[{"taxonomy":"product_brand","embeddable":true,"href":"https:\/\/rfid-laundry-tag.com\/vi\/wp-json\/wp\/v2\/product_brand?post=2961"},{"taxonomy":"product_cat","embeddable":true,"href":"https:\/\/rfid-laundry-tag.com\/vi\/wp-json\/wp\/v2\/product_cat?post=2961"},{"taxonomy":"product_tag","embeddable":true,"href":"https:\/\/rfid-laundry-tag.com\/vi\/wp-json\/wp\/v2\/product_tag?post=2961"}],"curies":[{"name":"wp","href":"https:\/\/api.w.org\/{rel}","templated":true}]}}