{"id":296,"date":"2024-06-26T15:26:44","date_gmt":"2024-06-26T15:26:44","guid":{"rendered":"https:\/\/rfid-laundry-tag.com\/?post_type=product&#038;p=296"},"modified":"2024-08-14T16:29:49","modified_gmt":"2024-08-14T16:29:49","slug":"on-metal-abs-uhf-rfid-tag","status":"publish","type":"product","link":"https:\/\/rfid-laundry-tag.com\/vi\/on-metal-abs-uhf-rfid-tag\/","title":{"rendered":"Tr\u00ean th\u1ebb RFID UHF ABS kim lo\u1ea1i"},"content":{"rendered":"<p><b class=\"magic-15\"><span class=\"magic-16\" data-spm-anchor-id=\"a2700.details.0.i71.6b4c1284vyugjJ\">C\u00e1c t\u00f9y ch\u1ec9nh c\u00f3 s\u1eb5n nh\u01b0 sau:<\/span><\/b> * In \u1ea5n: in \u0111\u01a1n s\u1eafc ho\u1eb7c in offset 4 m\u00e0u, b\u1eaft \u0111\u1ea7u t\u1eeb b\u1ed1 c\u1ee5c \u0111\u1ed3 h\u1ecda do kh\u00e1ch h\u00e0ng trang b\u1ecb \u1edf \u0111\u1ecbnh d\u1ea1ng vector. In m\u00e3 EPC, m\u00e3 tu\u1ea7n t\u1ef1 l\u0169y ti\u1ebfn t\u1eeb c\u01a1 s\u1edf d\u1eef li\u1ec7u ho\u1eb7c kh\u00f4ng, ho\u1eb7c t\u1ec7p .xls; in m\u00e3 v\u1ea1ch, QRCode. C\u00f3 nhi\u1ec1u t\u00f9y ch\u1ecdn t\u00f9y ch\u1ec9nh kh\u00e1c theo y\u00eau c\u1ea7u. * M\u00e3 h\u00f3a b\u1ed9 nh\u1edb chip: M\u00e3 h\u00f3a m\u00e3 EPC c\u1ee7a b\u1ed9 \u0111\u00e1p RFID UHF, ghi b\u1ed9 nh\u1edb th\u1ebb UHF, c\u0169ng t\u1eeb c\u01a1 s\u1edf d\u1eef li\u1ec7u do kh\u00e1ch h\u00e0ng cung c\u1ea5p. N\u1ed9i dung c\u00f3 th\u1ec3 \u0111\u01b0\u1ee3c kh\u00f3a t\u1ea1m th\u1eddi ho\u1eb7c v\u0129nh vi\u1ec5n b\u1eb1ng m\u1eadt kh\u1ea9u. Li\u00ean k\u1ebft m\u00e3 EPC v\u00e0 m\u00e3 TID trong c\u01a1 s\u1edf d\u1eef li\u1ec7u. Li\u00ean k\u1ebft m\u00e3 TID v\u00e0 m\u00e3 tu\u1ea7n t\u1ef1\/m\u00e3 v\u1ea1ch.<\/p>\n<p><img fetchpriority=\"high\" decoding=\"async\" class=\"alignnone wp-image-297\" src=\"https:\/\/rfid-laundry-tag.com\/wp-content\/uploads\/2024\/06\/on-metal-UHF-tag-235x300.png\" alt=\"\" width=\"486\" height=\"621\" srcset=\"https:\/\/rfid-laundry-tag.com\/wp-content\/uploads\/2024\/06\/on-metal-UHF-tag-235x300.png 235w, https:\/\/rfid-laundry-tag.com\/wp-content\/uploads\/2024\/06\/on-metal-UHF-tag-9x12.png 9w\" sizes=\"(max-width: 486px) 100vw, 486px\" \/><\/p>\n<table class=\"has-title all magic-4\">\n<tbody>\n<tr>\n<td colspan=\"1\" rowspan=\"1\">\n<div class=\"magic-5\" data-spm-anchor-id=\"a2700.details.0.i72.6b4c1284vyugjJ\">V\u1eadt li\u1ec7u<\/div>\n<\/td>\n<td colspan=\"1\" rowspan=\"1\">\n<div class=\"magic-6\">ABS<\/div>\n<\/td>\n<\/tr>\n<tr>\n<td colspan=\"1\" rowspan=\"1\">\n<div class=\"magic-5\">K\u00edch c\u1ee1<\/div>\n<\/td>\n<td colspan=\"1\" rowspan=\"1\">\n<div class=\"magic-6\">78x31x10mm ho\u1eb7c t\u00f9y ch\u1ec9nh<\/div>\n<\/td>\n<\/tr>\n<tr>\n<td colspan=\"1\" rowspan=\"1\">\n<div class=\"magic-5\">T\u00ednh th\u01b0\u1eddng xuy\u00ean<\/div>\n<\/td>\n<td colspan=\"1\" rowspan=\"1\">\n<div class=\"magic-6\">860-960mhz<\/div>\n<\/td>\n<\/tr>\n<tr>\n<td colspan=\"1\" rowspan=\"1\">\n<div class=\"magic-5\">Lo\u1ea1i IC (chip)<\/div>\n<\/td>\n<td colspan=\"1\" rowspan=\"1\">\n<div class=\"magic-6\">Impinj Monza R6P<\/div>\n<\/td>\n<\/tr>\n<tr>\n<td colspan=\"1\" rowspan=\"1\">\n<div class=\"magic-5\">Giao th\u1ee9c<\/div>\n<\/td>\n<td colspan=\"1\" rowspan=\"1\">\n<div class=\"magic-6\">EPC To\u00e0n c\u1ea7u L\u1edbp 1 Gen2 &amp; ISO18000-6C<\/div>\n<\/td>\n<\/tr>\n<tr>\n<td colspan=\"1\" rowspan=\"1\">\n<div class=\"magic-7\">K\u00fd \u1ee9c<\/div>\n<\/td>\n<td colspan=\"1\" rowspan=\"1\">\n<div class=\"magic-6\">EPC 128 bit, Ng\u01b0\u1eddi d\u00f9ng 32 bit<\/div>\n<\/td>\n<\/tr>\n<tr>\n<td colspan=\"1\" rowspan=\"1\">\n<div class=\"magic-5\">Y\u1ebfu t\u1ed1 h\u00ecnh th\u1ee9c th\u1ebb<\/div>\n<\/td>\n<td colspan=\"1\" rowspan=\"1\">\n<div class=\"magic-6\">Th\u1ebb c\u1ee9ng<\/div>\n<\/td>\n<\/tr>\n<tr>\n<td colspan=\"1\" rowspan=\"1\">\n<div class=\"magic-5\">Ph\u01b0\u01a1ng ph\u00e1p \u0111\u00ednh k\u00e8m<\/div>\n<\/td>\n<td colspan=\"1\" rowspan=\"1\">\n<div class=\"magic-6\" data-spm-anchor-id=\"a2700.details.0.i73.6b4c1284vyugjJ\">C\u1ed1 \u0111\u1ecbnh b\u1eb1ng v\u00edt, keo d\u00e1n phim<\/div>\n<\/td>\n<\/tr>\n<tr>\n<td colspan=\"1\" rowspan=\"1\">\n<div class=\"magic-5\">Nhi\u1ec7t \u0111\u1ed9 ho\u1ea1t \u0111\u1ed9ng<\/div>\n<\/td>\n<td colspan=\"1\" rowspan=\"1\">\n<div class=\"magic-6\">-35 \u00b0C \/ +90 \u00b0C<\/div>\n<\/td>\n<\/tr>\n<tr>\n<td colspan=\"1\" rowspan=\"1\">\n<div class=\"magic-5\">Kho\u1ea3ng c\u00e1ch \u0111\u1ecdc<\/div>\n<\/td>\n<td colspan=\"1\" rowspan=\"1\">\n<div class=\"magic-6\" data-spm-anchor-id=\"a2700.details.0.i67.6b4c1284vyugjJ\">L\u00ean \u0111\u1ebfn 10m<\/div>\n<\/td>\n<\/tr>\n<tr>\n<td colspan=\"1\" rowspan=\"1\">\n<div class=\"magic-8\">V\u1eadt li\u1ec7u b\u1ec1 m\u1eb7t \u00e1p d\u1ee5ng<\/div>\n<\/td>\n<td colspan=\"1\" rowspan=\"1\">\n<div class=\"magic-6\">Ch\u1ea5t n\u1ec1n kim lo\u1ea1i v\u00e0 phi kim lo\u1ea1i<\/div>\n<\/td>\n<\/tr>\n<tr>\n<td colspan=\"1\" rowspan=\"1\">\n<div class=\"magic-7\">X\u1ebfp h\u1ea1ng IP<\/div>\n<\/td>\n<td colspan=\"1\" rowspan=\"1\">\n<div class=\"magic-6\">IP68<\/div>\n<\/td>\n<\/tr>\n<tr>\n<td colspan=\"1\" rowspan=\"1\">\n<div class=\"magic-7\">\u1ee8ng d\u1ee5ng<\/div>\n<\/td>\n<td colspan=\"1\" rowspan=\"1\">\n<div class=\"magic-6\">D\u00f9ng cho t\u00e0i s\u1ea3n, c\u00f4ng nghi\u1ec7p n\u1eb7ng v\u00e0 s\u1eed d\u1ee5ng ngo\u00e0i tr\u1eddi<\/div>\n<\/td>\n<\/tr>\n<\/tbody>\n<\/table>\n<p>&nbsp;<\/p>\n<ul>\n<li><strong>M\u00e3 h\u00f3a b\u1ed9 nh\u1edb chip:<\/strong>\n<ul>\n<li><strong>M\u00e3 h\u00f3a m\u00e3 EPC:<\/strong>\u00a0H\u1ed7 tr\u1ee3 m\u00e3 h\u00f3a m\u00e3 EPC cho b\u1ed9 \u0111\u00e1p UHF.<\/li>\n<li><strong>Ghi b\u1ed9 nh\u1edb th\u1ebb UHF:<\/strong>\u00a0Cho ph\u00e9p ghi d\u1eef li\u1ec7u v\u00e0o b\u1ed9 nh\u1edb th\u1ebb UHF, bao g\u1ed3m d\u1eef li\u1ec7u t\u1eeb c\u01a1 s\u1edf d\u1eef li\u1ec7u do kh\u00e1ch h\u00e0ng cung c\u1ea5p.<\/li>\n<li><strong>D\u1eef li\u1ec7u \u0111\u01b0\u1ee3c b\u1ea3o v\u1ec7 b\u1eb1ng m\u1eadt kh\u1ea9u:<\/strong>\u00a0D\u1eef li\u1ec7u c\u00f3 th\u1ec3 b\u1ecb kh\u00f3a t\u1ea1m th\u1eddi ho\u1eb7c v\u0129nh vi\u1ec5n th\u00f4ng qua m\u1eadt kh\u1ea9u.<\/li>\n<li><strong>Li\u00ean k\u1ebft c\u01a1 s\u1edf d\u1eef li\u1ec7u:<\/strong>\u00a0H\u1ed7 tr\u1ee3 li\u00ean k\u1ebft m\u00e3 EPC v\u00e0 m\u00e3 TID trong c\u01a1 s\u1edf d\u1eef li\u1ec7u, c\u0169ng nh\u01b0 li\u00ean k\u1ebft m\u00e3 TID v\u00e0 m\u00e3 v\u1ea1ch\/m\u00e3 ti\u1ebfn b\u1ed9.<\/li>\n<\/ul>\n<\/li>\n<\/ul>\n<p><strong>C\u00f4ng th\u1ee9c:<\/strong><\/p>\n<ul>\n<li><strong>M\u00e3 EPC:<\/strong>\u00a0<span class=\"math math-inline\"><span class=\"katex\"><span class=\"katex-mathml\">\ud835\udc38\ud835\udc43\ud835\udc36={\ud835\udc48\ud835\udc3c\ud835\udc37,\ud835\udc34\ud835\udc5d\ud835\udc5d\ud835\udc59\ud835\udc56\ud835\udc50\ud835\udc4e\ud835\udc61\ud835\udc56\ud835\udc5c\ud835\udc5b\ud835\udc37\ud835\udc4e\ud835\udc61\ud835\udc4e}<\/span><span class=\"katex-html\" aria-hidden=\"true\"><span class=\"base\"><span class=\"mord mathnormal\">EPC<\/span><span class=\"mrel\">=<\/span><\/span><span class=\"base\"><span class=\"mopen\">{<\/span><span class=\"mord mathnormal\">B\u1ea1n<\/span><span class=\"mord mathnormal\">T\u00d4I<\/span><span class=\"mord mathnormal\">D<\/span><span class=\"mpunct\">,<\/span><span class=\"mord mathnormal\">M\u1ed8T<\/span><span class=\"mord mathnormal\">m\u1ecdi ng\u01b0\u1eddi<\/span><span class=\"mord mathnormal\">T\u00f4i<\/span><span class=\"mord mathnormal\">c<\/span><span class=\"mord mathnormal\">M\u1ed9t<\/span><span class=\"mord mathnormal\">t<\/span><span class=\"mord mathnormal\">T\u00f4i<\/span><span class=\"mord mathnormal\">\u00f4i<\/span><span class=\"mord mathnormal\">N<\/span><span class=\"mord mathnormal\">D<\/span><span class=\"mord mathnormal\">M\u1ed9t<\/span><span class=\"mord mathnormal\">t<\/span><span class=\"mord mathnormal\">M\u1ed9t<\/span><span class=\"mclose\">}<\/span><\/span><\/span><\/span><\/span><\/li>\n<li><strong>M\u00e3 TID:<\/strong>\u00a0<span class=\"math math-inline\"><span class=\"katex\"><span class=\"katex-mathml\">\ud835\udc47\ud835\udc3c\ud835\udc37={\ud835\udc47\ud835\udc4e\ud835\udc54\ud835\udc3c\ud835\udc37,\ud835\udc40\ud835\udc4e\ud835\udc5b\ud835\udc62\ud835\udc53\ud835\udc4e\ud835\udc50\ud835\udc61\ud835\udc62\ud835\udc5f\ud835\udc52\ud835\udc5f\ud835\udc37\ud835\udc4e\ud835\udc61\ud835\udc4e}<\/span><span class=\"katex-html\" aria-hidden=\"true\"><span class=\"base\"><span class=\"mord mathnormal\">T<\/span><span class=\"mord mathnormal\">T\u00d4I<\/span><span class=\"mord mathnormal\">D<\/span><span class=\"mrel\">=<\/span><\/span><span class=\"base\"><span class=\"mopen\">{<\/span><span class=\"mord mathnormal\">T<\/span><span class=\"mord mathnormal\">M\u1ed9t<\/span><span class=\"mord mathnormal\">g<\/span><span class=\"mord mathnormal\">T\u00d4I<\/span><span class=\"mord mathnormal\">D<\/span><span class=\"mpunct\">,<\/span><span class=\"mord mathnormal\">T\u00f4i<\/span><span class=\"mord mathnormal\">M\u1ed8T<\/span><span class=\"mord mathnormal\">b\u1ea1n<\/span><span class=\"mord mathnormal\">f<\/span><span class=\"mord mathnormal\">M\u1ed9t<\/span><span class=\"mord mathnormal\">c<\/span><span class=\"mord mathnormal\">t<\/span><span class=\"mord mathnormal\">b\u1ea1n<\/span><span class=\"mord mathnormal\">RER D<\/span><span class=\"mord mathnormal\">M\u1ed9t<\/span><span class=\"mord mathnormal\">t<\/span><span class=\"mord mathnormal\">M\u1ed9t<\/span><span class=\"mclose\">}<\/span><\/span><\/span><\/span><\/span><\/li>\n<\/ul>\n<p><strong>\u1ede \u0111\u00e2u:<\/strong><\/p>\n<ul>\n<li><strong>M\u00e3 s\u1ed1 nh\u1eadn d\u1ea1ng:<\/strong>\u00a0M\u00e3 \u0111\u1ecbnh danh duy nh\u1ea5t<\/li>\n<li><strong>D\u1eef li\u1ec7u \u1ee9ng d\u1ee5ng:<\/strong>\u00a0D\u1eef li\u1ec7u c\u1ee5 th\u1ec3 cho \u1ee9ng d\u1ee5ng<\/li>\n<li><strong>Th\u1ebbID:<\/strong>\u00a0ID th\u1ebb duy nh\u1ea5t<\/li>\n<li><strong>Nh\u00e0 s\u1ea3n xu\u1ea5tD\u1eef li\u1ec7u:<\/strong>\u00a0D\u1eef li\u1ec7u \u0111\u01b0\u1ee3c cung c\u1ea5p b\u1edfi nh\u00e0 s\u1ea3n xu\u1ea5t<\/li>\n<\/ul>\n<p><strong>Ph\u1ea7n k\u1ebft lu\u1eadn:<\/strong><\/p>\n<p>Th\u1ebb RFID ABS l\u00e0 gi\u1ea3i ph\u00e1p \u0111a n\u0103ng v\u00e0 c\u00f3 th\u1ec3 t\u00f9y ch\u1ec9nh cho nhi\u1ec1u \u1ee9ng d\u1ee5ng kh\u00e1c nhau, mang \u0111\u1ebfn s\u1ef1 k\u1ebft h\u1ee3p gi\u1eefa hi\u1ec7u su\u1ea5t m\u1ea1nh m\u1ebd v\u00e0 c\u00e1c t\u00f9y ch\u1ecdn linh ho\u1ea1t \u0111\u1ec3 \u0111\u00e1p \u1ee9ng c\u00e1c nhu c\u1ea7u c\u1ee5 th\u1ec3.<\/p>","protected":false},"excerpt":{"rendered":"<p>Th\u1ebb RFID UHF ABS On Metal l\u00e0 th\u1ebb RFID UHF th\u1ee5 \u0111\u1ed9ng t\u1ea7m xa m\u1ea1nh m\u1ebd \u0111\u01b0\u1ee3c thi\u1ebft k\u1ebf \u0111\u1ec3 ho\u1ea1t \u0111\u1ed9ng t\u1ed1t trong c\u00e1c m\u00f4i tr\u01b0\u1eddng kh\u1eafc nghi\u1ec7t.<\/p>","protected":false},"featured_media":298,"template":"","meta":{"_kad_post_transparent":"default","_kad_post_title":"","_kad_post_layout":"default","_kad_post_sidebar_id":"","_kad_post_content_style":"default","_kad_post_vertical_padding":"default","_kad_post_feature":"","_kad_post_feature_position":"","_kad_post_header":false,"_kad_post_footer":false,"_kad_post_classname":""},"product_brand":[],"product_cat":[54],"product_tag":[120,119],"class_list":{"0":"post-296","1":"product","2":"type-product","3":"status-publish","4":"has-post-thumbnail","6":"product_cat-hot-selling-rfid-tags","7":"product_tag-on-metal-abs-rfid-tag","8":"product_tag-on-metal-abs-uhf-rfid-tag","10":"first","11":"instock","12":"shipping-taxable","13":"product-type-simple","14":"entry","15":"content-bg","16":"loop-entry"},"_links":{"self":[{"href":"https:\/\/rfid-laundry-tag.com\/vi\/wp-json\/wp\/v2\/product\/296","targetHints":{"allow":["GET"]}}],"collection":[{"href":"https:\/\/rfid-laundry-tag.com\/vi\/wp-json\/wp\/v2\/product"}],"about":[{"href":"https:\/\/rfid-laundry-tag.com\/vi\/wp-json\/wp\/v2\/types\/product"}],"version-history":[{"count":1,"href":"https:\/\/rfid-laundry-tag.com\/vi\/wp-json\/wp\/v2\/product\/296\/revisions"}],"predecessor-version":[{"id":1322,"href":"https:\/\/rfid-laundry-tag.com\/vi\/wp-json\/wp\/v2\/product\/296\/revisions\/1322"}],"wp:featuredmedia":[{"embeddable":true,"href":"https:\/\/rfid-laundry-tag.com\/vi\/wp-json\/wp\/v2\/media\/298"}],"wp:attachment":[{"href":"https:\/\/rfid-laundry-tag.com\/vi\/wp-json\/wp\/v2\/media?parent=296"}],"wp:term":[{"taxonomy":"product_brand","embeddable":true,"href":"https:\/\/rfid-laundry-tag.com\/vi\/wp-json\/wp\/v2\/product_brand?post=296"},{"taxonomy":"product_cat","embeddable":true,"href":"https:\/\/rfid-laundry-tag.com\/vi\/wp-json\/wp\/v2\/product_cat?post=296"},{"taxonomy":"product_tag","embeddable":true,"href":"https:\/\/rfid-laundry-tag.com\/vi\/wp-json\/wp\/v2\/product_tag?post=296"}],"curies":[{"name":"wp","href":"https:\/\/api.w.org\/{rel}","templated":true}]}}